{"id":357193,"date":"2025-12-03T15:17:41","date_gmt":"2025-12-03T14:22:54","guid":{"rendered":"https:\/\/nortvi.com\/?post_type=product&#038;p=357193"},"modified":"2026-03-16T14:30:30","modified_gmt":"2026-03-16T13:30:30","slug":"elite-midnight-black","status":"publish","type":"product","link":"https:\/\/nortvi.com\/nl\/product\/elite-midnight-black\/","title":{"rendered":"Elite Midnight Black"},"content":{"rendered":"\n<p>Ervaar de Elite koffer. De high-end versie van het iconische Front Pocket model. Deze handbagage koffer staat symbool voor modern reiscomfort. Gemaakt van ons premium polycarbonaat met onze kenmerkende krasbestendige NORTVI-textuur, is hij zowel lichtgewicht als onverwoestbaar. De hoogwaardige kogelgelagerde NORTVI Silent Wheels zorgen voor een soepelere rit en verminderen het geluid met meer dan 20%, terwijl de handgrepen van vegan leer aan zowel de boven- als zijkant zorgen voor de perfecte draagervaring. Voor extra gemoedsrust is de Elite voorzien van een ge\u00fcpgrade ingebouwd TSA-slot dat zorgt voor een makkelijke vergrendeling en snelle screening op de luchthaven. Binnenin bevindt zich een strakke zwarte voering en een ge\u00efntegreerd compressiepaneel voor optimale inpakeffici\u00ebntie, zodat je essenti\u00eble spullen altijd perfect georganiseerd blijven.<\/p>\n","protected":false},"excerpt":{"rendered":"<p>Ervaar de Elite koffer. De high-end versie van het iconische Front Pocket model. Deze handbagage koffer staat symbool voor modern reiscomfort. Gemaakt van ons premium polycarbonaat met onze kenmerkende krasbestendige NORTVI-textuur, is hij zowel lichtgewicht als onverwoestbaar. De hoogwaardige kogelgelagerde NORTVI Silent Wheels zorgen voor een soepelere rit en verminderen het geluid met meer dan 20%, terwijl de handgrepen van vegan leer aan zowel de boven- als zijkant zorgen voor de perfecte draagervaring. Voor extra gemoedsrust is de Elite voorzien van een ge\u00fcpgrade ingebouwd TSA-slot dat zorgt voor een makkelijke vergrendeling en snelle screening op de luchthaven. Binnenin bevindt zich een strakke zwarte voering en een ge\u00efntegreerd compressiepaneel voor optimale inpakeffici\u00ebntie, zodat je essenti\u00eble spullen altijd perfect georganiseerd blijven.<\/p>\n","protected":false},"featured_media":357317,"template":"","meta":{"_acf_changed":false,"footnotes":""},"product_brand":[],"product_cat":[413],"product_tag":[],"class_list":{"0":"post-357193","1":"product","2":"type-product","3":"status-publish","4":"has-post-thumbnail","6":"product_cat-elite-nl","8":"first","9":"instock","10":"taxable","11":"shipping-taxable","12":"purchasable","13":"product-type-simple"},"composite_virtual":false,"composite_layout":"","composite_add_to_cart_form_location":"","composite_editable_in_cart":false,"composite_sold_individually_context":"","composite_shop_price_calc":"","composite_components":[],"composite_scenarios":[],"acf":[],"yoast_head":"<!-- This site is optimized with the Yoast SEO Premium plugin v27.1 (Yoast SEO v27.3) - https:\/\/yoast.com\/product\/yoast-seo-premium-wordpress\/ -->\n<title>Elite Handbagage Koffer | met Voorvak | Zwart | Duurzaam &amp; Hoogwaardig<\/title>\n<meta name=\"description\" content=\"De Elite combineert premium krasbestendig polycarbonaat met uitzonderlijke duurzaamheid en laag gewicht. Een hoogwaardige handbagage koffer voor reizigers die betrouwbaar design belangrijk vinden.\" \/>\n<meta name=\"robots\" content=\"index, follow, max-snippet:-1, max-image-preview:large, max-video-preview:-1\" \/>\n<link rel=\"canonical\" href=\"https:\/\/nortvi.com\/nl\/product\/elite-midnight-black\/\" \/>\n<meta property=\"og:locale\" content=\"nl_NL\" \/>\n<meta property=\"og:type\" content=\"article\" \/>\n<meta property=\"og:title\" content=\"Elite Midnight Black\" \/>\n<meta property=\"og:description\" content=\"De Elite combineert premium krasbestendig polycarbonaat met uitzonderlijke duurzaamheid en laag gewicht. Een hoogwaardige handbagage koffer voor reizigers die betrouwbaar design belangrijk vinden.\" \/>\n<meta property=\"og:url\" content=\"https:\/\/nortvi.com\/nl\/product\/elite-midnight-black\/\" \/>\n<meta property=\"og:site_name\" content=\"NORTVI\" \/>\n<meta property=\"article:modified_time\" content=\"2026-03-16T13:30:30+00:00\" \/>\n<meta property=\"og:image\" content=\"https:\/\/nortvi.com\/wp-content\/uploads\/2025\/12\/front_pocket_leather_midnight_black_45-copy-scaled.jpg\" \/>\n\t<meta property=\"og:image:width\" content=\"3840\" \/>\n\t<meta property=\"og:image:height\" content=\"3840\" \/>\n\t<meta property=\"og:image:type\" content=\"image\/jpeg\" \/>\n<meta name=\"twitter:card\" content=\"summary_large_image\" \/>\n<meta name=\"twitter:label1\" content=\"Prijs\" \/>\n\t<meta name=\"twitter:data1\" content=\"&euro;289.00\" \/>\n\t<meta name=\"twitter:label2\" content=\"Beschikbaarheid\" \/>\n\t<meta name=\"twitter:data2\" content=\"Op voorraad\" \/>\n<script type=\"application\/ld+json\" class=\"yoast-schema-graph\">{\"@context\":\"https:\\\/\\\/schema.org\",\"@graph\":[{\"@type\":\"WebPage\",\"@id\":\"https:\\\/\\\/nortvi.com\\\/nl\\\/product\\\/elite-midnight-black\\\/\",\"url\":\"https:\\\/\\\/nortvi.com\\\/nl\\\/product\\\/elite-midnight-black\\\/\",\"name\":\"Elite Handbagage Koffer | met Voorvak | Zwart | Duurzaam & Hoogwaardig\",\"isPartOf\":{\"@id\":\"https:\\\/\\\/nortvi.com\\\/nl\\\/#website\"},\"primaryImageOfPage\":{\"@id\":\"https:\\\/\\\/nortvi.com\\\/nl\\\/product\\\/elite-midnight-black\\\/#primaryimage\"},\"image\":{\"@id\":\"https:\\\/\\\/nortvi.com\\\/nl\\\/product\\\/elite-midnight-black\\\/#primaryimage\"},\"thumbnailUrl\":\"https:\\\/\\\/nortvi.com\\\/wp-content\\\/uploads\\\/2025\\\/12\\\/front_pocket_leather_midnight_black_45-copy-scaled.jpg\",\"datePublished\":\"2025-12-03T14:22:54+00:00\",\"dateModified\":\"2026-03-16T13:30:30+00:00\",\"description\":\"De Elite combineert premium krasbestendig polycarbonaat met uitzonderlijke duurzaamheid en laag gewicht. Een hoogwaardige handbagage koffer voor reizigers die betrouwbaar design belangrijk vinden.\",\"breadcrumb\":{\"@id\":\"https:\\\/\\\/nortvi.com\\\/nl\\\/product\\\/elite-midnight-black\\\/#breadcrumb\"},\"inLanguage\":\"nl-NL\",\"potentialAction\":[{\"@type\":\"ReadAction\",\"target\":[\"https:\\\/\\\/nortvi.com\\\/nl\\\/product\\\/elite-midnight-black\\\/\"]}]},{\"@type\":\"ImageObject\",\"inLanguage\":\"nl-NL\",\"@id\":\"https:\\\/\\\/nortvi.com\\\/nl\\\/product\\\/elite-midnight-black\\\/#primaryimage\",\"url\":\"https:\\\/\\\/nortvi.com\\\/wp-content\\\/uploads\\\/2025\\\/12\\\/front_pocket_leather_midnight_black_45-copy-scaled.jpg\",\"contentUrl\":\"https:\\\/\\\/nortvi.com\\\/wp-content\\\/uploads\\\/2025\\\/12\\\/front_pocket_leather_midnight_black_45-copy-scaled.jpg\",\"width\":3840,\"height\":3840},{\"@type\":\"BreadcrumbList\",\"@id\":\"https:\\\/\\\/nortvi.com\\\/nl\\\/product\\\/elite-midnight-black\\\/#breadcrumb\",\"itemListElement\":[{\"@type\":\"ListItem\",\"position\":1,\"name\":\"Home\",\"item\":\"https:\\\/\\\/nortvi.com\\\/nl\\\/\"},{\"@type\":\"ListItem\",\"position\":2,\"name\":\"Shop\",\"item\":\"https:\\\/\\\/nortvi.com\\\/nl\\\/winkel\\\/\"},{\"@type\":\"ListItem\",\"position\":3,\"name\":\"Handbagage Koffers\",\"item\":\"https:\\\/\\\/nortvi.com\\\/nl\\\/cabin-luggage-nl\\\/\"},{\"@type\":\"ListItem\",\"position\":4,\"name\":\"Elite\",\"item\":\"https:\\\/\\\/nortvi.com\\\/nl\\\/cabin-luggage-nl\\\/elite-nl\\\/\"},{\"@type\":\"ListItem\",\"position\":5,\"name\":\"Elite Midnight Black\"}]},{\"@type\":\"WebSite\",\"@id\":\"https:\\\/\\\/nortvi.com\\\/nl\\\/#website\",\"url\":\"https:\\\/\\\/nortvi.com\\\/nl\\\/\",\"name\":\"NORTVI\",\"description\":\"Sustainable travel gear\",\"publisher\":{\"@id\":\"https:\\\/\\\/nortvi.com\\\/nl\\\/#organization\"},\"potentialAction\":[{\"@type\":\"SearchAction\",\"target\":{\"@type\":\"EntryPoint\",\"urlTemplate\":\"https:\\\/\\\/nortvi.com\\\/nl\\\/?s={search_term_string}\"},\"query-input\":{\"@type\":\"PropertyValueSpecification\",\"valueRequired\":true,\"valueName\":\"search_term_string\"}}],\"inLanguage\":\"nl-NL\"},{\"@type\":\"Organization\",\"@id\":\"https:\\\/\\\/nortvi.com\\\/nl\\\/#organization\",\"name\":\"NORTVI\",\"url\":\"https:\\\/\\\/nortvi.com\\\/nl\\\/\",\"logo\":{\"@type\":\"ImageObject\",\"inLanguage\":\"nl-NL\",\"@id\":\"https:\\\/\\\/nortvi.com\\\/nl\\\/#\\\/schema\\\/logo\\\/image\\\/\",\"url\":\"https:\\\/\\\/nortvi.com\\\/wp-content\\\/uploads\\\/2023\\\/09\\\/cropped-logo-footer.png\",\"contentUrl\":\"https:\\\/\\\/nortvi.com\\\/wp-content\\\/uploads\\\/2023\\\/09\\\/cropped-logo-footer.png\",\"width\":300,\"height\":46,\"caption\":\"NORTVI\"},\"image\":{\"@id\":\"https:\\\/\\\/nortvi.com\\\/nl\\\/#\\\/schema\\\/logo\\\/image\\\/\"},\"sameAs\":[\"https:\\\/\\\/www.instagram.com\\\/nortvi\\\/\"]}]}<\/script>\n<meta property=\"product:price:amount\" content=\"289.00\" \/>\n<meta property=\"product:price:currency\" content=\"EUR\" \/>\n<meta property=\"og:availability\" content=\"instock\" \/>\n<meta property=\"product:availability\" content=\"instock\" \/>\n<meta property=\"product:retailer_item_id\" content=\"8720618379962\" \/>\n<meta property=\"product:condition\" content=\"new\" \/>\n<!-- \/ Yoast SEO Premium plugin. -->","yoast_head_json":{"title":"Elite Handbagage Koffer | met Voorvak | Zwart | Duurzaam & Hoogwaardig","description":"De Elite combineert premium krasbestendig polycarbonaat met uitzonderlijke duurzaamheid en laag gewicht. Een hoogwaardige handbagage koffer voor reizigers die betrouwbaar design belangrijk vinden.","robots":{"index":"index","follow":"follow","max-snippet":"max-snippet:-1","max-image-preview":"max-image-preview:large","max-video-preview":"max-video-preview:-1"},"canonical":"https:\/\/nortvi.com\/nl\/product\/elite-midnight-black\/","og_locale":"nl_NL","og_type":"article","og_title":"Elite Midnight Black","og_description":"De Elite combineert premium krasbestendig polycarbonaat met uitzonderlijke duurzaamheid en laag gewicht. Een hoogwaardige handbagage koffer voor reizigers die betrouwbaar design belangrijk vinden.","og_url":"https:\/\/nortvi.com\/nl\/product\/elite-midnight-black\/","og_site_name":"NORTVI","article_modified_time":"2026-03-16T13:30:30+00:00","og_image":[{"width":3840,"height":3840,"url":"https:\/\/nortvi.com\/wp-content\/uploads\/2025\/12\/front_pocket_leather_midnight_black_45-copy-scaled.jpg","type":"image\/jpeg"}],"twitter_card":"summary_large_image","twitter_misc":{"Prijs":"&euro;289.00","Beschikbaarheid":"Op voorraad"},"schema":{"@context":"https:\/\/schema.org","@graph":[{"@type":"WebPage","@id":"https:\/\/nortvi.com\/nl\/product\/elite-midnight-black\/","url":"https:\/\/nortvi.com\/nl\/product\/elite-midnight-black\/","name":"Elite Handbagage Koffer | met Voorvak | Zwart | Duurzaam & Hoogwaardig","isPartOf":{"@id":"https:\/\/nortvi.com\/nl\/#website"},"primaryImageOfPage":{"@id":"https:\/\/nortvi.com\/nl\/product\/elite-midnight-black\/#primaryimage"},"image":{"@id":"https:\/\/nortvi.com\/nl\/product\/elite-midnight-black\/#primaryimage"},"thumbnailUrl":"https:\/\/nortvi.com\/wp-content\/uploads\/2025\/12\/front_pocket_leather_midnight_black_45-copy-scaled.jpg","datePublished":"2025-12-03T14:22:54+00:00","dateModified":"2026-03-16T13:30:30+00:00","description":"De Elite combineert premium krasbestendig polycarbonaat met uitzonderlijke duurzaamheid en laag gewicht. Een hoogwaardige handbagage koffer voor reizigers die betrouwbaar design belangrijk vinden.","breadcrumb":{"@id":"https:\/\/nortvi.com\/nl\/product\/elite-midnight-black\/#breadcrumb"},"inLanguage":"nl-NL","potentialAction":[{"@type":"ReadAction","target":["https:\/\/nortvi.com\/nl\/product\/elite-midnight-black\/"]}]},{"@type":"ImageObject","inLanguage":"nl-NL","@id":"https:\/\/nortvi.com\/nl\/product\/elite-midnight-black\/#primaryimage","url":"https:\/\/nortvi.com\/wp-content\/uploads\/2025\/12\/front_pocket_leather_midnight_black_45-copy-scaled.jpg","contentUrl":"https:\/\/nortvi.com\/wp-content\/uploads\/2025\/12\/front_pocket_leather_midnight_black_45-copy-scaled.jpg","width":3840,"height":3840},{"@type":"BreadcrumbList","@id":"https:\/\/nortvi.com\/nl\/product\/elite-midnight-black\/#breadcrumb","itemListElement":[{"@type":"ListItem","position":1,"name":"Home","item":"https:\/\/nortvi.com\/nl\/"},{"@type":"ListItem","position":2,"name":"Shop","item":"https:\/\/nortvi.com\/nl\/winkel\/"},{"@type":"ListItem","position":3,"name":"Handbagage Koffers","item":"https:\/\/nortvi.com\/nl\/cabin-luggage-nl\/"},{"@type":"ListItem","position":4,"name":"Elite","item":"https:\/\/nortvi.com\/nl\/cabin-luggage-nl\/elite-nl\/"},{"@type":"ListItem","position":5,"name":"Elite Midnight Black"}]},{"@type":"WebSite","@id":"https:\/\/nortvi.com\/nl\/#website","url":"https:\/\/nortvi.com\/nl\/","name":"NORTVI","description":"Sustainable travel gear","publisher":{"@id":"https:\/\/nortvi.com\/nl\/#organization"},"potentialAction":[{"@type":"SearchAction","target":{"@type":"EntryPoint","urlTemplate":"https:\/\/nortvi.com\/nl\/?s={search_term_string}"},"query-input":{"@type":"PropertyValueSpecification","valueRequired":true,"valueName":"search_term_string"}}],"inLanguage":"nl-NL"},{"@type":"Organization","@id":"https:\/\/nortvi.com\/nl\/#organization","name":"NORTVI","url":"https:\/\/nortvi.com\/nl\/","logo":{"@type":"ImageObject","inLanguage":"nl-NL","@id":"https:\/\/nortvi.com\/nl\/#\/schema\/logo\/image\/","url":"https:\/\/nortvi.com\/wp-content\/uploads\/2023\/09\/cropped-logo-footer.png","contentUrl":"https:\/\/nortvi.com\/wp-content\/uploads\/2023\/09\/cropped-logo-footer.png","width":300,"height":46,"caption":"NORTVI"},"image":{"@id":"https:\/\/nortvi.com\/nl\/#\/schema\/logo\/image\/"},"sameAs":["https:\/\/www.instagram.com\/nortvi\/"]}]},"product_price_amount":"289.00","product_price_currency":"EUR","og_availability":"instock","product_availability":"instock","product_retailer_item_id":"8720618379962","product_condition":"new"},"_links":{"self":[{"href":"https:\/\/nortvi.com\/nl\/wp-json\/wp\/v2\/product\/357193","targetHints":{"allow":["GET"]}}],"collection":[{"href":"https:\/\/nortvi.com\/nl\/wp-json\/wp\/v2\/product"}],"about":[{"href":"https:\/\/nortvi.com\/nl\/wp-json\/wp\/v2\/types\/product"}],"version-history":[{"count":0,"href":"https:\/\/nortvi.com\/nl\/wp-json\/wp\/v2\/product\/357193\/revisions"}],"wp:featuredmedia":[{"embeddable":true,"href":"https:\/\/nortvi.com\/nl\/wp-json\/wp\/v2\/media\/357317"}],"wp:attachment":[{"href":"https:\/\/nortvi.com\/nl\/wp-json\/wp\/v2\/media?parent=357193"}],"wp:term":[{"taxonomy":"product_brand","embeddable":true,"href":"https:\/\/nortvi.com\/nl\/wp-json\/wp\/v2\/product_brand?post=357193"},{"taxonomy":"product_cat","embeddable":true,"href":"https:\/\/nortvi.com\/nl\/wp-json\/wp\/v2\/product_cat?post=357193"},{"taxonomy":"product_tag","embeddable":true,"href":"https:\/\/nortvi.com\/nl\/wp-json\/wp\/v2\/product_tag?post=357193"}],"curies":[{"name":"wp","href":"https:\/\/api.w.org\/{rel}","templated":true}]}}