{"id":368510,"date":"2026-03-12T08:29:38","date_gmt":"2026-03-12T07:42:50","guid":{"rendered":"https:\/\/nortvi.com\/?post_type=product&#038;p=368510"},"modified":"2026-03-12T16:45:33","modified_gmt":"2026-03-12T15:45:33","slug":"cabin-s-midnight-black","status":"publish","type":"product","link":"https:\/\/nortvi.com\/fr\/produit\/cabin-s-midnight-black\/","title":{"rendered":"Cabin S Midnight Black"},"content":{"rendered":"\n<p>Notre valise la plus compacte et l\u00e9g\u00e8re. La Cabin S est fabriqu\u00e9e en polycarbonate embl\u00e9matique NORTVI avec une texture sp\u00e9ciale r\u00e9sistante aux rayures, un mat\u00e9riau l\u00e9ger de qualit\u00e9 a\u00e9rospatiale, incassable. La valise est \u00e9quip\u00e9e de nos Silent Run Wheels, offrant une mobilit\u00e9 sup\u00e9rieure en silence total. Notre valise Cabin S prim\u00e9e, reconnue par Vogue comme \u00ab Suitcase of the Year \u00bb et laur\u00e9ate du Red Dot Design Award, dispose de 35 litres d\u2019espace de rangement, offrant le plus grand int\u00e9rieur de sa cat\u00e9gorie. L\u2019int\u00e9rieur luxueux offre une exp\u00e9rience de rangement parfaitement \u00e9quilibr\u00e9e avec de nombreux compartiments suppl\u00e9mentaires.<\/p>\n","protected":false},"excerpt":{"rendered":"<p>Notre valise la plus compacte et l\u00e9g\u00e8re. La Cabin S est fabriqu\u00e9e en polycarbonate embl\u00e9matique NORTVI avec une texture sp\u00e9ciale r\u00e9sistante aux rayures, un mat\u00e9riau l\u00e9ger de qualit\u00e9 a\u00e9rospatiale, incassable. La valise est \u00e9quip\u00e9e de nos Silent Run Wheels, offrant une mobilit\u00e9 sup\u00e9rieure en silence total. Notre valise Cabin S prim\u00e9e, reconnue par Vogue comme \u00ab Suitcase of the Year \u00bb et laur\u00e9ate du Red Dot Design Award, dispose de 35 litres d\u2019espace de rangement, offrant le plus grand int\u00e9rieur de sa cat\u00e9gorie. L\u2019int\u00e9rieur luxueux offre une exp\u00e9rience de rangement parfaitement \u00e9quilibr\u00e9e avec de nombreux compartiments suppl\u00e9mentaires.<\/p>\n","protected":false},"featured_media":368493,"template":"","meta":{"_acf_changed":false,"footnotes":""},"product_brand":[],"product_cat":[422],"product_tag":[],"class_list":{"0":"post-368510","1":"product","2":"type-product","3":"status-publish","4":"has-post-thumbnail","6":"product_cat-cabin-s","8":"first","9":"instock","10":"taxable","11":"shipping-taxable","12":"purchasable","13":"product-type-simple"},"composite_virtual":false,"composite_layout":"","composite_add_to_cart_form_location":"","composite_editable_in_cart":false,"composite_sold_individually_context":"","composite_shop_price_calc":"","composite_components":[],"composite_scenarios":[],"acf":[],"yoast_head":"<!-- This site is optimized with the Yoast SEO Premium plugin v27.1 (Yoast SEO v27.3) - https:\/\/yoast.com\/product\/yoast-seo-premium-wordpress\/ -->\n<title>Cabin S Midnight Black - NORTVI<\/title>\n<meta name=\"robots\" content=\"index, follow, max-snippet:-1, max-image-preview:large, max-video-preview:-1\" \/>\n<link rel=\"canonical\" href=\"https:\/\/nortvi.com\/fr\/produit\/cabin-s-midnight-black\/\" \/>\n<meta property=\"og:locale\" content=\"fr_FR\" \/>\n<meta property=\"og:type\" content=\"article\" \/>\n<meta property=\"og:title\" content=\"Cabin S Midnight Black\" \/>\n<meta property=\"og:description\" content=\"Notre valise la plus compacte et l\u00e9g\u00e8re. La Cabin S est fabriqu\u00e9e en polycarbonate embl\u00e9matique NORTVI avec une texture sp\u00e9ciale r\u00e9sistante aux rayures, un mat\u00e9riau l\u00e9ger de qualit\u00e9 a\u00e9rospatiale, incassable. La valise est \u00e9quip\u00e9e de nos Silent Run Wheels, offrant une mobilit\u00e9 sup\u00e9rieure en silence total. Notre valise Cabin S prim\u00e9e, reconnue par Vogue comme \u00ab Suitcase of the Year \u00bb et laur\u00e9ate du Red Dot Design Award, dispose de 35 litres d\u2019espace de rangement, offrant le plus grand int\u00e9rieur de sa cat\u00e9gorie. L\u2019int\u00e9rieur luxueux offre une exp\u00e9rience de rangement parfaitement \u00e9quilibr\u00e9e avec de nombreux compartiments suppl\u00e9mentaires.\" \/>\n<meta property=\"og:url\" content=\"https:\/\/nortvi.com\/fr\/produit\/cabin-s-midnight-black\/\" \/>\n<meta property=\"og:site_name\" content=\"NORTVI\" \/>\n<meta property=\"article:modified_time\" content=\"2026-03-12T15:45:33+00:00\" \/>\n<meta property=\"og:image\" content=\"https:\/\/nortvi.com\/wp-content\/uploads\/2026\/03\/essential_s_midnight_black_voorkant-scaled.jpg\" \/>\n\t<meta property=\"og:image:width\" content=\"3840\" \/>\n\t<meta property=\"og:image:height\" content=\"3840\" \/>\n\t<meta property=\"og:image:type\" content=\"image\/jpeg\" \/>\n<meta name=\"twitter:card\" content=\"summary_large_image\" \/>\n<meta name=\"twitter:label1\" content=\"Prix\" \/>\n\t<meta name=\"twitter:data1\" content=\"&euro;189.00\" \/>\n\t<meta name=\"twitter:label2\" content=\"Disponibilit\u00e9\" \/>\n\t<meta name=\"twitter:data2\" content=\"En stock\" \/>\n<script type=\"application\/ld+json\" class=\"yoast-schema-graph\">{\"@context\":\"https:\\\/\\\/schema.org\",\"@graph\":[{\"@type\":\"WebPage\",\"@id\":\"https:\\\/\\\/nortvi.com\\\/fr\\\/produit\\\/cabin-s-midnight-black\\\/\",\"url\":\"https:\\\/\\\/nortvi.com\\\/fr\\\/produit\\\/cabin-s-midnight-black\\\/\",\"name\":\"Cabin S Midnight Black - NORTVI\",\"isPartOf\":{\"@id\":\"https:\\\/\\\/nortvi.com\\\/fr\\\/#website\"},\"primaryImageOfPage\":{\"@id\":\"https:\\\/\\\/nortvi.com\\\/fr\\\/produit\\\/cabin-s-midnight-black\\\/#primaryimage\"},\"image\":{\"@id\":\"https:\\\/\\\/nortvi.com\\\/fr\\\/produit\\\/cabin-s-midnight-black\\\/#primaryimage\"},\"thumbnailUrl\":\"https:\\\/\\\/nortvi.com\\\/wp-content\\\/uploads\\\/2026\\\/03\\\/essential_s_midnight_black_voorkant-scaled.jpg\",\"datePublished\":\"2026-03-12T07:42:50+00:00\",\"dateModified\":\"2026-03-12T15:45:33+00:00\",\"breadcrumb\":{\"@id\":\"https:\\\/\\\/nortvi.com\\\/fr\\\/produit\\\/cabin-s-midnight-black\\\/#breadcrumb\"},\"inLanguage\":\"fr-FR\",\"potentialAction\":[{\"@type\":\"ReadAction\",\"target\":[\"https:\\\/\\\/nortvi.com\\\/fr\\\/produit\\\/cabin-s-midnight-black\\\/\"]}]},{\"@type\":\"ImageObject\",\"inLanguage\":\"fr-FR\",\"@id\":\"https:\\\/\\\/nortvi.com\\\/fr\\\/produit\\\/cabin-s-midnight-black\\\/#primaryimage\",\"url\":\"https:\\\/\\\/nortvi.com\\\/wp-content\\\/uploads\\\/2026\\\/03\\\/essential_s_midnight_black_voorkant-scaled.jpg\",\"contentUrl\":\"https:\\\/\\\/nortvi.com\\\/wp-content\\\/uploads\\\/2026\\\/03\\\/essential_s_midnight_black_voorkant-scaled.jpg\",\"width\":3840,\"height\":3840},{\"@type\":\"BreadcrumbList\",\"@id\":\"https:\\\/\\\/nortvi.com\\\/fr\\\/produit\\\/cabin-s-midnight-black\\\/#breadcrumb\",\"itemListElement\":[{\"@type\":\"ListItem\",\"position\":1,\"name\":\"Home\",\"item\":\"https:\\\/\\\/nortvi.com\\\/fr\\\/\"},{\"@type\":\"ListItem\",\"position\":2,\"name\":\"Shop\",\"item\":\"https:\\\/\\\/nortvi.com\\\/fr\\\/shop\\\/\"},{\"@type\":\"ListItem\",\"position\":3,\"name\":\"Valises Cabine\",\"item\":\"https:\\\/\\\/nortvi.com\\\/fr\\\/cabin-luggage-fr\\\/\"},{\"@type\":\"ListItem\",\"position\":4,\"name\":\"Cabin S\",\"item\":\"https:\\\/\\\/nortvi.com\\\/fr\\\/cabin-luggage-fr\\\/cabin-s\\\/\"},{\"@type\":\"ListItem\",\"position\":5,\"name\":\"Cabin S Midnight Black\"}]},{\"@type\":\"WebSite\",\"@id\":\"https:\\\/\\\/nortvi.com\\\/fr\\\/#website\",\"url\":\"https:\\\/\\\/nortvi.com\\\/fr\\\/\",\"name\":\"NORTVI\",\"description\":\"Sustainable travel gear\",\"publisher\":{\"@id\":\"https:\\\/\\\/nortvi.com\\\/fr\\\/#organization\"},\"potentialAction\":[{\"@type\":\"SearchAction\",\"target\":{\"@type\":\"EntryPoint\",\"urlTemplate\":\"https:\\\/\\\/nortvi.com\\\/fr\\\/?s={search_term_string}\"},\"query-input\":{\"@type\":\"PropertyValueSpecification\",\"valueRequired\":true,\"valueName\":\"search_term_string\"}}],\"inLanguage\":\"fr-FR\"},{\"@type\":\"Organization\",\"@id\":\"https:\\\/\\\/nortvi.com\\\/fr\\\/#organization\",\"name\":\"NORTVI\",\"url\":\"https:\\\/\\\/nortvi.com\\\/fr\\\/\",\"logo\":{\"@type\":\"ImageObject\",\"inLanguage\":\"fr-FR\",\"@id\":\"https:\\\/\\\/nortvi.com\\\/fr\\\/#\\\/schema\\\/logo\\\/image\\\/\",\"url\":\"https:\\\/\\\/nortvi.com\\\/wp-content\\\/uploads\\\/2023\\\/09\\\/cropped-logo-footer.png\",\"contentUrl\":\"https:\\\/\\\/nortvi.com\\\/wp-content\\\/uploads\\\/2023\\\/09\\\/cropped-logo-footer.png\",\"width\":300,\"height\":46,\"caption\":\"NORTVI\"},\"image\":{\"@id\":\"https:\\\/\\\/nortvi.com\\\/fr\\\/#\\\/schema\\\/logo\\\/image\\\/\"},\"sameAs\":[\"https:\\\/\\\/www.instagram.com\\\/nortvi\\\/\"]}]}<\/script>\n<meta property=\"product:price:amount\" content=\"189.00\" \/>\n<meta property=\"product:price:currency\" content=\"EUR\" \/>\n<meta property=\"og:availability\" content=\"instock\" \/>\n<meta property=\"product:availability\" content=\"instock\" \/>\n<meta property=\"product:retailer_item_id\" content=\"8720618379917\" \/>\n<meta property=\"product:condition\" content=\"new\" \/>\n<!-- \/ Yoast SEO Premium plugin. -->","yoast_head_json":{"title":"Cabin S Midnight Black - NORTVI","robots":{"index":"index","follow":"follow","max-snippet":"max-snippet:-1","max-image-preview":"max-image-preview:large","max-video-preview":"max-video-preview:-1"},"canonical":"https:\/\/nortvi.com\/fr\/produit\/cabin-s-midnight-black\/","og_locale":"fr_FR","og_type":"article","og_title":"Cabin S Midnight Black","og_description":"Notre valise la plus compacte et l\u00e9g\u00e8re. La Cabin S est fabriqu\u00e9e en polycarbonate embl\u00e9matique NORTVI avec une texture sp\u00e9ciale r\u00e9sistante aux rayures, un mat\u00e9riau l\u00e9ger de qualit\u00e9 a\u00e9rospatiale, incassable. La valise est \u00e9quip\u00e9e de nos Silent Run Wheels, offrant une mobilit\u00e9 sup\u00e9rieure en silence total. Notre valise Cabin S prim\u00e9e, reconnue par Vogue comme \u00ab Suitcase of the Year \u00bb et laur\u00e9ate du Red Dot Design Award, dispose de 35 litres d\u2019espace de rangement, offrant le plus grand int\u00e9rieur de sa cat\u00e9gorie. L\u2019int\u00e9rieur luxueux offre une exp\u00e9rience de rangement parfaitement \u00e9quilibr\u00e9e avec de nombreux compartiments suppl\u00e9mentaires.","og_url":"https:\/\/nortvi.com\/fr\/produit\/cabin-s-midnight-black\/","og_site_name":"NORTVI","article_modified_time":"2026-03-12T15:45:33+00:00","og_image":[{"width":3840,"height":3840,"url":"https:\/\/nortvi.com\/wp-content\/uploads\/2026\/03\/essential_s_midnight_black_voorkant-scaled.jpg","type":"image\/jpeg"}],"twitter_card":"summary_large_image","twitter_misc":{"Prix":"&euro;189.00","Disponibilit\u00e9":"En stock"},"schema":{"@context":"https:\/\/schema.org","@graph":[{"@type":"WebPage","@id":"https:\/\/nortvi.com\/fr\/produit\/cabin-s-midnight-black\/","url":"https:\/\/nortvi.com\/fr\/produit\/cabin-s-midnight-black\/","name":"Cabin S Midnight Black - NORTVI","isPartOf":{"@id":"https:\/\/nortvi.com\/fr\/#website"},"primaryImageOfPage":{"@id":"https:\/\/nortvi.com\/fr\/produit\/cabin-s-midnight-black\/#primaryimage"},"image":{"@id":"https:\/\/nortvi.com\/fr\/produit\/cabin-s-midnight-black\/#primaryimage"},"thumbnailUrl":"https:\/\/nortvi.com\/wp-content\/uploads\/2026\/03\/essential_s_midnight_black_voorkant-scaled.jpg","datePublished":"2026-03-12T07:42:50+00:00","dateModified":"2026-03-12T15:45:33+00:00","breadcrumb":{"@id":"https:\/\/nortvi.com\/fr\/produit\/cabin-s-midnight-black\/#breadcrumb"},"inLanguage":"fr-FR","potentialAction":[{"@type":"ReadAction","target":["https:\/\/nortvi.com\/fr\/produit\/cabin-s-midnight-black\/"]}]},{"@type":"ImageObject","inLanguage":"fr-FR","@id":"https:\/\/nortvi.com\/fr\/produit\/cabin-s-midnight-black\/#primaryimage","url":"https:\/\/nortvi.com\/wp-content\/uploads\/2026\/03\/essential_s_midnight_black_voorkant-scaled.jpg","contentUrl":"https:\/\/nortvi.com\/wp-content\/uploads\/2026\/03\/essential_s_midnight_black_voorkant-scaled.jpg","width":3840,"height":3840},{"@type":"BreadcrumbList","@id":"https:\/\/nortvi.com\/fr\/produit\/cabin-s-midnight-black\/#breadcrumb","itemListElement":[{"@type":"ListItem","position":1,"name":"Home","item":"https:\/\/nortvi.com\/fr\/"},{"@type":"ListItem","position":2,"name":"Shop","item":"https:\/\/nortvi.com\/fr\/shop\/"},{"@type":"ListItem","position":3,"name":"Valises Cabine","item":"https:\/\/nortvi.com\/fr\/cabin-luggage-fr\/"},{"@type":"ListItem","position":4,"name":"Cabin S","item":"https:\/\/nortvi.com\/fr\/cabin-luggage-fr\/cabin-s\/"},{"@type":"ListItem","position":5,"name":"Cabin S Midnight Black"}]},{"@type":"WebSite","@id":"https:\/\/nortvi.com\/fr\/#website","url":"https:\/\/nortvi.com\/fr\/","name":"NORTVI","description":"Sustainable travel gear","publisher":{"@id":"https:\/\/nortvi.com\/fr\/#organization"},"potentialAction":[{"@type":"SearchAction","target":{"@type":"EntryPoint","urlTemplate":"https:\/\/nortvi.com\/fr\/?s={search_term_string}"},"query-input":{"@type":"PropertyValueSpecification","valueRequired":true,"valueName":"search_term_string"}}],"inLanguage":"fr-FR"},{"@type":"Organization","@id":"https:\/\/nortvi.com\/fr\/#organization","name":"NORTVI","url":"https:\/\/nortvi.com\/fr\/","logo":{"@type":"ImageObject","inLanguage":"fr-FR","@id":"https:\/\/nortvi.com\/fr\/#\/schema\/logo\/image\/","url":"https:\/\/nortvi.com\/wp-content\/uploads\/2023\/09\/cropped-logo-footer.png","contentUrl":"https:\/\/nortvi.com\/wp-content\/uploads\/2023\/09\/cropped-logo-footer.png","width":300,"height":46,"caption":"NORTVI"},"image":{"@id":"https:\/\/nortvi.com\/fr\/#\/schema\/logo\/image\/"},"sameAs":["https:\/\/www.instagram.com\/nortvi\/"]}]},"product_price_amount":"189.00","product_price_currency":"EUR","og_availability":"instock","product_availability":"instock","product_retailer_item_id":"8720618379917","product_condition":"new"},"_links":{"self":[{"href":"https:\/\/nortvi.com\/fr\/wp-json\/wp\/v2\/product\/368510","targetHints":{"allow":["GET"]}}],"collection":[{"href":"https:\/\/nortvi.com\/fr\/wp-json\/wp\/v2\/product"}],"about":[{"href":"https:\/\/nortvi.com\/fr\/wp-json\/wp\/v2\/types\/product"}],"version-history":[{"count":0,"href":"https:\/\/nortvi.com\/fr\/wp-json\/wp\/v2\/product\/368510\/revisions"}],"wp:featuredmedia":[{"embeddable":true,"href":"https:\/\/nortvi.com\/fr\/wp-json\/wp\/v2\/media\/368493"}],"wp:attachment":[{"href":"https:\/\/nortvi.com\/fr\/wp-json\/wp\/v2\/media?parent=368510"}],"wp:term":[{"taxonomy":"product_brand","embeddable":true,"href":"https:\/\/nortvi.com\/fr\/wp-json\/wp\/v2\/product_brand?post=368510"},{"taxonomy":"product_cat","embeddable":true,"href":"https:\/\/nortvi.com\/fr\/wp-json\/wp\/v2\/product_cat?post=368510"},{"taxonomy":"product_tag","embeddable":true,"href":"https:\/\/nortvi.com\/fr\/wp-json\/wp\/v2\/product_tag?post=368510"}],"curies":[{"name":"wp","href":"https:\/\/api.w.org\/{rel}","templated":true}]}}