{"id":364779,"date":"2026-02-11T10:36:30","date_gmt":"2026-02-11T10:29:02","guid":{"rendered":"https:\/\/nortvi.com\/?post_type=product&#038;p=364779"},"modified":"2026-03-16T12:00:23","modified_gmt":"2026-03-16T11:00:23","slug":"aluminium-silver","status":"publish","type":"product","link":"https:\/\/nortvi.com\/fr\/produit\/aluminium-silver\/","title":{"rendered":"Aluminium Silver"},"content":{"rendered":"","protected":false},"excerpt":{"rendered":"<p>D\u00e9couvrez notre valise en aluminium haut de gamme. Une v\u00e9ritable expression du savoir-faire artisanal. Con\u00e7ue \u00e0 partir de notre aluminium de haute qualit\u00e9, elle allie une r\u00e9sistance exceptionnelle \u00e0 une apparence raffin\u00e9e et luxueuse. Elle est \u00e9quip\u00e9e de nos Silent Wheels de nouvelle g\u00e9n\u00e9ration avec roulements \u00e0 billes, offrant une glisse fluide et une r\u00e9duction du bruit de plus de 20 %. Les poign\u00e9es r\u00e9tractables \u00e0 retour lent situ\u00e9es sur le dessus et sur le c\u00f4t\u00e9 assurent un confort de port optimal, tandis que deux fermoirs \u00e0 loquet approuv\u00e9s TSA garantissent la s\u00e9curit\u00e9 et un passage fluide aux contr\u00f4les a\u00e9roportuaires. \u00c0 l\u2019int\u00e9rieur, un panneau de compression int\u00e9gr\u00e9 facilite le rangement et maintient vos effets personnels parfaitement organis\u00e9s et en s\u00e9curit\u00e9.<\/p>\n","protected":false},"featured_media":368808,"template":"","meta":{"_acf_changed":false,"footnotes":""},"product_brand":[],"product_cat":[418],"product_tag":[],"class_list":{"0":"post-364779","1":"product","2":"type-product","3":"status-publish","4":"has-post-thumbnail","6":"product_cat-aluminium-fr","8":"first","9":"instock","10":"taxable","11":"shipping-taxable","12":"purchasable","13":"product-type-simple"},"composite_virtual":false,"composite_layout":"","composite_add_to_cart_form_location":"","composite_editable_in_cart":false,"composite_sold_individually_context":"","composite_shop_price_calc":"","composite_components":[],"composite_scenarios":[],"acf":[],"yoast_head":"<!-- This site is optimized with the Yoast SEO Premium plugin v27.1 (Yoast SEO v27.3) - https:\/\/yoast.com\/product\/yoast-seo-premium-wordpress\/ -->\n<title>Aluminium Silver - NORTVI<\/title>\n<meta name=\"robots\" content=\"index, follow, max-snippet:-1, max-image-preview:large, max-video-preview:-1\" \/>\n<link rel=\"canonical\" href=\"https:\/\/nortvi.com\/fr\/produit\/aluminium-silver\/\" \/>\n<meta property=\"og:locale\" content=\"fr_FR\" \/>\n<meta property=\"og:type\" content=\"article\" \/>\n<meta property=\"og:title\" content=\"Aluminium Silver\" \/>\n<meta property=\"og:description\" content=\"D\u00e9couvrez notre valise en aluminium haut de gamme. Une v\u00e9ritable expression du savoir-faire artisanal. Con\u00e7ue \u00e0 partir de notre aluminium de haute qualit\u00e9, elle allie une r\u00e9sistance exceptionnelle \u00e0 une apparence raffin\u00e9e et luxueuse. Elle est \u00e9quip\u00e9e de nos Silent Wheels de nouvelle g\u00e9n\u00e9ration avec roulements \u00e0 billes, offrant une glisse fluide et une r\u00e9duction du bruit de plus de 20 %. Les poign\u00e9es r\u00e9tractables \u00e0 retour lent situ\u00e9es sur le dessus et sur le c\u00f4t\u00e9 assurent un confort de port optimal, tandis que deux fermoirs \u00e0 loquet approuv\u00e9s TSA garantissent la s\u00e9curit\u00e9 et un passage fluide aux contr\u00f4les a\u00e9roportuaires. \u00c0 l\u2019int\u00e9rieur, un panneau de compression int\u00e9gr\u00e9 facilite le rangement et maintient vos effets personnels parfaitement organis\u00e9s et en s\u00e9curit\u00e9.\" \/>\n<meta property=\"og:url\" content=\"https:\/\/nortvi.com\/fr\/produit\/aluminium-silver\/\" \/>\n<meta property=\"og:site_name\" content=\"NORTVI\" \/>\n<meta property=\"article:modified_time\" content=\"2026-03-16T11:00:23+00:00\" \/>\n<meta property=\"og:image\" content=\"https:\/\/nortvi.com\/wp-content\/uploads\/2026\/02\/030326_aluminium_chrome_voorkant_logoinwheels_4098-scaled.jpg\" \/>\n\t<meta property=\"og:image:width\" content=\"3840\" \/>\n\t<meta property=\"og:image:height\" content=\"3840\" \/>\n\t<meta property=\"og:image:type\" content=\"image\/jpeg\" \/>\n<meta name=\"twitter:card\" content=\"summary_large_image\" \/>\n<meta name=\"twitter:label1\" content=\"Prix\" \/>\n\t<meta name=\"twitter:data1\" content=\"&euro;499.00\" \/>\n\t<meta name=\"twitter:label2\" content=\"Disponibilit\u00e9\" \/>\n\t<meta name=\"twitter:data2\" content=\"En stock\" \/>\n<script type=\"application\/ld+json\" class=\"yoast-schema-graph\">{\"@context\":\"https:\\\/\\\/schema.org\",\"@graph\":[{\"@type\":\"WebPage\",\"@id\":\"https:\\\/\\\/nortvi.com\\\/fr\\\/produit\\\/aluminium-silver\\\/\",\"url\":\"https:\\\/\\\/nortvi.com\\\/fr\\\/produit\\\/aluminium-silver\\\/\",\"name\":\"Aluminium Silver - NORTVI\",\"isPartOf\":{\"@id\":\"https:\\\/\\\/nortvi.com\\\/fr\\\/#website\"},\"primaryImageOfPage\":{\"@id\":\"https:\\\/\\\/nortvi.com\\\/fr\\\/produit\\\/aluminium-silver\\\/#primaryimage\"},\"image\":{\"@id\":\"https:\\\/\\\/nortvi.com\\\/fr\\\/produit\\\/aluminium-silver\\\/#primaryimage\"},\"thumbnailUrl\":\"https:\\\/\\\/nortvi.com\\\/wp-content\\\/uploads\\\/2026\\\/02\\\/030326_aluminium_chrome_voorkant_logoinwheels_4098-scaled.jpg\",\"datePublished\":\"2026-02-11T10:29:02+00:00\",\"dateModified\":\"2026-03-16T11:00:23+00:00\",\"breadcrumb\":{\"@id\":\"https:\\\/\\\/nortvi.com\\\/fr\\\/produit\\\/aluminium-silver\\\/#breadcrumb\"},\"inLanguage\":\"fr-FR\",\"potentialAction\":[{\"@type\":\"ReadAction\",\"target\":[\"https:\\\/\\\/nortvi.com\\\/fr\\\/produit\\\/aluminium-silver\\\/\"]}]},{\"@type\":\"ImageObject\",\"inLanguage\":\"fr-FR\",\"@id\":\"https:\\\/\\\/nortvi.com\\\/fr\\\/produit\\\/aluminium-silver\\\/#primaryimage\",\"url\":\"https:\\\/\\\/nortvi.com\\\/wp-content\\\/uploads\\\/2026\\\/02\\\/030326_aluminium_chrome_voorkant_logoinwheels_4098-scaled.jpg\",\"contentUrl\":\"https:\\\/\\\/nortvi.com\\\/wp-content\\\/uploads\\\/2026\\\/02\\\/030326_aluminium_chrome_voorkant_logoinwheels_4098-scaled.jpg\",\"width\":3840,\"height\":3840},{\"@type\":\"BreadcrumbList\",\"@id\":\"https:\\\/\\\/nortvi.com\\\/fr\\\/produit\\\/aluminium-silver\\\/#breadcrumb\",\"itemListElement\":[{\"@type\":\"ListItem\",\"position\":1,\"name\":\"Home\",\"item\":\"https:\\\/\\\/nortvi.com\\\/fr\\\/\"},{\"@type\":\"ListItem\",\"position\":2,\"name\":\"Shop\",\"item\":\"https:\\\/\\\/nortvi.com\\\/fr\\\/shop\\\/\"},{\"@type\":\"ListItem\",\"position\":3,\"name\":\"Valises Cabine\",\"item\":\"https:\\\/\\\/nortvi.com\\\/fr\\\/cabin-luggage-fr\\\/\"},{\"@type\":\"ListItem\",\"position\":4,\"name\":\"Aluminium\",\"item\":\"https:\\\/\\\/nortvi.com\\\/fr\\\/cabin-luggage-fr\\\/aluminium-fr\\\/\"},{\"@type\":\"ListItem\",\"position\":5,\"name\":\"Aluminium Silver\"}]},{\"@type\":\"WebSite\",\"@id\":\"https:\\\/\\\/nortvi.com\\\/fr\\\/#website\",\"url\":\"https:\\\/\\\/nortvi.com\\\/fr\\\/\",\"name\":\"NORTVI\",\"description\":\"Sustainable travel gear\",\"publisher\":{\"@id\":\"https:\\\/\\\/nortvi.com\\\/fr\\\/#organization\"},\"potentialAction\":[{\"@type\":\"SearchAction\",\"target\":{\"@type\":\"EntryPoint\",\"urlTemplate\":\"https:\\\/\\\/nortvi.com\\\/fr\\\/?s={search_term_string}\"},\"query-input\":{\"@type\":\"PropertyValueSpecification\",\"valueRequired\":true,\"valueName\":\"search_term_string\"}}],\"inLanguage\":\"fr-FR\"},{\"@type\":\"Organization\",\"@id\":\"https:\\\/\\\/nortvi.com\\\/fr\\\/#organization\",\"name\":\"NORTVI\",\"url\":\"https:\\\/\\\/nortvi.com\\\/fr\\\/\",\"logo\":{\"@type\":\"ImageObject\",\"inLanguage\":\"fr-FR\",\"@id\":\"https:\\\/\\\/nortvi.com\\\/fr\\\/#\\\/schema\\\/logo\\\/image\\\/\",\"url\":\"https:\\\/\\\/nortvi.com\\\/wp-content\\\/uploads\\\/2023\\\/09\\\/cropped-logo-footer.png\",\"contentUrl\":\"https:\\\/\\\/nortvi.com\\\/wp-content\\\/uploads\\\/2023\\\/09\\\/cropped-logo-footer.png\",\"width\":300,\"height\":46,\"caption\":\"NORTVI\"},\"image\":{\"@id\":\"https:\\\/\\\/nortvi.com\\\/fr\\\/#\\\/schema\\\/logo\\\/image\\\/\"},\"sameAs\":[\"https:\\\/\\\/www.instagram.com\\\/nortvi\\\/\"]}]}<\/script>\n<meta property=\"product:price:amount\" content=\"499.00\" \/>\n<meta property=\"product:price:currency\" content=\"EUR\" \/>\n<meta property=\"og:availability\" content=\"instock\" \/>\n<meta property=\"product:availability\" content=\"instock\" \/>\n<meta property=\"product:retailer_item_id\" content=\"8720618379979\" \/>\n<meta property=\"product:condition\" content=\"new\" \/>\n<!-- \/ Yoast SEO Premium plugin. -->","yoast_head_json":{"title":"Aluminium Silver - NORTVI","robots":{"index":"index","follow":"follow","max-snippet":"max-snippet:-1","max-image-preview":"max-image-preview:large","max-video-preview":"max-video-preview:-1"},"canonical":"https:\/\/nortvi.com\/fr\/produit\/aluminium-silver\/","og_locale":"fr_FR","og_type":"article","og_title":"Aluminium Silver","og_description":"D\u00e9couvrez notre valise en aluminium haut de gamme. Une v\u00e9ritable expression du savoir-faire artisanal. Con\u00e7ue \u00e0 partir de notre aluminium de haute qualit\u00e9, elle allie une r\u00e9sistance exceptionnelle \u00e0 une apparence raffin\u00e9e et luxueuse. Elle est \u00e9quip\u00e9e de nos Silent Wheels de nouvelle g\u00e9n\u00e9ration avec roulements \u00e0 billes, offrant une glisse fluide et une r\u00e9duction du bruit de plus de 20 %. Les poign\u00e9es r\u00e9tractables \u00e0 retour lent situ\u00e9es sur le dessus et sur le c\u00f4t\u00e9 assurent un confort de port optimal, tandis que deux fermoirs \u00e0 loquet approuv\u00e9s TSA garantissent la s\u00e9curit\u00e9 et un passage fluide aux contr\u00f4les a\u00e9roportuaires. \u00c0 l\u2019int\u00e9rieur, un panneau de compression int\u00e9gr\u00e9 facilite le rangement et maintient vos effets personnels parfaitement organis\u00e9s et en s\u00e9curit\u00e9.","og_url":"https:\/\/nortvi.com\/fr\/produit\/aluminium-silver\/","og_site_name":"NORTVI","article_modified_time":"2026-03-16T11:00:23+00:00","og_image":[{"width":3840,"height":3840,"url":"https:\/\/nortvi.com\/wp-content\/uploads\/2026\/02\/030326_aluminium_chrome_voorkant_logoinwheels_4098-scaled.jpg","type":"image\/jpeg"}],"twitter_card":"summary_large_image","twitter_misc":{"Prix":"&euro;499.00","Disponibilit\u00e9":"En stock"},"schema":{"@context":"https:\/\/schema.org","@graph":[{"@type":"WebPage","@id":"https:\/\/nortvi.com\/fr\/produit\/aluminium-silver\/","url":"https:\/\/nortvi.com\/fr\/produit\/aluminium-silver\/","name":"Aluminium Silver - NORTVI","isPartOf":{"@id":"https:\/\/nortvi.com\/fr\/#website"},"primaryImageOfPage":{"@id":"https:\/\/nortvi.com\/fr\/produit\/aluminium-silver\/#primaryimage"},"image":{"@id":"https:\/\/nortvi.com\/fr\/produit\/aluminium-silver\/#primaryimage"},"thumbnailUrl":"https:\/\/nortvi.com\/wp-content\/uploads\/2026\/02\/030326_aluminium_chrome_voorkant_logoinwheels_4098-scaled.jpg","datePublished":"2026-02-11T10:29:02+00:00","dateModified":"2026-03-16T11:00:23+00:00","breadcrumb":{"@id":"https:\/\/nortvi.com\/fr\/produit\/aluminium-silver\/#breadcrumb"},"inLanguage":"fr-FR","potentialAction":[{"@type":"ReadAction","target":["https:\/\/nortvi.com\/fr\/produit\/aluminium-silver\/"]}]},{"@type":"ImageObject","inLanguage":"fr-FR","@id":"https:\/\/nortvi.com\/fr\/produit\/aluminium-silver\/#primaryimage","url":"https:\/\/nortvi.com\/wp-content\/uploads\/2026\/02\/030326_aluminium_chrome_voorkant_logoinwheels_4098-scaled.jpg","contentUrl":"https:\/\/nortvi.com\/wp-content\/uploads\/2026\/02\/030326_aluminium_chrome_voorkant_logoinwheels_4098-scaled.jpg","width":3840,"height":3840},{"@type":"BreadcrumbList","@id":"https:\/\/nortvi.com\/fr\/produit\/aluminium-silver\/#breadcrumb","itemListElement":[{"@type":"ListItem","position":1,"name":"Home","item":"https:\/\/nortvi.com\/fr\/"},{"@type":"ListItem","position":2,"name":"Shop","item":"https:\/\/nortvi.com\/fr\/shop\/"},{"@type":"ListItem","position":3,"name":"Valises Cabine","item":"https:\/\/nortvi.com\/fr\/cabin-luggage-fr\/"},{"@type":"ListItem","position":4,"name":"Aluminium","item":"https:\/\/nortvi.com\/fr\/cabin-luggage-fr\/aluminium-fr\/"},{"@type":"ListItem","position":5,"name":"Aluminium Silver"}]},{"@type":"WebSite","@id":"https:\/\/nortvi.com\/fr\/#website","url":"https:\/\/nortvi.com\/fr\/","name":"NORTVI","description":"Sustainable travel gear","publisher":{"@id":"https:\/\/nortvi.com\/fr\/#organization"},"potentialAction":[{"@type":"SearchAction","target":{"@type":"EntryPoint","urlTemplate":"https:\/\/nortvi.com\/fr\/?s={search_term_string}"},"query-input":{"@type":"PropertyValueSpecification","valueRequired":true,"valueName":"search_term_string"}}],"inLanguage":"fr-FR"},{"@type":"Organization","@id":"https:\/\/nortvi.com\/fr\/#organization","name":"NORTVI","url":"https:\/\/nortvi.com\/fr\/","logo":{"@type":"ImageObject","inLanguage":"fr-FR","@id":"https:\/\/nortvi.com\/fr\/#\/schema\/logo\/image\/","url":"https:\/\/nortvi.com\/wp-content\/uploads\/2023\/09\/cropped-logo-footer.png","contentUrl":"https:\/\/nortvi.com\/wp-content\/uploads\/2023\/09\/cropped-logo-footer.png","width":300,"height":46,"caption":"NORTVI"},"image":{"@id":"https:\/\/nortvi.com\/fr\/#\/schema\/logo\/image\/"},"sameAs":["https:\/\/www.instagram.com\/nortvi\/"]}]},"product_price_amount":"499.00","product_price_currency":"EUR","og_availability":"instock","product_availability":"instock","product_retailer_item_id":"8720618379979","product_condition":"new"},"_links":{"self":[{"href":"https:\/\/nortvi.com\/fr\/wp-json\/wp\/v2\/product\/364779","targetHints":{"allow":["GET"]}}],"collection":[{"href":"https:\/\/nortvi.com\/fr\/wp-json\/wp\/v2\/product"}],"about":[{"href":"https:\/\/nortvi.com\/fr\/wp-json\/wp\/v2\/types\/product"}],"version-history":[{"count":0,"href":"https:\/\/nortvi.com\/fr\/wp-json\/wp\/v2\/product\/364779\/revisions"}],"wp:featuredmedia":[{"embeddable":true,"href":"https:\/\/nortvi.com\/fr\/wp-json\/wp\/v2\/media\/368808"}],"wp:attachment":[{"href":"https:\/\/nortvi.com\/fr\/wp-json\/wp\/v2\/media?parent=364779"}],"wp:term":[{"taxonomy":"product_brand","embeddable":true,"href":"https:\/\/nortvi.com\/fr\/wp-json\/wp\/v2\/product_brand?post=364779"},{"taxonomy":"product_cat","embeddable":true,"href":"https:\/\/nortvi.com\/fr\/wp-json\/wp\/v2\/product_cat?post=364779"},{"taxonomy":"product_tag","embeddable":true,"href":"https:\/\/nortvi.com\/fr\/wp-json\/wp\/v2\/product_tag?post=364779"}],"curies":[{"name":"wp","href":"https:\/\/api.w.org\/{rel}","templated":true}]}}