{"id":357196,"date":"2025-12-03T15:17:41","date_gmt":"2025-12-03T14:23:28","guid":{"rendered":"https:\/\/nortvi.com\/?post_type=product&#038;p=357196"},"modified":"2026-03-16T14:32:17","modified_gmt":"2026-03-16T13:32:17","slug":"elite-midnight-black","status":"publish","type":"product","link":"https:\/\/nortvi.com\/fr\/produit\/elite-midnight-black\/","title":{"rendered":"Elite Midnight Black"},"content":{"rendered":"\n<p>D\u00e9couvrez la valise Elite. Version haut de gamme du mod\u00e8le iconique Front Pocket, cette valise cabine incarne le confort de voyage moderne. Fabriqu\u00e9e en polycarbonate de qualit\u00e9 sup\u00e9rieure avec notre texture NORTVI exclusive r\u00e9sistante aux rayures, elle est \u00e0 la fois l\u00e9g\u00e8re et indestructible. Ses roues NORTVI Silent Wheels \u00e0 roulements \u00e0 billes de haute qualit\u00e9 offrent un roulement plus fluide et r\u00e9duisent le bruit de plus de 20 %, tandis que ses poign\u00e9es en cuir v\u00e9gan sur le dessus et le c\u00f4t\u00e9 assurent un transport optimal. Pour une tranquillit\u00e9 d&#8217;esprit accrue, l&#8217;Elite est \u00e9quip\u00e9e d&#8217;une serrure TSA int\u00e9gr\u00e9e am\u00e9lior\u00e9e, pour un verrouillage facile et un passage rapide aux contr\u00f4les de s\u00e9curit\u00e9 \u00e0 l&#8217;a\u00e9roport. \u00c0 l&#8217;int\u00e9rieur, une \u00e9l\u00e9gante doublure noire et un panneau de compression int\u00e9gr\u00e9 optimisent le rangement et permettent une organisation parfaite de vos affaires.<\/p>\n\n\n\n<p><\/p>\n","protected":false},"excerpt":{"rendered":"<p>D\u00e9couvrez la valise Elite. Version haut de gamme du mod\u00e8le iconique Front Pocket, cette valise cabine incarne le confort de voyage moderne. Fabriqu\u00e9e en polycarbonate de qualit\u00e9 sup\u00e9rieure avec notre texture NORTVI exclusive r\u00e9sistante aux rayures, elle est \u00e0 la fois l\u00e9g\u00e8re et indestructible. Ses roues NORTVI Silent Wheels \u00e0 roulements \u00e0 billes de haute qualit\u00e9 offrent un roulement plus fluide et r\u00e9duisent le bruit de plus de 20 %, tandis que ses poign\u00e9es en cuir v\u00e9gan sur le dessus et le c\u00f4t\u00e9 assurent un transport optimal. Pour une tranquillit\u00e9 d&#8217;esprit accrue, l&#8217;Elite est \u00e9quip\u00e9e d&#8217;une serrure TSA int\u00e9gr\u00e9e am\u00e9lior\u00e9e, pour un verrouillage facile et un passage rapide aux contr\u00f4les de s\u00e9curit\u00e9 \u00e0 l&#8217;a\u00e9roport. \u00c0 l&#8217;int\u00e9rieur, une \u00e9l\u00e9gante doublure noire et un panneau de compression int\u00e9gr\u00e9 optimisent le rangement et permettent une organisation parfaite de vos affaires.<\/p>\n","protected":false},"featured_media":357318,"template":"","meta":{"_acf_changed":false,"footnotes":""},"product_brand":[],"product_cat":[414],"product_tag":[],"class_list":{"0":"post-357196","1":"product","2":"type-product","3":"status-publish","4":"has-post-thumbnail","6":"product_cat-elite-fr","8":"first","9":"instock","10":"taxable","11":"shipping-taxable","12":"purchasable","13":"product-type-simple"},"composite_virtual":false,"composite_layout":"","composite_add_to_cart_form_location":"","composite_editable_in_cart":false,"composite_sold_individually_context":"","composite_shop_price_calc":"","composite_components":[],"composite_scenarios":[],"acf":[],"yoast_head":"<!-- This site is optimized with the Yoast SEO Premium plugin v27.1 (Yoast SEO v27.3) - https:\/\/yoast.com\/product\/yoast-seo-premium-wordpress\/ -->\n<title>Valise Cabine Elite | Avec Poche Avant | Noir | Durable &amp; de qualit\u00e9 sup\u00e9rieure<\/title>\n<meta name=\"description\" content=\"La Valise Elite associe un polycarbonate premium r\u00e9sistant aux rayures avec une durabilit\u00e9 exceptionnelle et un poids r\u00e9duit. Une valise cabine haut de gamme pour les voyageurs qui privil\u00e9gient la fiabilit\u00e9 et le design.\" \/>\n<meta name=\"robots\" content=\"index, follow, max-snippet:-1, max-image-preview:large, max-video-preview:-1\" \/>\n<link rel=\"canonical\" href=\"https:\/\/nortvi.com\/fr\/produit\/elite-midnight-black\/\" \/>\n<meta property=\"og:locale\" content=\"fr_FR\" \/>\n<meta property=\"og:type\" content=\"article\" \/>\n<meta property=\"og:title\" content=\"Elite Midnight Black\" \/>\n<meta property=\"og:description\" content=\"La Valise Elite associe un polycarbonate premium r\u00e9sistant aux rayures avec une durabilit\u00e9 exceptionnelle et un poids r\u00e9duit. Une valise cabine haut de gamme pour les voyageurs qui privil\u00e9gient la fiabilit\u00e9 et le design.\" \/>\n<meta property=\"og:url\" content=\"https:\/\/nortvi.com\/fr\/produit\/elite-midnight-black\/\" \/>\n<meta property=\"og:site_name\" content=\"NORTVI\" \/>\n<meta property=\"article:modified_time\" content=\"2026-03-16T13:32:17+00:00\" \/>\n<meta property=\"og:image\" content=\"https:\/\/nortvi.com\/wp-content\/uploads\/2025\/12\/front_pocket_leather_midnight_black_45-copy-scaled.jpg\" \/>\n\t<meta property=\"og:image:width\" content=\"3840\" \/>\n\t<meta property=\"og:image:height\" content=\"3840\" \/>\n\t<meta property=\"og:image:type\" content=\"image\/jpeg\" \/>\n<meta name=\"twitter:card\" content=\"summary_large_image\" \/>\n<meta name=\"twitter:label1\" content=\"Prix\" \/>\n\t<meta name=\"twitter:data1\" content=\"&euro;289.00\" \/>\n\t<meta name=\"twitter:label2\" content=\"Disponibilit\u00e9\" \/>\n\t<meta name=\"twitter:data2\" content=\"En stock\" \/>\n<script type=\"application\/ld+json\" class=\"yoast-schema-graph\">{\"@context\":\"https:\\\/\\\/schema.org\",\"@graph\":[{\"@type\":\"WebPage\",\"@id\":\"https:\\\/\\\/nortvi.com\\\/fr\\\/produit\\\/elite-midnight-black\\\/\",\"url\":\"https:\\\/\\\/nortvi.com\\\/fr\\\/produit\\\/elite-midnight-black\\\/\",\"name\":\"Valise Cabine Elite | Avec Poche Avant | Noir | Durable & de qualit\u00e9 sup\u00e9rieure\",\"isPartOf\":{\"@id\":\"https:\\\/\\\/nortvi.com\\\/fr\\\/#website\"},\"primaryImageOfPage\":{\"@id\":\"https:\\\/\\\/nortvi.com\\\/fr\\\/produit\\\/elite-midnight-black\\\/#primaryimage\"},\"image\":{\"@id\":\"https:\\\/\\\/nortvi.com\\\/fr\\\/produit\\\/elite-midnight-black\\\/#primaryimage\"},\"thumbnailUrl\":\"https:\\\/\\\/nortvi.com\\\/wp-content\\\/uploads\\\/2025\\\/12\\\/front_pocket_leather_midnight_black_45-copy-scaled.jpg\",\"datePublished\":\"2025-12-03T14:23:28+00:00\",\"dateModified\":\"2026-03-16T13:32:17+00:00\",\"description\":\"La Valise Elite associe un polycarbonate premium r\u00e9sistant aux rayures avec une durabilit\u00e9 exceptionnelle et un poids r\u00e9duit. Une valise cabine haut de gamme pour les voyageurs qui privil\u00e9gient la fiabilit\u00e9 et le design.\",\"breadcrumb\":{\"@id\":\"https:\\\/\\\/nortvi.com\\\/fr\\\/produit\\\/elite-midnight-black\\\/#breadcrumb\"},\"inLanguage\":\"fr-FR\",\"potentialAction\":[{\"@type\":\"ReadAction\",\"target\":[\"https:\\\/\\\/nortvi.com\\\/fr\\\/produit\\\/elite-midnight-black\\\/\"]}]},{\"@type\":\"ImageObject\",\"inLanguage\":\"fr-FR\",\"@id\":\"https:\\\/\\\/nortvi.com\\\/fr\\\/produit\\\/elite-midnight-black\\\/#primaryimage\",\"url\":\"https:\\\/\\\/nortvi.com\\\/wp-content\\\/uploads\\\/2025\\\/12\\\/front_pocket_leather_midnight_black_45-copy-scaled.jpg\",\"contentUrl\":\"https:\\\/\\\/nortvi.com\\\/wp-content\\\/uploads\\\/2025\\\/12\\\/front_pocket_leather_midnight_black_45-copy-scaled.jpg\",\"width\":3840,\"height\":3840},{\"@type\":\"BreadcrumbList\",\"@id\":\"https:\\\/\\\/nortvi.com\\\/fr\\\/produit\\\/elite-midnight-black\\\/#breadcrumb\",\"itemListElement\":[{\"@type\":\"ListItem\",\"position\":1,\"name\":\"Home\",\"item\":\"https:\\\/\\\/nortvi.com\\\/fr\\\/\"},{\"@type\":\"ListItem\",\"position\":2,\"name\":\"Shop\",\"item\":\"https:\\\/\\\/nortvi.com\\\/fr\\\/shop\\\/\"},{\"@type\":\"ListItem\",\"position\":3,\"name\":\"Valises Cabine\",\"item\":\"https:\\\/\\\/nortvi.com\\\/fr\\\/cabin-luggage-fr\\\/\"},{\"@type\":\"ListItem\",\"position\":4,\"name\":\"Elite\",\"item\":\"https:\\\/\\\/nortvi.com\\\/fr\\\/cabin-luggage-fr\\\/elite-fr\\\/\"},{\"@type\":\"ListItem\",\"position\":5,\"name\":\"Elite Midnight Black\"}]},{\"@type\":\"WebSite\",\"@id\":\"https:\\\/\\\/nortvi.com\\\/fr\\\/#website\",\"url\":\"https:\\\/\\\/nortvi.com\\\/fr\\\/\",\"name\":\"NORTVI\",\"description\":\"Sustainable travel gear\",\"publisher\":{\"@id\":\"https:\\\/\\\/nortvi.com\\\/fr\\\/#organization\"},\"potentialAction\":[{\"@type\":\"SearchAction\",\"target\":{\"@type\":\"EntryPoint\",\"urlTemplate\":\"https:\\\/\\\/nortvi.com\\\/fr\\\/?s={search_term_string}\"},\"query-input\":{\"@type\":\"PropertyValueSpecification\",\"valueRequired\":true,\"valueName\":\"search_term_string\"}}],\"inLanguage\":\"fr-FR\"},{\"@type\":\"Organization\",\"@id\":\"https:\\\/\\\/nortvi.com\\\/fr\\\/#organization\",\"name\":\"NORTVI\",\"url\":\"https:\\\/\\\/nortvi.com\\\/fr\\\/\",\"logo\":{\"@type\":\"ImageObject\",\"inLanguage\":\"fr-FR\",\"@id\":\"https:\\\/\\\/nortvi.com\\\/fr\\\/#\\\/schema\\\/logo\\\/image\\\/\",\"url\":\"https:\\\/\\\/nortvi.com\\\/wp-content\\\/uploads\\\/2023\\\/09\\\/cropped-logo-footer.png\",\"contentUrl\":\"https:\\\/\\\/nortvi.com\\\/wp-content\\\/uploads\\\/2023\\\/09\\\/cropped-logo-footer.png\",\"width\":300,\"height\":46,\"caption\":\"NORTVI\"},\"image\":{\"@id\":\"https:\\\/\\\/nortvi.com\\\/fr\\\/#\\\/schema\\\/logo\\\/image\\\/\"},\"sameAs\":[\"https:\\\/\\\/www.instagram.com\\\/nortvi\\\/\"]}]}<\/script>\n<meta property=\"product:price:amount\" content=\"289.00\" \/>\n<meta property=\"product:price:currency\" content=\"EUR\" \/>\n<meta property=\"og:availability\" content=\"instock\" \/>\n<meta property=\"product:availability\" content=\"instock\" \/>\n<meta property=\"product:retailer_item_id\" content=\"8720618379962\" \/>\n<meta property=\"product:condition\" content=\"new\" \/>\n<!-- \/ Yoast SEO Premium plugin. -->","yoast_head_json":{"title":"Valise Cabine Elite | Avec Poche Avant | Noir | Durable & de qualit\u00e9 sup\u00e9rieure","description":"La Valise Elite associe un polycarbonate premium r\u00e9sistant aux rayures avec une durabilit\u00e9 exceptionnelle et un poids r\u00e9duit. Une valise cabine haut de gamme pour les voyageurs qui privil\u00e9gient la fiabilit\u00e9 et le design.","robots":{"index":"index","follow":"follow","max-snippet":"max-snippet:-1","max-image-preview":"max-image-preview:large","max-video-preview":"max-video-preview:-1"},"canonical":"https:\/\/nortvi.com\/fr\/produit\/elite-midnight-black\/","og_locale":"fr_FR","og_type":"article","og_title":"Elite Midnight Black","og_description":"La Valise Elite associe un polycarbonate premium r\u00e9sistant aux rayures avec une durabilit\u00e9 exceptionnelle et un poids r\u00e9duit. Une valise cabine haut de gamme pour les voyageurs qui privil\u00e9gient la fiabilit\u00e9 et le design.","og_url":"https:\/\/nortvi.com\/fr\/produit\/elite-midnight-black\/","og_site_name":"NORTVI","article_modified_time":"2026-03-16T13:32:17+00:00","og_image":[{"width":3840,"height":3840,"url":"https:\/\/nortvi.com\/wp-content\/uploads\/2025\/12\/front_pocket_leather_midnight_black_45-copy-scaled.jpg","type":"image\/jpeg"}],"twitter_card":"summary_large_image","twitter_misc":{"Prix":"&euro;289.00","Disponibilit\u00e9":"En stock"},"schema":{"@context":"https:\/\/schema.org","@graph":[{"@type":"WebPage","@id":"https:\/\/nortvi.com\/fr\/produit\/elite-midnight-black\/","url":"https:\/\/nortvi.com\/fr\/produit\/elite-midnight-black\/","name":"Valise Cabine Elite | Avec Poche Avant | Noir | Durable & de qualit\u00e9 sup\u00e9rieure","isPartOf":{"@id":"https:\/\/nortvi.com\/fr\/#website"},"primaryImageOfPage":{"@id":"https:\/\/nortvi.com\/fr\/produit\/elite-midnight-black\/#primaryimage"},"image":{"@id":"https:\/\/nortvi.com\/fr\/produit\/elite-midnight-black\/#primaryimage"},"thumbnailUrl":"https:\/\/nortvi.com\/wp-content\/uploads\/2025\/12\/front_pocket_leather_midnight_black_45-copy-scaled.jpg","datePublished":"2025-12-03T14:23:28+00:00","dateModified":"2026-03-16T13:32:17+00:00","description":"La Valise Elite associe un polycarbonate premium r\u00e9sistant aux rayures avec une durabilit\u00e9 exceptionnelle et un poids r\u00e9duit. Une valise cabine haut de gamme pour les voyageurs qui privil\u00e9gient la fiabilit\u00e9 et le design.","breadcrumb":{"@id":"https:\/\/nortvi.com\/fr\/produit\/elite-midnight-black\/#breadcrumb"},"inLanguage":"fr-FR","potentialAction":[{"@type":"ReadAction","target":["https:\/\/nortvi.com\/fr\/produit\/elite-midnight-black\/"]}]},{"@type":"ImageObject","inLanguage":"fr-FR","@id":"https:\/\/nortvi.com\/fr\/produit\/elite-midnight-black\/#primaryimage","url":"https:\/\/nortvi.com\/wp-content\/uploads\/2025\/12\/front_pocket_leather_midnight_black_45-copy-scaled.jpg","contentUrl":"https:\/\/nortvi.com\/wp-content\/uploads\/2025\/12\/front_pocket_leather_midnight_black_45-copy-scaled.jpg","width":3840,"height":3840},{"@type":"BreadcrumbList","@id":"https:\/\/nortvi.com\/fr\/produit\/elite-midnight-black\/#breadcrumb","itemListElement":[{"@type":"ListItem","position":1,"name":"Home","item":"https:\/\/nortvi.com\/fr\/"},{"@type":"ListItem","position":2,"name":"Shop","item":"https:\/\/nortvi.com\/fr\/shop\/"},{"@type":"ListItem","position":3,"name":"Valises Cabine","item":"https:\/\/nortvi.com\/fr\/cabin-luggage-fr\/"},{"@type":"ListItem","position":4,"name":"Elite","item":"https:\/\/nortvi.com\/fr\/cabin-luggage-fr\/elite-fr\/"},{"@type":"ListItem","position":5,"name":"Elite Midnight Black"}]},{"@type":"WebSite","@id":"https:\/\/nortvi.com\/fr\/#website","url":"https:\/\/nortvi.com\/fr\/","name":"NORTVI","description":"Sustainable travel gear","publisher":{"@id":"https:\/\/nortvi.com\/fr\/#organization"},"potentialAction":[{"@type":"SearchAction","target":{"@type":"EntryPoint","urlTemplate":"https:\/\/nortvi.com\/fr\/?s={search_term_string}"},"query-input":{"@type":"PropertyValueSpecification","valueRequired":true,"valueName":"search_term_string"}}],"inLanguage":"fr-FR"},{"@type":"Organization","@id":"https:\/\/nortvi.com\/fr\/#organization","name":"NORTVI","url":"https:\/\/nortvi.com\/fr\/","logo":{"@type":"ImageObject","inLanguage":"fr-FR","@id":"https:\/\/nortvi.com\/fr\/#\/schema\/logo\/image\/","url":"https:\/\/nortvi.com\/wp-content\/uploads\/2023\/09\/cropped-logo-footer.png","contentUrl":"https:\/\/nortvi.com\/wp-content\/uploads\/2023\/09\/cropped-logo-footer.png","width":300,"height":46,"caption":"NORTVI"},"image":{"@id":"https:\/\/nortvi.com\/fr\/#\/schema\/logo\/image\/"},"sameAs":["https:\/\/www.instagram.com\/nortvi\/"]}]},"product_price_amount":"289.00","product_price_currency":"EUR","og_availability":"instock","product_availability":"instock","product_retailer_item_id":"8720618379962","product_condition":"new"},"_links":{"self":[{"href":"https:\/\/nortvi.com\/fr\/wp-json\/wp\/v2\/product\/357196","targetHints":{"allow":["GET"]}}],"collection":[{"href":"https:\/\/nortvi.com\/fr\/wp-json\/wp\/v2\/product"}],"about":[{"href":"https:\/\/nortvi.com\/fr\/wp-json\/wp\/v2\/types\/product"}],"version-history":[{"count":0,"href":"https:\/\/nortvi.com\/fr\/wp-json\/wp\/v2\/product\/357196\/revisions"}],"wp:featuredmedia":[{"embeddable":true,"href":"https:\/\/nortvi.com\/fr\/wp-json\/wp\/v2\/media\/357318"}],"wp:attachment":[{"href":"https:\/\/nortvi.com\/fr\/wp-json\/wp\/v2\/media?parent=357196"}],"wp:term":[{"taxonomy":"product_brand","embeddable":true,"href":"https:\/\/nortvi.com\/fr\/wp-json\/wp\/v2\/product_brand?post=357196"},{"taxonomy":"product_cat","embeddable":true,"href":"https:\/\/nortvi.com\/fr\/wp-json\/wp\/v2\/product_cat?post=357196"},{"taxonomy":"product_tag","embeddable":true,"href":"https:\/\/nortvi.com\/fr\/wp-json\/wp\/v2\/product_tag?post=357196"}],"curies":[{"name":"wp","href":"https:\/\/api.w.org\/{rel}","templated":true}]}}