{"id":341857,"date":"2025-06-26T14:02:00","date_gmt":"2025-06-27T09:36:53","guid":{"rendered":"https:\/\/nortvi.com\/?post_type=product&#038;p=341857"},"modified":"2026-02-03T13:33:33","modified_gmt":"2026-02-03T12:33:33","slug":"trunk-midnight-black","status":"publish","type":"product","link":"https:\/\/nortvi.com\/fr\/produit\/trunk-midnight-black\/","title":{"rendered":"Trunk Midnight Black"},"content":{"rendered":"\n<p>Le nouveau Trunk n&#8217;est pas qu\u2019une simple am\u00e9lioration, il \u00e9tablit un nouveau standard de voyage. Ce bagage de soute haut de gamme est con\u00e7u pour les voyageurs du monde entier, alliant style et fonctionnalit\u00e9. Fabriqu\u00e9 \u00e0 partir de notre mat\u00e9riau haute technologie avec une texture NORTVI unique et renforc\u00e9 d&#8217;aluminium, c&#8217;est la valise la plus robuste sur le tapis roulant. Avec une capacit\u00e9 impressionnante de 120 litres, le Trunk offre un espace incomparable. L\u2019int\u00e9rieur ing\u00e9nieux est parfaitement organis\u00e9, avec plusieurs compartiments et un s\u00e9parateur pour les v\u00eatements, garantissant une organisation optimale et une efficacit\u00e9 maximale lors du rangement. Gr\u00e2ce \u00e0 nos roues Silent Run, vous voyagez partout en silence et sans effort.<\/p>\n","protected":false},"excerpt":{"rendered":"<p>Le nouveau Trunk n&#8217;est pas qu\u2019une simple am\u00e9lioration, il \u00e9tablit un nouveau standard de voyage. Ce bagage de soute haut de gamme est con\u00e7u pour les voyageurs du monde entier, alliant style et fonctionnalit\u00e9. Fabriqu\u00e9 \u00e0 partir de notre mat\u00e9riau haute technologie avec une texture NORTVI unique et renforc\u00e9 d&#8217;aluminium, c&#8217;est la valise la plus robuste sur le tapis roulant. Avec une capacit\u00e9 impressionnante de 120 litres, le Trunk offre un espace incomparable. L\u2019int\u00e9rieur ing\u00e9nieux est parfaitement organis\u00e9, avec plusieurs compartiments et un s\u00e9parateur pour les v\u00eatements, garantissant une organisation optimale et une efficacit\u00e9 maximale lors du rangement. Gr\u00e2ce \u00e0 nos roues Silent Run, vous voyagez partout en silence et sans effort.<\/p>\n","protected":false},"featured_media":341728,"template":"","meta":{"_acf_changed":false,"footnotes":""},"product_brand":[],"product_cat":[393],"product_tag":[],"class_list":{"0":"post-341857","1":"product","2":"type-product","3":"status-publish","4":"has-post-thumbnail","6":"product_cat-trunk","8":"first","9":"instock","10":"taxable","11":"shipping-taxable","12":"purchasable","13":"product-type-simple"},"composite_virtual":false,"composite_layout":"","composite_add_to_cart_form_location":"","composite_editable_in_cart":false,"composite_sold_individually_context":"","composite_shop_price_calc":"","composite_components":[],"composite_scenarios":[],"acf":[],"yoast_head":"<!-- This site is optimized with the Yoast SEO Premium plugin v27.1 (Yoast SEO v27.3) - https:\/\/yoast.com\/product\/yoast-seo-premium-wordpress\/ -->\n<title>Trunk Midnight Black - NORTVI<\/title>\n<meta name=\"robots\" content=\"index, follow, max-snippet:-1, max-image-preview:large, max-video-preview:-1\" \/>\n<link rel=\"canonical\" href=\"https:\/\/nortvi.com\/fr\/produit\/trunk-midnight-black\/\" \/>\n<meta property=\"og:locale\" content=\"fr_FR\" \/>\n<meta property=\"og:type\" content=\"article\" \/>\n<meta property=\"og:title\" content=\"Trunk Midnight Black\" \/>\n<meta property=\"og:description\" content=\"Le nouveau Trunk n&#039;est pas qu\u2019une simple am\u00e9lioration, il \u00e9tablit un nouveau standard de voyage. Ce bagage de soute haut de gamme est con\u00e7u pour les voyageurs du monde entier, alliant style et fonctionnalit\u00e9. Fabriqu\u00e9 \u00e0 partir de notre mat\u00e9riau haute technologie avec une texture NORTVI unique et renforc\u00e9 d&#039;aluminium, c&#039;est la valise la plus robuste sur le tapis roulant. Avec une capacit\u00e9 impressionnante de 120 litres, le Trunk offre un espace incomparable. L\u2019int\u00e9rieur ing\u00e9nieux est parfaitement organis\u00e9, avec plusieurs compartiments et un s\u00e9parateur pour les v\u00eatements, garantissant une organisation optimale et une efficacit\u00e9 maximale lors du rangement. Gr\u00e2ce \u00e0 nos roues Silent Run, vous voyagez partout en silence et sans effort.\" \/>\n<meta property=\"og:url\" content=\"https:\/\/nortvi.com\/fr\/produit\/trunk-midnight-black\/\" \/>\n<meta property=\"og:site_name\" content=\"NORTVI\" \/>\n<meta property=\"article:modified_time\" content=\"2026-02-03T12:33:33+00:00\" \/>\n<meta property=\"og:image\" content=\"https:\/\/nortvi.com\/wp-content\/uploads\/2025\/06\/trunk-midnight-black-45-3-scaled.jpg\" \/>\n\t<meta property=\"og:image:width\" content=\"3840\" \/>\n\t<meta property=\"og:image:height\" content=\"3840\" \/>\n\t<meta property=\"og:image:type\" content=\"image\/jpeg\" \/>\n<meta name=\"twitter:card\" content=\"summary_large_image\" \/>\n<meta name=\"twitter:label1\" content=\"Prix\" \/>\n\t<meta name=\"twitter:data1\" content=\"&euro;379.00\" \/>\n\t<meta name=\"twitter:label2\" content=\"Disponibilit\u00e9\" \/>\n\t<meta name=\"twitter:data2\" content=\"En stock\" \/>\n<script type=\"application\/ld+json\" class=\"yoast-schema-graph\">{\"@context\":\"https:\\\/\\\/schema.org\",\"@graph\":[{\"@type\":\"WebPage\",\"@id\":\"https:\\\/\\\/nortvi.com\\\/fr\\\/produit\\\/trunk-midnight-black\\\/\",\"url\":\"https:\\\/\\\/nortvi.com\\\/fr\\\/produit\\\/trunk-midnight-black\\\/\",\"name\":\"Trunk Midnight Black - NORTVI\",\"isPartOf\":{\"@id\":\"https:\\\/\\\/nortvi.com\\\/fr\\\/#website\"},\"primaryImageOfPage\":{\"@id\":\"https:\\\/\\\/nortvi.com\\\/fr\\\/produit\\\/trunk-midnight-black\\\/#primaryimage\"},\"image\":{\"@id\":\"https:\\\/\\\/nortvi.com\\\/fr\\\/produit\\\/trunk-midnight-black\\\/#primaryimage\"},\"thumbnailUrl\":\"https:\\\/\\\/nortvi.com\\\/wp-content\\\/uploads\\\/2025\\\/06\\\/trunk-midnight-black-45-3-scaled.jpg\",\"datePublished\":\"2025-06-27T09:36:53+00:00\",\"dateModified\":\"2026-02-03T12:33:33+00:00\",\"breadcrumb\":{\"@id\":\"https:\\\/\\\/nortvi.com\\\/fr\\\/produit\\\/trunk-midnight-black\\\/#breadcrumb\"},\"inLanguage\":\"fr-FR\",\"potentialAction\":[{\"@type\":\"ReadAction\",\"target\":[\"https:\\\/\\\/nortvi.com\\\/fr\\\/produit\\\/trunk-midnight-black\\\/\"]}]},{\"@type\":\"ImageObject\",\"inLanguage\":\"fr-FR\",\"@id\":\"https:\\\/\\\/nortvi.com\\\/fr\\\/produit\\\/trunk-midnight-black\\\/#primaryimage\",\"url\":\"https:\\\/\\\/nortvi.com\\\/wp-content\\\/uploads\\\/2025\\\/06\\\/trunk-midnight-black-45-3-scaled.jpg\",\"contentUrl\":\"https:\\\/\\\/nortvi.com\\\/wp-content\\\/uploads\\\/2025\\\/06\\\/trunk-midnight-black-45-3-scaled.jpg\",\"width\":3840,\"height\":3840,\"caption\":\"trunk-midnight-black-\"},{\"@type\":\"BreadcrumbList\",\"@id\":\"https:\\\/\\\/nortvi.com\\\/fr\\\/produit\\\/trunk-midnight-black\\\/#breadcrumb\",\"itemListElement\":[{\"@type\":\"ListItem\",\"position\":1,\"name\":\"Home\",\"item\":\"https:\\\/\\\/nortvi.com\\\/fr\\\/\"},{\"@type\":\"ListItem\",\"position\":2,\"name\":\"Shop\",\"item\":\"https:\\\/\\\/nortvi.com\\\/fr\\\/shop\\\/\"},{\"@type\":\"ListItem\",\"position\":3,\"name\":\"Valises en Soute\",\"item\":\"https:\\\/\\\/nortvi.com\\\/fr\\\/check-in\\\/\"},{\"@type\":\"ListItem\",\"position\":4,\"name\":\"Trunk\",\"item\":\"https:\\\/\\\/nortvi.com\\\/fr\\\/check-in\\\/trunk\\\/\"},{\"@type\":\"ListItem\",\"position\":5,\"name\":\"Trunk Midnight Black\"}]},{\"@type\":\"WebSite\",\"@id\":\"https:\\\/\\\/nortvi.com\\\/fr\\\/#website\",\"url\":\"https:\\\/\\\/nortvi.com\\\/fr\\\/\",\"name\":\"NORTVI\",\"description\":\"Sustainable travel gear\",\"publisher\":{\"@id\":\"https:\\\/\\\/nortvi.com\\\/fr\\\/#organization\"},\"potentialAction\":[{\"@type\":\"SearchAction\",\"target\":{\"@type\":\"EntryPoint\",\"urlTemplate\":\"https:\\\/\\\/nortvi.com\\\/fr\\\/?s={search_term_string}\"},\"query-input\":{\"@type\":\"PropertyValueSpecification\",\"valueRequired\":true,\"valueName\":\"search_term_string\"}}],\"inLanguage\":\"fr-FR\"},{\"@type\":\"Organization\",\"@id\":\"https:\\\/\\\/nortvi.com\\\/fr\\\/#organization\",\"name\":\"NORTVI\",\"url\":\"https:\\\/\\\/nortvi.com\\\/fr\\\/\",\"logo\":{\"@type\":\"ImageObject\",\"inLanguage\":\"fr-FR\",\"@id\":\"https:\\\/\\\/nortvi.com\\\/fr\\\/#\\\/schema\\\/logo\\\/image\\\/\",\"url\":\"https:\\\/\\\/nortvi.com\\\/wp-content\\\/uploads\\\/2023\\\/09\\\/cropped-logo-footer.png\",\"contentUrl\":\"https:\\\/\\\/nortvi.com\\\/wp-content\\\/uploads\\\/2023\\\/09\\\/cropped-logo-footer.png\",\"width\":300,\"height\":46,\"caption\":\"NORTVI\"},\"image\":{\"@id\":\"https:\\\/\\\/nortvi.com\\\/fr\\\/#\\\/schema\\\/logo\\\/image\\\/\"},\"sameAs\":[\"https:\\\/\\\/www.instagram.com\\\/nortvi\\\/\"]}]}<\/script>\n<meta property=\"product:price:amount\" content=\"379.00\" \/>\n<meta property=\"product:price:currency\" content=\"EUR\" \/>\n<meta property=\"og:availability\" content=\"instock\" \/>\n<meta property=\"product:availability\" content=\"instock\" \/>\n<meta property=\"product:retailer_item_id\" content=\"8720618379900\" \/>\n<meta property=\"product:condition\" content=\"new\" \/>\n<!-- \/ Yoast SEO Premium plugin. -->","yoast_head_json":{"title":"Trunk Midnight Black - NORTVI","robots":{"index":"index","follow":"follow","max-snippet":"max-snippet:-1","max-image-preview":"max-image-preview:large","max-video-preview":"max-video-preview:-1"},"canonical":"https:\/\/nortvi.com\/fr\/produit\/trunk-midnight-black\/","og_locale":"fr_FR","og_type":"article","og_title":"Trunk Midnight Black","og_description":"Le nouveau Trunk n'est pas qu\u2019une simple am\u00e9lioration, il \u00e9tablit un nouveau standard de voyage. Ce bagage de soute haut de gamme est con\u00e7u pour les voyageurs du monde entier, alliant style et fonctionnalit\u00e9. Fabriqu\u00e9 \u00e0 partir de notre mat\u00e9riau haute technologie avec une texture NORTVI unique et renforc\u00e9 d'aluminium, c'est la valise la plus robuste sur le tapis roulant. Avec une capacit\u00e9 impressionnante de 120 litres, le Trunk offre un espace incomparable. L\u2019int\u00e9rieur ing\u00e9nieux est parfaitement organis\u00e9, avec plusieurs compartiments et un s\u00e9parateur pour les v\u00eatements, garantissant une organisation optimale et une efficacit\u00e9 maximale lors du rangement. Gr\u00e2ce \u00e0 nos roues Silent Run, vous voyagez partout en silence et sans effort.","og_url":"https:\/\/nortvi.com\/fr\/produit\/trunk-midnight-black\/","og_site_name":"NORTVI","article_modified_time":"2026-02-03T12:33:33+00:00","og_image":[{"width":3840,"height":3840,"url":"https:\/\/nortvi.com\/wp-content\/uploads\/2025\/06\/trunk-midnight-black-45-3-scaled.jpg","type":"image\/jpeg"}],"twitter_card":"summary_large_image","twitter_misc":{"Prix":"&euro;379.00","Disponibilit\u00e9":"En stock"},"schema":{"@context":"https:\/\/schema.org","@graph":[{"@type":"WebPage","@id":"https:\/\/nortvi.com\/fr\/produit\/trunk-midnight-black\/","url":"https:\/\/nortvi.com\/fr\/produit\/trunk-midnight-black\/","name":"Trunk Midnight Black - NORTVI","isPartOf":{"@id":"https:\/\/nortvi.com\/fr\/#website"},"primaryImageOfPage":{"@id":"https:\/\/nortvi.com\/fr\/produit\/trunk-midnight-black\/#primaryimage"},"image":{"@id":"https:\/\/nortvi.com\/fr\/produit\/trunk-midnight-black\/#primaryimage"},"thumbnailUrl":"https:\/\/nortvi.com\/wp-content\/uploads\/2025\/06\/trunk-midnight-black-45-3-scaled.jpg","datePublished":"2025-06-27T09:36:53+00:00","dateModified":"2026-02-03T12:33:33+00:00","breadcrumb":{"@id":"https:\/\/nortvi.com\/fr\/produit\/trunk-midnight-black\/#breadcrumb"},"inLanguage":"fr-FR","potentialAction":[{"@type":"ReadAction","target":["https:\/\/nortvi.com\/fr\/produit\/trunk-midnight-black\/"]}]},{"@type":"ImageObject","inLanguage":"fr-FR","@id":"https:\/\/nortvi.com\/fr\/produit\/trunk-midnight-black\/#primaryimage","url":"https:\/\/nortvi.com\/wp-content\/uploads\/2025\/06\/trunk-midnight-black-45-3-scaled.jpg","contentUrl":"https:\/\/nortvi.com\/wp-content\/uploads\/2025\/06\/trunk-midnight-black-45-3-scaled.jpg","width":3840,"height":3840,"caption":"trunk-midnight-black-"},{"@type":"BreadcrumbList","@id":"https:\/\/nortvi.com\/fr\/produit\/trunk-midnight-black\/#breadcrumb","itemListElement":[{"@type":"ListItem","position":1,"name":"Home","item":"https:\/\/nortvi.com\/fr\/"},{"@type":"ListItem","position":2,"name":"Shop","item":"https:\/\/nortvi.com\/fr\/shop\/"},{"@type":"ListItem","position":3,"name":"Valises en Soute","item":"https:\/\/nortvi.com\/fr\/check-in\/"},{"@type":"ListItem","position":4,"name":"Trunk","item":"https:\/\/nortvi.com\/fr\/check-in\/trunk\/"},{"@type":"ListItem","position":5,"name":"Trunk Midnight Black"}]},{"@type":"WebSite","@id":"https:\/\/nortvi.com\/fr\/#website","url":"https:\/\/nortvi.com\/fr\/","name":"NORTVI","description":"Sustainable travel gear","publisher":{"@id":"https:\/\/nortvi.com\/fr\/#organization"},"potentialAction":[{"@type":"SearchAction","target":{"@type":"EntryPoint","urlTemplate":"https:\/\/nortvi.com\/fr\/?s={search_term_string}"},"query-input":{"@type":"PropertyValueSpecification","valueRequired":true,"valueName":"search_term_string"}}],"inLanguage":"fr-FR"},{"@type":"Organization","@id":"https:\/\/nortvi.com\/fr\/#organization","name":"NORTVI","url":"https:\/\/nortvi.com\/fr\/","logo":{"@type":"ImageObject","inLanguage":"fr-FR","@id":"https:\/\/nortvi.com\/fr\/#\/schema\/logo\/image\/","url":"https:\/\/nortvi.com\/wp-content\/uploads\/2023\/09\/cropped-logo-footer.png","contentUrl":"https:\/\/nortvi.com\/wp-content\/uploads\/2023\/09\/cropped-logo-footer.png","width":300,"height":46,"caption":"NORTVI"},"image":{"@id":"https:\/\/nortvi.com\/fr\/#\/schema\/logo\/image\/"},"sameAs":["https:\/\/www.instagram.com\/nortvi\/"]}]},"product_price_amount":"379.00","product_price_currency":"EUR","og_availability":"instock","product_availability":"instock","product_retailer_item_id":"8720618379900","product_condition":"new"},"_links":{"self":[{"href":"https:\/\/nortvi.com\/fr\/wp-json\/wp\/v2\/product\/341857","targetHints":{"allow":["GET"]}}],"collection":[{"href":"https:\/\/nortvi.com\/fr\/wp-json\/wp\/v2\/product"}],"about":[{"href":"https:\/\/nortvi.com\/fr\/wp-json\/wp\/v2\/types\/product"}],"version-history":[{"count":0,"href":"https:\/\/nortvi.com\/fr\/wp-json\/wp\/v2\/product\/341857\/revisions"}],"wp:featuredmedia":[{"embeddable":true,"href":"https:\/\/nortvi.com\/fr\/wp-json\/wp\/v2\/media\/341728"}],"wp:attachment":[{"href":"https:\/\/nortvi.com\/fr\/wp-json\/wp\/v2\/media?parent=341857"}],"wp:term":[{"taxonomy":"product_brand","embeddable":true,"href":"https:\/\/nortvi.com\/fr\/wp-json\/wp\/v2\/product_brand?post=341857"},{"taxonomy":"product_cat","embeddable":true,"href":"https:\/\/nortvi.com\/fr\/wp-json\/wp\/v2\/product_cat?post=341857"},{"taxonomy":"product_tag","embeddable":true,"href":"https:\/\/nortvi.com\/fr\/wp-json\/wp\/v2\/product_tag?post=341857"}],"curies":[{"name":"wp","href":"https:\/\/api.w.org\/{rel}","templated":true}]}}