{"id":325937,"date":"2025-01-23T08:45:29","date_gmt":"2025-01-23T08:04:02","guid":{"rendered":"https:\/\/nortvi.com\/?post_type=product&#038;p=325937"},"modified":"2026-03-31T16:44:43","modified_gmt":"2026-03-31T14:44:43","slug":"puffer-small-beige","status":"publish","type":"product","link":"https:\/\/nortvi.com\/fr\/produit\/puffer-small-beige\/","title":{"rendered":"Puffer Beige"},"content":{"rendered":"\n<p>Une version compacte de notre c\u00e9l\u00e8bre Puffer. Ce sac \u00e9l\u00e9gant est con\u00e7u \u00e0 la main et fabriqu\u00e9 \u00e0 partir de mat\u00e9riaux 100 % \u00e9cologiques. Fabriqu\u00e9 avec soin, il est imperm\u00e9able, ce qui le rend parfait pour toutes les occasions. Le Puffer S offre un compartiment de rangement \u00e0 l&#8217;int\u00e9rieur et est le sac id\u00e9al pour tous vos d\u00e9placements quotidiens.<\/p>\n\n\n\n<p><\/p>\n","protected":false},"excerpt":{"rendered":"<p><span data-sheets-root=\"1\">Une version compacte de notre c\u00e9l\u00e8bre Puffer. Ce sac \u00e9l\u00e9gant est con\u00e7u \u00e0 la main et fabriqu\u00e9 \u00e0 partir de mat\u00e9riaux 100 % \u00e9cologiques. Fabriqu\u00e9 avec soin, il est imperm\u00e9able, ce qui le rend parfait pour toutes les occasions. Le Puffer S offre un compartiment de rangement \u00e0 l&#8217;int\u00e9rieur et est le sac id\u00e9al pour tous vos d\u00e9placements quotidiens. <\/span><\/p>\n","protected":false},"featured_media":345779,"template":"","meta":{"_acf_changed":false,"footnotes":""},"product_brand":[],"product_cat":[368],"product_tag":[],"class_list":{"0":"post-325937","1":"product","2":"type-product","3":"status-publish","4":"has-post-thumbnail","6":"product_cat-sac-matelasse","8":"first","9":"instock","10":"taxable","11":"shipping-taxable","12":"purchasable","13":"product-type-simple"},"composite_virtual":false,"composite_layout":"","composite_add_to_cart_form_location":"","composite_editable_in_cart":false,"composite_sold_individually_context":"","composite_shop_price_calc":"","composite_components":[],"composite_scenarios":[],"acf":[],"yoast_head":"<!-- This site is optimized with the Yoast SEO Premium plugin v27.1 (Yoast SEO v27.3) - https:\/\/yoast.com\/product\/yoast-seo-premium-wordpress\/ -->\n<title>Puffer Beige - NORTVI<\/title>\n<meta name=\"robots\" content=\"index, follow, max-snippet:-1, max-image-preview:large, max-video-preview:-1\" \/>\n<link rel=\"canonical\" href=\"https:\/\/nortvi.com\/fr\/produit\/puffer-small-beige\/\" \/>\n<meta property=\"og:locale\" content=\"fr_FR\" \/>\n<meta property=\"og:type\" content=\"article\" \/>\n<meta property=\"og:title\" content=\"Puffer Beige\" \/>\n<meta property=\"og:description\" content=\"Une version compacte de notre c\u00e9l\u00e8bre Puffer. Ce sac \u00e9l\u00e9gant est con\u00e7u \u00e0 la main et fabriqu\u00e9 \u00e0 partir de mat\u00e9riaux 100 % \u00e9cologiques. Fabriqu\u00e9 avec soin, il est imperm\u00e9able, ce qui le rend parfait pour toutes les occasions. Le Puffer S offre un compartiment de rangement \u00e0 l&#039;int\u00e9rieur et est le sac id\u00e9al pour tous vos d\u00e9placements quotidiens.\" \/>\n<meta property=\"og:url\" content=\"https:\/\/nortvi.com\/fr\/produit\/puffer-small-beige\/\" \/>\n<meta property=\"og:site_name\" content=\"NORTVI\" \/>\n<meta property=\"article:modified_time\" content=\"2026-03-31T14:44:43+00:00\" \/>\n<meta property=\"og:image\" content=\"https:\/\/nortvi.com\/wp-content\/uploads\/2025\/01\/puffer-beige-voorkant-2-scaled.jpg\" \/>\n\t<meta property=\"og:image:width\" content=\"3840\" \/>\n\t<meta property=\"og:image:height\" content=\"3840\" \/>\n\t<meta property=\"og:image:type\" content=\"image\/jpeg\" \/>\n<meta name=\"twitter:card\" content=\"summary_large_image\" \/>\n<meta name=\"twitter:label1\" content=\"Prix\" \/>\n\t<meta name=\"twitter:data1\" content=\"&euro;119.00\" \/>\n\t<meta name=\"twitter:label2\" content=\"Disponibilit\u00e9\" \/>\n\t<meta name=\"twitter:data2\" content=\"En stock\" \/>\n<script type=\"application\/ld+json\" class=\"yoast-schema-graph\">{\"@context\":\"https:\\\/\\\/schema.org\",\"@graph\":[{\"@type\":\"WebPage\",\"@id\":\"https:\\\/\\\/nortvi.com\\\/fr\\\/produit\\\/puffer-small-beige\\\/\",\"url\":\"https:\\\/\\\/nortvi.com\\\/fr\\\/produit\\\/puffer-small-beige\\\/\",\"name\":\"Puffer Beige - NORTVI\",\"isPartOf\":{\"@id\":\"https:\\\/\\\/nortvi.com\\\/fr\\\/#website\"},\"primaryImageOfPage\":{\"@id\":\"https:\\\/\\\/nortvi.com\\\/fr\\\/produit\\\/puffer-small-beige\\\/#primaryimage\"},\"image\":{\"@id\":\"https:\\\/\\\/nortvi.com\\\/fr\\\/produit\\\/puffer-small-beige\\\/#primaryimage\"},\"thumbnailUrl\":\"https:\\\/\\\/nortvi.com\\\/wp-content\\\/uploads\\\/2025\\\/01\\\/puffer-beige-voorkant-2-scaled.jpg\",\"datePublished\":\"2025-01-23T08:04:02+00:00\",\"dateModified\":\"2026-03-31T14:44:43+00:00\",\"breadcrumb\":{\"@id\":\"https:\\\/\\\/nortvi.com\\\/fr\\\/produit\\\/puffer-small-beige\\\/#breadcrumb\"},\"inLanguage\":\"fr-FR\",\"potentialAction\":[{\"@type\":\"ReadAction\",\"target\":[\"https:\\\/\\\/nortvi.com\\\/fr\\\/produit\\\/puffer-small-beige\\\/\"]}]},{\"@type\":\"ImageObject\",\"inLanguage\":\"fr-FR\",\"@id\":\"https:\\\/\\\/nortvi.com\\\/fr\\\/produit\\\/puffer-small-beige\\\/#primaryimage\",\"url\":\"https:\\\/\\\/nortvi.com\\\/wp-content\\\/uploads\\\/2025\\\/01\\\/puffer-beige-voorkant-2-scaled.jpg\",\"contentUrl\":\"https:\\\/\\\/nortvi.com\\\/wp-content\\\/uploads\\\/2025\\\/01\\\/puffer-beige-voorkant-2-scaled.jpg\",\"width\":3840,\"height\":3840},{\"@type\":\"BreadcrumbList\",\"@id\":\"https:\\\/\\\/nortvi.com\\\/fr\\\/produit\\\/puffer-small-beige\\\/#breadcrumb\",\"itemListElement\":[{\"@type\":\"ListItem\",\"position\":1,\"name\":\"Home\",\"item\":\"https:\\\/\\\/nortvi.com\\\/fr\\\/\"},{\"@type\":\"ListItem\",\"position\":2,\"name\":\"Shop\",\"item\":\"https:\\\/\\\/nortvi.com\\\/fr\\\/shop\\\/\"},{\"@type\":\"ListItem\",\"position\":3,\"name\":\"Sacs\",\"item\":\"https:\\\/\\\/nortvi.com\\\/fr\\\/sacs\\\/\"},{\"@type\":\"ListItem\",\"position\":4,\"name\":\"Puffer\",\"item\":\"https:\\\/\\\/nortvi.com\\\/fr\\\/sacs\\\/sac-matelasse\\\/\"},{\"@type\":\"ListItem\",\"position\":5,\"name\":\"Puffer Beige\"}]},{\"@type\":\"WebSite\",\"@id\":\"https:\\\/\\\/nortvi.com\\\/fr\\\/#website\",\"url\":\"https:\\\/\\\/nortvi.com\\\/fr\\\/\",\"name\":\"NORTVI\",\"description\":\"Sustainable travel gear\",\"publisher\":{\"@id\":\"https:\\\/\\\/nortvi.com\\\/fr\\\/#organization\"},\"potentialAction\":[{\"@type\":\"SearchAction\",\"target\":{\"@type\":\"EntryPoint\",\"urlTemplate\":\"https:\\\/\\\/nortvi.com\\\/fr\\\/?s={search_term_string}\"},\"query-input\":{\"@type\":\"PropertyValueSpecification\",\"valueRequired\":true,\"valueName\":\"search_term_string\"}}],\"inLanguage\":\"fr-FR\"},{\"@type\":\"Organization\",\"@id\":\"https:\\\/\\\/nortvi.com\\\/fr\\\/#organization\",\"name\":\"NORTVI\",\"url\":\"https:\\\/\\\/nortvi.com\\\/fr\\\/\",\"logo\":{\"@type\":\"ImageObject\",\"inLanguage\":\"fr-FR\",\"@id\":\"https:\\\/\\\/nortvi.com\\\/fr\\\/#\\\/schema\\\/logo\\\/image\\\/\",\"url\":\"https:\\\/\\\/nortvi.com\\\/wp-content\\\/uploads\\\/2023\\\/09\\\/cropped-logo-footer.png\",\"contentUrl\":\"https:\\\/\\\/nortvi.com\\\/wp-content\\\/uploads\\\/2023\\\/09\\\/cropped-logo-footer.png\",\"width\":300,\"height\":46,\"caption\":\"NORTVI\"},\"image\":{\"@id\":\"https:\\\/\\\/nortvi.com\\\/fr\\\/#\\\/schema\\\/logo\\\/image\\\/\"},\"sameAs\":[\"https:\\\/\\\/www.instagram.com\\\/nortvi\\\/\"]}]}<\/script>\n<meta property=\"product:price:amount\" content=\"119.00\" \/>\n<meta property=\"product:price:currency\" content=\"EUR\" \/>\n<meta property=\"og:availability\" content=\"instock\" \/>\n<meta property=\"product:availability\" content=\"instock\" \/>\n<meta property=\"product:retailer_item_id\" content=\"8720618379733\" \/>\n<meta property=\"product:condition\" content=\"new\" \/>\n<!-- \/ Yoast SEO Premium plugin. -->","yoast_head_json":{"title":"Puffer Beige - NORTVI","robots":{"index":"index","follow":"follow","max-snippet":"max-snippet:-1","max-image-preview":"max-image-preview:large","max-video-preview":"max-video-preview:-1"},"canonical":"https:\/\/nortvi.com\/fr\/produit\/puffer-small-beige\/","og_locale":"fr_FR","og_type":"article","og_title":"Puffer Beige","og_description":"Une version compacte de notre c\u00e9l\u00e8bre Puffer. Ce sac \u00e9l\u00e9gant est con\u00e7u \u00e0 la main et fabriqu\u00e9 \u00e0 partir de mat\u00e9riaux 100 % \u00e9cologiques. Fabriqu\u00e9 avec soin, il est imperm\u00e9able, ce qui le rend parfait pour toutes les occasions. Le Puffer S offre un compartiment de rangement \u00e0 l'int\u00e9rieur et est le sac id\u00e9al pour tous vos d\u00e9placements quotidiens.","og_url":"https:\/\/nortvi.com\/fr\/produit\/puffer-small-beige\/","og_site_name":"NORTVI","article_modified_time":"2026-03-31T14:44:43+00:00","og_image":[{"width":3840,"height":3840,"url":"https:\/\/nortvi.com\/wp-content\/uploads\/2025\/01\/puffer-beige-voorkant-2-scaled.jpg","type":"image\/jpeg"}],"twitter_card":"summary_large_image","twitter_misc":{"Prix":"&euro;119.00","Disponibilit\u00e9":"En stock"},"schema":{"@context":"https:\/\/schema.org","@graph":[{"@type":"WebPage","@id":"https:\/\/nortvi.com\/fr\/produit\/puffer-small-beige\/","url":"https:\/\/nortvi.com\/fr\/produit\/puffer-small-beige\/","name":"Puffer Beige - NORTVI","isPartOf":{"@id":"https:\/\/nortvi.com\/fr\/#website"},"primaryImageOfPage":{"@id":"https:\/\/nortvi.com\/fr\/produit\/puffer-small-beige\/#primaryimage"},"image":{"@id":"https:\/\/nortvi.com\/fr\/produit\/puffer-small-beige\/#primaryimage"},"thumbnailUrl":"https:\/\/nortvi.com\/wp-content\/uploads\/2025\/01\/puffer-beige-voorkant-2-scaled.jpg","datePublished":"2025-01-23T08:04:02+00:00","dateModified":"2026-03-31T14:44:43+00:00","breadcrumb":{"@id":"https:\/\/nortvi.com\/fr\/produit\/puffer-small-beige\/#breadcrumb"},"inLanguage":"fr-FR","potentialAction":[{"@type":"ReadAction","target":["https:\/\/nortvi.com\/fr\/produit\/puffer-small-beige\/"]}]},{"@type":"ImageObject","inLanguage":"fr-FR","@id":"https:\/\/nortvi.com\/fr\/produit\/puffer-small-beige\/#primaryimage","url":"https:\/\/nortvi.com\/wp-content\/uploads\/2025\/01\/puffer-beige-voorkant-2-scaled.jpg","contentUrl":"https:\/\/nortvi.com\/wp-content\/uploads\/2025\/01\/puffer-beige-voorkant-2-scaled.jpg","width":3840,"height":3840},{"@type":"BreadcrumbList","@id":"https:\/\/nortvi.com\/fr\/produit\/puffer-small-beige\/#breadcrumb","itemListElement":[{"@type":"ListItem","position":1,"name":"Home","item":"https:\/\/nortvi.com\/fr\/"},{"@type":"ListItem","position":2,"name":"Shop","item":"https:\/\/nortvi.com\/fr\/shop\/"},{"@type":"ListItem","position":3,"name":"Sacs","item":"https:\/\/nortvi.com\/fr\/sacs\/"},{"@type":"ListItem","position":4,"name":"Puffer","item":"https:\/\/nortvi.com\/fr\/sacs\/sac-matelasse\/"},{"@type":"ListItem","position":5,"name":"Puffer Beige"}]},{"@type":"WebSite","@id":"https:\/\/nortvi.com\/fr\/#website","url":"https:\/\/nortvi.com\/fr\/","name":"NORTVI","description":"Sustainable travel gear","publisher":{"@id":"https:\/\/nortvi.com\/fr\/#organization"},"potentialAction":[{"@type":"SearchAction","target":{"@type":"EntryPoint","urlTemplate":"https:\/\/nortvi.com\/fr\/?s={search_term_string}"},"query-input":{"@type":"PropertyValueSpecification","valueRequired":true,"valueName":"search_term_string"}}],"inLanguage":"fr-FR"},{"@type":"Organization","@id":"https:\/\/nortvi.com\/fr\/#organization","name":"NORTVI","url":"https:\/\/nortvi.com\/fr\/","logo":{"@type":"ImageObject","inLanguage":"fr-FR","@id":"https:\/\/nortvi.com\/fr\/#\/schema\/logo\/image\/","url":"https:\/\/nortvi.com\/wp-content\/uploads\/2023\/09\/cropped-logo-footer.png","contentUrl":"https:\/\/nortvi.com\/wp-content\/uploads\/2023\/09\/cropped-logo-footer.png","width":300,"height":46,"caption":"NORTVI"},"image":{"@id":"https:\/\/nortvi.com\/fr\/#\/schema\/logo\/image\/"},"sameAs":["https:\/\/www.instagram.com\/nortvi\/"]}]},"product_price_amount":"119.00","product_price_currency":"EUR","og_availability":"instock","product_availability":"instock","product_retailer_item_id":"8720618379733","product_condition":"new"},"_links":{"self":[{"href":"https:\/\/nortvi.com\/fr\/wp-json\/wp\/v2\/product\/325937","targetHints":{"allow":["GET"]}}],"collection":[{"href":"https:\/\/nortvi.com\/fr\/wp-json\/wp\/v2\/product"}],"about":[{"href":"https:\/\/nortvi.com\/fr\/wp-json\/wp\/v2\/types\/product"}],"version-history":[{"count":0,"href":"https:\/\/nortvi.com\/fr\/wp-json\/wp\/v2\/product\/325937\/revisions"}],"wp:featuredmedia":[{"embeddable":true,"href":"https:\/\/nortvi.com\/fr\/wp-json\/wp\/v2\/media\/345779"}],"wp:attachment":[{"href":"https:\/\/nortvi.com\/fr\/wp-json\/wp\/v2\/media?parent=325937"}],"wp:term":[{"taxonomy":"product_brand","embeddable":true,"href":"https:\/\/nortvi.com\/fr\/wp-json\/wp\/v2\/product_brand?post=325937"},{"taxonomy":"product_cat","embeddable":true,"href":"https:\/\/nortvi.com\/fr\/wp-json\/wp\/v2\/product_cat?post=325937"},{"taxonomy":"product_tag","embeddable":true,"href":"https:\/\/nortvi.com\/fr\/wp-json\/wp\/v2\/product_tag?post=325937"}],"curies":[{"name":"wp","href":"https:\/\/api.w.org\/{rel}","templated":true}]}}