{"id":325218,"date":"2025-01-16T09:10:56","date_gmt":"2025-01-16T08:07:48","guid":{"rendered":"https:\/\/nortvi.com\/?post_type=product&#038;p=325218"},"modified":"2026-04-01T16:17:41","modified_gmt":"2026-04-01T14:17:41","slug":"briefcase-camel","status":"publish","type":"product","link":"https:\/\/nortvi.com\/fr\/produit\/briefcase-camel\/","title":{"rendered":"Briefcase Camel"},"content":{"rendered":"\n<p>\u00c9l\u00e9gant et incroyablement fonctionnel, notre porte-documents est le choix id\u00e9al pour tous vos d\u00e9placements professionnels. Con\u00e7u avec notre cuir exclusif, cette cr\u00e9ation raffin\u00e9e apporte une touche de luxe \u00e0 toutes vos tenues. L&#8217;int\u00e9rieur spacieux comporte une section rembourr\u00e9e pour accueillir un ordinateur portable de 16 pouces, quatre emplacements pour stylos et un porte-cartes int\u00e9gr\u00e9. Pour plus de confort, une bandouli\u00e8re amovible peut \u00eatre facilement fix\u00e9e, garantissant une mobilit\u00e9 optimale.<\/p>\n\n\n\n<p><\/p>\n","protected":false},"excerpt":{"rendered":"<p><span data-sheets-root=\"1\">\u00c9l\u00e9gant et incroyablement fonctionnel, notre porte-documents est le choix id\u00e9al pour tous vos d\u00e9placements professionnels. Con\u00e7u avec notre cuir exclusif, cette cr\u00e9ation raffin\u00e9e apporte une touche de luxe \u00e0 toutes vos tenues. L&#8217;int\u00e9rieur spacieux comporte une section rembourr\u00e9e pour accueillir un ordinateur portable de 16 pouces, quatre emplacements pour stylos et un porte-cartes int\u00e9gr\u00e9. Pour plus de confort, une bandouli\u00e8re amovible peut \u00eatre facilement fix\u00e9e, garantissant une mobilit\u00e9 optimale.<\/span><\/p>\n","protected":false},"featured_media":345759,"template":"","meta":{"_acf_changed":false,"footnotes":""},"product_brand":[],"product_cat":[364],"product_tag":[],"class_list":{"0":"post-325218","1":"product","2":"type-product","3":"status-publish","4":"has-post-thumbnail","6":"product_cat-briefcase-fr","8":"first","9":"instock","10":"taxable","11":"shipping-taxable","12":"purchasable","13":"product-type-simple"},"composite_virtual":false,"composite_layout":"","composite_add_to_cart_form_location":"","composite_editable_in_cart":false,"composite_sold_individually_context":"","composite_shop_price_calc":"","composite_components":[],"composite_scenarios":[],"acf":[],"yoast_head":"<!-- This site is optimized with the Yoast SEO Premium plugin v27.1 (Yoast SEO v27.3) - https:\/\/yoast.com\/product\/yoast-seo-premium-wordpress\/ -->\n<title>Briefcase Camel - NORTVI<\/title>\n<meta name=\"robots\" content=\"index, follow, max-snippet:-1, max-image-preview:large, max-video-preview:-1\" \/>\n<link rel=\"canonical\" href=\"https:\/\/nortvi.com\/fr\/produit\/briefcase-camel\/\" \/>\n<meta property=\"og:locale\" content=\"fr_FR\" \/>\n<meta property=\"og:type\" content=\"article\" \/>\n<meta property=\"og:title\" content=\"Briefcase Camel\" \/>\n<meta property=\"og:description\" content=\"\u00c9l\u00e9gant et incroyablement fonctionnel, notre porte-documents est le choix id\u00e9al pour tous vos d\u00e9placements professionnels. Con\u00e7u avec notre cuir exclusif, cette cr\u00e9ation raffin\u00e9e apporte une touche de luxe \u00e0 toutes vos tenues. L&#039;int\u00e9rieur spacieux comporte une section rembourr\u00e9e pour accueillir un ordinateur portable de 16 pouces, quatre emplacements pour stylos et un porte-cartes int\u00e9gr\u00e9. Pour plus de confort, une bandouli\u00e8re amovible peut \u00eatre facilement fix\u00e9e, garantissant une mobilit\u00e9 optimale.\" \/>\n<meta property=\"og:url\" content=\"https:\/\/nortvi.com\/fr\/produit\/briefcase-camel\/\" \/>\n<meta property=\"og:site_name\" content=\"NORTVI\" \/>\n<meta property=\"article:modified_time\" content=\"2026-04-01T14:17:41+00:00\" \/>\n<meta property=\"og:image\" content=\"https:\/\/nortvi.com\/wp-content\/uploads\/2025\/01\/briefcase-camel-voorkant-2-scaled.jpg\" \/>\n\t<meta property=\"og:image:width\" content=\"3840\" \/>\n\t<meta property=\"og:image:height\" content=\"3840\" \/>\n\t<meta property=\"og:image:type\" content=\"image\/jpeg\" \/>\n<meta name=\"twitter:card\" content=\"summary_large_image\" \/>\n<meta name=\"twitter:label1\" content=\"Prix\" \/>\n\t<meta name=\"twitter:data1\" content=\"&euro;229.00\" \/>\n\t<meta name=\"twitter:label2\" content=\"Disponibilit\u00e9\" \/>\n\t<meta name=\"twitter:data2\" content=\"En stock\" \/>\n<script type=\"application\/ld+json\" class=\"yoast-schema-graph\">{\"@context\":\"https:\\\/\\\/schema.org\",\"@graph\":[{\"@type\":\"WebPage\",\"@id\":\"https:\\\/\\\/nortvi.com\\\/fr\\\/produit\\\/briefcase-camel\\\/\",\"url\":\"https:\\\/\\\/nortvi.com\\\/fr\\\/produit\\\/briefcase-camel\\\/\",\"name\":\"Briefcase Camel - NORTVI\",\"isPartOf\":{\"@id\":\"https:\\\/\\\/nortvi.com\\\/fr\\\/#website\"},\"primaryImageOfPage\":{\"@id\":\"https:\\\/\\\/nortvi.com\\\/fr\\\/produit\\\/briefcase-camel\\\/#primaryimage\"},\"image\":{\"@id\":\"https:\\\/\\\/nortvi.com\\\/fr\\\/produit\\\/briefcase-camel\\\/#primaryimage\"},\"thumbnailUrl\":\"https:\\\/\\\/nortvi.com\\\/wp-content\\\/uploads\\\/2025\\\/01\\\/briefcase-camel-voorkant-2-scaled.jpg\",\"datePublished\":\"2025-01-16T08:07:48+00:00\",\"dateModified\":\"2026-04-01T14:17:41+00:00\",\"breadcrumb\":{\"@id\":\"https:\\\/\\\/nortvi.com\\\/fr\\\/produit\\\/briefcase-camel\\\/#breadcrumb\"},\"inLanguage\":\"fr-FR\",\"potentialAction\":[{\"@type\":\"ReadAction\",\"target\":[\"https:\\\/\\\/nortvi.com\\\/fr\\\/produit\\\/briefcase-camel\\\/\"]}]},{\"@type\":\"ImageObject\",\"inLanguage\":\"fr-FR\",\"@id\":\"https:\\\/\\\/nortvi.com\\\/fr\\\/produit\\\/briefcase-camel\\\/#primaryimage\",\"url\":\"https:\\\/\\\/nortvi.com\\\/wp-content\\\/uploads\\\/2025\\\/01\\\/briefcase-camel-voorkant-2-scaled.jpg\",\"contentUrl\":\"https:\\\/\\\/nortvi.com\\\/wp-content\\\/uploads\\\/2025\\\/01\\\/briefcase-camel-voorkant-2-scaled.jpg\",\"width\":3840,\"height\":3840},{\"@type\":\"BreadcrumbList\",\"@id\":\"https:\\\/\\\/nortvi.com\\\/fr\\\/produit\\\/briefcase-camel\\\/#breadcrumb\",\"itemListElement\":[{\"@type\":\"ListItem\",\"position\":1,\"name\":\"Home\",\"item\":\"https:\\\/\\\/nortvi.com\\\/fr\\\/\"},{\"@type\":\"ListItem\",\"position\":2,\"name\":\"Shop\",\"item\":\"https:\\\/\\\/nortvi.com\\\/fr\\\/shop\\\/\"},{\"@type\":\"ListItem\",\"position\":3,\"name\":\"Sacs\",\"item\":\"https:\\\/\\\/nortvi.com\\\/fr\\\/sacs\\\/\"},{\"@type\":\"ListItem\",\"position\":4,\"name\":\"Briefcase\",\"item\":\"https:\\\/\\\/nortvi.com\\\/fr\\\/sacs\\\/briefcase-fr\\\/\"},{\"@type\":\"ListItem\",\"position\":5,\"name\":\"Briefcase Camel\"}]},{\"@type\":\"WebSite\",\"@id\":\"https:\\\/\\\/nortvi.com\\\/fr\\\/#website\",\"url\":\"https:\\\/\\\/nortvi.com\\\/fr\\\/\",\"name\":\"NORTVI\",\"description\":\"Sustainable travel gear\",\"publisher\":{\"@id\":\"https:\\\/\\\/nortvi.com\\\/fr\\\/#organization\"},\"potentialAction\":[{\"@type\":\"SearchAction\",\"target\":{\"@type\":\"EntryPoint\",\"urlTemplate\":\"https:\\\/\\\/nortvi.com\\\/fr\\\/?s={search_term_string}\"},\"query-input\":{\"@type\":\"PropertyValueSpecification\",\"valueRequired\":true,\"valueName\":\"search_term_string\"}}],\"inLanguage\":\"fr-FR\"},{\"@type\":\"Organization\",\"@id\":\"https:\\\/\\\/nortvi.com\\\/fr\\\/#organization\",\"name\":\"NORTVI\",\"url\":\"https:\\\/\\\/nortvi.com\\\/fr\\\/\",\"logo\":{\"@type\":\"ImageObject\",\"inLanguage\":\"fr-FR\",\"@id\":\"https:\\\/\\\/nortvi.com\\\/fr\\\/#\\\/schema\\\/logo\\\/image\\\/\",\"url\":\"https:\\\/\\\/nortvi.com\\\/wp-content\\\/uploads\\\/2023\\\/09\\\/cropped-logo-footer.png\",\"contentUrl\":\"https:\\\/\\\/nortvi.com\\\/wp-content\\\/uploads\\\/2023\\\/09\\\/cropped-logo-footer.png\",\"width\":300,\"height\":46,\"caption\":\"NORTVI\"},\"image\":{\"@id\":\"https:\\\/\\\/nortvi.com\\\/fr\\\/#\\\/schema\\\/logo\\\/image\\\/\"},\"sameAs\":[\"https:\\\/\\\/www.instagram.com\\\/nortvi\\\/\"]}]}<\/script>\n<meta property=\"product:price:amount\" content=\"229.00\" \/>\n<meta property=\"product:price:currency\" content=\"EUR\" \/>\n<meta property=\"og:availability\" content=\"instock\" \/>\n<meta property=\"product:availability\" content=\"instock\" \/>\n<meta property=\"product:retailer_item_id\" content=\"8720618379764\" \/>\n<meta property=\"product:condition\" content=\"new\" \/>\n<!-- \/ Yoast SEO Premium plugin. -->","yoast_head_json":{"title":"Briefcase Camel - NORTVI","robots":{"index":"index","follow":"follow","max-snippet":"max-snippet:-1","max-image-preview":"max-image-preview:large","max-video-preview":"max-video-preview:-1"},"canonical":"https:\/\/nortvi.com\/fr\/produit\/briefcase-camel\/","og_locale":"fr_FR","og_type":"article","og_title":"Briefcase Camel","og_description":"\u00c9l\u00e9gant et incroyablement fonctionnel, notre porte-documents est le choix id\u00e9al pour tous vos d\u00e9placements professionnels. Con\u00e7u avec notre cuir exclusif, cette cr\u00e9ation raffin\u00e9e apporte une touche de luxe \u00e0 toutes vos tenues. L'int\u00e9rieur spacieux comporte une section rembourr\u00e9e pour accueillir un ordinateur portable de 16 pouces, quatre emplacements pour stylos et un porte-cartes int\u00e9gr\u00e9. Pour plus de confort, une bandouli\u00e8re amovible peut \u00eatre facilement fix\u00e9e, garantissant une mobilit\u00e9 optimale.","og_url":"https:\/\/nortvi.com\/fr\/produit\/briefcase-camel\/","og_site_name":"NORTVI","article_modified_time":"2026-04-01T14:17:41+00:00","og_image":[{"width":3840,"height":3840,"url":"https:\/\/nortvi.com\/wp-content\/uploads\/2025\/01\/briefcase-camel-voorkant-2-scaled.jpg","type":"image\/jpeg"}],"twitter_card":"summary_large_image","twitter_misc":{"Prix":"&euro;229.00","Disponibilit\u00e9":"En stock"},"schema":{"@context":"https:\/\/schema.org","@graph":[{"@type":"WebPage","@id":"https:\/\/nortvi.com\/fr\/produit\/briefcase-camel\/","url":"https:\/\/nortvi.com\/fr\/produit\/briefcase-camel\/","name":"Briefcase Camel - NORTVI","isPartOf":{"@id":"https:\/\/nortvi.com\/fr\/#website"},"primaryImageOfPage":{"@id":"https:\/\/nortvi.com\/fr\/produit\/briefcase-camel\/#primaryimage"},"image":{"@id":"https:\/\/nortvi.com\/fr\/produit\/briefcase-camel\/#primaryimage"},"thumbnailUrl":"https:\/\/nortvi.com\/wp-content\/uploads\/2025\/01\/briefcase-camel-voorkant-2-scaled.jpg","datePublished":"2025-01-16T08:07:48+00:00","dateModified":"2026-04-01T14:17:41+00:00","breadcrumb":{"@id":"https:\/\/nortvi.com\/fr\/produit\/briefcase-camel\/#breadcrumb"},"inLanguage":"fr-FR","potentialAction":[{"@type":"ReadAction","target":["https:\/\/nortvi.com\/fr\/produit\/briefcase-camel\/"]}]},{"@type":"ImageObject","inLanguage":"fr-FR","@id":"https:\/\/nortvi.com\/fr\/produit\/briefcase-camel\/#primaryimage","url":"https:\/\/nortvi.com\/wp-content\/uploads\/2025\/01\/briefcase-camel-voorkant-2-scaled.jpg","contentUrl":"https:\/\/nortvi.com\/wp-content\/uploads\/2025\/01\/briefcase-camel-voorkant-2-scaled.jpg","width":3840,"height":3840},{"@type":"BreadcrumbList","@id":"https:\/\/nortvi.com\/fr\/produit\/briefcase-camel\/#breadcrumb","itemListElement":[{"@type":"ListItem","position":1,"name":"Home","item":"https:\/\/nortvi.com\/fr\/"},{"@type":"ListItem","position":2,"name":"Shop","item":"https:\/\/nortvi.com\/fr\/shop\/"},{"@type":"ListItem","position":3,"name":"Sacs","item":"https:\/\/nortvi.com\/fr\/sacs\/"},{"@type":"ListItem","position":4,"name":"Briefcase","item":"https:\/\/nortvi.com\/fr\/sacs\/briefcase-fr\/"},{"@type":"ListItem","position":5,"name":"Briefcase Camel"}]},{"@type":"WebSite","@id":"https:\/\/nortvi.com\/fr\/#website","url":"https:\/\/nortvi.com\/fr\/","name":"NORTVI","description":"Sustainable travel gear","publisher":{"@id":"https:\/\/nortvi.com\/fr\/#organization"},"potentialAction":[{"@type":"SearchAction","target":{"@type":"EntryPoint","urlTemplate":"https:\/\/nortvi.com\/fr\/?s={search_term_string}"},"query-input":{"@type":"PropertyValueSpecification","valueRequired":true,"valueName":"search_term_string"}}],"inLanguage":"fr-FR"},{"@type":"Organization","@id":"https:\/\/nortvi.com\/fr\/#organization","name":"NORTVI","url":"https:\/\/nortvi.com\/fr\/","logo":{"@type":"ImageObject","inLanguage":"fr-FR","@id":"https:\/\/nortvi.com\/fr\/#\/schema\/logo\/image\/","url":"https:\/\/nortvi.com\/wp-content\/uploads\/2023\/09\/cropped-logo-footer.png","contentUrl":"https:\/\/nortvi.com\/wp-content\/uploads\/2023\/09\/cropped-logo-footer.png","width":300,"height":46,"caption":"NORTVI"},"image":{"@id":"https:\/\/nortvi.com\/fr\/#\/schema\/logo\/image\/"},"sameAs":["https:\/\/www.instagram.com\/nortvi\/"]}]},"product_price_amount":"229.00","product_price_currency":"EUR","og_availability":"instock","product_availability":"instock","product_retailer_item_id":"8720618379764","product_condition":"new"},"_links":{"self":[{"href":"https:\/\/nortvi.com\/fr\/wp-json\/wp\/v2\/product\/325218","targetHints":{"allow":["GET"]}}],"collection":[{"href":"https:\/\/nortvi.com\/fr\/wp-json\/wp\/v2\/product"}],"about":[{"href":"https:\/\/nortvi.com\/fr\/wp-json\/wp\/v2\/types\/product"}],"version-history":[{"count":0,"href":"https:\/\/nortvi.com\/fr\/wp-json\/wp\/v2\/product\/325218\/revisions"}],"wp:featuredmedia":[{"embeddable":true,"href":"https:\/\/nortvi.com\/fr\/wp-json\/wp\/v2\/media\/345759"}],"wp:attachment":[{"href":"https:\/\/nortvi.com\/fr\/wp-json\/wp\/v2\/media?parent=325218"}],"wp:term":[{"taxonomy":"product_brand","embeddable":true,"href":"https:\/\/nortvi.com\/fr\/wp-json\/wp\/v2\/product_brand?post=325218"},{"taxonomy":"product_cat","embeddable":true,"href":"https:\/\/nortvi.com\/fr\/wp-json\/wp\/v2\/product_cat?post=325218"},{"taxonomy":"product_tag","embeddable":true,"href":"https:\/\/nortvi.com\/fr\/wp-json\/wp\/v2\/product_tag?post=325218"}],"curies":[{"name":"wp","href":"https:\/\/api.w.org\/{rel}","templated":true}]}}