{"id":322376,"date":"2024-12-19T09:35:49","date_gmt":"2024-12-19T08:35:50","guid":{"rendered":"https:\/\/nortvi.com\/?post_type=product&#038;p=322376"},"modified":"2026-04-01T16:20:18","modified_gmt":"2026-04-01T14:20:18","slug":"active-backpack-rainforest-green","status":"publish","type":"product","link":"https:\/\/nortvi.com\/fr\/produit\/active-backpack-rainforest-green\/","title":{"rendered":"Active Backpack Rainforest Green"},"content":{"rendered":"\n<p class=\"p1\">D\u00e9couvrez le sac \u00e0 dos parfait pour toutes les conditions m\u00e9t\u00e9orologiques. L&#8217;Active garantit que vos effets personnels sont enti\u00e8rement prot\u00e9g\u00e9s gr\u00e2ce \u00e0 sa conception r\u00e9sistante \u00e0 l&#8217;eau. Le sac \u00e0 dos est con\u00e7u \u00e0 la perfection en utilisant nos mat\u00e9riaux de haute qualit\u00e9 et respectueux de l&#8217;environnement. L&#8217;Active est luxueuse et adapt\u00e9e \u00e0 toutes les circonstances. \u00c0 l&#8217;int\u00e9rieur, vous trouverez des compartiments spacieux avec des options de rangement suppl\u00e9mentaires pour que vos objets essentiels soient toujours organis\u00e9s. Le sac dispose \u00e9galement d&#8217;un compartiment sp\u00e9cial pour ordinateur portable jusqu&#8217;\u00e0 16&#8243; et d&#8217;une pochette qui garantit que le sac s&#8217;adapte \u00e0 toutes nos valises.<\/p>\n\n\n\n<p><\/p>\n","protected":false},"excerpt":{"rendered":"<p class=\"p1\"><span data-sheets-root=\"1\">D\u00e9couvrez le sac \u00e0 dos parfait pour toutes les conditions m\u00e9t\u00e9orologiques. L&#8217;Active garantit que vos effets personnels sont enti\u00e8rement prot\u00e9g\u00e9s gr\u00e2ce \u00e0 sa conception r\u00e9sistante \u00e0 l&#8217;eau. Le sac \u00e0 dos est con\u00e7u \u00e0 la perfection en utilisant nos mat\u00e9riaux de haute qualit\u00e9 et respectueux de l&#8217;environnement. L&#8217;Active est luxueuse et adapt\u00e9e \u00e0 toutes les circonstances. \u00c0 l&#8217;int\u00e9rieur, vous trouverez des compartiments spacieux avec des options de rangement suppl\u00e9mentaires pour que vos objets essentiels soient toujours organis\u00e9s. Le sac dispose \u00e9galement d&#8217;un compartiment sp\u00e9cial pour ordinateur portable jusqu&#8217;\u00e0 16&#8243; et d&#8217;une pochette qui garantit que le sac s&#8217;adapte \u00e0 toutes nos valises.<\/span><\/p>\n","protected":false},"featured_media":345722,"template":"","meta":{"_acf_changed":false,"footnotes":""},"product_brand":[],"product_cat":[356],"product_tag":[],"class_list":{"0":"post-322376","1":"product","2":"type-product","3":"status-publish","4":"has-post-thumbnail","6":"product_cat-backpack-active","8":"first","9":"instock","10":"taxable","11":"shipping-taxable","12":"purchasable","13":"product-type-simple"},"composite_virtual":false,"composite_layout":"","composite_add_to_cart_form_location":"","composite_editable_in_cart":false,"composite_sold_individually_context":"","composite_shop_price_calc":"","composite_components":[],"composite_scenarios":[],"acf":[],"yoast_head":"<!-- This site is optimized with the Yoast SEO Premium plugin v27.1 (Yoast SEO v27.3) - https:\/\/yoast.com\/product\/yoast-seo-premium-wordpress\/ -->\n<title>Sac \u00e0 Dos Active Rainforest Green | Premium &amp; Durable<\/title>\n<meta name=\"description\" content=\"D\u00e9couvrez le sac \u00e0 dos Active en Rainforest Green \u2013 un design premium et durable, alliant style et fonctionnalit\u00e9 pour votre mode de vie actif.\" \/>\n<meta name=\"robots\" content=\"index, follow, max-snippet:-1, max-image-preview:large, max-video-preview:-1\" \/>\n<link rel=\"canonical\" href=\"https:\/\/nortvi.com\/fr\/produit\/active-backpack-rainforest-green\/\" \/>\n<meta property=\"og:locale\" content=\"fr_FR\" \/>\n<meta property=\"og:type\" content=\"article\" \/>\n<meta property=\"og:title\" content=\"Active Backpack Rainforest Green\" \/>\n<meta property=\"og:description\" content=\"D\u00e9couvrez le sac \u00e0 dos Active en Rainforest Green \u2013 un design premium et durable, alliant style et fonctionnalit\u00e9 pour votre mode de vie actif.\" \/>\n<meta property=\"og:url\" content=\"https:\/\/nortvi.com\/fr\/produit\/active-backpack-rainforest-green\/\" \/>\n<meta property=\"og:site_name\" content=\"NORTVI\" \/>\n<meta property=\"article:modified_time\" content=\"2026-04-01T14:20:18+00:00\" \/>\n<meta property=\"og:image\" content=\"https:\/\/nortvi.com\/wp-content\/uploads\/2024\/12\/rugzak-active-rainforest-green-voorkant-2-scaled.jpg\" \/>\n\t<meta property=\"og:image:width\" content=\"3840\" \/>\n\t<meta property=\"og:image:height\" content=\"3840\" \/>\n\t<meta property=\"og:image:type\" content=\"image\/jpeg\" \/>\n<meta name=\"twitter:card\" content=\"summary_large_image\" \/>\n<meta name=\"twitter:label1\" content=\"Prix\" \/>\n\t<meta name=\"twitter:data1\" content=\"&euro;159.00\" \/>\n\t<meta name=\"twitter:label2\" content=\"Disponibilit\u00e9\" \/>\n\t<meta name=\"twitter:data2\" content=\"En stock\" \/>\n<script type=\"application\/ld+json\" class=\"yoast-schema-graph\">{\"@context\":\"https:\\\/\\\/schema.org\",\"@graph\":[{\"@type\":\"WebPage\",\"@id\":\"https:\\\/\\\/nortvi.com\\\/fr\\\/produit\\\/active-backpack-rainforest-green\\\/\",\"url\":\"https:\\\/\\\/nortvi.com\\\/fr\\\/produit\\\/active-backpack-rainforest-green\\\/\",\"name\":\"Sac \u00e0 Dos Active Rainforest Green | Premium & Durable\",\"isPartOf\":{\"@id\":\"https:\\\/\\\/nortvi.com\\\/fr\\\/#website\"},\"primaryImageOfPage\":{\"@id\":\"https:\\\/\\\/nortvi.com\\\/fr\\\/produit\\\/active-backpack-rainforest-green\\\/#primaryimage\"},\"image\":{\"@id\":\"https:\\\/\\\/nortvi.com\\\/fr\\\/produit\\\/active-backpack-rainforest-green\\\/#primaryimage\"},\"thumbnailUrl\":\"https:\\\/\\\/nortvi.com\\\/wp-content\\\/uploads\\\/2024\\\/12\\\/rugzak-active-rainforest-green-voorkant-2-scaled.jpg\",\"datePublished\":\"2024-12-19T08:35:50+00:00\",\"dateModified\":\"2026-04-01T14:20:18+00:00\",\"description\":\"D\u00e9couvrez le sac \u00e0 dos Active en Rainforest Green \u2013 un design premium et durable, alliant style et fonctionnalit\u00e9 pour votre mode de vie actif.\",\"breadcrumb\":{\"@id\":\"https:\\\/\\\/nortvi.com\\\/fr\\\/produit\\\/active-backpack-rainforest-green\\\/#breadcrumb\"},\"inLanguage\":\"fr-FR\",\"potentialAction\":[{\"@type\":\"ReadAction\",\"target\":[\"https:\\\/\\\/nortvi.com\\\/fr\\\/produit\\\/active-backpack-rainforest-green\\\/\"]}]},{\"@type\":\"ImageObject\",\"inLanguage\":\"fr-FR\",\"@id\":\"https:\\\/\\\/nortvi.com\\\/fr\\\/produit\\\/active-backpack-rainforest-green\\\/#primaryimage\",\"url\":\"https:\\\/\\\/nortvi.com\\\/wp-content\\\/uploads\\\/2024\\\/12\\\/rugzak-active-rainforest-green-voorkant-2-scaled.jpg\",\"contentUrl\":\"https:\\\/\\\/nortvi.com\\\/wp-content\\\/uploads\\\/2024\\\/12\\\/rugzak-active-rainforest-green-voorkant-2-scaled.jpg\",\"width\":3840,\"height\":3840},{\"@type\":\"BreadcrumbList\",\"@id\":\"https:\\\/\\\/nortvi.com\\\/fr\\\/produit\\\/active-backpack-rainforest-green\\\/#breadcrumb\",\"itemListElement\":[{\"@type\":\"ListItem\",\"position\":1,\"name\":\"Home\",\"item\":\"https:\\\/\\\/nortvi.com\\\/fr\\\/\"},{\"@type\":\"ListItem\",\"position\":2,\"name\":\"Shop\",\"item\":\"https:\\\/\\\/nortvi.com\\\/fr\\\/shop\\\/\"},{\"@type\":\"ListItem\",\"position\":3,\"name\":\"Sacs\",\"item\":\"https:\\\/\\\/nortvi.com\\\/fr\\\/sacs\\\/\"},{\"@type\":\"ListItem\",\"position\":4,\"name\":\"Backpack Active\",\"item\":\"https:\\\/\\\/nortvi.com\\\/fr\\\/sacs\\\/backpack-active\\\/\"},{\"@type\":\"ListItem\",\"position\":5,\"name\":\"Active Backpack Rainforest Green\"}]},{\"@type\":\"WebSite\",\"@id\":\"https:\\\/\\\/nortvi.com\\\/fr\\\/#website\",\"url\":\"https:\\\/\\\/nortvi.com\\\/fr\\\/\",\"name\":\"NORTVI\",\"description\":\"Sustainable travel gear\",\"publisher\":{\"@id\":\"https:\\\/\\\/nortvi.com\\\/fr\\\/#organization\"},\"potentialAction\":[{\"@type\":\"SearchAction\",\"target\":{\"@type\":\"EntryPoint\",\"urlTemplate\":\"https:\\\/\\\/nortvi.com\\\/fr\\\/?s={search_term_string}\"},\"query-input\":{\"@type\":\"PropertyValueSpecification\",\"valueRequired\":true,\"valueName\":\"search_term_string\"}}],\"inLanguage\":\"fr-FR\"},{\"@type\":\"Organization\",\"@id\":\"https:\\\/\\\/nortvi.com\\\/fr\\\/#organization\",\"name\":\"NORTVI\",\"url\":\"https:\\\/\\\/nortvi.com\\\/fr\\\/\",\"logo\":{\"@type\":\"ImageObject\",\"inLanguage\":\"fr-FR\",\"@id\":\"https:\\\/\\\/nortvi.com\\\/fr\\\/#\\\/schema\\\/logo\\\/image\\\/\",\"url\":\"https:\\\/\\\/nortvi.com\\\/wp-content\\\/uploads\\\/2023\\\/09\\\/cropped-logo-footer.png\",\"contentUrl\":\"https:\\\/\\\/nortvi.com\\\/wp-content\\\/uploads\\\/2023\\\/09\\\/cropped-logo-footer.png\",\"width\":300,\"height\":46,\"caption\":\"NORTVI\"},\"image\":{\"@id\":\"https:\\\/\\\/nortvi.com\\\/fr\\\/#\\\/schema\\\/logo\\\/image\\\/\"},\"sameAs\":[\"https:\\\/\\\/www.instagram.com\\\/nortvi\\\/\"]}]}<\/script>\n<meta property=\"product:price:amount\" content=\"159.00\" \/>\n<meta property=\"product:price:currency\" content=\"EUR\" \/>\n<meta property=\"og:availability\" content=\"instock\" \/>\n<meta property=\"product:availability\" content=\"instock\" \/>\n<meta property=\"product:retailer_item_id\" content=\"8720618379788\" \/>\n<meta property=\"product:condition\" content=\"new\" \/>\n<!-- \/ Yoast SEO Premium plugin. -->","yoast_head_json":{"title":"Sac \u00e0 Dos Active Rainforest Green | Premium & Durable","description":"D\u00e9couvrez le sac \u00e0 dos Active en Rainforest Green \u2013 un design premium et durable, alliant style et fonctionnalit\u00e9 pour votre mode de vie actif.","robots":{"index":"index","follow":"follow","max-snippet":"max-snippet:-1","max-image-preview":"max-image-preview:large","max-video-preview":"max-video-preview:-1"},"canonical":"https:\/\/nortvi.com\/fr\/produit\/active-backpack-rainforest-green\/","og_locale":"fr_FR","og_type":"article","og_title":"Active Backpack Rainforest Green","og_description":"D\u00e9couvrez le sac \u00e0 dos Active en Rainforest Green \u2013 un design premium et durable, alliant style et fonctionnalit\u00e9 pour votre mode de vie actif.","og_url":"https:\/\/nortvi.com\/fr\/produit\/active-backpack-rainforest-green\/","og_site_name":"NORTVI","article_modified_time":"2026-04-01T14:20:18+00:00","og_image":[{"width":3840,"height":3840,"url":"https:\/\/nortvi.com\/wp-content\/uploads\/2024\/12\/rugzak-active-rainforest-green-voorkant-2-scaled.jpg","type":"image\/jpeg"}],"twitter_card":"summary_large_image","twitter_misc":{"Prix":"&euro;159.00","Disponibilit\u00e9":"En stock"},"schema":{"@context":"https:\/\/schema.org","@graph":[{"@type":"WebPage","@id":"https:\/\/nortvi.com\/fr\/produit\/active-backpack-rainforest-green\/","url":"https:\/\/nortvi.com\/fr\/produit\/active-backpack-rainforest-green\/","name":"Sac \u00e0 Dos Active Rainforest Green | Premium & Durable","isPartOf":{"@id":"https:\/\/nortvi.com\/fr\/#website"},"primaryImageOfPage":{"@id":"https:\/\/nortvi.com\/fr\/produit\/active-backpack-rainforest-green\/#primaryimage"},"image":{"@id":"https:\/\/nortvi.com\/fr\/produit\/active-backpack-rainforest-green\/#primaryimage"},"thumbnailUrl":"https:\/\/nortvi.com\/wp-content\/uploads\/2024\/12\/rugzak-active-rainforest-green-voorkant-2-scaled.jpg","datePublished":"2024-12-19T08:35:50+00:00","dateModified":"2026-04-01T14:20:18+00:00","description":"D\u00e9couvrez le sac \u00e0 dos Active en Rainforest Green \u2013 un design premium et durable, alliant style et fonctionnalit\u00e9 pour votre mode de vie actif.","breadcrumb":{"@id":"https:\/\/nortvi.com\/fr\/produit\/active-backpack-rainforest-green\/#breadcrumb"},"inLanguage":"fr-FR","potentialAction":[{"@type":"ReadAction","target":["https:\/\/nortvi.com\/fr\/produit\/active-backpack-rainforest-green\/"]}]},{"@type":"ImageObject","inLanguage":"fr-FR","@id":"https:\/\/nortvi.com\/fr\/produit\/active-backpack-rainforest-green\/#primaryimage","url":"https:\/\/nortvi.com\/wp-content\/uploads\/2024\/12\/rugzak-active-rainforest-green-voorkant-2-scaled.jpg","contentUrl":"https:\/\/nortvi.com\/wp-content\/uploads\/2024\/12\/rugzak-active-rainforest-green-voorkant-2-scaled.jpg","width":3840,"height":3840},{"@type":"BreadcrumbList","@id":"https:\/\/nortvi.com\/fr\/produit\/active-backpack-rainforest-green\/#breadcrumb","itemListElement":[{"@type":"ListItem","position":1,"name":"Home","item":"https:\/\/nortvi.com\/fr\/"},{"@type":"ListItem","position":2,"name":"Shop","item":"https:\/\/nortvi.com\/fr\/shop\/"},{"@type":"ListItem","position":3,"name":"Sacs","item":"https:\/\/nortvi.com\/fr\/sacs\/"},{"@type":"ListItem","position":4,"name":"Backpack Active","item":"https:\/\/nortvi.com\/fr\/sacs\/backpack-active\/"},{"@type":"ListItem","position":5,"name":"Active Backpack Rainforest Green"}]},{"@type":"WebSite","@id":"https:\/\/nortvi.com\/fr\/#website","url":"https:\/\/nortvi.com\/fr\/","name":"NORTVI","description":"Sustainable travel gear","publisher":{"@id":"https:\/\/nortvi.com\/fr\/#organization"},"potentialAction":[{"@type":"SearchAction","target":{"@type":"EntryPoint","urlTemplate":"https:\/\/nortvi.com\/fr\/?s={search_term_string}"},"query-input":{"@type":"PropertyValueSpecification","valueRequired":true,"valueName":"search_term_string"}}],"inLanguage":"fr-FR"},{"@type":"Organization","@id":"https:\/\/nortvi.com\/fr\/#organization","name":"NORTVI","url":"https:\/\/nortvi.com\/fr\/","logo":{"@type":"ImageObject","inLanguage":"fr-FR","@id":"https:\/\/nortvi.com\/fr\/#\/schema\/logo\/image\/","url":"https:\/\/nortvi.com\/wp-content\/uploads\/2023\/09\/cropped-logo-footer.png","contentUrl":"https:\/\/nortvi.com\/wp-content\/uploads\/2023\/09\/cropped-logo-footer.png","width":300,"height":46,"caption":"NORTVI"},"image":{"@id":"https:\/\/nortvi.com\/fr\/#\/schema\/logo\/image\/"},"sameAs":["https:\/\/www.instagram.com\/nortvi\/"]}]},"product_price_amount":"159.00","product_price_currency":"EUR","og_availability":"instock","product_availability":"instock","product_retailer_item_id":"8720618379788","product_condition":"new"},"_links":{"self":[{"href":"https:\/\/nortvi.com\/fr\/wp-json\/wp\/v2\/product\/322376","targetHints":{"allow":["GET"]}}],"collection":[{"href":"https:\/\/nortvi.com\/fr\/wp-json\/wp\/v2\/product"}],"about":[{"href":"https:\/\/nortvi.com\/fr\/wp-json\/wp\/v2\/types\/product"}],"version-history":[{"count":0,"href":"https:\/\/nortvi.com\/fr\/wp-json\/wp\/v2\/product\/322376\/revisions"}],"wp:featuredmedia":[{"embeddable":true,"href":"https:\/\/nortvi.com\/fr\/wp-json\/wp\/v2\/media\/345722"}],"wp:attachment":[{"href":"https:\/\/nortvi.com\/fr\/wp-json\/wp\/v2\/media?parent=322376"}],"wp:term":[{"taxonomy":"product_brand","embeddable":true,"href":"https:\/\/nortvi.com\/fr\/wp-json\/wp\/v2\/product_brand?post=322376"},{"taxonomy":"product_cat","embeddable":true,"href":"https:\/\/nortvi.com\/fr\/wp-json\/wp\/v2\/product_cat?post=322376"},{"taxonomy":"product_tag","embeddable":true,"href":"https:\/\/nortvi.com\/fr\/wp-json\/wp\/v2\/product_tag?post=322376"}],"curies":[{"name":"wp","href":"https:\/\/api.w.org\/{rel}","templated":true}]}}