{"id":303559,"date":"2024-07-01T16:46:50","date_gmt":"2024-07-01T14:46:50","guid":{"rendered":"https:\/\/nortvi.com\/?post_type=product&#038;p=303559"},"modified":"2024-07-03T16:24:10","modified_gmt":"2024-07-03T14:24:10","slug":"moss-green-luggage-tag","status":"publish","type":"product","link":"https:\/\/nortvi.com\/fr\/produit\/moss-green-luggage-tag\/","title":{"rendered":"Moss Green Luggage Tag"},"content":{"rendered":"<p>Faites que votre valise sorte du lot gr\u00e2ce \u00e0 votre porte-adresse personnalis\u00e9. Disponible en six couleurs, toutes assorties \u00e0 toutes nos valises. Personnalisez-le avec vos initiales en trois couleurs diff\u00e9rentes : or, argent ou marqu\u00e9es \u00e0 chaud.<\/p>\n","protected":false},"excerpt":{"rendered":"<p>Faites que votre valise sorte du lot gr\u00e2ce \u00e0 votre porte-adresse personnalis\u00e9. Disponible en six couleurs, toutes assorties \u00e0 toutes nos valises. Personnalisez-le avec vos initiales en trois couleurs diff\u00e9rentes : or, argent ou marqu\u00e9es \u00e0 chaud.<\/p>\n","protected":false},"featured_media":303856,"template":"","meta":{"_acf_changed":true,"footnotes":""},"product_brand":[],"product_cat":[259],"product_tag":[],"class_list":{"0":"post-303559","1":"product","2":"type-product","3":"status-publish","4":"has-post-thumbnail","6":"product_cat-etiquette-bagage","8":"first","9":"instock","10":"taxable","11":"shipping-taxable","12":"purchasable","13":"product-type-simple"},"composite_virtual":false,"composite_layout":"","composite_add_to_cart_form_location":"","composite_editable_in_cart":false,"composite_sold_individually_context":"","composite_shop_price_calc":"","composite_components":[],"composite_scenarios":[],"acf":[],"yoast_head":"<!-- This site is optimized with the Yoast SEO Premium plugin v27.1 (Yoast SEO v27.3) - https:\/\/yoast.com\/product\/yoast-seo-premium-wordpress\/ -->\n<title>Moss Green Luggage Tag | Personnalisez votre \u00e9tiquette<\/title>\n<meta name=\"description\" content=\"Ajoutez une touche personnelle \u00e0 votre valise avec l&#039;\u00e9tiquette de bagage Moss Green, o\u00f9 vous pouvez inscrire vos initiales pour un look unique.\" \/>\n<meta name=\"robots\" content=\"index, follow, max-snippet:-1, max-image-preview:large, max-video-preview:-1\" \/>\n<link rel=\"canonical\" href=\"https:\/\/nortvi.com\/fr\/produit\/moss-green-luggage-tag\/\" \/>\n<meta property=\"og:locale\" content=\"fr_FR\" \/>\n<meta property=\"og:type\" content=\"article\" \/>\n<meta property=\"og:title\" content=\"Moss Green Luggage Tag\" \/>\n<meta property=\"og:description\" content=\"Ajoutez une touche personnelle \u00e0 votre valise avec l&#039;\u00e9tiquette de bagage Moss Green, o\u00f9 vous pouvez inscrire vos initiales pour un look unique.\" \/>\n<meta property=\"og:url\" content=\"https:\/\/nortvi.com\/fr\/produit\/moss-green-luggage-tag\/\" \/>\n<meta property=\"og:site_name\" content=\"NORTVI\" \/>\n<meta property=\"article:modified_time\" content=\"2024-07-03T14:24:10+00:00\" \/>\n<meta property=\"og:image\" content=\"https:\/\/nortvi.com\/wp-content\/uploads\/2024\/07\/2024-06-Tag-Groen-1-e1720003873112-1.png\" \/>\n\t<meta property=\"og:image:width\" content=\"1500\" \/>\n\t<meta property=\"og:image:height\" content=\"1500\" \/>\n\t<meta property=\"og:image:type\" content=\"image\/png\" \/>\n<meta name=\"twitter:card\" content=\"summary_large_image\" \/>\n<meta name=\"twitter:label1\" content=\"Prix\" \/>\n\t<meta name=\"twitter:data1\" content=\"&euro;20.00\" \/>\n\t<meta name=\"twitter:label2\" content=\"Disponibilit\u00e9\" \/>\n\t<meta name=\"twitter:data2\" content=\"En stock\" \/>\n<script type=\"application\/ld+json\" class=\"yoast-schema-graph\">{\"@context\":\"https:\\\/\\\/schema.org\",\"@graph\":[{\"@type\":\"WebPage\",\"@id\":\"https:\\\/\\\/nortvi.com\\\/fr\\\/produit\\\/moss-green-luggage-tag\\\/\",\"url\":\"https:\\\/\\\/nortvi.com\\\/fr\\\/produit\\\/moss-green-luggage-tag\\\/\",\"name\":\"Moss Green Luggage Tag | Personnalisez votre \u00e9tiquette\",\"isPartOf\":{\"@id\":\"https:\\\/\\\/nortvi.com\\\/fr\\\/#website\"},\"primaryImageOfPage\":{\"@id\":\"https:\\\/\\\/nortvi.com\\\/fr\\\/produit\\\/moss-green-luggage-tag\\\/#primaryimage\"},\"image\":{\"@id\":\"https:\\\/\\\/nortvi.com\\\/fr\\\/produit\\\/moss-green-luggage-tag\\\/#primaryimage\"},\"thumbnailUrl\":\"https:\\\/\\\/nortvi.com\\\/wp-content\\\/uploads\\\/2024\\\/07\\\/2024-06-Tag-Groen-1-e1720003873112-1.png\",\"datePublished\":\"2024-07-01T14:46:50+00:00\",\"dateModified\":\"2024-07-03T14:24:10+00:00\",\"description\":\"Ajoutez une touche personnelle \u00e0 votre valise avec l'\u00e9tiquette de bagage Moss Green, o\u00f9 vous pouvez inscrire vos initiales pour un look unique.\",\"breadcrumb\":{\"@id\":\"https:\\\/\\\/nortvi.com\\\/fr\\\/produit\\\/moss-green-luggage-tag\\\/#breadcrumb\"},\"inLanguage\":\"fr-FR\",\"potentialAction\":[{\"@type\":\"ReadAction\",\"target\":[\"https:\\\/\\\/nortvi.com\\\/fr\\\/produit\\\/moss-green-luggage-tag\\\/\"]}]},{\"@type\":\"ImageObject\",\"inLanguage\":\"fr-FR\",\"@id\":\"https:\\\/\\\/nortvi.com\\\/fr\\\/produit\\\/moss-green-luggage-tag\\\/#primaryimage\",\"url\":\"https:\\\/\\\/nortvi.com\\\/wp-content\\\/uploads\\\/2024\\\/07\\\/2024-06-Tag-Groen-1-e1720003873112-1.png\",\"contentUrl\":\"https:\\\/\\\/nortvi.com\\\/wp-content\\\/uploads\\\/2024\\\/07\\\/2024-06-Tag-Groen-1-e1720003873112-1.png\",\"width\":1500,\"height\":1500},{\"@type\":\"BreadcrumbList\",\"@id\":\"https:\\\/\\\/nortvi.com\\\/fr\\\/produit\\\/moss-green-luggage-tag\\\/#breadcrumb\",\"itemListElement\":[{\"@type\":\"ListItem\",\"position\":1,\"name\":\"Home\",\"item\":\"https:\\\/\\\/nortvi.com\\\/fr\\\/\"},{\"@type\":\"ListItem\",\"position\":2,\"name\":\"Shop\",\"item\":\"https:\\\/\\\/nortvi.com\\\/fr\\\/shop\\\/\"},{\"@type\":\"ListItem\",\"position\":3,\"name\":\"Accessories\",\"item\":\"https:\\\/\\\/nortvi.com\\\/fr\\\/accessories\\\/\"},{\"@type\":\"ListItem\",\"position\":4,\"name\":\"\u00c9tiquettes de Bagage\",\"item\":\"https:\\\/\\\/nortvi.com\\\/fr\\\/accessories\\\/etiquette-bagage\\\/\"},{\"@type\":\"ListItem\",\"position\":5,\"name\":\"Moss Green Luggage Tag\"}]},{\"@type\":\"WebSite\",\"@id\":\"https:\\\/\\\/nortvi.com\\\/fr\\\/#website\",\"url\":\"https:\\\/\\\/nortvi.com\\\/fr\\\/\",\"name\":\"NORTVI\",\"description\":\"Sustainable travel gear\",\"publisher\":{\"@id\":\"https:\\\/\\\/nortvi.com\\\/fr\\\/#organization\"},\"potentialAction\":[{\"@type\":\"SearchAction\",\"target\":{\"@type\":\"EntryPoint\",\"urlTemplate\":\"https:\\\/\\\/nortvi.com\\\/fr\\\/?s={search_term_string}\"},\"query-input\":{\"@type\":\"PropertyValueSpecification\",\"valueRequired\":true,\"valueName\":\"search_term_string\"}}],\"inLanguage\":\"fr-FR\"},{\"@type\":\"Organization\",\"@id\":\"https:\\\/\\\/nortvi.com\\\/fr\\\/#organization\",\"name\":\"NORTVI\",\"url\":\"https:\\\/\\\/nortvi.com\\\/fr\\\/\",\"logo\":{\"@type\":\"ImageObject\",\"inLanguage\":\"fr-FR\",\"@id\":\"https:\\\/\\\/nortvi.com\\\/fr\\\/#\\\/schema\\\/logo\\\/image\\\/\",\"url\":\"https:\\\/\\\/nortvi.com\\\/wp-content\\\/uploads\\\/2023\\\/09\\\/cropped-logo-footer.png\",\"contentUrl\":\"https:\\\/\\\/nortvi.com\\\/wp-content\\\/uploads\\\/2023\\\/09\\\/cropped-logo-footer.png\",\"width\":300,\"height\":46,\"caption\":\"NORTVI\"},\"image\":{\"@id\":\"https:\\\/\\\/nortvi.com\\\/fr\\\/#\\\/schema\\\/logo\\\/image\\\/\"},\"sameAs\":[\"https:\\\/\\\/www.instagram.com\\\/nortvi\\\/\"]}]}<\/script>\n<meta property=\"product:price:amount\" content=\"20.00\" \/>\n<meta property=\"product:price:currency\" content=\"EUR\" \/>\n<meta property=\"og:availability\" content=\"instock\" \/>\n<meta property=\"product:availability\" content=\"instock\" \/>\n<meta property=\"product:retailer_item_id\" content=\"8720865800011\" \/>\n<meta property=\"product:condition\" content=\"new\" \/>\n<!-- \/ Yoast SEO Premium plugin. -->","yoast_head_json":{"title":"Moss Green Luggage Tag | Personnalisez votre \u00e9tiquette","description":"Ajoutez une touche personnelle \u00e0 votre valise avec l'\u00e9tiquette de bagage Moss Green, o\u00f9 vous pouvez inscrire vos initiales pour un look unique.","robots":{"index":"index","follow":"follow","max-snippet":"max-snippet:-1","max-image-preview":"max-image-preview:large","max-video-preview":"max-video-preview:-1"},"canonical":"https:\/\/nortvi.com\/fr\/produit\/moss-green-luggage-tag\/","og_locale":"fr_FR","og_type":"article","og_title":"Moss Green Luggage Tag","og_description":"Ajoutez une touche personnelle \u00e0 votre valise avec l'\u00e9tiquette de bagage Moss Green, o\u00f9 vous pouvez inscrire vos initiales pour un look unique.","og_url":"https:\/\/nortvi.com\/fr\/produit\/moss-green-luggage-tag\/","og_site_name":"NORTVI","article_modified_time":"2024-07-03T14:24:10+00:00","og_image":[{"width":1500,"height":1500,"url":"https:\/\/nortvi.com\/wp-content\/uploads\/2024\/07\/2024-06-Tag-Groen-1-e1720003873112-1.png","type":"image\/png"}],"twitter_card":"summary_large_image","twitter_misc":{"Prix":"&euro;20.00","Disponibilit\u00e9":"En stock"},"schema":{"@context":"https:\/\/schema.org","@graph":[{"@type":"WebPage","@id":"https:\/\/nortvi.com\/fr\/produit\/moss-green-luggage-tag\/","url":"https:\/\/nortvi.com\/fr\/produit\/moss-green-luggage-tag\/","name":"Moss Green Luggage Tag | Personnalisez votre \u00e9tiquette","isPartOf":{"@id":"https:\/\/nortvi.com\/fr\/#website"},"primaryImageOfPage":{"@id":"https:\/\/nortvi.com\/fr\/produit\/moss-green-luggage-tag\/#primaryimage"},"image":{"@id":"https:\/\/nortvi.com\/fr\/produit\/moss-green-luggage-tag\/#primaryimage"},"thumbnailUrl":"https:\/\/nortvi.com\/wp-content\/uploads\/2024\/07\/2024-06-Tag-Groen-1-e1720003873112-1.png","datePublished":"2024-07-01T14:46:50+00:00","dateModified":"2024-07-03T14:24:10+00:00","description":"Ajoutez une touche personnelle \u00e0 votre valise avec l'\u00e9tiquette de bagage Moss Green, o\u00f9 vous pouvez inscrire vos initiales pour un look unique.","breadcrumb":{"@id":"https:\/\/nortvi.com\/fr\/produit\/moss-green-luggage-tag\/#breadcrumb"},"inLanguage":"fr-FR","potentialAction":[{"@type":"ReadAction","target":["https:\/\/nortvi.com\/fr\/produit\/moss-green-luggage-tag\/"]}]},{"@type":"ImageObject","inLanguage":"fr-FR","@id":"https:\/\/nortvi.com\/fr\/produit\/moss-green-luggage-tag\/#primaryimage","url":"https:\/\/nortvi.com\/wp-content\/uploads\/2024\/07\/2024-06-Tag-Groen-1-e1720003873112-1.png","contentUrl":"https:\/\/nortvi.com\/wp-content\/uploads\/2024\/07\/2024-06-Tag-Groen-1-e1720003873112-1.png","width":1500,"height":1500},{"@type":"BreadcrumbList","@id":"https:\/\/nortvi.com\/fr\/produit\/moss-green-luggage-tag\/#breadcrumb","itemListElement":[{"@type":"ListItem","position":1,"name":"Home","item":"https:\/\/nortvi.com\/fr\/"},{"@type":"ListItem","position":2,"name":"Shop","item":"https:\/\/nortvi.com\/fr\/shop\/"},{"@type":"ListItem","position":3,"name":"Accessories","item":"https:\/\/nortvi.com\/fr\/accessories\/"},{"@type":"ListItem","position":4,"name":"\u00c9tiquettes de Bagage","item":"https:\/\/nortvi.com\/fr\/accessories\/etiquette-bagage\/"},{"@type":"ListItem","position":5,"name":"Moss Green Luggage Tag"}]},{"@type":"WebSite","@id":"https:\/\/nortvi.com\/fr\/#website","url":"https:\/\/nortvi.com\/fr\/","name":"NORTVI","description":"Sustainable travel gear","publisher":{"@id":"https:\/\/nortvi.com\/fr\/#organization"},"potentialAction":[{"@type":"SearchAction","target":{"@type":"EntryPoint","urlTemplate":"https:\/\/nortvi.com\/fr\/?s={search_term_string}"},"query-input":{"@type":"PropertyValueSpecification","valueRequired":true,"valueName":"search_term_string"}}],"inLanguage":"fr-FR"},{"@type":"Organization","@id":"https:\/\/nortvi.com\/fr\/#organization","name":"NORTVI","url":"https:\/\/nortvi.com\/fr\/","logo":{"@type":"ImageObject","inLanguage":"fr-FR","@id":"https:\/\/nortvi.com\/fr\/#\/schema\/logo\/image\/","url":"https:\/\/nortvi.com\/wp-content\/uploads\/2023\/09\/cropped-logo-footer.png","contentUrl":"https:\/\/nortvi.com\/wp-content\/uploads\/2023\/09\/cropped-logo-footer.png","width":300,"height":46,"caption":"NORTVI"},"image":{"@id":"https:\/\/nortvi.com\/fr\/#\/schema\/logo\/image\/"},"sameAs":["https:\/\/www.instagram.com\/nortvi\/"]}]},"product_price_amount":"20.00","product_price_currency":"EUR","og_availability":"instock","product_availability":"instock","product_retailer_item_id":"8720865800011","product_condition":"new"},"_links":{"self":[{"href":"https:\/\/nortvi.com\/fr\/wp-json\/wp\/v2\/product\/303559","targetHints":{"allow":["GET"]}}],"collection":[{"href":"https:\/\/nortvi.com\/fr\/wp-json\/wp\/v2\/product"}],"about":[{"href":"https:\/\/nortvi.com\/fr\/wp-json\/wp\/v2\/types\/product"}],"version-history":[{"count":0,"href":"https:\/\/nortvi.com\/fr\/wp-json\/wp\/v2\/product\/303559\/revisions"}],"wp:featuredmedia":[{"embeddable":true,"href":"https:\/\/nortvi.com\/fr\/wp-json\/wp\/v2\/media\/303856"}],"wp:attachment":[{"href":"https:\/\/nortvi.com\/fr\/wp-json\/wp\/v2\/media?parent=303559"}],"wp:term":[{"taxonomy":"product_brand","embeddable":true,"href":"https:\/\/nortvi.com\/fr\/wp-json\/wp\/v2\/product_brand?post=303559"},{"taxonomy":"product_cat","embeddable":true,"href":"https:\/\/nortvi.com\/fr\/wp-json\/wp\/v2\/product_cat?post=303559"},{"taxonomy":"product_tag","embeddable":true,"href":"https:\/\/nortvi.com\/fr\/wp-json\/wp\/v2\/product_tag?post=303559"}],"curies":[{"name":"wp","href":"https:\/\/api.w.org\/{rel}","templated":true}]}}