{"id":303008,"date":"2024-06-25T12:21:50","date_gmt":"2024-06-25T10:21:51","guid":{"rendered":"https:\/\/nortvi.com\/?post_type=product&#038;p=303008"},"modified":"2026-03-12T17:51:43","modified_gmt":"2026-03-12T16:51:43","slug":"set-2-valises","status":"publish","type":"product","link":"https:\/\/nortvi.com\/fr\/produit\/set-2-valises\/","title":{"rendered":"Ensemble 2 pi\u00e8ces"},"content":{"rendered":"<p>D\u00e9couvrez la combinaison unique de notre valise cabine et de notre valise Check-In. Un seul et m\u00eame ensemble. La valise est fabriqu\u00e9e en polycarbonate allemand respectueux de l&#8217;environnement, un mat\u00e9riau l\u00e9ger de qualit\u00e9 a\u00e9rospatiale quasiment incassable. La Front Pocket a une poche frontale int\u00e9gr\u00e9e de fa\u00e7on originale, imperm\u00e9able, qui permet de ranger un ordinateur portable jusqu&#8217;\u00e0 16 pouces, une tablette et des accessoires de voyage, sans devoir ouvrir la valise. La valise Check-In a un espace de rangement \u00e9tonnant de 77 litres et est la valise parfaite pour un voyage de plusieurs semaines.<\/p>\n\n\n<p><\/p>\n","protected":false},"excerpt":{"rendered":"<p>D\u00e9couvrez la combinaison unique de notre valise cabine et de notre valise Check-In. Un seul et m\u00eame ensemble. La valise est fabriqu\u00e9e en polycarbonate allemand respectueux de l&#8217;environnement, un mat\u00e9riau l\u00e9ger de qualit\u00e9 a\u00e9rospatiale quasiment incassable. La Front Pocket a une poche frontale int\u00e9gr\u00e9e de fa\u00e7on originale, imperm\u00e9able, qui permet de ranger un ordinateur portable jusqu&#8217;\u00e0 16 pouces, une tablette et des accessoires de voyage, sans devoir ouvrir la valise. La valise Check-In a un espace de rangement \u00e9tonnant de 77 litres et est la valise parfaite pour un voyage de plusieurs semaines.<\/p>\n","protected":false},"featured_media":293508,"template":"","meta":{"_acf_changed":false,"footnotes":""},"product_brand":[],"product_cat":[269],"product_tag":[],"class_list":{"0":"post-303008","1":"product","2":"type-product","3":"status-publish","4":"has-post-thumbnail","6":"product_cat-set-de-valises","8":"first","9":"instock","10":"virtual","11":"taxable","12":"purchasable","13":"product-type-composite"},"composite_virtual":false,"composite_layout":"single","composite_add_to_cart_form_location":"default","composite_editable_in_cart":false,"composite_sold_individually_context":"product","composite_shop_price_calc":"hidden","composite_components":[{"id":"1646909241","title":"Cabin Luggage","description":"","query_type":"category_ids","query_ids":[254,255,253,256],"default_option_id":260456,"thumbnail_id":"","thumbnail_src":"","quantity_min":1,"quantity_max":1,"priced_individually":true,"shipped_individually":true,"optional":false,"discount":25,"options_style":"thumbnails","pagination_style":"classic","display_prices":"relative","show_sorting_options":false,"show_filtering_options":false,"attribute_filter_ids":[],"select_action":"view","product_title_visible":true,"product_descr_visible":false,"product_price_visible":true,"product_thumb_visible":true,"subtotal_visible_product":true,"subtotal_visible_cart":true,"subtotal_visible_orders":true},{"id":"1646909242","title":"Check-in M","description":"","query_type":"category_ids","query_ids":[254,255,253,256],"default_option_id":258267,"thumbnail_id":"","thumbnail_src":"","quantity_min":1,"quantity_max":1,"priced_individually":true,"shipped_individually":true,"optional":false,"discount":25,"options_style":"thumbnails","pagination_style":"classic","display_prices":"relative","show_sorting_options":false,"show_filtering_options":false,"attribute_filter_ids":[],"select_action":"view","product_title_visible":true,"product_descr_visible":false,"product_price_visible":false,"product_thumb_visible":true,"subtotal_visible_product":true,"subtotal_visible_cart":true,"subtotal_visible_orders":true}],"composite_scenarios":[],"acf":[],"yoast_head":"<!-- This site is optimized with the Yoast SEO Premium plugin v27.1 (Yoast SEO v27.3) - https:\/\/yoast.com\/product\/yoast-seo-premium-wordpress\/ -->\n<title>Set de Valises | Set de voyage | Premium, Durable &amp; unique<\/title>\n<meta name=\"description\" content=\"D\u00e9couvrez les ensembles de valises durables de NORTVI. Une valise cabine combin\u00e9e \u00e0 une valise soute dans un set. Garantie \u00e0 vie et exp\u00e9dition gratuite.\" \/>\n<meta name=\"robots\" content=\"index, follow, max-snippet:-1, max-image-preview:large, max-video-preview:-1\" \/>\n<link rel=\"canonical\" href=\"https:\/\/nortvi.com\/fr\/produit\/set-2-valises\/\" \/>\n<meta property=\"og:locale\" content=\"fr_FR\" \/>\n<meta property=\"og:type\" content=\"article\" \/>\n<meta property=\"og:title\" content=\"Ensemble 2 pi\u00e8ces\" \/>\n<meta property=\"og:description\" content=\"D\u00e9couvrez les ensembles de valises durables de NORTVI. Une valise cabine combin\u00e9e \u00e0 une valise soute dans un set. Garantie \u00e0 vie et exp\u00e9dition gratuite.\" \/>\n<meta property=\"og:url\" content=\"https:\/\/nortvi.com\/fr\/produit\/set-2-valises\/\" \/>\n<meta property=\"og:site_name\" content=\"NORTVI\" \/>\n<meta property=\"article:modified_time\" content=\"2026-03-12T16:51:43+00:00\" \/>\n<meta property=\"og:image\" content=\"https:\/\/nortvi.com\/wp-content\/uploads\/2023\/03\/Sethand2-1.jpg\" \/>\n\t<meta property=\"og:image:width\" content=\"2000\" \/>\n\t<meta property=\"og:image:height\" content=\"2000\" \/>\n\t<meta property=\"og:image:type\" content=\"image\/jpeg\" \/>\n<meta name=\"twitter:card\" content=\"summary_large_image\" \/>\n<meta name=\"twitter:label1\" content=\"Prix\" \/>\n\t<meta name=\"twitter:data1\" content=\"&euro;0.00\" \/>\n\t<meta name=\"twitter:label2\" content=\"Disponibilit\u00e9\" \/>\n\t<meta name=\"twitter:data2\" content=\"En stock\" \/>\n<script type=\"application\/ld+json\" class=\"yoast-schema-graph\">{\"@context\":\"https:\\\/\\\/schema.org\",\"@graph\":[{\"@type\":\"WebPage\",\"@id\":\"https:\\\/\\\/nortvi.com\\\/fr\\\/produit\\\/set-2-valises\\\/\",\"url\":\"https:\\\/\\\/nortvi.com\\\/fr\\\/produit\\\/set-2-valises\\\/\",\"name\":\"Set de Valises | Set de voyage | Premium, Durable & unique\",\"isPartOf\":{\"@id\":\"https:\\\/\\\/nortvi.com\\\/fr\\\/#website\"},\"primaryImageOfPage\":{\"@id\":\"https:\\\/\\\/nortvi.com\\\/fr\\\/produit\\\/set-2-valises\\\/#primaryimage\"},\"image\":{\"@id\":\"https:\\\/\\\/nortvi.com\\\/fr\\\/produit\\\/set-2-valises\\\/#primaryimage\"},\"thumbnailUrl\":\"https:\\\/\\\/nortvi.com\\\/wp-content\\\/uploads\\\/2023\\\/03\\\/Sethand2-1.jpg\",\"datePublished\":\"2024-06-25T10:21:51+00:00\",\"dateModified\":\"2026-03-12T16:51:43+00:00\",\"description\":\"D\u00e9couvrez les ensembles de valises durables de NORTVI. Une valise cabine combin\u00e9e \u00e0 une valise soute dans un set. Garantie \u00e0 vie et exp\u00e9dition gratuite.\",\"breadcrumb\":{\"@id\":\"https:\\\/\\\/nortvi.com\\\/fr\\\/produit\\\/set-2-valises\\\/#breadcrumb\"},\"inLanguage\":\"fr-FR\",\"potentialAction\":[{\"@type\":\"ReadAction\",\"target\":[\"https:\\\/\\\/nortvi.com\\\/fr\\\/produit\\\/set-2-valises\\\/\"]}]},{\"@type\":\"ImageObject\",\"inLanguage\":\"fr-FR\",\"@id\":\"https:\\\/\\\/nortvi.com\\\/fr\\\/produit\\\/set-2-valises\\\/#primaryimage\",\"url\":\"https:\\\/\\\/nortvi.com\\\/wp-content\\\/uploads\\\/2023\\\/03\\\/Sethand2-1.jpg\",\"contentUrl\":\"https:\\\/\\\/nortvi.com\\\/wp-content\\\/uploads\\\/2023\\\/03\\\/Sethand2-1.jpg\",\"width\":2000,\"height\":2000},{\"@type\":\"BreadcrumbList\",\"@id\":\"https:\\\/\\\/nortvi.com\\\/fr\\\/produit\\\/set-2-valises\\\/#breadcrumb\",\"itemListElement\":[{\"@type\":\"ListItem\",\"position\":1,\"name\":\"Home\",\"item\":\"https:\\\/\\\/nortvi.com\\\/fr\\\/\"},{\"@type\":\"ListItem\",\"position\":2,\"name\":\"Shop\",\"item\":\"https:\\\/\\\/nortvi.com\\\/fr\\\/shop\\\/\"},{\"@type\":\"ListItem\",\"position\":3,\"name\":\"Sets de Valises\",\"item\":\"https:\\\/\\\/nortvi.com\\\/fr\\\/set-de-valises\\\/\"},{\"@type\":\"ListItem\",\"position\":4,\"name\":\"Ensemble 2 pi\u00e8ces\"}]},{\"@type\":\"WebSite\",\"@id\":\"https:\\\/\\\/nortvi.com\\\/fr\\\/#website\",\"url\":\"https:\\\/\\\/nortvi.com\\\/fr\\\/\",\"name\":\"NORTVI\",\"description\":\"Sustainable travel gear\",\"publisher\":{\"@id\":\"https:\\\/\\\/nortvi.com\\\/fr\\\/#organization\"},\"potentialAction\":[{\"@type\":\"SearchAction\",\"target\":{\"@type\":\"EntryPoint\",\"urlTemplate\":\"https:\\\/\\\/nortvi.com\\\/fr\\\/?s={search_term_string}\"},\"query-input\":{\"@type\":\"PropertyValueSpecification\",\"valueRequired\":true,\"valueName\":\"search_term_string\"}}],\"inLanguage\":\"fr-FR\"},{\"@type\":\"Organization\",\"@id\":\"https:\\\/\\\/nortvi.com\\\/fr\\\/#organization\",\"name\":\"NORTVI\",\"url\":\"https:\\\/\\\/nortvi.com\\\/fr\\\/\",\"logo\":{\"@type\":\"ImageObject\",\"inLanguage\":\"fr-FR\",\"@id\":\"https:\\\/\\\/nortvi.com\\\/fr\\\/#\\\/schema\\\/logo\\\/image\\\/\",\"url\":\"https:\\\/\\\/nortvi.com\\\/wp-content\\\/uploads\\\/2023\\\/09\\\/cropped-logo-footer.png\",\"contentUrl\":\"https:\\\/\\\/nortvi.com\\\/wp-content\\\/uploads\\\/2023\\\/09\\\/cropped-logo-footer.png\",\"width\":300,\"height\":46,\"caption\":\"NORTVI\"},\"image\":{\"@id\":\"https:\\\/\\\/nortvi.com\\\/fr\\\/#\\\/schema\\\/logo\\\/image\\\/\"},\"sameAs\":[\"https:\\\/\\\/www.instagram.com\\\/nortvi\\\/\"]}]}<\/script>\n<meta property=\"product:price:amount\" content=\"0.00\" \/>\n<meta property=\"product:price:currency\" content=\"EUR\" \/>\n<meta property=\"og:availability\" content=\"instock\" \/>\n<meta property=\"product:availability\" content=\"instock\" \/>\n<meta property=\"product:retailer_item_id\" content=\"cabinandcheckinm-1\" \/>\n<meta property=\"product:condition\" content=\"new\" \/>\n<!-- \/ Yoast SEO Premium plugin. -->","yoast_head_json":{"title":"Set de Valises | Set de voyage | Premium, Durable & unique","description":"D\u00e9couvrez les ensembles de valises durables de NORTVI. Une valise cabine combin\u00e9e \u00e0 une valise soute dans un set. Garantie \u00e0 vie et exp\u00e9dition gratuite.","robots":{"index":"index","follow":"follow","max-snippet":"max-snippet:-1","max-image-preview":"max-image-preview:large","max-video-preview":"max-video-preview:-1"},"canonical":"https:\/\/nortvi.com\/fr\/produit\/set-2-valises\/","og_locale":"fr_FR","og_type":"article","og_title":"Ensemble 2 pi\u00e8ces","og_description":"D\u00e9couvrez les ensembles de valises durables de NORTVI. Une valise cabine combin\u00e9e \u00e0 une valise soute dans un set. Garantie \u00e0 vie et exp\u00e9dition gratuite.","og_url":"https:\/\/nortvi.com\/fr\/produit\/set-2-valises\/","og_site_name":"NORTVI","article_modified_time":"2026-03-12T16:51:43+00:00","og_image":[{"width":2000,"height":2000,"url":"https:\/\/nortvi.com\/wp-content\/uploads\/2023\/03\/Sethand2-1.jpg","type":"image\/jpeg"}],"twitter_card":"summary_large_image","twitter_misc":{"Prix":"&euro;0.00","Disponibilit\u00e9":"En stock"},"schema":{"@context":"https:\/\/schema.org","@graph":[{"@type":"WebPage","@id":"https:\/\/nortvi.com\/fr\/produit\/set-2-valises\/","url":"https:\/\/nortvi.com\/fr\/produit\/set-2-valises\/","name":"Set de Valises | Set de voyage | Premium, Durable & unique","isPartOf":{"@id":"https:\/\/nortvi.com\/fr\/#website"},"primaryImageOfPage":{"@id":"https:\/\/nortvi.com\/fr\/produit\/set-2-valises\/#primaryimage"},"image":{"@id":"https:\/\/nortvi.com\/fr\/produit\/set-2-valises\/#primaryimage"},"thumbnailUrl":"https:\/\/nortvi.com\/wp-content\/uploads\/2023\/03\/Sethand2-1.jpg","datePublished":"2024-06-25T10:21:51+00:00","dateModified":"2026-03-12T16:51:43+00:00","description":"D\u00e9couvrez les ensembles de valises durables de NORTVI. Une valise cabine combin\u00e9e \u00e0 une valise soute dans un set. Garantie \u00e0 vie et exp\u00e9dition gratuite.","breadcrumb":{"@id":"https:\/\/nortvi.com\/fr\/produit\/set-2-valises\/#breadcrumb"},"inLanguage":"fr-FR","potentialAction":[{"@type":"ReadAction","target":["https:\/\/nortvi.com\/fr\/produit\/set-2-valises\/"]}]},{"@type":"ImageObject","inLanguage":"fr-FR","@id":"https:\/\/nortvi.com\/fr\/produit\/set-2-valises\/#primaryimage","url":"https:\/\/nortvi.com\/wp-content\/uploads\/2023\/03\/Sethand2-1.jpg","contentUrl":"https:\/\/nortvi.com\/wp-content\/uploads\/2023\/03\/Sethand2-1.jpg","width":2000,"height":2000},{"@type":"BreadcrumbList","@id":"https:\/\/nortvi.com\/fr\/produit\/set-2-valises\/#breadcrumb","itemListElement":[{"@type":"ListItem","position":1,"name":"Home","item":"https:\/\/nortvi.com\/fr\/"},{"@type":"ListItem","position":2,"name":"Shop","item":"https:\/\/nortvi.com\/fr\/shop\/"},{"@type":"ListItem","position":3,"name":"Sets de Valises","item":"https:\/\/nortvi.com\/fr\/set-de-valises\/"},{"@type":"ListItem","position":4,"name":"Ensemble 2 pi\u00e8ces"}]},{"@type":"WebSite","@id":"https:\/\/nortvi.com\/fr\/#website","url":"https:\/\/nortvi.com\/fr\/","name":"NORTVI","description":"Sustainable travel gear","publisher":{"@id":"https:\/\/nortvi.com\/fr\/#organization"},"potentialAction":[{"@type":"SearchAction","target":{"@type":"EntryPoint","urlTemplate":"https:\/\/nortvi.com\/fr\/?s={search_term_string}"},"query-input":{"@type":"PropertyValueSpecification","valueRequired":true,"valueName":"search_term_string"}}],"inLanguage":"fr-FR"},{"@type":"Organization","@id":"https:\/\/nortvi.com\/fr\/#organization","name":"NORTVI","url":"https:\/\/nortvi.com\/fr\/","logo":{"@type":"ImageObject","inLanguage":"fr-FR","@id":"https:\/\/nortvi.com\/fr\/#\/schema\/logo\/image\/","url":"https:\/\/nortvi.com\/wp-content\/uploads\/2023\/09\/cropped-logo-footer.png","contentUrl":"https:\/\/nortvi.com\/wp-content\/uploads\/2023\/09\/cropped-logo-footer.png","width":300,"height":46,"caption":"NORTVI"},"image":{"@id":"https:\/\/nortvi.com\/fr\/#\/schema\/logo\/image\/"},"sameAs":["https:\/\/www.instagram.com\/nortvi\/"]}]},"product_price_amount":"0.00","product_price_currency":"EUR","og_availability":"instock","product_availability":"instock","product_retailer_item_id":"cabinandcheckinm-1","product_condition":"new"},"_links":{"self":[{"href":"https:\/\/nortvi.com\/fr\/wp-json\/wp\/v2\/product\/303008","targetHints":{"allow":["GET"]}}],"collection":[{"href":"https:\/\/nortvi.com\/fr\/wp-json\/wp\/v2\/product"}],"about":[{"href":"https:\/\/nortvi.com\/fr\/wp-json\/wp\/v2\/types\/product"}],"version-history":[{"count":0,"href":"https:\/\/nortvi.com\/fr\/wp-json\/wp\/v2\/product\/303008\/revisions"}],"wp:featuredmedia":[{"embeddable":true,"href":"https:\/\/nortvi.com\/fr\/wp-json\/wp\/v2\/media\/293508"}],"wp:attachment":[{"href":"https:\/\/nortvi.com\/fr\/wp-json\/wp\/v2\/media?parent=303008"}],"wp:term":[{"taxonomy":"product_brand","embeddable":true,"href":"https:\/\/nortvi.com\/fr\/wp-json\/wp\/v2\/product_brand?post=303008"},{"taxonomy":"product_cat","embeddable":true,"href":"https:\/\/nortvi.com\/fr\/wp-json\/wp\/v2\/product_cat?post=303008"},{"taxonomy":"product_tag","embeddable":true,"href":"https:\/\/nortvi.com\/fr\/wp-json\/wp\/v2\/product_tag?post=303008"}],"curies":[{"name":"wp","href":"https:\/\/api.w.org\/{rel}","templated":true}]}}