{"id":269238,"date":"2023-08-08T14:03:59","date_gmt":"2023-08-08T12:04:00","guid":{"rendered":"https:\/\/nortvi-prod.wdc.app\/?post_type=product&#038;p=269238"},"modified":"2025-12-08T11:20:02","modified_gmt":"2025-12-08T10:20:02","slug":"essential-dune","status":"publish","type":"product","link":"https:\/\/nortvi.com\/fr\/produit\/essential-dune\/","title":{"rendered":"Essential Dune"},"content":{"rendered":"<p>Le meilleur des bagages cabine. Cette valise exceptionnelle est fabriqu\u00e9e \u00e0 partir de polycarbonate allemand \u00e9coresponsable, un mat\u00e9riau l\u00e9ger, de qualit\u00e9 a\u00e9ronautique et pratiquement incassable. Elle est \u00e9quip\u00e9e de roulettes Silent Run Hinomoto, la r\u00e9f\u00e9rence en mati\u00e8re de silence et de qualit\u00e9. La valise Essential a la plus grande capacit\u00e9 de sa cat\u00e9gorie, avec des compartiments de rangement suppl\u00e9mentaires parfaitement align\u00e9s.<\/p>\n\n\n<p><\/p>\n","protected":false},"excerpt":{"rendered":"<p>Le meilleur des bagages cabine. Cette valise exceptionnelle est fabriqu\u00e9e \u00e0 partir de polycarbonate allemand \u00e9coresponsable, un mat\u00e9riau l\u00e9ger, de qualit\u00e9 a\u00e9ronautique et pratiquement incassable. Elle est \u00e9quip\u00e9e de roulettes Silent Run Hinomoto, la r\u00e9f\u00e9rence en mati\u00e8re de silence et de qualit\u00e9. La valise Essential a la plus grande capacit\u00e9 de sa cat\u00e9gorie, avec des compartiments de rangement suppl\u00e9mentaires parfaitement align\u00e9s.<\/p>\n","protected":false},"featured_media":269269,"template":"","meta":{"_acf_changed":false,"footnotes":""},"product_brand":[],"product_cat":[254],"product_tag":[],"class_list":{"0":"post-269238","1":"product","2":"type-product","3":"status-publish","4":"has-post-thumbnail","6":"product_cat-essential-fr","8":"first","9":"instock","10":"taxable","11":"shipping-taxable","12":"purchasable","13":"product-type-simple"},"composite_virtual":false,"composite_layout":"","composite_add_to_cart_form_location":"","composite_editable_in_cart":false,"composite_sold_individually_context":"","composite_shop_price_calc":"","composite_components":[],"composite_scenarios":[],"acf":[],"yoast_head":"<!-- This site is optimized with the Yoast SEO Premium plugin v27.1 (Yoast SEO v27.3) - https:\/\/yoast.com\/product\/yoast-seo-premium-wordpress\/ -->\n<title>Valise Cabine Essential | Dune | Premium et Unique<\/title>\n<meta name=\"description\" content=\"Cette valise cabine Dune est ultra-l\u00e9g\u00e8re et offre un espace de rangement de 36 litres. Fabriqu\u00e9e \u00e0 partir de mat\u00e9riaux durables avec garantie \u00e0 vie.\" \/>\n<meta name=\"robots\" content=\"index, follow, max-snippet:-1, max-image-preview:large, max-video-preview:-1\" \/>\n<link rel=\"canonical\" href=\"https:\/\/nortvi.com\/fr\/produit\/essential-dune\/\" \/>\n<meta property=\"og:locale\" content=\"fr_FR\" \/>\n<meta property=\"og:type\" content=\"article\" \/>\n<meta property=\"og:title\" content=\"Essential Dune\" \/>\n<meta property=\"og:description\" content=\"Cette valise cabine Dune est ultra-l\u00e9g\u00e8re et offre un espace de rangement de 36 litres. Fabriqu\u00e9e \u00e0 partir de mat\u00e9riaux durables avec garantie \u00e0 vie.\" \/>\n<meta property=\"og:url\" content=\"https:\/\/nortvi.com\/fr\/produit\/essential-dune\/\" \/>\n<meta property=\"og:site_name\" content=\"NORTVI\" \/>\n<meta property=\"article:modified_time\" content=\"2025-12-08T10:20:02+00:00\" \/>\n<meta property=\"og:image\" content=\"https:\/\/nortvi.com\/wp-content\/uploads\/2023\/08\/Front_Beige_Essential-3.jpg\" \/>\n\t<meta property=\"og:image:width\" content=\"2000\" \/>\n\t<meta property=\"og:image:height\" content=\"2000\" \/>\n\t<meta property=\"og:image:type\" content=\"image\/jpeg\" \/>\n<meta name=\"twitter:card\" content=\"summary_large_image\" \/>\n<meta name=\"twitter:label1\" content=\"Prix\" \/>\n\t<meta name=\"twitter:data1\" content=\"&euro;219.00\" \/>\n\t<meta name=\"twitter:label2\" content=\"Disponibilit\u00e9\" \/>\n\t<meta name=\"twitter:data2\" content=\"En stock\" \/>\n<script type=\"application\/ld+json\" class=\"yoast-schema-graph\">{\"@context\":\"https:\\\/\\\/schema.org\",\"@graph\":[{\"@type\":\"WebPage\",\"@id\":\"https:\\\/\\\/nortvi.com\\\/fr\\\/produit\\\/essential-dune\\\/\",\"url\":\"https:\\\/\\\/nortvi.com\\\/fr\\\/produit\\\/essential-dune\\\/\",\"name\":\"Valise Cabine Essential | Dune | Premium et Unique\",\"isPartOf\":{\"@id\":\"https:\\\/\\\/nortvi.com\\\/fr\\\/#website\"},\"primaryImageOfPage\":{\"@id\":\"https:\\\/\\\/nortvi.com\\\/fr\\\/produit\\\/essential-dune\\\/#primaryimage\"},\"image\":{\"@id\":\"https:\\\/\\\/nortvi.com\\\/fr\\\/produit\\\/essential-dune\\\/#primaryimage\"},\"thumbnailUrl\":\"https:\\\/\\\/nortvi.com\\\/wp-content\\\/uploads\\\/2023\\\/08\\\/Front_Beige_Essential-3.jpg\",\"datePublished\":\"2023-08-08T12:04:00+00:00\",\"dateModified\":\"2025-12-08T10:20:02+00:00\",\"description\":\"Cette valise cabine Dune est ultra-l\u00e9g\u00e8re et offre un espace de rangement de 36 litres. Fabriqu\u00e9e \u00e0 partir de mat\u00e9riaux durables avec garantie \u00e0 vie.\",\"breadcrumb\":{\"@id\":\"https:\\\/\\\/nortvi.com\\\/fr\\\/produit\\\/essential-dune\\\/#breadcrumb\"},\"inLanguage\":\"fr-FR\",\"potentialAction\":[{\"@type\":\"ReadAction\",\"target\":[\"https:\\\/\\\/nortvi.com\\\/fr\\\/produit\\\/essential-dune\\\/\"]}]},{\"@type\":\"ImageObject\",\"inLanguage\":\"fr-FR\",\"@id\":\"https:\\\/\\\/nortvi.com\\\/fr\\\/produit\\\/essential-dune\\\/#primaryimage\",\"url\":\"https:\\\/\\\/nortvi.com\\\/wp-content\\\/uploads\\\/2023\\\/08\\\/Front_Beige_Essential-3.jpg\",\"contentUrl\":\"https:\\\/\\\/nortvi.com\\\/wp-content\\\/uploads\\\/2023\\\/08\\\/Front_Beige_Essential-3.jpg\",\"width\":2000,\"height\":2000},{\"@type\":\"BreadcrumbList\",\"@id\":\"https:\\\/\\\/nortvi.com\\\/fr\\\/produit\\\/essential-dune\\\/#breadcrumb\",\"itemListElement\":[{\"@type\":\"ListItem\",\"position\":1,\"name\":\"Home\",\"item\":\"https:\\\/\\\/nortvi.com\\\/fr\\\/\"},{\"@type\":\"ListItem\",\"position\":2,\"name\":\"Shop\",\"item\":\"https:\\\/\\\/nortvi.com\\\/fr\\\/shop\\\/\"},{\"@type\":\"ListItem\",\"position\":3,\"name\":\"Valises Cabine\",\"item\":\"https:\\\/\\\/nortvi.com\\\/fr\\\/cabin-luggage-fr\\\/\"},{\"@type\":\"ListItem\",\"position\":4,\"name\":\"Essential\",\"item\":\"https:\\\/\\\/nortvi.com\\\/fr\\\/cabin-luggage-fr\\\/essential-fr\\\/\"},{\"@type\":\"ListItem\",\"position\":5,\"name\":\"Essential Dune\"}]},{\"@type\":\"WebSite\",\"@id\":\"https:\\\/\\\/nortvi.com\\\/fr\\\/#website\",\"url\":\"https:\\\/\\\/nortvi.com\\\/fr\\\/\",\"name\":\"NORTVI\",\"description\":\"Sustainable travel gear\",\"publisher\":{\"@id\":\"https:\\\/\\\/nortvi.com\\\/fr\\\/#organization\"},\"potentialAction\":[{\"@type\":\"SearchAction\",\"target\":{\"@type\":\"EntryPoint\",\"urlTemplate\":\"https:\\\/\\\/nortvi.com\\\/fr\\\/?s={search_term_string}\"},\"query-input\":{\"@type\":\"PropertyValueSpecification\",\"valueRequired\":true,\"valueName\":\"search_term_string\"}}],\"inLanguage\":\"fr-FR\"},{\"@type\":\"Organization\",\"@id\":\"https:\\\/\\\/nortvi.com\\\/fr\\\/#organization\",\"name\":\"NORTVI\",\"url\":\"https:\\\/\\\/nortvi.com\\\/fr\\\/\",\"logo\":{\"@type\":\"ImageObject\",\"inLanguage\":\"fr-FR\",\"@id\":\"https:\\\/\\\/nortvi.com\\\/fr\\\/#\\\/schema\\\/logo\\\/image\\\/\",\"url\":\"https:\\\/\\\/nortvi.com\\\/wp-content\\\/uploads\\\/2023\\\/09\\\/cropped-logo-footer.png\",\"contentUrl\":\"https:\\\/\\\/nortvi.com\\\/wp-content\\\/uploads\\\/2023\\\/09\\\/cropped-logo-footer.png\",\"width\":300,\"height\":46,\"caption\":\"NORTVI\"},\"image\":{\"@id\":\"https:\\\/\\\/nortvi.com\\\/fr\\\/#\\\/schema\\\/logo\\\/image\\\/\"},\"sameAs\":[\"https:\\\/\\\/www.instagram.com\\\/nortvi\\\/\"]}]}<\/script>\n<meta property=\"product:price:amount\" content=\"219.00\" \/>\n<meta property=\"product:price:currency\" content=\"EUR\" \/>\n<meta property=\"og:availability\" content=\"instock\" \/>\n<meta property=\"product:availability\" content=\"instock\" \/>\n<meta property=\"product:retailer_item_id\" content=\"8720618379498\" \/>\n<meta property=\"product:condition\" content=\"new\" \/>\n<!-- \/ Yoast SEO Premium plugin. -->","yoast_head_json":{"title":"Valise Cabine Essential | Dune | Premium et Unique","description":"Cette valise cabine Dune est ultra-l\u00e9g\u00e8re et offre un espace de rangement de 36 litres. Fabriqu\u00e9e \u00e0 partir de mat\u00e9riaux durables avec garantie \u00e0 vie.","robots":{"index":"index","follow":"follow","max-snippet":"max-snippet:-1","max-image-preview":"max-image-preview:large","max-video-preview":"max-video-preview:-1"},"canonical":"https:\/\/nortvi.com\/fr\/produit\/essential-dune\/","og_locale":"fr_FR","og_type":"article","og_title":"Essential Dune","og_description":"Cette valise cabine Dune est ultra-l\u00e9g\u00e8re et offre un espace de rangement de 36 litres. Fabriqu\u00e9e \u00e0 partir de mat\u00e9riaux durables avec garantie \u00e0 vie.","og_url":"https:\/\/nortvi.com\/fr\/produit\/essential-dune\/","og_site_name":"NORTVI","article_modified_time":"2025-12-08T10:20:02+00:00","og_image":[{"width":2000,"height":2000,"url":"https:\/\/nortvi.com\/wp-content\/uploads\/2023\/08\/Front_Beige_Essential-3.jpg","type":"image\/jpeg"}],"twitter_card":"summary_large_image","twitter_misc":{"Prix":"&euro;219.00","Disponibilit\u00e9":"En stock"},"schema":{"@context":"https:\/\/schema.org","@graph":[{"@type":"WebPage","@id":"https:\/\/nortvi.com\/fr\/produit\/essential-dune\/","url":"https:\/\/nortvi.com\/fr\/produit\/essential-dune\/","name":"Valise Cabine Essential | Dune | Premium et Unique","isPartOf":{"@id":"https:\/\/nortvi.com\/fr\/#website"},"primaryImageOfPage":{"@id":"https:\/\/nortvi.com\/fr\/produit\/essential-dune\/#primaryimage"},"image":{"@id":"https:\/\/nortvi.com\/fr\/produit\/essential-dune\/#primaryimage"},"thumbnailUrl":"https:\/\/nortvi.com\/wp-content\/uploads\/2023\/08\/Front_Beige_Essential-3.jpg","datePublished":"2023-08-08T12:04:00+00:00","dateModified":"2025-12-08T10:20:02+00:00","description":"Cette valise cabine Dune est ultra-l\u00e9g\u00e8re et offre un espace de rangement de 36 litres. Fabriqu\u00e9e \u00e0 partir de mat\u00e9riaux durables avec garantie \u00e0 vie.","breadcrumb":{"@id":"https:\/\/nortvi.com\/fr\/produit\/essential-dune\/#breadcrumb"},"inLanguage":"fr-FR","potentialAction":[{"@type":"ReadAction","target":["https:\/\/nortvi.com\/fr\/produit\/essential-dune\/"]}]},{"@type":"ImageObject","inLanguage":"fr-FR","@id":"https:\/\/nortvi.com\/fr\/produit\/essential-dune\/#primaryimage","url":"https:\/\/nortvi.com\/wp-content\/uploads\/2023\/08\/Front_Beige_Essential-3.jpg","contentUrl":"https:\/\/nortvi.com\/wp-content\/uploads\/2023\/08\/Front_Beige_Essential-3.jpg","width":2000,"height":2000},{"@type":"BreadcrumbList","@id":"https:\/\/nortvi.com\/fr\/produit\/essential-dune\/#breadcrumb","itemListElement":[{"@type":"ListItem","position":1,"name":"Home","item":"https:\/\/nortvi.com\/fr\/"},{"@type":"ListItem","position":2,"name":"Shop","item":"https:\/\/nortvi.com\/fr\/shop\/"},{"@type":"ListItem","position":3,"name":"Valises Cabine","item":"https:\/\/nortvi.com\/fr\/cabin-luggage-fr\/"},{"@type":"ListItem","position":4,"name":"Essential","item":"https:\/\/nortvi.com\/fr\/cabin-luggage-fr\/essential-fr\/"},{"@type":"ListItem","position":5,"name":"Essential Dune"}]},{"@type":"WebSite","@id":"https:\/\/nortvi.com\/fr\/#website","url":"https:\/\/nortvi.com\/fr\/","name":"NORTVI","description":"Sustainable travel gear","publisher":{"@id":"https:\/\/nortvi.com\/fr\/#organization"},"potentialAction":[{"@type":"SearchAction","target":{"@type":"EntryPoint","urlTemplate":"https:\/\/nortvi.com\/fr\/?s={search_term_string}"},"query-input":{"@type":"PropertyValueSpecification","valueRequired":true,"valueName":"search_term_string"}}],"inLanguage":"fr-FR"},{"@type":"Organization","@id":"https:\/\/nortvi.com\/fr\/#organization","name":"NORTVI","url":"https:\/\/nortvi.com\/fr\/","logo":{"@type":"ImageObject","inLanguage":"fr-FR","@id":"https:\/\/nortvi.com\/fr\/#\/schema\/logo\/image\/","url":"https:\/\/nortvi.com\/wp-content\/uploads\/2023\/09\/cropped-logo-footer.png","contentUrl":"https:\/\/nortvi.com\/wp-content\/uploads\/2023\/09\/cropped-logo-footer.png","width":300,"height":46,"caption":"NORTVI"},"image":{"@id":"https:\/\/nortvi.com\/fr\/#\/schema\/logo\/image\/"},"sameAs":["https:\/\/www.instagram.com\/nortvi\/"]}]},"product_price_amount":"219.00","product_price_currency":"EUR","og_availability":"instock","product_availability":"instock","product_retailer_item_id":"8720618379498","product_condition":"new"},"_links":{"self":[{"href":"https:\/\/nortvi.com\/fr\/wp-json\/wp\/v2\/product\/269238","targetHints":{"allow":["GET"]}}],"collection":[{"href":"https:\/\/nortvi.com\/fr\/wp-json\/wp\/v2\/product"}],"about":[{"href":"https:\/\/nortvi.com\/fr\/wp-json\/wp\/v2\/types\/product"}],"version-history":[{"count":0,"href":"https:\/\/nortvi.com\/fr\/wp-json\/wp\/v2\/product\/269238\/revisions"}],"wp:featuredmedia":[{"embeddable":true,"href":"https:\/\/nortvi.com\/fr\/wp-json\/wp\/v2\/media\/269269"}],"wp:attachment":[{"href":"https:\/\/nortvi.com\/fr\/wp-json\/wp\/v2\/media?parent=269238"}],"wp:term":[{"taxonomy":"product_brand","embeddable":true,"href":"https:\/\/nortvi.com\/fr\/wp-json\/wp\/v2\/product_brand?post=269238"},{"taxonomy":"product_cat","embeddable":true,"href":"https:\/\/nortvi.com\/fr\/wp-json\/wp\/v2\/product_cat?post=269238"},{"taxonomy":"product_tag","embeddable":true,"href":"https:\/\/nortvi.com\/fr\/wp-json\/wp\/v2\/product_tag?post=269238"}],"curies":[{"name":"wp","href":"https:\/\/api.w.org\/{rel}","templated":true}]}}