{"id":260455,"date":"2018-03-12T11:14:08","date_gmt":"2023-05-09T13:48:27","guid":{"rendered":"https:\/\/nortvi-prod.wdc.app\/product\/front-pocket-rainforest-green\/"},"modified":"2026-02-25T13:19:48","modified_gmt":"2026-02-25T12:19:48","slug":"frontpocket-rainforestgreen","status":"publish","type":"product","link":"https:\/\/nortvi.com\/fr\/produit\/frontpocket-rainforestgreen\/","title":{"rendered":"Front Pocket Rainforest Green"},"content":{"rendered":"<p>La valise cabine parfaitement con\u00e7ue. Cette valise design extraordinaire est fabriqu\u00e9e \u00e0 partir de polycarbonate allemand respectueux de l&#8217;environnement &#8211; un mat\u00e9riau l\u00e9ger, de qualit\u00e9 a\u00e9rospatiale et incassable. La valise est \u00e9quip\u00e9e de nos roues sp\u00e9ciales Silent Run qui offrent une mobilit\u00e9 sup\u00e9rieure dans un silence complet. Notre valise Front Pocket innovante offre un impressionnant 39 litres d&#8217;espace de rangement. Parfaitement int\u00e9gr\u00e9e, la poche avant est imperm\u00e9able et vous permet d\u2019emporter un ordinateur de jusqu\u2019\u00e0 16 pouces, une tablette ou des accessoires de voyage sans devoir ouvrir toute la valise.<\/p>\n","protected":false},"excerpt":{"rendered":"<p>La valise cabine parfaitement con\u00e7ue. Cette valise design extraordinaire est fabriqu\u00e9e \u00e0 partir de polycarbonate allemand respectueux de l&#8217;environnement &#8211; un mat\u00e9riau l\u00e9ger, de qualit\u00e9 a\u00e9rospatiale et incassable. La valise est \u00e9quip\u00e9e de nos roues sp\u00e9ciales Silent Run qui offrent une mobilit\u00e9 sup\u00e9rieure dans un silence complet. Notre valise Front Pocket innovante offre un impressionnant 39 litres d&#8217;espace de rangement. Parfaitement int\u00e9gr\u00e9e, la poche avant est imperm\u00e9able et vous permet d\u2019emporter un ordinateur de jusqu\u2019\u00e0 16 pouces, une tablette ou des accessoires de voyage sans devoir ouvrir toute la valise.<\/p>\n","protected":false},"featured_media":295216,"template":"","meta":{"_acf_changed":false,"footnotes":""},"product_brand":[],"product_cat":[255],"product_tag":[],"class_list":{"0":"post-260455","1":"product","2":"type-product","3":"status-publish","4":"has-post-thumbnail","6":"product_cat-front-pocket-fr","8":"first","9":"instock","10":"taxable","11":"shipping-taxable","12":"purchasable","13":"product-type-simple"},"composite_virtual":false,"composite_layout":"","composite_add_to_cart_form_location":"","composite_editable_in_cart":false,"composite_sold_individually_context":"","composite_shop_price_calc":"","composite_components":[],"composite_scenarios":[],"acf":[],"yoast_head":"<!-- This site is optimized with the Yoast SEO Premium plugin v27.1 (Yoast SEO v27.3) - https:\/\/yoast.com\/product\/yoast-seo-premium-wordpress\/ -->\n<title>Valise Cabine | Avec poche avant | Vert | Durable et Unique<\/title>\n<meta name=\"description\" content=\"La valise cabine NORTVI est fabriqu\u00e9e \u00e0 partir des meilleurs mat\u00e9riaux \u00e9cologiques. Elle est l\u00e9g\u00e8re et de la plus haute qualit\u00e9.\" \/>\n<meta name=\"robots\" content=\"index, follow, max-snippet:-1, max-image-preview:large, max-video-preview:-1\" \/>\n<link rel=\"canonical\" href=\"https:\/\/nortvi.com\/fr\/produit\/frontpocket-rainforestgreen\/\" \/>\n<meta property=\"og:locale\" content=\"fr_FR\" \/>\n<meta property=\"og:type\" content=\"article\" \/>\n<meta property=\"og:title\" content=\"Front Pocket Rainforest Green\" \/>\n<meta property=\"og:description\" content=\"La valise cabine NORTVI est fabriqu\u00e9e \u00e0 partir des meilleurs mat\u00e9riaux \u00e9cologiques. Elle est l\u00e9g\u00e8re et de la plus haute qualit\u00e9.\" \/>\n<meta property=\"og:url\" content=\"https:\/\/nortvi.com\/fr\/produit\/frontpocket-rainforestgreen\/\" \/>\n<meta property=\"og:site_name\" content=\"NORTVI\" \/>\n<meta property=\"article:modified_time\" content=\"2026-02-25T12:19:48+00:00\" \/>\n<meta property=\"og:image\" content=\"https:\/\/nortvi.com\/wp-content\/uploads\/2018\/03\/Front_Green_FrontPocket-3-1-1.jpg\" \/>\n\t<meta property=\"og:image:width\" content=\"2000\" \/>\n\t<meta property=\"og:image:height\" content=\"2000\" \/>\n\t<meta property=\"og:image:type\" content=\"image\/jpeg\" \/>\n<meta name=\"twitter:card\" content=\"summary_large_image\" \/>\n<meta name=\"twitter:label1\" content=\"Prix\" \/>\n\t<meta name=\"twitter:data1\" content=\"&euro;259.00\" \/>\n\t<meta name=\"twitter:label2\" content=\"Disponibilit\u00e9\" \/>\n\t<meta name=\"twitter:data2\" content=\"En stock\" \/>\n<script type=\"application\/ld+json\" class=\"yoast-schema-graph\">{\"@context\":\"https:\\\/\\\/schema.org\",\"@graph\":[{\"@type\":\"WebPage\",\"@id\":\"https:\\\/\\\/nortvi.com\\\/fr\\\/produit\\\/frontpocket-rainforestgreen\\\/\",\"url\":\"https:\\\/\\\/nortvi.com\\\/fr\\\/produit\\\/frontpocket-rainforestgreen\\\/\",\"name\":\"Valise Cabine | Avec poche avant | Vert | Durable et Unique\",\"isPartOf\":{\"@id\":\"https:\\\/\\\/nortvi.com\\\/fr\\\/#website\"},\"primaryImageOfPage\":{\"@id\":\"https:\\\/\\\/nortvi.com\\\/fr\\\/produit\\\/frontpocket-rainforestgreen\\\/#primaryimage\"},\"image\":{\"@id\":\"https:\\\/\\\/nortvi.com\\\/fr\\\/produit\\\/frontpocket-rainforestgreen\\\/#primaryimage\"},\"thumbnailUrl\":\"https:\\\/\\\/nortvi.com\\\/wp-content\\\/uploads\\\/2018\\\/03\\\/Front_Green_FrontPocket-3-1-1.jpg\",\"datePublished\":\"2023-05-09T13:48:27+00:00\",\"dateModified\":\"2026-02-25T12:19:48+00:00\",\"description\":\"La valise cabine NORTVI est fabriqu\u00e9e \u00e0 partir des meilleurs mat\u00e9riaux \u00e9cologiques. Elle est l\u00e9g\u00e8re et de la plus haute qualit\u00e9.\",\"breadcrumb\":{\"@id\":\"https:\\\/\\\/nortvi.com\\\/fr\\\/produit\\\/frontpocket-rainforestgreen\\\/#breadcrumb\"},\"inLanguage\":\"fr-FR\",\"potentialAction\":[{\"@type\":\"ReadAction\",\"target\":[\"https:\\\/\\\/nortvi.com\\\/fr\\\/produit\\\/frontpocket-rainforestgreen\\\/\"]}]},{\"@type\":\"ImageObject\",\"inLanguage\":\"fr-FR\",\"@id\":\"https:\\\/\\\/nortvi.com\\\/fr\\\/produit\\\/frontpocket-rainforestgreen\\\/#primaryimage\",\"url\":\"https:\\\/\\\/nortvi.com\\\/wp-content\\\/uploads\\\/2018\\\/03\\\/Front_Green_FrontPocket-3-1-1.jpg\",\"contentUrl\":\"https:\\\/\\\/nortvi.com\\\/wp-content\\\/uploads\\\/2018\\\/03\\\/Front_Green_FrontPocket-3-1-1.jpg\",\"width\":2000,\"height\":2000},{\"@type\":\"BreadcrumbList\",\"@id\":\"https:\\\/\\\/nortvi.com\\\/fr\\\/produit\\\/frontpocket-rainforestgreen\\\/#breadcrumb\",\"itemListElement\":[{\"@type\":\"ListItem\",\"position\":1,\"name\":\"Home\",\"item\":\"https:\\\/\\\/nortvi.com\\\/fr\\\/\"},{\"@type\":\"ListItem\",\"position\":2,\"name\":\"Shop\",\"item\":\"https:\\\/\\\/nortvi.com\\\/fr\\\/shop\\\/\"},{\"@type\":\"ListItem\",\"position\":3,\"name\":\"Valises Cabine\",\"item\":\"https:\\\/\\\/nortvi.com\\\/fr\\\/cabin-luggage-fr\\\/\"},{\"@type\":\"ListItem\",\"position\":4,\"name\":\"Front Pocket\",\"item\":\"https:\\\/\\\/nortvi.com\\\/fr\\\/cabin-luggage-fr\\\/front-pocket-fr\\\/\"},{\"@type\":\"ListItem\",\"position\":5,\"name\":\"Front Pocket Rainforest Green\"}]},{\"@type\":\"WebSite\",\"@id\":\"https:\\\/\\\/nortvi.com\\\/fr\\\/#website\",\"url\":\"https:\\\/\\\/nortvi.com\\\/fr\\\/\",\"name\":\"NORTVI\",\"description\":\"Sustainable travel gear\",\"publisher\":{\"@id\":\"https:\\\/\\\/nortvi.com\\\/fr\\\/#organization\"},\"potentialAction\":[{\"@type\":\"SearchAction\",\"target\":{\"@type\":\"EntryPoint\",\"urlTemplate\":\"https:\\\/\\\/nortvi.com\\\/fr\\\/?s={search_term_string}\"},\"query-input\":{\"@type\":\"PropertyValueSpecification\",\"valueRequired\":true,\"valueName\":\"search_term_string\"}}],\"inLanguage\":\"fr-FR\"},{\"@type\":\"Organization\",\"@id\":\"https:\\\/\\\/nortvi.com\\\/fr\\\/#organization\",\"name\":\"NORTVI\",\"url\":\"https:\\\/\\\/nortvi.com\\\/fr\\\/\",\"logo\":{\"@type\":\"ImageObject\",\"inLanguage\":\"fr-FR\",\"@id\":\"https:\\\/\\\/nortvi.com\\\/fr\\\/#\\\/schema\\\/logo\\\/image\\\/\",\"url\":\"https:\\\/\\\/nortvi.com\\\/wp-content\\\/uploads\\\/2023\\\/09\\\/cropped-logo-footer.png\",\"contentUrl\":\"https:\\\/\\\/nortvi.com\\\/wp-content\\\/uploads\\\/2023\\\/09\\\/cropped-logo-footer.png\",\"width\":300,\"height\":46,\"caption\":\"NORTVI\"},\"image\":{\"@id\":\"https:\\\/\\\/nortvi.com\\\/fr\\\/#\\\/schema\\\/logo\\\/image\\\/\"},\"sameAs\":[\"https:\\\/\\\/www.instagram.com\\\/nortvi\\\/\"]}]}<\/script>\n<meta property=\"product:price:amount\" content=\"259.00\" \/>\n<meta property=\"product:price:currency\" content=\"EUR\" \/>\n<meta property=\"og:availability\" content=\"instock\" \/>\n<meta property=\"product:availability\" content=\"instock\" \/>\n<meta property=\"product:retailer_item_id\" content=\"8720165662050\" \/>\n<meta property=\"product:condition\" content=\"new\" \/>\n<!-- \/ Yoast SEO Premium plugin. -->","yoast_head_json":{"title":"Valise Cabine | Avec poche avant | Vert | Durable et Unique","description":"La valise cabine NORTVI est fabriqu\u00e9e \u00e0 partir des meilleurs mat\u00e9riaux \u00e9cologiques. Elle est l\u00e9g\u00e8re et de la plus haute qualit\u00e9.","robots":{"index":"index","follow":"follow","max-snippet":"max-snippet:-1","max-image-preview":"max-image-preview:large","max-video-preview":"max-video-preview:-1"},"canonical":"https:\/\/nortvi.com\/fr\/produit\/frontpocket-rainforestgreen\/","og_locale":"fr_FR","og_type":"article","og_title":"Front Pocket Rainforest Green","og_description":"La valise cabine NORTVI est fabriqu\u00e9e \u00e0 partir des meilleurs mat\u00e9riaux \u00e9cologiques. Elle est l\u00e9g\u00e8re et de la plus haute qualit\u00e9.","og_url":"https:\/\/nortvi.com\/fr\/produit\/frontpocket-rainforestgreen\/","og_site_name":"NORTVI","article_modified_time":"2026-02-25T12:19:48+00:00","og_image":[{"width":2000,"height":2000,"url":"https:\/\/nortvi.com\/wp-content\/uploads\/2018\/03\/Front_Green_FrontPocket-3-1-1.jpg","type":"image\/jpeg"}],"twitter_card":"summary_large_image","twitter_misc":{"Prix":"&euro;259.00","Disponibilit\u00e9":"En stock"},"schema":{"@context":"https:\/\/schema.org","@graph":[{"@type":"WebPage","@id":"https:\/\/nortvi.com\/fr\/produit\/frontpocket-rainforestgreen\/","url":"https:\/\/nortvi.com\/fr\/produit\/frontpocket-rainforestgreen\/","name":"Valise Cabine | Avec poche avant | Vert | Durable et Unique","isPartOf":{"@id":"https:\/\/nortvi.com\/fr\/#website"},"primaryImageOfPage":{"@id":"https:\/\/nortvi.com\/fr\/produit\/frontpocket-rainforestgreen\/#primaryimage"},"image":{"@id":"https:\/\/nortvi.com\/fr\/produit\/frontpocket-rainforestgreen\/#primaryimage"},"thumbnailUrl":"https:\/\/nortvi.com\/wp-content\/uploads\/2018\/03\/Front_Green_FrontPocket-3-1-1.jpg","datePublished":"2023-05-09T13:48:27+00:00","dateModified":"2026-02-25T12:19:48+00:00","description":"La valise cabine NORTVI est fabriqu\u00e9e \u00e0 partir des meilleurs mat\u00e9riaux \u00e9cologiques. Elle est l\u00e9g\u00e8re et de la plus haute qualit\u00e9.","breadcrumb":{"@id":"https:\/\/nortvi.com\/fr\/produit\/frontpocket-rainforestgreen\/#breadcrumb"},"inLanguage":"fr-FR","potentialAction":[{"@type":"ReadAction","target":["https:\/\/nortvi.com\/fr\/produit\/frontpocket-rainforestgreen\/"]}]},{"@type":"ImageObject","inLanguage":"fr-FR","@id":"https:\/\/nortvi.com\/fr\/produit\/frontpocket-rainforestgreen\/#primaryimage","url":"https:\/\/nortvi.com\/wp-content\/uploads\/2018\/03\/Front_Green_FrontPocket-3-1-1.jpg","contentUrl":"https:\/\/nortvi.com\/wp-content\/uploads\/2018\/03\/Front_Green_FrontPocket-3-1-1.jpg","width":2000,"height":2000},{"@type":"BreadcrumbList","@id":"https:\/\/nortvi.com\/fr\/produit\/frontpocket-rainforestgreen\/#breadcrumb","itemListElement":[{"@type":"ListItem","position":1,"name":"Home","item":"https:\/\/nortvi.com\/fr\/"},{"@type":"ListItem","position":2,"name":"Shop","item":"https:\/\/nortvi.com\/fr\/shop\/"},{"@type":"ListItem","position":3,"name":"Valises Cabine","item":"https:\/\/nortvi.com\/fr\/cabin-luggage-fr\/"},{"@type":"ListItem","position":4,"name":"Front Pocket","item":"https:\/\/nortvi.com\/fr\/cabin-luggage-fr\/front-pocket-fr\/"},{"@type":"ListItem","position":5,"name":"Front Pocket Rainforest Green"}]},{"@type":"WebSite","@id":"https:\/\/nortvi.com\/fr\/#website","url":"https:\/\/nortvi.com\/fr\/","name":"NORTVI","description":"Sustainable travel gear","publisher":{"@id":"https:\/\/nortvi.com\/fr\/#organization"},"potentialAction":[{"@type":"SearchAction","target":{"@type":"EntryPoint","urlTemplate":"https:\/\/nortvi.com\/fr\/?s={search_term_string}"},"query-input":{"@type":"PropertyValueSpecification","valueRequired":true,"valueName":"search_term_string"}}],"inLanguage":"fr-FR"},{"@type":"Organization","@id":"https:\/\/nortvi.com\/fr\/#organization","name":"NORTVI","url":"https:\/\/nortvi.com\/fr\/","logo":{"@type":"ImageObject","inLanguage":"fr-FR","@id":"https:\/\/nortvi.com\/fr\/#\/schema\/logo\/image\/","url":"https:\/\/nortvi.com\/wp-content\/uploads\/2023\/09\/cropped-logo-footer.png","contentUrl":"https:\/\/nortvi.com\/wp-content\/uploads\/2023\/09\/cropped-logo-footer.png","width":300,"height":46,"caption":"NORTVI"},"image":{"@id":"https:\/\/nortvi.com\/fr\/#\/schema\/logo\/image\/"},"sameAs":["https:\/\/www.instagram.com\/nortvi\/"]}]},"product_price_amount":"259.00","product_price_currency":"EUR","og_availability":"instock","product_availability":"instock","product_retailer_item_id":"8720165662050","product_condition":"new"},"_links":{"self":[{"href":"https:\/\/nortvi.com\/fr\/wp-json\/wp\/v2\/product\/260455","targetHints":{"allow":["GET"]}}],"collection":[{"href":"https:\/\/nortvi.com\/fr\/wp-json\/wp\/v2\/product"}],"about":[{"href":"https:\/\/nortvi.com\/fr\/wp-json\/wp\/v2\/types\/product"}],"version-history":[{"count":0,"href":"https:\/\/nortvi.com\/fr\/wp-json\/wp\/v2\/product\/260455\/revisions"}],"wp:featuredmedia":[{"embeddable":true,"href":"https:\/\/nortvi.com\/fr\/wp-json\/wp\/v2\/media\/295216"}],"wp:attachment":[{"href":"https:\/\/nortvi.com\/fr\/wp-json\/wp\/v2\/media?parent=260455"}],"wp:term":[{"taxonomy":"product_brand","embeddable":true,"href":"https:\/\/nortvi.com\/fr\/wp-json\/wp\/v2\/product_brand?post=260455"},{"taxonomy":"product_cat","embeddable":true,"href":"https:\/\/nortvi.com\/fr\/wp-json\/wp\/v2\/product_cat?post=260455"},{"taxonomy":"product_tag","embeddable":true,"href":"https:\/\/nortvi.com\/fr\/wp-json\/wp\/v2\/product_tag?post=260455"}],"curies":[{"name":"wp","href":"https:\/\/api.w.org\/{rel}","templated":true}]}}