{"id":258291,"date":"2021-02-09T10:03:29","date_gmt":"2023-04-14T14:02:14","guid":{"rendered":"https:\/\/nortvi-prod.wdc.app\/product\/the-netherlands-guide-2\/"},"modified":"2024-05-29T16:40:24","modified_gmt":"2024-05-29T14:40:24","slug":"the-amsterdam-guide","status":"publish","type":"product","link":"https:\/\/nortvi.com\/fr\/produit\/the-amsterdam-guide\/","title":{"rendered":"The Amsterdam Guide"},"content":{"rendered":"<p>Nos guides de voyage Travel Guide (en anglais) sont un must pour les voyageurs d\u2019aujourd\u2019hui qui souhaitent d\u00e9couvrir les endroits les plus cool de la ville. Trouvez les meilleures recommandations pour les restaurants, boutiques et lieux de s\u00e9jour les plus branch\u00e9s aux Amsterdam.<\/p>\n","protected":false},"excerpt":{"rendered":"<p>Nos guides de voyage Travel Guide (en anglais) sont un must pour les voyageurs d\u2019aujourd\u2019hui qui souhaitent d\u00e9couvrir les endroits les plus cool de la ville. Trouvez les meilleures recommandations pour les restaurants, boutiques et lieux de s\u00e9jour les plus branch\u00e9s aux Amsterdam.<\/p>\n","protected":false},"featured_media":300993,"template":"","meta":{"_acf_changed":false,"footnotes":""},"product_brand":[],"product_cat":[250],"product_tag":[],"class_list":{"0":"post-258291","1":"product","2":"type-product","3":"status-publish","4":"has-post-thumbnail","6":"product_cat-livre-voyage","8":"first","9":"instock","10":"taxable","11":"shipping-taxable","12":"purchasable","13":"product-type-simple"},"composite_virtual":false,"composite_layout":"","composite_add_to_cart_form_location":"","composite_editable_in_cart":false,"composite_sold_individually_context":"","composite_shop_price_calc":"","composite_components":[],"composite_scenarios":[],"acf":[],"yoast_head":"<!-- This site is optimized with the Yoast SEO Premium plugin v27.1 (Yoast SEO v27.3) - https:\/\/yoast.com\/product\/yoast-seo-premium-wordpress\/ -->\n<title>Guide de voyage | Amsterdam | D\u00e9couvrez les plus beaux lieux<\/title>\n<meta name=\"description\" content=\"D\u00e9couvrez Amsterdam avec le guide de voyage NORTVI. Des restaurants tendance aux boutiques cach\u00e9es et des h\u00e9bergements uniques dans cette ville dynamique.\" \/>\n<meta name=\"robots\" content=\"index, follow, max-snippet:-1, max-image-preview:large, max-video-preview:-1\" \/>\n<link rel=\"canonical\" href=\"https:\/\/nortvi.com\/fr\/produit\/the-amsterdam-guide\/\" \/>\n<meta property=\"og:locale\" content=\"fr_FR\" \/>\n<meta property=\"og:type\" content=\"article\" \/>\n<meta property=\"og:title\" content=\"The Amsterdam Guide\" \/>\n<meta property=\"og:description\" content=\"D\u00e9couvrez Amsterdam avec le guide de voyage NORTVI. Des restaurants tendance aux boutiques cach\u00e9es et des h\u00e9bergements uniques dans cette ville dynamique.\" \/>\n<meta property=\"og:url\" content=\"https:\/\/nortvi.com\/fr\/produit\/the-amsterdam-guide\/\" \/>\n<meta property=\"og:site_name\" content=\"NORTVI\" \/>\n<meta property=\"article:modified_time\" content=\"2024-05-29T14:40:24+00:00\" \/>\n<meta property=\"og:image\" content=\"https:\/\/nortvi.com\/wp-content\/uploads\/2021\/02\/f7bc276db5bf36047268892bd1a2833b3d0b29cd8967893380f438c8e708c1a3_1216x.webp\" \/>\n\t<meta property=\"og:image:width\" content=\"1216\" \/>\n\t<meta property=\"og:image:height\" content=\"1825\" \/>\n\t<meta property=\"og:image:type\" content=\"image\/webp\" \/>\n<meta name=\"twitter:card\" content=\"summary_large_image\" \/>\n<meta name=\"twitter:label1\" content=\"Prix\" \/>\n\t<meta name=\"twitter:data1\" content=\"&euro;20.00\" \/>\n\t<meta name=\"twitter:label2\" content=\"Disponibilit\u00e9\" \/>\n\t<meta name=\"twitter:data2\" content=\"En stock\" \/>\n<script type=\"application\/ld+json\" class=\"yoast-schema-graph\">{\"@context\":\"https:\\\/\\\/schema.org\",\"@graph\":[{\"@type\":\"WebPage\",\"@id\":\"https:\\\/\\\/nortvi.com\\\/fr\\\/produit\\\/the-amsterdam-guide\\\/\",\"url\":\"https:\\\/\\\/nortvi.com\\\/fr\\\/produit\\\/the-amsterdam-guide\\\/\",\"name\":\"Guide de voyage | Amsterdam | D\u00e9couvrez les plus beaux lieux\",\"isPartOf\":{\"@id\":\"https:\\\/\\\/nortvi.com\\\/fr\\\/#website\"},\"primaryImageOfPage\":{\"@id\":\"https:\\\/\\\/nortvi.com\\\/fr\\\/produit\\\/the-amsterdam-guide\\\/#primaryimage\"},\"image\":{\"@id\":\"https:\\\/\\\/nortvi.com\\\/fr\\\/produit\\\/the-amsterdam-guide\\\/#primaryimage\"},\"thumbnailUrl\":\"https:\\\/\\\/nortvi.com\\\/wp-content\\\/uploads\\\/2021\\\/02\\\/f7bc276db5bf36047268892bd1a2833b3d0b29cd8967893380f438c8e708c1a3_1216x.webp\",\"datePublished\":\"2023-04-14T14:02:14+00:00\",\"dateModified\":\"2024-05-29T14:40:24+00:00\",\"description\":\"D\u00e9couvrez Amsterdam avec le guide de voyage NORTVI. Des restaurants tendance aux boutiques cach\u00e9es et des h\u00e9bergements uniques dans cette ville dynamique.\",\"breadcrumb\":{\"@id\":\"https:\\\/\\\/nortvi.com\\\/fr\\\/produit\\\/the-amsterdam-guide\\\/#breadcrumb\"},\"inLanguage\":\"fr-FR\",\"potentialAction\":[{\"@type\":\"ReadAction\",\"target\":[\"https:\\\/\\\/nortvi.com\\\/fr\\\/produit\\\/the-amsterdam-guide\\\/\"]}]},{\"@type\":\"ImageObject\",\"inLanguage\":\"fr-FR\",\"@id\":\"https:\\\/\\\/nortvi.com\\\/fr\\\/produit\\\/the-amsterdam-guide\\\/#primaryimage\",\"url\":\"https:\\\/\\\/nortvi.com\\\/wp-content\\\/uploads\\\/2021\\\/02\\\/f7bc276db5bf36047268892bd1a2833b3d0b29cd8967893380f438c8e708c1a3_1216x.webp\",\"contentUrl\":\"https:\\\/\\\/nortvi.com\\\/wp-content\\\/uploads\\\/2021\\\/02\\\/f7bc276db5bf36047268892bd1a2833b3d0b29cd8967893380f438c8e708c1a3_1216x.webp\",\"width\":1216,\"height\":1825},{\"@type\":\"BreadcrumbList\",\"@id\":\"https:\\\/\\\/nortvi.com\\\/fr\\\/produit\\\/the-amsterdam-guide\\\/#breadcrumb\",\"itemListElement\":[{\"@type\":\"ListItem\",\"position\":1,\"name\":\"Home\",\"item\":\"https:\\\/\\\/nortvi.com\\\/fr\\\/\"},{\"@type\":\"ListItem\",\"position\":2,\"name\":\"Shop\",\"item\":\"https:\\\/\\\/nortvi.com\\\/fr\\\/shop\\\/\"},{\"@type\":\"ListItem\",\"position\":3,\"name\":\"Accessories\",\"item\":\"https:\\\/\\\/nortvi.com\\\/fr\\\/accessories\\\/\"},{\"@type\":\"ListItem\",\"position\":4,\"name\":\"Guides de Voyage\",\"item\":\"https:\\\/\\\/nortvi.com\\\/fr\\\/accessories\\\/livre-voyage\\\/\"},{\"@type\":\"ListItem\",\"position\":5,\"name\":\"The Amsterdam Guide\"}]},{\"@type\":\"WebSite\",\"@id\":\"https:\\\/\\\/nortvi.com\\\/fr\\\/#website\",\"url\":\"https:\\\/\\\/nortvi.com\\\/fr\\\/\",\"name\":\"NORTVI\",\"description\":\"Sustainable travel gear\",\"publisher\":{\"@id\":\"https:\\\/\\\/nortvi.com\\\/fr\\\/#organization\"},\"potentialAction\":[{\"@type\":\"SearchAction\",\"target\":{\"@type\":\"EntryPoint\",\"urlTemplate\":\"https:\\\/\\\/nortvi.com\\\/fr\\\/?s={search_term_string}\"},\"query-input\":{\"@type\":\"PropertyValueSpecification\",\"valueRequired\":true,\"valueName\":\"search_term_string\"}}],\"inLanguage\":\"fr-FR\"},{\"@type\":\"Organization\",\"@id\":\"https:\\\/\\\/nortvi.com\\\/fr\\\/#organization\",\"name\":\"NORTVI\",\"url\":\"https:\\\/\\\/nortvi.com\\\/fr\\\/\",\"logo\":{\"@type\":\"ImageObject\",\"inLanguage\":\"fr-FR\",\"@id\":\"https:\\\/\\\/nortvi.com\\\/fr\\\/#\\\/schema\\\/logo\\\/image\\\/\",\"url\":\"https:\\\/\\\/nortvi.com\\\/wp-content\\\/uploads\\\/2023\\\/09\\\/cropped-logo-footer.png\",\"contentUrl\":\"https:\\\/\\\/nortvi.com\\\/wp-content\\\/uploads\\\/2023\\\/09\\\/cropped-logo-footer.png\",\"width\":300,\"height\":46,\"caption\":\"NORTVI\"},\"image\":{\"@id\":\"https:\\\/\\\/nortvi.com\\\/fr\\\/#\\\/schema\\\/logo\\\/image\\\/\"},\"sameAs\":[\"https:\\\/\\\/www.instagram.com\\\/nortvi\\\/\"]}]}<\/script>\n<meta property=\"product:price:amount\" content=\"20.00\" \/>\n<meta property=\"product:price:currency\" content=\"EUR\" \/>\n<meta property=\"og:availability\" content=\"instock\" \/>\n<meta property=\"product:availability\" content=\"instock\" \/>\n<meta property=\"product:retailer_item_id\" content=\"8720165662517\" \/>\n<meta property=\"product:condition\" content=\"new\" \/>\n<!-- \/ Yoast SEO Premium plugin. -->","yoast_head_json":{"title":"Guide de voyage | Amsterdam | D\u00e9couvrez les plus beaux lieux","description":"D\u00e9couvrez Amsterdam avec le guide de voyage NORTVI. Des restaurants tendance aux boutiques cach\u00e9es et des h\u00e9bergements uniques dans cette ville dynamique.","robots":{"index":"index","follow":"follow","max-snippet":"max-snippet:-1","max-image-preview":"max-image-preview:large","max-video-preview":"max-video-preview:-1"},"canonical":"https:\/\/nortvi.com\/fr\/produit\/the-amsterdam-guide\/","og_locale":"fr_FR","og_type":"article","og_title":"The Amsterdam Guide","og_description":"D\u00e9couvrez Amsterdam avec le guide de voyage NORTVI. Des restaurants tendance aux boutiques cach\u00e9es et des h\u00e9bergements uniques dans cette ville dynamique.","og_url":"https:\/\/nortvi.com\/fr\/produit\/the-amsterdam-guide\/","og_site_name":"NORTVI","article_modified_time":"2024-05-29T14:40:24+00:00","og_image":[{"width":1216,"height":1825,"url":"https:\/\/nortvi.com\/wp-content\/uploads\/2021\/02\/f7bc276db5bf36047268892bd1a2833b3d0b29cd8967893380f438c8e708c1a3_1216x.webp","type":"image\/webp"}],"twitter_card":"summary_large_image","twitter_misc":{"Prix":"&euro;20.00","Disponibilit\u00e9":"En stock"},"schema":{"@context":"https:\/\/schema.org","@graph":[{"@type":"WebPage","@id":"https:\/\/nortvi.com\/fr\/produit\/the-amsterdam-guide\/","url":"https:\/\/nortvi.com\/fr\/produit\/the-amsterdam-guide\/","name":"Guide de voyage | Amsterdam | D\u00e9couvrez les plus beaux lieux","isPartOf":{"@id":"https:\/\/nortvi.com\/fr\/#website"},"primaryImageOfPage":{"@id":"https:\/\/nortvi.com\/fr\/produit\/the-amsterdam-guide\/#primaryimage"},"image":{"@id":"https:\/\/nortvi.com\/fr\/produit\/the-amsterdam-guide\/#primaryimage"},"thumbnailUrl":"https:\/\/nortvi.com\/wp-content\/uploads\/2021\/02\/f7bc276db5bf36047268892bd1a2833b3d0b29cd8967893380f438c8e708c1a3_1216x.webp","datePublished":"2023-04-14T14:02:14+00:00","dateModified":"2024-05-29T14:40:24+00:00","description":"D\u00e9couvrez Amsterdam avec le guide de voyage NORTVI. Des restaurants tendance aux boutiques cach\u00e9es et des h\u00e9bergements uniques dans cette ville dynamique.","breadcrumb":{"@id":"https:\/\/nortvi.com\/fr\/produit\/the-amsterdam-guide\/#breadcrumb"},"inLanguage":"fr-FR","potentialAction":[{"@type":"ReadAction","target":["https:\/\/nortvi.com\/fr\/produit\/the-amsterdam-guide\/"]}]},{"@type":"ImageObject","inLanguage":"fr-FR","@id":"https:\/\/nortvi.com\/fr\/produit\/the-amsterdam-guide\/#primaryimage","url":"https:\/\/nortvi.com\/wp-content\/uploads\/2021\/02\/f7bc276db5bf36047268892bd1a2833b3d0b29cd8967893380f438c8e708c1a3_1216x.webp","contentUrl":"https:\/\/nortvi.com\/wp-content\/uploads\/2021\/02\/f7bc276db5bf36047268892bd1a2833b3d0b29cd8967893380f438c8e708c1a3_1216x.webp","width":1216,"height":1825},{"@type":"BreadcrumbList","@id":"https:\/\/nortvi.com\/fr\/produit\/the-amsterdam-guide\/#breadcrumb","itemListElement":[{"@type":"ListItem","position":1,"name":"Home","item":"https:\/\/nortvi.com\/fr\/"},{"@type":"ListItem","position":2,"name":"Shop","item":"https:\/\/nortvi.com\/fr\/shop\/"},{"@type":"ListItem","position":3,"name":"Accessories","item":"https:\/\/nortvi.com\/fr\/accessories\/"},{"@type":"ListItem","position":4,"name":"Guides de Voyage","item":"https:\/\/nortvi.com\/fr\/accessories\/livre-voyage\/"},{"@type":"ListItem","position":5,"name":"The Amsterdam Guide"}]},{"@type":"WebSite","@id":"https:\/\/nortvi.com\/fr\/#website","url":"https:\/\/nortvi.com\/fr\/","name":"NORTVI","description":"Sustainable travel gear","publisher":{"@id":"https:\/\/nortvi.com\/fr\/#organization"},"potentialAction":[{"@type":"SearchAction","target":{"@type":"EntryPoint","urlTemplate":"https:\/\/nortvi.com\/fr\/?s={search_term_string}"},"query-input":{"@type":"PropertyValueSpecification","valueRequired":true,"valueName":"search_term_string"}}],"inLanguage":"fr-FR"},{"@type":"Organization","@id":"https:\/\/nortvi.com\/fr\/#organization","name":"NORTVI","url":"https:\/\/nortvi.com\/fr\/","logo":{"@type":"ImageObject","inLanguage":"fr-FR","@id":"https:\/\/nortvi.com\/fr\/#\/schema\/logo\/image\/","url":"https:\/\/nortvi.com\/wp-content\/uploads\/2023\/09\/cropped-logo-footer.png","contentUrl":"https:\/\/nortvi.com\/wp-content\/uploads\/2023\/09\/cropped-logo-footer.png","width":300,"height":46,"caption":"NORTVI"},"image":{"@id":"https:\/\/nortvi.com\/fr\/#\/schema\/logo\/image\/"},"sameAs":["https:\/\/www.instagram.com\/nortvi\/"]}]},"product_price_amount":"20.00","product_price_currency":"EUR","og_availability":"instock","product_availability":"instock","product_retailer_item_id":"8720165662517","product_condition":"new"},"_links":{"self":[{"href":"https:\/\/nortvi.com\/fr\/wp-json\/wp\/v2\/product\/258291","targetHints":{"allow":["GET"]}}],"collection":[{"href":"https:\/\/nortvi.com\/fr\/wp-json\/wp\/v2\/product"}],"about":[{"href":"https:\/\/nortvi.com\/fr\/wp-json\/wp\/v2\/types\/product"}],"version-history":[{"count":0,"href":"https:\/\/nortvi.com\/fr\/wp-json\/wp\/v2\/product\/258291\/revisions"}],"wp:featuredmedia":[{"embeddable":true,"href":"https:\/\/nortvi.com\/fr\/wp-json\/wp\/v2\/media\/300993"}],"wp:attachment":[{"href":"https:\/\/nortvi.com\/fr\/wp-json\/wp\/v2\/media?parent=258291"}],"wp:term":[{"taxonomy":"product_brand","embeddable":true,"href":"https:\/\/nortvi.com\/fr\/wp-json\/wp\/v2\/product_brand?post=258291"},{"taxonomy":"product_cat","embeddable":true,"href":"https:\/\/nortvi.com\/fr\/wp-json\/wp\/v2\/product_cat?post=258291"},{"taxonomy":"product_tag","embeddable":true,"href":"https:\/\/nortvi.com\/fr\/wp-json\/wp\/v2\/product_tag?post=258291"}],"curies":[{"name":"wp","href":"https:\/\/api.w.org\/{rel}","templated":true}]}}