{"id":258288,"date":"2021-09-21T13:20:22","date_gmt":"2023-04-14T13:47:34","guid":{"rendered":"https:\/\/nortvi-prod.wdc.app\/product\/backpack-rainforest-green\/"},"modified":"2025-09-02T11:52:13","modified_gmt":"2025-09-02T09:52:13","slug":"backpack-rainforestgreen","status":"publish","type":"product","link":"https:\/\/nortvi.com\/fr\/produit\/backpack-rainforestgreen\/","title":{"rendered":"Backpack Rainforest Green"},"content":{"rendered":"<p class=\"p1\">Voici notre sac \u00e0 dos. Le compagnon styl\u00e9 de vos d\u00e9placements quotidiens. Son design \u00e9pur\u00e9 est unique et il est fabriqu\u00e9 \u00e0 100 % \u00e0 partir de mat\u00e9riaux \u00e9coresponsables. Ce <span class=\"il\">sac<\/span> est imperm\u00e9able et con\u00e7u pour une organisation parfaite. Il comporte deux compartiments principaux au design unique ainsi que des options de rangement suppl\u00e9mentaires pour vos effets essentiels. Avec son compartiment ordinateur 15 pouces d\u00e9di\u00e9, vous b\u00e9n\u00e9ficiez d\u2019un acc\u00e8s facile sans devoir ouvrir tout le sac.     <\/p>\n","protected":false},"excerpt":{"rendered":"<p class=\"p1\">Voici notre sac \u00e0 dos. Le compagnon styl\u00e9 de vos d\u00e9placements quotidiens. Son design \u00e9pur\u00e9 est unique et il est fabriqu\u00e9 \u00e0 100 % \u00e0 partir de mat\u00e9riaux \u00e9coresponsables. Ce <span class=\"il\">sac<\/span> est imperm\u00e9able et con\u00e7u pour une organisation parfaite. Il comporte deux compartiments principaux au design unique ainsi que des options de rangement suppl\u00e9mentaires pour vos effets essentiels. Avec son compartiment ordinateur 15 pouces d\u00e9di\u00e9, vous b\u00e9n\u00e9ficiez d\u2019un acc\u00e8s facile sans devoir ouvrir tout le sac.     <\/p>\n","protected":false},"featured_media":345817,"template":"","meta":{"_acf_changed":false,"footnotes":""},"product_brand":[],"product_cat":[251],"product_tag":[],"class_list":{"0":"post-258288","1":"product","2":"type-product","3":"status-publish","4":"has-post-thumbnail","6":"product_cat-sac-a-dos","8":"first","9":"instock","10":"taxable","11":"shipping-taxable","12":"purchasable","13":"product-type-simple"},"composite_virtual":false,"composite_layout":"","composite_add_to_cart_form_location":"","composite_editable_in_cart":false,"composite_sold_individually_context":"","composite_shop_price_calc":"","composite_components":[],"composite_scenarios":[],"acf":[],"yoast_head":"<!-- This site is optimized with the Yoast SEO Premium plugin v27.1 (Yoast SEO v27.3) - https:\/\/yoast.com\/product\/yoast-seo-premium-wordpress\/ -->\n<title>Sac \u00e0 dos | Vert fonc\u00e9 | Premium, Durable &amp; \u00c9l\u00e9gant<\/title>\n<meta name=\"description\" content=\"Optez pour le sac \u00e0 dos Rainforest Green. Fabriqu\u00e9 \u00e0 partir de mat\u00e9riaux durables et con\u00e7u \u00e0 Amsterdam, il s&#039;adapte \u00e0 tous les styles.\" \/>\n<meta name=\"robots\" content=\"index, follow, max-snippet:-1, max-image-preview:large, max-video-preview:-1\" \/>\n<link rel=\"canonical\" href=\"https:\/\/nortvi.com\/fr\/produit\/backpack-rainforestgreen\/\" \/>\n<meta property=\"og:locale\" content=\"fr_FR\" \/>\n<meta property=\"og:type\" content=\"article\" \/>\n<meta property=\"og:title\" content=\"Backpack Rainforest Green\" \/>\n<meta property=\"og:description\" content=\"Optez pour le sac \u00e0 dos Rainforest Green. Fabriqu\u00e9 \u00e0 partir de mat\u00e9riaux durables et con\u00e7u \u00e0 Amsterdam, il s&#039;adapte \u00e0 tous les styles.\" \/>\n<meta property=\"og:url\" content=\"https:\/\/nortvi.com\/fr\/produit\/backpack-rainforestgreen\/\" \/>\n<meta property=\"og:site_name\" content=\"NORTVI\" \/>\n<meta property=\"article:modified_time\" content=\"2025-09-02T09:52:13+00:00\" \/>\n<meta property=\"og:image\" content=\"https:\/\/nortvi.com\/wp-content\/uploads\/2021\/09\/rugzak-classic-rainforest-green-voorkant-2-scaled.jpg\" \/>\n\t<meta property=\"og:image:width\" content=\"3840\" \/>\n\t<meta property=\"og:image:height\" content=\"3840\" \/>\n\t<meta property=\"og:image:type\" content=\"image\/jpeg\" \/>\n<meta name=\"twitter:card\" content=\"summary_large_image\" \/>\n<meta name=\"twitter:label1\" content=\"Prix\" \/>\n\t<meta name=\"twitter:data1\" content=\"&euro;139.00\" \/>\n\t<meta name=\"twitter:label2\" content=\"Disponibilit\u00e9\" \/>\n\t<meta name=\"twitter:data2\" content=\"En stock\" \/>\n<script type=\"application\/ld+json\" class=\"yoast-schema-graph\">{\"@context\":\"https:\\\/\\\/schema.org\",\"@graph\":[{\"@type\":\"WebPage\",\"@id\":\"https:\\\/\\\/nortvi.com\\\/fr\\\/produit\\\/backpack-rainforestgreen\\\/\",\"url\":\"https:\\\/\\\/nortvi.com\\\/fr\\\/produit\\\/backpack-rainforestgreen\\\/\",\"name\":\"Sac \u00e0 dos | Vert fonc\u00e9 | Premium, Durable & \u00c9l\u00e9gant\",\"isPartOf\":{\"@id\":\"https:\\\/\\\/nortvi.com\\\/fr\\\/#website\"},\"primaryImageOfPage\":{\"@id\":\"https:\\\/\\\/nortvi.com\\\/fr\\\/produit\\\/backpack-rainforestgreen\\\/#primaryimage\"},\"image\":{\"@id\":\"https:\\\/\\\/nortvi.com\\\/fr\\\/produit\\\/backpack-rainforestgreen\\\/#primaryimage\"},\"thumbnailUrl\":\"https:\\\/\\\/nortvi.com\\\/wp-content\\\/uploads\\\/2021\\\/09\\\/rugzak-classic-rainforest-green-voorkant-2-scaled.jpg\",\"datePublished\":\"2023-04-14T13:47:34+00:00\",\"dateModified\":\"2025-09-02T09:52:13+00:00\",\"description\":\"Optez pour le sac \u00e0 dos Rainforest Green. Fabriqu\u00e9 \u00e0 partir de mat\u00e9riaux durables et con\u00e7u \u00e0 Amsterdam, il s'adapte \u00e0 tous les styles.\",\"breadcrumb\":{\"@id\":\"https:\\\/\\\/nortvi.com\\\/fr\\\/produit\\\/backpack-rainforestgreen\\\/#breadcrumb\"},\"inLanguage\":\"fr-FR\",\"potentialAction\":[{\"@type\":\"ReadAction\",\"target\":[\"https:\\\/\\\/nortvi.com\\\/fr\\\/produit\\\/backpack-rainforestgreen\\\/\"]}]},{\"@type\":\"ImageObject\",\"inLanguage\":\"fr-FR\",\"@id\":\"https:\\\/\\\/nortvi.com\\\/fr\\\/produit\\\/backpack-rainforestgreen\\\/#primaryimage\",\"url\":\"https:\\\/\\\/nortvi.com\\\/wp-content\\\/uploads\\\/2021\\\/09\\\/rugzak-classic-rainforest-green-voorkant-2-scaled.jpg\",\"contentUrl\":\"https:\\\/\\\/nortvi.com\\\/wp-content\\\/uploads\\\/2021\\\/09\\\/rugzak-classic-rainforest-green-voorkant-2-scaled.jpg\",\"width\":3840,\"height\":3840},{\"@type\":\"BreadcrumbList\",\"@id\":\"https:\\\/\\\/nortvi.com\\\/fr\\\/produit\\\/backpack-rainforestgreen\\\/#breadcrumb\",\"itemListElement\":[{\"@type\":\"ListItem\",\"position\":1,\"name\":\"Home\",\"item\":\"https:\\\/\\\/nortvi.com\\\/fr\\\/\"},{\"@type\":\"ListItem\",\"position\":2,\"name\":\"Shop\",\"item\":\"https:\\\/\\\/nortvi.com\\\/fr\\\/shop\\\/\"},{\"@type\":\"ListItem\",\"position\":3,\"name\":\"Sacs\",\"item\":\"https:\\\/\\\/nortvi.com\\\/fr\\\/sacs\\\/\"},{\"@type\":\"ListItem\",\"position\":4,\"name\":\"Backpack Classic\",\"item\":\"https:\\\/\\\/nortvi.com\\\/fr\\\/sacs\\\/sac-a-dos\\\/\"},{\"@type\":\"ListItem\",\"position\":5,\"name\":\"Backpack Rainforest Green\"}]},{\"@type\":\"WebSite\",\"@id\":\"https:\\\/\\\/nortvi.com\\\/fr\\\/#website\",\"url\":\"https:\\\/\\\/nortvi.com\\\/fr\\\/\",\"name\":\"NORTVI\",\"description\":\"Sustainable travel gear\",\"publisher\":{\"@id\":\"https:\\\/\\\/nortvi.com\\\/fr\\\/#organization\"},\"potentialAction\":[{\"@type\":\"SearchAction\",\"target\":{\"@type\":\"EntryPoint\",\"urlTemplate\":\"https:\\\/\\\/nortvi.com\\\/fr\\\/?s={search_term_string}\"},\"query-input\":{\"@type\":\"PropertyValueSpecification\",\"valueRequired\":true,\"valueName\":\"search_term_string\"}}],\"inLanguage\":\"fr-FR\"},{\"@type\":\"Organization\",\"@id\":\"https:\\\/\\\/nortvi.com\\\/fr\\\/#organization\",\"name\":\"NORTVI\",\"url\":\"https:\\\/\\\/nortvi.com\\\/fr\\\/\",\"logo\":{\"@type\":\"ImageObject\",\"inLanguage\":\"fr-FR\",\"@id\":\"https:\\\/\\\/nortvi.com\\\/fr\\\/#\\\/schema\\\/logo\\\/image\\\/\",\"url\":\"https:\\\/\\\/nortvi.com\\\/wp-content\\\/uploads\\\/2023\\\/09\\\/cropped-logo-footer.png\",\"contentUrl\":\"https:\\\/\\\/nortvi.com\\\/wp-content\\\/uploads\\\/2023\\\/09\\\/cropped-logo-footer.png\",\"width\":300,\"height\":46,\"caption\":\"NORTVI\"},\"image\":{\"@id\":\"https:\\\/\\\/nortvi.com\\\/fr\\\/#\\\/schema\\\/logo\\\/image\\\/\"},\"sameAs\":[\"https:\\\/\\\/www.instagram.com\\\/nortvi\\\/\"]}]}<\/script>\n<meta property=\"product:price:amount\" content=\"139.00\" \/>\n<meta property=\"product:price:currency\" content=\"EUR\" \/>\n<meta property=\"og:availability\" content=\"instock\" \/>\n<meta property=\"product:availability\" content=\"instock\" \/>\n<meta property=\"product:retailer_item_id\" content=\"8720165662586\" \/>\n<meta property=\"product:condition\" content=\"new\" \/>\n<!-- \/ Yoast SEO Premium plugin. -->","yoast_head_json":{"title":"Sac \u00e0 dos | Vert fonc\u00e9 | Premium, Durable & \u00c9l\u00e9gant","description":"Optez pour le sac \u00e0 dos Rainforest Green. Fabriqu\u00e9 \u00e0 partir de mat\u00e9riaux durables et con\u00e7u \u00e0 Amsterdam, il s'adapte \u00e0 tous les styles.","robots":{"index":"index","follow":"follow","max-snippet":"max-snippet:-1","max-image-preview":"max-image-preview:large","max-video-preview":"max-video-preview:-1"},"canonical":"https:\/\/nortvi.com\/fr\/produit\/backpack-rainforestgreen\/","og_locale":"fr_FR","og_type":"article","og_title":"Backpack Rainforest Green","og_description":"Optez pour le sac \u00e0 dos Rainforest Green. Fabriqu\u00e9 \u00e0 partir de mat\u00e9riaux durables et con\u00e7u \u00e0 Amsterdam, il s'adapte \u00e0 tous les styles.","og_url":"https:\/\/nortvi.com\/fr\/produit\/backpack-rainforestgreen\/","og_site_name":"NORTVI","article_modified_time":"2025-09-02T09:52:13+00:00","og_image":[{"width":3840,"height":3840,"url":"https:\/\/nortvi.com\/wp-content\/uploads\/2021\/09\/rugzak-classic-rainforest-green-voorkant-2-scaled.jpg","type":"image\/jpeg"}],"twitter_card":"summary_large_image","twitter_misc":{"Prix":"&euro;139.00","Disponibilit\u00e9":"En stock"},"schema":{"@context":"https:\/\/schema.org","@graph":[{"@type":"WebPage","@id":"https:\/\/nortvi.com\/fr\/produit\/backpack-rainforestgreen\/","url":"https:\/\/nortvi.com\/fr\/produit\/backpack-rainforestgreen\/","name":"Sac \u00e0 dos | Vert fonc\u00e9 | Premium, Durable & \u00c9l\u00e9gant","isPartOf":{"@id":"https:\/\/nortvi.com\/fr\/#website"},"primaryImageOfPage":{"@id":"https:\/\/nortvi.com\/fr\/produit\/backpack-rainforestgreen\/#primaryimage"},"image":{"@id":"https:\/\/nortvi.com\/fr\/produit\/backpack-rainforestgreen\/#primaryimage"},"thumbnailUrl":"https:\/\/nortvi.com\/wp-content\/uploads\/2021\/09\/rugzak-classic-rainforest-green-voorkant-2-scaled.jpg","datePublished":"2023-04-14T13:47:34+00:00","dateModified":"2025-09-02T09:52:13+00:00","description":"Optez pour le sac \u00e0 dos Rainforest Green. Fabriqu\u00e9 \u00e0 partir de mat\u00e9riaux durables et con\u00e7u \u00e0 Amsterdam, il s'adapte \u00e0 tous les styles.","breadcrumb":{"@id":"https:\/\/nortvi.com\/fr\/produit\/backpack-rainforestgreen\/#breadcrumb"},"inLanguage":"fr-FR","potentialAction":[{"@type":"ReadAction","target":["https:\/\/nortvi.com\/fr\/produit\/backpack-rainforestgreen\/"]}]},{"@type":"ImageObject","inLanguage":"fr-FR","@id":"https:\/\/nortvi.com\/fr\/produit\/backpack-rainforestgreen\/#primaryimage","url":"https:\/\/nortvi.com\/wp-content\/uploads\/2021\/09\/rugzak-classic-rainforest-green-voorkant-2-scaled.jpg","contentUrl":"https:\/\/nortvi.com\/wp-content\/uploads\/2021\/09\/rugzak-classic-rainforest-green-voorkant-2-scaled.jpg","width":3840,"height":3840},{"@type":"BreadcrumbList","@id":"https:\/\/nortvi.com\/fr\/produit\/backpack-rainforestgreen\/#breadcrumb","itemListElement":[{"@type":"ListItem","position":1,"name":"Home","item":"https:\/\/nortvi.com\/fr\/"},{"@type":"ListItem","position":2,"name":"Shop","item":"https:\/\/nortvi.com\/fr\/shop\/"},{"@type":"ListItem","position":3,"name":"Sacs","item":"https:\/\/nortvi.com\/fr\/sacs\/"},{"@type":"ListItem","position":4,"name":"Backpack Classic","item":"https:\/\/nortvi.com\/fr\/sacs\/sac-a-dos\/"},{"@type":"ListItem","position":5,"name":"Backpack Rainforest Green"}]},{"@type":"WebSite","@id":"https:\/\/nortvi.com\/fr\/#website","url":"https:\/\/nortvi.com\/fr\/","name":"NORTVI","description":"Sustainable travel gear","publisher":{"@id":"https:\/\/nortvi.com\/fr\/#organization"},"potentialAction":[{"@type":"SearchAction","target":{"@type":"EntryPoint","urlTemplate":"https:\/\/nortvi.com\/fr\/?s={search_term_string}"},"query-input":{"@type":"PropertyValueSpecification","valueRequired":true,"valueName":"search_term_string"}}],"inLanguage":"fr-FR"},{"@type":"Organization","@id":"https:\/\/nortvi.com\/fr\/#organization","name":"NORTVI","url":"https:\/\/nortvi.com\/fr\/","logo":{"@type":"ImageObject","inLanguage":"fr-FR","@id":"https:\/\/nortvi.com\/fr\/#\/schema\/logo\/image\/","url":"https:\/\/nortvi.com\/wp-content\/uploads\/2023\/09\/cropped-logo-footer.png","contentUrl":"https:\/\/nortvi.com\/wp-content\/uploads\/2023\/09\/cropped-logo-footer.png","width":300,"height":46,"caption":"NORTVI"},"image":{"@id":"https:\/\/nortvi.com\/fr\/#\/schema\/logo\/image\/"},"sameAs":["https:\/\/www.instagram.com\/nortvi\/"]}]},"product_price_amount":"139.00","product_price_currency":"EUR","og_availability":"instock","product_availability":"instock","product_retailer_item_id":"8720165662586","product_condition":"new"},"_links":{"self":[{"href":"https:\/\/nortvi.com\/fr\/wp-json\/wp\/v2\/product\/258288","targetHints":{"allow":["GET"]}}],"collection":[{"href":"https:\/\/nortvi.com\/fr\/wp-json\/wp\/v2\/product"}],"about":[{"href":"https:\/\/nortvi.com\/fr\/wp-json\/wp\/v2\/types\/product"}],"version-history":[{"count":0,"href":"https:\/\/nortvi.com\/fr\/wp-json\/wp\/v2\/product\/258288\/revisions"}],"wp:featuredmedia":[{"embeddable":true,"href":"https:\/\/nortvi.com\/fr\/wp-json\/wp\/v2\/media\/345817"}],"wp:attachment":[{"href":"https:\/\/nortvi.com\/fr\/wp-json\/wp\/v2\/media?parent=258288"}],"wp:term":[{"taxonomy":"product_brand","embeddable":true,"href":"https:\/\/nortvi.com\/fr\/wp-json\/wp\/v2\/product_brand?post=258288"},{"taxonomy":"product_cat","embeddable":true,"href":"https:\/\/nortvi.com\/fr\/wp-json\/wp\/v2\/product_cat?post=258288"},{"taxonomy":"product_tag","embeddable":true,"href":"https:\/\/nortvi.com\/fr\/wp-json\/wp\/v2\/product_tag?post=258288"}],"curies":[{"name":"wp","href":"https:\/\/api.w.org\/{rel}","templated":true}]}}