{"id":258287,"date":"2019-12-21T16:46:15","date_gmt":"2023-04-14T13:29:45","guid":{"rendered":"https:\/\/nortvi-prod.wdc.app\/product\/check-in-midnight-black\/"},"modified":"2026-03-17T15:42:35","modified_gmt":"2026-03-17T14:42:35","slug":"midnight-black-check-in","status":"publish","type":"product","link":"https:\/\/nortvi.com\/fr\/produit\/midnight-black-check-in\/","title":{"rendered":"Medium Check-In Midnight Black"},"content":{"rendered":"<p>Notre bagage soute unique. Cette valise exceptionnelle est fabriqu\u00e9e \u00e0 partir de polycarbonate allemand \u00e9coresponsable, un mat\u00e9riau l\u00e9ger, de qualit\u00e9 a\u00e9ronautique et pratiquement incassable. La valise est \u00e9quip\u00e9e de nos roues sp\u00e9ciales Silent Run qui offrent une mobilit\u00e9 sup\u00e9rieure dans un silence complet. Notre valise Check-In poss\u00e8de une capacit\u00e9 de rangement proprement stup\u00e9fiante de 77 litres, ce qui constitue la plus grande capacit\u00e9 dans sa cat\u00e9gorie. Elle inclut aussi des compartiments de rangement align\u00e9s suppl\u00e9mentaires. La valise id\u00e9ale pour un voyage de plusieurs semaines.<\/p>\n","protected":false},"excerpt":{"rendered":"<p>Notre bagage soute unique. Cette valise exceptionnelle est fabriqu\u00e9e \u00e0 partir de polycarbonate allemand \u00e9coresponsable, un mat\u00e9riau l\u00e9ger, de qualit\u00e9 a\u00e9ronautique et pratiquement incassable. La valise est \u00e9quip\u00e9e de nos roues sp\u00e9ciales Silent Run qui offrent une mobilit\u00e9 sup\u00e9rieure dans un silence complet. Notre valise Check-In poss\u00e8de une capacit\u00e9 de rangement proprement stup\u00e9fiante de 77 litres, ce qui constitue la plus grande capacit\u00e9 dans sa cat\u00e9gorie. Elle inclut aussi des compartiments de rangement align\u00e9s suppl\u00e9mentaires. La valise id\u00e9ale pour un voyage de plusieurs semaines.<\/p>\n","protected":false},"featured_media":295322,"template":"","meta":{"_acf_changed":false,"footnotes":""},"product_brand":[],"product_cat":[253],"product_tag":[],"class_list":{"0":"post-258287","1":"product","2":"type-product","3":"status-publish","4":"has-post-thumbnail","6":"product_cat-check-in-medium","8":"first","9":"instock","10":"taxable","11":"shipping-taxable","12":"purchasable","13":"product-type-simple"},"composite_virtual":false,"composite_layout":"","composite_add_to_cart_form_location":"","composite_editable_in_cart":false,"composite_sold_individually_context":"","composite_shop_price_calc":"","composite_components":[],"composite_scenarios":[],"acf":[],"yoast_head":"<!-- This site is optimized with the Yoast SEO Premium plugin v27.1 (Yoast SEO v27.3) - https:\/\/yoast.com\/product\/yoast-seo-premium-wordpress\/ -->\n<title>Valise Check-In | Noir | Premium, Unique &amp; Durable<\/title>\n<meta name=\"description\" content=\"La valise Medium Check-In en couleur Midnight Black est tr\u00e8s l\u00e9g\u00e8re et offre une capacit\u00e9 de rangement de pas moins de 77 litres. Garantie \u00e0 vie.\" \/>\n<meta name=\"robots\" content=\"index, follow, max-snippet:-1, max-image-preview:large, max-video-preview:-1\" \/>\n<link rel=\"canonical\" href=\"https:\/\/nortvi.com\/fr\/produit\/midnight-black-check-in\/\" \/>\n<meta property=\"og:locale\" content=\"fr_FR\" \/>\n<meta property=\"og:type\" content=\"article\" \/>\n<meta property=\"og:title\" content=\"Medium Check-In Midnight Black\" \/>\n<meta property=\"og:description\" content=\"La valise Medium Check-In en couleur Midnight Black est tr\u00e8s l\u00e9g\u00e8re et offre une capacit\u00e9 de rangement de pas moins de 77 litres. Garantie \u00e0 vie.\" \/>\n<meta property=\"og:url\" content=\"https:\/\/nortvi.com\/fr\/produit\/midnight-black-check-in\/\" \/>\n<meta property=\"og:site_name\" content=\"NORTVI\" \/>\n<meta property=\"article:modified_time\" content=\"2026-03-17T14:42:35+00:00\" \/>\n<meta property=\"og:image\" content=\"https:\/\/nortvi.com\/wp-content\/uploads\/2019\/12\/nortvi-check-in-medium-black-1.jpg\" \/>\n\t<meta property=\"og:image:width\" content=\"2000\" \/>\n\t<meta property=\"og:image:height\" content=\"2000\" \/>\n\t<meta property=\"og:image:type\" content=\"image\/jpeg\" \/>\n<meta name=\"twitter:card\" content=\"summary_large_image\" \/>\n<meta name=\"twitter:label1\" content=\"Prix\" \/>\n\t<meta name=\"twitter:data1\" content=\"&#036;349,00\" \/>\n\t<meta name=\"twitter:label2\" content=\"Disponibilit\u00e9\" \/>\n\t<meta name=\"twitter:data2\" content=\"En stock\" \/>\n<script type=\"application\/ld+json\" class=\"yoast-schema-graph\">{\"@context\":\"https:\\\/\\\/schema.org\",\"@graph\":[{\"@type\":\"WebPage\",\"@id\":\"https:\\\/\\\/nortvi.com\\\/fr\\\/produit\\\/midnight-black-check-in\\\/\",\"url\":\"https:\\\/\\\/nortvi.com\\\/fr\\\/produit\\\/midnight-black-check-in\\\/\",\"name\":\"Valise Check-In | Noir | Premium, Unique & Durable\",\"isPartOf\":{\"@id\":\"https:\\\/\\\/nortvi.com\\\/fr\\\/#website\"},\"primaryImageOfPage\":{\"@id\":\"https:\\\/\\\/nortvi.com\\\/fr\\\/produit\\\/midnight-black-check-in\\\/#primaryimage\"},\"image\":{\"@id\":\"https:\\\/\\\/nortvi.com\\\/fr\\\/produit\\\/midnight-black-check-in\\\/#primaryimage\"},\"thumbnailUrl\":\"https:\\\/\\\/nortvi.com\\\/wp-content\\\/uploads\\\/2019\\\/12\\\/nortvi-check-in-medium-black-1.jpg\",\"datePublished\":\"2023-04-14T13:29:45+00:00\",\"dateModified\":\"2026-03-17T14:42:35+00:00\",\"description\":\"La valise Medium Check-In en couleur Midnight Black est tr\u00e8s l\u00e9g\u00e8re et offre une capacit\u00e9 de rangement de pas moins de 77 litres. Garantie \u00e0 vie.\",\"breadcrumb\":{\"@id\":\"https:\\\/\\\/nortvi.com\\\/fr\\\/produit\\\/midnight-black-check-in\\\/#breadcrumb\"},\"inLanguage\":\"fr-FR\",\"potentialAction\":[{\"@type\":\"ReadAction\",\"target\":[\"https:\\\/\\\/nortvi.com\\\/fr\\\/produit\\\/midnight-black-check-in\\\/\"]}]},{\"@type\":\"ImageObject\",\"inLanguage\":\"fr-FR\",\"@id\":\"https:\\\/\\\/nortvi.com\\\/fr\\\/produit\\\/midnight-black-check-in\\\/#primaryimage\",\"url\":\"https:\\\/\\\/nortvi.com\\\/wp-content\\\/uploads\\\/2019\\\/12\\\/nortvi-check-in-medium-black-1.jpg\",\"contentUrl\":\"https:\\\/\\\/nortvi.com\\\/wp-content\\\/uploads\\\/2019\\\/12\\\/nortvi-check-in-medium-black-1.jpg\",\"width\":2000,\"height\":2000},{\"@type\":\"BreadcrumbList\",\"@id\":\"https:\\\/\\\/nortvi.com\\\/fr\\\/produit\\\/midnight-black-check-in\\\/#breadcrumb\",\"itemListElement\":[{\"@type\":\"ListItem\",\"position\":1,\"name\":\"Home\",\"item\":\"https:\\\/\\\/nortvi.com\\\/fr\\\/\"},{\"@type\":\"ListItem\",\"position\":2,\"name\":\"Shop\",\"item\":\"https:\\\/\\\/nortvi.com\\\/fr\\\/shop\\\/\"},{\"@type\":\"ListItem\",\"position\":3,\"name\":\"Valises en Soute\",\"item\":\"https:\\\/\\\/nortvi.com\\\/fr\\\/check-in\\\/\"},{\"@type\":\"ListItem\",\"position\":4,\"name\":\"Medium Check-In\",\"item\":\"https:\\\/\\\/nortvi.com\\\/fr\\\/check-in\\\/check-in-medium\\\/\"},{\"@type\":\"ListItem\",\"position\":5,\"name\":\"Medium Check-In Midnight Black\"}]},{\"@type\":\"WebSite\",\"@id\":\"https:\\\/\\\/nortvi.com\\\/fr\\\/#website\",\"url\":\"https:\\\/\\\/nortvi.com\\\/fr\\\/\",\"name\":\"NORTVI\",\"description\":\"Sustainable travel gear\",\"publisher\":{\"@id\":\"https:\\\/\\\/nortvi.com\\\/fr\\\/#organization\"},\"potentialAction\":[{\"@type\":\"SearchAction\",\"target\":{\"@type\":\"EntryPoint\",\"urlTemplate\":\"https:\\\/\\\/nortvi.com\\\/fr\\\/?s={search_term_string}\"},\"query-input\":{\"@type\":\"PropertyValueSpecification\",\"valueRequired\":true,\"valueName\":\"search_term_string\"}}],\"inLanguage\":\"fr-FR\"},{\"@type\":\"Organization\",\"@id\":\"https:\\\/\\\/nortvi.com\\\/fr\\\/#organization\",\"name\":\"NORTVI\",\"url\":\"https:\\\/\\\/nortvi.com\\\/fr\\\/\",\"logo\":{\"@type\":\"ImageObject\",\"inLanguage\":\"fr-FR\",\"@id\":\"https:\\\/\\\/nortvi.com\\\/fr\\\/#\\\/schema\\\/logo\\\/image\\\/\",\"url\":\"https:\\\/\\\/nortvi.com\\\/wp-content\\\/uploads\\\/2023\\\/09\\\/cropped-logo-footer.png\",\"contentUrl\":\"https:\\\/\\\/nortvi.com\\\/wp-content\\\/uploads\\\/2023\\\/09\\\/cropped-logo-footer.png\",\"width\":300,\"height\":46,\"caption\":\"NORTVI\"},\"image\":{\"@id\":\"https:\\\/\\\/nortvi.com\\\/fr\\\/#\\\/schema\\\/logo\\\/image\\\/\"},\"sameAs\":[\"https:\\\/\\\/www.instagram.com\\\/nortvi\\\/\"]}]}<\/script>\n<meta property=\"product:price:amount\" content=\"349.00\" \/>\n<meta property=\"product:price:currency\" content=\"USD\" \/>\n<meta property=\"og:availability\" content=\"instock\" \/>\n<meta property=\"product:availability\" content=\"instock\" \/>\n<meta property=\"product:retailer_item_id\" content=\"8720165662524\" \/>\n<meta property=\"product:condition\" content=\"new\" \/>\n<!-- \/ Yoast SEO Premium plugin. -->","yoast_head_json":{"title":"Valise Check-In | Noir | Premium, Unique & Durable","description":"La valise Medium Check-In en couleur Midnight Black est tr\u00e8s l\u00e9g\u00e8re et offre une capacit\u00e9 de rangement de pas moins de 77 litres. Garantie \u00e0 vie.","robots":{"index":"index","follow":"follow","max-snippet":"max-snippet:-1","max-image-preview":"max-image-preview:large","max-video-preview":"max-video-preview:-1"},"canonical":"https:\/\/nortvi.com\/fr\/produit\/midnight-black-check-in\/","og_locale":"fr_FR","og_type":"article","og_title":"Medium Check-In Midnight Black","og_description":"La valise Medium Check-In en couleur Midnight Black est tr\u00e8s l\u00e9g\u00e8re et offre une capacit\u00e9 de rangement de pas moins de 77 litres. Garantie \u00e0 vie.","og_url":"https:\/\/nortvi.com\/fr\/produit\/midnight-black-check-in\/","og_site_name":"NORTVI","article_modified_time":"2026-03-17T14:42:35+00:00","og_image":[{"width":2000,"height":2000,"url":"https:\/\/nortvi.com\/wp-content\/uploads\/2019\/12\/nortvi-check-in-medium-black-1.jpg","type":"image\/jpeg"}],"twitter_card":"summary_large_image","twitter_misc":{"Prix":"&#36;349,00","Disponibilit\u00e9":"En stock"},"schema":{"@context":"https:\/\/schema.org","@graph":[{"@type":"WebPage","@id":"https:\/\/nortvi.com\/fr\/produit\/midnight-black-check-in\/","url":"https:\/\/nortvi.com\/fr\/produit\/midnight-black-check-in\/","name":"Valise Check-In | Noir | Premium, Unique & Durable","isPartOf":{"@id":"https:\/\/nortvi.com\/fr\/#website"},"primaryImageOfPage":{"@id":"https:\/\/nortvi.com\/fr\/produit\/midnight-black-check-in\/#primaryimage"},"image":{"@id":"https:\/\/nortvi.com\/fr\/produit\/midnight-black-check-in\/#primaryimage"},"thumbnailUrl":"https:\/\/nortvi.com\/wp-content\/uploads\/2019\/12\/nortvi-check-in-medium-black-1.jpg","datePublished":"2023-04-14T13:29:45+00:00","dateModified":"2026-03-17T14:42:35+00:00","description":"La valise Medium Check-In en couleur Midnight Black est tr\u00e8s l\u00e9g\u00e8re et offre une capacit\u00e9 de rangement de pas moins de 77 litres. Garantie \u00e0 vie.","breadcrumb":{"@id":"https:\/\/nortvi.com\/fr\/produit\/midnight-black-check-in\/#breadcrumb"},"inLanguage":"fr-FR","potentialAction":[{"@type":"ReadAction","target":["https:\/\/nortvi.com\/fr\/produit\/midnight-black-check-in\/"]}]},{"@type":"ImageObject","inLanguage":"fr-FR","@id":"https:\/\/nortvi.com\/fr\/produit\/midnight-black-check-in\/#primaryimage","url":"https:\/\/nortvi.com\/wp-content\/uploads\/2019\/12\/nortvi-check-in-medium-black-1.jpg","contentUrl":"https:\/\/nortvi.com\/wp-content\/uploads\/2019\/12\/nortvi-check-in-medium-black-1.jpg","width":2000,"height":2000},{"@type":"BreadcrumbList","@id":"https:\/\/nortvi.com\/fr\/produit\/midnight-black-check-in\/#breadcrumb","itemListElement":[{"@type":"ListItem","position":1,"name":"Home","item":"https:\/\/nortvi.com\/fr\/"},{"@type":"ListItem","position":2,"name":"Shop","item":"https:\/\/nortvi.com\/fr\/shop\/"},{"@type":"ListItem","position":3,"name":"Valises en Soute","item":"https:\/\/nortvi.com\/fr\/check-in\/"},{"@type":"ListItem","position":4,"name":"Medium Check-In","item":"https:\/\/nortvi.com\/fr\/check-in\/check-in-medium\/"},{"@type":"ListItem","position":5,"name":"Medium Check-In Midnight Black"}]},{"@type":"WebSite","@id":"https:\/\/nortvi.com\/fr\/#website","url":"https:\/\/nortvi.com\/fr\/","name":"NORTVI","description":"Sustainable travel gear","publisher":{"@id":"https:\/\/nortvi.com\/fr\/#organization"},"potentialAction":[{"@type":"SearchAction","target":{"@type":"EntryPoint","urlTemplate":"https:\/\/nortvi.com\/fr\/?s={search_term_string}"},"query-input":{"@type":"PropertyValueSpecification","valueRequired":true,"valueName":"search_term_string"}}],"inLanguage":"fr-FR"},{"@type":"Organization","@id":"https:\/\/nortvi.com\/fr\/#organization","name":"NORTVI","url":"https:\/\/nortvi.com\/fr\/","logo":{"@type":"ImageObject","inLanguage":"fr-FR","@id":"https:\/\/nortvi.com\/fr\/#\/schema\/logo\/image\/","url":"https:\/\/nortvi.com\/wp-content\/uploads\/2023\/09\/cropped-logo-footer.png","contentUrl":"https:\/\/nortvi.com\/wp-content\/uploads\/2023\/09\/cropped-logo-footer.png","width":300,"height":46,"caption":"NORTVI"},"image":{"@id":"https:\/\/nortvi.com\/fr\/#\/schema\/logo\/image\/"},"sameAs":["https:\/\/www.instagram.com\/nortvi\/"]}]},"product_price_amount":"349.00","product_price_currency":"USD","og_availability":"instock","product_availability":"instock","product_retailer_item_id":"8720165662524","product_condition":"new"},"_links":{"self":[{"href":"https:\/\/nortvi.com\/fr\/wp-json\/wp\/v2\/product\/258287","targetHints":{"allow":["GET"]}}],"collection":[{"href":"https:\/\/nortvi.com\/fr\/wp-json\/wp\/v2\/product"}],"about":[{"href":"https:\/\/nortvi.com\/fr\/wp-json\/wp\/v2\/types\/product"}],"version-history":[{"count":0,"href":"https:\/\/nortvi.com\/fr\/wp-json\/wp\/v2\/product\/258287\/revisions"}],"wp:featuredmedia":[{"embeddable":true,"href":"https:\/\/nortvi.com\/fr\/wp-json\/wp\/v2\/media\/295322"}],"wp:attachment":[{"href":"https:\/\/nortvi.com\/fr\/wp-json\/wp\/v2\/media?parent=258287"}],"wp:term":[{"taxonomy":"product_brand","embeddable":true,"href":"https:\/\/nortvi.com\/fr\/wp-json\/wp\/v2\/product_brand?post=258287"},{"taxonomy":"product_cat","embeddable":true,"href":"https:\/\/nortvi.com\/fr\/wp-json\/wp\/v2\/product_cat?post=258287"},{"taxonomy":"product_tag","embeddable":true,"href":"https:\/\/nortvi.com\/fr\/wp-json\/wp\/v2\/product_tag?post=258287"}],"curies":[{"name":"wp","href":"https:\/\/api.w.org\/{rel}","templated":true}]}}