{"id":258268,"date":"2023-01-09T15:58:59","date_gmt":"2023-04-14T12:30:30","guid":{"rendered":"https:\/\/nortvi-prod.wdc.app\/product\/large-check-in-rainforest-green-2\/"},"modified":"2026-02-25T13:20:58","modified_gmt":"2026-02-25T12:20:58","slug":"large-check-in-rainforest-green","status":"publish","type":"product","link":"https:\/\/nortvi.com\/fr\/produit\/large-check-in-rainforest-green\/","title":{"rendered":"Large Check-In Rainforest Green"},"content":{"rendered":"<p>Notre grande valise de premi\u00e8re classe. Cette valise exceptionnelle est fabriqu\u00e9e \u00e0 partir de polycarbonate allemand respectueux de l&#8217;environnement, un mat\u00e9riau l\u00e9ger de qualit\u00e9 a\u00e9rospatiale r\u00e9put\u00e9 pour sa durabilit\u00e9 et sa r\u00e9sistance. La valise est \u00e9quip\u00e9e de nos roues sp\u00e9ciales Silent Run qui offrent une mobilit\u00e9 sup\u00e9rieure dans un silence complet. La valise a un incroyable espace de rangement de 100 litres et offre le plus grand espace int\u00e9rieur de sa cat\u00e9gorie. L&#8217;int\u00e9rieur offre une exp\u00e9rience de rangement parfaitement \u00e9quilibr\u00e9e avec de nombreux compartiments de rangement suppl\u00e9mentaires. La valise parfaite pour un voyage plus long.<\/p>\n","protected":false},"excerpt":{"rendered":"<p>Notre grande valise de premi\u00e8re classe. Cette valise exceptionnelle est fabriqu\u00e9e \u00e0 partir de polycarbonate allemand respectueux de l&#8217;environnement, un mat\u00e9riau l\u00e9ger de qualit\u00e9 a\u00e9rospatiale r\u00e9put\u00e9 pour sa durabilit\u00e9 et sa r\u00e9sistance. La valise est \u00e9quip\u00e9e de nos roues sp\u00e9ciales Silent Run qui offrent une mobilit\u00e9 sup\u00e9rieure dans un silence complet. La valise a un incroyable espace de rangement de 100 litres et offre le plus grand espace int\u00e9rieur de sa cat\u00e9gorie. L&#8217;int\u00e9rieur offre une exp\u00e9rience de rangement parfaitement \u00e9quilibr\u00e9e avec de nombreux compartiments de rangement suppl\u00e9mentaires. La valise parfaite pour un voyage plus long.<\/p>\n","protected":false},"featured_media":295302,"template":"","meta":{"_acf_changed":false,"footnotes":""},"product_brand":[],"product_cat":[256],"product_tag":[],"class_list":{"0":"post-258268","1":"product","2":"type-product","3":"status-publish","4":"has-post-thumbnail","6":"product_cat-large-check-in-fr","8":"first","9":"instock","10":"taxable","11":"shipping-taxable","12":"purchasable","13":"product-type-simple"},"composite_virtual":false,"composite_layout":"","composite_add_to_cart_form_location":"","composite_editable_in_cart":false,"composite_sold_individually_context":"","composite_shop_price_calc":"","composite_components":[],"composite_scenarios":[],"acf":[],"yoast_head":"<!-- This site is optimized with the Yoast SEO Premium plugin v27.1 (Yoast SEO v27.3) - https:\/\/yoast.com\/product\/yoast-seo-premium-wordpress\/ -->\n<title>Valise Large Check-In | Vert fonc\u00e9 | Premium &amp; Durable<\/title>\n<meta name=\"description\" content=\"La valise Large Check-In en Rainforest Green est l\u00e9g\u00e8re, offrant une capacit\u00e9 de 100 litres et une garantie \u00e0 vie, parfaite pour voyager en toute s\u00e9r\u00e9nit\u00e9.\" \/>\n<meta name=\"robots\" content=\"index, follow, max-snippet:-1, max-image-preview:large, max-video-preview:-1\" \/>\n<link rel=\"canonical\" href=\"https:\/\/nortvi.com\/fr\/produit\/large-check-in-rainforest-green\/\" \/>\n<meta property=\"og:locale\" content=\"fr_FR\" \/>\n<meta property=\"og:type\" content=\"article\" \/>\n<meta property=\"og:title\" content=\"Large Check-In Rainforest Green\" \/>\n<meta property=\"og:description\" content=\"La valise Large Check-In en Rainforest Green est l\u00e9g\u00e8re, offrant une capacit\u00e9 de 100 litres et une garantie \u00e0 vie, parfaite pour voyager en toute s\u00e9r\u00e9nit\u00e9.\" \/>\n<meta property=\"og:url\" content=\"https:\/\/nortvi.com\/fr\/produit\/large-check-in-rainforest-green\/\" \/>\n<meta property=\"og:site_name\" content=\"NORTVI\" \/>\n<meta property=\"article:modified_time\" content=\"2026-02-25T12:20:58+00:00\" \/>\n<meta property=\"og:image\" content=\"https:\/\/nortvi.com\/wp-content\/uploads\/2023\/01\/nortvi-check-in-large-green.jpg\" \/>\n\t<meta property=\"og:image:width\" content=\"2000\" \/>\n\t<meta property=\"og:image:height\" content=\"2000\" \/>\n\t<meta property=\"og:image:type\" content=\"image\/jpeg\" \/>\n<meta name=\"twitter:card\" content=\"summary_large_image\" \/>\n<meta name=\"twitter:label1\" content=\"Prix\" \/>\n\t<meta name=\"twitter:data1\" content=\"&euro;309.00\" \/>\n\t<meta name=\"twitter:label2\" content=\"Disponibilit\u00e9\" \/>\n\t<meta name=\"twitter:data2\" content=\"En stock\" \/>\n<script type=\"application\/ld+json\" class=\"yoast-schema-graph\">{\"@context\":\"https:\\\/\\\/schema.org\",\"@graph\":[{\"@type\":\"WebPage\",\"@id\":\"https:\\\/\\\/nortvi.com\\\/fr\\\/produit\\\/large-check-in-rainforest-green\\\/\",\"url\":\"https:\\\/\\\/nortvi.com\\\/fr\\\/produit\\\/large-check-in-rainforest-green\\\/\",\"name\":\"Valise Large Check-In | Vert fonc\u00e9 | Premium & Durable\",\"isPartOf\":{\"@id\":\"https:\\\/\\\/nortvi.com\\\/fr\\\/#website\"},\"primaryImageOfPage\":{\"@id\":\"https:\\\/\\\/nortvi.com\\\/fr\\\/produit\\\/large-check-in-rainforest-green\\\/#primaryimage\"},\"image\":{\"@id\":\"https:\\\/\\\/nortvi.com\\\/fr\\\/produit\\\/large-check-in-rainforest-green\\\/#primaryimage\"},\"thumbnailUrl\":\"https:\\\/\\\/nortvi.com\\\/wp-content\\\/uploads\\\/2023\\\/01\\\/nortvi-check-in-large-green.jpg\",\"datePublished\":\"2023-04-14T12:30:30+00:00\",\"dateModified\":\"2026-02-25T12:20:58+00:00\",\"description\":\"La valise Large Check-In en Rainforest Green est l\u00e9g\u00e8re, offrant une capacit\u00e9 de 100 litres et une garantie \u00e0 vie, parfaite pour voyager en toute s\u00e9r\u00e9nit\u00e9.\",\"breadcrumb\":{\"@id\":\"https:\\\/\\\/nortvi.com\\\/fr\\\/produit\\\/large-check-in-rainforest-green\\\/#breadcrumb\"},\"inLanguage\":\"fr-FR\",\"potentialAction\":[{\"@type\":\"ReadAction\",\"target\":[\"https:\\\/\\\/nortvi.com\\\/fr\\\/produit\\\/large-check-in-rainforest-green\\\/\"]}]},{\"@type\":\"ImageObject\",\"inLanguage\":\"fr-FR\",\"@id\":\"https:\\\/\\\/nortvi.com\\\/fr\\\/produit\\\/large-check-in-rainforest-green\\\/#primaryimage\",\"url\":\"https:\\\/\\\/nortvi.com\\\/wp-content\\\/uploads\\\/2023\\\/01\\\/nortvi-check-in-large-green.jpg\",\"contentUrl\":\"https:\\\/\\\/nortvi.com\\\/wp-content\\\/uploads\\\/2023\\\/01\\\/nortvi-check-in-large-green.jpg\",\"width\":2000,\"height\":2000},{\"@type\":\"BreadcrumbList\",\"@id\":\"https:\\\/\\\/nortvi.com\\\/fr\\\/produit\\\/large-check-in-rainforest-green\\\/#breadcrumb\",\"itemListElement\":[{\"@type\":\"ListItem\",\"position\":1,\"name\":\"Home\",\"item\":\"https:\\\/\\\/nortvi.com\\\/fr\\\/\"},{\"@type\":\"ListItem\",\"position\":2,\"name\":\"Shop\",\"item\":\"https:\\\/\\\/nortvi.com\\\/fr\\\/shop\\\/\"},{\"@type\":\"ListItem\",\"position\":3,\"name\":\"Valises en Soute\",\"item\":\"https:\\\/\\\/nortvi.com\\\/fr\\\/check-in\\\/\"},{\"@type\":\"ListItem\",\"position\":4,\"name\":\"Large Check-In\",\"item\":\"https:\\\/\\\/nortvi.com\\\/fr\\\/check-in\\\/large-check-in-fr\\\/\"},{\"@type\":\"ListItem\",\"position\":5,\"name\":\"Large Check-In Rainforest Green\"}]},{\"@type\":\"WebSite\",\"@id\":\"https:\\\/\\\/nortvi.com\\\/fr\\\/#website\",\"url\":\"https:\\\/\\\/nortvi.com\\\/fr\\\/\",\"name\":\"NORTVI\",\"description\":\"Sustainable travel gear\",\"publisher\":{\"@id\":\"https:\\\/\\\/nortvi.com\\\/fr\\\/#organization\"},\"potentialAction\":[{\"@type\":\"SearchAction\",\"target\":{\"@type\":\"EntryPoint\",\"urlTemplate\":\"https:\\\/\\\/nortvi.com\\\/fr\\\/?s={search_term_string}\"},\"query-input\":{\"@type\":\"PropertyValueSpecification\",\"valueRequired\":true,\"valueName\":\"search_term_string\"}}],\"inLanguage\":\"fr-FR\"},{\"@type\":\"Organization\",\"@id\":\"https:\\\/\\\/nortvi.com\\\/fr\\\/#organization\",\"name\":\"NORTVI\",\"url\":\"https:\\\/\\\/nortvi.com\\\/fr\\\/\",\"logo\":{\"@type\":\"ImageObject\",\"inLanguage\":\"fr-FR\",\"@id\":\"https:\\\/\\\/nortvi.com\\\/fr\\\/#\\\/schema\\\/logo\\\/image\\\/\",\"url\":\"https:\\\/\\\/nortvi.com\\\/wp-content\\\/uploads\\\/2023\\\/09\\\/cropped-logo-footer.png\",\"contentUrl\":\"https:\\\/\\\/nortvi.com\\\/wp-content\\\/uploads\\\/2023\\\/09\\\/cropped-logo-footer.png\",\"width\":300,\"height\":46,\"caption\":\"NORTVI\"},\"image\":{\"@id\":\"https:\\\/\\\/nortvi.com\\\/fr\\\/#\\\/schema\\\/logo\\\/image\\\/\"},\"sameAs\":[\"https:\\\/\\\/www.instagram.com\\\/nortvi\\\/\"]}]}<\/script>\n<meta property=\"product:price:amount\" content=\"309.00\" \/>\n<meta property=\"product:price:currency\" content=\"EUR\" \/>\n<meta property=\"og:availability\" content=\"instock\" \/>\n<meta property=\"product:availability\" content=\"instock\" \/>\n<meta property=\"product:retailer_item_id\" content=\"8720618379344\" \/>\n<meta property=\"product:condition\" content=\"new\" \/>\n<!-- \/ Yoast SEO Premium plugin. -->","yoast_head_json":{"title":"Valise Large Check-In | Vert fonc\u00e9 | Premium & Durable","description":"La valise Large Check-In en Rainforest Green est l\u00e9g\u00e8re, offrant une capacit\u00e9 de 100 litres et une garantie \u00e0 vie, parfaite pour voyager en toute s\u00e9r\u00e9nit\u00e9.","robots":{"index":"index","follow":"follow","max-snippet":"max-snippet:-1","max-image-preview":"max-image-preview:large","max-video-preview":"max-video-preview:-1"},"canonical":"https:\/\/nortvi.com\/fr\/produit\/large-check-in-rainforest-green\/","og_locale":"fr_FR","og_type":"article","og_title":"Large Check-In Rainforest Green","og_description":"La valise Large Check-In en Rainforest Green est l\u00e9g\u00e8re, offrant une capacit\u00e9 de 100 litres et une garantie \u00e0 vie, parfaite pour voyager en toute s\u00e9r\u00e9nit\u00e9.","og_url":"https:\/\/nortvi.com\/fr\/produit\/large-check-in-rainforest-green\/","og_site_name":"NORTVI","article_modified_time":"2026-02-25T12:20:58+00:00","og_image":[{"width":2000,"height":2000,"url":"https:\/\/nortvi.com\/wp-content\/uploads\/2023\/01\/nortvi-check-in-large-green.jpg","type":"image\/jpeg"}],"twitter_card":"summary_large_image","twitter_misc":{"Prix":"&euro;309.00","Disponibilit\u00e9":"En stock"},"schema":{"@context":"https:\/\/schema.org","@graph":[{"@type":"WebPage","@id":"https:\/\/nortvi.com\/fr\/produit\/large-check-in-rainforest-green\/","url":"https:\/\/nortvi.com\/fr\/produit\/large-check-in-rainforest-green\/","name":"Valise Large Check-In | Vert fonc\u00e9 | Premium & Durable","isPartOf":{"@id":"https:\/\/nortvi.com\/fr\/#website"},"primaryImageOfPage":{"@id":"https:\/\/nortvi.com\/fr\/produit\/large-check-in-rainforest-green\/#primaryimage"},"image":{"@id":"https:\/\/nortvi.com\/fr\/produit\/large-check-in-rainforest-green\/#primaryimage"},"thumbnailUrl":"https:\/\/nortvi.com\/wp-content\/uploads\/2023\/01\/nortvi-check-in-large-green.jpg","datePublished":"2023-04-14T12:30:30+00:00","dateModified":"2026-02-25T12:20:58+00:00","description":"La valise Large Check-In en Rainforest Green est l\u00e9g\u00e8re, offrant une capacit\u00e9 de 100 litres et une garantie \u00e0 vie, parfaite pour voyager en toute s\u00e9r\u00e9nit\u00e9.","breadcrumb":{"@id":"https:\/\/nortvi.com\/fr\/produit\/large-check-in-rainforest-green\/#breadcrumb"},"inLanguage":"fr-FR","potentialAction":[{"@type":"ReadAction","target":["https:\/\/nortvi.com\/fr\/produit\/large-check-in-rainforest-green\/"]}]},{"@type":"ImageObject","inLanguage":"fr-FR","@id":"https:\/\/nortvi.com\/fr\/produit\/large-check-in-rainforest-green\/#primaryimage","url":"https:\/\/nortvi.com\/wp-content\/uploads\/2023\/01\/nortvi-check-in-large-green.jpg","contentUrl":"https:\/\/nortvi.com\/wp-content\/uploads\/2023\/01\/nortvi-check-in-large-green.jpg","width":2000,"height":2000},{"@type":"BreadcrumbList","@id":"https:\/\/nortvi.com\/fr\/produit\/large-check-in-rainforest-green\/#breadcrumb","itemListElement":[{"@type":"ListItem","position":1,"name":"Home","item":"https:\/\/nortvi.com\/fr\/"},{"@type":"ListItem","position":2,"name":"Shop","item":"https:\/\/nortvi.com\/fr\/shop\/"},{"@type":"ListItem","position":3,"name":"Valises en Soute","item":"https:\/\/nortvi.com\/fr\/check-in\/"},{"@type":"ListItem","position":4,"name":"Large Check-In","item":"https:\/\/nortvi.com\/fr\/check-in\/large-check-in-fr\/"},{"@type":"ListItem","position":5,"name":"Large Check-In Rainforest Green"}]},{"@type":"WebSite","@id":"https:\/\/nortvi.com\/fr\/#website","url":"https:\/\/nortvi.com\/fr\/","name":"NORTVI","description":"Sustainable travel gear","publisher":{"@id":"https:\/\/nortvi.com\/fr\/#organization"},"potentialAction":[{"@type":"SearchAction","target":{"@type":"EntryPoint","urlTemplate":"https:\/\/nortvi.com\/fr\/?s={search_term_string}"},"query-input":{"@type":"PropertyValueSpecification","valueRequired":true,"valueName":"search_term_string"}}],"inLanguage":"fr-FR"},{"@type":"Organization","@id":"https:\/\/nortvi.com\/fr\/#organization","name":"NORTVI","url":"https:\/\/nortvi.com\/fr\/","logo":{"@type":"ImageObject","inLanguage":"fr-FR","@id":"https:\/\/nortvi.com\/fr\/#\/schema\/logo\/image\/","url":"https:\/\/nortvi.com\/wp-content\/uploads\/2023\/09\/cropped-logo-footer.png","contentUrl":"https:\/\/nortvi.com\/wp-content\/uploads\/2023\/09\/cropped-logo-footer.png","width":300,"height":46,"caption":"NORTVI"},"image":{"@id":"https:\/\/nortvi.com\/fr\/#\/schema\/logo\/image\/"},"sameAs":["https:\/\/www.instagram.com\/nortvi\/"]}]},"product_price_amount":"309.00","product_price_currency":"EUR","og_availability":"instock","product_availability":"instock","product_retailer_item_id":"8720618379344","product_condition":"new"},"_links":{"self":[{"href":"https:\/\/nortvi.com\/fr\/wp-json\/wp\/v2\/product\/258268","targetHints":{"allow":["GET"]}}],"collection":[{"href":"https:\/\/nortvi.com\/fr\/wp-json\/wp\/v2\/product"}],"about":[{"href":"https:\/\/nortvi.com\/fr\/wp-json\/wp\/v2\/types\/product"}],"version-history":[{"count":0,"href":"https:\/\/nortvi.com\/fr\/wp-json\/wp\/v2\/product\/258268\/revisions"}],"wp:featuredmedia":[{"embeddable":true,"href":"https:\/\/nortvi.com\/fr\/wp-json\/wp\/v2\/media\/295302"}],"wp:attachment":[{"href":"https:\/\/nortvi.com\/fr\/wp-json\/wp\/v2\/media?parent=258268"}],"wp:term":[{"taxonomy":"product_brand","embeddable":true,"href":"https:\/\/nortvi.com\/fr\/wp-json\/wp\/v2\/product_brand?post=258268"},{"taxonomy":"product_cat","embeddable":true,"href":"https:\/\/nortvi.com\/fr\/wp-json\/wp\/v2\/product_cat?post=258268"},{"taxonomy":"product_tag","embeddable":true,"href":"https:\/\/nortvi.com\/fr\/wp-json\/wp\/v2\/product_tag?post=258268"}],"curies":[{"name":"wp","href":"https:\/\/api.w.org\/{rel}","templated":true}]}}