{"id":258256,"date":"2022-12-05T15:10:51","date_gmt":"2023-04-14T11:24:47","guid":{"rendered":"https:\/\/nortvi-prod.wdc.app\/product\/large-weekender-midnight-black-2\/"},"modified":"2023-09-11T20:37:08","modified_gmt":"2023-09-11T18:37:08","slug":"large-weekender-midnight-black","status":"publish","type":"product","link":"https:\/\/nortvi.com\/fr\/produit\/large-weekender-midnight-black\/","title":{"rendered":"Large Weekender Midnight Black"},"content":{"rendered":"<p>Voyagez avec style, de mani\u00e8re sup\u00e9rieurement durable. Le Large Weekender est la version plus grande de notre Weekender et le compagnon id\u00e9al de toutes les aventures. Fabriqu\u00e9 \u00e0 la main \u00e0 partir de mat\u00e9riaux 100 % \u00e9cologiques et renforc\u00e9 pour garantir une r\u00e9sistance extr\u00eame, cette trousse est con\u00e7ue pour affronter tous les voyages de la vie. Gr\u00e2ce \u00e0 sa conception imperm\u00e9able et \u00e0 son vaste volume de rangement, vous pouvez faire vos bagages en toute confiance en vue d&#8217;un voyage de plusieurs semaines.<\/p>\n","protected":false},"excerpt":{"rendered":"<p>Voyagez avec style, de mani\u00e8re sup\u00e9rieurement durable. Le Large Weekender est la version plus grande de notre Weekender et le compagnon id\u00e9al de toutes les aventures. Fabriqu\u00e9 \u00e0 la main \u00e0 partir de mat\u00e9riaux 100 % \u00e9cologiques et renforc\u00e9 pour garantir une r\u00e9sistance extr\u00eame, cette trousse est con\u00e7ue pour affronter tous les voyages de la vie. Gr\u00e2ce \u00e0 sa conception imperm\u00e9able et \u00e0 son vaste volume de rangement, vous pouvez faire vos bagages en toute confiance en vue d&#8217;un voyage de plusieurs semaines.<\/p>\n","protected":false},"featured_media":345651,"template":"","meta":{"_acf_changed":false,"footnotes":""},"product_brand":[],"product_cat":[257],"product_tag":[],"class_list":{"0":"post-258256","1":"product","2":"type-product","3":"status-publish","4":"has-post-thumbnail","6":"product_cat-large-weekender-fr","8":"first","9":"instock","10":"taxable","11":"shipping-taxable","12":"purchasable","13":"product-type-simple"},"composite_virtual":false,"composite_layout":"","composite_add_to_cart_form_location":"","composite_editable_in_cart":false,"composite_sold_individually_context":"","composite_shop_price_calc":"","composite_components":[],"composite_scenarios":[],"acf":[],"yoast_head":"<!-- This site is optimized with the Yoast SEO Premium plugin v27.1 (Yoast SEO v27.3) - https:\/\/yoast.com\/product\/yoast-seo-premium-wordpress\/ -->\n<title>Large Weekender | Noir | Durable &amp; \u00c9l\u00e9gant<\/title>\n<meta name=\"description\" content=\"Le Large Weekender de NORTVI en Midnight Black. Con\u00e7u pour \u00eatre durable, imperm\u00e9able et robuste, un compagnon id\u00e9al pour vos voyages d&#039;une semaine.\" \/>\n<meta name=\"robots\" content=\"index, follow, max-snippet:-1, max-image-preview:large, max-video-preview:-1\" \/>\n<link rel=\"canonical\" href=\"https:\/\/nortvi.com\/fr\/produit\/large-weekender-midnight-black\/\" \/>\n<meta property=\"og:locale\" content=\"fr_FR\" \/>\n<meta property=\"og:type\" content=\"article\" \/>\n<meta property=\"og:title\" content=\"Large Weekender Midnight Black\" \/>\n<meta property=\"og:description\" content=\"Le Large Weekender de NORTVI en Midnight Black. Con\u00e7u pour \u00eatre durable, imperm\u00e9able et robuste, un compagnon id\u00e9al pour vos voyages d&#039;une semaine.\" \/>\n<meta property=\"og:url\" content=\"https:\/\/nortvi.com\/fr\/produit\/large-weekender-midnight-black\/\" \/>\n<meta property=\"og:site_name\" content=\"NORTVI\" \/>\n<meta property=\"article:modified_time\" content=\"2023-09-11T18:37:08+00:00\" \/>\n<meta property=\"og:image\" content=\"https:\/\/nortvi.com\/wp-content\/uploads\/2022\/12\/Black_weekender_01_ExtraLarge.jpg\" \/>\n\t<meta property=\"og:image:width\" content=\"2000\" \/>\n\t<meta property=\"og:image:height\" content=\"2000\" \/>\n\t<meta property=\"og:image:type\" content=\"image\/jpeg\" \/>\n<meta name=\"twitter:card\" content=\"summary_large_image\" \/>\n<meta name=\"twitter:label1\" content=\"Prix\" \/>\n\t<meta name=\"twitter:data1\" content=\"&euro;169.00\" \/>\n\t<meta name=\"twitter:label2\" content=\"Disponibilit\u00e9\" \/>\n\t<meta name=\"twitter:data2\" content=\"En stock\" \/>\n<script type=\"application\/ld+json\" class=\"yoast-schema-graph\">{\"@context\":\"https:\\\/\\\/schema.org\",\"@graph\":[{\"@type\":\"WebPage\",\"@id\":\"https:\\\/\\\/nortvi.com\\\/fr\\\/produit\\\/large-weekender-midnight-black\\\/\",\"url\":\"https:\\\/\\\/nortvi.com\\\/fr\\\/produit\\\/large-weekender-midnight-black\\\/\",\"name\":\"Large Weekender | Noir | Durable &amp; \u00c9l\u00e9gant\",\"isPartOf\":{\"@id\":\"https:\\\/\\\/nortvi.com\\\/fr\\\/#website\"},\"primaryImageOfPage\":{\"@id\":\"https:\\\/\\\/nortvi.com\\\/fr\\\/produit\\\/large-weekender-midnight-black\\\/#primaryimage\"},\"image\":{\"@id\":\"https:\\\/\\\/nortvi.com\\\/fr\\\/produit\\\/large-weekender-midnight-black\\\/#primaryimage\"},\"thumbnailUrl\":\"https:\\\/\\\/nortvi.com\\\/wp-content\\\/uploads\\\/2022\\\/12\\\/large-weekender-midnight-black-voorkant-1-blur-scaled.jpg\",\"datePublished\":\"2023-04-14T11:24:47+00:00\",\"dateModified\":\"2023-09-11T18:37:08+00:00\",\"description\":\"Le Large Weekender de NORTVI en Midnight Black. Con\u00e7u pour \u00eatre durable, imperm\u00e9able et robuste, un compagnon id\u00e9al pour vos voyages d'une semaine.\",\"breadcrumb\":{\"@id\":\"https:\\\/\\\/nortvi.com\\\/fr\\\/produit\\\/large-weekender-midnight-black\\\/#breadcrumb\"},\"inLanguage\":\"fr-FR\",\"potentialAction\":[{\"@type\":\"ReadAction\",\"target\":[\"https:\\\/\\\/nortvi.com\\\/fr\\\/produit\\\/large-weekender-midnight-black\\\/\"]}]},{\"@type\":\"ImageObject\",\"inLanguage\":\"fr-FR\",\"@id\":\"https:\\\/\\\/nortvi.com\\\/fr\\\/produit\\\/large-weekender-midnight-black\\\/#primaryimage\",\"url\":\"https:\\\/\\\/nortvi.com\\\/wp-content\\\/uploads\\\/2022\\\/12\\\/large-weekender-midnight-black-voorkant-1-blur-scaled.jpg\",\"contentUrl\":\"https:\\\/\\\/nortvi.com\\\/wp-content\\\/uploads\\\/2022\\\/12\\\/large-weekender-midnight-black-voorkant-1-blur-scaled.jpg\",\"width\":3840,\"height\":3840},{\"@type\":\"BreadcrumbList\",\"@id\":\"https:\\\/\\\/nortvi.com\\\/fr\\\/produit\\\/large-weekender-midnight-black\\\/#breadcrumb\",\"itemListElement\":[{\"@type\":\"ListItem\",\"position\":1,\"name\":\"Home\",\"item\":\"https:\\\/\\\/nortvi.com\\\/fr\\\/\"},{\"@type\":\"ListItem\",\"position\":2,\"name\":\"Shop\",\"item\":\"https:\\\/\\\/nortvi.com\\\/fr\\\/shop\\\/\"},{\"@type\":\"ListItem\",\"position\":3,\"name\":\"Sacs\",\"item\":\"https:\\\/\\\/nortvi.com\\\/fr\\\/sacs\\\/\"},{\"@type\":\"ListItem\",\"position\":4,\"name\":\"Large Weekender\",\"item\":\"https:\\\/\\\/nortvi.com\\\/fr\\\/sacs\\\/large-weekender-fr\\\/\"},{\"@type\":\"ListItem\",\"position\":5,\"name\":\"Large Weekender Midnight Black\"}]},{\"@type\":\"WebSite\",\"@id\":\"https:\\\/\\\/nortvi.com\\\/fr\\\/#website\",\"url\":\"https:\\\/\\\/nortvi.com\\\/fr\\\/\",\"name\":\"NORTVI\",\"description\":\"Sustainable travel gear\",\"publisher\":{\"@id\":\"https:\\\/\\\/nortvi.com\\\/fr\\\/#organization\"},\"potentialAction\":[{\"@type\":\"SearchAction\",\"target\":{\"@type\":\"EntryPoint\",\"urlTemplate\":\"https:\\\/\\\/nortvi.com\\\/fr\\\/?s={search_term_string}\"},\"query-input\":{\"@type\":\"PropertyValueSpecification\",\"valueRequired\":true,\"valueName\":\"search_term_string\"}}],\"inLanguage\":\"fr-FR\"},{\"@type\":\"Organization\",\"@id\":\"https:\\\/\\\/nortvi.com\\\/fr\\\/#organization\",\"name\":\"NORTVI\",\"url\":\"https:\\\/\\\/nortvi.com\\\/fr\\\/\",\"logo\":{\"@type\":\"ImageObject\",\"inLanguage\":\"fr-FR\",\"@id\":\"https:\\\/\\\/nortvi.com\\\/fr\\\/#\\\/schema\\\/logo\\\/image\\\/\",\"url\":\"https:\\\/\\\/nortvi.com\\\/wp-content\\\/uploads\\\/2023\\\/09\\\/cropped-logo-footer.png\",\"contentUrl\":\"https:\\\/\\\/nortvi.com\\\/wp-content\\\/uploads\\\/2023\\\/09\\\/cropped-logo-footer.png\",\"width\":300,\"height\":46,\"caption\":\"NORTVI\"},\"image\":{\"@id\":\"https:\\\/\\\/nortvi.com\\\/fr\\\/#\\\/schema\\\/logo\\\/image\\\/\"},\"sameAs\":[\"https:\\\/\\\/www.instagram.com\\\/nortvi\\\/\"]}]}<\/script>\n<meta property=\"product:price:amount\" content=\"169.00\" \/>\n<meta property=\"product:price:currency\" content=\"EUR\" \/>\n<meta property=\"og:availability\" content=\"instock\" \/>\n<meta property=\"product:availability\" content=\"instock\" \/>\n<meta property=\"product:retailer_item_id\" content=\"8720618379399\" \/>\n<meta property=\"product:condition\" content=\"new\" \/>\n<!-- \/ Yoast SEO Premium plugin. -->","yoast_head_json":{"title":"Large Weekender | Noir | Durable &amp; \u00c9l\u00e9gant","description":"Le Large Weekender de NORTVI en Midnight Black. Con\u00e7u pour \u00eatre durable, imperm\u00e9able et robuste, un compagnon id\u00e9al pour vos voyages d'une semaine.","robots":{"index":"index","follow":"follow","max-snippet":"max-snippet:-1","max-image-preview":"max-image-preview:large","max-video-preview":"max-video-preview:-1"},"canonical":"https:\/\/nortvi.com\/fr\/produit\/large-weekender-midnight-black\/","og_locale":"fr_FR","og_type":"article","og_title":"Large Weekender Midnight Black","og_description":"Le Large Weekender de NORTVI en Midnight Black. Con\u00e7u pour \u00eatre durable, imperm\u00e9able et robuste, un compagnon id\u00e9al pour vos voyages d'une semaine.","og_url":"https:\/\/nortvi.com\/fr\/produit\/large-weekender-midnight-black\/","og_site_name":"NORTVI","article_modified_time":"2023-09-11T18:37:08+00:00","og_image":[{"width":2000,"height":2000,"url":"https:\/\/nortvi.com\/wp-content\/uploads\/2022\/12\/Black_weekender_01_ExtraLarge.jpg","type":"image\/jpeg"}],"twitter_card":"summary_large_image","twitter_misc":{"Prix":"&euro;169.00","Disponibilit\u00e9":"En stock"},"schema":{"@context":"https:\/\/schema.org","@graph":[{"@type":"WebPage","@id":"https:\/\/nortvi.com\/fr\/produit\/large-weekender-midnight-black\/","url":"https:\/\/nortvi.com\/fr\/produit\/large-weekender-midnight-black\/","name":"Large Weekender | Noir | Durable &amp; \u00c9l\u00e9gant","isPartOf":{"@id":"https:\/\/nortvi.com\/fr\/#website"},"primaryImageOfPage":{"@id":"https:\/\/nortvi.com\/fr\/produit\/large-weekender-midnight-black\/#primaryimage"},"image":{"@id":"https:\/\/nortvi.com\/fr\/produit\/large-weekender-midnight-black\/#primaryimage"},"thumbnailUrl":"https:\/\/nortvi.com\/wp-content\/uploads\/2022\/12\/large-weekender-midnight-black-voorkant-1-blur-scaled.jpg","datePublished":"2023-04-14T11:24:47+00:00","dateModified":"2023-09-11T18:37:08+00:00","description":"Le Large Weekender de NORTVI en Midnight Black. Con\u00e7u pour \u00eatre durable, imperm\u00e9able et robuste, un compagnon id\u00e9al pour vos voyages d'une semaine.","breadcrumb":{"@id":"https:\/\/nortvi.com\/fr\/produit\/large-weekender-midnight-black\/#breadcrumb"},"inLanguage":"fr-FR","potentialAction":[{"@type":"ReadAction","target":["https:\/\/nortvi.com\/fr\/produit\/large-weekender-midnight-black\/"]}]},{"@type":"ImageObject","inLanguage":"fr-FR","@id":"https:\/\/nortvi.com\/fr\/produit\/large-weekender-midnight-black\/#primaryimage","url":"https:\/\/nortvi.com\/wp-content\/uploads\/2022\/12\/large-weekender-midnight-black-voorkant-1-blur-scaled.jpg","contentUrl":"https:\/\/nortvi.com\/wp-content\/uploads\/2022\/12\/large-weekender-midnight-black-voorkant-1-blur-scaled.jpg","width":3840,"height":3840},{"@type":"BreadcrumbList","@id":"https:\/\/nortvi.com\/fr\/produit\/large-weekender-midnight-black\/#breadcrumb","itemListElement":[{"@type":"ListItem","position":1,"name":"Home","item":"https:\/\/nortvi.com\/fr\/"},{"@type":"ListItem","position":2,"name":"Shop","item":"https:\/\/nortvi.com\/fr\/shop\/"},{"@type":"ListItem","position":3,"name":"Sacs","item":"https:\/\/nortvi.com\/fr\/sacs\/"},{"@type":"ListItem","position":4,"name":"Large Weekender","item":"https:\/\/nortvi.com\/fr\/sacs\/large-weekender-fr\/"},{"@type":"ListItem","position":5,"name":"Large Weekender Midnight Black"}]},{"@type":"WebSite","@id":"https:\/\/nortvi.com\/fr\/#website","url":"https:\/\/nortvi.com\/fr\/","name":"NORTVI","description":"Sustainable travel gear","publisher":{"@id":"https:\/\/nortvi.com\/fr\/#organization"},"potentialAction":[{"@type":"SearchAction","target":{"@type":"EntryPoint","urlTemplate":"https:\/\/nortvi.com\/fr\/?s={search_term_string}"},"query-input":{"@type":"PropertyValueSpecification","valueRequired":true,"valueName":"search_term_string"}}],"inLanguage":"fr-FR"},{"@type":"Organization","@id":"https:\/\/nortvi.com\/fr\/#organization","name":"NORTVI","url":"https:\/\/nortvi.com\/fr\/","logo":{"@type":"ImageObject","inLanguage":"fr-FR","@id":"https:\/\/nortvi.com\/fr\/#\/schema\/logo\/image\/","url":"https:\/\/nortvi.com\/wp-content\/uploads\/2023\/09\/cropped-logo-footer.png","contentUrl":"https:\/\/nortvi.com\/wp-content\/uploads\/2023\/09\/cropped-logo-footer.png","width":300,"height":46,"caption":"NORTVI"},"image":{"@id":"https:\/\/nortvi.com\/fr\/#\/schema\/logo\/image\/"},"sameAs":["https:\/\/www.instagram.com\/nortvi\/"]}]},"product_price_amount":"169.00","product_price_currency":"EUR","og_availability":"instock","product_availability":"instock","product_retailer_item_id":"8720618379399","product_condition":"new"},"_links":{"self":[{"href":"https:\/\/nortvi.com\/fr\/wp-json\/wp\/v2\/product\/258256","targetHints":{"allow":["GET"]}}],"collection":[{"href":"https:\/\/nortvi.com\/fr\/wp-json\/wp\/v2\/product"}],"about":[{"href":"https:\/\/nortvi.com\/fr\/wp-json\/wp\/v2\/types\/product"}],"version-history":[{"count":0,"href":"https:\/\/nortvi.com\/fr\/wp-json\/wp\/v2\/product\/258256\/revisions"}],"wp:featuredmedia":[{"embeddable":true,"href":"https:\/\/nortvi.com\/fr\/wp-json\/wp\/v2\/media\/345651"}],"wp:attachment":[{"href":"https:\/\/nortvi.com\/fr\/wp-json\/wp\/v2\/media?parent=258256"}],"wp:term":[{"taxonomy":"product_brand","embeddable":true,"href":"https:\/\/nortvi.com\/fr\/wp-json\/wp\/v2\/product_brand?post=258256"},{"taxonomy":"product_cat","embeddable":true,"href":"https:\/\/nortvi.com\/fr\/wp-json\/wp\/v2\/product_cat?post=258256"},{"taxonomy":"product_tag","embeddable":true,"href":"https:\/\/nortvi.com\/fr\/wp-json\/wp\/v2\/product_tag?post=258256"}],"curies":[{"name":"wp","href":"https:\/\/api.w.org\/{rel}","templated":true}]}}