{"id":258241,"date":"2023-01-11T17:09:01","date_gmt":"2023-04-14T09:36:58","guid":{"rendered":"https:\/\/nortvi-prod.wdc.app\/product\/the-full-set\/"},"modified":"2025-05-29T23:34:49","modified_gmt":"2025-05-29T21:34:49","slug":"set-3-valises","status":"publish","type":"product","link":"https:\/\/nortvi.com\/fr\/produit\/set-3-valises\/","title":{"rendered":"Ensemble 3 pi\u00e8ces"},"content":{"rendered":"<p>D\u00e9couvrez le set complet compos\u00e9 de nos valises bagage cabine, Check-In M et Check-In L. Un seul et m\u00eame ensemble. La valise est fabriqu\u00e9e en polycarbonate allemand respectueux de l&#8217;environnement, un mat\u00e9riau l\u00e9ger de qualit\u00e9 a\u00e9rospatiale quasiment incassable. La Front Pocket a une poche frontale int\u00e9gr\u00e9e de fa\u00e7on originale, imperm\u00e9able, qui permet de ranger un ordinateur portable jusqu&#8217;\u00e0 16 pouces, une tablette et des accessoires de voyage, sans devoir ouvrir la valise. Utilisez votre emballage au maximum de son potentiel gr\u00e2ce \u00e0 la capacit\u00e9 impressionnante de nos valises d&#8217;enregistrement &#8211; offrant 77 et 100 litres, elles s&#8217;av\u00e9reront \u00e0 coup s\u00fbr un compagnon inestimable lors de tout voyage prolong\u00e9.<\/p>\n\n\n<p><\/p>\n","protected":false},"excerpt":{"rendered":"<p>D\u00e9couvrez le set complet compos\u00e9 de nos valises bagage cabine, Check-In M et Check-In L. Un seul et m\u00eame ensemble. La valise est fabriqu\u00e9e en polycarbonate allemand respectueux de l&#8217;environnement, un mat\u00e9riau l\u00e9ger de qualit\u00e9 a\u00e9rospatiale quasiment incassable. La Front Pocket a une poche frontale int\u00e9gr\u00e9e de fa\u00e7on originale, imperm\u00e9able, qui permet de ranger un ordinateur portable jusqu&#8217;\u00e0 16 pouces, une tablette et des accessoires de voyage, sans devoir ouvrir la valise. Utilisez votre emballage au maximum de son potentiel gr\u00e2ce \u00e0 la capacit\u00e9 impressionnante de nos valises d&#8217;enregistrement &#8211; offrant 77 et 100 litres, elles s&#8217;av\u00e9reront \u00e0 coup s\u00fbr un compagnon inestimable lors de tout voyage prolong\u00e9.<\/p>\n","protected":false},"featured_media":293500,"template":"","meta":{"_acf_changed":false,"footnotes":""},"product_brand":[],"product_cat":[269],"product_tag":[],"class_list":{"0":"post-258241","1":"product","2":"type-product","3":"status-publish","4":"has-post-thumbnail","6":"product_cat-set-de-valises","8":"first","9":"instock","10":"virtual","11":"taxable","12":"purchasable","13":"product-type-composite"},"composite_virtual":false,"composite_layout":"single","composite_add_to_cart_form_location":"default","composite_editable_in_cart":false,"composite_sold_individually_context":"product","composite_shop_price_calc":"hidden","composite_components":[{"id":"1646909241","title":"Cabin Luggage","description":"","query_type":"category_ids","query_ids":[255,254,253,256],"default_option_id":258274,"thumbnail_id":"","thumbnail_src":"","quantity_min":1,"quantity_max":1,"priced_individually":true,"shipped_individually":true,"optional":false,"discount":25,"options_style":"thumbnails","pagination_style":"classic","display_prices":"relative","show_sorting_options":false,"show_filtering_options":false,"attribute_filter_ids":[6],"select_action":"view","product_title_visible":true,"product_descr_visible":false,"product_price_visible":true,"product_thumb_visible":true,"subtotal_visible_product":true,"subtotal_visible_cart":true,"subtotal_visible_orders":true},{"id":"1646909242","title":"Check-in M","description":"","query_type":"category_ids","query_ids":[255,254,253,256],"default_option_id":258283,"thumbnail_id":"","thumbnail_src":"","quantity_min":1,"quantity_max":1,"priced_individually":true,"shipped_individually":true,"optional":false,"discount":25,"options_style":"thumbnails","pagination_style":"classic","display_prices":"relative","show_sorting_options":false,"show_filtering_options":false,"attribute_filter_ids":[5],"select_action":"view","product_title_visible":true,"product_descr_visible":false,"product_price_visible":true,"product_thumb_visible":true,"subtotal_visible_product":true,"subtotal_visible_cart":true,"subtotal_visible_orders":true},{"id":"1678805059","title":"Check-in L","description":"","query_type":"category_ids","query_ids":[255,254,253,256],"default_option_id":258265,"thumbnail_id":"","thumbnail_src":"","quantity_min":1,"quantity_max":1,"priced_individually":true,"shipped_individually":true,"optional":false,"discount":25,"options_style":"thumbnails","pagination_style":"classic","display_prices":"relative","show_sorting_options":false,"show_filtering_options":false,"attribute_filter_ids":[],"select_action":"view","product_title_visible":true,"product_descr_visible":false,"product_price_visible":true,"product_thumb_visible":true,"subtotal_visible_product":true,"subtotal_visible_cart":true,"subtotal_visible_orders":true}],"composite_scenarios":[],"acf":[],"yoast_head":"<!-- This site is optimized with the Yoast SEO Premium plugin v27.1 (Yoast SEO v27.3) - https:\/\/yoast.com\/product\/yoast-seo-premium-wordpress\/ -->\n<title>NORTVI | Ensemble de bagages | Poche avant | Haut de gamme et durable<\/title>\n<meta name=\"description\" content=\"D\u00e9couvrez les ensembles de bagages durables de NORTVI. Un design unique et fabriqu\u00e9 avec des mat\u00e9riaux haut de gamme. Garantie \u00e0 vie et livraison gratuite.\" \/>\n<meta name=\"robots\" content=\"index, follow, max-snippet:-1, max-image-preview:large, max-video-preview:-1\" \/>\n<link rel=\"canonical\" href=\"https:\/\/nortvi.com\/fr\/produit\/set-3-valises\/\" \/>\n<meta property=\"og:locale\" content=\"fr_FR\" \/>\n<meta property=\"og:type\" content=\"article\" \/>\n<meta property=\"og:title\" content=\"Ensemble 3 pi\u00e8ces\" \/>\n<meta property=\"og:description\" content=\"D\u00e9couvrez les ensembles de bagages durables de NORTVI. Un design unique et fabriqu\u00e9 avec des mat\u00e9riaux haut de gamme. Garantie \u00e0 vie et livraison gratuite.\" \/>\n<meta property=\"og:url\" content=\"https:\/\/nortvi.com\/fr\/produit\/set-3-valises\/\" \/>\n<meta property=\"og:site_name\" content=\"NORTVI\" \/>\n<meta property=\"article:modified_time\" content=\"2025-05-29T21:34:49+00:00\" \/>\n<meta property=\"og:image\" content=\"https:\/\/nortvi.com\/wp-content\/uploads\/2023\/01\/Set-L-combined-new-1.jpg\" \/>\n\t<meta property=\"og:image:width\" content=\"2000\" \/>\n\t<meta property=\"og:image:height\" content=\"2000\" \/>\n\t<meta property=\"og:image:type\" content=\"image\/jpeg\" \/>\n<meta name=\"twitter:card\" content=\"summary_large_image\" \/>\n<meta name=\"twitter:label1\" content=\"Prix\" \/>\n\t<meta name=\"twitter:data1\" content=\"&euro;0.00\" \/>\n\t<meta name=\"twitter:label2\" content=\"Disponibilit\u00e9\" \/>\n\t<meta name=\"twitter:data2\" content=\"En stock\" \/>\n<script type=\"application\/ld+json\" class=\"yoast-schema-graph\">{\"@context\":\"https:\\\/\\\/schema.org\",\"@graph\":[{\"@type\":\"WebPage\",\"@id\":\"https:\\\/\\\/nortvi.com\\\/fr\\\/produit\\\/set-3-valises\\\/\",\"url\":\"https:\\\/\\\/nortvi.com\\\/fr\\\/produit\\\/set-3-valises\\\/\",\"name\":\"NORTVI | Ensemble de bagages | Poche avant | Haut de gamme et durable\",\"isPartOf\":{\"@id\":\"https:\\\/\\\/nortvi.com\\\/fr\\\/#website\"},\"primaryImageOfPage\":{\"@id\":\"https:\\\/\\\/nortvi.com\\\/fr\\\/produit\\\/set-3-valises\\\/#primaryimage\"},\"image\":{\"@id\":\"https:\\\/\\\/nortvi.com\\\/fr\\\/produit\\\/set-3-valises\\\/#primaryimage\"},\"thumbnailUrl\":\"https:\\\/\\\/nortvi.com\\\/wp-content\\\/uploads\\\/2023\\\/01\\\/Set-L-combined-new-1.jpg\",\"datePublished\":\"2023-04-14T09:36:58+00:00\",\"dateModified\":\"2025-05-29T21:34:49+00:00\",\"description\":\"D\u00e9couvrez les ensembles de bagages durables de NORTVI. Un design unique et fabriqu\u00e9 avec des mat\u00e9riaux haut de gamme. Garantie \u00e0 vie et livraison gratuite.\",\"breadcrumb\":{\"@id\":\"https:\\\/\\\/nortvi.com\\\/fr\\\/produit\\\/set-3-valises\\\/#breadcrumb\"},\"inLanguage\":\"fr-FR\",\"potentialAction\":[{\"@type\":\"ReadAction\",\"target\":[\"https:\\\/\\\/nortvi.com\\\/fr\\\/produit\\\/set-3-valises\\\/\"]}]},{\"@type\":\"ImageObject\",\"inLanguage\":\"fr-FR\",\"@id\":\"https:\\\/\\\/nortvi.com\\\/fr\\\/produit\\\/set-3-valises\\\/#primaryimage\",\"url\":\"https:\\\/\\\/nortvi.com\\\/wp-content\\\/uploads\\\/2023\\\/01\\\/Set-L-combined-new-1.jpg\",\"contentUrl\":\"https:\\\/\\\/nortvi.com\\\/wp-content\\\/uploads\\\/2023\\\/01\\\/Set-L-combined-new-1.jpg\",\"width\":2000,\"height\":2000},{\"@type\":\"BreadcrumbList\",\"@id\":\"https:\\\/\\\/nortvi.com\\\/fr\\\/produit\\\/set-3-valises\\\/#breadcrumb\",\"itemListElement\":[{\"@type\":\"ListItem\",\"position\":1,\"name\":\"Home\",\"item\":\"https:\\\/\\\/nortvi.com\\\/fr\\\/\"},{\"@type\":\"ListItem\",\"position\":2,\"name\":\"Shop\",\"item\":\"https:\\\/\\\/nortvi.com\\\/fr\\\/shop\\\/\"},{\"@type\":\"ListItem\",\"position\":3,\"name\":\"Sets de Valises\",\"item\":\"https:\\\/\\\/nortvi.com\\\/fr\\\/set-de-valises\\\/\"},{\"@type\":\"ListItem\",\"position\":4,\"name\":\"Ensemble 3 pi\u00e8ces\"}]},{\"@type\":\"WebSite\",\"@id\":\"https:\\\/\\\/nortvi.com\\\/fr\\\/#website\",\"url\":\"https:\\\/\\\/nortvi.com\\\/fr\\\/\",\"name\":\"NORTVI\",\"description\":\"Sustainable travel gear\",\"publisher\":{\"@id\":\"https:\\\/\\\/nortvi.com\\\/fr\\\/#organization\"},\"potentialAction\":[{\"@type\":\"SearchAction\",\"target\":{\"@type\":\"EntryPoint\",\"urlTemplate\":\"https:\\\/\\\/nortvi.com\\\/fr\\\/?s={search_term_string}\"},\"query-input\":{\"@type\":\"PropertyValueSpecification\",\"valueRequired\":true,\"valueName\":\"search_term_string\"}}],\"inLanguage\":\"fr-FR\"},{\"@type\":\"Organization\",\"@id\":\"https:\\\/\\\/nortvi.com\\\/fr\\\/#organization\",\"name\":\"NORTVI\",\"url\":\"https:\\\/\\\/nortvi.com\\\/fr\\\/\",\"logo\":{\"@type\":\"ImageObject\",\"inLanguage\":\"fr-FR\",\"@id\":\"https:\\\/\\\/nortvi.com\\\/fr\\\/#\\\/schema\\\/logo\\\/image\\\/\",\"url\":\"https:\\\/\\\/nortvi.com\\\/wp-content\\\/uploads\\\/2023\\\/09\\\/cropped-logo-footer.png\",\"contentUrl\":\"https:\\\/\\\/nortvi.com\\\/wp-content\\\/uploads\\\/2023\\\/09\\\/cropped-logo-footer.png\",\"width\":300,\"height\":46,\"caption\":\"NORTVI\"},\"image\":{\"@id\":\"https:\\\/\\\/nortvi.com\\\/fr\\\/#\\\/schema\\\/logo\\\/image\\\/\"},\"sameAs\":[\"https:\\\/\\\/www.instagram.com\\\/nortvi\\\/\"]}]}<\/script>\n<meta property=\"product:price:amount\" content=\"0.00\" \/>\n<meta property=\"product:price:currency\" content=\"EUR\" \/>\n<meta property=\"og:availability\" content=\"instock\" \/>\n<meta property=\"product:availability\" content=\"instock\" \/>\n<meta property=\"product:retailer_item_id\" content=\"thefullset\" \/>\n<meta property=\"product:condition\" content=\"new\" \/>\n<!-- \/ Yoast SEO Premium plugin. -->","yoast_head_json":{"title":"NORTVI | Ensemble de bagages | Poche avant | Haut de gamme et durable","description":"D\u00e9couvrez les ensembles de bagages durables de NORTVI. Un design unique et fabriqu\u00e9 avec des mat\u00e9riaux haut de gamme. Garantie \u00e0 vie et livraison gratuite.","robots":{"index":"index","follow":"follow","max-snippet":"max-snippet:-1","max-image-preview":"max-image-preview:large","max-video-preview":"max-video-preview:-1"},"canonical":"https:\/\/nortvi.com\/fr\/produit\/set-3-valises\/","og_locale":"fr_FR","og_type":"article","og_title":"Ensemble 3 pi\u00e8ces","og_description":"D\u00e9couvrez les ensembles de bagages durables de NORTVI. Un design unique et fabriqu\u00e9 avec des mat\u00e9riaux haut de gamme. Garantie \u00e0 vie et livraison gratuite.","og_url":"https:\/\/nortvi.com\/fr\/produit\/set-3-valises\/","og_site_name":"NORTVI","article_modified_time":"2025-05-29T21:34:49+00:00","og_image":[{"width":2000,"height":2000,"url":"https:\/\/nortvi.com\/wp-content\/uploads\/2023\/01\/Set-L-combined-new-1.jpg","type":"image\/jpeg"}],"twitter_card":"summary_large_image","twitter_misc":{"Prix":"&euro;0.00","Disponibilit\u00e9":"En stock"},"schema":{"@context":"https:\/\/schema.org","@graph":[{"@type":"WebPage","@id":"https:\/\/nortvi.com\/fr\/produit\/set-3-valises\/","url":"https:\/\/nortvi.com\/fr\/produit\/set-3-valises\/","name":"NORTVI | Ensemble de bagages | Poche avant | Haut de gamme et durable","isPartOf":{"@id":"https:\/\/nortvi.com\/fr\/#website"},"primaryImageOfPage":{"@id":"https:\/\/nortvi.com\/fr\/produit\/set-3-valises\/#primaryimage"},"image":{"@id":"https:\/\/nortvi.com\/fr\/produit\/set-3-valises\/#primaryimage"},"thumbnailUrl":"https:\/\/nortvi.com\/wp-content\/uploads\/2023\/01\/Set-L-combined-new-1.jpg","datePublished":"2023-04-14T09:36:58+00:00","dateModified":"2025-05-29T21:34:49+00:00","description":"D\u00e9couvrez les ensembles de bagages durables de NORTVI. Un design unique et fabriqu\u00e9 avec des mat\u00e9riaux haut de gamme. Garantie \u00e0 vie et livraison gratuite.","breadcrumb":{"@id":"https:\/\/nortvi.com\/fr\/produit\/set-3-valises\/#breadcrumb"},"inLanguage":"fr-FR","potentialAction":[{"@type":"ReadAction","target":["https:\/\/nortvi.com\/fr\/produit\/set-3-valises\/"]}]},{"@type":"ImageObject","inLanguage":"fr-FR","@id":"https:\/\/nortvi.com\/fr\/produit\/set-3-valises\/#primaryimage","url":"https:\/\/nortvi.com\/wp-content\/uploads\/2023\/01\/Set-L-combined-new-1.jpg","contentUrl":"https:\/\/nortvi.com\/wp-content\/uploads\/2023\/01\/Set-L-combined-new-1.jpg","width":2000,"height":2000},{"@type":"BreadcrumbList","@id":"https:\/\/nortvi.com\/fr\/produit\/set-3-valises\/#breadcrumb","itemListElement":[{"@type":"ListItem","position":1,"name":"Home","item":"https:\/\/nortvi.com\/fr\/"},{"@type":"ListItem","position":2,"name":"Shop","item":"https:\/\/nortvi.com\/fr\/shop\/"},{"@type":"ListItem","position":3,"name":"Sets de Valises","item":"https:\/\/nortvi.com\/fr\/set-de-valises\/"},{"@type":"ListItem","position":4,"name":"Ensemble 3 pi\u00e8ces"}]},{"@type":"WebSite","@id":"https:\/\/nortvi.com\/fr\/#website","url":"https:\/\/nortvi.com\/fr\/","name":"NORTVI","description":"Sustainable travel gear","publisher":{"@id":"https:\/\/nortvi.com\/fr\/#organization"},"potentialAction":[{"@type":"SearchAction","target":{"@type":"EntryPoint","urlTemplate":"https:\/\/nortvi.com\/fr\/?s={search_term_string}"},"query-input":{"@type":"PropertyValueSpecification","valueRequired":true,"valueName":"search_term_string"}}],"inLanguage":"fr-FR"},{"@type":"Organization","@id":"https:\/\/nortvi.com\/fr\/#organization","name":"NORTVI","url":"https:\/\/nortvi.com\/fr\/","logo":{"@type":"ImageObject","inLanguage":"fr-FR","@id":"https:\/\/nortvi.com\/fr\/#\/schema\/logo\/image\/","url":"https:\/\/nortvi.com\/wp-content\/uploads\/2023\/09\/cropped-logo-footer.png","contentUrl":"https:\/\/nortvi.com\/wp-content\/uploads\/2023\/09\/cropped-logo-footer.png","width":300,"height":46,"caption":"NORTVI"},"image":{"@id":"https:\/\/nortvi.com\/fr\/#\/schema\/logo\/image\/"},"sameAs":["https:\/\/www.instagram.com\/nortvi\/"]}]},"product_price_amount":"0.00","product_price_currency":"EUR","og_availability":"instock","product_availability":"instock","product_retailer_item_id":"thefullset","product_condition":"new"},"_links":{"self":[{"href":"https:\/\/nortvi.com\/fr\/wp-json\/wp\/v2\/product\/258241","targetHints":{"allow":["GET"]}}],"collection":[{"href":"https:\/\/nortvi.com\/fr\/wp-json\/wp\/v2\/product"}],"about":[{"href":"https:\/\/nortvi.com\/fr\/wp-json\/wp\/v2\/types\/product"}],"version-history":[{"count":0,"href":"https:\/\/nortvi.com\/fr\/wp-json\/wp\/v2\/product\/258241\/revisions"}],"wp:featuredmedia":[{"embeddable":true,"href":"https:\/\/nortvi.com\/fr\/wp-json\/wp\/v2\/media\/293500"}],"wp:attachment":[{"href":"https:\/\/nortvi.com\/fr\/wp-json\/wp\/v2\/media?parent=258241"}],"wp:term":[{"taxonomy":"product_brand","embeddable":true,"href":"https:\/\/nortvi.com\/fr\/wp-json\/wp\/v2\/product_brand?post=258241"},{"taxonomy":"product_cat","embeddable":true,"href":"https:\/\/nortvi.com\/fr\/wp-json\/wp\/v2\/product_cat?post=258241"},{"taxonomy":"product_tag","embeddable":true,"href":"https:\/\/nortvi.com\/fr\/wp-json\/wp\/v2\/product_tag?post=258241"}],"curies":[{"name":"wp","href":"https:\/\/api.w.org\/{rel}","templated":true}]}}