{"id":258203,"date":"2023-03-06T14:48:04","date_gmt":"2023-04-13T15:29:27","guid":{"rendered":"https:\/\/nortvi-prod.wdc.app\/product\/toiletry-bag-sand-white-2\/"},"modified":"2026-02-17T09:39:16","modified_gmt":"2026-02-17T08:39:16","slug":"toiletry-bag-sand-white","status":"publish","type":"product","link":"https:\/\/nortvi.com\/fr\/produit\/toiletry-bag-sand-white\/","title":{"rendered":"Toiletry Bag Sand White"},"content":{"rendered":"<p>La trousse de toilette Nortvi est un mariage parfait entre design et fonctionnalit\u00e9. Fabriqu\u00e9e \u00e0 partir de mat\u00e9riaux v\u00e9gans et recycl\u00e9s de premi\u00e8re qualit\u00e9, cette trousse \u00e0 la fois \u00e9l\u00e9gante et \u00e9thique constitue le choix id\u00e9al pour les voyageurs parfaitement \u00e0 la page. Gr\u00e2ce \u00e0 la robustesse de sa fabrication, vous \u00eates certain que tous vos articles restent en s\u00e9curit\u00e9, m\u00eame lors des voyages les plus inconfortables. Sa confection tr\u00e8s recherch\u00e9e est encore accentu\u00e9e par une finition mate de qualit\u00e9 sup\u00e9rieure, qui ajoute une touche de luxe \u00e0 vos voyages.   <\/p>\n","protected":false},"excerpt":{"rendered":"<p>La trousse de toilette Nortvi est un mariage parfait entre design et fonctionnalit\u00e9. Fabriqu\u00e9e \u00e0 partir de mat\u00e9riaux v\u00e9gans et recycl\u00e9s de premi\u00e8re qualit\u00e9, cette trousse \u00e0 la fois \u00e9l\u00e9gante et \u00e9thique constitue le choix id\u00e9al pour les voyageurs parfaitement \u00e0 la page. Gr\u00e2ce \u00e0 la robustesse de sa fabrication, vous \u00eates certain que tous vos articles restent en s\u00e9curit\u00e9, m\u00eame lors des voyages les plus inconfortables. Sa confection tr\u00e8s recherch\u00e9e est encore accentu\u00e9e par une finition mate de qualit\u00e9 sup\u00e9rieure, qui ajoute une touche de luxe \u00e0 vos voyages.   <\/p>\n","protected":false},"featured_media":295362,"template":"","meta":{"_acf_changed":false,"footnotes":""},"product_brand":[],"product_cat":[273],"product_tag":[],"class_list":{"0":"post-258203","1":"product","2":"type-product","3":"status-publish","4":"has-post-thumbnail","6":"product_cat-trousse-de-toilette","8":"first","9":"instock","10":"taxable","11":"shipping-taxable","12":"purchasable","13":"product-type-simple"},"composite_virtual":false,"composite_layout":"","composite_add_to_cart_form_location":"","composite_editable_in_cart":false,"composite_sold_individually_context":"","composite_shop_price_calc":"","composite_components":[],"composite_scenarios":[],"acf":[],"yoast_head":"<!-- This site is optimized with the Yoast SEO Premium plugin v27.1 (Yoast SEO v27.3) - https:\/\/yoast.com\/product\/yoast-seo-premium-wordpress\/ -->\n<title>Trousse de toilette | Sand White | Durable &amp; \u00c9l\u00e9gant<\/title>\n<meta name=\"description\" content=\"Cette trousse de toilette en Sand White est en mat\u00e9riaux durables de qualit\u00e9 sup\u00e9rieure, id\u00e9ale pour les voyageurs de haute couture.\" \/>\n<meta name=\"robots\" content=\"index, follow, max-snippet:-1, max-image-preview:large, max-video-preview:-1\" \/>\n<link rel=\"canonical\" href=\"https:\/\/nortvi.com\/fr\/produit\/toiletry-bag-sand-white\/\" \/>\n<meta property=\"og:locale\" content=\"fr_FR\" \/>\n<meta property=\"og:type\" content=\"article\" \/>\n<meta property=\"og:title\" content=\"Toiletry Bag Sand White\" \/>\n<meta property=\"og:description\" content=\"Cette trousse de toilette en Sand White est en mat\u00e9riaux durables de qualit\u00e9 sup\u00e9rieure, id\u00e9ale pour les voyageurs de haute couture.\" \/>\n<meta property=\"og:url\" content=\"https:\/\/nortvi.com\/fr\/produit\/toiletry-bag-sand-white\/\" \/>\n<meta property=\"og:site_name\" content=\"NORTVI\" \/>\n<meta property=\"article:modified_time\" content=\"2026-02-17T08:39:16+00:00\" \/>\n<meta property=\"og:image\" content=\"https:\/\/nortvi.com\/wp-content\/uploads\/2023\/03\/Toiletery_SandWhite_0043-1.jpg\" \/>\n\t<meta property=\"og:image:width\" content=\"2000\" \/>\n\t<meta property=\"og:image:height\" content=\"2000\" \/>\n\t<meta property=\"og:image:type\" content=\"image\/jpeg\" \/>\n<meta name=\"twitter:card\" content=\"summary_large_image\" \/>\n<meta name=\"twitter:label1\" content=\"Prix\" \/>\n\t<meta name=\"twitter:data1\" content=\"&euro;49.00\" \/>\n\t<meta name=\"twitter:label2\" content=\"Disponibilit\u00e9\" \/>\n\t<meta name=\"twitter:data2\" content=\"En stock\" \/>\n<script type=\"application\/ld+json\" class=\"yoast-schema-graph\">{\"@context\":\"https:\\\/\\\/schema.org\",\"@graph\":[{\"@type\":\"WebPage\",\"@id\":\"https:\\\/\\\/nortvi.com\\\/fr\\\/produit\\\/toiletry-bag-sand-white\\\/\",\"url\":\"https:\\\/\\\/nortvi.com\\\/fr\\\/produit\\\/toiletry-bag-sand-white\\\/\",\"name\":\"Trousse de toilette | Sand White | Durable & \u00c9l\u00e9gant\",\"isPartOf\":{\"@id\":\"https:\\\/\\\/nortvi.com\\\/fr\\\/#website\"},\"primaryImageOfPage\":{\"@id\":\"https:\\\/\\\/nortvi.com\\\/fr\\\/produit\\\/toiletry-bag-sand-white\\\/#primaryimage\"},\"image\":{\"@id\":\"https:\\\/\\\/nortvi.com\\\/fr\\\/produit\\\/toiletry-bag-sand-white\\\/#primaryimage\"},\"thumbnailUrl\":\"https:\\\/\\\/nortvi.com\\\/wp-content\\\/uploads\\\/2023\\\/03\\\/Toiletery_SandWhite_0043-1.jpg\",\"datePublished\":\"2023-04-13T15:29:27+00:00\",\"dateModified\":\"2026-02-17T08:39:16+00:00\",\"description\":\"Cette trousse de toilette en Sand White est en mat\u00e9riaux durables de qualit\u00e9 sup\u00e9rieure, id\u00e9ale pour les voyageurs de haute couture.\",\"breadcrumb\":{\"@id\":\"https:\\\/\\\/nortvi.com\\\/fr\\\/produit\\\/toiletry-bag-sand-white\\\/#breadcrumb\"},\"inLanguage\":\"fr-FR\",\"potentialAction\":[{\"@type\":\"ReadAction\",\"target\":[\"https:\\\/\\\/nortvi.com\\\/fr\\\/produit\\\/toiletry-bag-sand-white\\\/\"]}]},{\"@type\":\"ImageObject\",\"inLanguage\":\"fr-FR\",\"@id\":\"https:\\\/\\\/nortvi.com\\\/fr\\\/produit\\\/toiletry-bag-sand-white\\\/#primaryimage\",\"url\":\"https:\\\/\\\/nortvi.com\\\/wp-content\\\/uploads\\\/2023\\\/03\\\/Toiletery_SandWhite_0043-1.jpg\",\"contentUrl\":\"https:\\\/\\\/nortvi.com\\\/wp-content\\\/uploads\\\/2023\\\/03\\\/Toiletery_SandWhite_0043-1.jpg\",\"width\":2000,\"height\":2000},{\"@type\":\"BreadcrumbList\",\"@id\":\"https:\\\/\\\/nortvi.com\\\/fr\\\/produit\\\/toiletry-bag-sand-white\\\/#breadcrumb\",\"itemListElement\":[{\"@type\":\"ListItem\",\"position\":1,\"name\":\"Home\",\"item\":\"https:\\\/\\\/nortvi.com\\\/fr\\\/\"},{\"@type\":\"ListItem\",\"position\":2,\"name\":\"Shop\",\"item\":\"https:\\\/\\\/nortvi.com\\\/fr\\\/shop\\\/\"},{\"@type\":\"ListItem\",\"position\":3,\"name\":\"Accessories\",\"item\":\"https:\\\/\\\/nortvi.com\\\/fr\\\/accessories\\\/\"},{\"@type\":\"ListItem\",\"position\":4,\"name\":\"Trousses de toilette\",\"item\":\"https:\\\/\\\/nortvi.com\\\/fr\\\/accessories\\\/trousse-de-toilette\\\/\"},{\"@type\":\"ListItem\",\"position\":5,\"name\":\"Toiletry Bag Sand White\"}]},{\"@type\":\"WebSite\",\"@id\":\"https:\\\/\\\/nortvi.com\\\/fr\\\/#website\",\"url\":\"https:\\\/\\\/nortvi.com\\\/fr\\\/\",\"name\":\"NORTVI\",\"description\":\"Sustainable travel gear\",\"publisher\":{\"@id\":\"https:\\\/\\\/nortvi.com\\\/fr\\\/#organization\"},\"potentialAction\":[{\"@type\":\"SearchAction\",\"target\":{\"@type\":\"EntryPoint\",\"urlTemplate\":\"https:\\\/\\\/nortvi.com\\\/fr\\\/?s={search_term_string}\"},\"query-input\":{\"@type\":\"PropertyValueSpecification\",\"valueRequired\":true,\"valueName\":\"search_term_string\"}}],\"inLanguage\":\"fr-FR\"},{\"@type\":\"Organization\",\"@id\":\"https:\\\/\\\/nortvi.com\\\/fr\\\/#organization\",\"name\":\"NORTVI\",\"url\":\"https:\\\/\\\/nortvi.com\\\/fr\\\/\",\"logo\":{\"@type\":\"ImageObject\",\"inLanguage\":\"fr-FR\",\"@id\":\"https:\\\/\\\/nortvi.com\\\/fr\\\/#\\\/schema\\\/logo\\\/image\\\/\",\"url\":\"https:\\\/\\\/nortvi.com\\\/wp-content\\\/uploads\\\/2023\\\/09\\\/cropped-logo-footer.png\",\"contentUrl\":\"https:\\\/\\\/nortvi.com\\\/wp-content\\\/uploads\\\/2023\\\/09\\\/cropped-logo-footer.png\",\"width\":300,\"height\":46,\"caption\":\"NORTVI\"},\"image\":{\"@id\":\"https:\\\/\\\/nortvi.com\\\/fr\\\/#\\\/schema\\\/logo\\\/image\\\/\"},\"sameAs\":[\"https:\\\/\\\/www.instagram.com\\\/nortvi\\\/\"]}]}<\/script>\n<meta property=\"product:price:amount\" content=\"49.00\" \/>\n<meta property=\"product:price:currency\" content=\"EUR\" \/>\n<meta property=\"og:availability\" content=\"instock\" \/>\n<meta property=\"product:availability\" content=\"instock\" \/>\n<meta property=\"product:retailer_item_id\" content=\"8720618379450\" \/>\n<meta property=\"product:condition\" content=\"new\" \/>\n<!-- \/ Yoast SEO Premium plugin. -->","yoast_head_json":{"title":"Trousse de toilette | Sand White | Durable & \u00c9l\u00e9gant","description":"Cette trousse de toilette en Sand White est en mat\u00e9riaux durables de qualit\u00e9 sup\u00e9rieure, id\u00e9ale pour les voyageurs de haute couture.","robots":{"index":"index","follow":"follow","max-snippet":"max-snippet:-1","max-image-preview":"max-image-preview:large","max-video-preview":"max-video-preview:-1"},"canonical":"https:\/\/nortvi.com\/fr\/produit\/toiletry-bag-sand-white\/","og_locale":"fr_FR","og_type":"article","og_title":"Toiletry Bag Sand White","og_description":"Cette trousse de toilette en Sand White est en mat\u00e9riaux durables de qualit\u00e9 sup\u00e9rieure, id\u00e9ale pour les voyageurs de haute couture.","og_url":"https:\/\/nortvi.com\/fr\/produit\/toiletry-bag-sand-white\/","og_site_name":"NORTVI","article_modified_time":"2026-02-17T08:39:16+00:00","og_image":[{"width":2000,"height":2000,"url":"https:\/\/nortvi.com\/wp-content\/uploads\/2023\/03\/Toiletery_SandWhite_0043-1.jpg","type":"image\/jpeg"}],"twitter_card":"summary_large_image","twitter_misc":{"Prix":"&euro;49.00","Disponibilit\u00e9":"En stock"},"schema":{"@context":"https:\/\/schema.org","@graph":[{"@type":"WebPage","@id":"https:\/\/nortvi.com\/fr\/produit\/toiletry-bag-sand-white\/","url":"https:\/\/nortvi.com\/fr\/produit\/toiletry-bag-sand-white\/","name":"Trousse de toilette | Sand White | Durable & \u00c9l\u00e9gant","isPartOf":{"@id":"https:\/\/nortvi.com\/fr\/#website"},"primaryImageOfPage":{"@id":"https:\/\/nortvi.com\/fr\/produit\/toiletry-bag-sand-white\/#primaryimage"},"image":{"@id":"https:\/\/nortvi.com\/fr\/produit\/toiletry-bag-sand-white\/#primaryimage"},"thumbnailUrl":"https:\/\/nortvi.com\/wp-content\/uploads\/2023\/03\/Toiletery_SandWhite_0043-1.jpg","datePublished":"2023-04-13T15:29:27+00:00","dateModified":"2026-02-17T08:39:16+00:00","description":"Cette trousse de toilette en Sand White est en mat\u00e9riaux durables de qualit\u00e9 sup\u00e9rieure, id\u00e9ale pour les voyageurs de haute couture.","breadcrumb":{"@id":"https:\/\/nortvi.com\/fr\/produit\/toiletry-bag-sand-white\/#breadcrumb"},"inLanguage":"fr-FR","potentialAction":[{"@type":"ReadAction","target":["https:\/\/nortvi.com\/fr\/produit\/toiletry-bag-sand-white\/"]}]},{"@type":"ImageObject","inLanguage":"fr-FR","@id":"https:\/\/nortvi.com\/fr\/produit\/toiletry-bag-sand-white\/#primaryimage","url":"https:\/\/nortvi.com\/wp-content\/uploads\/2023\/03\/Toiletery_SandWhite_0043-1.jpg","contentUrl":"https:\/\/nortvi.com\/wp-content\/uploads\/2023\/03\/Toiletery_SandWhite_0043-1.jpg","width":2000,"height":2000},{"@type":"BreadcrumbList","@id":"https:\/\/nortvi.com\/fr\/produit\/toiletry-bag-sand-white\/#breadcrumb","itemListElement":[{"@type":"ListItem","position":1,"name":"Home","item":"https:\/\/nortvi.com\/fr\/"},{"@type":"ListItem","position":2,"name":"Shop","item":"https:\/\/nortvi.com\/fr\/shop\/"},{"@type":"ListItem","position":3,"name":"Accessories","item":"https:\/\/nortvi.com\/fr\/accessories\/"},{"@type":"ListItem","position":4,"name":"Trousses de toilette","item":"https:\/\/nortvi.com\/fr\/accessories\/trousse-de-toilette\/"},{"@type":"ListItem","position":5,"name":"Toiletry Bag Sand White"}]},{"@type":"WebSite","@id":"https:\/\/nortvi.com\/fr\/#website","url":"https:\/\/nortvi.com\/fr\/","name":"NORTVI","description":"Sustainable travel gear","publisher":{"@id":"https:\/\/nortvi.com\/fr\/#organization"},"potentialAction":[{"@type":"SearchAction","target":{"@type":"EntryPoint","urlTemplate":"https:\/\/nortvi.com\/fr\/?s={search_term_string}"},"query-input":{"@type":"PropertyValueSpecification","valueRequired":true,"valueName":"search_term_string"}}],"inLanguage":"fr-FR"},{"@type":"Organization","@id":"https:\/\/nortvi.com\/fr\/#organization","name":"NORTVI","url":"https:\/\/nortvi.com\/fr\/","logo":{"@type":"ImageObject","inLanguage":"fr-FR","@id":"https:\/\/nortvi.com\/fr\/#\/schema\/logo\/image\/","url":"https:\/\/nortvi.com\/wp-content\/uploads\/2023\/09\/cropped-logo-footer.png","contentUrl":"https:\/\/nortvi.com\/wp-content\/uploads\/2023\/09\/cropped-logo-footer.png","width":300,"height":46,"caption":"NORTVI"},"image":{"@id":"https:\/\/nortvi.com\/fr\/#\/schema\/logo\/image\/"},"sameAs":["https:\/\/www.instagram.com\/nortvi\/"]}]},"product_price_amount":"49.00","product_price_currency":"EUR","og_availability":"instock","product_availability":"instock","product_retailer_item_id":"8720618379450","product_condition":"new"},"_links":{"self":[{"href":"https:\/\/nortvi.com\/fr\/wp-json\/wp\/v2\/product\/258203","targetHints":{"allow":["GET"]}}],"collection":[{"href":"https:\/\/nortvi.com\/fr\/wp-json\/wp\/v2\/product"}],"about":[{"href":"https:\/\/nortvi.com\/fr\/wp-json\/wp\/v2\/types\/product"}],"version-history":[{"count":0,"href":"https:\/\/nortvi.com\/fr\/wp-json\/wp\/v2\/product\/258203\/revisions"}],"wp:featuredmedia":[{"embeddable":true,"href":"https:\/\/nortvi.com\/fr\/wp-json\/wp\/v2\/media\/295362"}],"wp:attachment":[{"href":"https:\/\/nortvi.com\/fr\/wp-json\/wp\/v2\/media?parent=258203"}],"wp:term":[{"taxonomy":"product_brand","embeddable":true,"href":"https:\/\/nortvi.com\/fr\/wp-json\/wp\/v2\/product_brand?post=258203"},{"taxonomy":"product_cat","embeddable":true,"href":"https:\/\/nortvi.com\/fr\/wp-json\/wp\/v2\/product_cat?post=258203"},{"taxonomy":"product_tag","embeddable":true,"href":"https:\/\/nortvi.com\/fr\/wp-json\/wp\/v2\/product_tag?post=258203"}],"curies":[{"name":"wp","href":"https:\/\/api.w.org\/{rel}","templated":true}]}}