{"id":258192,"date":"2021-10-28T13:13:57","date_gmt":"2023-04-13T15:11:44","guid":{"rendered":"https:\/\/nortvi-prod.wdc.app\/product\/dans-le-sud-gris\/"},"modified":"2024-02-15T11:25:04","modified_gmt":"2024-02-15T10:25:04","slug":"dans-le-sud-grey","status":"publish","type":"product","link":"https:\/\/nortvi.com\/fr\/produit\/dans-le-sud-grey\/","title":{"rendered":"Dans le Sud Gris"},"content":{"rendered":"<p>Le pull original gris Dans le Sud de NORTVI. Nos pulls unisexes sont con\u00e7us pour un usage quotidien totalement confortable. Disponible en taille normale et surdimensionn\u00e9e, le pull Dans le Sud sera votre tenue de d\u00e9tente ultime. Il s&#8217;adapte \u00e0 toutes les tenues, est extr\u00eamement doux et fabriqu\u00e9 en coton biologique. Ce pull est fait pour vous garder douillettement au chaud et \u00e0 l&#8217;aise en toute saison.<\/p>\n","protected":false},"excerpt":{"rendered":"<p>Le pull original gris Dans le Sud de NORTVI. Nos pulls unisexes sont con\u00e7us pour un usage quotidien totalement confortable. Disponible en taille normale et surdimensionn\u00e9e, le pull Dans le Sud sera votre tenue de d\u00e9tente ultime. Il s&#8217;adapte \u00e0 toutes les tenues, est extr\u00eamement doux et fabriqu\u00e9 en coton biologique. Ce pull est fait pour vous garder douillettement au chaud et \u00e0 l&#8217;aise en toute saison.<\/p>\n","protected":false},"featured_media":250128,"template":"","meta":{"_acf_changed":false,"footnotes":""},"product_brand":[],"product_cat":[272],"product_tag":[],"class_list":{"0":"post-258192","1":"product","2":"type-product","3":"status-publish","4":"has-post-thumbnail","6":"product_cat-pulls","8":"first","9":"instock","10":"taxable","11":"shipping-taxable","12":"purchasable","13":"product-type-variable"},"composite_virtual":false,"composite_layout":"","composite_add_to_cart_form_location":"","composite_editable_in_cart":false,"composite_sold_individually_context":"","composite_shop_price_calc":"","composite_components":[],"composite_scenarios":[],"acf":[],"yoast_head":"<!-- This site is optimized with the Yoast SEO Premium plugin v27.1 (Yoast SEO v27.3) - https:\/\/yoast.com\/product\/yoast-seo-premium-wordpress\/ -->\n<title>Gris Dans le Sud Sweater | Sweaters Premium &amp; Durables<\/title>\n<meta name=\"description\" content=\"Le sweat gris original Dans le Sud. Confortable et adapt\u00e9 \u00e0 toutes les occasions. Fabriqu\u00e9 en coton biologique et approuv\u00e9 par PETA vegan.\" \/>\n<meta name=\"robots\" content=\"index, follow, max-snippet:-1, max-image-preview:large, max-video-preview:-1\" \/>\n<link rel=\"canonical\" href=\"https:\/\/nortvi.com\/fr\/produit\/dans-le-sud-grey\/\" \/>\n<meta property=\"og:locale\" content=\"fr_FR\" \/>\n<meta property=\"og:type\" content=\"article\" \/>\n<meta property=\"og:title\" content=\"Dans le Sud Gris\" \/>\n<meta property=\"og:description\" content=\"Le sweat gris original Dans le Sud. Confortable et adapt\u00e9 \u00e0 toutes les occasions. Fabriqu\u00e9 en coton biologique et approuv\u00e9 par PETA vegan.\" \/>\n<meta property=\"og:url\" content=\"https:\/\/nortvi.com\/fr\/produit\/dans-le-sud-grey\/\" \/>\n<meta property=\"og:site_name\" content=\"NORTVI\" \/>\n<meta property=\"article:modified_time\" content=\"2024-02-15T10:25:04+00:00\" \/>\n<meta property=\"og:image\" content=\"https:\/\/nortvi.com\/wp-content\/uploads\/2021\/10\/Grey-sweater-1.jpg\" \/>\n\t<meta property=\"og:image:width\" content=\"2000\" \/>\n\t<meta property=\"og:image:height\" content=\"2000\" \/>\n\t<meta property=\"og:image:type\" content=\"image\/jpeg\" \/>\n<meta name=\"twitter:card\" content=\"summary_large_image\" \/>\n<meta name=\"twitter:label1\" content=\"Disponibilit\u00e9\" \/>\n\t<meta name=\"twitter:data1\" content=\"En stock\" \/>\n<script type=\"application\/ld+json\" class=\"yoast-schema-graph\">{\"@context\":\"https:\\\/\\\/schema.org\",\"@graph\":[{\"@type\":\"WebPage\",\"@id\":\"https:\\\/\\\/nortvi.com\\\/fr\\\/produit\\\/dans-le-sud-grey\\\/\",\"url\":\"https:\\\/\\\/nortvi.com\\\/fr\\\/produit\\\/dans-le-sud-grey\\\/\",\"name\":\"Gris Dans le Sud Sweater | Sweaters Premium &amp; Durables\",\"isPartOf\":{\"@id\":\"https:\\\/\\\/nortvi.com\\\/fr\\\/#website\"},\"primaryImageOfPage\":{\"@id\":\"https:\\\/\\\/nortvi.com\\\/fr\\\/produit\\\/dans-le-sud-grey\\\/#primaryimage\"},\"image\":{\"@id\":\"https:\\\/\\\/nortvi.com\\\/fr\\\/produit\\\/dans-le-sud-grey\\\/#primaryimage\"},\"thumbnailUrl\":\"https:\\\/\\\/nortvi.com\\\/wp-content\\\/uploads\\\/2021\\\/10\\\/Grey-sweater-1.jpg\",\"datePublished\":\"2023-04-13T15:11:44+00:00\",\"dateModified\":\"2024-02-15T10:25:04+00:00\",\"description\":\"Le sweat gris original Dans le Sud. Confortable et adapt\u00e9 \u00e0 toutes les occasions. Fabriqu\u00e9 en coton biologique et approuv\u00e9 par PETA vegan.\",\"breadcrumb\":{\"@id\":\"https:\\\/\\\/nortvi.com\\\/fr\\\/produit\\\/dans-le-sud-grey\\\/#breadcrumb\"},\"inLanguage\":\"fr-FR\",\"potentialAction\":[{\"@type\":\"ReadAction\",\"target\":[\"https:\\\/\\\/nortvi.com\\\/fr\\\/produit\\\/dans-le-sud-grey\\\/\"]}]},{\"@type\":\"ImageObject\",\"inLanguage\":\"fr-FR\",\"@id\":\"https:\\\/\\\/nortvi.com\\\/fr\\\/produit\\\/dans-le-sud-grey\\\/#primaryimage\",\"url\":\"https:\\\/\\\/nortvi.com\\\/wp-content\\\/uploads\\\/2021\\\/10\\\/Grey-sweater-1.jpg\",\"contentUrl\":\"https:\\\/\\\/nortvi.com\\\/wp-content\\\/uploads\\\/2021\\\/10\\\/Grey-sweater-1.jpg\",\"width\":2000,\"height\":2000},{\"@type\":\"BreadcrumbList\",\"@id\":\"https:\\\/\\\/nortvi.com\\\/fr\\\/produit\\\/dans-le-sud-grey\\\/#breadcrumb\",\"itemListElement\":[{\"@type\":\"ListItem\",\"position\":1,\"name\":\"Home\",\"item\":\"https:\\\/\\\/nortvi.com\\\/fr\\\/\"},{\"@type\":\"ListItem\",\"position\":2,\"name\":\"Shop\",\"item\":\"https:\\\/\\\/nortvi.com\\\/fr\\\/shop\\\/\"},{\"@type\":\"ListItem\",\"position\":3,\"name\":\"Pulls\",\"item\":\"https:\\\/\\\/nortvi.com\\\/fr\\\/pulls\\\/\"},{\"@type\":\"ListItem\",\"position\":4,\"name\":\"Dans le Sud Gris\"}]},{\"@type\":\"WebSite\",\"@id\":\"https:\\\/\\\/nortvi.com\\\/fr\\\/#website\",\"url\":\"https:\\\/\\\/nortvi.com\\\/fr\\\/\",\"name\":\"NORTVI\",\"description\":\"Sustainable travel gear\",\"publisher\":{\"@id\":\"https:\\\/\\\/nortvi.com\\\/fr\\\/#organization\"},\"potentialAction\":[{\"@type\":\"SearchAction\",\"target\":{\"@type\":\"EntryPoint\",\"urlTemplate\":\"https:\\\/\\\/nortvi.com\\\/fr\\\/?s={search_term_string}\"},\"query-input\":{\"@type\":\"PropertyValueSpecification\",\"valueRequired\":true,\"valueName\":\"search_term_string\"}}],\"inLanguage\":\"fr-FR\"},{\"@type\":\"Organization\",\"@id\":\"https:\\\/\\\/nortvi.com\\\/fr\\\/#organization\",\"name\":\"NORTVI\",\"url\":\"https:\\\/\\\/nortvi.com\\\/fr\\\/\",\"logo\":{\"@type\":\"ImageObject\",\"inLanguage\":\"fr-FR\",\"@id\":\"https:\\\/\\\/nortvi.com\\\/fr\\\/#\\\/schema\\\/logo\\\/image\\\/\",\"url\":\"https:\\\/\\\/nortvi.com\\\/wp-content\\\/uploads\\\/2023\\\/09\\\/cropped-logo-footer.png\",\"contentUrl\":\"https:\\\/\\\/nortvi.com\\\/wp-content\\\/uploads\\\/2023\\\/09\\\/cropped-logo-footer.png\",\"width\":300,\"height\":46,\"caption\":\"NORTVI\"},\"image\":{\"@id\":\"https:\\\/\\\/nortvi.com\\\/fr\\\/#\\\/schema\\\/logo\\\/image\\\/\"},\"sameAs\":[\"https:\\\/\\\/www.instagram.com\\\/nortvi\\\/\"]}]}<\/script>\n<meta property=\"og:availability\" content=\"instock\" \/>\n<meta property=\"product:availability\" content=\"instock\" \/>\n<meta property=\"product:condition\" content=\"new\" \/>\n<!-- \/ Yoast SEO Premium plugin. -->","yoast_head_json":{"title":"Gris Dans le Sud Sweater | Sweaters Premium &amp; Durables","description":"Le sweat gris original Dans le Sud. Confortable et adapt\u00e9 \u00e0 toutes les occasions. Fabriqu\u00e9 en coton biologique et approuv\u00e9 par PETA vegan.","robots":{"index":"index","follow":"follow","max-snippet":"max-snippet:-1","max-image-preview":"max-image-preview:large","max-video-preview":"max-video-preview:-1"},"canonical":"https:\/\/nortvi.com\/fr\/produit\/dans-le-sud-grey\/","og_locale":"fr_FR","og_type":"article","og_title":"Dans le Sud Gris","og_description":"Le sweat gris original Dans le Sud. Confortable et adapt\u00e9 \u00e0 toutes les occasions. Fabriqu\u00e9 en coton biologique et approuv\u00e9 par PETA vegan.","og_url":"https:\/\/nortvi.com\/fr\/produit\/dans-le-sud-grey\/","og_site_name":"NORTVI","article_modified_time":"2024-02-15T10:25:04+00:00","og_image":[{"width":2000,"height":2000,"url":"https:\/\/nortvi.com\/wp-content\/uploads\/2021\/10\/Grey-sweater-1.jpg","type":"image\/jpeg"}],"twitter_card":"summary_large_image","twitter_misc":{"Disponibilit\u00e9":"En stock"},"schema":{"@context":"https:\/\/schema.org","@graph":[{"@type":"WebPage","@id":"https:\/\/nortvi.com\/fr\/produit\/dans-le-sud-grey\/","url":"https:\/\/nortvi.com\/fr\/produit\/dans-le-sud-grey\/","name":"Gris Dans le Sud Sweater | Sweaters Premium &amp; Durables","isPartOf":{"@id":"https:\/\/nortvi.com\/fr\/#website"},"primaryImageOfPage":{"@id":"https:\/\/nortvi.com\/fr\/produit\/dans-le-sud-grey\/#primaryimage"},"image":{"@id":"https:\/\/nortvi.com\/fr\/produit\/dans-le-sud-grey\/#primaryimage"},"thumbnailUrl":"https:\/\/nortvi.com\/wp-content\/uploads\/2021\/10\/Grey-sweater-1.jpg","datePublished":"2023-04-13T15:11:44+00:00","dateModified":"2024-02-15T10:25:04+00:00","description":"Le sweat gris original Dans le Sud. Confortable et adapt\u00e9 \u00e0 toutes les occasions. Fabriqu\u00e9 en coton biologique et approuv\u00e9 par PETA vegan.","breadcrumb":{"@id":"https:\/\/nortvi.com\/fr\/produit\/dans-le-sud-grey\/#breadcrumb"},"inLanguage":"fr-FR","potentialAction":[{"@type":"ReadAction","target":["https:\/\/nortvi.com\/fr\/produit\/dans-le-sud-grey\/"]}]},{"@type":"ImageObject","inLanguage":"fr-FR","@id":"https:\/\/nortvi.com\/fr\/produit\/dans-le-sud-grey\/#primaryimage","url":"https:\/\/nortvi.com\/wp-content\/uploads\/2021\/10\/Grey-sweater-1.jpg","contentUrl":"https:\/\/nortvi.com\/wp-content\/uploads\/2021\/10\/Grey-sweater-1.jpg","width":2000,"height":2000},{"@type":"BreadcrumbList","@id":"https:\/\/nortvi.com\/fr\/produit\/dans-le-sud-grey\/#breadcrumb","itemListElement":[{"@type":"ListItem","position":1,"name":"Home","item":"https:\/\/nortvi.com\/fr\/"},{"@type":"ListItem","position":2,"name":"Shop","item":"https:\/\/nortvi.com\/fr\/shop\/"},{"@type":"ListItem","position":3,"name":"Pulls","item":"https:\/\/nortvi.com\/fr\/pulls\/"},{"@type":"ListItem","position":4,"name":"Dans le Sud Gris"}]},{"@type":"WebSite","@id":"https:\/\/nortvi.com\/fr\/#website","url":"https:\/\/nortvi.com\/fr\/","name":"NORTVI","description":"Sustainable travel gear","publisher":{"@id":"https:\/\/nortvi.com\/fr\/#organization"},"potentialAction":[{"@type":"SearchAction","target":{"@type":"EntryPoint","urlTemplate":"https:\/\/nortvi.com\/fr\/?s={search_term_string}"},"query-input":{"@type":"PropertyValueSpecification","valueRequired":true,"valueName":"search_term_string"}}],"inLanguage":"fr-FR"},{"@type":"Organization","@id":"https:\/\/nortvi.com\/fr\/#organization","name":"NORTVI","url":"https:\/\/nortvi.com\/fr\/","logo":{"@type":"ImageObject","inLanguage":"fr-FR","@id":"https:\/\/nortvi.com\/fr\/#\/schema\/logo\/image\/","url":"https:\/\/nortvi.com\/wp-content\/uploads\/2023\/09\/cropped-logo-footer.png","contentUrl":"https:\/\/nortvi.com\/wp-content\/uploads\/2023\/09\/cropped-logo-footer.png","width":300,"height":46,"caption":"NORTVI"},"image":{"@id":"https:\/\/nortvi.com\/fr\/#\/schema\/logo\/image\/"},"sameAs":["https:\/\/www.instagram.com\/nortvi\/"]}]},"og_availability":"instock","product_availability":"instock","product_condition":"new"},"_links":{"self":[{"href":"https:\/\/nortvi.com\/fr\/wp-json\/wp\/v2\/product\/258192","targetHints":{"allow":["GET"]}}],"collection":[{"href":"https:\/\/nortvi.com\/fr\/wp-json\/wp\/v2\/product"}],"about":[{"href":"https:\/\/nortvi.com\/fr\/wp-json\/wp\/v2\/types\/product"}],"version-history":[{"count":0,"href":"https:\/\/nortvi.com\/fr\/wp-json\/wp\/v2\/product\/258192\/revisions"}],"wp:featuredmedia":[{"embeddable":true,"href":"https:\/\/nortvi.com\/fr\/wp-json\/wp\/v2\/media\/250128"}],"wp:attachment":[{"href":"https:\/\/nortvi.com\/fr\/wp-json\/wp\/v2\/media?parent=258192"}],"wp:term":[{"taxonomy":"product_brand","embeddable":true,"href":"https:\/\/nortvi.com\/fr\/wp-json\/wp\/v2\/product_brand?post=258192"},{"taxonomy":"product_cat","embeddable":true,"href":"https:\/\/nortvi.com\/fr\/wp-json\/wp\/v2\/product_cat?post=258192"},{"taxonomy":"product_tag","embeddable":true,"href":"https:\/\/nortvi.com\/fr\/wp-json\/wp\/v2\/product_tag?post=258192"}],"curies":[{"name":"wp","href":"https:\/\/api.w.org\/{rel}","templated":true}]}}