{"id":257685,"date":"2020-03-23T14:48:36","date_gmt":"2023-04-06T14:45:03","guid":{"rendered":"https:\/\/nortvi-prod.wdc.app\/product\/weekender-midnight-black\/"},"modified":"2025-12-29T11:37:34","modified_gmt":"2025-12-29T10:37:34","slug":"weekender-midnight-black","status":"publish","type":"product","link":"https:\/\/nortvi.com\/fr\/produit\/weekender-midnight-black\/","title":{"rendered":"Weekender Midnight Black"},"content":{"rendered":"<p>Le compagnon id\u00e9al de vos petits d\u00e9placements. Con\u00e7u de mani\u00e8re artisanale, le Weekender est fabriqu\u00e9 \u00e0 partir de mat\u00e9riaux 100 % \u00e9coresponsables. Il est fabriqu\u00e9 et renforc\u00e9 avec soin afin d\u2019assurer sa r\u00e9sistance quel que soit le type de d\u00e9placement. Le Weekender est imperm\u00e9able et comporte un grand espace de rangement. Id\u00e9al pour les longs week-ends ou les trajets au quotidien.<\/p>\n\n\n<p><\/p>\n","protected":false},"excerpt":{"rendered":"<p>Le compagnon id\u00e9al de vos petits d\u00e9placements. Con\u00e7u de mani\u00e8re artisanale, le Weekender est fabriqu\u00e9 \u00e0 partir de mat\u00e9riaux 100 % \u00e9coresponsables. Il est fabriqu\u00e9 et renforc\u00e9 avec soin afin d\u2019assurer sa r\u00e9sistance quel que soit le type de d\u00e9placement. Le Weekender est imperm\u00e9able et comporte un grand espace de rangement. Id\u00e9al pour les longs week-ends ou les trajets au quotidien.<\/p>\n","protected":false},"featured_media":345707,"template":"","meta":{"_acf_changed":false,"footnotes":""},"product_brand":[],"product_cat":[274],"product_tag":[],"class_list":{"0":"post-257685","1":"product","2":"type-product","3":"status-publish","4":"has-post-thumbnail","6":"product_cat-weekender-fr","8":"first","9":"instock","10":"taxable","11":"shipping-taxable","12":"purchasable","13":"product-type-simple"},"composite_virtual":false,"composite_layout":"","composite_add_to_cart_form_location":"","composite_editable_in_cart":false,"composite_sold_individually_context":"","composite_shop_price_calc":"","composite_components":[],"composite_scenarios":[],"acf":[],"yoast_head":"<!-- This site is optimized with the Yoast SEO Premium plugin v27.1 (Yoast SEO v27.3) - https:\/\/yoast.com\/product\/yoast-seo-premium-wordpress\/ -->\n<title>Sac de week-end | NORTVI | Noir | Durable, \u00e9l\u00e9gant et unique<\/title>\n<meta name=\"description\" content=\"Le sac de week-end haut de gamme de NORTVI. Durable, \u00e9tanche et extr\u00eamement r\u00e9sistant. Le sac id\u00e9al pour un long week-end.\" \/>\n<meta name=\"robots\" content=\"index, follow, max-snippet:-1, max-image-preview:large, max-video-preview:-1\" \/>\n<link rel=\"canonical\" href=\"https:\/\/nortvi.com\/fr\/produit\/weekender-midnight-black\/\" \/>\n<meta property=\"og:locale\" content=\"fr_FR\" \/>\n<meta property=\"og:type\" content=\"article\" \/>\n<meta property=\"og:title\" content=\"Weekender Midnight Black\" \/>\n<meta property=\"og:description\" content=\"Le sac de week-end haut de gamme de NORTVI. Durable, \u00e9tanche et extr\u00eamement r\u00e9sistant. Le sac id\u00e9al pour un long week-end.\" \/>\n<meta property=\"og:url\" content=\"https:\/\/nortvi.com\/fr\/produit\/weekender-midnight-black\/\" \/>\n<meta property=\"og:site_name\" content=\"NORTVI\" \/>\n<meta property=\"article:modified_time\" content=\"2025-12-29T10:37:34+00:00\" \/>\n<meta property=\"og:image\" content=\"https:\/\/nortvi.com\/wp-content\/uploads\/2020\/03\/weekender-midnight-black-voorkant-2-blur-scaled.jpg\" \/>\n\t<meta property=\"og:image:width\" content=\"3840\" \/>\n\t<meta property=\"og:image:height\" content=\"3840\" \/>\n\t<meta property=\"og:image:type\" content=\"image\/jpeg\" \/>\n<meta name=\"twitter:card\" content=\"summary_large_image\" \/>\n<meta name=\"twitter:label1\" content=\"Prix\" \/>\n\t<meta name=\"twitter:data1\" content=\"&euro;149.00\" \/>\n\t<meta name=\"twitter:label2\" content=\"Disponibilit\u00e9\" \/>\n\t<meta name=\"twitter:data2\" content=\"En stock\" \/>\n<script type=\"application\/ld+json\" class=\"yoast-schema-graph\">{\"@context\":\"https:\\\/\\\/schema.org\",\"@graph\":[{\"@type\":\"WebPage\",\"@id\":\"https:\\\/\\\/nortvi.com\\\/fr\\\/produit\\\/weekender-midnight-black\\\/\",\"url\":\"https:\\\/\\\/nortvi.com\\\/fr\\\/produit\\\/weekender-midnight-black\\\/\",\"name\":\"Sac de week-end | NORTVI | Noir | Durable, \u00e9l\u00e9gant et unique\",\"isPartOf\":{\"@id\":\"https:\\\/\\\/nortvi.com\\\/fr\\\/#website\"},\"primaryImageOfPage\":{\"@id\":\"https:\\\/\\\/nortvi.com\\\/fr\\\/produit\\\/weekender-midnight-black\\\/#primaryimage\"},\"image\":{\"@id\":\"https:\\\/\\\/nortvi.com\\\/fr\\\/produit\\\/weekender-midnight-black\\\/#primaryimage\"},\"thumbnailUrl\":\"https:\\\/\\\/nortvi.com\\\/wp-content\\\/uploads\\\/2020\\\/03\\\/weekender-midnight-black-voorkant-2-blur-scaled.jpg\",\"datePublished\":\"2023-04-06T14:45:03+00:00\",\"dateModified\":\"2025-12-29T10:37:34+00:00\",\"description\":\"Le sac de week-end haut de gamme de NORTVI. Durable, \u00e9tanche et extr\u00eamement r\u00e9sistant. Le sac id\u00e9al pour un long week-end.\",\"breadcrumb\":{\"@id\":\"https:\\\/\\\/nortvi.com\\\/fr\\\/produit\\\/weekender-midnight-black\\\/#breadcrumb\"},\"inLanguage\":\"fr-FR\",\"potentialAction\":[{\"@type\":\"ReadAction\",\"target\":[\"https:\\\/\\\/nortvi.com\\\/fr\\\/produit\\\/weekender-midnight-black\\\/\"]}]},{\"@type\":\"ImageObject\",\"inLanguage\":\"fr-FR\",\"@id\":\"https:\\\/\\\/nortvi.com\\\/fr\\\/produit\\\/weekender-midnight-black\\\/#primaryimage\",\"url\":\"https:\\\/\\\/nortvi.com\\\/wp-content\\\/uploads\\\/2020\\\/03\\\/weekender-midnight-black-voorkant-2-blur-scaled.jpg\",\"contentUrl\":\"https:\\\/\\\/nortvi.com\\\/wp-content\\\/uploads\\\/2020\\\/03\\\/weekender-midnight-black-voorkant-2-blur-scaled.jpg\",\"width\":3840,\"height\":3840},{\"@type\":\"BreadcrumbList\",\"@id\":\"https:\\\/\\\/nortvi.com\\\/fr\\\/produit\\\/weekender-midnight-black\\\/#breadcrumb\",\"itemListElement\":[{\"@type\":\"ListItem\",\"position\":1,\"name\":\"Home\",\"item\":\"https:\\\/\\\/nortvi.com\\\/fr\\\/\"},{\"@type\":\"ListItem\",\"position\":2,\"name\":\"Shop\",\"item\":\"https:\\\/\\\/nortvi.com\\\/fr\\\/shop\\\/\"},{\"@type\":\"ListItem\",\"position\":3,\"name\":\"Sacs\",\"item\":\"https:\\\/\\\/nortvi.com\\\/fr\\\/sacs\\\/\"},{\"@type\":\"ListItem\",\"position\":4,\"name\":\"Weekender\",\"item\":\"https:\\\/\\\/nortvi.com\\\/fr\\\/sacs\\\/weekender-fr\\\/\"},{\"@type\":\"ListItem\",\"position\":5,\"name\":\"Weekender Midnight Black\"}]},{\"@type\":\"WebSite\",\"@id\":\"https:\\\/\\\/nortvi.com\\\/fr\\\/#website\",\"url\":\"https:\\\/\\\/nortvi.com\\\/fr\\\/\",\"name\":\"NORTVI\",\"description\":\"Sustainable travel gear\",\"publisher\":{\"@id\":\"https:\\\/\\\/nortvi.com\\\/fr\\\/#organization\"},\"potentialAction\":[{\"@type\":\"SearchAction\",\"target\":{\"@type\":\"EntryPoint\",\"urlTemplate\":\"https:\\\/\\\/nortvi.com\\\/fr\\\/?s={search_term_string}\"},\"query-input\":{\"@type\":\"PropertyValueSpecification\",\"valueRequired\":true,\"valueName\":\"search_term_string\"}}],\"inLanguage\":\"fr-FR\"},{\"@type\":\"Organization\",\"@id\":\"https:\\\/\\\/nortvi.com\\\/fr\\\/#organization\",\"name\":\"NORTVI\",\"url\":\"https:\\\/\\\/nortvi.com\\\/fr\\\/\",\"logo\":{\"@type\":\"ImageObject\",\"inLanguage\":\"fr-FR\",\"@id\":\"https:\\\/\\\/nortvi.com\\\/fr\\\/#\\\/schema\\\/logo\\\/image\\\/\",\"url\":\"https:\\\/\\\/nortvi.com\\\/wp-content\\\/uploads\\\/2023\\\/09\\\/cropped-logo-footer.png\",\"contentUrl\":\"https:\\\/\\\/nortvi.com\\\/wp-content\\\/uploads\\\/2023\\\/09\\\/cropped-logo-footer.png\",\"width\":300,\"height\":46,\"caption\":\"NORTVI\"},\"image\":{\"@id\":\"https:\\\/\\\/nortvi.com\\\/fr\\\/#\\\/schema\\\/logo\\\/image\\\/\"},\"sameAs\":[\"https:\\\/\\\/www.instagram.com\\\/nortvi\\\/\"]}]}<\/script>\n<meta property=\"product:price:amount\" content=\"149.00\" \/>\n<meta property=\"product:price:currency\" content=\"EUR\" \/>\n<meta property=\"og:availability\" content=\"instock\" \/>\n<meta property=\"product:availability\" content=\"instock\" \/>\n<meta property=\"product:retailer_item_id\" content=\"8720165662081\" \/>\n<meta property=\"product:condition\" content=\"new\" \/>\n<!-- \/ Yoast SEO Premium plugin. -->","yoast_head_json":{"title":"Sac de week-end | NORTVI | Noir | Durable, \u00e9l\u00e9gant et unique","description":"Le sac de week-end haut de gamme de NORTVI. Durable, \u00e9tanche et extr\u00eamement r\u00e9sistant. Le sac id\u00e9al pour un long week-end.","robots":{"index":"index","follow":"follow","max-snippet":"max-snippet:-1","max-image-preview":"max-image-preview:large","max-video-preview":"max-video-preview:-1"},"canonical":"https:\/\/nortvi.com\/fr\/produit\/weekender-midnight-black\/","og_locale":"fr_FR","og_type":"article","og_title":"Weekender Midnight Black","og_description":"Le sac de week-end haut de gamme de NORTVI. Durable, \u00e9tanche et extr\u00eamement r\u00e9sistant. Le sac id\u00e9al pour un long week-end.","og_url":"https:\/\/nortvi.com\/fr\/produit\/weekender-midnight-black\/","og_site_name":"NORTVI","article_modified_time":"2025-12-29T10:37:34+00:00","og_image":[{"width":3840,"height":3840,"url":"https:\/\/nortvi.com\/wp-content\/uploads\/2020\/03\/weekender-midnight-black-voorkant-2-blur-scaled.jpg","type":"image\/jpeg"}],"twitter_card":"summary_large_image","twitter_misc":{"Prix":"&euro;149.00","Disponibilit\u00e9":"En stock"},"schema":{"@context":"https:\/\/schema.org","@graph":[{"@type":"WebPage","@id":"https:\/\/nortvi.com\/fr\/produit\/weekender-midnight-black\/","url":"https:\/\/nortvi.com\/fr\/produit\/weekender-midnight-black\/","name":"Sac de week-end | NORTVI | Noir | Durable, \u00e9l\u00e9gant et unique","isPartOf":{"@id":"https:\/\/nortvi.com\/fr\/#website"},"primaryImageOfPage":{"@id":"https:\/\/nortvi.com\/fr\/produit\/weekender-midnight-black\/#primaryimage"},"image":{"@id":"https:\/\/nortvi.com\/fr\/produit\/weekender-midnight-black\/#primaryimage"},"thumbnailUrl":"https:\/\/nortvi.com\/wp-content\/uploads\/2020\/03\/weekender-midnight-black-voorkant-2-blur-scaled.jpg","datePublished":"2023-04-06T14:45:03+00:00","dateModified":"2025-12-29T10:37:34+00:00","description":"Le sac de week-end haut de gamme de NORTVI. Durable, \u00e9tanche et extr\u00eamement r\u00e9sistant. Le sac id\u00e9al pour un long week-end.","breadcrumb":{"@id":"https:\/\/nortvi.com\/fr\/produit\/weekender-midnight-black\/#breadcrumb"},"inLanguage":"fr-FR","potentialAction":[{"@type":"ReadAction","target":["https:\/\/nortvi.com\/fr\/produit\/weekender-midnight-black\/"]}]},{"@type":"ImageObject","inLanguage":"fr-FR","@id":"https:\/\/nortvi.com\/fr\/produit\/weekender-midnight-black\/#primaryimage","url":"https:\/\/nortvi.com\/wp-content\/uploads\/2020\/03\/weekender-midnight-black-voorkant-2-blur-scaled.jpg","contentUrl":"https:\/\/nortvi.com\/wp-content\/uploads\/2020\/03\/weekender-midnight-black-voorkant-2-blur-scaled.jpg","width":3840,"height":3840},{"@type":"BreadcrumbList","@id":"https:\/\/nortvi.com\/fr\/produit\/weekender-midnight-black\/#breadcrumb","itemListElement":[{"@type":"ListItem","position":1,"name":"Home","item":"https:\/\/nortvi.com\/fr\/"},{"@type":"ListItem","position":2,"name":"Shop","item":"https:\/\/nortvi.com\/fr\/shop\/"},{"@type":"ListItem","position":3,"name":"Sacs","item":"https:\/\/nortvi.com\/fr\/sacs\/"},{"@type":"ListItem","position":4,"name":"Weekender","item":"https:\/\/nortvi.com\/fr\/sacs\/weekender-fr\/"},{"@type":"ListItem","position":5,"name":"Weekender Midnight Black"}]},{"@type":"WebSite","@id":"https:\/\/nortvi.com\/fr\/#website","url":"https:\/\/nortvi.com\/fr\/","name":"NORTVI","description":"Sustainable travel gear","publisher":{"@id":"https:\/\/nortvi.com\/fr\/#organization"},"potentialAction":[{"@type":"SearchAction","target":{"@type":"EntryPoint","urlTemplate":"https:\/\/nortvi.com\/fr\/?s={search_term_string}"},"query-input":{"@type":"PropertyValueSpecification","valueRequired":true,"valueName":"search_term_string"}}],"inLanguage":"fr-FR"},{"@type":"Organization","@id":"https:\/\/nortvi.com\/fr\/#organization","name":"NORTVI","url":"https:\/\/nortvi.com\/fr\/","logo":{"@type":"ImageObject","inLanguage":"fr-FR","@id":"https:\/\/nortvi.com\/fr\/#\/schema\/logo\/image\/","url":"https:\/\/nortvi.com\/wp-content\/uploads\/2023\/09\/cropped-logo-footer.png","contentUrl":"https:\/\/nortvi.com\/wp-content\/uploads\/2023\/09\/cropped-logo-footer.png","width":300,"height":46,"caption":"NORTVI"},"image":{"@id":"https:\/\/nortvi.com\/fr\/#\/schema\/logo\/image\/"},"sameAs":["https:\/\/www.instagram.com\/nortvi\/"]}]},"product_price_amount":"149.00","product_price_currency":"EUR","og_availability":"instock","product_availability":"instock","product_retailer_item_id":"8720165662081","product_condition":"new"},"_links":{"self":[{"href":"https:\/\/nortvi.com\/fr\/wp-json\/wp\/v2\/product\/257685","targetHints":{"allow":["GET"]}}],"collection":[{"href":"https:\/\/nortvi.com\/fr\/wp-json\/wp\/v2\/product"}],"about":[{"href":"https:\/\/nortvi.com\/fr\/wp-json\/wp\/v2\/types\/product"}],"version-history":[{"count":0,"href":"https:\/\/nortvi.com\/fr\/wp-json\/wp\/v2\/product\/257685\/revisions"}],"wp:featuredmedia":[{"embeddable":true,"href":"https:\/\/nortvi.com\/fr\/wp-json\/wp\/v2\/media\/345707"}],"wp:attachment":[{"href":"https:\/\/nortvi.com\/fr\/wp-json\/wp\/v2\/media?parent=257685"}],"wp:term":[{"taxonomy":"product_brand","embeddable":true,"href":"https:\/\/nortvi.com\/fr\/wp-json\/wp\/v2\/product_brand?post=257685"},{"taxonomy":"product_cat","embeddable":true,"href":"https:\/\/nortvi.com\/fr\/wp-json\/wp\/v2\/product_cat?post=257685"},{"taxonomy":"product_tag","embeddable":true,"href":"https:\/\/nortvi.com\/fr\/wp-json\/wp\/v2\/product_tag?post=257685"}],"curies":[{"name":"wp","href":"https:\/\/api.w.org\/{rel}","templated":true}]}}