{"id":256269,"date":"2020-04-09T11:12:46","date_gmt":"2023-03-29T08:11:01","guid":{"rendered":"https:\/\/nortvi-prod.wdc.app\/product\/monochrome-black-2\/"},"modified":"2025-02-05T09:39:34","modified_gmt":"2025-02-05T08:39:34","slug":"monochrome-black","status":"publish","type":"product","link":"https:\/\/nortvi.com\/fr\/produit\/monochrome-black\/","title":{"rendered":"Monochrome Black"},"content":{"rendered":"<p class=\"p1\">Nos sangles fabriqu\u00e9es \u00e0 la demande font plaisir \u00e0 voir o\u00f9 que vous soyez. Le compagnon id\u00e9al pour votre valise. Cr\u00e9ez votre propre combinaison !<\/p>\n","protected":false},"excerpt":{"rendered":"<p class=\"p1\">Nos sangles fabriqu\u00e9es \u00e0 la demande font plaisir \u00e0 voir o\u00f9 que vous soyez. Le compagnon id\u00e9al pour votre valise. Cr\u00e9ez votre propre combinaison !<\/p>\n","protected":false},"featured_media":248749,"template":"","meta":{"_acf_changed":false,"footnotes":""},"product_brand":[],"product_cat":[260,244],"product_tag":[],"class_list":{"0":"post-256269","1":"product","2":"type-product","3":"status-publish","4":"has-post-thumbnail","6":"product_cat-monochrome-fr","7":"product_cat-sangle-valise","9":"first","10":"instock","11":"taxable","12":"shipping-taxable","13":"purchasable","14":"product-type-simple"},"composite_virtual":false,"composite_layout":"","composite_add_to_cart_form_location":"","composite_editable_in_cart":false,"composite_sold_individually_context":"","composite_shop_price_calc":"","composite_components":[],"composite_scenarios":[],"acf":[],"yoast_head":"<!-- This site is optimized with the Yoast SEO Premium plugin v27.1 (Yoast SEO v27.3) - https:\/\/yoast.com\/product\/yoast-seo-premium-wordpress\/ -->\n<title>Sangles | Monochrome Black | Fermeture grav\u00e9e<\/title>\n<meta name=\"description\" content=\"Notre sangle de bagages Monochrome Black apporte un sourire o\u00f9 que vous alliez. La compagne id\u00e9ale pour votre valise. Personnalisez-la \u00e0 votre go\u00fbt.\" \/>\n<meta name=\"robots\" content=\"index, follow, max-snippet:-1, max-image-preview:large, max-video-preview:-1\" \/>\n<link rel=\"canonical\" href=\"https:\/\/nortvi.com\/fr\/produit\/monochrome-black\/\" \/>\n<meta property=\"og:locale\" content=\"fr_FR\" \/>\n<meta property=\"og:type\" content=\"article\" \/>\n<meta property=\"og:title\" content=\"Monochrome Black\" \/>\n<meta property=\"og:description\" content=\"Notre sangle de bagages Monochrome Black apporte un sourire o\u00f9 que vous alliez. La compagne id\u00e9ale pour votre valise. Personnalisez-la \u00e0 votre go\u00fbt.\" \/>\n<meta property=\"og:url\" content=\"https:\/\/nortvi.com\/fr\/produit\/monochrome-black\/\" \/>\n<meta property=\"og:site_name\" content=\"NORTVI\" \/>\n<meta property=\"article:modified_time\" content=\"2025-02-05T08:39:34+00:00\" \/>\n<meta property=\"og:image\" content=\"https:\/\/nortvi.com\/wp-content\/uploads\/2020\/04\/Strap-6.png\" \/>\n\t<meta property=\"og:image:width\" content=\"1500\" \/>\n\t<meta property=\"og:image:height\" content=\"1500\" \/>\n\t<meta property=\"og:image:type\" content=\"image\/png\" \/>\n<meta name=\"twitter:card\" content=\"summary_large_image\" \/>\n<meta name=\"twitter:label1\" content=\"Prix\" \/>\n\t<meta name=\"twitter:data1\" content=\"&euro;25.00\" \/>\n\t<meta name=\"twitter:label2\" content=\"Disponibilit\u00e9\" \/>\n\t<meta name=\"twitter:data2\" content=\"En stock\" \/>\n<script type=\"application\/ld+json\" class=\"yoast-schema-graph\">{\"@context\":\"https:\\\/\\\/schema.org\",\"@graph\":[{\"@type\":\"WebPage\",\"@id\":\"https:\\\/\\\/nortvi.com\\\/fr\\\/produit\\\/monochrome-black\\\/\",\"url\":\"https:\\\/\\\/nortvi.com\\\/fr\\\/produit\\\/monochrome-black\\\/\",\"name\":\"Sangles | Monochrome Black | Fermeture grav\u00e9e\",\"isPartOf\":{\"@id\":\"https:\\\/\\\/nortvi.com\\\/fr\\\/#website\"},\"primaryImageOfPage\":{\"@id\":\"https:\\\/\\\/nortvi.com\\\/fr\\\/produit\\\/monochrome-black\\\/#primaryimage\"},\"image\":{\"@id\":\"https:\\\/\\\/nortvi.com\\\/fr\\\/produit\\\/monochrome-black\\\/#primaryimage\"},\"thumbnailUrl\":\"https:\\\/\\\/nortvi.com\\\/wp-content\\\/uploads\\\/2020\\\/04\\\/Strap-6.png\",\"datePublished\":\"2023-03-29T08:11:01+00:00\",\"dateModified\":\"2025-02-05T08:39:34+00:00\",\"description\":\"Notre sangle de bagages Monochrome Black apporte un sourire o\u00f9 que vous alliez. La compagne id\u00e9ale pour votre valise. Personnalisez-la \u00e0 votre go\u00fbt.\",\"breadcrumb\":{\"@id\":\"https:\\\/\\\/nortvi.com\\\/fr\\\/produit\\\/monochrome-black\\\/#breadcrumb\"},\"inLanguage\":\"fr-FR\",\"potentialAction\":[{\"@type\":\"ReadAction\",\"target\":[\"https:\\\/\\\/nortvi.com\\\/fr\\\/produit\\\/monochrome-black\\\/\"]}]},{\"@type\":\"ImageObject\",\"inLanguage\":\"fr-FR\",\"@id\":\"https:\\\/\\\/nortvi.com\\\/fr\\\/produit\\\/monochrome-black\\\/#primaryimage\",\"url\":\"https:\\\/\\\/nortvi.com\\\/wp-content\\\/uploads\\\/2020\\\/04\\\/Strap-6.png\",\"contentUrl\":\"https:\\\/\\\/nortvi.com\\\/wp-content\\\/uploads\\\/2020\\\/04\\\/Strap-6.png\",\"width\":1500,\"height\":1500,\"caption\":\"NORTVI strap gepersonaliseerd reis travelgear\"},{\"@type\":\"BreadcrumbList\",\"@id\":\"https:\\\/\\\/nortvi.com\\\/fr\\\/produit\\\/monochrome-black\\\/#breadcrumb\",\"itemListElement\":[{\"@type\":\"ListItem\",\"position\":1,\"name\":\"Home\",\"item\":\"https:\\\/\\\/nortvi.com\\\/fr\\\/\"},{\"@type\":\"ListItem\",\"position\":2,\"name\":\"Shop\",\"item\":\"https:\\\/\\\/nortvi.com\\\/fr\\\/shop\\\/\"},{\"@type\":\"ListItem\",\"position\":3,\"name\":\"Accessories\",\"item\":\"https:\\\/\\\/nortvi.com\\\/fr\\\/accessories\\\/\"},{\"@type\":\"ListItem\",\"position\":4,\"name\":\"Sangles de Valise\",\"item\":\"https:\\\/\\\/nortvi.com\\\/fr\\\/accessories\\\/sangle-valise\\\/\"},{\"@type\":\"ListItem\",\"position\":5,\"name\":\"Monochrome Black\"}]},{\"@type\":\"WebSite\",\"@id\":\"https:\\\/\\\/nortvi.com\\\/fr\\\/#website\",\"url\":\"https:\\\/\\\/nortvi.com\\\/fr\\\/\",\"name\":\"NORTVI\",\"description\":\"Sustainable travel gear\",\"publisher\":{\"@id\":\"https:\\\/\\\/nortvi.com\\\/fr\\\/#organization\"},\"potentialAction\":[{\"@type\":\"SearchAction\",\"target\":{\"@type\":\"EntryPoint\",\"urlTemplate\":\"https:\\\/\\\/nortvi.com\\\/fr\\\/?s={search_term_string}\"},\"query-input\":{\"@type\":\"PropertyValueSpecification\",\"valueRequired\":true,\"valueName\":\"search_term_string\"}}],\"inLanguage\":\"fr-FR\"},{\"@type\":\"Organization\",\"@id\":\"https:\\\/\\\/nortvi.com\\\/fr\\\/#organization\",\"name\":\"NORTVI\",\"url\":\"https:\\\/\\\/nortvi.com\\\/fr\\\/\",\"logo\":{\"@type\":\"ImageObject\",\"inLanguage\":\"fr-FR\",\"@id\":\"https:\\\/\\\/nortvi.com\\\/fr\\\/#\\\/schema\\\/logo\\\/image\\\/\",\"url\":\"https:\\\/\\\/nortvi.com\\\/wp-content\\\/uploads\\\/2023\\\/09\\\/cropped-logo-footer.png\",\"contentUrl\":\"https:\\\/\\\/nortvi.com\\\/wp-content\\\/uploads\\\/2023\\\/09\\\/cropped-logo-footer.png\",\"width\":300,\"height\":46,\"caption\":\"NORTVI\"},\"image\":{\"@id\":\"https:\\\/\\\/nortvi.com\\\/fr\\\/#\\\/schema\\\/logo\\\/image\\\/\"},\"sameAs\":[\"https:\\\/\\\/www.instagram.com\\\/nortvi\\\/\"]}]}<\/script>\n<meta property=\"product:price:amount\" content=\"25.00\" \/>\n<meta property=\"product:price:currency\" content=\"EUR\" \/>\n<meta property=\"og:availability\" content=\"instock\" \/>\n<meta property=\"product:availability\" content=\"instock\" \/>\n<meta property=\"product:retailer_item_id\" content=\"8720165662135\" \/>\n<meta property=\"product:condition\" content=\"new\" \/>\n<!-- \/ Yoast SEO Premium plugin. -->","yoast_head_json":{"title":"Sangles | Monochrome Black | Fermeture grav\u00e9e","description":"Notre sangle de bagages Monochrome Black apporte un sourire o\u00f9 que vous alliez. La compagne id\u00e9ale pour votre valise. Personnalisez-la \u00e0 votre go\u00fbt.","robots":{"index":"index","follow":"follow","max-snippet":"max-snippet:-1","max-image-preview":"max-image-preview:large","max-video-preview":"max-video-preview:-1"},"canonical":"https:\/\/nortvi.com\/fr\/produit\/monochrome-black\/","og_locale":"fr_FR","og_type":"article","og_title":"Monochrome Black","og_description":"Notre sangle de bagages Monochrome Black apporte un sourire o\u00f9 que vous alliez. La compagne id\u00e9ale pour votre valise. Personnalisez-la \u00e0 votre go\u00fbt.","og_url":"https:\/\/nortvi.com\/fr\/produit\/monochrome-black\/","og_site_name":"NORTVI","article_modified_time":"2025-02-05T08:39:34+00:00","og_image":[{"width":1500,"height":1500,"url":"https:\/\/nortvi.com\/wp-content\/uploads\/2020\/04\/Strap-6.png","type":"image\/png"}],"twitter_card":"summary_large_image","twitter_misc":{"Prix":"&euro;25.00","Disponibilit\u00e9":"En stock"},"schema":{"@context":"https:\/\/schema.org","@graph":[{"@type":"WebPage","@id":"https:\/\/nortvi.com\/fr\/produit\/monochrome-black\/","url":"https:\/\/nortvi.com\/fr\/produit\/monochrome-black\/","name":"Sangles | Monochrome Black | Fermeture grav\u00e9e","isPartOf":{"@id":"https:\/\/nortvi.com\/fr\/#website"},"primaryImageOfPage":{"@id":"https:\/\/nortvi.com\/fr\/produit\/monochrome-black\/#primaryimage"},"image":{"@id":"https:\/\/nortvi.com\/fr\/produit\/monochrome-black\/#primaryimage"},"thumbnailUrl":"https:\/\/nortvi.com\/wp-content\/uploads\/2020\/04\/Strap-6.png","datePublished":"2023-03-29T08:11:01+00:00","dateModified":"2025-02-05T08:39:34+00:00","description":"Notre sangle de bagages Monochrome Black apporte un sourire o\u00f9 que vous alliez. La compagne id\u00e9ale pour votre valise. Personnalisez-la \u00e0 votre go\u00fbt.","breadcrumb":{"@id":"https:\/\/nortvi.com\/fr\/produit\/monochrome-black\/#breadcrumb"},"inLanguage":"fr-FR","potentialAction":[{"@type":"ReadAction","target":["https:\/\/nortvi.com\/fr\/produit\/monochrome-black\/"]}]},{"@type":"ImageObject","inLanguage":"fr-FR","@id":"https:\/\/nortvi.com\/fr\/produit\/monochrome-black\/#primaryimage","url":"https:\/\/nortvi.com\/wp-content\/uploads\/2020\/04\/Strap-6.png","contentUrl":"https:\/\/nortvi.com\/wp-content\/uploads\/2020\/04\/Strap-6.png","width":1500,"height":1500,"caption":"NORTVI strap gepersonaliseerd reis travelgear"},{"@type":"BreadcrumbList","@id":"https:\/\/nortvi.com\/fr\/produit\/monochrome-black\/#breadcrumb","itemListElement":[{"@type":"ListItem","position":1,"name":"Home","item":"https:\/\/nortvi.com\/fr\/"},{"@type":"ListItem","position":2,"name":"Shop","item":"https:\/\/nortvi.com\/fr\/shop\/"},{"@type":"ListItem","position":3,"name":"Accessories","item":"https:\/\/nortvi.com\/fr\/accessories\/"},{"@type":"ListItem","position":4,"name":"Sangles de Valise","item":"https:\/\/nortvi.com\/fr\/accessories\/sangle-valise\/"},{"@type":"ListItem","position":5,"name":"Monochrome Black"}]},{"@type":"WebSite","@id":"https:\/\/nortvi.com\/fr\/#website","url":"https:\/\/nortvi.com\/fr\/","name":"NORTVI","description":"Sustainable travel gear","publisher":{"@id":"https:\/\/nortvi.com\/fr\/#organization"},"potentialAction":[{"@type":"SearchAction","target":{"@type":"EntryPoint","urlTemplate":"https:\/\/nortvi.com\/fr\/?s={search_term_string}"},"query-input":{"@type":"PropertyValueSpecification","valueRequired":true,"valueName":"search_term_string"}}],"inLanguage":"fr-FR"},{"@type":"Organization","@id":"https:\/\/nortvi.com\/fr\/#organization","name":"NORTVI","url":"https:\/\/nortvi.com\/fr\/","logo":{"@type":"ImageObject","inLanguage":"fr-FR","@id":"https:\/\/nortvi.com\/fr\/#\/schema\/logo\/image\/","url":"https:\/\/nortvi.com\/wp-content\/uploads\/2023\/09\/cropped-logo-footer.png","contentUrl":"https:\/\/nortvi.com\/wp-content\/uploads\/2023\/09\/cropped-logo-footer.png","width":300,"height":46,"caption":"NORTVI"},"image":{"@id":"https:\/\/nortvi.com\/fr\/#\/schema\/logo\/image\/"},"sameAs":["https:\/\/www.instagram.com\/nortvi\/"]}]},"product_price_amount":"25.00","product_price_currency":"EUR","og_availability":"instock","product_availability":"instock","product_retailer_item_id":"8720165662135","product_condition":"new"},"_links":{"self":[{"href":"https:\/\/nortvi.com\/fr\/wp-json\/wp\/v2\/product\/256269","targetHints":{"allow":["GET"]}}],"collection":[{"href":"https:\/\/nortvi.com\/fr\/wp-json\/wp\/v2\/product"}],"about":[{"href":"https:\/\/nortvi.com\/fr\/wp-json\/wp\/v2\/types\/product"}],"version-history":[{"count":0,"href":"https:\/\/nortvi.com\/fr\/wp-json\/wp\/v2\/product\/256269\/revisions"}],"wp:featuredmedia":[{"embeddable":true,"href":"https:\/\/nortvi.com\/fr\/wp-json\/wp\/v2\/media\/248749"}],"wp:attachment":[{"href":"https:\/\/nortvi.com\/fr\/wp-json\/wp\/v2\/media?parent=256269"}],"wp:term":[{"taxonomy":"product_brand","embeddable":true,"href":"https:\/\/nortvi.com\/fr\/wp-json\/wp\/v2\/product_brand?post=256269"},{"taxonomy":"product_cat","embeddable":true,"href":"https:\/\/nortvi.com\/fr\/wp-json\/wp\/v2\/product_cat?post=256269"},{"taxonomy":"product_tag","embeddable":true,"href":"https:\/\/nortvi.com\/fr\/wp-json\/wp\/v2\/product_tag?post=256269"}],"curies":[{"name":"wp","href":"https:\/\/api.w.org\/{rel}","templated":true}]}}