{"id":255443,"date":"2021-02-25T11:25:02","date_gmt":"2023-03-20T14:05:42","guid":{"rendered":"https:\/\/nortvi-prod.wdc.app\/product\/coque-iphone-12-sand-white\/"},"modified":"2023-09-11T20:36:15","modified_gmt":"2023-09-11T18:36:15","slug":"iphone-12-case-sand-white","status":"publish","type":"product","link":"https:\/\/nortvi.com\/fr\/produit\/iphone-12-case-sand-white\/","title":{"rendered":"Coque iPhone 12 Sand White"},"content":{"rendered":"<p>Le seul et unique coque iPhone 12. Durable et enti\u00e8rement biod\u00e9gradable. Explorez l\u2019inconnu tout en prot\u00e9geant votre t\u00e9l\u00e9phone. La gamme de couleurs disponible fait que votre smartphone reste assorti \u00e0 votre valise. C\u2019est ainsi qu\u2019on se cr\u00e9e des souvenirs inoubliables.   <\/p>\n","protected":false},"excerpt":{"rendered":"<p>Le seul et unique coque iPhone 12. Durable et enti\u00e8rement biod\u00e9gradable. Explorez l\u2019inconnu tout en prot\u00e9geant votre t\u00e9l\u00e9phone. La gamme de couleurs disponible fait que votre smartphone reste assorti \u00e0 votre valise. C\u2019est ainsi qu\u2019on se cr\u00e9e des souvenirs inoubliables.   <\/p>\n","protected":false},"featured_media":249371,"template":"","meta":{"_acf_changed":false,"footnotes":""},"product_brand":[],"product_cat":[240],"product_tag":[],"class_list":{"0":"post-255443","1":"product","2":"type-product","3":"status-publish","4":"has-post-thumbnail","6":"product_cat-iphone-12-fr","8":"first","9":"instock","10":"taxable","11":"shipping-taxable","12":"purchasable","13":"product-type-simple"},"composite_virtual":false,"composite_layout":"","composite_add_to_cart_form_location":"","composite_editable_in_cart":false,"composite_sold_individually_context":"","composite_shop_price_calc":"","composite_components":[],"composite_scenarios":[],"acf":[],"yoast_head":"<!-- This site is optimized with the Yoast SEO Premium plugin v27.1 (Yoast SEO v27.3) - https:\/\/yoast.com\/product\/yoast-seo-premium-wordpress\/ -->\n<title>Coque iPhone 12 | Blanc | Durable, Premium &amp; R\u00e9sistante<\/title>\n<meta name=\"description\" content=\"La coque iPhone 12 premium couleur Sand White de NORTVI. Durable et enti\u00e8rement biod\u00e9gradable. Prot\u00e8ge votre t\u00e9l\u00e9phone et est extr\u00eamement r\u00e9sistante.\" \/>\n<meta name=\"robots\" content=\"index, follow, max-snippet:-1, max-image-preview:large, max-video-preview:-1\" \/>\n<link rel=\"canonical\" href=\"https:\/\/nortvi.com\/fr\/produit\/iphone-12-case-sand-white\/\" \/>\n<meta property=\"og:locale\" content=\"fr_FR\" \/>\n<meta property=\"og:type\" content=\"article\" \/>\n<meta property=\"og:title\" content=\"Coque iPhone 12 Sand White\" \/>\n<meta property=\"og:description\" content=\"La coque iPhone 12 premium couleur Sand White de NORTVI. Durable et enti\u00e8rement biod\u00e9gradable. Prot\u00e8ge votre t\u00e9l\u00e9phone et est extr\u00eamement r\u00e9sistante.\" \/>\n<meta property=\"og:url\" content=\"https:\/\/nortvi.com\/fr\/produit\/iphone-12-case-sand-white\/\" \/>\n<meta property=\"og:site_name\" content=\"NORTVI\" \/>\n<meta property=\"article:modified_time\" content=\"2023-09-11T18:36:15+00:00\" \/>\n<meta property=\"og:image\" content=\"https:\/\/nortvi.com\/wp-content\/uploads\/2021\/02\/0011-Nortvi-Iphone_Tags-2021-02-18-lucahalma-298.jpg\" \/>\n\t<meta property=\"og:image:width\" content=\"2000\" \/>\n\t<meta property=\"og:image:height\" content=\"2000\" \/>\n\t<meta property=\"og:image:type\" content=\"image\/jpeg\" \/>\n<meta name=\"twitter:card\" content=\"summary_large_image\" \/>\n<meta name=\"twitter:label1\" content=\"Prix\" \/>\n\t<meta name=\"twitter:data1\" content=\"&euro;25.00\" \/>\n\t<meta name=\"twitter:label2\" content=\"Disponibilit\u00e9\" \/>\n\t<meta name=\"twitter:data2\" content=\"En stock\" \/>\n<script type=\"application\/ld+json\" class=\"yoast-schema-graph\">{\"@context\":\"https:\\\/\\\/schema.org\",\"@graph\":[{\"@type\":\"WebPage\",\"@id\":\"https:\\\/\\\/nortvi.com\\\/fr\\\/produit\\\/iphone-12-case-sand-white\\\/\",\"url\":\"https:\\\/\\\/nortvi.com\\\/fr\\\/produit\\\/iphone-12-case-sand-white\\\/\",\"name\":\"Coque iPhone 12 | Blanc | Durable, Premium &amp; R\u00e9sistante\",\"isPartOf\":{\"@id\":\"https:\\\/\\\/nortvi.com\\\/fr\\\/#website\"},\"primaryImageOfPage\":{\"@id\":\"https:\\\/\\\/nortvi.com\\\/fr\\\/produit\\\/iphone-12-case-sand-white\\\/#primaryimage\"},\"image\":{\"@id\":\"https:\\\/\\\/nortvi.com\\\/fr\\\/produit\\\/iphone-12-case-sand-white\\\/#primaryimage\"},\"thumbnailUrl\":\"https:\\\/\\\/nortvi.com\\\/wp-content\\\/uploads\\\/2021\\\/02\\\/0011-Nortvi-Iphone_Tags-2021-02-18-lucahalma-298.jpg\",\"datePublished\":\"2023-03-20T14:05:42+00:00\",\"dateModified\":\"2023-09-11T18:36:15+00:00\",\"description\":\"La coque iPhone 12 premium couleur Sand White de NORTVI. Durable et enti\u00e8rement biod\u00e9gradable. Prot\u00e8ge votre t\u00e9l\u00e9phone et est extr\u00eamement r\u00e9sistante.\",\"breadcrumb\":{\"@id\":\"https:\\\/\\\/nortvi.com\\\/fr\\\/produit\\\/iphone-12-case-sand-white\\\/#breadcrumb\"},\"inLanguage\":\"fr-FR\",\"potentialAction\":[{\"@type\":\"ReadAction\",\"target\":[\"https:\\\/\\\/nortvi.com\\\/fr\\\/produit\\\/iphone-12-case-sand-white\\\/\"]}]},{\"@type\":\"ImageObject\",\"inLanguage\":\"fr-FR\",\"@id\":\"https:\\\/\\\/nortvi.com\\\/fr\\\/produit\\\/iphone-12-case-sand-white\\\/#primaryimage\",\"url\":\"https:\\\/\\\/nortvi.com\\\/wp-content\\\/uploads\\\/2021\\\/02\\\/0011-Nortvi-Iphone_Tags-2021-02-18-lucahalma-298.jpg\",\"contentUrl\":\"https:\\\/\\\/nortvi.com\\\/wp-content\\\/uploads\\\/2021\\\/02\\\/0011-Nortvi-Iphone_Tags-2021-02-18-lucahalma-298.jpg\",\"width\":2000,\"height\":2000},{\"@type\":\"BreadcrumbList\",\"@id\":\"https:\\\/\\\/nortvi.com\\\/fr\\\/produit\\\/iphone-12-case-sand-white\\\/#breadcrumb\",\"itemListElement\":[{\"@type\":\"ListItem\",\"position\":1,\"name\":\"Home\",\"item\":\"https:\\\/\\\/nortvi.com\\\/fr\\\/\"},{\"@type\":\"ListItem\",\"position\":2,\"name\":\"Shop\",\"item\":\"https:\\\/\\\/nortvi.com\\\/fr\\\/shop\\\/\"},{\"@type\":\"ListItem\",\"position\":3,\"name\":\"Accessories\",\"item\":\"https:\\\/\\\/nortvi.com\\\/fr\\\/accessories\\\/\"},{\"@type\":\"ListItem\",\"position\":4,\"name\":\"Coque iPhone 12 Sand White\"}]},{\"@type\":\"WebSite\",\"@id\":\"https:\\\/\\\/nortvi.com\\\/fr\\\/#website\",\"url\":\"https:\\\/\\\/nortvi.com\\\/fr\\\/\",\"name\":\"NORTVI\",\"description\":\"Sustainable travel gear\",\"publisher\":{\"@id\":\"https:\\\/\\\/nortvi.com\\\/fr\\\/#organization\"},\"potentialAction\":[{\"@type\":\"SearchAction\",\"target\":{\"@type\":\"EntryPoint\",\"urlTemplate\":\"https:\\\/\\\/nortvi.com\\\/fr\\\/?s={search_term_string}\"},\"query-input\":{\"@type\":\"PropertyValueSpecification\",\"valueRequired\":true,\"valueName\":\"search_term_string\"}}],\"inLanguage\":\"fr-FR\"},{\"@type\":\"Organization\",\"@id\":\"https:\\\/\\\/nortvi.com\\\/fr\\\/#organization\",\"name\":\"NORTVI\",\"url\":\"https:\\\/\\\/nortvi.com\\\/fr\\\/\",\"logo\":{\"@type\":\"ImageObject\",\"inLanguage\":\"fr-FR\",\"@id\":\"https:\\\/\\\/nortvi.com\\\/fr\\\/#\\\/schema\\\/logo\\\/image\\\/\",\"url\":\"https:\\\/\\\/nortvi.com\\\/wp-content\\\/uploads\\\/2023\\\/09\\\/cropped-logo-footer.png\",\"contentUrl\":\"https:\\\/\\\/nortvi.com\\\/wp-content\\\/uploads\\\/2023\\\/09\\\/cropped-logo-footer.png\",\"width\":300,\"height\":46,\"caption\":\"NORTVI\"},\"image\":{\"@id\":\"https:\\\/\\\/nortvi.com\\\/fr\\\/#\\\/schema\\\/logo\\\/image\\\/\"},\"sameAs\":[\"https:\\\/\\\/www.instagram.com\\\/nortvi\\\/\"]}]}<\/script>\n<meta property=\"product:price:amount\" content=\"25.00\" \/>\n<meta property=\"product:price:currency\" content=\"EUR\" \/>\n<meta property=\"og:availability\" content=\"instock\" \/>\n<meta property=\"product:availability\" content=\"instock\" \/>\n<meta property=\"product:retailer_item_id\" content=\"8720165662302\" \/>\n<meta property=\"product:condition\" content=\"new\" \/>\n<!-- \/ Yoast SEO Premium plugin. -->","yoast_head_json":{"title":"Coque iPhone 12 | Blanc | Durable, Premium &amp; R\u00e9sistante","description":"La coque iPhone 12 premium couleur Sand White de NORTVI. Durable et enti\u00e8rement biod\u00e9gradable. Prot\u00e8ge votre t\u00e9l\u00e9phone et est extr\u00eamement r\u00e9sistante.","robots":{"index":"index","follow":"follow","max-snippet":"max-snippet:-1","max-image-preview":"max-image-preview:large","max-video-preview":"max-video-preview:-1"},"canonical":"https:\/\/nortvi.com\/fr\/produit\/iphone-12-case-sand-white\/","og_locale":"fr_FR","og_type":"article","og_title":"Coque iPhone 12 Sand White","og_description":"La coque iPhone 12 premium couleur Sand White de NORTVI. Durable et enti\u00e8rement biod\u00e9gradable. Prot\u00e8ge votre t\u00e9l\u00e9phone et est extr\u00eamement r\u00e9sistante.","og_url":"https:\/\/nortvi.com\/fr\/produit\/iphone-12-case-sand-white\/","og_site_name":"NORTVI","article_modified_time":"2023-09-11T18:36:15+00:00","og_image":[{"width":2000,"height":2000,"url":"https:\/\/nortvi.com\/wp-content\/uploads\/2021\/02\/0011-Nortvi-Iphone_Tags-2021-02-18-lucahalma-298.jpg","type":"image\/jpeg"}],"twitter_card":"summary_large_image","twitter_misc":{"Prix":"&euro;25.00","Disponibilit\u00e9":"En stock"},"schema":{"@context":"https:\/\/schema.org","@graph":[{"@type":"WebPage","@id":"https:\/\/nortvi.com\/fr\/produit\/iphone-12-case-sand-white\/","url":"https:\/\/nortvi.com\/fr\/produit\/iphone-12-case-sand-white\/","name":"Coque iPhone 12 | Blanc | Durable, Premium &amp; R\u00e9sistante","isPartOf":{"@id":"https:\/\/nortvi.com\/fr\/#website"},"primaryImageOfPage":{"@id":"https:\/\/nortvi.com\/fr\/produit\/iphone-12-case-sand-white\/#primaryimage"},"image":{"@id":"https:\/\/nortvi.com\/fr\/produit\/iphone-12-case-sand-white\/#primaryimage"},"thumbnailUrl":"https:\/\/nortvi.com\/wp-content\/uploads\/2021\/02\/0011-Nortvi-Iphone_Tags-2021-02-18-lucahalma-298.jpg","datePublished":"2023-03-20T14:05:42+00:00","dateModified":"2023-09-11T18:36:15+00:00","description":"La coque iPhone 12 premium couleur Sand White de NORTVI. Durable et enti\u00e8rement biod\u00e9gradable. Prot\u00e8ge votre t\u00e9l\u00e9phone et est extr\u00eamement r\u00e9sistante.","breadcrumb":{"@id":"https:\/\/nortvi.com\/fr\/produit\/iphone-12-case-sand-white\/#breadcrumb"},"inLanguage":"fr-FR","potentialAction":[{"@type":"ReadAction","target":["https:\/\/nortvi.com\/fr\/produit\/iphone-12-case-sand-white\/"]}]},{"@type":"ImageObject","inLanguage":"fr-FR","@id":"https:\/\/nortvi.com\/fr\/produit\/iphone-12-case-sand-white\/#primaryimage","url":"https:\/\/nortvi.com\/wp-content\/uploads\/2021\/02\/0011-Nortvi-Iphone_Tags-2021-02-18-lucahalma-298.jpg","contentUrl":"https:\/\/nortvi.com\/wp-content\/uploads\/2021\/02\/0011-Nortvi-Iphone_Tags-2021-02-18-lucahalma-298.jpg","width":2000,"height":2000},{"@type":"BreadcrumbList","@id":"https:\/\/nortvi.com\/fr\/produit\/iphone-12-case-sand-white\/#breadcrumb","itemListElement":[{"@type":"ListItem","position":1,"name":"Home","item":"https:\/\/nortvi.com\/fr\/"},{"@type":"ListItem","position":2,"name":"Shop","item":"https:\/\/nortvi.com\/fr\/shop\/"},{"@type":"ListItem","position":3,"name":"Accessories","item":"https:\/\/nortvi.com\/fr\/accessories\/"},{"@type":"ListItem","position":4,"name":"Coque iPhone 12 Sand White"}]},{"@type":"WebSite","@id":"https:\/\/nortvi.com\/fr\/#website","url":"https:\/\/nortvi.com\/fr\/","name":"NORTVI","description":"Sustainable travel gear","publisher":{"@id":"https:\/\/nortvi.com\/fr\/#organization"},"potentialAction":[{"@type":"SearchAction","target":{"@type":"EntryPoint","urlTemplate":"https:\/\/nortvi.com\/fr\/?s={search_term_string}"},"query-input":{"@type":"PropertyValueSpecification","valueRequired":true,"valueName":"search_term_string"}}],"inLanguage":"fr-FR"},{"@type":"Organization","@id":"https:\/\/nortvi.com\/fr\/#organization","name":"NORTVI","url":"https:\/\/nortvi.com\/fr\/","logo":{"@type":"ImageObject","inLanguage":"fr-FR","@id":"https:\/\/nortvi.com\/fr\/#\/schema\/logo\/image\/","url":"https:\/\/nortvi.com\/wp-content\/uploads\/2023\/09\/cropped-logo-footer.png","contentUrl":"https:\/\/nortvi.com\/wp-content\/uploads\/2023\/09\/cropped-logo-footer.png","width":300,"height":46,"caption":"NORTVI"},"image":{"@id":"https:\/\/nortvi.com\/fr\/#\/schema\/logo\/image\/"},"sameAs":["https:\/\/www.instagram.com\/nortvi\/"]}]},"product_price_amount":"25.00","product_price_currency":"EUR","og_availability":"instock","product_availability":"instock","product_retailer_item_id":"8720165662302","product_condition":"new"},"_links":{"self":[{"href":"https:\/\/nortvi.com\/fr\/wp-json\/wp\/v2\/product\/255443","targetHints":{"allow":["GET"]}}],"collection":[{"href":"https:\/\/nortvi.com\/fr\/wp-json\/wp\/v2\/product"}],"about":[{"href":"https:\/\/nortvi.com\/fr\/wp-json\/wp\/v2\/types\/product"}],"version-history":[{"count":0,"href":"https:\/\/nortvi.com\/fr\/wp-json\/wp\/v2\/product\/255443\/revisions"}],"wp:featuredmedia":[{"embeddable":true,"href":"https:\/\/nortvi.com\/fr\/wp-json\/wp\/v2\/media\/249371"}],"wp:attachment":[{"href":"https:\/\/nortvi.com\/fr\/wp-json\/wp\/v2\/media?parent=255443"}],"wp:term":[{"taxonomy":"product_brand","embeddable":true,"href":"https:\/\/nortvi.com\/fr\/wp-json\/wp\/v2\/product_brand?post=255443"},{"taxonomy":"product_cat","embeddable":true,"href":"https:\/\/nortvi.com\/fr\/wp-json\/wp\/v2\/product_cat?post=255443"},{"taxonomy":"product_tag","embeddable":true,"href":"https:\/\/nortvi.com\/fr\/wp-json\/wp\/v2\/product_tag?post=255443"}],"curies":[{"name":"wp","href":"https:\/\/api.w.org\/{rel}","templated":true}]}}