{"id":323716,"date":"2025-01-06T08:28:25","date_gmt":"2025-01-06T07:28:25","guid":{"rendered":"https:\/\/nortvi.com\/valises-brunes\/"},"modified":"2025-01-06T14:04:14","modified_gmt":"2025-01-06T13:04:14","slug":"valises-brunes","status":"publish","type":"page","link":"https:\/\/nortvi.com\/fr\/valises-brunes\/","title":{"rendered":"Valise Marron"},"content":{"rendered":"","protected":false},"excerpt":{"rendered":"","protected":false},"author":1,"featured_media":0,"parent":0,"menu_order":0,"comment_status":"closed","ping_status":"closed","template":"","meta":{"_acf_changed":false,"footnotes":""},"class_list":["post-323716","page","type-page","status-publish","hentry"],"acf":[],"yoast_head":"<!-- This site is optimized with the Yoast SEO Premium plugin v27.1 (Yoast SEO v27.3) - https:\/\/yoast.com\/product\/yoast-seo-premium-wordpress\/ -->\n<title>Valise Brune | Durable | Con\u00e7ue \u00e0 la perfection<\/title>\n<meta name=\"description\" content=\"La valise brune parfaite de NORTVI est de haute qualit\u00e9, durable et fabriqu\u00e9e \u00e0 la main, offrant une garantie \u00e0 vie pour une durabilit\u00e9 exceptionnelle.\" \/>\n<meta name=\"robots\" content=\"index, follow, max-snippet:-1, max-image-preview:large, max-video-preview:-1\" \/>\n<link rel=\"canonical\" href=\"https:\/\/nortvi.com\/fr\/valises-brunes\/\" \/>\n<meta property=\"og:locale\" content=\"fr_FR\" \/>\n<meta property=\"og:type\" content=\"article\" \/>\n<meta property=\"og:title\" content=\"Valise Marron\" \/>\n<meta property=\"og:description\" content=\"La valise brune parfaite de NORTVI est de haute qualit\u00e9, durable et fabriqu\u00e9e \u00e0 la main, offrant une garantie \u00e0 vie pour une durabilit\u00e9 exceptionnelle.\" \/>\n<meta property=\"og:url\" content=\"https:\/\/nortvi.com\/fr\/valises-brunes\/\" \/>\n<meta property=\"og:site_name\" content=\"NORTVI\" \/>\n<meta property=\"article:modified_time\" content=\"2025-01-06T13:04:14+00:00\" \/>\n<meta name=\"twitter:card\" content=\"summary_large_image\" \/>\n<script type=\"application\/ld+json\" class=\"yoast-schema-graph\">{\"@context\":\"https:\\\/\\\/schema.org\",\"@graph\":[{\"@type\":\"WebPage\",\"@id\":\"https:\\\/\\\/nortvi.com\\\/fr\\\/valises-brunes\\\/\",\"url\":\"https:\\\/\\\/nortvi.com\\\/fr\\\/valises-brunes\\\/\",\"name\":\"Valise Brune | Durable | Con\u00e7ue \u00e0 la perfection\",\"isPartOf\":{\"@id\":\"https:\\\/\\\/nortvi.com\\\/fr\\\/#website\"},\"datePublished\":\"2025-01-06T07:28:25+00:00\",\"dateModified\":\"2025-01-06T13:04:14+00:00\",\"description\":\"La valise brune parfaite de NORTVI est de haute qualit\u00e9, durable et fabriqu\u00e9e \u00e0 la main, offrant une garantie \u00e0 vie pour une durabilit\u00e9 exceptionnelle.\",\"breadcrumb\":{\"@id\":\"https:\\\/\\\/nortvi.com\\\/fr\\\/valises-brunes\\\/#breadcrumb\"},\"inLanguage\":\"fr-FR\",\"potentialAction\":[{\"@type\":\"ReadAction\",\"target\":[\"https:\\\/\\\/nortvi.com\\\/fr\\\/valises-brunes\\\/\"]}]},{\"@type\":\"BreadcrumbList\",\"@id\":\"https:\\\/\\\/nortvi.com\\\/fr\\\/valises-brunes\\\/#breadcrumb\",\"itemListElement\":[{\"@type\":\"ListItem\",\"position\":1,\"name\":\"Home\",\"item\":\"https:\\\/\\\/nortvi.com\\\/fr\\\/\"},{\"@type\":\"ListItem\",\"position\":2,\"name\":\"Valise Marron\"}]},{\"@type\":\"WebSite\",\"@id\":\"https:\\\/\\\/nortvi.com\\\/fr\\\/#website\",\"url\":\"https:\\\/\\\/nortvi.com\\\/fr\\\/\",\"name\":\"NORTVI\",\"description\":\"Sustainable travel gear\",\"publisher\":{\"@id\":\"https:\\\/\\\/nortvi.com\\\/fr\\\/#organization\"},\"potentialAction\":[{\"@type\":\"SearchAction\",\"target\":{\"@type\":\"EntryPoint\",\"urlTemplate\":\"https:\\\/\\\/nortvi.com\\\/fr\\\/?s={search_term_string}\"},\"query-input\":{\"@type\":\"PropertyValueSpecification\",\"valueRequired\":true,\"valueName\":\"search_term_string\"}}],\"inLanguage\":\"fr-FR\"},{\"@type\":\"Organization\",\"@id\":\"https:\\\/\\\/nortvi.com\\\/fr\\\/#organization\",\"name\":\"NORTVI\",\"url\":\"https:\\\/\\\/nortvi.com\\\/fr\\\/\",\"logo\":{\"@type\":\"ImageObject\",\"inLanguage\":\"fr-FR\",\"@id\":\"https:\\\/\\\/nortvi.com\\\/fr\\\/#\\\/schema\\\/logo\\\/image\\\/\",\"url\":\"https:\\\/\\\/nortvi.com\\\/wp-content\\\/uploads\\\/2023\\\/09\\\/cropped-logo-footer.png\",\"contentUrl\":\"https:\\\/\\\/nortvi.com\\\/wp-content\\\/uploads\\\/2023\\\/09\\\/cropped-logo-footer.png\",\"width\":300,\"height\":46,\"caption\":\"NORTVI\"},\"image\":{\"@id\":\"https:\\\/\\\/nortvi.com\\\/fr\\\/#\\\/schema\\\/logo\\\/image\\\/\"},\"sameAs\":[\"https:\\\/\\\/www.instagram.com\\\/nortvi\\\/\"]}]}<\/script>\n<!-- \/ Yoast SEO Premium plugin. -->","yoast_head_json":{"title":"Valise Brune | Durable | Con\u00e7ue \u00e0 la perfection","description":"La valise brune parfaite de NORTVI est de haute qualit\u00e9, durable et fabriqu\u00e9e \u00e0 la main, offrant une garantie \u00e0 vie pour une durabilit\u00e9 exceptionnelle.","robots":{"index":"index","follow":"follow","max-snippet":"max-snippet:-1","max-image-preview":"max-image-preview:large","max-video-preview":"max-video-preview:-1"},"canonical":"https:\/\/nortvi.com\/fr\/valises-brunes\/","og_locale":"fr_FR","og_type":"article","og_title":"Valise Marron","og_description":"La valise brune parfaite de NORTVI est de haute qualit\u00e9, durable et fabriqu\u00e9e \u00e0 la main, offrant une garantie \u00e0 vie pour une durabilit\u00e9 exceptionnelle.","og_url":"https:\/\/nortvi.com\/fr\/valises-brunes\/","og_site_name":"NORTVI","article_modified_time":"2025-01-06T13:04:14+00:00","twitter_card":"summary_large_image","schema":{"@context":"https:\/\/schema.org","@graph":[{"@type":"WebPage","@id":"https:\/\/nortvi.com\/fr\/valises-brunes\/","url":"https:\/\/nortvi.com\/fr\/valises-brunes\/","name":"Valise Brune | Durable | Con\u00e7ue \u00e0 la perfection","isPartOf":{"@id":"https:\/\/nortvi.com\/fr\/#website"},"datePublished":"2025-01-06T07:28:25+00:00","dateModified":"2025-01-06T13:04:14+00:00","description":"La valise brune parfaite de NORTVI est de haute qualit\u00e9, durable et fabriqu\u00e9e \u00e0 la main, offrant une garantie \u00e0 vie pour une durabilit\u00e9 exceptionnelle.","breadcrumb":{"@id":"https:\/\/nortvi.com\/fr\/valises-brunes\/#breadcrumb"},"inLanguage":"fr-FR","potentialAction":[{"@type":"ReadAction","target":["https:\/\/nortvi.com\/fr\/valises-brunes\/"]}]},{"@type":"BreadcrumbList","@id":"https:\/\/nortvi.com\/fr\/valises-brunes\/#breadcrumb","itemListElement":[{"@type":"ListItem","position":1,"name":"Home","item":"https:\/\/nortvi.com\/fr\/"},{"@type":"ListItem","position":2,"name":"Valise Marron"}]},{"@type":"WebSite","@id":"https:\/\/nortvi.com\/fr\/#website","url":"https:\/\/nortvi.com\/fr\/","name":"NORTVI","description":"Sustainable travel gear","publisher":{"@id":"https:\/\/nortvi.com\/fr\/#organization"},"potentialAction":[{"@type":"SearchAction","target":{"@type":"EntryPoint","urlTemplate":"https:\/\/nortvi.com\/fr\/?s={search_term_string}"},"query-input":{"@type":"PropertyValueSpecification","valueRequired":true,"valueName":"search_term_string"}}],"inLanguage":"fr-FR"},{"@type":"Organization","@id":"https:\/\/nortvi.com\/fr\/#organization","name":"NORTVI","url":"https:\/\/nortvi.com\/fr\/","logo":{"@type":"ImageObject","inLanguage":"fr-FR","@id":"https:\/\/nortvi.com\/fr\/#\/schema\/logo\/image\/","url":"https:\/\/nortvi.com\/wp-content\/uploads\/2023\/09\/cropped-logo-footer.png","contentUrl":"https:\/\/nortvi.com\/wp-content\/uploads\/2023\/09\/cropped-logo-footer.png","width":300,"height":46,"caption":"NORTVI"},"image":{"@id":"https:\/\/nortvi.com\/fr\/#\/schema\/logo\/image\/"},"sameAs":["https:\/\/www.instagram.com\/nortvi\/"]}]}},"_links":{"self":[{"href":"https:\/\/nortvi.com\/fr\/wp-json\/wp\/v2\/pages\/323716","targetHints":{"allow":["GET"]}}],"collection":[{"href":"https:\/\/nortvi.com\/fr\/wp-json\/wp\/v2\/pages"}],"about":[{"href":"https:\/\/nortvi.com\/fr\/wp-json\/wp\/v2\/types\/page"}],"author":[{"embeddable":true,"href":"https:\/\/nortvi.com\/fr\/wp-json\/wp\/v2\/users\/1"}],"replies":[{"embeddable":true,"href":"https:\/\/nortvi.com\/fr\/wp-json\/wp\/v2\/comments?post=323716"}],"version-history":[{"count":0,"href":"https:\/\/nortvi.com\/fr\/wp-json\/wp\/v2\/pages\/323716\/revisions"}],"wp:attachment":[{"href":"https:\/\/nortvi.com\/fr\/wp-json\/wp\/v2\/media?parent=323716"}],"curies":[{"name":"wp","href":"https:\/\/api.w.org\/{rel}","templated":true}]}}