{"id":323684,"date":"2025-01-06T08:28:01","date_gmt":"2025-01-06T07:28:01","guid":{"rendered":"https:\/\/nortvi.com\/sets-de-valises-beiges\/"},"modified":"2025-01-06T19:03:16","modified_gmt":"2025-01-06T18:03:16","slug":"sets-de-valises-beiges","status":"publish","type":"page","link":"https:\/\/nortvi.com\/fr\/sets-de-valises-beiges\/","title":{"rendered":"Set de Valises Beiges"},"content":{"rendered":"\n\n\n\n","protected":false},"excerpt":{"rendered":"","protected":false},"author":1,"featured_media":0,"parent":0,"menu_order":0,"comment_status":"closed","ping_status":"closed","template":"","meta":{"_acf_changed":false,"footnotes":""},"class_list":["post-323684","page","type-page","status-publish","hentry"],"acf":[],"yoast_head":"<!-- This site is optimized with the Yoast SEO Premium plugin v27.1 (Yoast SEO v27.3) - https:\/\/yoast.com\/product\/yoast-seo-premium-wordpress\/ -->\n<title>Sets de valises beiges | Premium &amp; Durable<\/title>\n<meta name=\"description\" content=\"D\u00e9couvrez les sets de valises beiges de NORTVI, combinables selon vos pr\u00e9f\u00e9rences. B\u00e9n\u00e9ficiez d&#039;une garantie \u00e0 vie, d&#039;une livraison rapide et gratuite.\" \/>\n<meta name=\"robots\" content=\"index, follow, max-snippet:-1, max-image-preview:large, max-video-preview:-1\" \/>\n<link rel=\"canonical\" href=\"https:\/\/nortvi.com\/fr\/sets-de-valises-beiges\/\" \/>\n<meta property=\"og:locale\" content=\"fr_FR\" \/>\n<meta property=\"og:type\" content=\"article\" \/>\n<meta property=\"og:title\" content=\"Set de Valises Beiges\" \/>\n<meta property=\"og:description\" content=\"D\u00e9couvrez les sets de valises beiges de NORTVI, combinables selon vos pr\u00e9f\u00e9rences. B\u00e9n\u00e9ficiez d&#039;une garantie \u00e0 vie, d&#039;une livraison rapide et gratuite.\" \/>\n<meta property=\"og:url\" content=\"https:\/\/nortvi.com\/fr\/sets-de-valises-beiges\/\" \/>\n<meta property=\"og:site_name\" content=\"NORTVI\" \/>\n<meta property=\"article:modified_time\" content=\"2025-01-06T18:03:16+00:00\" \/>\n<meta name=\"twitter:card\" content=\"summary_large_image\" \/>\n<script type=\"application\/ld+json\" class=\"yoast-schema-graph\">{\"@context\":\"https:\\\/\\\/schema.org\",\"@graph\":[{\"@type\":\"WebPage\",\"@id\":\"https:\\\/\\\/nortvi.com\\\/fr\\\/sets-de-valises-beiges\\\/\",\"url\":\"https:\\\/\\\/nortvi.com\\\/fr\\\/sets-de-valises-beiges\\\/\",\"name\":\"Sets de valises beiges | Premium &amp; Durable\",\"isPartOf\":{\"@id\":\"https:\\\/\\\/nortvi.com\\\/fr\\\/#website\"},\"datePublished\":\"2025-01-06T07:28:01+00:00\",\"dateModified\":\"2025-01-06T18:03:16+00:00\",\"description\":\"D\u00e9couvrez les sets de valises beiges de NORTVI, combinables selon vos pr\u00e9f\u00e9rences. B\u00e9n\u00e9ficiez d'une garantie \u00e0 vie, d'une livraison rapide et gratuite.\",\"breadcrumb\":{\"@id\":\"https:\\\/\\\/nortvi.com\\\/fr\\\/sets-de-valises-beiges\\\/#breadcrumb\"},\"inLanguage\":\"fr-FR\",\"potentialAction\":[{\"@type\":\"ReadAction\",\"target\":[\"https:\\\/\\\/nortvi.com\\\/fr\\\/sets-de-valises-beiges\\\/\"]}]},{\"@type\":\"BreadcrumbList\",\"@id\":\"https:\\\/\\\/nortvi.com\\\/fr\\\/sets-de-valises-beiges\\\/#breadcrumb\",\"itemListElement\":[{\"@type\":\"ListItem\",\"position\":1,\"name\":\"Home\",\"item\":\"https:\\\/\\\/nortvi.com\\\/fr\\\/\"},{\"@type\":\"ListItem\",\"position\":2,\"name\":\"Set de Valises Beiges\"}]},{\"@type\":\"WebSite\",\"@id\":\"https:\\\/\\\/nortvi.com\\\/fr\\\/#website\",\"url\":\"https:\\\/\\\/nortvi.com\\\/fr\\\/\",\"name\":\"NORTVI\",\"description\":\"Sustainable travel gear\",\"publisher\":{\"@id\":\"https:\\\/\\\/nortvi.com\\\/fr\\\/#organization\"},\"potentialAction\":[{\"@type\":\"SearchAction\",\"target\":{\"@type\":\"EntryPoint\",\"urlTemplate\":\"https:\\\/\\\/nortvi.com\\\/fr\\\/?s={search_term_string}\"},\"query-input\":{\"@type\":\"PropertyValueSpecification\",\"valueRequired\":true,\"valueName\":\"search_term_string\"}}],\"inLanguage\":\"fr-FR\"},{\"@type\":\"Organization\",\"@id\":\"https:\\\/\\\/nortvi.com\\\/fr\\\/#organization\",\"name\":\"NORTVI\",\"url\":\"https:\\\/\\\/nortvi.com\\\/fr\\\/\",\"logo\":{\"@type\":\"ImageObject\",\"inLanguage\":\"fr-FR\",\"@id\":\"https:\\\/\\\/nortvi.com\\\/fr\\\/#\\\/schema\\\/logo\\\/image\\\/\",\"url\":\"https:\\\/\\\/nortvi.com\\\/wp-content\\\/uploads\\\/2023\\\/09\\\/cropped-logo-footer.png\",\"contentUrl\":\"https:\\\/\\\/nortvi.com\\\/wp-content\\\/uploads\\\/2023\\\/09\\\/cropped-logo-footer.png\",\"width\":300,\"height\":46,\"caption\":\"NORTVI\"},\"image\":{\"@id\":\"https:\\\/\\\/nortvi.com\\\/fr\\\/#\\\/schema\\\/logo\\\/image\\\/\"},\"sameAs\":[\"https:\\\/\\\/www.instagram.com\\\/nortvi\\\/\"]}]}<\/script>\n<!-- \/ Yoast SEO Premium plugin. -->","yoast_head_json":{"title":"Sets de valises beiges | Premium &amp; Durable","description":"D\u00e9couvrez les sets de valises beiges de NORTVI, combinables selon vos pr\u00e9f\u00e9rences. B\u00e9n\u00e9ficiez d'une garantie \u00e0 vie, d'une livraison rapide et gratuite.","robots":{"index":"index","follow":"follow","max-snippet":"max-snippet:-1","max-image-preview":"max-image-preview:large","max-video-preview":"max-video-preview:-1"},"canonical":"https:\/\/nortvi.com\/fr\/sets-de-valises-beiges\/","og_locale":"fr_FR","og_type":"article","og_title":"Set de Valises Beiges","og_description":"D\u00e9couvrez les sets de valises beiges de NORTVI, combinables selon vos pr\u00e9f\u00e9rences. B\u00e9n\u00e9ficiez d'une garantie \u00e0 vie, d'une livraison rapide et gratuite.","og_url":"https:\/\/nortvi.com\/fr\/sets-de-valises-beiges\/","og_site_name":"NORTVI","article_modified_time":"2025-01-06T18:03:16+00:00","twitter_card":"summary_large_image","schema":{"@context":"https:\/\/schema.org","@graph":[{"@type":"WebPage","@id":"https:\/\/nortvi.com\/fr\/sets-de-valises-beiges\/","url":"https:\/\/nortvi.com\/fr\/sets-de-valises-beiges\/","name":"Sets de valises beiges | Premium &amp; Durable","isPartOf":{"@id":"https:\/\/nortvi.com\/fr\/#website"},"datePublished":"2025-01-06T07:28:01+00:00","dateModified":"2025-01-06T18:03:16+00:00","description":"D\u00e9couvrez les sets de valises beiges de NORTVI, combinables selon vos pr\u00e9f\u00e9rences. B\u00e9n\u00e9ficiez d'une garantie \u00e0 vie, d'une livraison rapide et gratuite.","breadcrumb":{"@id":"https:\/\/nortvi.com\/fr\/sets-de-valises-beiges\/#breadcrumb"},"inLanguage":"fr-FR","potentialAction":[{"@type":"ReadAction","target":["https:\/\/nortvi.com\/fr\/sets-de-valises-beiges\/"]}]},{"@type":"BreadcrumbList","@id":"https:\/\/nortvi.com\/fr\/sets-de-valises-beiges\/#breadcrumb","itemListElement":[{"@type":"ListItem","position":1,"name":"Home","item":"https:\/\/nortvi.com\/fr\/"},{"@type":"ListItem","position":2,"name":"Set de Valises Beiges"}]},{"@type":"WebSite","@id":"https:\/\/nortvi.com\/fr\/#website","url":"https:\/\/nortvi.com\/fr\/","name":"NORTVI","description":"Sustainable travel gear","publisher":{"@id":"https:\/\/nortvi.com\/fr\/#organization"},"potentialAction":[{"@type":"SearchAction","target":{"@type":"EntryPoint","urlTemplate":"https:\/\/nortvi.com\/fr\/?s={search_term_string}"},"query-input":{"@type":"PropertyValueSpecification","valueRequired":true,"valueName":"search_term_string"}}],"inLanguage":"fr-FR"},{"@type":"Organization","@id":"https:\/\/nortvi.com\/fr\/#organization","name":"NORTVI","url":"https:\/\/nortvi.com\/fr\/","logo":{"@type":"ImageObject","inLanguage":"fr-FR","@id":"https:\/\/nortvi.com\/fr\/#\/schema\/logo\/image\/","url":"https:\/\/nortvi.com\/wp-content\/uploads\/2023\/09\/cropped-logo-footer.png","contentUrl":"https:\/\/nortvi.com\/wp-content\/uploads\/2023\/09\/cropped-logo-footer.png","width":300,"height":46,"caption":"NORTVI"},"image":{"@id":"https:\/\/nortvi.com\/fr\/#\/schema\/logo\/image\/"},"sameAs":["https:\/\/www.instagram.com\/nortvi\/"]}]}},"_links":{"self":[{"href":"https:\/\/nortvi.com\/fr\/wp-json\/wp\/v2\/pages\/323684","targetHints":{"allow":["GET"]}}],"collection":[{"href":"https:\/\/nortvi.com\/fr\/wp-json\/wp\/v2\/pages"}],"about":[{"href":"https:\/\/nortvi.com\/fr\/wp-json\/wp\/v2\/types\/page"}],"author":[{"embeddable":true,"href":"https:\/\/nortvi.com\/fr\/wp-json\/wp\/v2\/users\/1"}],"replies":[{"embeddable":true,"href":"https:\/\/nortvi.com\/fr\/wp-json\/wp\/v2\/comments?post=323684"}],"version-history":[{"count":0,"href":"https:\/\/nortvi.com\/fr\/wp-json\/wp\/v2\/pages\/323684\/revisions"}],"wp:attachment":[{"href":"https:\/\/nortvi.com\/fr\/wp-json\/wp\/v2\/media?parent=323684"}],"curies":[{"name":"wp","href":"https:\/\/api.w.org\/{rel}","templated":true}]}}