{"id":316824,"date":"2025-01-06T09:17:04","date_gmt":"2025-01-06T08:17:04","guid":{"rendered":"https:\/\/nortvi.com\/?page_id=316824"},"modified":"2026-03-12T08:42:12","modified_gmt":"2026-03-12T07:42:12","slug":"valises-cabine","status":"publish","type":"page","link":"https:\/\/nortvi.com\/fr\/valises-cabine\/","title":{"rendered":"Bagages \u00e0 main"},"content":{"rendered":"\n\n\n\n\n\n\n\n\n\n\n\n\n\n\n\n\n\n\n\n\n<div style=\"height:100px\" aria-hidden=\"true\" class=\"wp-block-spacer\"><\/div>\n\n\n\n<pre class=\"wp-block-code\"><code><\/code><\/pre>\n","protected":false},"excerpt":{"rendered":"","protected":false},"author":26,"featured_media":0,"parent":0,"menu_order":0,"comment_status":"closed","ping_status":"closed","template":"","meta":{"_acf_changed":false,"footnotes":""},"class_list":["post-316824","page","type-page","status-publish","hentry"],"acf":[],"yoast_head":"<!-- This site is optimized with the Yoast SEO Premium plugin v27.1 (Yoast SEO v27.3) - https:\/\/yoast.com\/product\/yoast-seo-premium-wordpress\/ -->\n<title>Valises cabine | Durables | Con\u00e7ues \u00e0 la perfection<\/title>\n<meta name=\"description\" content=\"Le bagage cabine parfaitement con\u00e7u par NORTVI, fabriqu\u00e9 \u00e0 partir de mat\u00e9riaux de haute qualit\u00e9 selon des pratiques durables. Garanti \u00e0 vie.\" \/>\n<meta name=\"robots\" content=\"index, follow, max-snippet:-1, max-image-preview:large, max-video-preview:-1\" \/>\n<link rel=\"canonical\" href=\"https:\/\/nortvi.com\/fr\/valises-cabine\/\" \/>\n<meta property=\"og:locale\" content=\"fr_FR\" \/>\n<meta property=\"og:type\" content=\"article\" \/>\n<meta property=\"og:title\" content=\"Bagages \u00e0 main\" \/>\n<meta property=\"og:description\" content=\"Le bagage cabine parfaitement con\u00e7u par NORTVI, fabriqu\u00e9 \u00e0 partir de mat\u00e9riaux de haute qualit\u00e9 selon des pratiques durables. Garanti \u00e0 vie.\" \/>\n<meta property=\"og:url\" content=\"https:\/\/nortvi.com\/fr\/valises-cabine\/\" \/>\n<meta property=\"og:site_name\" content=\"NORTVI\" \/>\n<meta property=\"article:modified_time\" content=\"2026-03-12T07:42:12+00:00\" \/>\n<meta name=\"twitter:card\" content=\"summary_large_image\" \/>\n<script type=\"application\/ld+json\" class=\"yoast-schema-graph\">{\"@context\":\"https:\\\/\\\/schema.org\",\"@graph\":[{\"@type\":\"WebPage\",\"@id\":\"https:\\\/\\\/nortvi.com\\\/fr\\\/valises-cabine\\\/\",\"url\":\"https:\\\/\\\/nortvi.com\\\/fr\\\/valises-cabine\\\/\",\"name\":\"Valises cabine | Durables | Con\u00e7ues \u00e0 la perfection\",\"isPartOf\":{\"@id\":\"https:\\\/\\\/nortvi.com\\\/fr\\\/#website\"},\"datePublished\":\"2025-01-06T08:17:04+00:00\",\"dateModified\":\"2026-03-12T07:42:12+00:00\",\"description\":\"Le bagage cabine parfaitement con\u00e7u par NORTVI, fabriqu\u00e9 \u00e0 partir de mat\u00e9riaux de haute qualit\u00e9 selon des pratiques durables. Garanti \u00e0 vie.\",\"breadcrumb\":{\"@id\":\"https:\\\/\\\/nortvi.com\\\/fr\\\/valises-cabine\\\/#breadcrumb\"},\"inLanguage\":\"fr-FR\",\"potentialAction\":[{\"@type\":\"ReadAction\",\"target\":[\"https:\\\/\\\/nortvi.com\\\/fr\\\/valises-cabine\\\/\"]}]},{\"@type\":\"BreadcrumbList\",\"@id\":\"https:\\\/\\\/nortvi.com\\\/fr\\\/valises-cabine\\\/#breadcrumb\",\"itemListElement\":[{\"@type\":\"ListItem\",\"position\":1,\"name\":\"Home\",\"item\":\"https:\\\/\\\/nortvi.com\\\/fr\\\/\"},{\"@type\":\"ListItem\",\"position\":2,\"name\":\"Bagages \u00e0 main\"}]},{\"@type\":\"WebSite\",\"@id\":\"https:\\\/\\\/nortvi.com\\\/fr\\\/#website\",\"url\":\"https:\\\/\\\/nortvi.com\\\/fr\\\/\",\"name\":\"NORTVI\",\"description\":\"Sustainable travel gear\",\"publisher\":{\"@id\":\"https:\\\/\\\/nortvi.com\\\/fr\\\/#organization\"},\"potentialAction\":[{\"@type\":\"SearchAction\",\"target\":{\"@type\":\"EntryPoint\",\"urlTemplate\":\"https:\\\/\\\/nortvi.com\\\/fr\\\/?s={search_term_string}\"},\"query-input\":{\"@type\":\"PropertyValueSpecification\",\"valueRequired\":true,\"valueName\":\"search_term_string\"}}],\"inLanguage\":\"fr-FR\"},{\"@type\":\"Organization\",\"@id\":\"https:\\\/\\\/nortvi.com\\\/fr\\\/#organization\",\"name\":\"NORTVI\",\"url\":\"https:\\\/\\\/nortvi.com\\\/fr\\\/\",\"logo\":{\"@type\":\"ImageObject\",\"inLanguage\":\"fr-FR\",\"@id\":\"https:\\\/\\\/nortvi.com\\\/fr\\\/#\\\/schema\\\/logo\\\/image\\\/\",\"url\":\"https:\\\/\\\/nortvi.com\\\/wp-content\\\/uploads\\\/2023\\\/09\\\/cropped-logo-footer.png\",\"contentUrl\":\"https:\\\/\\\/nortvi.com\\\/wp-content\\\/uploads\\\/2023\\\/09\\\/cropped-logo-footer.png\",\"width\":300,\"height\":46,\"caption\":\"NORTVI\"},\"image\":{\"@id\":\"https:\\\/\\\/nortvi.com\\\/fr\\\/#\\\/schema\\\/logo\\\/image\\\/\"},\"sameAs\":[\"https:\\\/\\\/www.instagram.com\\\/nortvi\\\/\"]}]}<\/script>\n<!-- \/ Yoast SEO Premium plugin. -->","yoast_head_json":{"title":"Valises cabine | Durables | Con\u00e7ues \u00e0 la perfection","description":"Le bagage cabine parfaitement con\u00e7u par NORTVI, fabriqu\u00e9 \u00e0 partir de mat\u00e9riaux de haute qualit\u00e9 selon des pratiques durables. Garanti \u00e0 vie.","robots":{"index":"index","follow":"follow","max-snippet":"max-snippet:-1","max-image-preview":"max-image-preview:large","max-video-preview":"max-video-preview:-1"},"canonical":"https:\/\/nortvi.com\/fr\/valises-cabine\/","og_locale":"fr_FR","og_type":"article","og_title":"Bagages \u00e0 main","og_description":"Le bagage cabine parfaitement con\u00e7u par NORTVI, fabriqu\u00e9 \u00e0 partir de mat\u00e9riaux de haute qualit\u00e9 selon des pratiques durables. Garanti \u00e0 vie.","og_url":"https:\/\/nortvi.com\/fr\/valises-cabine\/","og_site_name":"NORTVI","article_modified_time":"2026-03-12T07:42:12+00:00","twitter_card":"summary_large_image","schema":{"@context":"https:\/\/schema.org","@graph":[{"@type":"WebPage","@id":"https:\/\/nortvi.com\/fr\/valises-cabine\/","url":"https:\/\/nortvi.com\/fr\/valises-cabine\/","name":"Valises cabine | Durables | Con\u00e7ues \u00e0 la perfection","isPartOf":{"@id":"https:\/\/nortvi.com\/fr\/#website"},"datePublished":"2025-01-06T08:17:04+00:00","dateModified":"2026-03-12T07:42:12+00:00","description":"Le bagage cabine parfaitement con\u00e7u par NORTVI, fabriqu\u00e9 \u00e0 partir de mat\u00e9riaux de haute qualit\u00e9 selon des pratiques durables. Garanti \u00e0 vie.","breadcrumb":{"@id":"https:\/\/nortvi.com\/fr\/valises-cabine\/#breadcrumb"},"inLanguage":"fr-FR","potentialAction":[{"@type":"ReadAction","target":["https:\/\/nortvi.com\/fr\/valises-cabine\/"]}]},{"@type":"BreadcrumbList","@id":"https:\/\/nortvi.com\/fr\/valises-cabine\/#breadcrumb","itemListElement":[{"@type":"ListItem","position":1,"name":"Home","item":"https:\/\/nortvi.com\/fr\/"},{"@type":"ListItem","position":2,"name":"Bagages \u00e0 main"}]},{"@type":"WebSite","@id":"https:\/\/nortvi.com\/fr\/#website","url":"https:\/\/nortvi.com\/fr\/","name":"NORTVI","description":"Sustainable travel gear","publisher":{"@id":"https:\/\/nortvi.com\/fr\/#organization"},"potentialAction":[{"@type":"SearchAction","target":{"@type":"EntryPoint","urlTemplate":"https:\/\/nortvi.com\/fr\/?s={search_term_string}"},"query-input":{"@type":"PropertyValueSpecification","valueRequired":true,"valueName":"search_term_string"}}],"inLanguage":"fr-FR"},{"@type":"Organization","@id":"https:\/\/nortvi.com\/fr\/#organization","name":"NORTVI","url":"https:\/\/nortvi.com\/fr\/","logo":{"@type":"ImageObject","inLanguage":"fr-FR","@id":"https:\/\/nortvi.com\/fr\/#\/schema\/logo\/image\/","url":"https:\/\/nortvi.com\/wp-content\/uploads\/2023\/09\/cropped-logo-footer.png","contentUrl":"https:\/\/nortvi.com\/wp-content\/uploads\/2023\/09\/cropped-logo-footer.png","width":300,"height":46,"caption":"NORTVI"},"image":{"@id":"https:\/\/nortvi.com\/fr\/#\/schema\/logo\/image\/"},"sameAs":["https:\/\/www.instagram.com\/nortvi\/"]}]}},"_links":{"self":[{"href":"https:\/\/nortvi.com\/fr\/wp-json\/wp\/v2\/pages\/316824","targetHints":{"allow":["GET"]}}],"collection":[{"href":"https:\/\/nortvi.com\/fr\/wp-json\/wp\/v2\/pages"}],"about":[{"href":"https:\/\/nortvi.com\/fr\/wp-json\/wp\/v2\/types\/page"}],"author":[{"embeddable":true,"href":"https:\/\/nortvi.com\/fr\/wp-json\/wp\/v2\/users\/26"}],"replies":[{"embeddable":true,"href":"https:\/\/nortvi.com\/fr\/wp-json\/wp\/v2\/comments?post=316824"}],"version-history":[{"count":0,"href":"https:\/\/nortvi.com\/fr\/wp-json\/wp\/v2\/pages\/316824\/revisions"}],"wp:attachment":[{"href":"https:\/\/nortvi.com\/fr\/wp-json\/wp\/v2\/media?parent=316824"}],"curies":[{"name":"wp","href":"https:\/\/api.w.org\/{rel}","templated":true}]}}