{"id":307756,"date":"2024-08-14T16:10:16","date_gmt":"2024-08-14T14:10:16","guid":{"rendered":"https:\/\/nortvi.com\/imprint\/"},"modified":"2025-10-29T13:38:14","modified_gmt":"2025-10-29T12:38:14","slug":"imprint-fr","status":"publish","type":"page","link":"https:\/\/nortvi.com\/fr\/imprint-fr\/","title":{"rendered":"Imprint"},"content":{"rendered":"\n<p>NORTVI B.V.<\/p>\n\n\n\n<p>Singel 370<\/p>\n\n\n\n<p>1016 AH Amsterdam<\/p>\n\n\n\n<p>Pays-Bas<\/p>\n\n\n\n<p><br>Directeurs G\u00e9n\u00e9raux : Marijn van Roij, Sebastiaan van Dam, Max van Dam <\/p>\n\n\n\n<p>T\u00e9l\u00e9phone : +31 85 799 0600<\/p>\n\n\n\n<p><a href=\"mailto:contact@nortvi.com\"><\/a><a href=\"mailto:contact@nortvi.com\">E-mail: contact@nortvi.com<\/a><\/p>\n\n\n\n<p>TVA : NL860281644B01<\/p>\n\n\n\n<p>Chambre de Commerce : 75433486, Amsterdam, Pays-Bas<br><br><\/p>\n\n\n\n<p><strong>Site web <\/strong><\/p>\n\n\n\n<p>Les informations sur ce site ont \u00e9t\u00e9 cr\u00e9\u00e9es avec le plus grand soin. En tant que prestataire de services, nous ne pouvons \u00eatre tenus responsables du contenu de tiers qu&#8217;\u00e0 partir du moment o\u00f9 nous avons connaissance d&#8217;une violation l\u00e9gale sp\u00e9cifique. Nous nous r\u00e9servons le droit de modifier ou de supprimer toute partie du contenu, \u00e0 condition que les obligations contractuelles ne soient pas affect\u00e9es.   <\/p>\n\n\n\n<p><strong>Responsabilit\u00e9 pour les liens<\/strong><\/p>\n\n\n\n<p>Le contenu des sites externes li\u00e9s sur notre plateforme, que ce soit directement ou indirectement via des hyperliens ou des liens profonds, n&#8217;est pas sous notre contr\u00f4le et ne refl\u00e8te pas nos opinions. Au moment de la cr\u00e9ation des liens, aucun contenu illicite n&#8217;a \u00e9t\u00e9 d\u00e9tect\u00e9 sur les sites concern\u00e9s. Comme nous n&#8217;avons aucune influence sur le contenu actuel ou futur de ces sites li\u00e9s, nous d\u00e9clinons express\u00e9ment toute responsabilit\u00e9 pour les modifications apport\u00e9es apr\u00e8s la cr\u00e9ation des liens. La responsabilit\u00e9 de tout le contenu et en particulier des dommages r\u00e9sultant de l&#8217;utilisation des informations disponibles sur les pages li\u00e9es incombe uniquement au fournisseur du site respectif. Si nous prenons connaissance de contenus ill\u00e9gaux, inappropri\u00e9s ou inexacts sur les sites vers lesquels nous avons \u00e9tabli des liens, nous retirerons rapidement le lien.     <\/p>\n\n\n\n<p><strong>Droits d&#8217;auteur <\/strong><\/p>\n\n\n\n<p>Toutes les marques, images, textes, commentaires, illustrations, images (anim\u00e9es), vid\u00e9os, sons et toutes les applications techniques utilis\u00e9es sur ce site sont prot\u00e9g\u00e9s par les lois sur la propri\u00e9t\u00e9 intellectuelle. Toute reproduction, r\u00e9p\u00e9tition, utilisation ou modification, par quelque moyen que ce soit, de tout ou partie de ces \u00e9l\u00e9ments, y compris des applications techniques, sans notre autorisation \u00e9crite pr\u00e9alable, est interdite.  <\/p>\n\n\n\n<p><strong>Protection et collecte des donn\u00e9es<\/strong><\/p>\n\n\n\n<p>Nous appr\u00e9cions votre int\u00e9r\u00eat pour notre entreprise et notre site web. La protection de vos donn\u00e9es personnelles lors de leur collecte, traitement et utilisation pendant votre visite sur notre page d&#8217;accueil est une priorit\u00e9 pour nous. Vos donn\u00e9es sont trait\u00e9es conform\u00e9ment aux lois sur la protection des donn\u00e9es en vigueur. Dans notre politique de confidentialit\u00e9, vous trouverez tous les d\u00e9tails sur les types de donn\u00e9es collect\u00e9es lors de votre visite sur notre site web et sur la mani\u00e8re dont elles sont utilis\u00e9es : <a href=\"https:\/\/nortvi.com\/fr\/protection-de-la-vie-privee\/\">https:\/\/nortvi.com\/fr\/protection-de-la-vie-privee\/<\/a><\/p>\n\n\n\n<p><strong>R\u00e9solution des litiges en ligne<\/strong><\/p>\n\n\n\n<p>Conform\u00e9ment \u00e0 l&#8217;article 14, section 1 du r\u00e8glement ODR, la Commission europ\u00e9enne offre une plateforme de r\u00e9solution des litiges en ligne (OS) \u00e0 l&#8217;adresse suivante : http:\/\/ec.europa.eu\/consumers\/odr\/. Cependant, nous ne sommes pas oblig\u00e9s de participer \u00e0 une proc\u00e9dure de r\u00e9solution des litiges.<\/p>\n","protected":false},"excerpt":{"rendered":"<p>NORTVI B.V. Singel 370 1016 AH Amsterdam Pays-Bas Directeurs G\u00e9n\u00e9raux : Marijn van Roij, Sebastiaan van Dam, Max van Dam T\u00e9l\u00e9phone : +31 85 799 0600 E-mail: contact@nortvi.com TVA : NL860281644B01 Chambre de Commerce : 75433486, Amsterdam, Pays-Bas Site web Les informations sur ce site ont \u00e9t\u00e9 cr\u00e9\u00e9es avec le plus grand soin. En tant [&hellip;]<\/p>\n","protected":false},"author":26,"featured_media":0,"parent":0,"menu_order":0,"comment_status":"closed","ping_status":"closed","template":"page-text.php","meta":{"_acf_changed":false,"footnotes":""},"class_list":["post-307756","page","type-page","status-publish","hentry"],"acf":[],"yoast_head":"<!-- This site is optimized with the Yoast SEO Premium plugin v27.1 (Yoast SEO v27.3) - https:\/\/yoast.com\/product\/yoast-seo-premium-wordpress\/ -->\n<title>Imprint - NORTVI<\/title>\n<meta name=\"robots\" content=\"index, follow, max-snippet:-1, max-image-preview:large, max-video-preview:-1\" \/>\n<link rel=\"canonical\" href=\"https:\/\/nortvi.com\/fr\/imprint-fr\/\" \/>\n<meta property=\"og:locale\" content=\"fr_FR\" \/>\n<meta property=\"og:type\" content=\"article\" \/>\n<meta property=\"og:title\" content=\"Imprint\" \/>\n<meta property=\"og:description\" content=\"NORTVI B.V. Singel 370 1016 AH Amsterdam Pays-Bas Directeurs G\u00e9n\u00e9raux : Marijn van Roij, Sebastiaan van Dam, Max van Dam T\u00e9l\u00e9phone : +31 85 799 0600 E-mail: contact@nortvi.com TVA : NL860281644B01 Chambre de Commerce : 75433486, Amsterdam, Pays-Bas Site web Les informations sur ce site ont \u00e9t\u00e9 cr\u00e9\u00e9es avec le plus grand soin. En tant [&hellip;]\" \/>\n<meta property=\"og:url\" content=\"https:\/\/nortvi.com\/fr\/imprint-fr\/\" \/>\n<meta property=\"og:site_name\" content=\"NORTVI\" \/>\n<meta property=\"article:modified_time\" content=\"2025-10-29T12:38:14+00:00\" \/>\n<meta name=\"twitter:card\" content=\"summary_large_image\" \/>\n<script type=\"application\/ld+json\" class=\"yoast-schema-graph\">{\"@context\":\"https:\\\/\\\/schema.org\",\"@graph\":[{\"@type\":\"WebPage\",\"@id\":\"https:\\\/\\\/nortvi.com\\\/fr\\\/imprint-fr\\\/\",\"url\":\"https:\\\/\\\/nortvi.com\\\/fr\\\/imprint-fr\\\/\",\"name\":\"Imprint - NORTVI\",\"isPartOf\":{\"@id\":\"https:\\\/\\\/nortvi.com\\\/fr\\\/#website\"},\"datePublished\":\"2024-08-14T14:10:16+00:00\",\"dateModified\":\"2025-10-29T12:38:14+00:00\",\"breadcrumb\":{\"@id\":\"https:\\\/\\\/nortvi.com\\\/fr\\\/imprint-fr\\\/#breadcrumb\"},\"inLanguage\":\"fr-FR\",\"potentialAction\":[{\"@type\":\"ReadAction\",\"target\":[\"https:\\\/\\\/nortvi.com\\\/fr\\\/imprint-fr\\\/\"]}]},{\"@type\":\"BreadcrumbList\",\"@id\":\"https:\\\/\\\/nortvi.com\\\/fr\\\/imprint-fr\\\/#breadcrumb\",\"itemListElement\":[{\"@type\":\"ListItem\",\"position\":1,\"name\":\"Home\",\"item\":\"https:\\\/\\\/nortvi.com\\\/fr\\\/\"},{\"@type\":\"ListItem\",\"position\":2,\"name\":\"Imprint\"}]},{\"@type\":\"WebSite\",\"@id\":\"https:\\\/\\\/nortvi.com\\\/fr\\\/#website\",\"url\":\"https:\\\/\\\/nortvi.com\\\/fr\\\/\",\"name\":\"NORTVI\",\"description\":\"Sustainable travel gear\",\"publisher\":{\"@id\":\"https:\\\/\\\/nortvi.com\\\/fr\\\/#organization\"},\"potentialAction\":[{\"@type\":\"SearchAction\",\"target\":{\"@type\":\"EntryPoint\",\"urlTemplate\":\"https:\\\/\\\/nortvi.com\\\/fr\\\/?s={search_term_string}\"},\"query-input\":{\"@type\":\"PropertyValueSpecification\",\"valueRequired\":true,\"valueName\":\"search_term_string\"}}],\"inLanguage\":\"fr-FR\"},{\"@type\":\"Organization\",\"@id\":\"https:\\\/\\\/nortvi.com\\\/fr\\\/#organization\",\"name\":\"NORTVI\",\"url\":\"https:\\\/\\\/nortvi.com\\\/fr\\\/\",\"logo\":{\"@type\":\"ImageObject\",\"inLanguage\":\"fr-FR\",\"@id\":\"https:\\\/\\\/nortvi.com\\\/fr\\\/#\\\/schema\\\/logo\\\/image\\\/\",\"url\":\"https:\\\/\\\/nortvi.com\\\/wp-content\\\/uploads\\\/2023\\\/09\\\/cropped-logo-footer.png\",\"contentUrl\":\"https:\\\/\\\/nortvi.com\\\/wp-content\\\/uploads\\\/2023\\\/09\\\/cropped-logo-footer.png\",\"width\":300,\"height\":46,\"caption\":\"NORTVI\"},\"image\":{\"@id\":\"https:\\\/\\\/nortvi.com\\\/fr\\\/#\\\/schema\\\/logo\\\/image\\\/\"},\"sameAs\":[\"https:\\\/\\\/www.instagram.com\\\/nortvi\\\/\"]}]}<\/script>\n<!-- \/ Yoast SEO Premium plugin. -->","yoast_head_json":{"title":"Imprint - NORTVI","robots":{"index":"index","follow":"follow","max-snippet":"max-snippet:-1","max-image-preview":"max-image-preview:large","max-video-preview":"max-video-preview:-1"},"canonical":"https:\/\/nortvi.com\/fr\/imprint-fr\/","og_locale":"fr_FR","og_type":"article","og_title":"Imprint","og_description":"NORTVI B.V. Singel 370 1016 AH Amsterdam Pays-Bas Directeurs G\u00e9n\u00e9raux : Marijn van Roij, Sebastiaan van Dam, Max van Dam T\u00e9l\u00e9phone : +31 85 799 0600 E-mail: contact@nortvi.com TVA : NL860281644B01 Chambre de Commerce : 75433486, Amsterdam, Pays-Bas Site web Les informations sur ce site ont \u00e9t\u00e9 cr\u00e9\u00e9es avec le plus grand soin. En tant [&hellip;]","og_url":"https:\/\/nortvi.com\/fr\/imprint-fr\/","og_site_name":"NORTVI","article_modified_time":"2025-10-29T12:38:14+00:00","twitter_card":"summary_large_image","schema":{"@context":"https:\/\/schema.org","@graph":[{"@type":"WebPage","@id":"https:\/\/nortvi.com\/fr\/imprint-fr\/","url":"https:\/\/nortvi.com\/fr\/imprint-fr\/","name":"Imprint - NORTVI","isPartOf":{"@id":"https:\/\/nortvi.com\/fr\/#website"},"datePublished":"2024-08-14T14:10:16+00:00","dateModified":"2025-10-29T12:38:14+00:00","breadcrumb":{"@id":"https:\/\/nortvi.com\/fr\/imprint-fr\/#breadcrumb"},"inLanguage":"fr-FR","potentialAction":[{"@type":"ReadAction","target":["https:\/\/nortvi.com\/fr\/imprint-fr\/"]}]},{"@type":"BreadcrumbList","@id":"https:\/\/nortvi.com\/fr\/imprint-fr\/#breadcrumb","itemListElement":[{"@type":"ListItem","position":1,"name":"Home","item":"https:\/\/nortvi.com\/fr\/"},{"@type":"ListItem","position":2,"name":"Imprint"}]},{"@type":"WebSite","@id":"https:\/\/nortvi.com\/fr\/#website","url":"https:\/\/nortvi.com\/fr\/","name":"NORTVI","description":"Sustainable travel gear","publisher":{"@id":"https:\/\/nortvi.com\/fr\/#organization"},"potentialAction":[{"@type":"SearchAction","target":{"@type":"EntryPoint","urlTemplate":"https:\/\/nortvi.com\/fr\/?s={search_term_string}"},"query-input":{"@type":"PropertyValueSpecification","valueRequired":true,"valueName":"search_term_string"}}],"inLanguage":"fr-FR"},{"@type":"Organization","@id":"https:\/\/nortvi.com\/fr\/#organization","name":"NORTVI","url":"https:\/\/nortvi.com\/fr\/","logo":{"@type":"ImageObject","inLanguage":"fr-FR","@id":"https:\/\/nortvi.com\/fr\/#\/schema\/logo\/image\/","url":"https:\/\/nortvi.com\/wp-content\/uploads\/2023\/09\/cropped-logo-footer.png","contentUrl":"https:\/\/nortvi.com\/wp-content\/uploads\/2023\/09\/cropped-logo-footer.png","width":300,"height":46,"caption":"NORTVI"},"image":{"@id":"https:\/\/nortvi.com\/fr\/#\/schema\/logo\/image\/"},"sameAs":["https:\/\/www.instagram.com\/nortvi\/"]}]}},"_links":{"self":[{"href":"https:\/\/nortvi.com\/fr\/wp-json\/wp\/v2\/pages\/307756","targetHints":{"allow":["GET"]}}],"collection":[{"href":"https:\/\/nortvi.com\/fr\/wp-json\/wp\/v2\/pages"}],"about":[{"href":"https:\/\/nortvi.com\/fr\/wp-json\/wp\/v2\/types\/page"}],"author":[{"embeddable":true,"href":"https:\/\/nortvi.com\/fr\/wp-json\/wp\/v2\/users\/26"}],"replies":[{"embeddable":true,"href":"https:\/\/nortvi.com\/fr\/wp-json\/wp\/v2\/comments?post=307756"}],"version-history":[{"count":0,"href":"https:\/\/nortvi.com\/fr\/wp-json\/wp\/v2\/pages\/307756\/revisions"}],"wp:attachment":[{"href":"https:\/\/nortvi.com\/fr\/wp-json\/wp\/v2\/media?parent=307756"}],"curies":[{"name":"wp","href":"https:\/\/api.w.org\/{rel}","templated":true}]}}