{"id":306064,"date":"2024-07-29T14:22:25","date_gmt":"2024-07-29T12:22:25","guid":{"rendered":"https:\/\/nortvi.com\/tess-van-zalinge\/"},"modified":"2024-08-28T16:41:01","modified_gmt":"2024-08-28T14:41:01","slug":"tess-van-zalinge","status":"publish","type":"page","link":"https:\/\/nortvi.com\/fr\/tess-van-zalinge\/","title":{"rendered":"Tess van Zalinge"},"content":{"rendered":"\n\n\n\n\n\n\n<figure class=\"wp-block-video\"><video height=\"1080\" style=\"aspect-ratio: 1920 \/ 1080;\" width=\"1920\" autoplay controls loop muted src=\"https:\/\/nortvi.com\/wp-content\/uploads\/2024\/07\/Nortvi-Tess-van-Zalinge_V7-ZONDER-logo-MET-subs-muziek-1.webm\" playsinline><\/video><\/figure>\n\n\n\n\n\n<div class=\"wp-block-columns is-layout-flex wp-container-core-columns-is-layout-9d6595d7 wp-block-columns-is-layout-flex\">\n<div class=\"wp-block-column is-layout-flow wp-block-column-is-layout-flow\">\n<figure class=\"wp-block-image size-full\"><img decoding=\"async\" width=\"1291\" height=\"1776\" src=\"https:\/\/nortvi.com\/wp-content\/uploads\/2024\/07\/VWE_NORTVIxTESSVANZALINGE-24-2.jpg\" alt=\"\" class=\"wp-image-306015\" style=\"object-fit:cover\" srcset=\"https:\/\/nortvi.com\/wp-content\/uploads\/2024\/07\/VWE_NORTVIxTESSVANZALINGE-24-2.jpg 1291w, https:\/\/nortvi.com\/wp-content\/uploads\/2024\/07\/VWE_NORTVIxTESSVANZALINGE-24-2-218x300.jpg 218w, https:\/\/nortvi.com\/wp-content\/uploads\/2024\/07\/VWE_NORTVIxTESSVANZALINGE-24-2-744x1024.jpg 744w, https:\/\/nortvi.com\/wp-content\/uploads\/2024\/07\/VWE_NORTVIxTESSVANZALINGE-24-2-768x1057.jpg 768w, https:\/\/nortvi.com\/wp-content\/uploads\/2024\/07\/VWE_NORTVIxTESSVANZALINGE-24-2-1117x1536.jpg 1117w, https:\/\/nortvi.com\/wp-content\/uploads\/2024\/07\/VWE_NORTVIxTESSVANZALINGE-24-2-1200x1651.jpg 1200w\" sizes=\"(max-width: 1291px) 100vw, 1291px\" \/><\/figure>\n<\/div>\n\n\n\n<div class=\"wp-block-column is-layout-flow wp-block-column-is-layout-flow\">\n<figure class=\"wp-block-image size-full\"><img decoding=\"async\" width=\"1280\" height=\"1760\" src=\"https:\/\/nortvi.com\/wp-content\/uploads\/2024\/07\/VWE_NORTVIxTESSVANZALINGE-865-2.jpg\" alt=\"\" class=\"wp-image-306010\" srcset=\"https:\/\/nortvi.com\/wp-content\/uploads\/2024\/07\/VWE_NORTVIxTESSVANZALINGE-865-2.jpg 1280w, https:\/\/nortvi.com\/wp-content\/uploads\/2024\/07\/VWE_NORTVIxTESSVANZALINGE-865-2-218x300.jpg 218w, https:\/\/nortvi.com\/wp-content\/uploads\/2024\/07\/VWE_NORTVIxTESSVANZALINGE-865-2-745x1024.jpg 745w, https:\/\/nortvi.com\/wp-content\/uploads\/2024\/07\/VWE_NORTVIxTESSVANZALINGE-865-2-768x1056.jpg 768w, https:\/\/nortvi.com\/wp-content\/uploads\/2024\/07\/VWE_NORTVIxTESSVANZALINGE-865-2-1117x1536.jpg 1117w, https:\/\/nortvi.com\/wp-content\/uploads\/2024\/07\/VWE_NORTVIxTESSVANZALINGE-865-2-1200x1650.jpg 1200w\" sizes=\"(max-width: 1280px) 100vw, 1280px\" \/><\/figure>\n<\/div>\n<\/div>\n\n\n\n\n\n<div class=\"wp-block-columns is-layout-flex wp-container-core-columns-is-layout-9d6595d7 wp-block-columns-is-layout-flex\">\n<div class=\"wp-block-column is-layout-flow wp-block-column-is-layout-flow\">\n<figure class=\"wp-block-image size-full\"><img decoding=\"async\" width=\"1302\" height=\"1953\" src=\"https:\/\/nortvi.com\/wp-content\/uploads\/2024\/08\/DSC9076-1.jpg\" alt=\"\" class=\"wp-image-308863\" srcset=\"https:\/\/nortvi.com\/wp-content\/uploads\/2024\/08\/DSC9076-1.jpg 1302w, https:\/\/nortvi.com\/wp-content\/uploads\/2024\/08\/DSC9076-1-200x300.jpg 200w, https:\/\/nortvi.com\/wp-content\/uploads\/2024\/08\/DSC9076-1-683x1024.jpg 683w, https:\/\/nortvi.com\/wp-content\/uploads\/2024\/08\/DSC9076-1-768x1152.jpg 768w, https:\/\/nortvi.com\/wp-content\/uploads\/2024\/08\/DSC9076-1-1024x1536.jpg 1024w, https:\/\/nortvi.com\/wp-content\/uploads\/2024\/08\/DSC9076-1-1200x1800.jpg 1200w\" sizes=\"(max-width: 1302px) 100vw, 1302px\" \/><\/figure>\n<\/div>\n\n\n\n<div class=\"wp-block-column is-layout-flow wp-block-column-is-layout-flow\">\n<figure class=\"wp-block-image size-full\"><img decoding=\"async\" width=\"1321\" height=\"1981\" src=\"https:\/\/nortvi.com\/wp-content\/uploads\/2024\/08\/DSC8967-1.jpg\" alt=\"\" class=\"wp-image-308872\" srcset=\"https:\/\/nortvi.com\/wp-content\/uploads\/2024\/08\/DSC8967-1.jpg 1321w, https:\/\/nortvi.com\/wp-content\/uploads\/2024\/08\/DSC8967-1-200x300.jpg 200w, https:\/\/nortvi.com\/wp-content\/uploads\/2024\/08\/DSC8967-1-683x1024.jpg 683w, https:\/\/nortvi.com\/wp-content\/uploads\/2024\/08\/DSC8967-1-768x1152.jpg 768w, https:\/\/nortvi.com\/wp-content\/uploads\/2024\/08\/DSC8967-1-1024x1536.jpg 1024w, https:\/\/nortvi.com\/wp-content\/uploads\/2024\/08\/DSC8967-1-1200x1800.jpg 1200w\" sizes=\"(max-width: 1321px) 100vw, 1321px\" \/><\/figure>\n<\/div>\n\n\n\n<div class=\"wp-block-column is-layout-flow wp-block-column-is-layout-flow\">\n<figure class=\"wp-block-image size-full\"><img decoding=\"async\" width=\"1302\" height=\"1953\" src=\"https:\/\/nortvi.com\/wp-content\/uploads\/2024\/08\/DSC9109-1.jpg\" alt=\"\" class=\"wp-image-308876\" srcset=\"https:\/\/nortvi.com\/wp-content\/uploads\/2024\/08\/DSC9109-1.jpg 1302w, https:\/\/nortvi.com\/wp-content\/uploads\/2024\/08\/DSC9109-1-200x300.jpg 200w, https:\/\/nortvi.com\/wp-content\/uploads\/2024\/08\/DSC9109-1-683x1024.jpg 683w, https:\/\/nortvi.com\/wp-content\/uploads\/2024\/08\/DSC9109-1-768x1152.jpg 768w, https:\/\/nortvi.com\/wp-content\/uploads\/2024\/08\/DSC9109-1-1024x1536.jpg 1024w, https:\/\/nortvi.com\/wp-content\/uploads\/2024\/08\/DSC9109-1-1200x1800.jpg 1200w\" sizes=\"(max-width: 1302px) 100vw, 1302px\" \/><\/figure>\n<\/div>\n<\/div>\n\n\n\n<div style=\"height:70px\" aria-hidden=\"true\" class=\"wp-block-spacer\"><\/div>\n","protected":false},"excerpt":{"rendered":"","protected":false},"author":2,"featured_media":0,"parent":0,"menu_order":0,"comment_status":"closed","ping_status":"closed","template":"","meta":{"_acf_changed":false,"footnotes":""},"class_list":["post-306064","page","type-page","status-publish","hentry"],"acf":[],"yoast_head":"<!-- This site is optimized with the Yoast SEO Premium plugin v27.1 (Yoast SEO v27.3) - https:\/\/yoast.com\/product\/yoast-seo-premium-wordpress\/ -->\n<title>Tess van Zalinge - A circular dream becomes reality<\/title>\n<meta name=\"description\" content=\"D\u00e9couvrez comment innovation et durabilit\u00e9 se rejoignent dans une collection qui red\u00e9finit la mode et la responsabilit\u00e9 environnementale.\" \/>\n<meta name=\"robots\" content=\"index, follow, max-snippet:-1, max-image-preview:large, max-video-preview:-1\" \/>\n<link rel=\"canonical\" href=\"https:\/\/nortvi.com\/fr\/tess-van-zalinge\/\" \/>\n<meta property=\"og:locale\" content=\"fr_FR\" \/>\n<meta property=\"og:type\" content=\"article\" \/>\n<meta property=\"og:title\" content=\"Tess van Zalinge\" \/>\n<meta property=\"og:description\" content=\"D\u00e9couvrez comment innovation et durabilit\u00e9 se rejoignent dans une collection qui red\u00e9finit la mode et la responsabilit\u00e9 environnementale.\" \/>\n<meta property=\"og:url\" content=\"https:\/\/nortvi.com\/fr\/tess-van-zalinge\/\" \/>\n<meta property=\"og:site_name\" content=\"NORTVI\" \/>\n<meta property=\"article:modified_time\" content=\"2024-08-28T14:41:01+00:00\" \/>\n<meta property=\"og:image\" content=\"https:\/\/nortvi.com\/wp-content\/uploads\/2024\/07\/VWE_NORTVIxTESSVANZALINGE-24-2.jpg\" \/>\n\t<meta property=\"og:image:width\" content=\"1291\" \/>\n\t<meta property=\"og:image:height\" content=\"1776\" \/>\n\t<meta property=\"og:image:type\" content=\"image\/jpeg\" \/>\n<meta name=\"twitter:card\" content=\"summary_large_image\" \/>\n<meta name=\"twitter:label1\" content=\"Dur\u00e9e de lecture estim\u00e9e\" \/>\n\t<meta name=\"twitter:data1\" content=\"1 minute\" \/>\n<script type=\"application\/ld+json\" class=\"yoast-schema-graph\">{\"@context\":\"https:\\\/\\\/schema.org\",\"@graph\":[{\"@type\":\"WebPage\",\"@id\":\"https:\\\/\\\/nortvi.com\\\/fr\\\/tess-van-zalinge\\\/\",\"url\":\"https:\\\/\\\/nortvi.com\\\/fr\\\/tess-van-zalinge\\\/\",\"name\":\"Tess van Zalinge - A circular dream becomes reality\",\"isPartOf\":{\"@id\":\"https:\\\/\\\/nortvi.com\\\/fr\\\/#website\"},\"primaryImageOfPage\":{\"@id\":\"https:\\\/\\\/nortvi.com\\\/fr\\\/tess-van-zalinge\\\/#primaryimage\"},\"image\":{\"@id\":\"https:\\\/\\\/nortvi.com\\\/fr\\\/tess-van-zalinge\\\/#primaryimage\"},\"thumbnailUrl\":\"https:\\\/\\\/nortvi.com\\\/wp-content\\\/uploads\\\/2024\\\/07\\\/VWE_NORTVIxTESSVANZALINGE-24-2.jpg\",\"datePublished\":\"2024-07-29T12:22:25+00:00\",\"dateModified\":\"2024-08-28T14:41:01+00:00\",\"description\":\"D\u00e9couvrez comment innovation et durabilit\u00e9 se rejoignent dans une collection qui red\u00e9finit la mode et la responsabilit\u00e9 environnementale.\",\"breadcrumb\":{\"@id\":\"https:\\\/\\\/nortvi.com\\\/fr\\\/tess-van-zalinge\\\/#breadcrumb\"},\"inLanguage\":\"fr-FR\",\"potentialAction\":[{\"@type\":\"ReadAction\",\"target\":[\"https:\\\/\\\/nortvi.com\\\/fr\\\/tess-van-zalinge\\\/\"]}]},{\"@type\":\"ImageObject\",\"inLanguage\":\"fr-FR\",\"@id\":\"https:\\\/\\\/nortvi.com\\\/fr\\\/tess-van-zalinge\\\/#primaryimage\",\"url\":\"https:\\\/\\\/nortvi.com\\\/wp-content\\\/uploads\\\/2024\\\/07\\\/VWE_NORTVIxTESSVANZALINGE-24-2.jpg\",\"contentUrl\":\"https:\\\/\\\/nortvi.com\\\/wp-content\\\/uploads\\\/2024\\\/07\\\/VWE_NORTVIxTESSVANZALINGE-24-2.jpg\"},{\"@type\":\"BreadcrumbList\",\"@id\":\"https:\\\/\\\/nortvi.com\\\/fr\\\/tess-van-zalinge\\\/#breadcrumb\",\"itemListElement\":[{\"@type\":\"ListItem\",\"position\":1,\"name\":\"Home\",\"item\":\"https:\\\/\\\/nortvi.com\\\/fr\\\/\"},{\"@type\":\"ListItem\",\"position\":2,\"name\":\"Tess van Zalinge\"}]},{\"@type\":\"WebSite\",\"@id\":\"https:\\\/\\\/nortvi.com\\\/fr\\\/#website\",\"url\":\"https:\\\/\\\/nortvi.com\\\/fr\\\/\",\"name\":\"NORTVI\",\"description\":\"Sustainable travel gear\",\"publisher\":{\"@id\":\"https:\\\/\\\/nortvi.com\\\/fr\\\/#organization\"},\"potentialAction\":[{\"@type\":\"SearchAction\",\"target\":{\"@type\":\"EntryPoint\",\"urlTemplate\":\"https:\\\/\\\/nortvi.com\\\/fr\\\/?s={search_term_string}\"},\"query-input\":{\"@type\":\"PropertyValueSpecification\",\"valueRequired\":true,\"valueName\":\"search_term_string\"}}],\"inLanguage\":\"fr-FR\"},{\"@type\":\"Organization\",\"@id\":\"https:\\\/\\\/nortvi.com\\\/fr\\\/#organization\",\"name\":\"NORTVI\",\"url\":\"https:\\\/\\\/nortvi.com\\\/fr\\\/\",\"logo\":{\"@type\":\"ImageObject\",\"inLanguage\":\"fr-FR\",\"@id\":\"https:\\\/\\\/nortvi.com\\\/fr\\\/#\\\/schema\\\/logo\\\/image\\\/\",\"url\":\"https:\\\/\\\/nortvi.com\\\/wp-content\\\/uploads\\\/2023\\\/09\\\/cropped-logo-footer.png\",\"contentUrl\":\"https:\\\/\\\/nortvi.com\\\/wp-content\\\/uploads\\\/2023\\\/09\\\/cropped-logo-footer.png\",\"width\":300,\"height\":46,\"caption\":\"NORTVI\"},\"image\":{\"@id\":\"https:\\\/\\\/nortvi.com\\\/fr\\\/#\\\/schema\\\/logo\\\/image\\\/\"},\"sameAs\":[\"https:\\\/\\\/www.instagram.com\\\/nortvi\\\/\"]}]}<\/script>\n<!-- \/ Yoast SEO Premium plugin. -->","yoast_head_json":{"title":"Tess van Zalinge - A circular dream becomes reality","description":"D\u00e9couvrez comment innovation et durabilit\u00e9 se rejoignent dans une collection qui red\u00e9finit la mode et la responsabilit\u00e9 environnementale.","robots":{"index":"index","follow":"follow","max-snippet":"max-snippet:-1","max-image-preview":"max-image-preview:large","max-video-preview":"max-video-preview:-1"},"canonical":"https:\/\/nortvi.com\/fr\/tess-van-zalinge\/","og_locale":"fr_FR","og_type":"article","og_title":"Tess van Zalinge","og_description":"D\u00e9couvrez comment innovation et durabilit\u00e9 se rejoignent dans une collection qui red\u00e9finit la mode et la responsabilit\u00e9 environnementale.","og_url":"https:\/\/nortvi.com\/fr\/tess-van-zalinge\/","og_site_name":"NORTVI","article_modified_time":"2024-08-28T14:41:01+00:00","og_image":[{"width":1291,"height":1776,"url":"https:\/\/nortvi.com\/wp-content\/uploads\/2024\/07\/VWE_NORTVIxTESSVANZALINGE-24-2.jpg","type":"image\/jpeg"}],"twitter_card":"summary_large_image","twitter_misc":{"Dur\u00e9e de lecture estim\u00e9e":"1 minute"},"schema":{"@context":"https:\/\/schema.org","@graph":[{"@type":"WebPage","@id":"https:\/\/nortvi.com\/fr\/tess-van-zalinge\/","url":"https:\/\/nortvi.com\/fr\/tess-van-zalinge\/","name":"Tess van Zalinge - A circular dream becomes reality","isPartOf":{"@id":"https:\/\/nortvi.com\/fr\/#website"},"primaryImageOfPage":{"@id":"https:\/\/nortvi.com\/fr\/tess-van-zalinge\/#primaryimage"},"image":{"@id":"https:\/\/nortvi.com\/fr\/tess-van-zalinge\/#primaryimage"},"thumbnailUrl":"https:\/\/nortvi.com\/wp-content\/uploads\/2024\/07\/VWE_NORTVIxTESSVANZALINGE-24-2.jpg","datePublished":"2024-07-29T12:22:25+00:00","dateModified":"2024-08-28T14:41:01+00:00","description":"D\u00e9couvrez comment innovation et durabilit\u00e9 se rejoignent dans une collection qui red\u00e9finit la mode et la responsabilit\u00e9 environnementale.","breadcrumb":{"@id":"https:\/\/nortvi.com\/fr\/tess-van-zalinge\/#breadcrumb"},"inLanguage":"fr-FR","potentialAction":[{"@type":"ReadAction","target":["https:\/\/nortvi.com\/fr\/tess-van-zalinge\/"]}]},{"@type":"ImageObject","inLanguage":"fr-FR","@id":"https:\/\/nortvi.com\/fr\/tess-van-zalinge\/#primaryimage","url":"https:\/\/nortvi.com\/wp-content\/uploads\/2024\/07\/VWE_NORTVIxTESSVANZALINGE-24-2.jpg","contentUrl":"https:\/\/nortvi.com\/wp-content\/uploads\/2024\/07\/VWE_NORTVIxTESSVANZALINGE-24-2.jpg"},{"@type":"BreadcrumbList","@id":"https:\/\/nortvi.com\/fr\/tess-van-zalinge\/#breadcrumb","itemListElement":[{"@type":"ListItem","position":1,"name":"Home","item":"https:\/\/nortvi.com\/fr\/"},{"@type":"ListItem","position":2,"name":"Tess van Zalinge"}]},{"@type":"WebSite","@id":"https:\/\/nortvi.com\/fr\/#website","url":"https:\/\/nortvi.com\/fr\/","name":"NORTVI","description":"Sustainable travel gear","publisher":{"@id":"https:\/\/nortvi.com\/fr\/#organization"},"potentialAction":[{"@type":"SearchAction","target":{"@type":"EntryPoint","urlTemplate":"https:\/\/nortvi.com\/fr\/?s={search_term_string}"},"query-input":{"@type":"PropertyValueSpecification","valueRequired":true,"valueName":"search_term_string"}}],"inLanguage":"fr-FR"},{"@type":"Organization","@id":"https:\/\/nortvi.com\/fr\/#organization","name":"NORTVI","url":"https:\/\/nortvi.com\/fr\/","logo":{"@type":"ImageObject","inLanguage":"fr-FR","@id":"https:\/\/nortvi.com\/fr\/#\/schema\/logo\/image\/","url":"https:\/\/nortvi.com\/wp-content\/uploads\/2023\/09\/cropped-logo-footer.png","contentUrl":"https:\/\/nortvi.com\/wp-content\/uploads\/2023\/09\/cropped-logo-footer.png","width":300,"height":46,"caption":"NORTVI"},"image":{"@id":"https:\/\/nortvi.com\/fr\/#\/schema\/logo\/image\/"},"sameAs":["https:\/\/www.instagram.com\/nortvi\/"]}]}},"_links":{"self":[{"href":"https:\/\/nortvi.com\/fr\/wp-json\/wp\/v2\/pages\/306064","targetHints":{"allow":["GET"]}}],"collection":[{"href":"https:\/\/nortvi.com\/fr\/wp-json\/wp\/v2\/pages"}],"about":[{"href":"https:\/\/nortvi.com\/fr\/wp-json\/wp\/v2\/types\/page"}],"author":[{"embeddable":true,"href":"https:\/\/nortvi.com\/fr\/wp-json\/wp\/v2\/users\/2"}],"replies":[{"embeddable":true,"href":"https:\/\/nortvi.com\/fr\/wp-json\/wp\/v2\/comments?post=306064"}],"version-history":[{"count":0,"href":"https:\/\/nortvi.com\/fr\/wp-json\/wp\/v2\/pages\/306064\/revisions"}],"wp:attachment":[{"href":"https:\/\/nortvi.com\/fr\/wp-json\/wp\/v2\/media?parent=306064"}],"curies":[{"name":"wp","href":"https:\/\/api.w.org\/{rel}","templated":true}]}}