{"id":295113,"date":"2024-03-13T11:29:28","date_gmt":"2024-03-13T10:29:28","guid":{"rendered":"https:\/\/nortvi-prod.wdc.app\/?page_id=275113"},"modified":"2026-03-12T14:21:08","modified_gmt":"2026-03-12T13:21:08","slug":"notre-garantie","status":"publish","type":"page","link":"https:\/\/nortvi.com\/fr\/notre-garantie\/","title":{"rendered":"Notre garantie"},"content":{"rendered":"\n<p><\/p>\n\n\n\n<p><\/p>\n\n\n\n<p><\/p>\n\n\n\n<div style=\"height:107px\" aria-hidden=\"true\" class=\"wp-block-spacer\"><\/div>\n\n\n\n<p class=\"has-large-font-size\">Notre garantie<\/p>\n\n\n\n<p><\/p>\n\n\n\n<p>C\u2019est notre devoir de cr\u00e9er des bagages de voyage con\u00e7us pour durer toute une vie, et nous nous engageons \u00e0 n&#8217;utiliser que les meilleurs mat\u00e9riaux, car nous souhaitons que vous puissiez utiliser votre valise pendant des ann\u00e9es tout en vous garantissant la plus haute qualit\u00e9.<\/p>\n\n\n\n<p>Nos bagages de voyage subissent des tests approfondis pour s&#8217;assurer qu&#8217;ils passent nos contr\u00f4les de qualit\u00e9 rigoureux. Nous croyons en nos produits et offrons donc une garantie \u00e0 vie, y compris des r\u00e9parations sur nos valises. Les conditions de cette garantie sont indiqu\u00e9es ci-dessous :<\/p>\n\n\n\n<p>NORTVI offre une garantie \u00e0 vie sur ses valises contre les d\u00e9fauts de mat\u00e9riau et\/ou de fabrication pouvant affecter un usage normal. La Cabin S b\u00e9n\u00e9ficie d\u2019une garantie de 5 ans. Veuillez vous inscrire dans les 30 jours suivant votre achat pour activer votre garantie \u00e0 vie pour la valise. Vous pouvez vous inscrire en renseignant vos informations via le <a href=\"https:\/\/www.nortvi.com\/warranty-activation\/\">lien<\/a> suivant. Si vous ne vous inscrivez pas dans les 30 jours, une p\u00e9riode de garantie de deux ans s&#8217;appliquera. La garantie enregistr\u00e9e est exclusivement fournie au premier propri\u00e9taire enregistr\u00e9, commence \u00e0 la date d\u2019achat et reste valable uniquement pendant la p\u00e9riode durant laquelle le bagage demeure la propri\u00e9t\u00e9 de l\u2019acheteur d\u2019origine.<br><\/p>\n\n\n\n<p>NORTVI propose une garantie de deux (2) ans sur tous ses sacs contre les d\u00e9fauts de mat\u00e9riau et\/ou de fabrication pouvant affecter un usage normal.<\/p>\n\n\n\n<p>La garantie ne s&#8217;applique pas dans les cas suivants :<\/p>\n\n\n\n<p>(a) en cas d\u2019usure r\u00e9sultant d\u2019une utilisation normale ;<br>(b) si des modifications ont \u00e9t\u00e9 apport\u00e9es au produit, y compris des r\u00e9parations non effectu\u00e9es par NORTVI ;<br>(c) si la preuve d\u2019achat originale ne peut \u00eatre fournie ou a \u00e9t\u00e9 modifi\u00e9e ou rendue illisible ;<br>(d) si le d\u00e9faut ou le dommage r\u00e9sulte d\u2019une utilisation inappropri\u00e9e ou inconsid\u00e9r\u00e9e ;<br>(e) Si le d\u00e9faut ou le dommage est caus\u00e9 par des causes externes ou par un tiers, comme une compagnie a\u00e9rienne ou un service de transport. Les dommages caus\u00e9s par un tel tiers doivent \u00eatre signal\u00e9s directement \u00e0 la partie concern\u00e9e, qui, dans la plupart des cas, sera assur\u00e9e contre de tels dommages ;<br>(f) si le d\u00e9faut ou le dommage r\u00e9sulte d\u2019un mauvais traitement intentionnel, d\u2019une n\u00e9gligence grave ou d\u2019une utilisation et d\u2019un entretien n\u00e9gligents.<\/p>\n\n\n\n<p>Si vous souhaitez faire usage de votre garantie et que nous la jugeons valide, nous ferons tout notre possible pour r\u00e9parer votre produit. Si la r\u00e9paration de votre produit n&#8217;est pas possible, nous pouvons vous fournir un article de remplacement, sous r\u00e9serve de disponibilit\u00e9.<\/p>\n\n\n\n<p>Si un \u00e9v\u00e9nement couvert par cette garantie se produit, NORTVI s&#8217;efforcera de r\u00e9parer ou de remplacer votre produit dans les 30 jours suivant la r\u00e9ception.<br>La garantie continuera de s&#8217;appliquer au produit r\u00e9par\u00e9 ou remplac\u00e9, mais la dur\u00e9e de garantie initiale ne sera pas prolong\u00e9e. NORTVI se r\u00e9serve le droit de limiter, \u00e0 sa seule discr\u00e9tion, le nombre de remplacements effectu\u00e9s au titre de cette garantie.<\/p>\n\n\n\n<p>Si vous avez une am\u00e9lioration \u00e0 nous proposer ou si nous pouvons vous assister dans le cadre de pr\u00e9occupations ou de souhaits particuliers, n\u2019h\u00e9sitez pas \u00e0 contacter notre service client\u00e8le, qui reste toujours \u00e0 votre disposition.<\/p>\n\n\n\n<p>Le service client\u00e8le de NORTVI est \u00e0 votre disposition par t\u00e9l\u00e9phone du lundi au vendredi de 10h \u00e0 17h : +31 85 799 0600 ou par e-mail : <a href=\"mailto:contact@nortvi.com\">contact@nortvi.com<\/a>. Nous ferons notre possible pour r\u00e9pondre \u00e0 toutes vos r\u00e9clamations dans les meilleurs d\u00e9lais et faire en sorte que vous restiez satisfait de nos produits \u00e0 tout moment.<\/p>\n\n\n\n<div style=\"height:206px\" aria-hidden=\"true\" class=\"wp-block-spacer\"><\/div>\n","protected":false},"excerpt":{"rendered":"<p>Notre garantie C\u2019est notre devoir de cr\u00e9er des bagages de voyage con\u00e7us pour durer toute une vie, et nous nous engageons \u00e0 n&#8217;utiliser que les meilleurs mat\u00e9riaux, car nous souhaitons que vous puissiez utiliser votre valise pendant des ann\u00e9es tout en vous garantissant la plus haute qualit\u00e9. Nos bagages de voyage subissent des tests approfondis [&hellip;]<\/p>\n","protected":false},"author":26,"featured_media":0,"parent":0,"menu_order":0,"comment_status":"closed","ping_status":"closed","template":"","meta":{"_acf_changed":false,"footnotes":""},"class_list":["post-295113","page","type-page","status-publish","hentry"],"acf":[],"yoast_head":"<!-- This site is optimized with the Yoast SEO Premium plugin v27.1 (Yoast SEO v27.3) - https:\/\/yoast.com\/product\/yoast-seo-premium-wordpress\/ -->\n<title>Notre Garantie \u00e0 Vie - Durable &amp; \u00c9l\u00e9gant<\/title>\n<meta name=\"description\" content=\"D\u00e9couvrez notre garantie \u00e0 vie. C&#039;est notre mission de cr\u00e9er des bagages qui gardent ces souvenirs vivants \u00e0 chaque voyage que vous entreprenez.\" \/>\n<meta name=\"robots\" content=\"index, follow, max-snippet:-1, max-image-preview:large, max-video-preview:-1\" \/>\n<link rel=\"canonical\" href=\"https:\/\/nortvi.com\/fr\/notre-garantie\/\" \/>\n<meta property=\"og:locale\" content=\"fr_FR\" \/>\n<meta property=\"og:type\" content=\"article\" \/>\n<meta property=\"og:title\" content=\"Notre garantie\" \/>\n<meta property=\"og:description\" content=\"D\u00e9couvrez notre garantie \u00e0 vie. C&#039;est notre mission de cr\u00e9er des bagages qui gardent ces souvenirs vivants \u00e0 chaque voyage que vous entreprenez.\" \/>\n<meta property=\"og:url\" content=\"https:\/\/nortvi.com\/fr\/notre-garantie\/\" \/>\n<meta property=\"og:site_name\" content=\"NORTVI\" \/>\n<meta property=\"article:modified_time\" content=\"2026-03-12T13:21:08+00:00\" \/>\n<meta name=\"twitter:card\" content=\"summary_large_image\" \/>\n<meta name=\"twitter:label1\" content=\"Dur\u00e9e de lecture estim\u00e9e\" \/>\n\t<meta name=\"twitter:data1\" content=\"3 minutes\" \/>\n<script type=\"application\/ld+json\" class=\"yoast-schema-graph\">{\"@context\":\"https:\\\/\\\/schema.org\",\"@graph\":[{\"@type\":\"WebPage\",\"@id\":\"https:\\\/\\\/nortvi.com\\\/fr\\\/notre-garantie\\\/\",\"url\":\"https:\\\/\\\/nortvi.com\\\/fr\\\/notre-garantie\\\/\",\"name\":\"Notre Garantie \u00e0 Vie - Durable & \u00c9l\u00e9gant\",\"isPartOf\":{\"@id\":\"https:\\\/\\\/nortvi.com\\\/fr\\\/#website\"},\"datePublished\":\"2024-03-13T10:29:28+00:00\",\"dateModified\":\"2026-03-12T13:21:08+00:00\",\"description\":\"D\u00e9couvrez notre garantie \u00e0 vie. C'est notre mission de cr\u00e9er des bagages qui gardent ces souvenirs vivants \u00e0 chaque voyage que vous entreprenez.\",\"breadcrumb\":{\"@id\":\"https:\\\/\\\/nortvi.com\\\/fr\\\/notre-garantie\\\/#breadcrumb\"},\"inLanguage\":\"fr-FR\",\"potentialAction\":[{\"@type\":\"ReadAction\",\"target\":[\"https:\\\/\\\/nortvi.com\\\/fr\\\/notre-garantie\\\/\"]}]},{\"@type\":\"BreadcrumbList\",\"@id\":\"https:\\\/\\\/nortvi.com\\\/fr\\\/notre-garantie\\\/#breadcrumb\",\"itemListElement\":[{\"@type\":\"ListItem\",\"position\":1,\"name\":\"Home\",\"item\":\"https:\\\/\\\/nortvi.com\\\/fr\\\/\"},{\"@type\":\"ListItem\",\"position\":2,\"name\":\"Notre garantie\"}]},{\"@type\":\"WebSite\",\"@id\":\"https:\\\/\\\/nortvi.com\\\/fr\\\/#website\",\"url\":\"https:\\\/\\\/nortvi.com\\\/fr\\\/\",\"name\":\"NORTVI\",\"description\":\"Sustainable travel gear\",\"publisher\":{\"@id\":\"https:\\\/\\\/nortvi.com\\\/fr\\\/#organization\"},\"potentialAction\":[{\"@type\":\"SearchAction\",\"target\":{\"@type\":\"EntryPoint\",\"urlTemplate\":\"https:\\\/\\\/nortvi.com\\\/fr\\\/?s={search_term_string}\"},\"query-input\":{\"@type\":\"PropertyValueSpecification\",\"valueRequired\":true,\"valueName\":\"search_term_string\"}}],\"inLanguage\":\"fr-FR\"},{\"@type\":\"Organization\",\"@id\":\"https:\\\/\\\/nortvi.com\\\/fr\\\/#organization\",\"name\":\"NORTVI\",\"url\":\"https:\\\/\\\/nortvi.com\\\/fr\\\/\",\"logo\":{\"@type\":\"ImageObject\",\"inLanguage\":\"fr-FR\",\"@id\":\"https:\\\/\\\/nortvi.com\\\/fr\\\/#\\\/schema\\\/logo\\\/image\\\/\",\"url\":\"https:\\\/\\\/nortvi.com\\\/wp-content\\\/uploads\\\/2023\\\/09\\\/cropped-logo-footer.png\",\"contentUrl\":\"https:\\\/\\\/nortvi.com\\\/wp-content\\\/uploads\\\/2023\\\/09\\\/cropped-logo-footer.png\",\"width\":300,\"height\":46,\"caption\":\"NORTVI\"},\"image\":{\"@id\":\"https:\\\/\\\/nortvi.com\\\/fr\\\/#\\\/schema\\\/logo\\\/image\\\/\"},\"sameAs\":[\"https:\\\/\\\/www.instagram.com\\\/nortvi\\\/\"]}]}<\/script>\n<!-- \/ Yoast SEO Premium plugin. -->","yoast_head_json":{"title":"Notre Garantie \u00e0 Vie - Durable & \u00c9l\u00e9gant","description":"D\u00e9couvrez notre garantie \u00e0 vie. C'est notre mission de cr\u00e9er des bagages qui gardent ces souvenirs vivants \u00e0 chaque voyage que vous entreprenez.","robots":{"index":"index","follow":"follow","max-snippet":"max-snippet:-1","max-image-preview":"max-image-preview:large","max-video-preview":"max-video-preview:-1"},"canonical":"https:\/\/nortvi.com\/fr\/notre-garantie\/","og_locale":"fr_FR","og_type":"article","og_title":"Notre garantie","og_description":"D\u00e9couvrez notre garantie \u00e0 vie. C'est notre mission de cr\u00e9er des bagages qui gardent ces souvenirs vivants \u00e0 chaque voyage que vous entreprenez.","og_url":"https:\/\/nortvi.com\/fr\/notre-garantie\/","og_site_name":"NORTVI","article_modified_time":"2026-03-12T13:21:08+00:00","twitter_card":"summary_large_image","twitter_misc":{"Dur\u00e9e de lecture estim\u00e9e":"3 minutes"},"schema":{"@context":"https:\/\/schema.org","@graph":[{"@type":"WebPage","@id":"https:\/\/nortvi.com\/fr\/notre-garantie\/","url":"https:\/\/nortvi.com\/fr\/notre-garantie\/","name":"Notre Garantie \u00e0 Vie - Durable & \u00c9l\u00e9gant","isPartOf":{"@id":"https:\/\/nortvi.com\/fr\/#website"},"datePublished":"2024-03-13T10:29:28+00:00","dateModified":"2026-03-12T13:21:08+00:00","description":"D\u00e9couvrez notre garantie \u00e0 vie. C'est notre mission de cr\u00e9er des bagages qui gardent ces souvenirs vivants \u00e0 chaque voyage que vous entreprenez.","breadcrumb":{"@id":"https:\/\/nortvi.com\/fr\/notre-garantie\/#breadcrumb"},"inLanguage":"fr-FR","potentialAction":[{"@type":"ReadAction","target":["https:\/\/nortvi.com\/fr\/notre-garantie\/"]}]},{"@type":"BreadcrumbList","@id":"https:\/\/nortvi.com\/fr\/notre-garantie\/#breadcrumb","itemListElement":[{"@type":"ListItem","position":1,"name":"Home","item":"https:\/\/nortvi.com\/fr\/"},{"@type":"ListItem","position":2,"name":"Notre garantie"}]},{"@type":"WebSite","@id":"https:\/\/nortvi.com\/fr\/#website","url":"https:\/\/nortvi.com\/fr\/","name":"NORTVI","description":"Sustainable travel gear","publisher":{"@id":"https:\/\/nortvi.com\/fr\/#organization"},"potentialAction":[{"@type":"SearchAction","target":{"@type":"EntryPoint","urlTemplate":"https:\/\/nortvi.com\/fr\/?s={search_term_string}"},"query-input":{"@type":"PropertyValueSpecification","valueRequired":true,"valueName":"search_term_string"}}],"inLanguage":"fr-FR"},{"@type":"Organization","@id":"https:\/\/nortvi.com\/fr\/#organization","name":"NORTVI","url":"https:\/\/nortvi.com\/fr\/","logo":{"@type":"ImageObject","inLanguage":"fr-FR","@id":"https:\/\/nortvi.com\/fr\/#\/schema\/logo\/image\/","url":"https:\/\/nortvi.com\/wp-content\/uploads\/2023\/09\/cropped-logo-footer.png","contentUrl":"https:\/\/nortvi.com\/wp-content\/uploads\/2023\/09\/cropped-logo-footer.png","width":300,"height":46,"caption":"NORTVI"},"image":{"@id":"https:\/\/nortvi.com\/fr\/#\/schema\/logo\/image\/"},"sameAs":["https:\/\/www.instagram.com\/nortvi\/"]}]}},"_links":{"self":[{"href":"https:\/\/nortvi.com\/fr\/wp-json\/wp\/v2\/pages\/295113","targetHints":{"allow":["GET"]}}],"collection":[{"href":"https:\/\/nortvi.com\/fr\/wp-json\/wp\/v2\/pages"}],"about":[{"href":"https:\/\/nortvi.com\/fr\/wp-json\/wp\/v2\/types\/page"}],"author":[{"embeddable":true,"href":"https:\/\/nortvi.com\/fr\/wp-json\/wp\/v2\/users\/26"}],"replies":[{"embeddable":true,"href":"https:\/\/nortvi.com\/fr\/wp-json\/wp\/v2\/comments?post=295113"}],"version-history":[{"count":0,"href":"https:\/\/nortvi.com\/fr\/wp-json\/wp\/v2\/pages\/295113\/revisions"}],"wp:attachment":[{"href":"https:\/\/nortvi.com\/fr\/wp-json\/wp\/v2\/media?parent=295113"}],"curies":[{"name":"wp","href":"https:\/\/api.w.org\/{rel}","templated":true}]}}