{"id":292228,"date":"2023-09-08T14:32:51","date_gmt":"2023-09-08T12:32:51","guid":{"rendered":"https:\/\/nortvi-prod.wdc.app\/quality\/"},"modified":"2025-12-10T13:11:21","modified_gmt":"2025-12-10T12:11:21","slug":"qualite","status":"publish","type":"page","link":"https:\/\/nortvi.com\/fr\/qualite\/","title":{"rendered":"Quality"},"content":{"rendered":"\n\n\n\n\n<figure class=\"wp-block-video aligncenter d-none d-lg-block\"><video height=\"1080\" style=\"aspect-ratio: 2880 \/ 1080;\" width=\"2880\" autoplay controls loop muted src=\"https:\/\/nortvi.com\/wp-content\/uploads\/2025\/12\/2025-Nortvi-Narratives-ENG-subtitles_V5-4-2.mov\" playsinline><\/video><\/figure>\n\n\n\n<figure class=\"wp-block-video aligncenter d-lg-none\"><video height=\"1080\" style=\"aspect-ratio: 1080 \/ 1080;\" width=\"1080\" autoplay controls loop muted src=\"https:\/\/nortvi.com\/wp-content\/uploads\/2025\/12\/2025-Nortvi-Narratives-1x1-ENG-subtitles_V4.mov\" playsinline><\/video><\/figure>\n\n\n\n\n\n\n\n\n\n\n\n\n\n\n\n\n\n\n","protected":false},"excerpt":{"rendered":"","protected":false},"author":26,"featured_media":0,"parent":0,"menu_order":0,"comment_status":"closed","ping_status":"closed","template":"","meta":{"_acf_changed":false,"footnotes":""},"class_list":["post-292228","page","type-page","status-publish","hentry"],"acf":[],"yoast_head":"<!-- This site is optimized with the Yoast SEO Premium plugin v27.1 (Yoast SEO v27.3) - https:\/\/yoast.com\/product\/yoast-seo-premium-wordpress\/ -->\n<title>\u00c0 propos de nous | Quality | Qualit\u00e9 dans chaque d\u00e9tail<\/title>\n<meta name=\"description\" content=\"Voyager cr\u00e9e des souvenirs qui durent toute une vie. Chez NORTVI, nous concevons des valises durables pour garder ces souvenirs vivants \u00e0 chaque voyage.\" \/>\n<meta name=\"robots\" content=\"index, follow, max-snippet:-1, max-image-preview:large, max-video-preview:-1\" \/>\n<link rel=\"canonical\" href=\"https:\/\/nortvi.com\/fr\/qualite\/\" \/>\n<meta property=\"og:locale\" content=\"fr_FR\" \/>\n<meta property=\"og:type\" content=\"article\" \/>\n<meta property=\"og:title\" content=\"Quality\" \/>\n<meta property=\"og:description\" content=\"Voyager cr\u00e9e des souvenirs qui durent toute une vie. Chez NORTVI, nous concevons des valises durables pour garder ces souvenirs vivants \u00e0 chaque voyage.\" \/>\n<meta property=\"og:url\" content=\"https:\/\/nortvi.com\/fr\/qualite\/\" \/>\n<meta property=\"og:site_name\" content=\"NORTVI\" \/>\n<meta property=\"article:modified_time\" content=\"2025-12-10T12:11:21+00:00\" \/>\n<meta name=\"twitter:card\" content=\"summary_large_image\" \/>\n<script type=\"application\/ld+json\" class=\"yoast-schema-graph\">{\"@context\":\"https:\\\/\\\/schema.org\",\"@graph\":[{\"@type\":\"WebPage\",\"@id\":\"https:\\\/\\\/nortvi.com\\\/fr\\\/qualite\\\/\",\"url\":\"https:\\\/\\\/nortvi.com\\\/fr\\\/qualite\\\/\",\"name\":\"\u00c0 propos de nous | Quality | Qualit\u00e9 dans chaque d\u00e9tail\",\"isPartOf\":{\"@id\":\"https:\\\/\\\/nortvi.com\\\/fr\\\/#website\"},\"datePublished\":\"2023-09-08T12:32:51+00:00\",\"dateModified\":\"2025-12-10T12:11:21+00:00\",\"description\":\"Voyager cr\u00e9e des souvenirs qui durent toute une vie. Chez NORTVI, nous concevons des valises durables pour garder ces souvenirs vivants \u00e0 chaque voyage.\",\"breadcrumb\":{\"@id\":\"https:\\\/\\\/nortvi.com\\\/fr\\\/qualite\\\/#breadcrumb\"},\"inLanguage\":\"fr-FR\",\"potentialAction\":[{\"@type\":\"ReadAction\",\"target\":[\"https:\\\/\\\/nortvi.com\\\/fr\\\/qualite\\\/\"]}]},{\"@type\":\"BreadcrumbList\",\"@id\":\"https:\\\/\\\/nortvi.com\\\/fr\\\/qualite\\\/#breadcrumb\",\"itemListElement\":[{\"@type\":\"ListItem\",\"position\":1,\"name\":\"Home\",\"item\":\"https:\\\/\\\/nortvi.com\\\/fr\\\/\"},{\"@type\":\"ListItem\",\"position\":2,\"name\":\"Quality\"}]},{\"@type\":\"WebSite\",\"@id\":\"https:\\\/\\\/nortvi.com\\\/fr\\\/#website\",\"url\":\"https:\\\/\\\/nortvi.com\\\/fr\\\/\",\"name\":\"NORTVI\",\"description\":\"Sustainable travel gear\",\"publisher\":{\"@id\":\"https:\\\/\\\/nortvi.com\\\/fr\\\/#organization\"},\"potentialAction\":[{\"@type\":\"SearchAction\",\"target\":{\"@type\":\"EntryPoint\",\"urlTemplate\":\"https:\\\/\\\/nortvi.com\\\/fr\\\/?s={search_term_string}\"},\"query-input\":{\"@type\":\"PropertyValueSpecification\",\"valueRequired\":true,\"valueName\":\"search_term_string\"}}],\"inLanguage\":\"fr-FR\"},{\"@type\":\"Organization\",\"@id\":\"https:\\\/\\\/nortvi.com\\\/fr\\\/#organization\",\"name\":\"NORTVI\",\"url\":\"https:\\\/\\\/nortvi.com\\\/fr\\\/\",\"logo\":{\"@type\":\"ImageObject\",\"inLanguage\":\"fr-FR\",\"@id\":\"https:\\\/\\\/nortvi.com\\\/fr\\\/#\\\/schema\\\/logo\\\/image\\\/\",\"url\":\"https:\\\/\\\/nortvi.com\\\/wp-content\\\/uploads\\\/2023\\\/09\\\/cropped-logo-footer.png\",\"contentUrl\":\"https:\\\/\\\/nortvi.com\\\/wp-content\\\/uploads\\\/2023\\\/09\\\/cropped-logo-footer.png\",\"width\":300,\"height\":46,\"caption\":\"NORTVI\"},\"image\":{\"@id\":\"https:\\\/\\\/nortvi.com\\\/fr\\\/#\\\/schema\\\/logo\\\/image\\\/\"},\"sameAs\":[\"https:\\\/\\\/www.instagram.com\\\/nortvi\\\/\"]}]}<\/script>\n<!-- \/ Yoast SEO Premium plugin. -->","yoast_head_json":{"title":"\u00c0 propos de nous | Quality | Qualit\u00e9 dans chaque d\u00e9tail","description":"Voyager cr\u00e9e des souvenirs qui durent toute une vie. Chez NORTVI, nous concevons des valises durables pour garder ces souvenirs vivants \u00e0 chaque voyage.","robots":{"index":"index","follow":"follow","max-snippet":"max-snippet:-1","max-image-preview":"max-image-preview:large","max-video-preview":"max-video-preview:-1"},"canonical":"https:\/\/nortvi.com\/fr\/qualite\/","og_locale":"fr_FR","og_type":"article","og_title":"Quality","og_description":"Voyager cr\u00e9e des souvenirs qui durent toute une vie. Chez NORTVI, nous concevons des valises durables pour garder ces souvenirs vivants \u00e0 chaque voyage.","og_url":"https:\/\/nortvi.com\/fr\/qualite\/","og_site_name":"NORTVI","article_modified_time":"2025-12-10T12:11:21+00:00","twitter_card":"summary_large_image","schema":{"@context":"https:\/\/schema.org","@graph":[{"@type":"WebPage","@id":"https:\/\/nortvi.com\/fr\/qualite\/","url":"https:\/\/nortvi.com\/fr\/qualite\/","name":"\u00c0 propos de nous | Quality | Qualit\u00e9 dans chaque d\u00e9tail","isPartOf":{"@id":"https:\/\/nortvi.com\/fr\/#website"},"datePublished":"2023-09-08T12:32:51+00:00","dateModified":"2025-12-10T12:11:21+00:00","description":"Voyager cr\u00e9e des souvenirs qui durent toute une vie. Chez NORTVI, nous concevons des valises durables pour garder ces souvenirs vivants \u00e0 chaque voyage.","breadcrumb":{"@id":"https:\/\/nortvi.com\/fr\/qualite\/#breadcrumb"},"inLanguage":"fr-FR","potentialAction":[{"@type":"ReadAction","target":["https:\/\/nortvi.com\/fr\/qualite\/"]}]},{"@type":"BreadcrumbList","@id":"https:\/\/nortvi.com\/fr\/qualite\/#breadcrumb","itemListElement":[{"@type":"ListItem","position":1,"name":"Home","item":"https:\/\/nortvi.com\/fr\/"},{"@type":"ListItem","position":2,"name":"Quality"}]},{"@type":"WebSite","@id":"https:\/\/nortvi.com\/fr\/#website","url":"https:\/\/nortvi.com\/fr\/","name":"NORTVI","description":"Sustainable travel gear","publisher":{"@id":"https:\/\/nortvi.com\/fr\/#organization"},"potentialAction":[{"@type":"SearchAction","target":{"@type":"EntryPoint","urlTemplate":"https:\/\/nortvi.com\/fr\/?s={search_term_string}"},"query-input":{"@type":"PropertyValueSpecification","valueRequired":true,"valueName":"search_term_string"}}],"inLanguage":"fr-FR"},{"@type":"Organization","@id":"https:\/\/nortvi.com\/fr\/#organization","name":"NORTVI","url":"https:\/\/nortvi.com\/fr\/","logo":{"@type":"ImageObject","inLanguage":"fr-FR","@id":"https:\/\/nortvi.com\/fr\/#\/schema\/logo\/image\/","url":"https:\/\/nortvi.com\/wp-content\/uploads\/2023\/09\/cropped-logo-footer.png","contentUrl":"https:\/\/nortvi.com\/wp-content\/uploads\/2023\/09\/cropped-logo-footer.png","width":300,"height":46,"caption":"NORTVI"},"image":{"@id":"https:\/\/nortvi.com\/fr\/#\/schema\/logo\/image\/"},"sameAs":["https:\/\/www.instagram.com\/nortvi\/"]}]}},"_links":{"self":[{"href":"https:\/\/nortvi.com\/fr\/wp-json\/wp\/v2\/pages\/292228","targetHints":{"allow":["GET"]}}],"collection":[{"href":"https:\/\/nortvi.com\/fr\/wp-json\/wp\/v2\/pages"}],"about":[{"href":"https:\/\/nortvi.com\/fr\/wp-json\/wp\/v2\/types\/page"}],"author":[{"embeddable":true,"href":"https:\/\/nortvi.com\/fr\/wp-json\/wp\/v2\/users\/26"}],"replies":[{"embeddable":true,"href":"https:\/\/nortvi.com\/fr\/wp-json\/wp\/v2\/comments?post=292228"}],"version-history":[{"count":0,"href":"https:\/\/nortvi.com\/fr\/wp-json\/wp\/v2\/pages\/292228\/revisions"}],"wp:attachment":[{"href":"https:\/\/nortvi.com\/fr\/wp-json\/wp\/v2\/media?parent=292228"}],"curies":[{"name":"wp","href":"https:\/\/api.w.org\/{rel}","templated":true}]}}