{"id":259337,"date":"2023-04-26T16:10:23","date_gmt":"2023-04-26T14:10:23","guid":{"rendered":"https:\/\/nortvi-prod.wdc.app\/protection-de-la-vie-privee\/"},"modified":"2025-06-11T11:35:42","modified_gmt":"2025-06-11T09:35:42","slug":"protection-de-la-vie-privee","status":"publish","type":"page","link":"https:\/\/nortvi.com\/fr\/protection-de-la-vie-privee\/","title":{"rendered":"Protection de la vie priv\u00e9e"},"content":{"rendered":"\n<p>Nortvi B.V. respecte la vie priv\u00e9e des visiteurs de son site web, en particulier leurs droits concernant le traitement automatique des donn\u00e9es personnelles. C\u2019est pourquoi nous avons formul\u00e9 et mis en \u0153uvre une politique de transparence totale avec nos clients concernant le traitement des donn\u00e9es personnelles, sa ou ses finalit\u00e9s et les possibilit\u00e9s d\u2019exercer au mieux vos droits l\u00e9gaux.<\/p>\n\n\n\n<p>Si vous souhaitez obtenir des informations suppl\u00e9mentaires sur la protection des donn\u00e9es personnelles, veuillez consulter le site web de l\u2019autorit\u00e9 n\u00e9erlandaise de protection des donn\u00e9es (Autoriteit Persoonsgegevens) (en n\u00e9erlandais): <a href=\"https:\/\/autoriteitpersoonsgegevens.nl\/nl\" style=\"word-break:break-all;\">https:\/\/autoriteitpersoonsgegevens.nl\/nl<\/a>.<\/p>\n\n\n\n<p>Jusqu\u2019\u00e0 ce que vous acceptiez l\u2019utilisation de cookies et d\u2019autres dispositifs de suivi, nous ne placerons pas de cookies analytiques non anonymis\u00e9s ou de cookies de suivi sur votre ordinateur, votre t\u00e9l\u00e9phone mobile ou votre tablette.<\/p>\n\n\n\n<p>En continuant \u00e0 visiter ce site web, vous acceptez ces conditions d\u2019utilisation et vous acceptez l\u2019utilisation de cookies et d\u2019autres syst\u00e8mes de suivi, \u00e0 moins que nous ayons pr\u00e9vu une autre m\u00e9thode d\u2019acceptation des cookies sur notre site web.<\/p>\n\n\n\n<p>La version actuelle disponible de cette politique de confidentialit\u00e9 est la seule version qui s\u2019applique lors de la visite de notre site web jusqu\u2019\u00e0 ce qu\u2019une nouvelle version remplace la version actuelle.<\/p>\n\n\n\n<p><strong>Article 1 D\u00e9finitions<\/strong><\/p>\n\n\n\n<ol class=\"wp-block-list\">\n<li>Site web (ci-apr\u00e8s : \u00ab site web \u00bb) nortvi.com<\/li>\n\n\n\n<li>Partie responsable du traitement des donn\u00e9es personnelles (ci-dessous : responsable du traitement ) : Nortvi B.V., sise \u00e0 Singel 370, 1016 AH Amsterdam, Pays-Bas, N\u00b0 de Chambre de commerce : 75433486.<\/li>\n<\/ol>\n\n\n\n<p><strong>Article 2 Acc\u00e8s au site web<\/strong><\/p>\n\n\n\n<p>L\u2019acc\u00e8s \u00e0 et l\u2019usage du site web sont strictement personnels. Vous vous abstiendrez d\u2019utiliser les donn\u00e9es et informations de ce site web \u00e0 vos propres fins commerciales, politiques ou publicitaires, ainsi que pour toute offre commerciale, en particulier les offres \u00e9lectroniques non sollicit\u00e9es.<\/p>\n\n\n\n<p><strong>Article 3 Contenu du site web<\/strong><\/p>\n\n\n\n<p>Toutes les marques, images, textes, commentaires, illustrations (anim\u00e9es), images vid\u00e9o, sons et toutes les applications techniques qui peuvent \u00eatre utilis\u00e9es pour faire fonctionner ce site et plus g\u00e9n\u00e9ralement tous les \u00e9l\u00e9ments utilis\u00e9s sur ce site, sont prot\u00e9g\u00e9s par les lois sur la propri\u00e9t\u00e9 intellectuelle. Toute reproduction, r\u00e9p\u00e9tition, utilisation ou modification, par quelque moyen que ce soit, de tout ou partie de celui-ci, y compris les applications techniques, sans l\u2019autorisation \u00e9crite pr\u00e9alable du responsable du traitement, est strictement interdite. Le fait que le responsable du traitement ne prenne pas de mesures imm\u00e9diates \u00e0 l\u2019encontre d\u2019une infraction ne peut \u00eatre consid\u00e9r\u00e9 comme un consentement tacite, ni comme une renonciation \u00e0 tout droit de poursuivre le contrevenant.<\/p>\n\n\n\n<p><strong>Article 4 Gestion du site web<\/strong><\/p>\n\n\n\n<p>Aux fins de bonne gestion du site, le responsable du traitement peut \u00e0 tout moment :<\/p>\n\n\n\n<ul class=\"wp-block-list\">\n<li>suspendre, interrompre, r\u00e9duire ou refuser l\u2019acc\u00e8s au site web \u00e0 une cat\u00e9gorie particuli\u00e8re de visiteurs ;<\/li>\n\n\n\n<li>supprimer toute information susceptible de perturber le fonctionnement du site web ou d\u2019\u00eatre en conflit avec les lois nationales ou internationales ou contraire aux usages de l\u2019Internet ;<\/li>\n\n\n\n<li>rendre le site web temporairement indisponible afin d\u2019effectuer des mises \u00e0 jour.<\/li>\n<\/ul>\n\n\n\n<p><strong>Article 5 Responsabilit\u00e9s<\/strong><\/p>\n\n\n\n<ol class=\"wp-block-list\">\n<li>Le responsable du traitement n\u2019est pas responsable d\u2019une d\u00e9faillance, perturbation, difficult\u00e9 ou interruption du fonctionnement du site web, quelle qu\u2019elle soit, entra\u00eenant l\u2019inaccessibilit\u00e9 (temporaire) du site web ou de l\u2019une de ses fonctionnalit\u00e9s. Vous \u00eates vous-m\u00eame responsable de la mani\u00e8re dont vous cherchez \u00e0 vous connecter \u00e0 notre site web. Vous devez prendre toutes les mesures appropri\u00e9es pour prot\u00e9ger votre \u00e9quipement et vos donn\u00e9es contre les dangers tels que les attaques de virus sur Internet. En outre, vous \u00eates responsable des sites web que vous visitez et des informations que vous recherchez.<\/li>\n\n\n\n<li>Le responsable du traitement n\u2019est pas responsable des poursuites judiciaires engag\u00e9es \u00e0 votre encontre :<\/li>\n<\/ol>\n\n\n\n<ul class=\"wp-block-list\">\n<li>en raison de l\u2019utilisation du site web ou des services accessibles via l\u2019internet ;<\/li>\n\n\n\n<li>pour avoir enfreint les dispositions de la pr\u00e9sente politique de confidentialit\u00e9.<\/li>\n<\/ul>\n\n\n\n<ol class=\"wp-block-list\">\n<li>Le responsable du traitement n\u2019est pas responsable des dommages qui vous sont caus\u00e9s ou qui sont caus\u00e9s \u00e0 des tiers ou \u00e0 votre \u00e9quipement \u00e0 la suite de votre connexion au site web ou de son utilisation, et vous vous abstiendrez de toute action (juridique) ult\u00e9rieure contre le responsable du traitement.<\/li>\n\n\n\n<li>Si le responsable du traitement est impliqu\u00e9 dans un litige en raison de votre (mauvaise) utilisation de ce site web, il est en droit de vous r\u00e9clamer tous les dommages ult\u00e9rieurs.<\/li>\n<\/ol>\n\n\n\n<p><strong>Article 6 Collecte des donn\u00e9es<\/strong><\/p>\n\n\n\n<ol class=\"wp-block-list\">\n<li>Vos donn\u00e9es personnelles seront collect\u00e9es par Nortvi B.V. et un(des) sous-traitant(s).<\/li>\n\n\n\n<li>Par donn\u00e9es personnelles, on entend toute information relative \u00e0 une personne physique identifi\u00e9e ou identifiable (personne concern\u00e9e).<\/li>\n\n\n\n<li>Une personne physique identifiable est une personne qui peut \u00eatre identifi\u00e9e, directement ou indirectement, notamment par r\u00e9f\u00e9rence \u00e0 un identifiant tel qu\u2019un nom, un num\u00e9ro d\u2019identification, des donn\u00e9es de localisation, un identifiant en ligne ou un ou plusieurs facteurs sp\u00e9cifiques \u00e0 l\u2019identit\u00e9 physique, physiologique, g\u00e9n\u00e9tique, mentale, \u00e9conomique, culturelle ou sociale de cette personne physique.<\/li>\n\n\n\n<li>Les donn\u00e9es \u00e0 caract\u00e8re personnel qui sont collect\u00e9es sur le site web sont principalement utilis\u00e9es par le collecteur afin d\u2019entretenir une relation (commerciale) avec vous, et si applicable pour traiter vos commandes. Elles sont enregistr\u00e9es dans un registre (\u00e9lectronique).<\/li>\n<\/ol>\n\n\n\n<p><strong>Article 7 Droits relatifs \u00e0 l\u2019information<\/strong><\/p>\n\n\n\n<ol class=\"wp-block-list\">\n<li>Conform\u00e9ment \u00e0 l\u2019article 13, \u00a7 2 (b) du RGPD, toute personne concern\u00e9e a droit \u00e0 l\u2019acc\u00e8s aux donn\u00e9es \u00e0 caract\u00e8re personnel, \u00e0 la rectification ou \u00e0 l\u2019effacement de celles-ci, ainsi que le droit de s\u2019opposer au traitement et au droit \u00e0 la portabilit\u00e9 des donn\u00e9es.<\/li>\n\n\n\n<li>Vous pouvez exercer ces droits en nous contactant \u00e0 contact@nortvi.com.<\/li>\n\n\n\n<li>Chaque demande doit \u00eatre accompagn\u00e9e d\u2019une copie d\u2019une pi\u00e8ce d\u2019identit\u00e9 valide, sur laquelle vous apposez votre signature et indiquez l\u2019adresse \u00e0 laquelle nous pouvons vous contacter.<\/li>\n\n\n\n<li>Dans un d\u00e9lai d\u2019un mois \u00e0 compter de l\u2019envoi de la demande, vous recevrez une r\u00e9ponse de notre part.<\/li>\n\n\n\n<li>En fonction de la complexit\u00e9 et du nombre de demandes, ce d\u00e9lai peut \u00eatre \u00e9tendu \u00e0 deux mois.<\/li>\n<\/ol>\n\n\n\n<p><strong>Article 8 Obligations l\u00e9gales<\/strong><\/p>\n\n\n\n<ol class=\"wp-block-list\">\n<li>En cas d\u2019infraction \u00e0 une loi ou \u00e0 un r\u00e8glement, dont un visiteur est soup\u00e7onn\u00e9 et concernant laquelle les autorit\u00e9s ont besoin des donn\u00e9es personnelles collect\u00e9es par le collecteur, celles-ci leur seront fournies suite \u00e0 une demande explicite et motiv\u00e9e de la part de ces autorit\u00e9s ; suite \u00e0 quoi ces donn\u00e9es personnelles ne tombent plus sous la protection des dispositions de la pr\u00e9sente politique de protection de la vie priv\u00e9e.<\/li>\n\n\n\n<li>Si des informations sont n\u00e9cessaires pour d\u2019obtenir l\u2019acc\u00e8s \u00e0 certaines fonctionnalit\u00e9s du site web, le responsable du traitement indiquera le caract\u00e8re obligatoire de ces informations au moment o\u00f9 ces informations sont demand\u00e9es.<\/li>\n<\/ol>\n\n\n\n<p><strong>Article 9 Donn\u00e9es collect\u00e9es et offres commerciales<\/strong><\/p>\n\n\n\n<ol class=\"wp-block-list\">\n<li>Il se peut que vous receviez des offres commerciales de la part du collecteur. Si vous ne souhaitez pas (plus) les recevoir, veuillez nous envoyer un e-mail \u00e0 l\u2019adresse suivante : contact@nortvi.com.<\/li>\n\n\n\n<li>Vos donn\u00e9es personnelles ne seront pas utilis\u00e9es par nos partenaires \u00e0 des fins commerciales.<\/li>\n\n\n\n<li>Si vous trouvez des donn\u00e9es personnelles d\u2019autres personnes lors de votre visite sur notre site web, vous devez vous abstenir de toute collecte, de toute utilisation non autoris\u00e9e ou de tout autre acte constituant une violation de la vie priv\u00e9e de la ou des personnes concern\u00e9es. Dans ce cas, le collecteur n\u2019est pas responsable.<\/li>\n<\/ol>\n\n\n\n<p><strong>rticle 10 Conservation des donn\u00e9es<\/strong><\/p>\n\n\n\n<p>Les donn\u00e9es collect\u00e9es sont utilis\u00e9es et conserv\u00e9es pendant la dur\u00e9e d\u00e9termin\u00e9e par la loi.<\/p>\n\n\n\n<p><strong>Article 11 Cookies<\/strong><\/p>\n\n\n\n<ol class=\"wp-block-list\">\n<li>Un cookie est un petit fichier texte plac\u00e9 sur le disque dur de votre appareil \u00e9lectronique lors de la visite de notre site web. Un cookie contient des donn\u00e9es permettant de vous reconna\u00eetre en tant que visiteur lorsque vous visitez notre site web. Il nous permet de nous adapter \u00e0 vos besoins et vous facilite la connexion \u00e0 notre site web. Lorsque vous visitez notre site web, nous vous informons de l\u2019utilisation de cookies. En continuant \u00e0 utiliser notre site web, vous acceptez leur utilisation, sauf si nous vous demandons la permission par d\u2019autres moyens. Votre consentement est valable pour une p\u00e9riode de treize mois.<\/li>\n\n\n\n<li>Nous utilisons les types de cookies suivants sur notre site web :<\/li>\n<\/ol>\n\n\n\n<p>\u2013 cookies fonctionnels : par exemple, les cookies de session et de connexion pour collecter les informations de session et de connexion ;<\/p>\n\n\n\n<p>\u2013 cookies analytiques non anonymes : pour obtenir des informations concernant les visites de notre site web, telles que : nombre de visiteurs, pages et sujets populaires. Ainsi, nous pouvons adapter notre communication et nos informations aux besoins de nos visiteurs ;<\/p>\n\n\n\n<p>\u2013 cookies de suivi : tels que les cookies publicitaires, qui sont destin\u00e9s \u00e0 montrer des publicit\u00e9s pertinentes. En utilisant ces cookies, nous pouvons d\u00e9duire vos centres d\u2019int\u00e9r\u00eat personnels. Ainsi, des (d\u2019autres) organisations peuvent vous montrer des publicit\u00e9s cibl\u00e9es lorsque vous visitez leur site web. Les cookies de suivi permettent de profiler et de traiter diff\u00e9remment les cat\u00e9gories de personnes lors du ciblage des publicit\u00e9s. Les cookies de suivi traitent g\u00e9n\u00e9ralement des donn\u00e9es personnelles.<\/p>\n\n\n\n<ol class=\"wp-block-list\">\n<li>Nous utilisons sp\u00e9cifiquement sur notre site web les cookies suivants :<\/li>\n<\/ol>\n\n\n\n<p>\u2013 Google Analytics (cookie analytique)<br>\u2013 Facebook (cookie de suivi)<br>\u2013 Google Adwords (cookie de suivi)<br>\u2013 Klaviyo<br>\u2013 Google Tag Manager<\/p>\n\n\n\n<ol class=\"wp-block-list\">\n<li>Lorsque vous visitez notre site, il se peut que des cookies du responsable du traitement et\/ou de tiers soient install\u00e9s sur votre \u00e9quipement.<\/li>\n\n\n\n<li>Pour plus d\u2019informations concernant l\u2019utilisation, la gestion et l\u2019effacement des cookies sur chaque appareil \u00e9lectronique, nous vous invitons \u00e0 consulter le lien suivant: <a href=\"https:\/\/autoriteitpersoonsgegevens.nl\/nl\/onderwerpen\/internet-telefoon-tv-en-post\/cookies#faq\"  style=\"word-break:break-all;\">https:\/\/autoriteitpersoonsgegevens.nl\/nl\/onderwerpen\/internet-telefoon-tv-en-post\/cookie#faq (en n\u00e9erlandais)<\/a><\/li>\n<\/ol>\n\n\n\n<p><strong>Article 12 Images et produits propos\u00e9s<\/strong><\/p>\n\n\n\n<p>Vous ne pouvez tirer aucun droit des images qui accompagnent tout produit propos\u00e9 sur notre site web, quel qu\u2019il soit.<\/p>\n\n\n\n<p><strong>Article 13 Droit applicable<\/strong><\/p>\n\n\n\n<p>Les pr\u00e9sentes conditions sont r\u00e9gies par le droit n\u00e9erlandais. En cas de litige relatif aux pr\u00e9sentes conditions, sauf exception l\u00e9gale, le tribunal du district dans lequel le collecteur a son si\u00e8ge social est seul comp\u00e9tent.<\/p>\n\n\n\n<p><strong>Article 14 Contact<\/strong><\/p>\n\n\n\n<p>Si vous avez une question ou souhaitez des informations concernant les produits ou le site web lui-m\u00eame, veuillez contacter : Privacy Department, contact@nortvi.com.<\/p>\n","protected":false},"excerpt":{"rendered":"<p>Nortvi B.V. respecte la vie priv\u00e9e des visiteurs de son site web, en particulier leurs droits concernant le traitement automatique des donn\u00e9es personnelles. C\u2019est pourquoi nous avons formul\u00e9 et mis en \u0153uvre une politique de transparence totale avec nos clients concernant le traitement des donn\u00e9es personnelles, sa ou ses finalit\u00e9s et les possibilit\u00e9s d\u2019exercer au [&hellip;]<\/p>\n","protected":false},"author":1,"featured_media":0,"parent":0,"menu_order":0,"comment_status":"closed","ping_status":"closed","template":"page-text.php","meta":{"_acf_changed":false,"footnotes":""},"class_list":["post-259337","page","type-page","status-publish","hentry"],"acf":[],"yoast_head":"<!-- This site is optimized with the Yoast SEO Premium plugin v27.1 (Yoast SEO v27.3) - https:\/\/yoast.com\/product\/yoast-seo-premium-wordpress\/ -->\n<title>Politique de confidentialit\u00e9 | D\u00e9couvrez tous nos termes<\/title>\n<meta name=\"description\" content=\"Lisez la d\u00e9claration de confidentialit\u00e9 de NORTVI. D\u00e9couvrez comment nous prot\u00e9geons vos donn\u00e9es et les mesures que nous prenons pour votre vie priv\u00e9e.\" \/>\n<meta name=\"robots\" content=\"index, follow, max-snippet:-1, max-image-preview:large, max-video-preview:-1\" \/>\n<link rel=\"canonical\" href=\"https:\/\/nortvi.com\/fr\/protection-de-la-vie-privee\/\" \/>\n<meta property=\"og:locale\" content=\"fr_FR\" \/>\n<meta property=\"og:type\" content=\"article\" \/>\n<meta property=\"og:title\" content=\"Protection de la vie priv\u00e9e\" \/>\n<meta property=\"og:description\" content=\"Lisez la d\u00e9claration de confidentialit\u00e9 de NORTVI. D\u00e9couvrez comment nous prot\u00e9geons vos donn\u00e9es et les mesures que nous prenons pour votre vie priv\u00e9e.\" \/>\n<meta property=\"og:url\" content=\"https:\/\/nortvi.com\/fr\/protection-de-la-vie-privee\/\" \/>\n<meta property=\"og:site_name\" content=\"NORTVI\" \/>\n<meta property=\"article:modified_time\" content=\"2025-06-11T09:35:42+00:00\" \/>\n<meta name=\"twitter:card\" content=\"summary_large_image\" \/>\n<meta name=\"twitter:label1\" content=\"Dur\u00e9e de lecture estim\u00e9e\" \/>\n\t<meta name=\"twitter:data1\" content=\"7 minutes\" \/>\n<script type=\"application\/ld+json\" class=\"yoast-schema-graph\">{\"@context\":\"https:\\\/\\\/schema.org\",\"@graph\":[{\"@type\":\"WebPage\",\"@id\":\"https:\\\/\\\/nortvi.com\\\/fr\\\/protection-de-la-vie-privee\\\/\",\"url\":\"https:\\\/\\\/nortvi.com\\\/fr\\\/protection-de-la-vie-privee\\\/\",\"name\":\"Politique de confidentialit\u00e9 | D\u00e9couvrez tous nos termes\",\"isPartOf\":{\"@id\":\"https:\\\/\\\/nortvi.com\\\/fr\\\/#website\"},\"datePublished\":\"2023-04-26T14:10:23+00:00\",\"dateModified\":\"2025-06-11T09:35:42+00:00\",\"description\":\"Lisez la d\u00e9claration de confidentialit\u00e9 de NORTVI. D\u00e9couvrez comment nous prot\u00e9geons vos donn\u00e9es et les mesures que nous prenons pour votre vie priv\u00e9e.\",\"breadcrumb\":{\"@id\":\"https:\\\/\\\/nortvi.com\\\/fr\\\/protection-de-la-vie-privee\\\/#breadcrumb\"},\"inLanguage\":\"fr-FR\",\"potentialAction\":[{\"@type\":\"ReadAction\",\"target\":[\"https:\\\/\\\/nortvi.com\\\/fr\\\/protection-de-la-vie-privee\\\/\"]}]},{\"@type\":\"BreadcrumbList\",\"@id\":\"https:\\\/\\\/nortvi.com\\\/fr\\\/protection-de-la-vie-privee\\\/#breadcrumb\",\"itemListElement\":[{\"@type\":\"ListItem\",\"position\":1,\"name\":\"Home\",\"item\":\"https:\\\/\\\/nortvi.com\\\/fr\\\/\"},{\"@type\":\"ListItem\",\"position\":2,\"name\":\"Protection de la vie priv\u00e9e\"}]},{\"@type\":\"WebSite\",\"@id\":\"https:\\\/\\\/nortvi.com\\\/fr\\\/#website\",\"url\":\"https:\\\/\\\/nortvi.com\\\/fr\\\/\",\"name\":\"NORTVI\",\"description\":\"Sustainable travel gear\",\"publisher\":{\"@id\":\"https:\\\/\\\/nortvi.com\\\/fr\\\/#organization\"},\"potentialAction\":[{\"@type\":\"SearchAction\",\"target\":{\"@type\":\"EntryPoint\",\"urlTemplate\":\"https:\\\/\\\/nortvi.com\\\/fr\\\/?s={search_term_string}\"},\"query-input\":{\"@type\":\"PropertyValueSpecification\",\"valueRequired\":true,\"valueName\":\"search_term_string\"}}],\"inLanguage\":\"fr-FR\"},{\"@type\":\"Organization\",\"@id\":\"https:\\\/\\\/nortvi.com\\\/fr\\\/#organization\",\"name\":\"NORTVI\",\"url\":\"https:\\\/\\\/nortvi.com\\\/fr\\\/\",\"logo\":{\"@type\":\"ImageObject\",\"inLanguage\":\"fr-FR\",\"@id\":\"https:\\\/\\\/nortvi.com\\\/fr\\\/#\\\/schema\\\/logo\\\/image\\\/\",\"url\":\"https:\\\/\\\/nortvi.com\\\/wp-content\\\/uploads\\\/2023\\\/09\\\/cropped-logo-footer.png\",\"contentUrl\":\"https:\\\/\\\/nortvi.com\\\/wp-content\\\/uploads\\\/2023\\\/09\\\/cropped-logo-footer.png\",\"width\":300,\"height\":46,\"caption\":\"NORTVI\"},\"image\":{\"@id\":\"https:\\\/\\\/nortvi.com\\\/fr\\\/#\\\/schema\\\/logo\\\/image\\\/\"},\"sameAs\":[\"https:\\\/\\\/www.instagram.com\\\/nortvi\\\/\"]}]}<\/script>\n<!-- \/ Yoast SEO Premium plugin. -->","yoast_head_json":{"title":"Politique de confidentialit\u00e9 | D\u00e9couvrez tous nos termes","description":"Lisez la d\u00e9claration de confidentialit\u00e9 de NORTVI. D\u00e9couvrez comment nous prot\u00e9geons vos donn\u00e9es et les mesures que nous prenons pour votre vie priv\u00e9e.","robots":{"index":"index","follow":"follow","max-snippet":"max-snippet:-1","max-image-preview":"max-image-preview:large","max-video-preview":"max-video-preview:-1"},"canonical":"https:\/\/nortvi.com\/fr\/protection-de-la-vie-privee\/","og_locale":"fr_FR","og_type":"article","og_title":"Protection de la vie priv\u00e9e","og_description":"Lisez la d\u00e9claration de confidentialit\u00e9 de NORTVI. D\u00e9couvrez comment nous prot\u00e9geons vos donn\u00e9es et les mesures que nous prenons pour votre vie priv\u00e9e.","og_url":"https:\/\/nortvi.com\/fr\/protection-de-la-vie-privee\/","og_site_name":"NORTVI","article_modified_time":"2025-06-11T09:35:42+00:00","twitter_card":"summary_large_image","twitter_misc":{"Dur\u00e9e de lecture estim\u00e9e":"7 minutes"},"schema":{"@context":"https:\/\/schema.org","@graph":[{"@type":"WebPage","@id":"https:\/\/nortvi.com\/fr\/protection-de-la-vie-privee\/","url":"https:\/\/nortvi.com\/fr\/protection-de-la-vie-privee\/","name":"Politique de confidentialit\u00e9 | D\u00e9couvrez tous nos termes","isPartOf":{"@id":"https:\/\/nortvi.com\/fr\/#website"},"datePublished":"2023-04-26T14:10:23+00:00","dateModified":"2025-06-11T09:35:42+00:00","description":"Lisez la d\u00e9claration de confidentialit\u00e9 de NORTVI. D\u00e9couvrez comment nous prot\u00e9geons vos donn\u00e9es et les mesures que nous prenons pour votre vie priv\u00e9e.","breadcrumb":{"@id":"https:\/\/nortvi.com\/fr\/protection-de-la-vie-privee\/#breadcrumb"},"inLanguage":"fr-FR","potentialAction":[{"@type":"ReadAction","target":["https:\/\/nortvi.com\/fr\/protection-de-la-vie-privee\/"]}]},{"@type":"BreadcrumbList","@id":"https:\/\/nortvi.com\/fr\/protection-de-la-vie-privee\/#breadcrumb","itemListElement":[{"@type":"ListItem","position":1,"name":"Home","item":"https:\/\/nortvi.com\/fr\/"},{"@type":"ListItem","position":2,"name":"Protection de la vie priv\u00e9e"}]},{"@type":"WebSite","@id":"https:\/\/nortvi.com\/fr\/#website","url":"https:\/\/nortvi.com\/fr\/","name":"NORTVI","description":"Sustainable travel gear","publisher":{"@id":"https:\/\/nortvi.com\/fr\/#organization"},"potentialAction":[{"@type":"SearchAction","target":{"@type":"EntryPoint","urlTemplate":"https:\/\/nortvi.com\/fr\/?s={search_term_string}"},"query-input":{"@type":"PropertyValueSpecification","valueRequired":true,"valueName":"search_term_string"}}],"inLanguage":"fr-FR"},{"@type":"Organization","@id":"https:\/\/nortvi.com\/fr\/#organization","name":"NORTVI","url":"https:\/\/nortvi.com\/fr\/","logo":{"@type":"ImageObject","inLanguage":"fr-FR","@id":"https:\/\/nortvi.com\/fr\/#\/schema\/logo\/image\/","url":"https:\/\/nortvi.com\/wp-content\/uploads\/2023\/09\/cropped-logo-footer.png","contentUrl":"https:\/\/nortvi.com\/wp-content\/uploads\/2023\/09\/cropped-logo-footer.png","width":300,"height":46,"caption":"NORTVI"},"image":{"@id":"https:\/\/nortvi.com\/fr\/#\/schema\/logo\/image\/"},"sameAs":["https:\/\/www.instagram.com\/nortvi\/"]}]}},"_links":{"self":[{"href":"https:\/\/nortvi.com\/fr\/wp-json\/wp\/v2\/pages\/259337","targetHints":{"allow":["GET"]}}],"collection":[{"href":"https:\/\/nortvi.com\/fr\/wp-json\/wp\/v2\/pages"}],"about":[{"href":"https:\/\/nortvi.com\/fr\/wp-json\/wp\/v2\/types\/page"}],"author":[{"embeddable":true,"href":"https:\/\/nortvi.com\/fr\/wp-json\/wp\/v2\/users\/1"}],"replies":[{"embeddable":true,"href":"https:\/\/nortvi.com\/fr\/wp-json\/wp\/v2\/comments?post=259337"}],"version-history":[{"count":0,"href":"https:\/\/nortvi.com\/fr\/wp-json\/wp\/v2\/pages\/259337\/revisions"}],"wp:attachment":[{"href":"https:\/\/nortvi.com\/fr\/wp-json\/wp\/v2\/media?parent=259337"}],"curies":[{"name":"wp","href":"https:\/\/api.w.org\/{rel}","templated":true}]}}