{"id":259245,"date":"2023-04-26T12:00:35","date_gmt":"2023-04-26T10:00:35","guid":{"rendered":"https:\/\/nortvi-prod.wdc.app\/cadeaux-dentreprise\/"},"modified":"2025-11-03T14:17:34","modified_gmt":"2025-11-03T13:17:34","slug":"cadeaux-dentreprise","status":"publish","type":"page","link":"https:\/\/nortvi.com\/fr\/cadeaux-dentreprise\/","title":{"rendered":"Cadeaux d\u2019entreprise"},"content":{"rendered":"\n\n\n\n\n\n<\/div>\n<div class=\"has-gutenberg-light-background-color overflow-hidden\">\n<div class=\"container content-row\">\n    <div class=\"block-usp-slider-container \">\n                <ul class=\"nav nav-tabs\" role=\"tablist\">\n                    <\/ul>\n        <div class=\"tab-content\">\n                            <div class=\"tab-pane fade show active\" id=\"tabkW0TgErW2V-tab-pane\" role=\"tabpanel\" aria-labelledby=\"tabkW0TgErW2V-tab\" tabindex=\"0\">\n                                            <div class=\"splide slider-3-inline slider-variant-usp-slider\">\n                            <div class=\"splide__track overflow-visible\">\n                                <div class=\"splide__list splide-row list-unstyled\">\n                                                                            <div class=\"splide__slide mb-lg-0 mb-1 animation-fade show-on-scroll\">\n                                            <div class=\"block-item d-block position-relative overflow-hidden h-100 size-large\">\n                                                <div class=\"image-block position-relative\">\n                                                                                                        <img decoding=\"async\" width=\"800\" height=\"560\" src=\"https:\/\/nortvi.com\/wp-content\/uploads\/2025\/10\/CorporateGifting-ING.jpg\" class=\"img-fluid w-100 object-cover\" alt=\"\" srcset=\"https:\/\/nortvi.com\/wp-content\/uploads\/2025\/10\/CorporateGifting-ING.jpg 800w, https:\/\/nortvi.com\/wp-content\/uploads\/2025\/10\/CorporateGifting-ING-300x210.jpg 300w, https:\/\/nortvi.com\/wp-content\/uploads\/2025\/10\/CorporateGifting-ING-768x538.jpg 768w\" sizes=\"(max-width: 1024px) 1024px, 1200w\" \/>                                                                                                    <\/div>\n\n                                                <div class=\"block-content \">\n                                                    \n                                                    <div class=\"fs-small\"><p><strong>Personnalisation des valises. <\/strong>Renforcez la visibilit\u00e9 de votre marque en ajoutant votre logo sur la coque ou la poche avant de nos valises, afin que votre marque soit repr\u00e9sent\u00e9e \u00e0 chaque voyage.<\/p>\n<\/div>\n\n                                                                                                    <\/div>\n                                            <\/div>\n                                        <\/div>\n                                                                            <div class=\"splide__slide mb-lg-0 mb-1 animation-fade show-on-scroll\">\n                                            <div class=\"block-item d-block position-relative overflow-hidden h-100 size-large\">\n                                                <div class=\"image-block position-relative\">\n                                                                                                        <img decoding=\"async\" width=\"800\" height=\"560\" src=\"https:\/\/nortvi.com\/wp-content\/uploads\/2025\/10\/CorporateGifting-Providence.png\" class=\"img-fluid w-100 object-cover\" alt=\"\" srcset=\"https:\/\/nortvi.com\/wp-content\/uploads\/2025\/10\/CorporateGifting-Providence.png 800w, https:\/\/nortvi.com\/wp-content\/uploads\/2025\/10\/CorporateGifting-Providence-300x210.png 300w, https:\/\/nortvi.com\/wp-content\/uploads\/2025\/10\/CorporateGifting-Providence-768x538.png 768w\" sizes=\"(max-width: 1024px) 1024px, 1200w\" \/>                                                                                                    <\/div>\n\n                                                <div class=\"block-content \">\n                                                    \n                                                    <div class=\"fs-small\"><p><strong>Personnalisation des sacs. <\/strong> Personnalisez nos sacs avec votre logo d\u2019entreprise gr\u00e2ce \u00e0 nos options de personnalisation haut de gamme et d\u00e9marquez-vous lors de vos trajets quotidiens vers le bureau.<\/p>\n<\/div>\n\n                                                                                                    <\/div>\n                                            <\/div>\n                                        <\/div>\n                                                                            <div class=\"splide__slide mb-lg-0 mb-1 animation-fade show-on-scroll\">\n                                            <div class=\"block-item d-block position-relative overflow-hidden h-100 size-large\">\n                                                <div class=\"image-block position-relative\">\n                                                                                                        <img decoding=\"async\" width=\"800\" height=\"560\" src=\"https:\/\/nortvi.com\/wp-content\/uploads\/2025\/10\/CorporateGifting-CitizenM.png\" class=\"img-fluid w-100 object-cover\" alt=\"\" srcset=\"https:\/\/nortvi.com\/wp-content\/uploads\/2025\/10\/CorporateGifting-CitizenM.png 800w, https:\/\/nortvi.com\/wp-content\/uploads\/2025\/10\/CorporateGifting-CitizenM-300x210.png 300w, https:\/\/nortvi.com\/wp-content\/uploads\/2025\/10\/CorporateGifting-CitizenM-768x538.png 768w\" sizes=\"(max-width: 1024px) 1024px, 1200w\" \/>                                                                                                    <\/div>\n\n                                                <div class=\"block-content \">\n                                                    \n                                                    <div class=\"fs-small\"><p><strong>Personnalisation des accessoires.<\/strong> Apportez une touche unique \u00e0 nos accessoires. Des initiales aux logos d\u2019entreprise, tout est possible.<\/p>\n<\/div>\n\n                                                                                                    <\/div>\n                                            <\/div>\n                                        <\/div>\n                                                                    <\/div>\n                            <\/div>\n\n                            <div class=\"splide__arrows position-relative d-lg-none color-light\">\n                                <button class=\"splide__arrow splide__arrow--prev\">\n                                    <svg width=\"40\" height=\"40\" viewBox=\"0 0 40 40\" fill=\"none\" xmlns=\"http:\/\/www.w3.org\/2000\/svg\">\n                                        <rect x=\"0.75\" y=\"0.75\" width=\"38.5\" height=\"38.5\" rx=\"19.25\" fill=\"#F2F2F2\"\/>\n                                        <rect x=\"0.75\" y=\"0.75\" width=\"38.5\" height=\"38.5\" rx=\"19.25\" stroke=\"#E3E3E3\" stroke-width=\"1.5\"\/>\n                                        <path d=\"M17 26L23 20L17 14\" stroke=\"#202020\" stroke-width=\"1.5\" stroke-linecap=\"square\"\/>\n                                    <\/svg>\n                                <\/button>\n                                <button class=\"splide__arrow splide__arrow--next\">\n                                    <svg width=\"40\" height=\"40\" viewBox=\"0 0 40 40\" fill=\"none\" xmlns=\"http:\/\/www.w3.org\/2000\/svg\">\n                                        <rect x=\"0.75\" y=\"0.75\" width=\"38.5\" height=\"38.5\" rx=\"19.25\" fill=\"#F2F2F2\"\/>\n                                        <rect x=\"0.75\" y=\"0.75\" width=\"38.5\" height=\"38.5\" rx=\"19.25\" stroke=\"#E3E3E3\" stroke-width=\"1.5\"\/>\n                                        <path d=\"M17 26L23 20L17 14\" stroke=\"#202020\" stroke-width=\"1.5\" stroke-linecap=\"square\"\/>\n                                    <\/svg>\n                                <\/button>\n                            <\/div>\n                        <\/div>\n                                    <\/div>\n                                <\/div>\n    <\/div>\n<\/div>\n<\/div>\n<div class=\"container content-row\">\n\n\n\n\n\n\n","protected":false},"excerpt":{"rendered":"","protected":false},"author":1,"featured_media":0,"parent":0,"menu_order":0,"comment_status":"closed","ping_status":"closed","template":"","meta":{"_acf_changed":false,"footnotes":""},"class_list":["post-259245","page","type-page","status-publish","hentry"],"acf":[],"yoast_head":"<!-- This site is optimized with the Yoast SEO Premium plugin v27.1 (Yoast SEO v27.3) - https:\/\/yoast.com\/product\/yoast-seo-premium-wordpress\/ -->\n<title>Cadeaux d&#039;entreprise | Recevez une offre personnalis\u00e9e<\/title>\n<meta name=\"description\" content=\"Explorez nos options de cadeaux d&#039;entreprise et recevez une offre personnalis\u00e9e. Des cadeaux uniques et unisexes qui laissent une impression durable.\" \/>\n<meta name=\"robots\" content=\"index, follow, max-snippet:-1, max-image-preview:large, max-video-preview:-1\" \/>\n<link rel=\"canonical\" href=\"https:\/\/nortvi.com\/fr\/cadeaux-dentreprise\/\" \/>\n<meta property=\"og:locale\" content=\"fr_FR\" \/>\n<meta property=\"og:type\" content=\"article\" \/>\n<meta property=\"og:title\" content=\"Cadeaux d\u2019entreprise\" \/>\n<meta property=\"og:description\" content=\"Explorez nos options de cadeaux d&#039;entreprise et recevez une offre personnalis\u00e9e. Des cadeaux uniques et unisexes qui laissent une impression durable.\" \/>\n<meta property=\"og:url\" content=\"https:\/\/nortvi.com\/fr\/cadeaux-dentreprise\/\" \/>\n<meta property=\"og:site_name\" content=\"NORTVI\" \/>\n<meta property=\"article:modified_time\" content=\"2025-11-03T13:17:34+00:00\" \/>\n<meta name=\"twitter:card\" content=\"summary_large_image\" \/>\n<script type=\"application\/ld+json\" class=\"yoast-schema-graph\">{\"@context\":\"https:\\\/\\\/schema.org\",\"@graph\":[{\"@type\":\"WebPage\",\"@id\":\"https:\\\/\\\/nortvi.com\\\/fr\\\/cadeaux-dentreprise\\\/\",\"url\":\"https:\\\/\\\/nortvi.com\\\/fr\\\/cadeaux-dentreprise\\\/\",\"name\":\"Cadeaux d'entreprise | Recevez une offre personnalis\u00e9e\",\"isPartOf\":{\"@id\":\"https:\\\/\\\/nortvi.com\\\/fr\\\/#website\"},\"datePublished\":\"2023-04-26T10:00:35+00:00\",\"dateModified\":\"2025-11-03T13:17:34+00:00\",\"description\":\"Explorez nos options de cadeaux d'entreprise et recevez une offre personnalis\u00e9e. Des cadeaux uniques et unisexes qui laissent une impression durable.\",\"breadcrumb\":{\"@id\":\"https:\\\/\\\/nortvi.com\\\/fr\\\/cadeaux-dentreprise\\\/#breadcrumb\"},\"inLanguage\":\"fr-FR\",\"potentialAction\":[{\"@type\":\"ReadAction\",\"target\":[\"https:\\\/\\\/nortvi.com\\\/fr\\\/cadeaux-dentreprise\\\/\"]}]},{\"@type\":\"BreadcrumbList\",\"@id\":\"https:\\\/\\\/nortvi.com\\\/fr\\\/cadeaux-dentreprise\\\/#breadcrumb\",\"itemListElement\":[{\"@type\":\"ListItem\",\"position\":1,\"name\":\"Home\",\"item\":\"https:\\\/\\\/nortvi.com\\\/fr\\\/\"},{\"@type\":\"ListItem\",\"position\":2,\"name\":\"Cadeaux d\u2019entreprise\"}]},{\"@type\":\"WebSite\",\"@id\":\"https:\\\/\\\/nortvi.com\\\/fr\\\/#website\",\"url\":\"https:\\\/\\\/nortvi.com\\\/fr\\\/\",\"name\":\"NORTVI\",\"description\":\"Sustainable travel gear\",\"publisher\":{\"@id\":\"https:\\\/\\\/nortvi.com\\\/fr\\\/#organization\"},\"potentialAction\":[{\"@type\":\"SearchAction\",\"target\":{\"@type\":\"EntryPoint\",\"urlTemplate\":\"https:\\\/\\\/nortvi.com\\\/fr\\\/?s={search_term_string}\"},\"query-input\":{\"@type\":\"PropertyValueSpecification\",\"valueRequired\":true,\"valueName\":\"search_term_string\"}}],\"inLanguage\":\"fr-FR\"},{\"@type\":\"Organization\",\"@id\":\"https:\\\/\\\/nortvi.com\\\/fr\\\/#organization\",\"name\":\"NORTVI\",\"url\":\"https:\\\/\\\/nortvi.com\\\/fr\\\/\",\"logo\":{\"@type\":\"ImageObject\",\"inLanguage\":\"fr-FR\",\"@id\":\"https:\\\/\\\/nortvi.com\\\/fr\\\/#\\\/schema\\\/logo\\\/image\\\/\",\"url\":\"https:\\\/\\\/nortvi.com\\\/wp-content\\\/uploads\\\/2023\\\/09\\\/cropped-logo-footer.png\",\"contentUrl\":\"https:\\\/\\\/nortvi.com\\\/wp-content\\\/uploads\\\/2023\\\/09\\\/cropped-logo-footer.png\",\"width\":300,\"height\":46,\"caption\":\"NORTVI\"},\"image\":{\"@id\":\"https:\\\/\\\/nortvi.com\\\/fr\\\/#\\\/schema\\\/logo\\\/image\\\/\"},\"sameAs\":[\"https:\\\/\\\/www.instagram.com\\\/nortvi\\\/\"]}]}<\/script>\n<!-- \/ Yoast SEO Premium plugin. -->","yoast_head_json":{"title":"Cadeaux d'entreprise | Recevez une offre personnalis\u00e9e","description":"Explorez nos options de cadeaux d'entreprise et recevez une offre personnalis\u00e9e. Des cadeaux uniques et unisexes qui laissent une impression durable.","robots":{"index":"index","follow":"follow","max-snippet":"max-snippet:-1","max-image-preview":"max-image-preview:large","max-video-preview":"max-video-preview:-1"},"canonical":"https:\/\/nortvi.com\/fr\/cadeaux-dentreprise\/","og_locale":"fr_FR","og_type":"article","og_title":"Cadeaux d\u2019entreprise","og_description":"Explorez nos options de cadeaux d'entreprise et recevez une offre personnalis\u00e9e. Des cadeaux uniques et unisexes qui laissent une impression durable.","og_url":"https:\/\/nortvi.com\/fr\/cadeaux-dentreprise\/","og_site_name":"NORTVI","article_modified_time":"2025-11-03T13:17:34+00:00","twitter_card":"summary_large_image","schema":{"@context":"https:\/\/schema.org","@graph":[{"@type":"WebPage","@id":"https:\/\/nortvi.com\/fr\/cadeaux-dentreprise\/","url":"https:\/\/nortvi.com\/fr\/cadeaux-dentreprise\/","name":"Cadeaux d'entreprise | Recevez une offre personnalis\u00e9e","isPartOf":{"@id":"https:\/\/nortvi.com\/fr\/#website"},"datePublished":"2023-04-26T10:00:35+00:00","dateModified":"2025-11-03T13:17:34+00:00","description":"Explorez nos options de cadeaux d'entreprise et recevez une offre personnalis\u00e9e. Des cadeaux uniques et unisexes qui laissent une impression durable.","breadcrumb":{"@id":"https:\/\/nortvi.com\/fr\/cadeaux-dentreprise\/#breadcrumb"},"inLanguage":"fr-FR","potentialAction":[{"@type":"ReadAction","target":["https:\/\/nortvi.com\/fr\/cadeaux-dentreprise\/"]}]},{"@type":"BreadcrumbList","@id":"https:\/\/nortvi.com\/fr\/cadeaux-dentreprise\/#breadcrumb","itemListElement":[{"@type":"ListItem","position":1,"name":"Home","item":"https:\/\/nortvi.com\/fr\/"},{"@type":"ListItem","position":2,"name":"Cadeaux d\u2019entreprise"}]},{"@type":"WebSite","@id":"https:\/\/nortvi.com\/fr\/#website","url":"https:\/\/nortvi.com\/fr\/","name":"NORTVI","description":"Sustainable travel gear","publisher":{"@id":"https:\/\/nortvi.com\/fr\/#organization"},"potentialAction":[{"@type":"SearchAction","target":{"@type":"EntryPoint","urlTemplate":"https:\/\/nortvi.com\/fr\/?s={search_term_string}"},"query-input":{"@type":"PropertyValueSpecification","valueRequired":true,"valueName":"search_term_string"}}],"inLanguage":"fr-FR"},{"@type":"Organization","@id":"https:\/\/nortvi.com\/fr\/#organization","name":"NORTVI","url":"https:\/\/nortvi.com\/fr\/","logo":{"@type":"ImageObject","inLanguage":"fr-FR","@id":"https:\/\/nortvi.com\/fr\/#\/schema\/logo\/image\/","url":"https:\/\/nortvi.com\/wp-content\/uploads\/2023\/09\/cropped-logo-footer.png","contentUrl":"https:\/\/nortvi.com\/wp-content\/uploads\/2023\/09\/cropped-logo-footer.png","width":300,"height":46,"caption":"NORTVI"},"image":{"@id":"https:\/\/nortvi.com\/fr\/#\/schema\/logo\/image\/"},"sameAs":["https:\/\/www.instagram.com\/nortvi\/"]}]}},"_links":{"self":[{"href":"https:\/\/nortvi.com\/fr\/wp-json\/wp\/v2\/pages\/259245","targetHints":{"allow":["GET"]}}],"collection":[{"href":"https:\/\/nortvi.com\/fr\/wp-json\/wp\/v2\/pages"}],"about":[{"href":"https:\/\/nortvi.com\/fr\/wp-json\/wp\/v2\/types\/page"}],"author":[{"embeddable":true,"href":"https:\/\/nortvi.com\/fr\/wp-json\/wp\/v2\/users\/1"}],"replies":[{"embeddable":true,"href":"https:\/\/nortvi.com\/fr\/wp-json\/wp\/v2\/comments?post=259245"}],"version-history":[{"count":0,"href":"https:\/\/nortvi.com\/fr\/wp-json\/wp\/v2\/pages\/259245\/revisions"}],"wp:attachment":[{"href":"https:\/\/nortvi.com\/fr\/wp-json\/wp\/v2\/media?parent=259245"}],"curies":[{"name":"wp","href":"https:\/\/api.w.org\/{rel}","templated":true}]}}