{"id":54809,"date":"2022-02-03T10:26:34","date_gmt":"2022-02-03T09:26:34","guid":{"rendered":"https:\/\/nortvi-prod.wdc.app\/?post_type=product&#038;p=54809"},"modified":"2026-03-31T16:43:28","modified_gmt":"2026-03-31T14:43:28","slug":"puffer-tasche-schwarz","status":"publish","type":"product","link":"https:\/\/nortvi.com\/de\/produkt\/puffer-tasche-schwarz\/","title":{"rendered":"Large Puffer Midnight Black"},"content":{"rendered":"\n<p>Die modische Puffer Bag. Diese einzigartige Tasche ist von Hand entworfen und aus 100 % umweltfreundlichen Materialien hergestellt. Sie ist sorgf\u00e4ltig verarbeitet und wasserabweisend, was sie zur perfekten Tasche f\u00fcr jeden Anlass macht. Die Puffer Bag bietet separate Stauf\u00e4cher im Inneren und wird Ihr idealer Begleiter f\u00fcr all Ihre t\u00e4glichen Ausfl\u00fcge sein.<\/p>\n\n\n\n<p><\/p>\n","protected":false},"excerpt":{"rendered":"<p class=\"p1\">Die modische Puffer Bag. Diese einzigartige Tasche ist von Hand entworfen und aus 100 % umweltfreundlichen Materialien hergestellt. Sie ist sorgf\u00e4ltig verarbeitet und wasserabweisend, was sie zur perfekten Tasche f\u00fcr jeden Anlass macht. Die Puffer Bag bietet separate Stauf\u00e4cher im Inneren und wird Ihr idealer Begleiter f\u00fcr all Ihre t\u00e4glichen Ausfl\u00fcge sein.<\/p>\n","protected":false},"featured_media":345789,"template":"","meta":{"_acf_changed":false,"footnotes":""},"product_brand":[],"product_cat":[181],"product_tag":[],"class_list":{"0":"post-54809","1":"product","2":"type-product","3":"status-publish","4":"has-post-thumbnail","6":"product_cat-puffer-tasche","8":"first","9":"instock","10":"taxable","11":"shipping-taxable","12":"purchasable","13":"product-type-simple"},"composite_virtual":false,"composite_layout":"","composite_add_to_cart_form_location":"","composite_editable_in_cart":false,"composite_sold_individually_context":"","composite_shop_price_calc":"","composite_components":[],"composite_scenarios":[],"acf":[],"yoast_head":"<!-- This site is optimized with the Yoast SEO Premium plugin v27.1 (Yoast SEO v27.3) - https:\/\/yoast.com\/product\/yoast-seo-premium-wordpress\/ -->\n<title>Puffer Bag Schwarz kaufen | Stilvoll und Nachhaltig<\/title>\n<meta name=\"description\" content=\"Die stilvolle Puffer Bag in Schwarz: modisch, nachhaltig und wasserabweisend. Ein zeitloses Design, ideal f\u00fcr den Alltag und jede Gelegenheit.\" \/>\n<meta name=\"robots\" content=\"index, follow, max-snippet:-1, max-image-preview:large, max-video-preview:-1\" \/>\n<link rel=\"canonical\" href=\"https:\/\/nortvi.com\/de\/produkt\/puffer-tasche-schwarz\/\" \/>\n<meta property=\"og:locale\" content=\"de_DE\" \/>\n<meta property=\"og:type\" content=\"article\" \/>\n<meta property=\"og:title\" content=\"Large Puffer Midnight Black\" \/>\n<meta property=\"og:description\" content=\"Die stilvolle Puffer Bag in Schwarz: modisch, nachhaltig und wasserabweisend. Ein zeitloses Design, ideal f\u00fcr den Alltag und jede Gelegenheit.\" \/>\n<meta property=\"og:url\" content=\"https:\/\/nortvi.com\/de\/produkt\/puffer-tasche-schwarz\/\" \/>\n<meta property=\"og:site_name\" content=\"NORTVI\" \/>\n<meta property=\"article:modified_time\" content=\"2026-03-31T14:43:28+00:00\" \/>\n<meta property=\"og:image\" content=\"https:\/\/nortvi.com\/wp-content\/uploads\/2022\/02\/puffer-large-midnight-black-voorkant-2-scaled.jpg\" \/>\n\t<meta property=\"og:image:width\" content=\"3840\" \/>\n\t<meta property=\"og:image:height\" content=\"3840\" \/>\n\t<meta property=\"og:image:type\" content=\"image\/jpeg\" \/>\n<meta name=\"twitter:card\" content=\"summary_large_image\" \/>\n<meta name=\"twitter:label1\" content=\"Preis\" \/>\n\t<meta name=\"twitter:data1\" content=\"&euro;129.00\" \/>\n\t<meta name=\"twitter:label2\" content=\"Verf\u00fcgbarkeit\" \/>\n\t<meta name=\"twitter:data2\" content=\"Auf Lager\" \/>\n<script type=\"application\/ld+json\" class=\"yoast-schema-graph\">{\"@context\":\"https:\\\/\\\/schema.org\",\"@graph\":[{\"@type\":\"WebPage\",\"@id\":\"https:\\\/\\\/nortvi.com\\\/de\\\/produkt\\\/puffer-tasche-schwarz\\\/\",\"url\":\"https:\\\/\\\/nortvi.com\\\/de\\\/produkt\\\/puffer-tasche-schwarz\\\/\",\"name\":\"Puffer Bag Schwarz kaufen | Stilvoll und Nachhaltig\",\"isPartOf\":{\"@id\":\"https:\\\/\\\/nortvi.com\\\/de\\\/#website\"},\"primaryImageOfPage\":{\"@id\":\"https:\\\/\\\/nortvi.com\\\/de\\\/produkt\\\/puffer-tasche-schwarz\\\/#primaryimage\"},\"image\":{\"@id\":\"https:\\\/\\\/nortvi.com\\\/de\\\/produkt\\\/puffer-tasche-schwarz\\\/#primaryimage\"},\"thumbnailUrl\":\"https:\\\/\\\/nortvi.com\\\/wp-content\\\/uploads\\\/2022\\\/02\\\/puffer-large-midnight-black-voorkant-2-scaled.jpg\",\"datePublished\":\"2022-02-03T09:26:34+00:00\",\"dateModified\":\"2026-03-31T14:43:28+00:00\",\"description\":\"Die stilvolle Puffer Bag in Schwarz: modisch, nachhaltig und wasserabweisend. Ein zeitloses Design, ideal f\u00fcr den Alltag und jede Gelegenheit.\",\"breadcrumb\":{\"@id\":\"https:\\\/\\\/nortvi.com\\\/de\\\/produkt\\\/puffer-tasche-schwarz\\\/#breadcrumb\"},\"inLanguage\":\"de\",\"potentialAction\":[{\"@type\":\"ReadAction\",\"target\":[\"https:\\\/\\\/nortvi.com\\\/de\\\/produkt\\\/puffer-tasche-schwarz\\\/\"]}]},{\"@type\":\"ImageObject\",\"inLanguage\":\"de\",\"@id\":\"https:\\\/\\\/nortvi.com\\\/de\\\/produkt\\\/puffer-tasche-schwarz\\\/#primaryimage\",\"url\":\"https:\\\/\\\/nortvi.com\\\/wp-content\\\/uploads\\\/2022\\\/02\\\/puffer-large-midnight-black-voorkant-2-scaled.jpg\",\"contentUrl\":\"https:\\\/\\\/nortvi.com\\\/wp-content\\\/uploads\\\/2022\\\/02\\\/puffer-large-midnight-black-voorkant-2-scaled.jpg\",\"width\":3840,\"height\":3840},{\"@type\":\"BreadcrumbList\",\"@id\":\"https:\\\/\\\/nortvi.com\\\/de\\\/produkt\\\/puffer-tasche-schwarz\\\/#breadcrumb\",\"itemListElement\":[{\"@type\":\"ListItem\",\"position\":1,\"name\":\"Home\",\"item\":\"https:\\\/\\\/nortvi.com\\\/de\\\/\"},{\"@type\":\"ListItem\",\"position\":2,\"name\":\"Shop\",\"item\":\"https:\\\/\\\/nortvi.com\\\/de\\\/shop\\\/\"},{\"@type\":\"ListItem\",\"position\":3,\"name\":\"Taschen\",\"item\":\"https:\\\/\\\/nortvi.com\\\/de\\\/taschen\\\/\"},{\"@type\":\"ListItem\",\"position\":4,\"name\":\"Large Puffer\",\"item\":\"https:\\\/\\\/nortvi.com\\\/de\\\/taschen\\\/puffer-tasche\\\/\"},{\"@type\":\"ListItem\",\"position\":5,\"name\":\"Large Puffer Midnight Black\"}]},{\"@type\":\"WebSite\",\"@id\":\"https:\\\/\\\/nortvi.com\\\/de\\\/#website\",\"url\":\"https:\\\/\\\/nortvi.com\\\/de\\\/\",\"name\":\"NORTVI\",\"description\":\"Sustainable travel gear\",\"publisher\":{\"@id\":\"https:\\\/\\\/nortvi.com\\\/de\\\/#organization\"},\"potentialAction\":[{\"@type\":\"SearchAction\",\"target\":{\"@type\":\"EntryPoint\",\"urlTemplate\":\"https:\\\/\\\/nortvi.com\\\/de\\\/?s={search_term_string}\"},\"query-input\":{\"@type\":\"PropertyValueSpecification\",\"valueRequired\":true,\"valueName\":\"search_term_string\"}}],\"inLanguage\":\"de\"},{\"@type\":\"Organization\",\"@id\":\"https:\\\/\\\/nortvi.com\\\/de\\\/#organization\",\"name\":\"NORTVI\",\"url\":\"https:\\\/\\\/nortvi.com\\\/de\\\/\",\"logo\":{\"@type\":\"ImageObject\",\"inLanguage\":\"de\",\"@id\":\"https:\\\/\\\/nortvi.com\\\/de\\\/#\\\/schema\\\/logo\\\/image\\\/\",\"url\":\"https:\\\/\\\/nortvi.com\\\/wp-content\\\/uploads\\\/2023\\\/09\\\/cropped-logo-footer.png\",\"contentUrl\":\"https:\\\/\\\/nortvi.com\\\/wp-content\\\/uploads\\\/2023\\\/09\\\/cropped-logo-footer.png\",\"width\":300,\"height\":46,\"caption\":\"NORTVI\"},\"image\":{\"@id\":\"https:\\\/\\\/nortvi.com\\\/de\\\/#\\\/schema\\\/logo\\\/image\\\/\"},\"sameAs\":[\"https:\\\/\\\/www.instagram.com\\\/nortvi\\\/\"]}]}<\/script>\n<meta property=\"product:price:amount\" content=\"129.00\" \/>\n<meta property=\"product:price:currency\" content=\"EUR\" \/>\n<meta property=\"og:availability\" content=\"instock\" \/>\n<meta property=\"product:availability\" content=\"instock\" \/>\n<meta property=\"product:retailer_item_id\" content=\"8720618379092\" \/>\n<meta property=\"product:condition\" content=\"new\" \/>\n<!-- \/ Yoast SEO Premium plugin. -->","yoast_head_json":{"title":"Puffer Bag Schwarz kaufen | Stilvoll und Nachhaltig","description":"Die stilvolle Puffer Bag in Schwarz: modisch, nachhaltig und wasserabweisend. Ein zeitloses Design, ideal f\u00fcr den Alltag und jede Gelegenheit.","robots":{"index":"index","follow":"follow","max-snippet":"max-snippet:-1","max-image-preview":"max-image-preview:large","max-video-preview":"max-video-preview:-1"},"canonical":"https:\/\/nortvi.com\/de\/produkt\/puffer-tasche-schwarz\/","og_locale":"de_DE","og_type":"article","og_title":"Large Puffer Midnight Black","og_description":"Die stilvolle Puffer Bag in Schwarz: modisch, nachhaltig und wasserabweisend. Ein zeitloses Design, ideal f\u00fcr den Alltag und jede Gelegenheit.","og_url":"https:\/\/nortvi.com\/de\/produkt\/puffer-tasche-schwarz\/","og_site_name":"NORTVI","article_modified_time":"2026-03-31T14:43:28+00:00","og_image":[{"width":3840,"height":3840,"url":"https:\/\/nortvi.com\/wp-content\/uploads\/2022\/02\/puffer-large-midnight-black-voorkant-2-scaled.jpg","type":"image\/jpeg"}],"twitter_card":"summary_large_image","twitter_misc":{"Preis":"&euro;129.00","Verf\u00fcgbarkeit":"Auf Lager"},"schema":{"@context":"https:\/\/schema.org","@graph":[{"@type":"WebPage","@id":"https:\/\/nortvi.com\/de\/produkt\/puffer-tasche-schwarz\/","url":"https:\/\/nortvi.com\/de\/produkt\/puffer-tasche-schwarz\/","name":"Puffer Bag Schwarz kaufen | Stilvoll und Nachhaltig","isPartOf":{"@id":"https:\/\/nortvi.com\/de\/#website"},"primaryImageOfPage":{"@id":"https:\/\/nortvi.com\/de\/produkt\/puffer-tasche-schwarz\/#primaryimage"},"image":{"@id":"https:\/\/nortvi.com\/de\/produkt\/puffer-tasche-schwarz\/#primaryimage"},"thumbnailUrl":"https:\/\/nortvi.com\/wp-content\/uploads\/2022\/02\/puffer-large-midnight-black-voorkant-2-scaled.jpg","datePublished":"2022-02-03T09:26:34+00:00","dateModified":"2026-03-31T14:43:28+00:00","description":"Die stilvolle Puffer Bag in Schwarz: modisch, nachhaltig und wasserabweisend. Ein zeitloses Design, ideal f\u00fcr den Alltag und jede Gelegenheit.","breadcrumb":{"@id":"https:\/\/nortvi.com\/de\/produkt\/puffer-tasche-schwarz\/#breadcrumb"},"inLanguage":"de","potentialAction":[{"@type":"ReadAction","target":["https:\/\/nortvi.com\/de\/produkt\/puffer-tasche-schwarz\/"]}]},{"@type":"ImageObject","inLanguage":"de","@id":"https:\/\/nortvi.com\/de\/produkt\/puffer-tasche-schwarz\/#primaryimage","url":"https:\/\/nortvi.com\/wp-content\/uploads\/2022\/02\/puffer-large-midnight-black-voorkant-2-scaled.jpg","contentUrl":"https:\/\/nortvi.com\/wp-content\/uploads\/2022\/02\/puffer-large-midnight-black-voorkant-2-scaled.jpg","width":3840,"height":3840},{"@type":"BreadcrumbList","@id":"https:\/\/nortvi.com\/de\/produkt\/puffer-tasche-schwarz\/#breadcrumb","itemListElement":[{"@type":"ListItem","position":1,"name":"Home","item":"https:\/\/nortvi.com\/de\/"},{"@type":"ListItem","position":2,"name":"Shop","item":"https:\/\/nortvi.com\/de\/shop\/"},{"@type":"ListItem","position":3,"name":"Taschen","item":"https:\/\/nortvi.com\/de\/taschen\/"},{"@type":"ListItem","position":4,"name":"Large Puffer","item":"https:\/\/nortvi.com\/de\/taschen\/puffer-tasche\/"},{"@type":"ListItem","position":5,"name":"Large Puffer Midnight Black"}]},{"@type":"WebSite","@id":"https:\/\/nortvi.com\/de\/#website","url":"https:\/\/nortvi.com\/de\/","name":"NORTVI","description":"Sustainable travel gear","publisher":{"@id":"https:\/\/nortvi.com\/de\/#organization"},"potentialAction":[{"@type":"SearchAction","target":{"@type":"EntryPoint","urlTemplate":"https:\/\/nortvi.com\/de\/?s={search_term_string}"},"query-input":{"@type":"PropertyValueSpecification","valueRequired":true,"valueName":"search_term_string"}}],"inLanguage":"de"},{"@type":"Organization","@id":"https:\/\/nortvi.com\/de\/#organization","name":"NORTVI","url":"https:\/\/nortvi.com\/de\/","logo":{"@type":"ImageObject","inLanguage":"de","@id":"https:\/\/nortvi.com\/de\/#\/schema\/logo\/image\/","url":"https:\/\/nortvi.com\/wp-content\/uploads\/2023\/09\/cropped-logo-footer.png","contentUrl":"https:\/\/nortvi.com\/wp-content\/uploads\/2023\/09\/cropped-logo-footer.png","width":300,"height":46,"caption":"NORTVI"},"image":{"@id":"https:\/\/nortvi.com\/de\/#\/schema\/logo\/image\/"},"sameAs":["https:\/\/www.instagram.com\/nortvi\/"]}]},"product_price_amount":"129.00","product_price_currency":"EUR","og_availability":"instock","product_availability":"instock","product_retailer_item_id":"8720618379092","product_condition":"new"},"_links":{"self":[{"href":"https:\/\/nortvi.com\/de\/wp-json\/wp\/v2\/product\/54809","targetHints":{"allow":["GET"]}}],"collection":[{"href":"https:\/\/nortvi.com\/de\/wp-json\/wp\/v2\/product"}],"about":[{"href":"https:\/\/nortvi.com\/de\/wp-json\/wp\/v2\/types\/product"}],"version-history":[{"count":0,"href":"https:\/\/nortvi.com\/de\/wp-json\/wp\/v2\/product\/54809\/revisions"}],"wp:featuredmedia":[{"embeddable":true,"href":"https:\/\/nortvi.com\/de\/wp-json\/wp\/v2\/media\/345789"}],"wp:attachment":[{"href":"https:\/\/nortvi.com\/de\/wp-json\/wp\/v2\/media?parent=54809"}],"wp:term":[{"taxonomy":"product_brand","embeddable":true,"href":"https:\/\/nortvi.com\/de\/wp-json\/wp\/v2\/product_brand?post=54809"},{"taxonomy":"product_cat","embeddable":true,"href":"https:\/\/nortvi.com\/de\/wp-json\/wp\/v2\/product_cat?post=54809"},{"taxonomy":"product_tag","embeddable":true,"href":"https:\/\/nortvi.com\/de\/wp-json\/wp\/v2\/product_tag?post=54809"}],"curies":[{"name":"wp","href":"https:\/\/api.w.org\/{rel}","templated":true}]}}