{"id":50206,"date":"2020-03-24T14:08:36","date_gmt":"2021-12-02T16:12:55","guid":{"rendered":"https:\/\/nortvi-prod.wdc.app\/product\/backpack-midnight-black\/"},"modified":"2026-01-13T14:53:00","modified_gmt":"2026-01-13T13:53:00","slug":"rucksack-schwarz","status":"publish","type":"product","link":"https:\/\/nortvi.com\/de\/produkt\/rucksack-schwarz\/","title":{"rendered":"Backpack Midnight Black"},"content":{"rendered":"\n<p>Entdecken Sie unseren Rucksack. Der stylische Begleiter f\u00fcr Ihren t\u00e4glichen Weg zur Arbeit. Mit einzigartigem, schlankem Design und zu 100 % aus recycelten Plastikflaschen hergestellt. Der Rucksack ist wasserfest und optimiert f\u00fcr effizientes Packen. Die Tasche hat zwei speziell gestaltete gro\u00dfe F\u00e4cher und zus\u00e4tzliche Aufbewahrungsm\u00f6glichkeiten, um Ihre wichtigsten Dinge organisiert zu verstauen. Ein eigenes 15\u2033-Laptop-Fach erlaubt einen bequemen Zugriff, ohne dass die gesamte Tasche ge\u00f6ffnet werden muss.<\/p>\n\n\n\n<p><\/p>\n","protected":false},"excerpt":{"rendered":"<p><span style=\"caret-color: #000000; color: #000000; font-family: -webkit-standard; font-size: medium;\">Entdecken Sie unseren Rucksack. Der stylische Begleiter f\u00fcr Ihren t\u00e4glichen Weg zur Arbeit. Mit einzigartigem, schlankem Design und zu 100 % aus recycelten Plastikflaschen hergestellt. Der Rucksack ist wasserfest und optimiert f\u00fcr effizientes Packen. Die Tasche hat zwei speziell gestaltete gro\u00dfe F\u00e4cher und zus\u00e4tzliche Aufbewahrungsm\u00f6glichkeiten, um Ihre wichtigsten Dinge organisiert zu verstauen. Ein eigenes 15\u2033-Laptop-Fach erlaubt einen bequemen Zugriff, ohne dass die gesamte Tasche ge\u00f6ffnet werden muss.<\/span><\/p>\n","protected":false},"featured_media":345808,"template":"","meta":{"_acf_changed":false,"footnotes":""},"product_brand":[],"product_cat":[171],"product_tag":[],"class_list":{"0":"post-50206","1":"product","2":"type-product","3":"status-publish","4":"has-post-thumbnail","6":"product_cat-rucksack","8":"first","9":"instock","10":"taxable","11":"shipping-taxable","12":"purchasable","13":"product-type-simple"},"composite_virtual":false,"composite_layout":"","composite_add_to_cart_form_location":"","composite_editable_in_cart":false,"composite_sold_individually_context":"","composite_shop_price_calc":"","composite_components":[],"composite_scenarios":[],"acf":[],"yoast_head":"<!-- This site is optimized with the Yoast SEO Premium plugin v27.1 (Yoast SEO v27.3) - https:\/\/yoast.com\/product\/yoast-seo-premium-wordpress\/ -->\n<title>Rucksack Schwarz kaufen? Premium, Nachhaltig &amp; Stilvoll<\/title>\n<meta name=\"description\" content=\"M\u00f6chten Sie einen schwarzen Rucksack kaufen? Erleben Sie den Luxus unseres Midnight Black Rucksacks. Langlebig und perfekt f\u00fcr jeden Anlass.\" \/>\n<meta name=\"robots\" content=\"index, follow, max-snippet:-1, max-image-preview:large, max-video-preview:-1\" \/>\n<link rel=\"canonical\" href=\"https:\/\/nortvi.com\/de\/produkt\/rucksack-schwarz\/\" \/>\n<meta property=\"og:locale\" content=\"de_DE\" \/>\n<meta property=\"og:type\" content=\"article\" \/>\n<meta property=\"og:title\" content=\"Backpack Midnight Black\" \/>\n<meta property=\"og:description\" content=\"M\u00f6chten Sie einen schwarzen Rucksack kaufen? Erleben Sie den Luxus unseres Midnight Black Rucksacks. Langlebig und perfekt f\u00fcr jeden Anlass.\" \/>\n<meta property=\"og:url\" content=\"https:\/\/nortvi.com\/de\/produkt\/rucksack-schwarz\/\" \/>\n<meta property=\"og:site_name\" content=\"NORTVI\" \/>\n<meta property=\"article:modified_time\" content=\"2026-01-13T13:53:00+00:00\" \/>\n<meta property=\"og:image\" content=\"https:\/\/nortvi.com\/wp-content\/uploads\/2020\/03\/rugzak-classic-midnight-black-voorkant-2-scaled.jpg\" \/>\n\t<meta property=\"og:image:width\" content=\"3840\" \/>\n\t<meta property=\"og:image:height\" content=\"3840\" \/>\n\t<meta property=\"og:image:type\" content=\"image\/jpeg\" \/>\n<meta name=\"twitter:card\" content=\"summary_large_image\" \/>\n<meta name=\"twitter:label1\" content=\"Preis\" \/>\n\t<meta name=\"twitter:data1\" content=\"&euro;139.00\" \/>\n\t<meta name=\"twitter:label2\" content=\"Verf\u00fcgbarkeit\" \/>\n\t<meta name=\"twitter:data2\" content=\"Auf Lager\" \/>\n<script type=\"application\/ld+json\" class=\"yoast-schema-graph\">{\"@context\":\"https:\\\/\\\/schema.org\",\"@graph\":[{\"@type\":\"WebPage\",\"@id\":\"https:\\\/\\\/nortvi.com\\\/de\\\/produkt\\\/rucksack-schwarz\\\/\",\"url\":\"https:\\\/\\\/nortvi.com\\\/de\\\/produkt\\\/rucksack-schwarz\\\/\",\"name\":\"Rucksack Schwarz kaufen? Premium, Nachhaltig & Stilvoll\",\"isPartOf\":{\"@id\":\"https:\\\/\\\/nortvi.com\\\/de\\\/#website\"},\"primaryImageOfPage\":{\"@id\":\"https:\\\/\\\/nortvi.com\\\/de\\\/produkt\\\/rucksack-schwarz\\\/#primaryimage\"},\"image\":{\"@id\":\"https:\\\/\\\/nortvi.com\\\/de\\\/produkt\\\/rucksack-schwarz\\\/#primaryimage\"},\"thumbnailUrl\":\"https:\\\/\\\/nortvi.com\\\/wp-content\\\/uploads\\\/2020\\\/03\\\/rugzak-classic-midnight-black-voorkant-2-scaled.jpg\",\"datePublished\":\"2021-12-02T16:12:55+00:00\",\"dateModified\":\"2026-01-13T13:53:00+00:00\",\"description\":\"M\u00f6chten Sie einen schwarzen Rucksack kaufen? Erleben Sie den Luxus unseres Midnight Black Rucksacks. Langlebig und perfekt f\u00fcr jeden Anlass.\",\"breadcrumb\":{\"@id\":\"https:\\\/\\\/nortvi.com\\\/de\\\/produkt\\\/rucksack-schwarz\\\/#breadcrumb\"},\"inLanguage\":\"de\",\"potentialAction\":[{\"@type\":\"ReadAction\",\"target\":[\"https:\\\/\\\/nortvi.com\\\/de\\\/produkt\\\/rucksack-schwarz\\\/\"]}]},{\"@type\":\"ImageObject\",\"inLanguage\":\"de\",\"@id\":\"https:\\\/\\\/nortvi.com\\\/de\\\/produkt\\\/rucksack-schwarz\\\/#primaryimage\",\"url\":\"https:\\\/\\\/nortvi.com\\\/wp-content\\\/uploads\\\/2020\\\/03\\\/rugzak-classic-midnight-black-voorkant-2-scaled.jpg\",\"contentUrl\":\"https:\\\/\\\/nortvi.com\\\/wp-content\\\/uploads\\\/2020\\\/03\\\/rugzak-classic-midnight-black-voorkant-2-scaled.jpg\",\"width\":3840,\"height\":3840},{\"@type\":\"BreadcrumbList\",\"@id\":\"https:\\\/\\\/nortvi.com\\\/de\\\/produkt\\\/rucksack-schwarz\\\/#breadcrumb\",\"itemListElement\":[{\"@type\":\"ListItem\",\"position\":1,\"name\":\"Home\",\"item\":\"https:\\\/\\\/nortvi.com\\\/de\\\/\"},{\"@type\":\"ListItem\",\"position\":2,\"name\":\"Shop\",\"item\":\"https:\\\/\\\/nortvi.com\\\/de\\\/shop\\\/\"},{\"@type\":\"ListItem\",\"position\":3,\"name\":\"Taschen\",\"item\":\"https:\\\/\\\/nortvi.com\\\/de\\\/taschen\\\/\"},{\"@type\":\"ListItem\",\"position\":4,\"name\":\"Rucksack Classic\",\"item\":\"https:\\\/\\\/nortvi.com\\\/de\\\/taschen\\\/rucksack\\\/\"},{\"@type\":\"ListItem\",\"position\":5,\"name\":\"Backpack Midnight Black\"}]},{\"@type\":\"WebSite\",\"@id\":\"https:\\\/\\\/nortvi.com\\\/de\\\/#website\",\"url\":\"https:\\\/\\\/nortvi.com\\\/de\\\/\",\"name\":\"NORTVI\",\"description\":\"Sustainable travel gear\",\"publisher\":{\"@id\":\"https:\\\/\\\/nortvi.com\\\/de\\\/#organization\"},\"potentialAction\":[{\"@type\":\"SearchAction\",\"target\":{\"@type\":\"EntryPoint\",\"urlTemplate\":\"https:\\\/\\\/nortvi.com\\\/de\\\/?s={search_term_string}\"},\"query-input\":{\"@type\":\"PropertyValueSpecification\",\"valueRequired\":true,\"valueName\":\"search_term_string\"}}],\"inLanguage\":\"de\"},{\"@type\":\"Organization\",\"@id\":\"https:\\\/\\\/nortvi.com\\\/de\\\/#organization\",\"name\":\"NORTVI\",\"url\":\"https:\\\/\\\/nortvi.com\\\/de\\\/\",\"logo\":{\"@type\":\"ImageObject\",\"inLanguage\":\"de\",\"@id\":\"https:\\\/\\\/nortvi.com\\\/de\\\/#\\\/schema\\\/logo\\\/image\\\/\",\"url\":\"https:\\\/\\\/nortvi.com\\\/wp-content\\\/uploads\\\/2023\\\/09\\\/cropped-logo-footer.png\",\"contentUrl\":\"https:\\\/\\\/nortvi.com\\\/wp-content\\\/uploads\\\/2023\\\/09\\\/cropped-logo-footer.png\",\"width\":300,\"height\":46,\"caption\":\"NORTVI\"},\"image\":{\"@id\":\"https:\\\/\\\/nortvi.com\\\/de\\\/#\\\/schema\\\/logo\\\/image\\\/\"},\"sameAs\":[\"https:\\\/\\\/www.instagram.com\\\/nortvi\\\/\"]}]}<\/script>\n<meta property=\"product:price:amount\" content=\"139.00\" \/>\n<meta property=\"product:price:currency\" content=\"EUR\" \/>\n<meta property=\"og:availability\" content=\"instock\" \/>\n<meta property=\"product:availability\" content=\"instock\" \/>\n<meta property=\"product:retailer_item_id\" content=\"8720165662593\" \/>\n<meta property=\"product:condition\" content=\"new\" \/>\n<!-- \/ Yoast SEO Premium plugin. -->","yoast_head_json":{"title":"Rucksack Schwarz kaufen? Premium, Nachhaltig & Stilvoll","description":"M\u00f6chten Sie einen schwarzen Rucksack kaufen? Erleben Sie den Luxus unseres Midnight Black Rucksacks. Langlebig und perfekt f\u00fcr jeden Anlass.","robots":{"index":"index","follow":"follow","max-snippet":"max-snippet:-1","max-image-preview":"max-image-preview:large","max-video-preview":"max-video-preview:-1"},"canonical":"https:\/\/nortvi.com\/de\/produkt\/rucksack-schwarz\/","og_locale":"de_DE","og_type":"article","og_title":"Backpack Midnight Black","og_description":"M\u00f6chten Sie einen schwarzen Rucksack kaufen? Erleben Sie den Luxus unseres Midnight Black Rucksacks. Langlebig und perfekt f\u00fcr jeden Anlass.","og_url":"https:\/\/nortvi.com\/de\/produkt\/rucksack-schwarz\/","og_site_name":"NORTVI","article_modified_time":"2026-01-13T13:53:00+00:00","og_image":[{"width":3840,"height":3840,"url":"https:\/\/nortvi.com\/wp-content\/uploads\/2020\/03\/rugzak-classic-midnight-black-voorkant-2-scaled.jpg","type":"image\/jpeg"}],"twitter_card":"summary_large_image","twitter_misc":{"Preis":"&euro;139.00","Verf\u00fcgbarkeit":"Auf Lager"},"schema":{"@context":"https:\/\/schema.org","@graph":[{"@type":"WebPage","@id":"https:\/\/nortvi.com\/de\/produkt\/rucksack-schwarz\/","url":"https:\/\/nortvi.com\/de\/produkt\/rucksack-schwarz\/","name":"Rucksack Schwarz kaufen? Premium, Nachhaltig & Stilvoll","isPartOf":{"@id":"https:\/\/nortvi.com\/de\/#website"},"primaryImageOfPage":{"@id":"https:\/\/nortvi.com\/de\/produkt\/rucksack-schwarz\/#primaryimage"},"image":{"@id":"https:\/\/nortvi.com\/de\/produkt\/rucksack-schwarz\/#primaryimage"},"thumbnailUrl":"https:\/\/nortvi.com\/wp-content\/uploads\/2020\/03\/rugzak-classic-midnight-black-voorkant-2-scaled.jpg","datePublished":"2021-12-02T16:12:55+00:00","dateModified":"2026-01-13T13:53:00+00:00","description":"M\u00f6chten Sie einen schwarzen Rucksack kaufen? Erleben Sie den Luxus unseres Midnight Black Rucksacks. Langlebig und perfekt f\u00fcr jeden Anlass.","breadcrumb":{"@id":"https:\/\/nortvi.com\/de\/produkt\/rucksack-schwarz\/#breadcrumb"},"inLanguage":"de","potentialAction":[{"@type":"ReadAction","target":["https:\/\/nortvi.com\/de\/produkt\/rucksack-schwarz\/"]}]},{"@type":"ImageObject","inLanguage":"de","@id":"https:\/\/nortvi.com\/de\/produkt\/rucksack-schwarz\/#primaryimage","url":"https:\/\/nortvi.com\/wp-content\/uploads\/2020\/03\/rugzak-classic-midnight-black-voorkant-2-scaled.jpg","contentUrl":"https:\/\/nortvi.com\/wp-content\/uploads\/2020\/03\/rugzak-classic-midnight-black-voorkant-2-scaled.jpg","width":3840,"height":3840},{"@type":"BreadcrumbList","@id":"https:\/\/nortvi.com\/de\/produkt\/rucksack-schwarz\/#breadcrumb","itemListElement":[{"@type":"ListItem","position":1,"name":"Home","item":"https:\/\/nortvi.com\/de\/"},{"@type":"ListItem","position":2,"name":"Shop","item":"https:\/\/nortvi.com\/de\/shop\/"},{"@type":"ListItem","position":3,"name":"Taschen","item":"https:\/\/nortvi.com\/de\/taschen\/"},{"@type":"ListItem","position":4,"name":"Rucksack Classic","item":"https:\/\/nortvi.com\/de\/taschen\/rucksack\/"},{"@type":"ListItem","position":5,"name":"Backpack Midnight Black"}]},{"@type":"WebSite","@id":"https:\/\/nortvi.com\/de\/#website","url":"https:\/\/nortvi.com\/de\/","name":"NORTVI","description":"Sustainable travel gear","publisher":{"@id":"https:\/\/nortvi.com\/de\/#organization"},"potentialAction":[{"@type":"SearchAction","target":{"@type":"EntryPoint","urlTemplate":"https:\/\/nortvi.com\/de\/?s={search_term_string}"},"query-input":{"@type":"PropertyValueSpecification","valueRequired":true,"valueName":"search_term_string"}}],"inLanguage":"de"},{"@type":"Organization","@id":"https:\/\/nortvi.com\/de\/#organization","name":"NORTVI","url":"https:\/\/nortvi.com\/de\/","logo":{"@type":"ImageObject","inLanguage":"de","@id":"https:\/\/nortvi.com\/de\/#\/schema\/logo\/image\/","url":"https:\/\/nortvi.com\/wp-content\/uploads\/2023\/09\/cropped-logo-footer.png","contentUrl":"https:\/\/nortvi.com\/wp-content\/uploads\/2023\/09\/cropped-logo-footer.png","width":300,"height":46,"caption":"NORTVI"},"image":{"@id":"https:\/\/nortvi.com\/de\/#\/schema\/logo\/image\/"},"sameAs":["https:\/\/www.instagram.com\/nortvi\/"]}]},"product_price_amount":"139.00","product_price_currency":"EUR","og_availability":"instock","product_availability":"instock","product_retailer_item_id":"8720165662593","product_condition":"new"},"_links":{"self":[{"href":"https:\/\/nortvi.com\/de\/wp-json\/wp\/v2\/product\/50206","targetHints":{"allow":["GET"]}}],"collection":[{"href":"https:\/\/nortvi.com\/de\/wp-json\/wp\/v2\/product"}],"about":[{"href":"https:\/\/nortvi.com\/de\/wp-json\/wp\/v2\/types\/product"}],"version-history":[{"count":0,"href":"https:\/\/nortvi.com\/de\/wp-json\/wp\/v2\/product\/50206\/revisions"}],"wp:featuredmedia":[{"embeddable":true,"href":"https:\/\/nortvi.com\/de\/wp-json\/wp\/v2\/media\/345808"}],"wp:attachment":[{"href":"https:\/\/nortvi.com\/de\/wp-json\/wp\/v2\/media?parent=50206"}],"wp:term":[{"taxonomy":"product_brand","embeddable":true,"href":"https:\/\/nortvi.com\/de\/wp-json\/wp\/v2\/product_brand?post=50206"},{"taxonomy":"product_cat","embeddable":true,"href":"https:\/\/nortvi.com\/de\/wp-json\/wp\/v2\/product_cat?post=50206"},{"taxonomy":"product_tag","embeddable":true,"href":"https:\/\/nortvi.com\/de\/wp-json\/wp\/v2\/product_tag?post=50206"}],"curies":[{"name":"wp","href":"https:\/\/api.w.org\/{rel}","templated":true}]}}