{"id":49970,"date":"2021-08-30T12:21:01","date_gmt":"2021-12-02T14:32:05","guid":{"rendered":"https:\/\/nortvi-prod.wdc.app\/product\/iphone-13-case-rainforest-green\/"},"modified":"2023-09-11T20:34:22","modified_gmt":"2023-09-11T18:34:22","slug":"iphone-13-case-rainforest-green","status":"publish","type":"product","link":"https:\/\/nortvi.com\/de\/produkt\/iphone-13-case-rainforest-green\/","title":{"rendered":"iPhone 13 Case Rainforest Green"},"content":{"rendered":"<p>Die einzigartige NORTVI iPhone 13 H\u00fclle. Nachhaltig und vollst\u00e4ndig biologisch abbaubar. Erforschen Sie das Unbekannte und sch\u00fctzen Sie Ihr Telefon. Mit seiner speziellen Farbgestaltung passt diese Schutzh\u00fclle immer zu Ihrem Koffer. F\u00fcr unvergessliche Erinnerungen.<\/p>\n","protected":false},"excerpt":{"rendered":"<p>Die einzigartige NORTVI iPhone 13 H\u00fclle. Nachhaltig und vollst\u00e4ndig biologisch abbaubar. Erforschen Sie das Unbekannte und sch\u00fctzen Sie Ihr Telefon. Mit seiner speziellen Farbgestaltung passt diese Schutzh\u00fclle immer zu Ihrem Koffer. F\u00fcr unvergessliche Erinnerungen.<\/p>\n","protected":false},"featured_media":49961,"template":"","meta":{"_acf_changed":false,"footnotes":""},"product_brand":[],"product_cat":[155],"product_tag":[],"class_list":{"0":"post-49970","1":"product","2":"type-product","3":"status-publish","4":"has-post-thumbnail","6":"product_cat-iphone-13-de","8":"first","9":"outofstock","10":"taxable","11":"shipping-taxable","12":"purchasable","13":"product-type-simple"},"composite_virtual":false,"composite_layout":"","composite_add_to_cart_form_location":"","composite_editable_in_cart":false,"composite_sold_individually_context":"","composite_shop_price_calc":"","composite_components":[],"composite_scenarios":[],"acf":[],"yoast_head":"<!-- This site is optimized with the Yoast SEO Premium plugin v27.1 (Yoast SEO v27.3) - https:\/\/yoast.com\/product\/yoast-seo-premium-wordpress\/ -->\n<title>iPhone 13 H\u00fclle | Gr\u00fcn | Nachhaltig &amp; Langlebig<\/title>\n<meta name=\"description\" content=\"Die Premium iPhone 13-H\u00fclle von NORTVI in Gr\u00fcn. Nachhaltig und vollst\u00e4ndig biologisch abbaubar. Sch\u00fctzt Ihr Telefon und ist \u00e4u\u00dferst robust.\" \/>\n<meta name=\"robots\" content=\"index, follow, max-snippet:-1, max-image-preview:large, max-video-preview:-1\" \/>\n<link rel=\"canonical\" href=\"https:\/\/nortvi.com\/de\/produkt\/iphone-13-case-rainforest-green\/\" \/>\n<meta property=\"og:locale\" content=\"de_DE\" \/>\n<meta property=\"og:type\" content=\"article\" \/>\n<meta property=\"og:title\" content=\"iPhone 13 Case Rainforest Green\" \/>\n<meta property=\"og:description\" content=\"Die Premium iPhone 13-H\u00fclle von NORTVI in Gr\u00fcn. Nachhaltig und vollst\u00e4ndig biologisch abbaubar. Sch\u00fctzt Ihr Telefon und ist \u00e4u\u00dferst robust.\" \/>\n<meta property=\"og:url\" content=\"https:\/\/nortvi.com\/de\/produkt\/iphone-13-case-rainforest-green\/\" \/>\n<meta property=\"og:site_name\" content=\"NORTVI\" \/>\n<meta property=\"article:modified_time\" content=\"2023-09-11T18:34:22+00:00\" \/>\n<meta property=\"og:image\" content=\"https:\/\/nortvi.com\/wp-content\/uploads\/2021\/11\/iphone-13-green-frame.jpg\" \/>\n\t<meta property=\"og:image:width\" content=\"2048\" \/>\n\t<meta property=\"og:image:height\" content=\"2048\" \/>\n\t<meta property=\"og:image:type\" content=\"image\/jpeg\" \/>\n<meta name=\"twitter:card\" content=\"summary_large_image\" \/>\n<meta name=\"twitter:label1\" content=\"Preis\" \/>\n\t<meta name=\"twitter:data1\" content=\"&euro;25.00\" \/>\n\t<meta name=\"twitter:label2\" content=\"Verf\u00fcgbarkeit\" \/>\n\t<meta name=\"twitter:data2\" content=\"ausverkauft\" \/>\n<script type=\"application\/ld+json\" class=\"yoast-schema-graph\">{\"@context\":\"https:\\\/\\\/schema.org\",\"@graph\":[{\"@type\":\"WebPage\",\"@id\":\"https:\\\/\\\/nortvi.com\\\/de\\\/produkt\\\/iphone-13-case-rainforest-green\\\/\",\"url\":\"https:\\\/\\\/nortvi.com\\\/de\\\/produkt\\\/iphone-13-case-rainforest-green\\\/\",\"name\":\"iPhone 13 H\u00fclle | Gr\u00fcn | Nachhaltig &amp; Langlebig\",\"isPartOf\":{\"@id\":\"https:\\\/\\\/nortvi.com\\\/de\\\/#website\"},\"primaryImageOfPage\":{\"@id\":\"https:\\\/\\\/nortvi.com\\\/de\\\/produkt\\\/iphone-13-case-rainforest-green\\\/#primaryimage\"},\"image\":{\"@id\":\"https:\\\/\\\/nortvi.com\\\/de\\\/produkt\\\/iphone-13-case-rainforest-green\\\/#primaryimage\"},\"thumbnailUrl\":\"https:\\\/\\\/nortvi.com\\\/wp-content\\\/uploads\\\/2021\\\/11\\\/iphone-13-green-frame.jpg\",\"datePublished\":\"2021-12-02T14:32:05+00:00\",\"dateModified\":\"2023-09-11T18:34:22+00:00\",\"description\":\"Die Premium iPhone 13-H\u00fclle von NORTVI in Gr\u00fcn. Nachhaltig und vollst\u00e4ndig biologisch abbaubar. Sch\u00fctzt Ihr Telefon und ist \u00e4u\u00dferst robust.\",\"breadcrumb\":{\"@id\":\"https:\\\/\\\/nortvi.com\\\/de\\\/produkt\\\/iphone-13-case-rainforest-green\\\/#breadcrumb\"},\"inLanguage\":\"de\",\"potentialAction\":[{\"@type\":\"ReadAction\",\"target\":[\"https:\\\/\\\/nortvi.com\\\/de\\\/produkt\\\/iphone-13-case-rainforest-green\\\/\"]}]},{\"@type\":\"ImageObject\",\"inLanguage\":\"de\",\"@id\":\"https:\\\/\\\/nortvi.com\\\/de\\\/produkt\\\/iphone-13-case-rainforest-green\\\/#primaryimage\",\"url\":\"https:\\\/\\\/nortvi.com\\\/wp-content\\\/uploads\\\/2021\\\/11\\\/iphone-13-green-frame.jpg\",\"contentUrl\":\"https:\\\/\\\/nortvi.com\\\/wp-content\\\/uploads\\\/2021\\\/11\\\/iphone-13-green-frame.jpg\",\"width\":2048,\"height\":2048},{\"@type\":\"BreadcrumbList\",\"@id\":\"https:\\\/\\\/nortvi.com\\\/de\\\/produkt\\\/iphone-13-case-rainforest-green\\\/#breadcrumb\",\"itemListElement\":[{\"@type\":\"ListItem\",\"position\":1,\"name\":\"Home\",\"item\":\"https:\\\/\\\/nortvi.com\\\/de\\\/\"},{\"@type\":\"ListItem\",\"position\":2,\"name\":\"Shop\",\"item\":\"https:\\\/\\\/nortvi.com\\\/de\\\/shop\\\/\"},{\"@type\":\"ListItem\",\"position\":3,\"name\":\"iPhone H\u00fcllen\",\"item\":\"https:\\\/\\\/nortvi.com\\\/de\\\/iphone-huellen\\\/\"},{\"@type\":\"ListItem\",\"position\":4,\"name\":\"iPhone 13 Case Rainforest Green\"}]},{\"@type\":\"WebSite\",\"@id\":\"https:\\\/\\\/nortvi.com\\\/de\\\/#website\",\"url\":\"https:\\\/\\\/nortvi.com\\\/de\\\/\",\"name\":\"NORTVI\",\"description\":\"Sustainable travel gear\",\"publisher\":{\"@id\":\"https:\\\/\\\/nortvi.com\\\/de\\\/#organization\"},\"potentialAction\":[{\"@type\":\"SearchAction\",\"target\":{\"@type\":\"EntryPoint\",\"urlTemplate\":\"https:\\\/\\\/nortvi.com\\\/de\\\/?s={search_term_string}\"},\"query-input\":{\"@type\":\"PropertyValueSpecification\",\"valueRequired\":true,\"valueName\":\"search_term_string\"}}],\"inLanguage\":\"de\"},{\"@type\":\"Organization\",\"@id\":\"https:\\\/\\\/nortvi.com\\\/de\\\/#organization\",\"name\":\"NORTVI\",\"url\":\"https:\\\/\\\/nortvi.com\\\/de\\\/\",\"logo\":{\"@type\":\"ImageObject\",\"inLanguage\":\"de\",\"@id\":\"https:\\\/\\\/nortvi.com\\\/de\\\/#\\\/schema\\\/logo\\\/image\\\/\",\"url\":\"https:\\\/\\\/nortvi.com\\\/wp-content\\\/uploads\\\/2023\\\/09\\\/cropped-logo-footer.png\",\"contentUrl\":\"https:\\\/\\\/nortvi.com\\\/wp-content\\\/uploads\\\/2023\\\/09\\\/cropped-logo-footer.png\",\"width\":300,\"height\":46,\"caption\":\"NORTVI\"},\"image\":{\"@id\":\"https:\\\/\\\/nortvi.com\\\/de\\\/#\\\/schema\\\/logo\\\/image\\\/\"},\"sameAs\":[\"https:\\\/\\\/www.instagram.com\\\/nortvi\\\/\"]}]}<\/script>\n<meta property=\"product:price:amount\" content=\"25.00\" \/>\n<meta property=\"product:price:currency\" content=\"EUR\" \/>\n<meta property=\"og:availability\" content=\"out of stock\" \/>\n<meta property=\"product:availability\" content=\"out of stock\" \/>\n<meta property=\"product:retailer_item_id\" content=\"8720165662722\" \/>\n<meta property=\"product:condition\" content=\"new\" \/>\n<!-- \/ Yoast SEO Premium plugin. -->","yoast_head_json":{"title":"iPhone 13 H\u00fclle | Gr\u00fcn | Nachhaltig &amp; Langlebig","description":"Die Premium iPhone 13-H\u00fclle von NORTVI in Gr\u00fcn. Nachhaltig und vollst\u00e4ndig biologisch abbaubar. Sch\u00fctzt Ihr Telefon und ist \u00e4u\u00dferst robust.","robots":{"index":"index","follow":"follow","max-snippet":"max-snippet:-1","max-image-preview":"max-image-preview:large","max-video-preview":"max-video-preview:-1"},"canonical":"https:\/\/nortvi.com\/de\/produkt\/iphone-13-case-rainforest-green\/","og_locale":"de_DE","og_type":"article","og_title":"iPhone 13 Case Rainforest Green","og_description":"Die Premium iPhone 13-H\u00fclle von NORTVI in Gr\u00fcn. Nachhaltig und vollst\u00e4ndig biologisch abbaubar. Sch\u00fctzt Ihr Telefon und ist \u00e4u\u00dferst robust.","og_url":"https:\/\/nortvi.com\/de\/produkt\/iphone-13-case-rainforest-green\/","og_site_name":"NORTVI","article_modified_time":"2023-09-11T18:34:22+00:00","og_image":[{"width":2048,"height":2048,"url":"https:\/\/nortvi.com\/wp-content\/uploads\/2021\/11\/iphone-13-green-frame.jpg","type":"image\/jpeg"}],"twitter_card":"summary_large_image","twitter_misc":{"Preis":"&euro;25.00","Verf\u00fcgbarkeit":"ausverkauft"},"schema":{"@context":"https:\/\/schema.org","@graph":[{"@type":"WebPage","@id":"https:\/\/nortvi.com\/de\/produkt\/iphone-13-case-rainforest-green\/","url":"https:\/\/nortvi.com\/de\/produkt\/iphone-13-case-rainforest-green\/","name":"iPhone 13 H\u00fclle | Gr\u00fcn | Nachhaltig &amp; Langlebig","isPartOf":{"@id":"https:\/\/nortvi.com\/de\/#website"},"primaryImageOfPage":{"@id":"https:\/\/nortvi.com\/de\/produkt\/iphone-13-case-rainforest-green\/#primaryimage"},"image":{"@id":"https:\/\/nortvi.com\/de\/produkt\/iphone-13-case-rainforest-green\/#primaryimage"},"thumbnailUrl":"https:\/\/nortvi.com\/wp-content\/uploads\/2021\/11\/iphone-13-green-frame.jpg","datePublished":"2021-12-02T14:32:05+00:00","dateModified":"2023-09-11T18:34:22+00:00","description":"Die Premium iPhone 13-H\u00fclle von NORTVI in Gr\u00fcn. Nachhaltig und vollst\u00e4ndig biologisch abbaubar. Sch\u00fctzt Ihr Telefon und ist \u00e4u\u00dferst robust.","breadcrumb":{"@id":"https:\/\/nortvi.com\/de\/produkt\/iphone-13-case-rainforest-green\/#breadcrumb"},"inLanguage":"de","potentialAction":[{"@type":"ReadAction","target":["https:\/\/nortvi.com\/de\/produkt\/iphone-13-case-rainforest-green\/"]}]},{"@type":"ImageObject","inLanguage":"de","@id":"https:\/\/nortvi.com\/de\/produkt\/iphone-13-case-rainforest-green\/#primaryimage","url":"https:\/\/nortvi.com\/wp-content\/uploads\/2021\/11\/iphone-13-green-frame.jpg","contentUrl":"https:\/\/nortvi.com\/wp-content\/uploads\/2021\/11\/iphone-13-green-frame.jpg","width":2048,"height":2048},{"@type":"BreadcrumbList","@id":"https:\/\/nortvi.com\/de\/produkt\/iphone-13-case-rainforest-green\/#breadcrumb","itemListElement":[{"@type":"ListItem","position":1,"name":"Home","item":"https:\/\/nortvi.com\/de\/"},{"@type":"ListItem","position":2,"name":"Shop","item":"https:\/\/nortvi.com\/de\/shop\/"},{"@type":"ListItem","position":3,"name":"iPhone H\u00fcllen","item":"https:\/\/nortvi.com\/de\/iphone-huellen\/"},{"@type":"ListItem","position":4,"name":"iPhone 13 Case Rainforest Green"}]},{"@type":"WebSite","@id":"https:\/\/nortvi.com\/de\/#website","url":"https:\/\/nortvi.com\/de\/","name":"NORTVI","description":"Sustainable travel gear","publisher":{"@id":"https:\/\/nortvi.com\/de\/#organization"},"potentialAction":[{"@type":"SearchAction","target":{"@type":"EntryPoint","urlTemplate":"https:\/\/nortvi.com\/de\/?s={search_term_string}"},"query-input":{"@type":"PropertyValueSpecification","valueRequired":true,"valueName":"search_term_string"}}],"inLanguage":"de"},{"@type":"Organization","@id":"https:\/\/nortvi.com\/de\/#organization","name":"NORTVI","url":"https:\/\/nortvi.com\/de\/","logo":{"@type":"ImageObject","inLanguage":"de","@id":"https:\/\/nortvi.com\/de\/#\/schema\/logo\/image\/","url":"https:\/\/nortvi.com\/wp-content\/uploads\/2023\/09\/cropped-logo-footer.png","contentUrl":"https:\/\/nortvi.com\/wp-content\/uploads\/2023\/09\/cropped-logo-footer.png","width":300,"height":46,"caption":"NORTVI"},"image":{"@id":"https:\/\/nortvi.com\/de\/#\/schema\/logo\/image\/"},"sameAs":["https:\/\/www.instagram.com\/nortvi\/"]}]},"product_price_amount":"25.00","product_price_currency":"EUR","og_availability":"out of stock","product_availability":"out of stock","product_retailer_item_id":"8720165662722","product_condition":"new"},"_links":{"self":[{"href":"https:\/\/nortvi.com\/de\/wp-json\/wp\/v2\/product\/49970","targetHints":{"allow":["GET"]}}],"collection":[{"href":"https:\/\/nortvi.com\/de\/wp-json\/wp\/v2\/product"}],"about":[{"href":"https:\/\/nortvi.com\/de\/wp-json\/wp\/v2\/types\/product"}],"version-history":[{"count":0,"href":"https:\/\/nortvi.com\/de\/wp-json\/wp\/v2\/product\/49970\/revisions"}],"wp:featuredmedia":[{"embeddable":true,"href":"https:\/\/nortvi.com\/de\/wp-json\/wp\/v2\/media\/49961"}],"wp:attachment":[{"href":"https:\/\/nortvi.com\/de\/wp-json\/wp\/v2\/media?parent=49970"}],"wp:term":[{"taxonomy":"product_brand","embeddable":true,"href":"https:\/\/nortvi.com\/de\/wp-json\/wp\/v2\/product_brand?post=49970"},{"taxonomy":"product_cat","embeddable":true,"href":"https:\/\/nortvi.com\/de\/wp-json\/wp\/v2\/product_cat?post=49970"},{"taxonomy":"product_tag","embeddable":true,"href":"https:\/\/nortvi.com\/de\/wp-json\/wp\/v2\/product_tag?post=49970"}],"curies":[{"name":"wp","href":"https:\/\/api.w.org\/{rel}","templated":true}]}}