{"id":49720,"date":"2017-11-15T13:37:06","date_gmt":"2021-12-02T13:30:09","guid":{"rendered":"https:\/\/nortvi-prod.wdc.app\/product\/midnight-black\/"},"modified":"2026-03-30T16:31:19","modified_gmt":"2026-03-30T14:31:19","slug":"essential-midnightblack","status":"publish","type":"product","link":"https:\/\/nortvi.com\/de\/produkt\/essential-midnightblack\/","title":{"rendered":"Essential Midnight Black"},"content":{"rendered":"<p>Das Topmodell unter den Handgep\u00e4ckkoffern. Dieser au\u00dfergew\u00f6hnliche Koffer wird aus hochwertigem, umweltfreundlichem deutschen Polycarbonat hergestellt &#8211; einem leichten, f\u00fcr die Luft- und Raumfahrt geeigneten Material, das nahezu vollkommen bruchfest ist. Der Koffer ist mit den hochwertigsten und ger\u00e4usch\u00e4rmsten Hinomoto Silent Run-R\u00e4dern ausgestattet. Unser Essential Koffer bietet den gr\u00f6\u00dften Innenraum seiner Kategorie mit perfekt angeordneten Packf\u00e4chern.<\/p>\n","protected":false},"excerpt":{"rendered":"<p>Das Topmodell unter den Handgep\u00e4ckkoffern. Dieser au\u00dfergew\u00f6hnliche Koffer wird aus hochwertigem, umweltfreundlichem deutschen Polycarbonat hergestellt &#8211; einem leichten, f\u00fcr die Luft- und Raumfahrt geeigneten Material, das nahezu vollkommen bruchfest ist. Der Koffer ist mit den hochwertigsten und ger\u00e4usch\u00e4rmsten Hinomoto Silent Run-R\u00e4dern ausgestattet. Unser Essential Koffer bietet den gr\u00f6\u00dften Innenraum seiner Kategorie mit perfekt angeordneten Packf\u00e4chern.<\/p>\n","protected":false},"featured_media":253556,"template":"","meta":{"_acf_changed":false,"footnotes":""},"product_brand":[],"product_cat":[147],"product_tag":[],"class_list":{"0":"post-49720","1":"product","2":"type-product","3":"status-publish","4":"has-post-thumbnail","6":"product_cat-essential-de","8":"first","9":"instock","10":"sale","11":"taxable","12":"shipping-taxable","13":"purchasable","14":"product-type-simple"},"composite_virtual":false,"composite_layout":"","composite_add_to_cart_form_location":"","composite_editable_in_cart":false,"composite_sold_individually_context":"","composite_shop_price_calc":"","composite_components":[],"composite_scenarios":[],"acf":[],"yoast_head":"<!-- This site is optimized with the Yoast SEO Premium plugin v27.1 (Yoast SEO v27.3) - https:\/\/yoast.com\/product\/yoast-seo-premium-wordpress\/ -->\n<title>Handgep\u00e4ck Koffer kaufen | Schwarz | Premium &amp; Einzigartig<\/title>\n<meta name=\"description\" content=\"Schwarzer Handgep\u00e4ck Koffer kaufen? Federleicht und mit 36 Liter Stauraum. Hergestellt aus umweltfreundlichen Materialien und mit lebenslanger Garantie.\" \/>\n<meta name=\"robots\" content=\"index, follow, max-snippet:-1, max-image-preview:large, max-video-preview:-1\" \/>\n<link rel=\"canonical\" href=\"https:\/\/nortvi.com\/de\/produkt\/essential-midnightblack\/\" \/>\n<meta property=\"og:locale\" content=\"de_DE\" \/>\n<meta property=\"og:type\" content=\"article\" \/>\n<meta property=\"og:title\" content=\"Essential Midnight Black\" \/>\n<meta property=\"og:description\" content=\"Schwarzer Handgep\u00e4ck Koffer kaufen? Federleicht und mit 36 Liter Stauraum. Hergestellt aus umweltfreundlichen Materialien und mit lebenslanger Garantie.\" \/>\n<meta property=\"og:url\" content=\"https:\/\/nortvi.com\/de\/produkt\/essential-midnightblack\/\" \/>\n<meta property=\"og:site_name\" content=\"NORTVI\" \/>\n<meta property=\"article:modified_time\" content=\"2026-03-30T14:31:19+00:00\" \/>\n<meta property=\"og:image\" content=\"https:\/\/nortvi.com\/wp-content\/uploads\/2017\/11\/Front_Black_Essential-1.jpg\" \/>\n\t<meta property=\"og:image:width\" content=\"2000\" \/>\n\t<meta property=\"og:image:height\" content=\"2000\" \/>\n\t<meta property=\"og:image:type\" content=\"image\/jpeg\" \/>\n<meta name=\"twitter:card\" content=\"summary_large_image\" \/>\n<meta name=\"twitter:label1\" content=\"Preis\" \/>\n\t<meta name=\"twitter:data1\" content=\"&euro;186.00\" \/>\n\t<meta name=\"twitter:label2\" content=\"Verf\u00fcgbarkeit\" \/>\n\t<meta name=\"twitter:data2\" content=\"Auf Lager\" \/>\n<script type=\"application\/ld+json\" class=\"yoast-schema-graph\">{\"@context\":\"https:\\\/\\\/schema.org\",\"@graph\":[{\"@type\":\"WebPage\",\"@id\":\"https:\\\/\\\/nortvi.com\\\/de\\\/produkt\\\/essential-midnightblack\\\/\",\"url\":\"https:\\\/\\\/nortvi.com\\\/de\\\/produkt\\\/essential-midnightblack\\\/\",\"name\":\"Handgep\u00e4ck Koffer kaufen | Schwarz | Premium & Einzigartig\",\"isPartOf\":{\"@id\":\"https:\\\/\\\/nortvi.com\\\/de\\\/#website\"},\"primaryImageOfPage\":{\"@id\":\"https:\\\/\\\/nortvi.com\\\/de\\\/produkt\\\/essential-midnightblack\\\/#primaryimage\"},\"image\":{\"@id\":\"https:\\\/\\\/nortvi.com\\\/de\\\/produkt\\\/essential-midnightblack\\\/#primaryimage\"},\"thumbnailUrl\":\"https:\\\/\\\/nortvi.com\\\/wp-content\\\/uploads\\\/2017\\\/11\\\/Front_Black_Essential-1.jpg\",\"datePublished\":\"2021-12-02T13:30:09+00:00\",\"dateModified\":\"2026-03-30T14:31:19+00:00\",\"description\":\"Schwarzer Handgep\u00e4ck Koffer kaufen? Federleicht und mit 36 Liter Stauraum. Hergestellt aus umweltfreundlichen Materialien und mit lebenslanger Garantie.\",\"breadcrumb\":{\"@id\":\"https:\\\/\\\/nortvi.com\\\/de\\\/produkt\\\/essential-midnightblack\\\/#breadcrumb\"},\"inLanguage\":\"de\",\"potentialAction\":[{\"@type\":\"ReadAction\",\"target\":[\"https:\\\/\\\/nortvi.com\\\/de\\\/produkt\\\/essential-midnightblack\\\/\"]}]},{\"@type\":\"ImageObject\",\"inLanguage\":\"de\",\"@id\":\"https:\\\/\\\/nortvi.com\\\/de\\\/produkt\\\/essential-midnightblack\\\/#primaryimage\",\"url\":\"https:\\\/\\\/nortvi.com\\\/wp-content\\\/uploads\\\/2017\\\/11\\\/Front_Black_Essential-1.jpg\",\"contentUrl\":\"https:\\\/\\\/nortvi.com\\\/wp-content\\\/uploads\\\/2017\\\/11\\\/Front_Black_Essential-1.jpg\",\"width\":2000,\"height\":2000},{\"@type\":\"BreadcrumbList\",\"@id\":\"https:\\\/\\\/nortvi.com\\\/de\\\/produkt\\\/essential-midnightblack\\\/#breadcrumb\",\"itemListElement\":[{\"@type\":\"ListItem\",\"position\":1,\"name\":\"Home\",\"item\":\"https:\\\/\\\/nortvi.com\\\/de\\\/\"},{\"@type\":\"ListItem\",\"position\":2,\"name\":\"Shop\",\"item\":\"https:\\\/\\\/nortvi.com\\\/de\\\/shop\\\/\"},{\"@type\":\"ListItem\",\"position\":3,\"name\":\"Handgep\u00e4ckkoffer\",\"item\":\"https:\\\/\\\/nortvi.com\\\/de\\\/cabin-luggage-de\\\/\"},{\"@type\":\"ListItem\",\"position\":4,\"name\":\"Essential\",\"item\":\"https:\\\/\\\/nortvi.com\\\/de\\\/cabin-luggage-de\\\/essential-de\\\/\"},{\"@type\":\"ListItem\",\"position\":5,\"name\":\"Essential Midnight Black\"}]},{\"@type\":\"WebSite\",\"@id\":\"https:\\\/\\\/nortvi.com\\\/de\\\/#website\",\"url\":\"https:\\\/\\\/nortvi.com\\\/de\\\/\",\"name\":\"NORTVI\",\"description\":\"Sustainable travel gear\",\"publisher\":{\"@id\":\"https:\\\/\\\/nortvi.com\\\/de\\\/#organization\"},\"potentialAction\":[{\"@type\":\"SearchAction\",\"target\":{\"@type\":\"EntryPoint\",\"urlTemplate\":\"https:\\\/\\\/nortvi.com\\\/de\\\/?s={search_term_string}\"},\"query-input\":{\"@type\":\"PropertyValueSpecification\",\"valueRequired\":true,\"valueName\":\"search_term_string\"}}],\"inLanguage\":\"de\"},{\"@type\":\"Organization\",\"@id\":\"https:\\\/\\\/nortvi.com\\\/de\\\/#organization\",\"name\":\"NORTVI\",\"url\":\"https:\\\/\\\/nortvi.com\\\/de\\\/\",\"logo\":{\"@type\":\"ImageObject\",\"inLanguage\":\"de\",\"@id\":\"https:\\\/\\\/nortvi.com\\\/de\\\/#\\\/schema\\\/logo\\\/image\\\/\",\"url\":\"https:\\\/\\\/nortvi.com\\\/wp-content\\\/uploads\\\/2023\\\/09\\\/cropped-logo-footer.png\",\"contentUrl\":\"https:\\\/\\\/nortvi.com\\\/wp-content\\\/uploads\\\/2023\\\/09\\\/cropped-logo-footer.png\",\"width\":300,\"height\":46,\"caption\":\"NORTVI\"},\"image\":{\"@id\":\"https:\\\/\\\/nortvi.com\\\/de\\\/#\\\/schema\\\/logo\\\/image\\\/\"},\"sameAs\":[\"https:\\\/\\\/www.instagram.com\\\/nortvi\\\/\"]}]}<\/script>\n<meta property=\"product:price:amount\" content=\"186.00\" \/>\n<meta property=\"product:price:currency\" content=\"EUR\" \/>\n<meta property=\"og:availability\" content=\"instock\" \/>\n<meta property=\"product:availability\" content=\"instock\" \/>\n<meta property=\"product:retailer_item_id\" content=\"8720165662043\" \/>\n<meta property=\"product:condition\" content=\"new\" \/>\n<!-- \/ Yoast SEO Premium plugin. -->","yoast_head_json":{"title":"Handgep\u00e4ck Koffer kaufen | Schwarz | Premium & Einzigartig","description":"Schwarzer Handgep\u00e4ck Koffer kaufen? Federleicht und mit 36 Liter Stauraum. Hergestellt aus umweltfreundlichen Materialien und mit lebenslanger Garantie.","robots":{"index":"index","follow":"follow","max-snippet":"max-snippet:-1","max-image-preview":"max-image-preview:large","max-video-preview":"max-video-preview:-1"},"canonical":"https:\/\/nortvi.com\/de\/produkt\/essential-midnightblack\/","og_locale":"de_DE","og_type":"article","og_title":"Essential Midnight Black","og_description":"Schwarzer Handgep\u00e4ck Koffer kaufen? Federleicht und mit 36 Liter Stauraum. Hergestellt aus umweltfreundlichen Materialien und mit lebenslanger Garantie.","og_url":"https:\/\/nortvi.com\/de\/produkt\/essential-midnightblack\/","og_site_name":"NORTVI","article_modified_time":"2026-03-30T14:31:19+00:00","og_image":[{"width":2000,"height":2000,"url":"https:\/\/nortvi.com\/wp-content\/uploads\/2017\/11\/Front_Black_Essential-1.jpg","type":"image\/jpeg"}],"twitter_card":"summary_large_image","twitter_misc":{"Preis":"&euro;186.00","Verf\u00fcgbarkeit":"Auf Lager"},"schema":{"@context":"https:\/\/schema.org","@graph":[{"@type":"WebPage","@id":"https:\/\/nortvi.com\/de\/produkt\/essential-midnightblack\/","url":"https:\/\/nortvi.com\/de\/produkt\/essential-midnightblack\/","name":"Handgep\u00e4ck Koffer kaufen | Schwarz | Premium & Einzigartig","isPartOf":{"@id":"https:\/\/nortvi.com\/de\/#website"},"primaryImageOfPage":{"@id":"https:\/\/nortvi.com\/de\/produkt\/essential-midnightblack\/#primaryimage"},"image":{"@id":"https:\/\/nortvi.com\/de\/produkt\/essential-midnightblack\/#primaryimage"},"thumbnailUrl":"https:\/\/nortvi.com\/wp-content\/uploads\/2017\/11\/Front_Black_Essential-1.jpg","datePublished":"2021-12-02T13:30:09+00:00","dateModified":"2026-03-30T14:31:19+00:00","description":"Schwarzer Handgep\u00e4ck Koffer kaufen? Federleicht und mit 36 Liter Stauraum. Hergestellt aus umweltfreundlichen Materialien und mit lebenslanger Garantie.","breadcrumb":{"@id":"https:\/\/nortvi.com\/de\/produkt\/essential-midnightblack\/#breadcrumb"},"inLanguage":"de","potentialAction":[{"@type":"ReadAction","target":["https:\/\/nortvi.com\/de\/produkt\/essential-midnightblack\/"]}]},{"@type":"ImageObject","inLanguage":"de","@id":"https:\/\/nortvi.com\/de\/produkt\/essential-midnightblack\/#primaryimage","url":"https:\/\/nortvi.com\/wp-content\/uploads\/2017\/11\/Front_Black_Essential-1.jpg","contentUrl":"https:\/\/nortvi.com\/wp-content\/uploads\/2017\/11\/Front_Black_Essential-1.jpg","width":2000,"height":2000},{"@type":"BreadcrumbList","@id":"https:\/\/nortvi.com\/de\/produkt\/essential-midnightblack\/#breadcrumb","itemListElement":[{"@type":"ListItem","position":1,"name":"Home","item":"https:\/\/nortvi.com\/de\/"},{"@type":"ListItem","position":2,"name":"Shop","item":"https:\/\/nortvi.com\/de\/shop\/"},{"@type":"ListItem","position":3,"name":"Handgep\u00e4ckkoffer","item":"https:\/\/nortvi.com\/de\/cabin-luggage-de\/"},{"@type":"ListItem","position":4,"name":"Essential","item":"https:\/\/nortvi.com\/de\/cabin-luggage-de\/essential-de\/"},{"@type":"ListItem","position":5,"name":"Essential Midnight Black"}]},{"@type":"WebSite","@id":"https:\/\/nortvi.com\/de\/#website","url":"https:\/\/nortvi.com\/de\/","name":"NORTVI","description":"Sustainable travel gear","publisher":{"@id":"https:\/\/nortvi.com\/de\/#organization"},"potentialAction":[{"@type":"SearchAction","target":{"@type":"EntryPoint","urlTemplate":"https:\/\/nortvi.com\/de\/?s={search_term_string}"},"query-input":{"@type":"PropertyValueSpecification","valueRequired":true,"valueName":"search_term_string"}}],"inLanguage":"de"},{"@type":"Organization","@id":"https:\/\/nortvi.com\/de\/#organization","name":"NORTVI","url":"https:\/\/nortvi.com\/de\/","logo":{"@type":"ImageObject","inLanguage":"de","@id":"https:\/\/nortvi.com\/de\/#\/schema\/logo\/image\/","url":"https:\/\/nortvi.com\/wp-content\/uploads\/2023\/09\/cropped-logo-footer.png","contentUrl":"https:\/\/nortvi.com\/wp-content\/uploads\/2023\/09\/cropped-logo-footer.png","width":300,"height":46,"caption":"NORTVI"},"image":{"@id":"https:\/\/nortvi.com\/de\/#\/schema\/logo\/image\/"},"sameAs":["https:\/\/www.instagram.com\/nortvi\/"]}]},"product_price_amount":"186.00","product_price_currency":"EUR","og_availability":"instock","product_availability":"instock","product_retailer_item_id":"8720165662043","product_condition":"new"},"_links":{"self":[{"href":"https:\/\/nortvi.com\/de\/wp-json\/wp\/v2\/product\/49720","targetHints":{"allow":["GET"]}}],"collection":[{"href":"https:\/\/nortvi.com\/de\/wp-json\/wp\/v2\/product"}],"about":[{"href":"https:\/\/nortvi.com\/de\/wp-json\/wp\/v2\/types\/product"}],"version-history":[{"count":0,"href":"https:\/\/nortvi.com\/de\/wp-json\/wp\/v2\/product\/49720\/revisions"}],"wp:featuredmedia":[{"embeddable":true,"href":"https:\/\/nortvi.com\/de\/wp-json\/wp\/v2\/media\/253556"}],"wp:attachment":[{"href":"https:\/\/nortvi.com\/de\/wp-json\/wp\/v2\/media?parent=49720"}],"wp:term":[{"taxonomy":"product_brand","embeddable":true,"href":"https:\/\/nortvi.com\/de\/wp-json\/wp\/v2\/product_brand?post=49720"},{"taxonomy":"product_cat","embeddable":true,"href":"https:\/\/nortvi.com\/de\/wp-json\/wp\/v2\/product_cat?post=49720"},{"taxonomy":"product_tag","embeddable":true,"href":"https:\/\/nortvi.com\/de\/wp-json\/wp\/v2\/product_tag?post=49720"}],"curies":[{"name":"wp","href":"https:\/\/api.w.org\/{rel}","templated":true}]}}