{"id":49031,"date":"2020-04-13T12:56:03","date_gmt":"2021-11-30T14:41:26","guid":{"rendered":"https:\/\/nortvi-prod.wdc.app\/product\/soft-terracotta-limited-2\/"},"modified":"2026-01-13T17:26:07","modified_gmt":"2026-01-13T16:26:07","slug":"soft-terracotta-limited","status":"publish","type":"product","link":"https:\/\/nortvi.com\/de\/produkt\/soft-terracotta-limited\/","title":{"rendered":"Soft terracotta Limited"},"content":{"rendered":"<p class=\"p1\">Unsere individuell gestalteten Gep\u00e4ckriemen bescheren Ihnen ein L\u00e4cheln, wo immer Sie unterwegs sind. Der perfekte Begleiter f\u00fcr Ihren Koffer. Kombinieren Sie selbst.<\/p>\n","protected":false},"excerpt":{"rendered":"<p>Unsere individuell gestalteten Gep\u00e4ckriemen bescheren Ihnen ein L\u00e4cheln, wo immer Sie unterwegs sind. Der perfekte Begleiter f\u00fcr Ihren Koffer. Stellen Sie ihn selbst zusammen.<\/p>\n","protected":false},"featured_media":49039,"template":"","meta":{"_acf_changed":false,"footnotes":""},"product_brand":[],"product_cat":[142,141],"product_tag":[],"class_list":{"0":"post-49031","1":"product","2":"type-product","3":"status-publish","4":"has-post-thumbnail","6":"product_cat-limited-de","7":"product_cat-koffergurte","9":"first","10":"instock","11":"taxable","12":"shipping-taxable","13":"purchasable","14":"product-type-simple"},"composite_virtual":false,"composite_layout":"","composite_add_to_cart_form_location":"","composite_editable_in_cart":false,"composite_sold_individually_context":"","composite_shop_price_calc":"","composite_components":[],"composite_scenarios":[],"acf":[],"yoast_head":"<!-- This site is optimized with the Yoast SEO Premium plugin v27.1 (Yoast SEO v27.3) - https:\/\/yoast.com\/product\/yoast-seo-premium-wordpress\/ -->\n<title>Gep\u00e4ckgurt | Soft Terracotta | Gravierte Schlie\u00dfe<\/title>\n<meta name=\"description\" content=\"Mit unserem Soft Terracotta Limited Gep\u00e4ckgurt bringen Sie \u00fcberall ein L\u00e4cheln. Der perfekte Begleiter f\u00fcr Ihre Koffer. Mixen Sie ihn nach Ihrem Stil.\" \/>\n<meta name=\"robots\" content=\"index, follow, max-snippet:-1, max-image-preview:large, max-video-preview:-1\" \/>\n<link rel=\"canonical\" href=\"https:\/\/nortvi.com\/de\/produkt\/soft-terracotta-limited\/\" \/>\n<meta property=\"og:locale\" content=\"de_DE\" \/>\n<meta property=\"og:type\" content=\"article\" \/>\n<meta property=\"og:title\" content=\"Soft terracotta Limited\" \/>\n<meta property=\"og:description\" content=\"Mit unserem Soft Terracotta Limited Gep\u00e4ckgurt bringen Sie \u00fcberall ein L\u00e4cheln. Der perfekte Begleiter f\u00fcr Ihre Koffer. Mixen Sie ihn nach Ihrem Stil.\" \/>\n<meta property=\"og:url\" content=\"https:\/\/nortvi.com\/de\/produkt\/soft-terracotta-limited\/\" \/>\n<meta property=\"og:site_name\" content=\"NORTVI\" \/>\n<meta property=\"article:modified_time\" content=\"2026-01-13T16:26:07+00:00\" \/>\n<meta property=\"og:image\" content=\"https:\/\/nortvi.com\/wp-content\/uploads\/2020\/04\/Strap-4-1-1.png\" \/>\n\t<meta property=\"og:image:width\" content=\"1500\" \/>\n\t<meta property=\"og:image:height\" content=\"1500\" \/>\n\t<meta property=\"og:image:type\" content=\"image\/png\" \/>\n<meta name=\"twitter:card\" content=\"summary_large_image\" \/>\n<meta name=\"twitter:label1\" content=\"Preis\" \/>\n\t<meta name=\"twitter:data1\" content=\"&euro;25.00\" \/>\n\t<meta name=\"twitter:label2\" content=\"Verf\u00fcgbarkeit\" \/>\n\t<meta name=\"twitter:data2\" content=\"Auf Lager\" \/>\n<script type=\"application\/ld+json\" class=\"yoast-schema-graph\">{\"@context\":\"https:\\\/\\\/schema.org\",\"@graph\":[{\"@type\":\"WebPage\",\"@id\":\"https:\\\/\\\/nortvi.com\\\/de\\\/produkt\\\/soft-terracotta-limited\\\/\",\"url\":\"https:\\\/\\\/nortvi.com\\\/de\\\/produkt\\\/soft-terracotta-limited\\\/\",\"name\":\"Gep\u00e4ckgurt | Soft Terracotta | Gravierte Schlie\u00dfe\",\"isPartOf\":{\"@id\":\"https:\\\/\\\/nortvi.com\\\/de\\\/#website\"},\"primaryImageOfPage\":{\"@id\":\"https:\\\/\\\/nortvi.com\\\/de\\\/produkt\\\/soft-terracotta-limited\\\/#primaryimage\"},\"image\":{\"@id\":\"https:\\\/\\\/nortvi.com\\\/de\\\/produkt\\\/soft-terracotta-limited\\\/#primaryimage\"},\"thumbnailUrl\":\"https:\\\/\\\/nortvi.com\\\/wp-content\\\/uploads\\\/2020\\\/04\\\/Strap-4-1-1.png\",\"datePublished\":\"2021-11-30T14:41:26+00:00\",\"dateModified\":\"2026-01-13T16:26:07+00:00\",\"description\":\"Mit unserem Soft Terracotta Limited Gep\u00e4ckgurt bringen Sie \u00fcberall ein L\u00e4cheln. Der perfekte Begleiter f\u00fcr Ihre Koffer. Mixen Sie ihn nach Ihrem Stil.\",\"breadcrumb\":{\"@id\":\"https:\\\/\\\/nortvi.com\\\/de\\\/produkt\\\/soft-terracotta-limited\\\/#breadcrumb\"},\"inLanguage\":\"de\",\"potentialAction\":[{\"@type\":\"ReadAction\",\"target\":[\"https:\\\/\\\/nortvi.com\\\/de\\\/produkt\\\/soft-terracotta-limited\\\/\"]}]},{\"@type\":\"ImageObject\",\"inLanguage\":\"de\",\"@id\":\"https:\\\/\\\/nortvi.com\\\/de\\\/produkt\\\/soft-terracotta-limited\\\/#primaryimage\",\"url\":\"https:\\\/\\\/nortvi.com\\\/wp-content\\\/uploads\\\/2020\\\/04\\\/Strap-4-1-1.png\",\"contentUrl\":\"https:\\\/\\\/nortvi.com\\\/wp-content\\\/uploads\\\/2020\\\/04\\\/Strap-4-1-1.png\",\"width\":1500,\"height\":1500,\"caption\":\"Nortvi Gep\u00e4ckriemen\"},{\"@type\":\"BreadcrumbList\",\"@id\":\"https:\\\/\\\/nortvi.com\\\/de\\\/produkt\\\/soft-terracotta-limited\\\/#breadcrumb\",\"itemListElement\":[{\"@type\":\"ListItem\",\"position\":1,\"name\":\"Home\",\"item\":\"https:\\\/\\\/nortvi.com\\\/de\\\/\"},{\"@type\":\"ListItem\",\"position\":2,\"name\":\"Shop\",\"item\":\"https:\\\/\\\/nortvi.com\\\/de\\\/shop\\\/\"},{\"@type\":\"ListItem\",\"position\":3,\"name\":\"Accessories\",\"item\":\"https:\\\/\\\/nortvi.com\\\/de\\\/accessoires\\\/\"},{\"@type\":\"ListItem\",\"position\":4,\"name\":\"Koffergurte\",\"item\":\"https:\\\/\\\/nortvi.com\\\/de\\\/accessoires\\\/koffergurte\\\/\"},{\"@type\":\"ListItem\",\"position\":5,\"name\":\"Soft terracotta Limited\"}]},{\"@type\":\"WebSite\",\"@id\":\"https:\\\/\\\/nortvi.com\\\/de\\\/#website\",\"url\":\"https:\\\/\\\/nortvi.com\\\/de\\\/\",\"name\":\"NORTVI\",\"description\":\"Sustainable travel gear\",\"publisher\":{\"@id\":\"https:\\\/\\\/nortvi.com\\\/de\\\/#organization\"},\"potentialAction\":[{\"@type\":\"SearchAction\",\"target\":{\"@type\":\"EntryPoint\",\"urlTemplate\":\"https:\\\/\\\/nortvi.com\\\/de\\\/?s={search_term_string}\"},\"query-input\":{\"@type\":\"PropertyValueSpecification\",\"valueRequired\":true,\"valueName\":\"search_term_string\"}}],\"inLanguage\":\"de\"},{\"@type\":\"Organization\",\"@id\":\"https:\\\/\\\/nortvi.com\\\/de\\\/#organization\",\"name\":\"NORTVI\",\"url\":\"https:\\\/\\\/nortvi.com\\\/de\\\/\",\"logo\":{\"@type\":\"ImageObject\",\"inLanguage\":\"de\",\"@id\":\"https:\\\/\\\/nortvi.com\\\/de\\\/#\\\/schema\\\/logo\\\/image\\\/\",\"url\":\"https:\\\/\\\/nortvi.com\\\/wp-content\\\/uploads\\\/2023\\\/09\\\/cropped-logo-footer.png\",\"contentUrl\":\"https:\\\/\\\/nortvi.com\\\/wp-content\\\/uploads\\\/2023\\\/09\\\/cropped-logo-footer.png\",\"width\":300,\"height\":46,\"caption\":\"NORTVI\"},\"image\":{\"@id\":\"https:\\\/\\\/nortvi.com\\\/de\\\/#\\\/schema\\\/logo\\\/image\\\/\"},\"sameAs\":[\"https:\\\/\\\/www.instagram.com\\\/nortvi\\\/\"]}]}<\/script>\n<meta property=\"product:price:amount\" content=\"25.00\" \/>\n<meta property=\"product:price:currency\" content=\"EUR\" \/>\n<meta property=\"og:availability\" content=\"instock\" \/>\n<meta property=\"product:availability\" content=\"instock\" \/>\n<meta property=\"product:retailer_item_id\" content=\"8720165662203\" \/>\n<meta property=\"product:condition\" content=\"new\" \/>\n<!-- \/ Yoast SEO Premium plugin. -->","yoast_head_json":{"title":"Gep\u00e4ckgurt | Soft Terracotta | Gravierte Schlie\u00dfe","description":"Mit unserem Soft Terracotta Limited Gep\u00e4ckgurt bringen Sie \u00fcberall ein L\u00e4cheln. Der perfekte Begleiter f\u00fcr Ihre Koffer. Mixen Sie ihn nach Ihrem Stil.","robots":{"index":"index","follow":"follow","max-snippet":"max-snippet:-1","max-image-preview":"max-image-preview:large","max-video-preview":"max-video-preview:-1"},"canonical":"https:\/\/nortvi.com\/de\/produkt\/soft-terracotta-limited\/","og_locale":"de_DE","og_type":"article","og_title":"Soft terracotta Limited","og_description":"Mit unserem Soft Terracotta Limited Gep\u00e4ckgurt bringen Sie \u00fcberall ein L\u00e4cheln. Der perfekte Begleiter f\u00fcr Ihre Koffer. Mixen Sie ihn nach Ihrem Stil.","og_url":"https:\/\/nortvi.com\/de\/produkt\/soft-terracotta-limited\/","og_site_name":"NORTVI","article_modified_time":"2026-01-13T16:26:07+00:00","og_image":[{"width":1500,"height":1500,"url":"https:\/\/nortvi.com\/wp-content\/uploads\/2020\/04\/Strap-4-1-1.png","type":"image\/png"}],"twitter_card":"summary_large_image","twitter_misc":{"Preis":"&euro;25.00","Verf\u00fcgbarkeit":"Auf Lager"},"schema":{"@context":"https:\/\/schema.org","@graph":[{"@type":"WebPage","@id":"https:\/\/nortvi.com\/de\/produkt\/soft-terracotta-limited\/","url":"https:\/\/nortvi.com\/de\/produkt\/soft-terracotta-limited\/","name":"Gep\u00e4ckgurt | Soft Terracotta | Gravierte Schlie\u00dfe","isPartOf":{"@id":"https:\/\/nortvi.com\/de\/#website"},"primaryImageOfPage":{"@id":"https:\/\/nortvi.com\/de\/produkt\/soft-terracotta-limited\/#primaryimage"},"image":{"@id":"https:\/\/nortvi.com\/de\/produkt\/soft-terracotta-limited\/#primaryimage"},"thumbnailUrl":"https:\/\/nortvi.com\/wp-content\/uploads\/2020\/04\/Strap-4-1-1.png","datePublished":"2021-11-30T14:41:26+00:00","dateModified":"2026-01-13T16:26:07+00:00","description":"Mit unserem Soft Terracotta Limited Gep\u00e4ckgurt bringen Sie \u00fcberall ein L\u00e4cheln. Der perfekte Begleiter f\u00fcr Ihre Koffer. Mixen Sie ihn nach Ihrem Stil.","breadcrumb":{"@id":"https:\/\/nortvi.com\/de\/produkt\/soft-terracotta-limited\/#breadcrumb"},"inLanguage":"de","potentialAction":[{"@type":"ReadAction","target":["https:\/\/nortvi.com\/de\/produkt\/soft-terracotta-limited\/"]}]},{"@type":"ImageObject","inLanguage":"de","@id":"https:\/\/nortvi.com\/de\/produkt\/soft-terracotta-limited\/#primaryimage","url":"https:\/\/nortvi.com\/wp-content\/uploads\/2020\/04\/Strap-4-1-1.png","contentUrl":"https:\/\/nortvi.com\/wp-content\/uploads\/2020\/04\/Strap-4-1-1.png","width":1500,"height":1500,"caption":"Nortvi Gep\u00e4ckriemen"},{"@type":"BreadcrumbList","@id":"https:\/\/nortvi.com\/de\/produkt\/soft-terracotta-limited\/#breadcrumb","itemListElement":[{"@type":"ListItem","position":1,"name":"Home","item":"https:\/\/nortvi.com\/de\/"},{"@type":"ListItem","position":2,"name":"Shop","item":"https:\/\/nortvi.com\/de\/shop\/"},{"@type":"ListItem","position":3,"name":"Accessories","item":"https:\/\/nortvi.com\/de\/accessoires\/"},{"@type":"ListItem","position":4,"name":"Koffergurte","item":"https:\/\/nortvi.com\/de\/accessoires\/koffergurte\/"},{"@type":"ListItem","position":5,"name":"Soft terracotta Limited"}]},{"@type":"WebSite","@id":"https:\/\/nortvi.com\/de\/#website","url":"https:\/\/nortvi.com\/de\/","name":"NORTVI","description":"Sustainable travel gear","publisher":{"@id":"https:\/\/nortvi.com\/de\/#organization"},"potentialAction":[{"@type":"SearchAction","target":{"@type":"EntryPoint","urlTemplate":"https:\/\/nortvi.com\/de\/?s={search_term_string}"},"query-input":{"@type":"PropertyValueSpecification","valueRequired":true,"valueName":"search_term_string"}}],"inLanguage":"de"},{"@type":"Organization","@id":"https:\/\/nortvi.com\/de\/#organization","name":"NORTVI","url":"https:\/\/nortvi.com\/de\/","logo":{"@type":"ImageObject","inLanguage":"de","@id":"https:\/\/nortvi.com\/de\/#\/schema\/logo\/image\/","url":"https:\/\/nortvi.com\/wp-content\/uploads\/2023\/09\/cropped-logo-footer.png","contentUrl":"https:\/\/nortvi.com\/wp-content\/uploads\/2023\/09\/cropped-logo-footer.png","width":300,"height":46,"caption":"NORTVI"},"image":{"@id":"https:\/\/nortvi.com\/de\/#\/schema\/logo\/image\/"},"sameAs":["https:\/\/www.instagram.com\/nortvi\/"]}]},"product_price_amount":"25.00","product_price_currency":"EUR","og_availability":"instock","product_availability":"instock","product_retailer_item_id":"8720165662203","product_condition":"new"},"_links":{"self":[{"href":"https:\/\/nortvi.com\/de\/wp-json\/wp\/v2\/product\/49031","targetHints":{"allow":["GET"]}}],"collection":[{"href":"https:\/\/nortvi.com\/de\/wp-json\/wp\/v2\/product"}],"about":[{"href":"https:\/\/nortvi.com\/de\/wp-json\/wp\/v2\/types\/product"}],"version-history":[{"count":0,"href":"https:\/\/nortvi.com\/de\/wp-json\/wp\/v2\/product\/49031\/revisions"}],"wp:featuredmedia":[{"embeddable":true,"href":"https:\/\/nortvi.com\/de\/wp-json\/wp\/v2\/media\/49039"}],"wp:attachment":[{"href":"https:\/\/nortvi.com\/de\/wp-json\/wp\/v2\/media?parent=49031"}],"wp:term":[{"taxonomy":"product_brand","embeddable":true,"href":"https:\/\/nortvi.com\/de\/wp-json\/wp\/v2\/product_brand?post=49031"},{"taxonomy":"product_cat","embeddable":true,"href":"https:\/\/nortvi.com\/de\/wp-json\/wp\/v2\/product_cat?post=49031"},{"taxonomy":"product_tag","embeddable":true,"href":"https:\/\/nortvi.com\/de\/wp-json\/wp\/v2\/product_tag?post=49031"}],"curies":[{"name":"wp","href":"https:\/\/api.w.org\/{rel}","templated":true}]}}