{"id":49023,"date":"2021-02-09T09:58:12","date_gmt":"2021-11-30T14:39:18","guid":{"rendered":"https:\/\/nortvi-prod.wdc.app\/product\/the-barcelona-guide\/"},"modified":"2024-05-29T16:31:12","modified_gmt":"2024-05-29T14:31:12","slug":"the-antwerp-guide","status":"publish","type":"product","link":"https:\/\/nortvi.com\/de\/produkt\/the-antwerp-guide\/","title":{"rendered":"The Antwerp Guide"},"content":{"rendered":"<p>Unsere Reisef\u00fchrer sind ein Muss f\u00fcr moderne Reisende, die die coolsten Orte der Stadt entdecken m\u00f6chten. Hier finden Sie die besten Empfehlungen f\u00fcr die angesagtesten Restaurants, Gesch\u00e4fte und \u00dcbernachtungsm\u00f6glichkeiten in Antwerpen.<\/p>\n","protected":false},"excerpt":{"rendered":"<p>Unsere Reisef\u00fchrer sind ein Muss f\u00fcr moderne Reisende, die die coolsten Orte der Stadt entdecken m\u00f6chten. Hier finden Sie die besten Empfehlungen f\u00fcr die angesagtesten Restaurants, Gesch\u00e4fte und \u00dcbernachtungsm\u00f6glichkeiten in Antwerpen.<\/p>\n","protected":false},"featured_media":301005,"template":"","meta":{"_acf_changed":false,"footnotes":""},"product_brand":[],"product_cat":[144],"product_tag":[],"class_list":{"0":"post-49023","1":"product","2":"type-product","3":"status-publish","4":"has-post-thumbnail","6":"product_cat-reisefuehrer","8":"first","9":"instock","10":"taxable","11":"shipping-taxable","12":"purchasable","13":"product-type-simple"},"composite_virtual":false,"composite_layout":"","composite_add_to_cart_form_location":"","composite_editable_in_cart":false,"composite_sold_individually_context":"","composite_shop_price_calc":"","composite_components":[],"composite_scenarios":[],"acf":[],"yoast_head":"<!-- This site is optimized with the Yoast SEO Premium plugin v27.1 (Yoast SEO v27.3) - https:\/\/yoast.com\/product\/yoast-seo-premium-wordpress\/ -->\n<title>Travelguide | Antwerpen | Entdecken Sie die sch\u00f6nsten Orte<\/title>\n<meta name=\"description\" content=\"Entdecken Sie Antwerpen mit dem NORTVI-Reisef\u00fchrer \u2013 die besten Sehensw\u00fcrdigkeiten und Hotspots der Stadt f\u00fcr Ihre Reise.\" \/>\n<meta name=\"robots\" content=\"index, follow, max-snippet:-1, max-image-preview:large, max-video-preview:-1\" \/>\n<link rel=\"canonical\" href=\"https:\/\/nortvi.com\/de\/produkt\/the-antwerp-guide\/\" \/>\n<meta property=\"og:locale\" content=\"de_DE\" \/>\n<meta property=\"og:type\" content=\"article\" \/>\n<meta property=\"og:title\" content=\"The Antwerp Guide\" \/>\n<meta property=\"og:description\" content=\"Entdecken Sie Antwerpen mit dem NORTVI-Reisef\u00fchrer \u2013 die besten Sehensw\u00fcrdigkeiten und Hotspots der Stadt f\u00fcr Ihre Reise.\" \/>\n<meta property=\"og:url\" content=\"https:\/\/nortvi.com\/de\/produkt\/the-antwerp-guide\/\" \/>\n<meta property=\"og:site_name\" content=\"NORTVI\" \/>\n<meta property=\"article:modified_time\" content=\"2024-05-29T14:31:12+00:00\" \/>\n<meta property=\"og:image\" content=\"https:\/\/nortvi.com\/wp-content\/uploads\/2021\/02\/448c4487b794a635ccfcfb590af8c09973766e9e0d29e389531f460dea42e499_1216x.webp\" \/>\n\t<meta property=\"og:image:width\" content=\"1216\" \/>\n\t<meta property=\"og:image:height\" content=\"1825\" \/>\n\t<meta property=\"og:image:type\" content=\"image\/webp\" \/>\n<meta name=\"twitter:card\" content=\"summary_large_image\" \/>\n<meta name=\"twitter:label1\" content=\"Preis\" \/>\n\t<meta name=\"twitter:data1\" content=\"&euro;20.00\" \/>\n\t<meta name=\"twitter:label2\" content=\"Verf\u00fcgbarkeit\" \/>\n\t<meta name=\"twitter:data2\" content=\"Auf Lager\" \/>\n<script type=\"application\/ld+json\" class=\"yoast-schema-graph\">{\"@context\":\"https:\\\/\\\/schema.org\",\"@graph\":[{\"@type\":\"WebPage\",\"@id\":\"https:\\\/\\\/nortvi.com\\\/de\\\/produkt\\\/the-antwerp-guide\\\/\",\"url\":\"https:\\\/\\\/nortvi.com\\\/de\\\/produkt\\\/the-antwerp-guide\\\/\",\"name\":\"Travelguide | Antwerpen | Entdecken Sie die sch\u00f6nsten Orte\",\"isPartOf\":{\"@id\":\"https:\\\/\\\/nortvi.com\\\/de\\\/#website\"},\"primaryImageOfPage\":{\"@id\":\"https:\\\/\\\/nortvi.com\\\/de\\\/produkt\\\/the-antwerp-guide\\\/#primaryimage\"},\"image\":{\"@id\":\"https:\\\/\\\/nortvi.com\\\/de\\\/produkt\\\/the-antwerp-guide\\\/#primaryimage\"},\"thumbnailUrl\":\"https:\\\/\\\/nortvi.com\\\/wp-content\\\/uploads\\\/2021\\\/02\\\/448c4487b794a635ccfcfb590af8c09973766e9e0d29e389531f460dea42e499_1216x.webp\",\"datePublished\":\"2021-11-30T14:39:18+00:00\",\"dateModified\":\"2024-05-29T14:31:12+00:00\",\"description\":\"Entdecken Sie Antwerpen mit dem NORTVI-Reisef\u00fchrer \u2013 die besten Sehensw\u00fcrdigkeiten und Hotspots der Stadt f\u00fcr Ihre Reise.\",\"breadcrumb\":{\"@id\":\"https:\\\/\\\/nortvi.com\\\/de\\\/produkt\\\/the-antwerp-guide\\\/#breadcrumb\"},\"inLanguage\":\"de\",\"potentialAction\":[{\"@type\":\"ReadAction\",\"target\":[\"https:\\\/\\\/nortvi.com\\\/de\\\/produkt\\\/the-antwerp-guide\\\/\"]}]},{\"@type\":\"ImageObject\",\"inLanguage\":\"de\",\"@id\":\"https:\\\/\\\/nortvi.com\\\/de\\\/produkt\\\/the-antwerp-guide\\\/#primaryimage\",\"url\":\"https:\\\/\\\/nortvi.com\\\/wp-content\\\/uploads\\\/2021\\\/02\\\/448c4487b794a635ccfcfb590af8c09973766e9e0d29e389531f460dea42e499_1216x.webp\",\"contentUrl\":\"https:\\\/\\\/nortvi.com\\\/wp-content\\\/uploads\\\/2021\\\/02\\\/448c4487b794a635ccfcfb590af8c09973766e9e0d29e389531f460dea42e499_1216x.webp\",\"width\":1216,\"height\":1825},{\"@type\":\"BreadcrumbList\",\"@id\":\"https:\\\/\\\/nortvi.com\\\/de\\\/produkt\\\/the-antwerp-guide\\\/#breadcrumb\",\"itemListElement\":[{\"@type\":\"ListItem\",\"position\":1,\"name\":\"Home\",\"item\":\"https:\\\/\\\/nortvi.com\\\/de\\\/\"},{\"@type\":\"ListItem\",\"position\":2,\"name\":\"Shop\",\"item\":\"https:\\\/\\\/nortvi.com\\\/de\\\/shop\\\/\"},{\"@type\":\"ListItem\",\"position\":3,\"name\":\"Accessories\",\"item\":\"https:\\\/\\\/nortvi.com\\\/de\\\/accessoires\\\/\"},{\"@type\":\"ListItem\",\"position\":4,\"name\":\"Reisef\u00fchrer\",\"item\":\"https:\\\/\\\/nortvi.com\\\/de\\\/accessoires\\\/reisefuehrer\\\/\"},{\"@type\":\"ListItem\",\"position\":5,\"name\":\"The Antwerp Guide\"}]},{\"@type\":\"WebSite\",\"@id\":\"https:\\\/\\\/nortvi.com\\\/de\\\/#website\",\"url\":\"https:\\\/\\\/nortvi.com\\\/de\\\/\",\"name\":\"NORTVI\",\"description\":\"Sustainable travel gear\",\"publisher\":{\"@id\":\"https:\\\/\\\/nortvi.com\\\/de\\\/#organization\"},\"potentialAction\":[{\"@type\":\"SearchAction\",\"target\":{\"@type\":\"EntryPoint\",\"urlTemplate\":\"https:\\\/\\\/nortvi.com\\\/de\\\/?s={search_term_string}\"},\"query-input\":{\"@type\":\"PropertyValueSpecification\",\"valueRequired\":true,\"valueName\":\"search_term_string\"}}],\"inLanguage\":\"de\"},{\"@type\":\"Organization\",\"@id\":\"https:\\\/\\\/nortvi.com\\\/de\\\/#organization\",\"name\":\"NORTVI\",\"url\":\"https:\\\/\\\/nortvi.com\\\/de\\\/\",\"logo\":{\"@type\":\"ImageObject\",\"inLanguage\":\"de\",\"@id\":\"https:\\\/\\\/nortvi.com\\\/de\\\/#\\\/schema\\\/logo\\\/image\\\/\",\"url\":\"https:\\\/\\\/nortvi.com\\\/wp-content\\\/uploads\\\/2023\\\/09\\\/cropped-logo-footer.png\",\"contentUrl\":\"https:\\\/\\\/nortvi.com\\\/wp-content\\\/uploads\\\/2023\\\/09\\\/cropped-logo-footer.png\",\"width\":300,\"height\":46,\"caption\":\"NORTVI\"},\"image\":{\"@id\":\"https:\\\/\\\/nortvi.com\\\/de\\\/#\\\/schema\\\/logo\\\/image\\\/\"},\"sameAs\":[\"https:\\\/\\\/www.instagram.com\\\/nortvi\\\/\"]}]}<\/script>\n<meta property=\"product:price:amount\" content=\"20.00\" \/>\n<meta property=\"product:price:currency\" content=\"EUR\" \/>\n<meta property=\"og:availability\" content=\"instock\" \/>\n<meta property=\"product:availability\" content=\"instock\" \/>\n<meta property=\"product:retailer_item_id\" content=\"8720165662494\" \/>\n<meta property=\"product:condition\" content=\"new\" \/>\n<!-- \/ Yoast SEO Premium plugin. -->","yoast_head_json":{"title":"Travelguide | Antwerpen | Entdecken Sie die sch\u00f6nsten Orte","description":"Entdecken Sie Antwerpen mit dem NORTVI-Reisef\u00fchrer \u2013 die besten Sehensw\u00fcrdigkeiten und Hotspots der Stadt f\u00fcr Ihre Reise.","robots":{"index":"index","follow":"follow","max-snippet":"max-snippet:-1","max-image-preview":"max-image-preview:large","max-video-preview":"max-video-preview:-1"},"canonical":"https:\/\/nortvi.com\/de\/produkt\/the-antwerp-guide\/","og_locale":"de_DE","og_type":"article","og_title":"The Antwerp Guide","og_description":"Entdecken Sie Antwerpen mit dem NORTVI-Reisef\u00fchrer \u2013 die besten Sehensw\u00fcrdigkeiten und Hotspots der Stadt f\u00fcr Ihre Reise.","og_url":"https:\/\/nortvi.com\/de\/produkt\/the-antwerp-guide\/","og_site_name":"NORTVI","article_modified_time":"2024-05-29T14:31:12+00:00","og_image":[{"width":1216,"height":1825,"url":"https:\/\/nortvi.com\/wp-content\/uploads\/2021\/02\/448c4487b794a635ccfcfb590af8c09973766e9e0d29e389531f460dea42e499_1216x.webp","type":"image\/webp"}],"twitter_card":"summary_large_image","twitter_misc":{"Preis":"&euro;20.00","Verf\u00fcgbarkeit":"Auf Lager"},"schema":{"@context":"https:\/\/schema.org","@graph":[{"@type":"WebPage","@id":"https:\/\/nortvi.com\/de\/produkt\/the-antwerp-guide\/","url":"https:\/\/nortvi.com\/de\/produkt\/the-antwerp-guide\/","name":"Travelguide | Antwerpen | Entdecken Sie die sch\u00f6nsten Orte","isPartOf":{"@id":"https:\/\/nortvi.com\/de\/#website"},"primaryImageOfPage":{"@id":"https:\/\/nortvi.com\/de\/produkt\/the-antwerp-guide\/#primaryimage"},"image":{"@id":"https:\/\/nortvi.com\/de\/produkt\/the-antwerp-guide\/#primaryimage"},"thumbnailUrl":"https:\/\/nortvi.com\/wp-content\/uploads\/2021\/02\/448c4487b794a635ccfcfb590af8c09973766e9e0d29e389531f460dea42e499_1216x.webp","datePublished":"2021-11-30T14:39:18+00:00","dateModified":"2024-05-29T14:31:12+00:00","description":"Entdecken Sie Antwerpen mit dem NORTVI-Reisef\u00fchrer \u2013 die besten Sehensw\u00fcrdigkeiten und Hotspots der Stadt f\u00fcr Ihre Reise.","breadcrumb":{"@id":"https:\/\/nortvi.com\/de\/produkt\/the-antwerp-guide\/#breadcrumb"},"inLanguage":"de","potentialAction":[{"@type":"ReadAction","target":["https:\/\/nortvi.com\/de\/produkt\/the-antwerp-guide\/"]}]},{"@type":"ImageObject","inLanguage":"de","@id":"https:\/\/nortvi.com\/de\/produkt\/the-antwerp-guide\/#primaryimage","url":"https:\/\/nortvi.com\/wp-content\/uploads\/2021\/02\/448c4487b794a635ccfcfb590af8c09973766e9e0d29e389531f460dea42e499_1216x.webp","contentUrl":"https:\/\/nortvi.com\/wp-content\/uploads\/2021\/02\/448c4487b794a635ccfcfb590af8c09973766e9e0d29e389531f460dea42e499_1216x.webp","width":1216,"height":1825},{"@type":"BreadcrumbList","@id":"https:\/\/nortvi.com\/de\/produkt\/the-antwerp-guide\/#breadcrumb","itemListElement":[{"@type":"ListItem","position":1,"name":"Home","item":"https:\/\/nortvi.com\/de\/"},{"@type":"ListItem","position":2,"name":"Shop","item":"https:\/\/nortvi.com\/de\/shop\/"},{"@type":"ListItem","position":3,"name":"Accessories","item":"https:\/\/nortvi.com\/de\/accessoires\/"},{"@type":"ListItem","position":4,"name":"Reisef\u00fchrer","item":"https:\/\/nortvi.com\/de\/accessoires\/reisefuehrer\/"},{"@type":"ListItem","position":5,"name":"The Antwerp Guide"}]},{"@type":"WebSite","@id":"https:\/\/nortvi.com\/de\/#website","url":"https:\/\/nortvi.com\/de\/","name":"NORTVI","description":"Sustainable travel gear","publisher":{"@id":"https:\/\/nortvi.com\/de\/#organization"},"potentialAction":[{"@type":"SearchAction","target":{"@type":"EntryPoint","urlTemplate":"https:\/\/nortvi.com\/de\/?s={search_term_string}"},"query-input":{"@type":"PropertyValueSpecification","valueRequired":true,"valueName":"search_term_string"}}],"inLanguage":"de"},{"@type":"Organization","@id":"https:\/\/nortvi.com\/de\/#organization","name":"NORTVI","url":"https:\/\/nortvi.com\/de\/","logo":{"@type":"ImageObject","inLanguage":"de","@id":"https:\/\/nortvi.com\/de\/#\/schema\/logo\/image\/","url":"https:\/\/nortvi.com\/wp-content\/uploads\/2023\/09\/cropped-logo-footer.png","contentUrl":"https:\/\/nortvi.com\/wp-content\/uploads\/2023\/09\/cropped-logo-footer.png","width":300,"height":46,"caption":"NORTVI"},"image":{"@id":"https:\/\/nortvi.com\/de\/#\/schema\/logo\/image\/"},"sameAs":["https:\/\/www.instagram.com\/nortvi\/"]}]},"product_price_amount":"20.00","product_price_currency":"EUR","og_availability":"instock","product_availability":"instock","product_retailer_item_id":"8720165662494","product_condition":"new"},"_links":{"self":[{"href":"https:\/\/nortvi.com\/de\/wp-json\/wp\/v2\/product\/49023","targetHints":{"allow":["GET"]}}],"collection":[{"href":"https:\/\/nortvi.com\/de\/wp-json\/wp\/v2\/product"}],"about":[{"href":"https:\/\/nortvi.com\/de\/wp-json\/wp\/v2\/types\/product"}],"version-history":[{"count":0,"href":"https:\/\/nortvi.com\/de\/wp-json\/wp\/v2\/product\/49023\/revisions"}],"wp:featuredmedia":[{"embeddable":true,"href":"https:\/\/nortvi.com\/de\/wp-json\/wp\/v2\/media\/301005"}],"wp:attachment":[{"href":"https:\/\/nortvi.com\/de\/wp-json\/wp\/v2\/media?parent=49023"}],"wp:term":[{"taxonomy":"product_brand","embeddable":true,"href":"https:\/\/nortvi.com\/de\/wp-json\/wp\/v2\/product_brand?post=49023"},{"taxonomy":"product_cat","embeddable":true,"href":"https:\/\/nortvi.com\/de\/wp-json\/wp\/v2\/product_cat?post=49023"},{"taxonomy":"product_tag","embeddable":true,"href":"https:\/\/nortvi.com\/de\/wp-json\/wp\/v2\/product_tag?post=49023"}],"curies":[{"name":"wp","href":"https:\/\/api.w.org\/{rel}","templated":true}]}}