{"id":49021,"date":"2021-02-09T10:00:08","date_gmt":"2021-11-30T14:38:02","guid":{"rendered":"https:\/\/nortvi-prod.wdc.app\/product\/the-copenhagen-guide\/"},"modified":"2024-05-29T16:33:24","modified_gmt":"2024-05-29T14:33:24","slug":"the-berlin-guide","status":"publish","type":"product","link":"https:\/\/nortvi.com\/de\/produkt\/the-berlin-guide\/","title":{"rendered":"The Berlin Guide"},"content":{"rendered":"<p>Unsere Reisef\u00fchrer sind ein Muss f\u00fcr moderne Reisende, die die coolsten Orte der Stadt entdecken m\u00f6chten. Hier finden Sie die besten Empfehlungen f\u00fcr die angesagtesten Restaurants, Gesch\u00e4fte und \u00dcbernachtungsm\u00f6glichkeiten in Berlin.<\/p>\n","protected":false},"excerpt":{"rendered":"<p>Unsere Reisef\u00fchrer sind ein Muss f\u00fcr moderne Reisende, die die coolsten Orte der Stadt entdecken m\u00f6chten. Hier finden Sie die besten Empfehlungen f\u00fcr die angesagtesten Restaurants, Gesch\u00e4fte und \u00dcbernachtungsm\u00f6glichkeiten in Berlin.<\/p>\n","protected":false},"featured_media":301001,"template":"","meta":{"_acf_changed":false,"footnotes":""},"product_brand":[],"product_cat":[144],"product_tag":[],"class_list":{"0":"post-49021","1":"product","2":"type-product","3":"status-publish","4":"has-post-thumbnail","6":"product_cat-reisefuehrer","8":"first","9":"instock","10":"taxable","11":"shipping-taxable","12":"purchasable","13":"product-type-simple"},"composite_virtual":false,"composite_layout":"","composite_add_to_cart_form_location":"","composite_editable_in_cart":false,"composite_sold_individually_context":"","composite_shop_price_calc":"","composite_components":[],"composite_scenarios":[],"acf":[],"yoast_head":"<!-- This site is optimized with the Yoast SEO Premium plugin v27.1 (Yoast SEO v27.3) - https:\/\/yoast.com\/product\/yoast-seo-premium-wordpress\/ -->\n<title>Travelguide | Berlin | Entdecken Sie die sch\u00f6nsten Orte<\/title>\n<meta name=\"description\" content=\"Erkunden Sie Berlin mit dem NORTVI-Reisef\u00fchrer. Von trendigen Restaurants bis zu versteckten Gesch\u00e4ften und besonderen Unterk\u00fcnften in dieser Stadt.\" \/>\n<meta name=\"robots\" content=\"index, follow, max-snippet:-1, max-image-preview:large, max-video-preview:-1\" \/>\n<link rel=\"canonical\" href=\"https:\/\/nortvi.com\/de\/produkt\/the-berlin-guide\/\" \/>\n<meta property=\"og:locale\" content=\"de_DE\" \/>\n<meta property=\"og:type\" content=\"article\" \/>\n<meta property=\"og:title\" content=\"The Berlin Guide\" \/>\n<meta property=\"og:description\" content=\"Erkunden Sie Berlin mit dem NORTVI-Reisef\u00fchrer. Von trendigen Restaurants bis zu versteckten Gesch\u00e4ften und besonderen Unterk\u00fcnften in dieser Stadt.\" \/>\n<meta property=\"og:url\" content=\"https:\/\/nortvi.com\/de\/produkt\/the-berlin-guide\/\" \/>\n<meta property=\"og:site_name\" content=\"NORTVI\" \/>\n<meta property=\"article:modified_time\" content=\"2024-05-29T14:33:24+00:00\" \/>\n<meta property=\"og:image\" content=\"https:\/\/nortvi.com\/wp-content\/uploads\/2021\/02\/6b3c6cfc4190a9732357cbcaadeaded3c08d38b6a88d378b22053598d1e986aa_1216x-1.webp\" \/>\n\t<meta property=\"og:image:width\" content=\"1216\" \/>\n\t<meta property=\"og:image:height\" content=\"1825\" \/>\n\t<meta property=\"og:image:type\" content=\"image\/webp\" \/>\n<meta name=\"twitter:card\" content=\"summary_large_image\" \/>\n<meta name=\"twitter:label1\" content=\"Preis\" \/>\n\t<meta name=\"twitter:data1\" content=\"&euro;20.00\" \/>\n\t<meta name=\"twitter:label2\" content=\"Verf\u00fcgbarkeit\" \/>\n\t<meta name=\"twitter:data2\" content=\"Auf Lager\" \/>\n<script type=\"application\/ld+json\" class=\"yoast-schema-graph\">{\"@context\":\"https:\\\/\\\/schema.org\",\"@graph\":[{\"@type\":\"WebPage\",\"@id\":\"https:\\\/\\\/nortvi.com\\\/de\\\/produkt\\\/the-berlin-guide\\\/\",\"url\":\"https:\\\/\\\/nortvi.com\\\/de\\\/produkt\\\/the-berlin-guide\\\/\",\"name\":\"Travelguide | Berlin | Entdecken Sie die sch\u00f6nsten Orte\",\"isPartOf\":{\"@id\":\"https:\\\/\\\/nortvi.com\\\/de\\\/#website\"},\"primaryImageOfPage\":{\"@id\":\"https:\\\/\\\/nortvi.com\\\/de\\\/produkt\\\/the-berlin-guide\\\/#primaryimage\"},\"image\":{\"@id\":\"https:\\\/\\\/nortvi.com\\\/de\\\/produkt\\\/the-berlin-guide\\\/#primaryimage\"},\"thumbnailUrl\":\"https:\\\/\\\/nortvi.com\\\/wp-content\\\/uploads\\\/2021\\\/02\\\/6b3c6cfc4190a9732357cbcaadeaded3c08d38b6a88d378b22053598d1e986aa_1216x-1.webp\",\"datePublished\":\"2021-11-30T14:38:02+00:00\",\"dateModified\":\"2024-05-29T14:33:24+00:00\",\"description\":\"Erkunden Sie Berlin mit dem NORTVI-Reisef\u00fchrer. Von trendigen Restaurants bis zu versteckten Gesch\u00e4ften und besonderen Unterk\u00fcnften in dieser Stadt.\",\"breadcrumb\":{\"@id\":\"https:\\\/\\\/nortvi.com\\\/de\\\/produkt\\\/the-berlin-guide\\\/#breadcrumb\"},\"inLanguage\":\"de\",\"potentialAction\":[{\"@type\":\"ReadAction\",\"target\":[\"https:\\\/\\\/nortvi.com\\\/de\\\/produkt\\\/the-berlin-guide\\\/\"]}]},{\"@type\":\"ImageObject\",\"inLanguage\":\"de\",\"@id\":\"https:\\\/\\\/nortvi.com\\\/de\\\/produkt\\\/the-berlin-guide\\\/#primaryimage\",\"url\":\"https:\\\/\\\/nortvi.com\\\/wp-content\\\/uploads\\\/2021\\\/02\\\/6b3c6cfc4190a9732357cbcaadeaded3c08d38b6a88d378b22053598d1e986aa_1216x-1.webp\",\"contentUrl\":\"https:\\\/\\\/nortvi.com\\\/wp-content\\\/uploads\\\/2021\\\/02\\\/6b3c6cfc4190a9732357cbcaadeaded3c08d38b6a88d378b22053598d1e986aa_1216x-1.webp\",\"width\":1216,\"height\":1825},{\"@type\":\"BreadcrumbList\",\"@id\":\"https:\\\/\\\/nortvi.com\\\/de\\\/produkt\\\/the-berlin-guide\\\/#breadcrumb\",\"itemListElement\":[{\"@type\":\"ListItem\",\"position\":1,\"name\":\"Home\",\"item\":\"https:\\\/\\\/nortvi.com\\\/de\\\/\"},{\"@type\":\"ListItem\",\"position\":2,\"name\":\"Shop\",\"item\":\"https:\\\/\\\/nortvi.com\\\/de\\\/shop\\\/\"},{\"@type\":\"ListItem\",\"position\":3,\"name\":\"Accessories\",\"item\":\"https:\\\/\\\/nortvi.com\\\/de\\\/accessoires\\\/\"},{\"@type\":\"ListItem\",\"position\":4,\"name\":\"Reisef\u00fchrer\",\"item\":\"https:\\\/\\\/nortvi.com\\\/de\\\/accessoires\\\/reisefuehrer\\\/\"},{\"@type\":\"ListItem\",\"position\":5,\"name\":\"The Berlin Guide\"}]},{\"@type\":\"WebSite\",\"@id\":\"https:\\\/\\\/nortvi.com\\\/de\\\/#website\",\"url\":\"https:\\\/\\\/nortvi.com\\\/de\\\/\",\"name\":\"NORTVI\",\"description\":\"Sustainable travel gear\",\"publisher\":{\"@id\":\"https:\\\/\\\/nortvi.com\\\/de\\\/#organization\"},\"potentialAction\":[{\"@type\":\"SearchAction\",\"target\":{\"@type\":\"EntryPoint\",\"urlTemplate\":\"https:\\\/\\\/nortvi.com\\\/de\\\/?s={search_term_string}\"},\"query-input\":{\"@type\":\"PropertyValueSpecification\",\"valueRequired\":true,\"valueName\":\"search_term_string\"}}],\"inLanguage\":\"de\"},{\"@type\":\"Organization\",\"@id\":\"https:\\\/\\\/nortvi.com\\\/de\\\/#organization\",\"name\":\"NORTVI\",\"url\":\"https:\\\/\\\/nortvi.com\\\/de\\\/\",\"logo\":{\"@type\":\"ImageObject\",\"inLanguage\":\"de\",\"@id\":\"https:\\\/\\\/nortvi.com\\\/de\\\/#\\\/schema\\\/logo\\\/image\\\/\",\"url\":\"https:\\\/\\\/nortvi.com\\\/wp-content\\\/uploads\\\/2023\\\/09\\\/cropped-logo-footer.png\",\"contentUrl\":\"https:\\\/\\\/nortvi.com\\\/wp-content\\\/uploads\\\/2023\\\/09\\\/cropped-logo-footer.png\",\"width\":300,\"height\":46,\"caption\":\"NORTVI\"},\"image\":{\"@id\":\"https:\\\/\\\/nortvi.com\\\/de\\\/#\\\/schema\\\/logo\\\/image\\\/\"},\"sameAs\":[\"https:\\\/\\\/www.instagram.com\\\/nortvi\\\/\"]}]}<\/script>\n<meta property=\"product:price:amount\" content=\"20.00\" \/>\n<meta property=\"product:price:currency\" content=\"EUR\" \/>\n<meta property=\"og:availability\" content=\"instock\" \/>\n<meta property=\"product:availability\" content=\"instock\" \/>\n<meta property=\"product:retailer_item_id\" content=\"8720165662500\" \/>\n<meta property=\"product:condition\" content=\"new\" \/>\n<!-- \/ Yoast SEO Premium plugin. -->","yoast_head_json":{"title":"Travelguide | Berlin | Entdecken Sie die sch\u00f6nsten Orte","description":"Erkunden Sie Berlin mit dem NORTVI-Reisef\u00fchrer. Von trendigen Restaurants bis zu versteckten Gesch\u00e4ften und besonderen Unterk\u00fcnften in dieser Stadt.","robots":{"index":"index","follow":"follow","max-snippet":"max-snippet:-1","max-image-preview":"max-image-preview:large","max-video-preview":"max-video-preview:-1"},"canonical":"https:\/\/nortvi.com\/de\/produkt\/the-berlin-guide\/","og_locale":"de_DE","og_type":"article","og_title":"The Berlin Guide","og_description":"Erkunden Sie Berlin mit dem NORTVI-Reisef\u00fchrer. Von trendigen Restaurants bis zu versteckten Gesch\u00e4ften und besonderen Unterk\u00fcnften in dieser Stadt.","og_url":"https:\/\/nortvi.com\/de\/produkt\/the-berlin-guide\/","og_site_name":"NORTVI","article_modified_time":"2024-05-29T14:33:24+00:00","og_image":[{"width":1216,"height":1825,"url":"https:\/\/nortvi.com\/wp-content\/uploads\/2021\/02\/6b3c6cfc4190a9732357cbcaadeaded3c08d38b6a88d378b22053598d1e986aa_1216x-1.webp","type":"image\/webp"}],"twitter_card":"summary_large_image","twitter_misc":{"Preis":"&euro;20.00","Verf\u00fcgbarkeit":"Auf Lager"},"schema":{"@context":"https:\/\/schema.org","@graph":[{"@type":"WebPage","@id":"https:\/\/nortvi.com\/de\/produkt\/the-berlin-guide\/","url":"https:\/\/nortvi.com\/de\/produkt\/the-berlin-guide\/","name":"Travelguide | Berlin | Entdecken Sie die sch\u00f6nsten Orte","isPartOf":{"@id":"https:\/\/nortvi.com\/de\/#website"},"primaryImageOfPage":{"@id":"https:\/\/nortvi.com\/de\/produkt\/the-berlin-guide\/#primaryimage"},"image":{"@id":"https:\/\/nortvi.com\/de\/produkt\/the-berlin-guide\/#primaryimage"},"thumbnailUrl":"https:\/\/nortvi.com\/wp-content\/uploads\/2021\/02\/6b3c6cfc4190a9732357cbcaadeaded3c08d38b6a88d378b22053598d1e986aa_1216x-1.webp","datePublished":"2021-11-30T14:38:02+00:00","dateModified":"2024-05-29T14:33:24+00:00","description":"Erkunden Sie Berlin mit dem NORTVI-Reisef\u00fchrer. Von trendigen Restaurants bis zu versteckten Gesch\u00e4ften und besonderen Unterk\u00fcnften in dieser Stadt.","breadcrumb":{"@id":"https:\/\/nortvi.com\/de\/produkt\/the-berlin-guide\/#breadcrumb"},"inLanguage":"de","potentialAction":[{"@type":"ReadAction","target":["https:\/\/nortvi.com\/de\/produkt\/the-berlin-guide\/"]}]},{"@type":"ImageObject","inLanguage":"de","@id":"https:\/\/nortvi.com\/de\/produkt\/the-berlin-guide\/#primaryimage","url":"https:\/\/nortvi.com\/wp-content\/uploads\/2021\/02\/6b3c6cfc4190a9732357cbcaadeaded3c08d38b6a88d378b22053598d1e986aa_1216x-1.webp","contentUrl":"https:\/\/nortvi.com\/wp-content\/uploads\/2021\/02\/6b3c6cfc4190a9732357cbcaadeaded3c08d38b6a88d378b22053598d1e986aa_1216x-1.webp","width":1216,"height":1825},{"@type":"BreadcrumbList","@id":"https:\/\/nortvi.com\/de\/produkt\/the-berlin-guide\/#breadcrumb","itemListElement":[{"@type":"ListItem","position":1,"name":"Home","item":"https:\/\/nortvi.com\/de\/"},{"@type":"ListItem","position":2,"name":"Shop","item":"https:\/\/nortvi.com\/de\/shop\/"},{"@type":"ListItem","position":3,"name":"Accessories","item":"https:\/\/nortvi.com\/de\/accessoires\/"},{"@type":"ListItem","position":4,"name":"Reisef\u00fchrer","item":"https:\/\/nortvi.com\/de\/accessoires\/reisefuehrer\/"},{"@type":"ListItem","position":5,"name":"The Berlin Guide"}]},{"@type":"WebSite","@id":"https:\/\/nortvi.com\/de\/#website","url":"https:\/\/nortvi.com\/de\/","name":"NORTVI","description":"Sustainable travel gear","publisher":{"@id":"https:\/\/nortvi.com\/de\/#organization"},"potentialAction":[{"@type":"SearchAction","target":{"@type":"EntryPoint","urlTemplate":"https:\/\/nortvi.com\/de\/?s={search_term_string}"},"query-input":{"@type":"PropertyValueSpecification","valueRequired":true,"valueName":"search_term_string"}}],"inLanguage":"de"},{"@type":"Organization","@id":"https:\/\/nortvi.com\/de\/#organization","name":"NORTVI","url":"https:\/\/nortvi.com\/de\/","logo":{"@type":"ImageObject","inLanguage":"de","@id":"https:\/\/nortvi.com\/de\/#\/schema\/logo\/image\/","url":"https:\/\/nortvi.com\/wp-content\/uploads\/2023\/09\/cropped-logo-footer.png","contentUrl":"https:\/\/nortvi.com\/wp-content\/uploads\/2023\/09\/cropped-logo-footer.png","width":300,"height":46,"caption":"NORTVI"},"image":{"@id":"https:\/\/nortvi.com\/de\/#\/schema\/logo\/image\/"},"sameAs":["https:\/\/www.instagram.com\/nortvi\/"]}]},"product_price_amount":"20.00","product_price_currency":"EUR","og_availability":"instock","product_availability":"instock","product_retailer_item_id":"8720165662500","product_condition":"new"},"_links":{"self":[{"href":"https:\/\/nortvi.com\/de\/wp-json\/wp\/v2\/product\/49021","targetHints":{"allow":["GET"]}}],"collection":[{"href":"https:\/\/nortvi.com\/de\/wp-json\/wp\/v2\/product"}],"about":[{"href":"https:\/\/nortvi.com\/de\/wp-json\/wp\/v2\/types\/product"}],"version-history":[{"count":0,"href":"https:\/\/nortvi.com\/de\/wp-json\/wp\/v2\/product\/49021\/revisions"}],"wp:featuredmedia":[{"embeddable":true,"href":"https:\/\/nortvi.com\/de\/wp-json\/wp\/v2\/media\/301001"}],"wp:attachment":[{"href":"https:\/\/nortvi.com\/de\/wp-json\/wp\/v2\/media?parent=49021"}],"wp:term":[{"taxonomy":"product_brand","embeddable":true,"href":"https:\/\/nortvi.com\/de\/wp-json\/wp\/v2\/product_brand?post=49021"},{"taxonomy":"product_cat","embeddable":true,"href":"https:\/\/nortvi.com\/de\/wp-json\/wp\/v2\/product_cat?post=49021"},{"taxonomy":"product_tag","embeddable":true,"href":"https:\/\/nortvi.com\/de\/wp-json\/wp\/v2\/product_tag?post=49021"}],"curies":[{"name":"wp","href":"https:\/\/api.w.org\/{rel}","templated":true}]}}