{"id":49019,"date":"2021-02-09T09:57:04","date_gmt":"2021-11-30T14:32:56","guid":{"rendered":"https:\/\/nortvi-prod.wdc.app\/product\/the-lisbon-guide\/"},"modified":"2024-05-29T16:37:31","modified_gmt":"2024-05-29T14:37:31","slug":"the-paris-guide","status":"publish","type":"product","link":"https:\/\/nortvi.com\/de\/produkt\/the-paris-guide\/","title":{"rendered":"The Paris Guide"},"content":{"rendered":"<p>Unsere Reisef\u00fchrer sind ein Muss f\u00fcr moderne Reisende, die die coolsten Orte der Stadt entdecken m\u00f6chten. Hier finden Sie die besten Empfehlungen f\u00fcr die angesagtesten Restaurants, Gesch\u00e4fte und \u00dcbernachtungsm\u00f6glichkeiten in Paris.<\/p>\n","protected":false},"excerpt":{"rendered":"<p>Unsere Reisef\u00fchrer sind ein Muss f\u00fcr moderne Reisende, die die coolsten Orte der Stadt entdecken m\u00f6chten. Hier finden Sie die besten Empfehlungen f\u00fcr die angesagtesten Restaurants, Gesch\u00e4fte und \u00dcbernachtungsm\u00f6glichkeiten in Paris.<\/p>\n","protected":false},"featured_media":301009,"template":"","meta":{"_acf_changed":false,"footnotes":""},"product_brand":[],"product_cat":[144],"product_tag":[],"class_list":{"0":"post-49019","1":"product","2":"type-product","3":"status-publish","4":"has-post-thumbnail","6":"product_cat-reisefuehrer","8":"first","9":"instock","10":"taxable","11":"shipping-taxable","12":"purchasable","13":"product-type-simple"},"composite_virtual":false,"composite_layout":"","composite_add_to_cart_form_location":"","composite_editable_in_cart":false,"composite_sold_individually_context":"","composite_shop_price_calc":"","composite_components":[],"composite_scenarios":[],"acf":[],"yoast_head":"<!-- This site is optimized with the Yoast SEO Premium plugin v27.1 (Yoast SEO v27.3) - https:\/\/yoast.com\/product\/yoast-seo-premium-wordpress\/ -->\n<title>Reisef\u00fchrer | Paris | Entdecke die sch\u00f6nsten Orte<\/title>\n<meta name=\"description\" content=\"Entdecken Sie Paris mit dem NORTVI Reisef\u00fchrer: von trendigen Restaurants \u00fcber versteckte Boutiquen bis hin zu einzigartigen Unterk\u00fcnften in dieser Stadt.\" \/>\n<meta name=\"robots\" content=\"index, follow, max-snippet:-1, max-image-preview:large, max-video-preview:-1\" \/>\n<link rel=\"canonical\" href=\"https:\/\/nortvi.com\/de\/produkt\/the-paris-guide\/\" \/>\n<meta property=\"og:locale\" content=\"de_DE\" \/>\n<meta property=\"og:type\" content=\"article\" \/>\n<meta property=\"og:title\" content=\"The Paris Guide\" \/>\n<meta property=\"og:description\" content=\"Entdecken Sie Paris mit dem NORTVI Reisef\u00fchrer: von trendigen Restaurants \u00fcber versteckte Boutiquen bis hin zu einzigartigen Unterk\u00fcnften in dieser Stadt.\" \/>\n<meta property=\"og:url\" content=\"https:\/\/nortvi.com\/de\/produkt\/the-paris-guide\/\" \/>\n<meta property=\"og:site_name\" content=\"NORTVI\" \/>\n<meta property=\"article:modified_time\" content=\"2024-05-29T14:37:31+00:00\" \/>\n<meta property=\"og:image\" content=\"https:\/\/nortvi.com\/wp-content\/uploads\/2021\/02\/2a5c1d77773a9669afb9f624bd5e8ad56ca817aabd2d302ebb74ad40493e473d_1216x.webp\" \/>\n\t<meta property=\"og:image:width\" content=\"1216\" \/>\n\t<meta property=\"og:image:height\" content=\"1825\" \/>\n\t<meta property=\"og:image:type\" content=\"image\/webp\" \/>\n<meta name=\"twitter:card\" content=\"summary_large_image\" \/>\n<meta name=\"twitter:label1\" content=\"Preis\" \/>\n\t<meta name=\"twitter:data1\" content=\"&euro;20.00\" \/>\n\t<meta name=\"twitter:label2\" content=\"Verf\u00fcgbarkeit\" \/>\n\t<meta name=\"twitter:data2\" content=\"Auf Lager\" \/>\n<script type=\"application\/ld+json\" class=\"yoast-schema-graph\">{\"@context\":\"https:\\\/\\\/schema.org\",\"@graph\":[{\"@type\":\"WebPage\",\"@id\":\"https:\\\/\\\/nortvi.com\\\/de\\\/produkt\\\/the-paris-guide\\\/\",\"url\":\"https:\\\/\\\/nortvi.com\\\/de\\\/produkt\\\/the-paris-guide\\\/\",\"name\":\"Reisef\u00fchrer | Paris | Entdecke die sch\u00f6nsten Orte\",\"isPartOf\":{\"@id\":\"https:\\\/\\\/nortvi.com\\\/de\\\/#website\"},\"primaryImageOfPage\":{\"@id\":\"https:\\\/\\\/nortvi.com\\\/de\\\/produkt\\\/the-paris-guide\\\/#primaryimage\"},\"image\":{\"@id\":\"https:\\\/\\\/nortvi.com\\\/de\\\/produkt\\\/the-paris-guide\\\/#primaryimage\"},\"thumbnailUrl\":\"https:\\\/\\\/nortvi.com\\\/wp-content\\\/uploads\\\/2021\\\/02\\\/2a5c1d77773a9669afb9f624bd5e8ad56ca817aabd2d302ebb74ad40493e473d_1216x.webp\",\"datePublished\":\"2021-11-30T14:32:56+00:00\",\"dateModified\":\"2024-05-29T14:37:31+00:00\",\"description\":\"Entdecken Sie Paris mit dem NORTVI Reisef\u00fchrer: von trendigen Restaurants \u00fcber versteckte Boutiquen bis hin zu einzigartigen Unterk\u00fcnften in dieser Stadt.\",\"breadcrumb\":{\"@id\":\"https:\\\/\\\/nortvi.com\\\/de\\\/produkt\\\/the-paris-guide\\\/#breadcrumb\"},\"inLanguage\":\"de\",\"potentialAction\":[{\"@type\":\"ReadAction\",\"target\":[\"https:\\\/\\\/nortvi.com\\\/de\\\/produkt\\\/the-paris-guide\\\/\"]}]},{\"@type\":\"ImageObject\",\"inLanguage\":\"de\",\"@id\":\"https:\\\/\\\/nortvi.com\\\/de\\\/produkt\\\/the-paris-guide\\\/#primaryimage\",\"url\":\"https:\\\/\\\/nortvi.com\\\/wp-content\\\/uploads\\\/2021\\\/02\\\/2a5c1d77773a9669afb9f624bd5e8ad56ca817aabd2d302ebb74ad40493e473d_1216x.webp\",\"contentUrl\":\"https:\\\/\\\/nortvi.com\\\/wp-content\\\/uploads\\\/2021\\\/02\\\/2a5c1d77773a9669afb9f624bd5e8ad56ca817aabd2d302ebb74ad40493e473d_1216x.webp\",\"width\":1216,\"height\":1825},{\"@type\":\"BreadcrumbList\",\"@id\":\"https:\\\/\\\/nortvi.com\\\/de\\\/produkt\\\/the-paris-guide\\\/#breadcrumb\",\"itemListElement\":[{\"@type\":\"ListItem\",\"position\":1,\"name\":\"Home\",\"item\":\"https:\\\/\\\/nortvi.com\\\/de\\\/\"},{\"@type\":\"ListItem\",\"position\":2,\"name\":\"Shop\",\"item\":\"https:\\\/\\\/nortvi.com\\\/de\\\/shop\\\/\"},{\"@type\":\"ListItem\",\"position\":3,\"name\":\"Accessories\",\"item\":\"https:\\\/\\\/nortvi.com\\\/de\\\/accessoires\\\/\"},{\"@type\":\"ListItem\",\"position\":4,\"name\":\"Reisef\u00fchrer\",\"item\":\"https:\\\/\\\/nortvi.com\\\/de\\\/accessoires\\\/reisefuehrer\\\/\"},{\"@type\":\"ListItem\",\"position\":5,\"name\":\"The Paris Guide\"}]},{\"@type\":\"WebSite\",\"@id\":\"https:\\\/\\\/nortvi.com\\\/de\\\/#website\",\"url\":\"https:\\\/\\\/nortvi.com\\\/de\\\/\",\"name\":\"NORTVI\",\"description\":\"Sustainable travel gear\",\"publisher\":{\"@id\":\"https:\\\/\\\/nortvi.com\\\/de\\\/#organization\"},\"potentialAction\":[{\"@type\":\"SearchAction\",\"target\":{\"@type\":\"EntryPoint\",\"urlTemplate\":\"https:\\\/\\\/nortvi.com\\\/de\\\/?s={search_term_string}\"},\"query-input\":{\"@type\":\"PropertyValueSpecification\",\"valueRequired\":true,\"valueName\":\"search_term_string\"}}],\"inLanguage\":\"de\"},{\"@type\":\"Organization\",\"@id\":\"https:\\\/\\\/nortvi.com\\\/de\\\/#organization\",\"name\":\"NORTVI\",\"url\":\"https:\\\/\\\/nortvi.com\\\/de\\\/\",\"logo\":{\"@type\":\"ImageObject\",\"inLanguage\":\"de\",\"@id\":\"https:\\\/\\\/nortvi.com\\\/de\\\/#\\\/schema\\\/logo\\\/image\\\/\",\"url\":\"https:\\\/\\\/nortvi.com\\\/wp-content\\\/uploads\\\/2023\\\/09\\\/cropped-logo-footer.png\",\"contentUrl\":\"https:\\\/\\\/nortvi.com\\\/wp-content\\\/uploads\\\/2023\\\/09\\\/cropped-logo-footer.png\",\"width\":300,\"height\":46,\"caption\":\"NORTVI\"},\"image\":{\"@id\":\"https:\\\/\\\/nortvi.com\\\/de\\\/#\\\/schema\\\/logo\\\/image\\\/\"},\"sameAs\":[\"https:\\\/\\\/www.instagram.com\\\/nortvi\\\/\"]}]}<\/script>\n<meta property=\"product:price:amount\" content=\"20.00\" \/>\n<meta property=\"product:price:currency\" content=\"EUR\" \/>\n<meta property=\"og:availability\" content=\"instock\" \/>\n<meta property=\"product:availability\" content=\"instock\" \/>\n<meta property=\"product:retailer_item_id\" content=\"8720165662487\" \/>\n<meta property=\"product:condition\" content=\"new\" \/>\n<!-- \/ Yoast SEO Premium plugin. -->","yoast_head_json":{"title":"Reisef\u00fchrer | Paris | Entdecke die sch\u00f6nsten Orte","description":"Entdecken Sie Paris mit dem NORTVI Reisef\u00fchrer: von trendigen Restaurants \u00fcber versteckte Boutiquen bis hin zu einzigartigen Unterk\u00fcnften in dieser Stadt.","robots":{"index":"index","follow":"follow","max-snippet":"max-snippet:-1","max-image-preview":"max-image-preview:large","max-video-preview":"max-video-preview:-1"},"canonical":"https:\/\/nortvi.com\/de\/produkt\/the-paris-guide\/","og_locale":"de_DE","og_type":"article","og_title":"The Paris Guide","og_description":"Entdecken Sie Paris mit dem NORTVI Reisef\u00fchrer: von trendigen Restaurants \u00fcber versteckte Boutiquen bis hin zu einzigartigen Unterk\u00fcnften in dieser Stadt.","og_url":"https:\/\/nortvi.com\/de\/produkt\/the-paris-guide\/","og_site_name":"NORTVI","article_modified_time":"2024-05-29T14:37:31+00:00","og_image":[{"width":1216,"height":1825,"url":"https:\/\/nortvi.com\/wp-content\/uploads\/2021\/02\/2a5c1d77773a9669afb9f624bd5e8ad56ca817aabd2d302ebb74ad40493e473d_1216x.webp","type":"image\/webp"}],"twitter_card":"summary_large_image","twitter_misc":{"Preis":"&euro;20.00","Verf\u00fcgbarkeit":"Auf Lager"},"schema":{"@context":"https:\/\/schema.org","@graph":[{"@type":"WebPage","@id":"https:\/\/nortvi.com\/de\/produkt\/the-paris-guide\/","url":"https:\/\/nortvi.com\/de\/produkt\/the-paris-guide\/","name":"Reisef\u00fchrer | Paris | Entdecke die sch\u00f6nsten Orte","isPartOf":{"@id":"https:\/\/nortvi.com\/de\/#website"},"primaryImageOfPage":{"@id":"https:\/\/nortvi.com\/de\/produkt\/the-paris-guide\/#primaryimage"},"image":{"@id":"https:\/\/nortvi.com\/de\/produkt\/the-paris-guide\/#primaryimage"},"thumbnailUrl":"https:\/\/nortvi.com\/wp-content\/uploads\/2021\/02\/2a5c1d77773a9669afb9f624bd5e8ad56ca817aabd2d302ebb74ad40493e473d_1216x.webp","datePublished":"2021-11-30T14:32:56+00:00","dateModified":"2024-05-29T14:37:31+00:00","description":"Entdecken Sie Paris mit dem NORTVI Reisef\u00fchrer: von trendigen Restaurants \u00fcber versteckte Boutiquen bis hin zu einzigartigen Unterk\u00fcnften in dieser Stadt.","breadcrumb":{"@id":"https:\/\/nortvi.com\/de\/produkt\/the-paris-guide\/#breadcrumb"},"inLanguage":"de","potentialAction":[{"@type":"ReadAction","target":["https:\/\/nortvi.com\/de\/produkt\/the-paris-guide\/"]}]},{"@type":"ImageObject","inLanguage":"de","@id":"https:\/\/nortvi.com\/de\/produkt\/the-paris-guide\/#primaryimage","url":"https:\/\/nortvi.com\/wp-content\/uploads\/2021\/02\/2a5c1d77773a9669afb9f624bd5e8ad56ca817aabd2d302ebb74ad40493e473d_1216x.webp","contentUrl":"https:\/\/nortvi.com\/wp-content\/uploads\/2021\/02\/2a5c1d77773a9669afb9f624bd5e8ad56ca817aabd2d302ebb74ad40493e473d_1216x.webp","width":1216,"height":1825},{"@type":"BreadcrumbList","@id":"https:\/\/nortvi.com\/de\/produkt\/the-paris-guide\/#breadcrumb","itemListElement":[{"@type":"ListItem","position":1,"name":"Home","item":"https:\/\/nortvi.com\/de\/"},{"@type":"ListItem","position":2,"name":"Shop","item":"https:\/\/nortvi.com\/de\/shop\/"},{"@type":"ListItem","position":3,"name":"Accessories","item":"https:\/\/nortvi.com\/de\/accessoires\/"},{"@type":"ListItem","position":4,"name":"Reisef\u00fchrer","item":"https:\/\/nortvi.com\/de\/accessoires\/reisefuehrer\/"},{"@type":"ListItem","position":5,"name":"The Paris Guide"}]},{"@type":"WebSite","@id":"https:\/\/nortvi.com\/de\/#website","url":"https:\/\/nortvi.com\/de\/","name":"NORTVI","description":"Sustainable travel gear","publisher":{"@id":"https:\/\/nortvi.com\/de\/#organization"},"potentialAction":[{"@type":"SearchAction","target":{"@type":"EntryPoint","urlTemplate":"https:\/\/nortvi.com\/de\/?s={search_term_string}"},"query-input":{"@type":"PropertyValueSpecification","valueRequired":true,"valueName":"search_term_string"}}],"inLanguage":"de"},{"@type":"Organization","@id":"https:\/\/nortvi.com\/de\/#organization","name":"NORTVI","url":"https:\/\/nortvi.com\/de\/","logo":{"@type":"ImageObject","inLanguage":"de","@id":"https:\/\/nortvi.com\/de\/#\/schema\/logo\/image\/","url":"https:\/\/nortvi.com\/wp-content\/uploads\/2023\/09\/cropped-logo-footer.png","contentUrl":"https:\/\/nortvi.com\/wp-content\/uploads\/2023\/09\/cropped-logo-footer.png","width":300,"height":46,"caption":"NORTVI"},"image":{"@id":"https:\/\/nortvi.com\/de\/#\/schema\/logo\/image\/"},"sameAs":["https:\/\/www.instagram.com\/nortvi\/"]}]},"product_price_amount":"20.00","product_price_currency":"EUR","og_availability":"instock","product_availability":"instock","product_retailer_item_id":"8720165662487","product_condition":"new"},"_links":{"self":[{"href":"https:\/\/nortvi.com\/de\/wp-json\/wp\/v2\/product\/49019","targetHints":{"allow":["GET"]}}],"collection":[{"href":"https:\/\/nortvi.com\/de\/wp-json\/wp\/v2\/product"}],"about":[{"href":"https:\/\/nortvi.com\/de\/wp-json\/wp\/v2\/types\/product"}],"version-history":[{"count":0,"href":"https:\/\/nortvi.com\/de\/wp-json\/wp\/v2\/product\/49019\/revisions"}],"wp:featuredmedia":[{"embeddable":true,"href":"https:\/\/nortvi.com\/de\/wp-json\/wp\/v2\/media\/301009"}],"wp:attachment":[{"href":"https:\/\/nortvi.com\/de\/wp-json\/wp\/v2\/media?parent=49019"}],"wp:term":[{"taxonomy":"product_brand","embeddable":true,"href":"https:\/\/nortvi.com\/de\/wp-json\/wp\/v2\/product_brand?post=49019"},{"taxonomy":"product_cat","embeddable":true,"href":"https:\/\/nortvi.com\/de\/wp-json\/wp\/v2\/product_cat?post=49019"},{"taxonomy":"product_tag","embeddable":true,"href":"https:\/\/nortvi.com\/de\/wp-json\/wp\/v2\/product_tag?post=49019"}],"curies":[{"name":"wp","href":"https:\/\/api.w.org\/{rel}","templated":true}]}}