{"id":48840,"date":"2021-09-21T13:14:23","date_gmt":"2021-11-23T14:06:59","guid":{"rendered":"https:\/\/nortvi-prod.wdc.app\/product\/wochenendtasche-rainforest-green\/"},"modified":"2026-03-16T15:06:14","modified_gmt":"2026-03-16T14:06:14","slug":"weekender-gruen","status":"publish","type":"product","link":"https:\/\/nortvi.com\/de\/produkt\/weekender-gruen\/","title":{"rendered":"Weekender Rainforest Green"},"content":{"rendered":"\n<p>Der Weekender ist ein einzigartiges, von Hand entworfenes Modell, das zu 100 % aus umweltfreundlichen Materialien besteht. Er ist sorgf\u00e4ltig verarbeitet und verst\u00e4rkt, sodass er extrem strapazierf\u00e4hig und f\u00fcr jede Reise geeignet ist. Der Weekender ist wasserabweisend und dank seines ger\u00e4umigen Inneren ideal f\u00fcr einen langen Wochenendausflug oder als Tasche f\u00fcr den Alltag.<\/p>\n","protected":false},"excerpt":{"rendered":"<p>Der Weekender ist ein einzigartiges, von Hand entworfenes Modell, das zu 100 % aus umweltfreundlichen Materialien besteht. Er ist sorgf\u00e4ltig verarbeitet und verst\u00e4rkt, sodass er extrem strapazierf\u00e4hig und f\u00fcr jede Reise geeignet ist. Der Weekender ist wasserabweisend und dank seines ger\u00e4umigen Inneren ideal f\u00fcr einen langen Wochenendausflug oder als Tasche f\u00fcr den Alltag.<\/p>\n","protected":false},"featured_media":345702,"template":"","meta":{"_acf_changed":false,"footnotes":""},"product_brand":[],"product_cat":[139],"product_tag":[],"class_list":{"0":"post-48840","1":"product","2":"type-product","3":"status-publish","4":"has-post-thumbnail","6":"product_cat-weekender-de","8":"first","9":"instock","10":"taxable","11":"shipping-taxable","12":"purchasable","13":"product-type-simple"},"composite_virtual":false,"composite_layout":"","composite_add_to_cart_form_location":"","composite_editable_in_cart":false,"composite_sold_individually_context":"","composite_shop_price_calc":"","composite_components":[],"composite_scenarios":[],"acf":[],"yoast_head":"<!-- This site is optimized with the Yoast SEO Premium plugin v27.1 (Yoast SEO v27.3) - https:\/\/yoast.com\/product\/yoast-seo-premium-wordpress\/ -->\n<title>Weekender Gr\u00fcn kaufen | F\u00fcr Damen und Herren<\/title>\n<meta name=\"description\" content=\"Die Premium Weekender von NORTVI in Gr\u00fcn. Nachhaltig, wasserabweisend und robust. Ideal f\u00fcr ein abenteuerliches Wochenende. Perfekt f\u00fcr Damen und Herren\" \/>\n<meta name=\"robots\" content=\"index, follow, max-snippet:-1, max-image-preview:large, max-video-preview:-1\" \/>\n<link rel=\"canonical\" href=\"https:\/\/nortvi.com\/de\/produkt\/weekender-gruen\/\" \/>\n<meta property=\"og:locale\" content=\"de_DE\" \/>\n<meta property=\"og:type\" content=\"article\" \/>\n<meta property=\"og:title\" content=\"Weekender Rainforest Green\" \/>\n<meta property=\"og:description\" content=\"Die Premium Weekender von NORTVI in Gr\u00fcn. Nachhaltig, wasserabweisend und robust. Ideal f\u00fcr ein abenteuerliches Wochenende. Perfekt f\u00fcr Damen und Herren\" \/>\n<meta property=\"og:url\" content=\"https:\/\/nortvi.com\/de\/produkt\/weekender-gruen\/\" \/>\n<meta property=\"og:site_name\" content=\"NORTVI\" \/>\n<meta property=\"article:modified_time\" content=\"2026-03-16T14:06:14+00:00\" \/>\n<meta property=\"og:image\" content=\"https:\/\/nortvi.com\/wp-content\/uploads\/2021\/09\/weekender-rainforest-green-voorkant-2-1-blur-scaled.jpg\" \/>\n\t<meta property=\"og:image:width\" content=\"3840\" \/>\n\t<meta property=\"og:image:height\" content=\"3840\" \/>\n\t<meta property=\"og:image:type\" content=\"image\/jpeg\" \/>\n<meta name=\"twitter:card\" content=\"summary_large_image\" \/>\n<meta name=\"twitter:label1\" content=\"Preis\" \/>\n\t<meta name=\"twitter:data1\" content=\"&euro;149.00\" \/>\n\t<meta name=\"twitter:label2\" content=\"Verf\u00fcgbarkeit\" \/>\n\t<meta name=\"twitter:data2\" content=\"Auf Lager\" \/>\n<script type=\"application\/ld+json\" class=\"yoast-schema-graph\">{\"@context\":\"https:\\\/\\\/schema.org\",\"@graph\":[{\"@type\":\"WebPage\",\"@id\":\"https:\\\/\\\/nortvi.com\\\/de\\\/produkt\\\/weekender-gruen\\\/\",\"url\":\"https:\\\/\\\/nortvi.com\\\/de\\\/produkt\\\/weekender-gruen\\\/\",\"name\":\"Weekender Gr\u00fcn kaufen | F\u00fcr Damen und Herren\",\"isPartOf\":{\"@id\":\"https:\\\/\\\/nortvi.com\\\/de\\\/#website\"},\"primaryImageOfPage\":{\"@id\":\"https:\\\/\\\/nortvi.com\\\/de\\\/produkt\\\/weekender-gruen\\\/#primaryimage\"},\"image\":{\"@id\":\"https:\\\/\\\/nortvi.com\\\/de\\\/produkt\\\/weekender-gruen\\\/#primaryimage\"},\"thumbnailUrl\":\"https:\\\/\\\/nortvi.com\\\/wp-content\\\/uploads\\\/2021\\\/09\\\/weekender-rainforest-green-voorkant-2-1-blur-scaled.jpg\",\"datePublished\":\"2021-11-23T14:06:59+00:00\",\"dateModified\":\"2026-03-16T14:06:14+00:00\",\"description\":\"Die Premium Weekender von NORTVI in Gr\u00fcn. Nachhaltig, wasserabweisend und robust. Ideal f\u00fcr ein abenteuerliches Wochenende. Perfekt f\u00fcr Damen und Herren\",\"breadcrumb\":{\"@id\":\"https:\\\/\\\/nortvi.com\\\/de\\\/produkt\\\/weekender-gruen\\\/#breadcrumb\"},\"inLanguage\":\"de\",\"potentialAction\":[{\"@type\":\"ReadAction\",\"target\":[\"https:\\\/\\\/nortvi.com\\\/de\\\/produkt\\\/weekender-gruen\\\/\"]}]},{\"@type\":\"ImageObject\",\"inLanguage\":\"de\",\"@id\":\"https:\\\/\\\/nortvi.com\\\/de\\\/produkt\\\/weekender-gruen\\\/#primaryimage\",\"url\":\"https:\\\/\\\/nortvi.com\\\/wp-content\\\/uploads\\\/2021\\\/09\\\/weekender-rainforest-green-voorkant-2-1-blur-scaled.jpg\",\"contentUrl\":\"https:\\\/\\\/nortvi.com\\\/wp-content\\\/uploads\\\/2021\\\/09\\\/weekender-rainforest-green-voorkant-2-1-blur-scaled.jpg\",\"width\":3840,\"height\":3840},{\"@type\":\"BreadcrumbList\",\"@id\":\"https:\\\/\\\/nortvi.com\\\/de\\\/produkt\\\/weekender-gruen\\\/#breadcrumb\",\"itemListElement\":[{\"@type\":\"ListItem\",\"position\":1,\"name\":\"Home\",\"item\":\"https:\\\/\\\/nortvi.com\\\/de\\\/\"},{\"@type\":\"ListItem\",\"position\":2,\"name\":\"Shop\",\"item\":\"https:\\\/\\\/nortvi.com\\\/de\\\/shop\\\/\"},{\"@type\":\"ListItem\",\"position\":3,\"name\":\"Taschen\",\"item\":\"https:\\\/\\\/nortvi.com\\\/de\\\/taschen\\\/\"},{\"@type\":\"ListItem\",\"position\":4,\"name\":\"Weekender\",\"item\":\"https:\\\/\\\/nortvi.com\\\/de\\\/taschen\\\/weekender-de\\\/\"},{\"@type\":\"ListItem\",\"position\":5,\"name\":\"Weekender Rainforest Green\"}]},{\"@type\":\"WebSite\",\"@id\":\"https:\\\/\\\/nortvi.com\\\/de\\\/#website\",\"url\":\"https:\\\/\\\/nortvi.com\\\/de\\\/\",\"name\":\"NORTVI\",\"description\":\"Sustainable travel gear\",\"publisher\":{\"@id\":\"https:\\\/\\\/nortvi.com\\\/de\\\/#organization\"},\"potentialAction\":[{\"@type\":\"SearchAction\",\"target\":{\"@type\":\"EntryPoint\",\"urlTemplate\":\"https:\\\/\\\/nortvi.com\\\/de\\\/?s={search_term_string}\"},\"query-input\":{\"@type\":\"PropertyValueSpecification\",\"valueRequired\":true,\"valueName\":\"search_term_string\"}}],\"inLanguage\":\"de\"},{\"@type\":\"Organization\",\"@id\":\"https:\\\/\\\/nortvi.com\\\/de\\\/#organization\",\"name\":\"NORTVI\",\"url\":\"https:\\\/\\\/nortvi.com\\\/de\\\/\",\"logo\":{\"@type\":\"ImageObject\",\"inLanguage\":\"de\",\"@id\":\"https:\\\/\\\/nortvi.com\\\/de\\\/#\\\/schema\\\/logo\\\/image\\\/\",\"url\":\"https:\\\/\\\/nortvi.com\\\/wp-content\\\/uploads\\\/2023\\\/09\\\/cropped-logo-footer.png\",\"contentUrl\":\"https:\\\/\\\/nortvi.com\\\/wp-content\\\/uploads\\\/2023\\\/09\\\/cropped-logo-footer.png\",\"width\":300,\"height\":46,\"caption\":\"NORTVI\"},\"image\":{\"@id\":\"https:\\\/\\\/nortvi.com\\\/de\\\/#\\\/schema\\\/logo\\\/image\\\/\"},\"sameAs\":[\"https:\\\/\\\/www.instagram.com\\\/nortvi\\\/\"]}]}<\/script>\n<meta property=\"product:price:amount\" content=\"149.00\" \/>\n<meta property=\"product:price:currency\" content=\"EUR\" \/>\n<meta property=\"og:availability\" content=\"instock\" \/>\n<meta property=\"product:availability\" content=\"instock\" \/>\n<meta property=\"product:retailer_item_id\" content=\"8720165662579\" \/>\n<meta property=\"product:condition\" content=\"new\" \/>\n<!-- \/ Yoast SEO Premium plugin. -->","yoast_head_json":{"title":"Weekender Gr\u00fcn kaufen | F\u00fcr Damen und Herren","description":"Die Premium Weekender von NORTVI in Gr\u00fcn. Nachhaltig, wasserabweisend und robust. Ideal f\u00fcr ein abenteuerliches Wochenende. Perfekt f\u00fcr Damen und Herren","robots":{"index":"index","follow":"follow","max-snippet":"max-snippet:-1","max-image-preview":"max-image-preview:large","max-video-preview":"max-video-preview:-1"},"canonical":"https:\/\/nortvi.com\/de\/produkt\/weekender-gruen\/","og_locale":"de_DE","og_type":"article","og_title":"Weekender Rainforest Green","og_description":"Die Premium Weekender von NORTVI in Gr\u00fcn. Nachhaltig, wasserabweisend und robust. Ideal f\u00fcr ein abenteuerliches Wochenende. Perfekt f\u00fcr Damen und Herren","og_url":"https:\/\/nortvi.com\/de\/produkt\/weekender-gruen\/","og_site_name":"NORTVI","article_modified_time":"2026-03-16T14:06:14+00:00","og_image":[{"width":3840,"height":3840,"url":"https:\/\/nortvi.com\/wp-content\/uploads\/2021\/09\/weekender-rainforest-green-voorkant-2-1-blur-scaled.jpg","type":"image\/jpeg"}],"twitter_card":"summary_large_image","twitter_misc":{"Preis":"&euro;149.00","Verf\u00fcgbarkeit":"Auf Lager"},"schema":{"@context":"https:\/\/schema.org","@graph":[{"@type":"WebPage","@id":"https:\/\/nortvi.com\/de\/produkt\/weekender-gruen\/","url":"https:\/\/nortvi.com\/de\/produkt\/weekender-gruen\/","name":"Weekender Gr\u00fcn kaufen | F\u00fcr Damen und Herren","isPartOf":{"@id":"https:\/\/nortvi.com\/de\/#website"},"primaryImageOfPage":{"@id":"https:\/\/nortvi.com\/de\/produkt\/weekender-gruen\/#primaryimage"},"image":{"@id":"https:\/\/nortvi.com\/de\/produkt\/weekender-gruen\/#primaryimage"},"thumbnailUrl":"https:\/\/nortvi.com\/wp-content\/uploads\/2021\/09\/weekender-rainforest-green-voorkant-2-1-blur-scaled.jpg","datePublished":"2021-11-23T14:06:59+00:00","dateModified":"2026-03-16T14:06:14+00:00","description":"Die Premium Weekender von NORTVI in Gr\u00fcn. Nachhaltig, wasserabweisend und robust. Ideal f\u00fcr ein abenteuerliches Wochenende. Perfekt f\u00fcr Damen und Herren","breadcrumb":{"@id":"https:\/\/nortvi.com\/de\/produkt\/weekender-gruen\/#breadcrumb"},"inLanguage":"de","potentialAction":[{"@type":"ReadAction","target":["https:\/\/nortvi.com\/de\/produkt\/weekender-gruen\/"]}]},{"@type":"ImageObject","inLanguage":"de","@id":"https:\/\/nortvi.com\/de\/produkt\/weekender-gruen\/#primaryimage","url":"https:\/\/nortvi.com\/wp-content\/uploads\/2021\/09\/weekender-rainforest-green-voorkant-2-1-blur-scaled.jpg","contentUrl":"https:\/\/nortvi.com\/wp-content\/uploads\/2021\/09\/weekender-rainforest-green-voorkant-2-1-blur-scaled.jpg","width":3840,"height":3840},{"@type":"BreadcrumbList","@id":"https:\/\/nortvi.com\/de\/produkt\/weekender-gruen\/#breadcrumb","itemListElement":[{"@type":"ListItem","position":1,"name":"Home","item":"https:\/\/nortvi.com\/de\/"},{"@type":"ListItem","position":2,"name":"Shop","item":"https:\/\/nortvi.com\/de\/shop\/"},{"@type":"ListItem","position":3,"name":"Taschen","item":"https:\/\/nortvi.com\/de\/taschen\/"},{"@type":"ListItem","position":4,"name":"Weekender","item":"https:\/\/nortvi.com\/de\/taschen\/weekender-de\/"},{"@type":"ListItem","position":5,"name":"Weekender Rainforest Green"}]},{"@type":"WebSite","@id":"https:\/\/nortvi.com\/de\/#website","url":"https:\/\/nortvi.com\/de\/","name":"NORTVI","description":"Sustainable travel gear","publisher":{"@id":"https:\/\/nortvi.com\/de\/#organization"},"potentialAction":[{"@type":"SearchAction","target":{"@type":"EntryPoint","urlTemplate":"https:\/\/nortvi.com\/de\/?s={search_term_string}"},"query-input":{"@type":"PropertyValueSpecification","valueRequired":true,"valueName":"search_term_string"}}],"inLanguage":"de"},{"@type":"Organization","@id":"https:\/\/nortvi.com\/de\/#organization","name":"NORTVI","url":"https:\/\/nortvi.com\/de\/","logo":{"@type":"ImageObject","inLanguage":"de","@id":"https:\/\/nortvi.com\/de\/#\/schema\/logo\/image\/","url":"https:\/\/nortvi.com\/wp-content\/uploads\/2023\/09\/cropped-logo-footer.png","contentUrl":"https:\/\/nortvi.com\/wp-content\/uploads\/2023\/09\/cropped-logo-footer.png","width":300,"height":46,"caption":"NORTVI"},"image":{"@id":"https:\/\/nortvi.com\/de\/#\/schema\/logo\/image\/"},"sameAs":["https:\/\/www.instagram.com\/nortvi\/"]}]},"product_price_amount":"149.00","product_price_currency":"EUR","og_availability":"instock","product_availability":"instock","product_retailer_item_id":"8720165662579","product_condition":"new"},"_links":{"self":[{"href":"https:\/\/nortvi.com\/de\/wp-json\/wp\/v2\/product\/48840","targetHints":{"allow":["GET"]}}],"collection":[{"href":"https:\/\/nortvi.com\/de\/wp-json\/wp\/v2\/product"}],"about":[{"href":"https:\/\/nortvi.com\/de\/wp-json\/wp\/v2\/types\/product"}],"version-history":[{"count":0,"href":"https:\/\/nortvi.com\/de\/wp-json\/wp\/v2\/product\/48840\/revisions"}],"wp:featuredmedia":[{"embeddable":true,"href":"https:\/\/nortvi.com\/de\/wp-json\/wp\/v2\/media\/345702"}],"wp:attachment":[{"href":"https:\/\/nortvi.com\/de\/wp-json\/wp\/v2\/media?parent=48840"}],"wp:term":[{"taxonomy":"product_brand","embeddable":true,"href":"https:\/\/nortvi.com\/de\/wp-json\/wp\/v2\/product_brand?post=48840"},{"taxonomy":"product_cat","embeddable":true,"href":"https:\/\/nortvi.com\/de\/wp-json\/wp\/v2\/product_cat?post=48840"},{"taxonomy":"product_tag","embeddable":true,"href":"https:\/\/nortvi.com\/de\/wp-json\/wp\/v2\/product_tag?post=48840"}],"curies":[{"name":"wp","href":"https:\/\/api.w.org\/{rel}","templated":true}]}}