{"id":368516,"date":"2026-03-11T15:54:37","date_gmt":"2026-03-11T14:54:37","guid":{"rendered":"https:\/\/nortvi.com\/?post_type=product&#038;p=368516"},"modified":"2026-04-01T11:55:56","modified_gmt":"2026-04-01T09:55:56","slug":"cabin-s-rainforest-green","status":"publish","type":"product","link":"https:\/\/nortvi.com\/de\/produkt\/cabin-s-rainforest-green\/","title":{"rendered":"Cabin S Rainforest Green"},"content":{"rendered":"\n<p>Unser kompaktester und leichtester Koffer. Der Cabin S besteht aus unserem charakteristischen Polycarbonat mit spezieller, kratzfester NORTVI-Oberfl\u00e4che, einem leichten, bruchfesten Material in Raumfahrtqualit\u00e4t. Der Koffer ist mit unseren Silent Run Rollen ausgestattet, die \u00fcberragende Beweglichkeit bei vollst\u00e4ndiger Ger\u00e4uschlosigkeit bieten. Unser preisgekr\u00f6nter Cabin S Koffer, ausgezeichnet von Vogue als \u201eSuitcase of the Year\u201c und Gewinner des Red Dot Design Awards, bietet 35 Liter Packvolumen und den gr\u00f6\u00dften Innenraum seiner Klasse. Das luxuri\u00f6se Innenleben sorgt f\u00fcr ein perfekt ausbalanciertes Packen mit zahlreichen zus\u00e4tzlichen F\u00e4chern.<\/p>\n\n\n\n<p><\/p>\n","protected":false},"excerpt":{"rendered":"<p>Unser kompaktester und leichtester Koffer. Der Cabin S besteht aus unserem charakteristischen Polycarbonat mit spezieller, kratzfester NORTVI-Oberfl\u00e4che, einem leichten, bruchfesten Material in Raumfahrtqualit\u00e4t. Der Koffer ist mit unseren Silent Run Rollen ausgestattet, die \u00fcberragende Beweglichkeit bei vollst\u00e4ndiger Ger\u00e4uschlosigkeit bieten. Unser preisgekr\u00f6nter Cabin S Koffer, ausgezeichnet von Vogue als \u201eSuitcase of the Year\u201c und Gewinner des Red Dot Design Awards, bietet 35 Liter Packvolumen und den gr\u00f6\u00dften Innenraum seiner Klasse. Das luxuri\u00f6se Innenleben sorgt f\u00fcr ein perfekt ausbalanciertes Packen mit zahlreichen zus\u00e4tzlichen F\u00e4chern.<\/p>\n","protected":false},"featured_media":368550,"template":"","meta":{"_acf_changed":false,"footnotes":""},"product_brand":[],"product_cat":[423],"product_tag":[],"class_list":{"0":"post-368516","1":"product","2":"type-product","3":"status-publish","4":"has-post-thumbnail","6":"product_cat-cabin-s","8":"first","9":"instock","10":"taxable","11":"shipping-taxable","12":"purchasable","13":"product-type-simple"},"composite_virtual":false,"composite_layout":"","composite_add_to_cart_form_location":"","composite_editable_in_cart":false,"composite_sold_individually_context":"","composite_shop_price_calc":"","composite_components":[],"composite_scenarios":[],"acf":[],"yoast_head":"<!-- This site is optimized with the Yoast SEO Premium plugin v27.1 (Yoast SEO v27.3) - https:\/\/yoast.com\/product\/yoast-seo-premium-wordpress\/ -->\n<title>Cabin S Rainforest Green - NORTVI<\/title>\n<meta name=\"robots\" content=\"index, follow, max-snippet:-1, max-image-preview:large, max-video-preview:-1\" \/>\n<link rel=\"canonical\" href=\"https:\/\/nortvi.com\/de\/produkt\/cabin-s-rainforest-green\/\" \/>\n<meta property=\"og:locale\" content=\"de_DE\" \/>\n<meta property=\"og:type\" content=\"article\" \/>\n<meta property=\"og:title\" content=\"Cabin S Rainforest Green\" \/>\n<meta property=\"og:description\" content=\"Unser kompaktester und leichtester Koffer. Der Cabin S besteht aus unserem charakteristischen Polycarbonat mit spezieller, kratzfester NORTVI-Oberfl\u00e4che, einem leichten, bruchfesten Material in Raumfahrtqualit\u00e4t. Der Koffer ist mit unseren Silent Run Rollen ausgestattet, die \u00fcberragende Beweglichkeit bei vollst\u00e4ndiger Ger\u00e4uschlosigkeit bieten. Unser preisgekr\u00f6nter Cabin S Koffer, ausgezeichnet von Vogue als \u201eSuitcase of the Year\u201c und Gewinner des Red Dot Design Awards, bietet 35 Liter Packvolumen und den gr\u00f6\u00dften Innenraum seiner Klasse. Das luxuri\u00f6se Innenleben sorgt f\u00fcr ein perfekt ausbalanciertes Packen mit zahlreichen zus\u00e4tzlichen F\u00e4chern.\" \/>\n<meta property=\"og:url\" content=\"https:\/\/nortvi.com\/de\/produkt\/cabin-s-rainforest-green\/\" \/>\n<meta property=\"og:site_name\" content=\"NORTVI\" \/>\n<meta property=\"article:modified_time\" content=\"2026-04-01T09:55:56+00:00\" \/>\n<meta property=\"og:image\" content=\"https:\/\/nortvi.com\/wp-content\/uploads\/2026\/03\/essential_s_midnight_green_voorkant_4098-1-scaled.jpg\" \/>\n\t<meta property=\"og:image:width\" content=\"3840\" \/>\n\t<meta property=\"og:image:height\" content=\"3840\" \/>\n\t<meta property=\"og:image:type\" content=\"image\/jpeg\" \/>\n<meta name=\"twitter:card\" content=\"summary_large_image\" \/>\n<meta name=\"twitter:label1\" content=\"Preis\" \/>\n\t<meta name=\"twitter:data1\" content=\"&#036;249,00\" \/>\n\t<meta name=\"twitter:label2\" content=\"Verf\u00fcgbarkeit\" \/>\n\t<meta name=\"twitter:data2\" content=\"Auf Lager\" \/>\n<script type=\"application\/ld+json\" class=\"yoast-schema-graph\">{\"@context\":\"https:\\\/\\\/schema.org\",\"@graph\":[{\"@type\":\"WebPage\",\"@id\":\"https:\\\/\\\/nortvi.com\\\/de\\\/produkt\\\/cabin-s-rainforest-green\\\/\",\"url\":\"https:\\\/\\\/nortvi.com\\\/de\\\/produkt\\\/cabin-s-rainforest-green\\\/\",\"name\":\"Cabin S Rainforest Green - NORTVI\",\"isPartOf\":{\"@id\":\"https:\\\/\\\/nortvi.com\\\/de\\\/#website\"},\"primaryImageOfPage\":{\"@id\":\"https:\\\/\\\/nortvi.com\\\/de\\\/produkt\\\/cabin-s-rainforest-green\\\/#primaryimage\"},\"image\":{\"@id\":\"https:\\\/\\\/nortvi.com\\\/de\\\/produkt\\\/cabin-s-rainforest-green\\\/#primaryimage\"},\"thumbnailUrl\":\"https:\\\/\\\/nortvi.com\\\/wp-content\\\/uploads\\\/2026\\\/03\\\/essential_s_midnight_green_voorkant_4098-1-scaled.jpg\",\"datePublished\":\"2026-03-11T14:54:37+00:00\",\"dateModified\":\"2026-04-01T09:55:56+00:00\",\"breadcrumb\":{\"@id\":\"https:\\\/\\\/nortvi.com\\\/de\\\/produkt\\\/cabin-s-rainforest-green\\\/#breadcrumb\"},\"inLanguage\":\"de\",\"potentialAction\":[{\"@type\":\"ReadAction\",\"target\":[\"https:\\\/\\\/nortvi.com\\\/de\\\/produkt\\\/cabin-s-rainforest-green\\\/\"]}]},{\"@type\":\"ImageObject\",\"inLanguage\":\"de\",\"@id\":\"https:\\\/\\\/nortvi.com\\\/de\\\/produkt\\\/cabin-s-rainforest-green\\\/#primaryimage\",\"url\":\"https:\\\/\\\/nortvi.com\\\/wp-content\\\/uploads\\\/2026\\\/03\\\/essential_s_midnight_green_voorkant_4098-1-scaled.jpg\",\"contentUrl\":\"https:\\\/\\\/nortvi.com\\\/wp-content\\\/uploads\\\/2026\\\/03\\\/essential_s_midnight_green_voorkant_4098-1-scaled.jpg\",\"width\":3840,\"height\":3840},{\"@type\":\"BreadcrumbList\",\"@id\":\"https:\\\/\\\/nortvi.com\\\/de\\\/produkt\\\/cabin-s-rainforest-green\\\/#breadcrumb\",\"itemListElement\":[{\"@type\":\"ListItem\",\"position\":1,\"name\":\"Home\",\"item\":\"https:\\\/\\\/nortvi.com\\\/de\\\/\"},{\"@type\":\"ListItem\",\"position\":2,\"name\":\"Shop\",\"item\":\"https:\\\/\\\/nortvi.com\\\/de\\\/shop\\\/\"},{\"@type\":\"ListItem\",\"position\":3,\"name\":\"Handgep\u00e4ckkoffer\",\"item\":\"https:\\\/\\\/nortvi.com\\\/de\\\/cabin-luggage-de\\\/\"},{\"@type\":\"ListItem\",\"position\":4,\"name\":\"Cabin S\",\"item\":\"https:\\\/\\\/nortvi.com\\\/de\\\/cabin-luggage-de\\\/cabin-s\\\/\"},{\"@type\":\"ListItem\",\"position\":5,\"name\":\"Cabin S Rainforest Green\"}]},{\"@type\":\"WebSite\",\"@id\":\"https:\\\/\\\/nortvi.com\\\/de\\\/#website\",\"url\":\"https:\\\/\\\/nortvi.com\\\/de\\\/\",\"name\":\"NORTVI\",\"description\":\"Sustainable travel gear\",\"publisher\":{\"@id\":\"https:\\\/\\\/nortvi.com\\\/de\\\/#organization\"},\"potentialAction\":[{\"@type\":\"SearchAction\",\"target\":{\"@type\":\"EntryPoint\",\"urlTemplate\":\"https:\\\/\\\/nortvi.com\\\/de\\\/?s={search_term_string}\"},\"query-input\":{\"@type\":\"PropertyValueSpecification\",\"valueRequired\":true,\"valueName\":\"search_term_string\"}}],\"inLanguage\":\"de\"},{\"@type\":\"Organization\",\"@id\":\"https:\\\/\\\/nortvi.com\\\/de\\\/#organization\",\"name\":\"NORTVI\",\"url\":\"https:\\\/\\\/nortvi.com\\\/de\\\/\",\"logo\":{\"@type\":\"ImageObject\",\"inLanguage\":\"de\",\"@id\":\"https:\\\/\\\/nortvi.com\\\/de\\\/#\\\/schema\\\/logo\\\/image\\\/\",\"url\":\"https:\\\/\\\/nortvi.com\\\/wp-content\\\/uploads\\\/2023\\\/09\\\/cropped-logo-footer.png\",\"contentUrl\":\"https:\\\/\\\/nortvi.com\\\/wp-content\\\/uploads\\\/2023\\\/09\\\/cropped-logo-footer.png\",\"width\":300,\"height\":46,\"caption\":\"NORTVI\"},\"image\":{\"@id\":\"https:\\\/\\\/nortvi.com\\\/de\\\/#\\\/schema\\\/logo\\\/image\\\/\"},\"sameAs\":[\"https:\\\/\\\/www.instagram.com\\\/nortvi\\\/\"]}]}<\/script>\n<meta property=\"product:price:amount\" content=\"249.00\" \/>\n<meta property=\"product:price:currency\" content=\"USD\" \/>\n<meta property=\"og:availability\" content=\"instock\" \/>\n<meta property=\"product:availability\" content=\"instock\" \/>\n<meta property=\"product:retailer_item_id\" content=\"8720618379924\" \/>\n<meta property=\"product:condition\" content=\"new\" \/>\n<!-- \/ Yoast SEO Premium plugin. -->","yoast_head_json":{"title":"Cabin S Rainforest Green - NORTVI","robots":{"index":"index","follow":"follow","max-snippet":"max-snippet:-1","max-image-preview":"max-image-preview:large","max-video-preview":"max-video-preview:-1"},"canonical":"https:\/\/nortvi.com\/de\/produkt\/cabin-s-rainforest-green\/","og_locale":"de_DE","og_type":"article","og_title":"Cabin S Rainforest Green","og_description":"Unser kompaktester und leichtester Koffer. Der Cabin S besteht aus unserem charakteristischen Polycarbonat mit spezieller, kratzfester NORTVI-Oberfl\u00e4che, einem leichten, bruchfesten Material in Raumfahrtqualit\u00e4t. Der Koffer ist mit unseren Silent Run Rollen ausgestattet, die \u00fcberragende Beweglichkeit bei vollst\u00e4ndiger Ger\u00e4uschlosigkeit bieten. Unser preisgekr\u00f6nter Cabin S Koffer, ausgezeichnet von Vogue als \u201eSuitcase of the Year\u201c und Gewinner des Red Dot Design Awards, bietet 35 Liter Packvolumen und den gr\u00f6\u00dften Innenraum seiner Klasse. Das luxuri\u00f6se Innenleben sorgt f\u00fcr ein perfekt ausbalanciertes Packen mit zahlreichen zus\u00e4tzlichen F\u00e4chern.","og_url":"https:\/\/nortvi.com\/de\/produkt\/cabin-s-rainforest-green\/","og_site_name":"NORTVI","article_modified_time":"2026-04-01T09:55:56+00:00","og_image":[{"width":3840,"height":3840,"url":"https:\/\/nortvi.com\/wp-content\/uploads\/2026\/03\/essential_s_midnight_green_voorkant_4098-1-scaled.jpg","type":"image\/jpeg"}],"twitter_card":"summary_large_image","twitter_misc":{"Preis":"&#36;249,00","Verf\u00fcgbarkeit":"Auf Lager"},"schema":{"@context":"https:\/\/schema.org","@graph":[{"@type":"WebPage","@id":"https:\/\/nortvi.com\/de\/produkt\/cabin-s-rainforest-green\/","url":"https:\/\/nortvi.com\/de\/produkt\/cabin-s-rainforest-green\/","name":"Cabin S Rainforest Green - NORTVI","isPartOf":{"@id":"https:\/\/nortvi.com\/de\/#website"},"primaryImageOfPage":{"@id":"https:\/\/nortvi.com\/de\/produkt\/cabin-s-rainforest-green\/#primaryimage"},"image":{"@id":"https:\/\/nortvi.com\/de\/produkt\/cabin-s-rainforest-green\/#primaryimage"},"thumbnailUrl":"https:\/\/nortvi.com\/wp-content\/uploads\/2026\/03\/essential_s_midnight_green_voorkant_4098-1-scaled.jpg","datePublished":"2026-03-11T14:54:37+00:00","dateModified":"2026-04-01T09:55:56+00:00","breadcrumb":{"@id":"https:\/\/nortvi.com\/de\/produkt\/cabin-s-rainforest-green\/#breadcrumb"},"inLanguage":"de","potentialAction":[{"@type":"ReadAction","target":["https:\/\/nortvi.com\/de\/produkt\/cabin-s-rainforest-green\/"]}]},{"@type":"ImageObject","inLanguage":"de","@id":"https:\/\/nortvi.com\/de\/produkt\/cabin-s-rainforest-green\/#primaryimage","url":"https:\/\/nortvi.com\/wp-content\/uploads\/2026\/03\/essential_s_midnight_green_voorkant_4098-1-scaled.jpg","contentUrl":"https:\/\/nortvi.com\/wp-content\/uploads\/2026\/03\/essential_s_midnight_green_voorkant_4098-1-scaled.jpg","width":3840,"height":3840},{"@type":"BreadcrumbList","@id":"https:\/\/nortvi.com\/de\/produkt\/cabin-s-rainforest-green\/#breadcrumb","itemListElement":[{"@type":"ListItem","position":1,"name":"Home","item":"https:\/\/nortvi.com\/de\/"},{"@type":"ListItem","position":2,"name":"Shop","item":"https:\/\/nortvi.com\/de\/shop\/"},{"@type":"ListItem","position":3,"name":"Handgep\u00e4ckkoffer","item":"https:\/\/nortvi.com\/de\/cabin-luggage-de\/"},{"@type":"ListItem","position":4,"name":"Cabin S","item":"https:\/\/nortvi.com\/de\/cabin-luggage-de\/cabin-s\/"},{"@type":"ListItem","position":5,"name":"Cabin S Rainforest Green"}]},{"@type":"WebSite","@id":"https:\/\/nortvi.com\/de\/#website","url":"https:\/\/nortvi.com\/de\/","name":"NORTVI","description":"Sustainable travel gear","publisher":{"@id":"https:\/\/nortvi.com\/de\/#organization"},"potentialAction":[{"@type":"SearchAction","target":{"@type":"EntryPoint","urlTemplate":"https:\/\/nortvi.com\/de\/?s={search_term_string}"},"query-input":{"@type":"PropertyValueSpecification","valueRequired":true,"valueName":"search_term_string"}}],"inLanguage":"de"},{"@type":"Organization","@id":"https:\/\/nortvi.com\/de\/#organization","name":"NORTVI","url":"https:\/\/nortvi.com\/de\/","logo":{"@type":"ImageObject","inLanguage":"de","@id":"https:\/\/nortvi.com\/de\/#\/schema\/logo\/image\/","url":"https:\/\/nortvi.com\/wp-content\/uploads\/2023\/09\/cropped-logo-footer.png","contentUrl":"https:\/\/nortvi.com\/wp-content\/uploads\/2023\/09\/cropped-logo-footer.png","width":300,"height":46,"caption":"NORTVI"},"image":{"@id":"https:\/\/nortvi.com\/de\/#\/schema\/logo\/image\/"},"sameAs":["https:\/\/www.instagram.com\/nortvi\/"]}]},"product_price_amount":"249.00","product_price_currency":"USD","og_availability":"instock","product_availability":"instock","product_retailer_item_id":"8720618379924","product_condition":"new"},"_links":{"self":[{"href":"https:\/\/nortvi.com\/de\/wp-json\/wp\/v2\/product\/368516","targetHints":{"allow":["GET"]}}],"collection":[{"href":"https:\/\/nortvi.com\/de\/wp-json\/wp\/v2\/product"}],"about":[{"href":"https:\/\/nortvi.com\/de\/wp-json\/wp\/v2\/types\/product"}],"version-history":[{"count":0,"href":"https:\/\/nortvi.com\/de\/wp-json\/wp\/v2\/product\/368516\/revisions"}],"wp:featuredmedia":[{"embeddable":true,"href":"https:\/\/nortvi.com\/de\/wp-json\/wp\/v2\/media\/368550"}],"wp:attachment":[{"href":"https:\/\/nortvi.com\/de\/wp-json\/wp\/v2\/media?parent=368516"}],"wp:term":[{"taxonomy":"product_brand","embeddable":true,"href":"https:\/\/nortvi.com\/de\/wp-json\/wp\/v2\/product_brand?post=368516"},{"taxonomy":"product_cat","embeddable":true,"href":"https:\/\/nortvi.com\/de\/wp-json\/wp\/v2\/product_cat?post=368516"},{"taxonomy":"product_tag","embeddable":true,"href":"https:\/\/nortvi.com\/de\/wp-json\/wp\/v2\/product_tag?post=368516"}],"curies":[{"name":"wp","href":"https:\/\/api.w.org\/{rel}","templated":true}]}}