{"id":364802,"date":"2026-02-11T10:37:17","date_gmt":"2026-02-11T10:33:36","guid":{"rendered":"https:\/\/nortvi.com\/?post_type=product&#038;p=364802"},"modified":"2026-03-16T11:59:31","modified_gmt":"2026-03-16T10:59:31","slug":"aluminium-black","status":"publish","type":"product","link":"https:\/\/nortvi.com\/de\/produkt\/aluminium-black\/","title":{"rendered":"Aluminium Black"},"content":{"rendered":"","protected":false},"excerpt":{"rendered":"<p>Entdecken Sie unseren Aluminiumkoffer der Spitzenklasse. Ein Ausdruck reiner Handwerkskunst. Gefertigt aus unserem hochwertigen Aluminium, vereint er au\u00dfergew\u00f6hnliche Stabilit\u00e4t mit einer edlen, luxuri\u00f6sen Optik. Ausgestattet mit unseren Silent Wheels der n\u00e4chsten Generation mit Kugellagern, gleitet er besonders sanft und reduziert Ger\u00e4usche um \u00fcber 20 %. Slow-Return-Teleskopgriffe oben und seitlich sorgen f\u00fcr maximalen Tragekomfort, w\u00e4hrend zwei TSA-zugelassene Schnappschl\u00f6sser Sicherheit und reibungslose Sicherheitskontrollen erm\u00f6glichen. Im Inneren erleichtert ein integriertes Kompressionspad das Packen und h\u00e4lt alles sicher und ordentlich an seinem Platz.<\/p>\n","protected":false},"featured_media":367644,"template":"","meta":{"_acf_changed":false,"footnotes":""},"product_brand":[],"product_cat":[419],"product_tag":[],"class_list":{"0":"post-364802","1":"product","2":"type-product","3":"status-publish","4":"has-post-thumbnail","6":"product_cat-aluminium-de","8":"first","9":"instock","10":"taxable","11":"shipping-taxable","12":"purchasable","13":"product-type-simple"},"composite_virtual":false,"composite_layout":"","composite_add_to_cart_form_location":"","composite_editable_in_cart":false,"composite_sold_individually_context":"","composite_shop_price_calc":"","composite_components":[],"composite_scenarios":[],"acf":[],"yoast_head":"<!-- This site is optimized with the Yoast SEO Premium plugin v27.1 (Yoast SEO v27.3) - https:\/\/yoast.com\/product\/yoast-seo-premium-wordpress\/ -->\n<title>Aluminium Black - NORTVI<\/title>\n<meta name=\"robots\" content=\"index, follow, max-snippet:-1, max-image-preview:large, max-video-preview:-1\" \/>\n<link rel=\"canonical\" href=\"https:\/\/nortvi.com\/de\/produkt\/aluminium-black\/\" \/>\n<meta property=\"og:locale\" content=\"de_DE\" \/>\n<meta property=\"og:type\" content=\"article\" \/>\n<meta property=\"og:title\" content=\"Aluminium Black\" \/>\n<meta property=\"og:description\" content=\"Entdecken Sie unseren Aluminiumkoffer der Spitzenklasse. Ein Ausdruck reiner Handwerkskunst. Gefertigt aus unserem hochwertigen Aluminium, vereint er au\u00dfergew\u00f6hnliche Stabilit\u00e4t mit einer edlen, luxuri\u00f6sen Optik. Ausgestattet mit unseren Silent Wheels der n\u00e4chsten Generation mit Kugellagern, gleitet er besonders sanft und reduziert Ger\u00e4usche um \u00fcber 20 %. Slow-Return-Teleskopgriffe oben und seitlich sorgen f\u00fcr maximalen Tragekomfort, w\u00e4hrend zwei TSA-zugelassene Schnappschl\u00f6sser Sicherheit und reibungslose Sicherheitskontrollen erm\u00f6glichen. Im Inneren erleichtert ein integriertes Kompressionspad das Packen und h\u00e4lt alles sicher und ordentlich an seinem Platz.\" \/>\n<meta property=\"og:url\" content=\"https:\/\/nortvi.com\/de\/produkt\/aluminium-black\/\" \/>\n<meta property=\"og:site_name\" content=\"NORTVI\" \/>\n<meta property=\"article:modified_time\" content=\"2026-03-16T10:59:31+00:00\" \/>\n<meta property=\"og:image\" content=\"https:\/\/nortvi.com\/wp-content\/uploads\/2026\/02\/030326_aluminium_midnight_black_voorkant_newwheels-kopie.jpg\" \/>\n\t<meta property=\"og:image:width\" content=\"2048\" \/>\n\t<meta property=\"og:image:height\" content=\"2048\" \/>\n\t<meta property=\"og:image:type\" content=\"image\/jpeg\" \/>\n<meta name=\"twitter:card\" content=\"summary_large_image\" \/>\n<meta name=\"twitter:label1\" content=\"Preis\" \/>\n\t<meta name=\"twitter:data1\" content=\"&euro;499.00\" \/>\n\t<meta name=\"twitter:label2\" content=\"Verf\u00fcgbarkeit\" \/>\n\t<meta name=\"twitter:data2\" content=\"Auf Lager\" \/>\n<script type=\"application\/ld+json\" class=\"yoast-schema-graph\">{\"@context\":\"https:\\\/\\\/schema.org\",\"@graph\":[{\"@type\":\"WebPage\",\"@id\":\"https:\\\/\\\/nortvi.com\\\/de\\\/produkt\\\/aluminium-black\\\/\",\"url\":\"https:\\\/\\\/nortvi.com\\\/de\\\/produkt\\\/aluminium-black\\\/\",\"name\":\"Aluminium Black - NORTVI\",\"isPartOf\":{\"@id\":\"https:\\\/\\\/nortvi.com\\\/de\\\/#website\"},\"primaryImageOfPage\":{\"@id\":\"https:\\\/\\\/nortvi.com\\\/de\\\/produkt\\\/aluminium-black\\\/#primaryimage\"},\"image\":{\"@id\":\"https:\\\/\\\/nortvi.com\\\/de\\\/produkt\\\/aluminium-black\\\/#primaryimage\"},\"thumbnailUrl\":\"https:\\\/\\\/nortvi.com\\\/wp-content\\\/uploads\\\/2026\\\/02\\\/030326_aluminium_midnight_black_voorkant_newwheels-kopie.jpg\",\"datePublished\":\"2026-02-11T10:33:36+00:00\",\"dateModified\":\"2026-03-16T10:59:31+00:00\",\"breadcrumb\":{\"@id\":\"https:\\\/\\\/nortvi.com\\\/de\\\/produkt\\\/aluminium-black\\\/#breadcrumb\"},\"inLanguage\":\"de\",\"potentialAction\":[{\"@type\":\"ReadAction\",\"target\":[\"https:\\\/\\\/nortvi.com\\\/de\\\/produkt\\\/aluminium-black\\\/\"]}]},{\"@type\":\"ImageObject\",\"inLanguage\":\"de\",\"@id\":\"https:\\\/\\\/nortvi.com\\\/de\\\/produkt\\\/aluminium-black\\\/#primaryimage\",\"url\":\"https:\\\/\\\/nortvi.com\\\/wp-content\\\/uploads\\\/2026\\\/02\\\/030326_aluminium_midnight_black_voorkant_newwheels-kopie.jpg\",\"contentUrl\":\"https:\\\/\\\/nortvi.com\\\/wp-content\\\/uploads\\\/2026\\\/02\\\/030326_aluminium_midnight_black_voorkant_newwheels-kopie.jpg\",\"width\":2048,\"height\":2048},{\"@type\":\"BreadcrumbList\",\"@id\":\"https:\\\/\\\/nortvi.com\\\/de\\\/produkt\\\/aluminium-black\\\/#breadcrumb\",\"itemListElement\":[{\"@type\":\"ListItem\",\"position\":1,\"name\":\"Home\",\"item\":\"https:\\\/\\\/nortvi.com\\\/de\\\/\"},{\"@type\":\"ListItem\",\"position\":2,\"name\":\"Shop\",\"item\":\"https:\\\/\\\/nortvi.com\\\/de\\\/shop\\\/\"},{\"@type\":\"ListItem\",\"position\":3,\"name\":\"Handgep\u00e4ckkoffer\",\"item\":\"https:\\\/\\\/nortvi.com\\\/de\\\/cabin-luggage-de\\\/\"},{\"@type\":\"ListItem\",\"position\":4,\"name\":\"Aluminium\",\"item\":\"https:\\\/\\\/nortvi.com\\\/de\\\/cabin-luggage-de\\\/aluminium-de\\\/\"},{\"@type\":\"ListItem\",\"position\":5,\"name\":\"Aluminium Black\"}]},{\"@type\":\"WebSite\",\"@id\":\"https:\\\/\\\/nortvi.com\\\/de\\\/#website\",\"url\":\"https:\\\/\\\/nortvi.com\\\/de\\\/\",\"name\":\"NORTVI\",\"description\":\"Sustainable travel gear\",\"publisher\":{\"@id\":\"https:\\\/\\\/nortvi.com\\\/de\\\/#organization\"},\"potentialAction\":[{\"@type\":\"SearchAction\",\"target\":{\"@type\":\"EntryPoint\",\"urlTemplate\":\"https:\\\/\\\/nortvi.com\\\/de\\\/?s={search_term_string}\"},\"query-input\":{\"@type\":\"PropertyValueSpecification\",\"valueRequired\":true,\"valueName\":\"search_term_string\"}}],\"inLanguage\":\"de\"},{\"@type\":\"Organization\",\"@id\":\"https:\\\/\\\/nortvi.com\\\/de\\\/#organization\",\"name\":\"NORTVI\",\"url\":\"https:\\\/\\\/nortvi.com\\\/de\\\/\",\"logo\":{\"@type\":\"ImageObject\",\"inLanguage\":\"de\",\"@id\":\"https:\\\/\\\/nortvi.com\\\/de\\\/#\\\/schema\\\/logo\\\/image\\\/\",\"url\":\"https:\\\/\\\/nortvi.com\\\/wp-content\\\/uploads\\\/2023\\\/09\\\/cropped-logo-footer.png\",\"contentUrl\":\"https:\\\/\\\/nortvi.com\\\/wp-content\\\/uploads\\\/2023\\\/09\\\/cropped-logo-footer.png\",\"width\":300,\"height\":46,\"caption\":\"NORTVI\"},\"image\":{\"@id\":\"https:\\\/\\\/nortvi.com\\\/de\\\/#\\\/schema\\\/logo\\\/image\\\/\"},\"sameAs\":[\"https:\\\/\\\/www.instagram.com\\\/nortvi\\\/\"]}]}<\/script>\n<meta property=\"product:price:amount\" content=\"499.00\" \/>\n<meta property=\"product:price:currency\" content=\"EUR\" \/>\n<meta property=\"og:availability\" content=\"instock\" \/>\n<meta property=\"product:availability\" content=\"instock\" \/>\n<meta property=\"product:retailer_item_id\" content=\"8720618379986\" \/>\n<meta property=\"product:condition\" content=\"new\" \/>\n<!-- \/ Yoast SEO Premium plugin. -->","yoast_head_json":{"title":"Aluminium Black - NORTVI","robots":{"index":"index","follow":"follow","max-snippet":"max-snippet:-1","max-image-preview":"max-image-preview:large","max-video-preview":"max-video-preview:-1"},"canonical":"https:\/\/nortvi.com\/de\/produkt\/aluminium-black\/","og_locale":"de_DE","og_type":"article","og_title":"Aluminium Black","og_description":"Entdecken Sie unseren Aluminiumkoffer der Spitzenklasse. Ein Ausdruck reiner Handwerkskunst. Gefertigt aus unserem hochwertigen Aluminium, vereint er au\u00dfergew\u00f6hnliche Stabilit\u00e4t mit einer edlen, luxuri\u00f6sen Optik. Ausgestattet mit unseren Silent Wheels der n\u00e4chsten Generation mit Kugellagern, gleitet er besonders sanft und reduziert Ger\u00e4usche um \u00fcber 20 %. Slow-Return-Teleskopgriffe oben und seitlich sorgen f\u00fcr maximalen Tragekomfort, w\u00e4hrend zwei TSA-zugelassene Schnappschl\u00f6sser Sicherheit und reibungslose Sicherheitskontrollen erm\u00f6glichen. Im Inneren erleichtert ein integriertes Kompressionspad das Packen und h\u00e4lt alles sicher und ordentlich an seinem Platz.","og_url":"https:\/\/nortvi.com\/de\/produkt\/aluminium-black\/","og_site_name":"NORTVI","article_modified_time":"2026-03-16T10:59:31+00:00","og_image":[{"width":2048,"height":2048,"url":"https:\/\/nortvi.com\/wp-content\/uploads\/2026\/02\/030326_aluminium_midnight_black_voorkant_newwheels-kopie.jpg","type":"image\/jpeg"}],"twitter_card":"summary_large_image","twitter_misc":{"Preis":"&euro;499.00","Verf\u00fcgbarkeit":"Auf Lager"},"schema":{"@context":"https:\/\/schema.org","@graph":[{"@type":"WebPage","@id":"https:\/\/nortvi.com\/de\/produkt\/aluminium-black\/","url":"https:\/\/nortvi.com\/de\/produkt\/aluminium-black\/","name":"Aluminium Black - NORTVI","isPartOf":{"@id":"https:\/\/nortvi.com\/de\/#website"},"primaryImageOfPage":{"@id":"https:\/\/nortvi.com\/de\/produkt\/aluminium-black\/#primaryimage"},"image":{"@id":"https:\/\/nortvi.com\/de\/produkt\/aluminium-black\/#primaryimage"},"thumbnailUrl":"https:\/\/nortvi.com\/wp-content\/uploads\/2026\/02\/030326_aluminium_midnight_black_voorkant_newwheels-kopie.jpg","datePublished":"2026-02-11T10:33:36+00:00","dateModified":"2026-03-16T10:59:31+00:00","breadcrumb":{"@id":"https:\/\/nortvi.com\/de\/produkt\/aluminium-black\/#breadcrumb"},"inLanguage":"de","potentialAction":[{"@type":"ReadAction","target":["https:\/\/nortvi.com\/de\/produkt\/aluminium-black\/"]}]},{"@type":"ImageObject","inLanguage":"de","@id":"https:\/\/nortvi.com\/de\/produkt\/aluminium-black\/#primaryimage","url":"https:\/\/nortvi.com\/wp-content\/uploads\/2026\/02\/030326_aluminium_midnight_black_voorkant_newwheels-kopie.jpg","contentUrl":"https:\/\/nortvi.com\/wp-content\/uploads\/2026\/02\/030326_aluminium_midnight_black_voorkant_newwheels-kopie.jpg","width":2048,"height":2048},{"@type":"BreadcrumbList","@id":"https:\/\/nortvi.com\/de\/produkt\/aluminium-black\/#breadcrumb","itemListElement":[{"@type":"ListItem","position":1,"name":"Home","item":"https:\/\/nortvi.com\/de\/"},{"@type":"ListItem","position":2,"name":"Shop","item":"https:\/\/nortvi.com\/de\/shop\/"},{"@type":"ListItem","position":3,"name":"Handgep\u00e4ckkoffer","item":"https:\/\/nortvi.com\/de\/cabin-luggage-de\/"},{"@type":"ListItem","position":4,"name":"Aluminium","item":"https:\/\/nortvi.com\/de\/cabin-luggage-de\/aluminium-de\/"},{"@type":"ListItem","position":5,"name":"Aluminium Black"}]},{"@type":"WebSite","@id":"https:\/\/nortvi.com\/de\/#website","url":"https:\/\/nortvi.com\/de\/","name":"NORTVI","description":"Sustainable travel gear","publisher":{"@id":"https:\/\/nortvi.com\/de\/#organization"},"potentialAction":[{"@type":"SearchAction","target":{"@type":"EntryPoint","urlTemplate":"https:\/\/nortvi.com\/de\/?s={search_term_string}"},"query-input":{"@type":"PropertyValueSpecification","valueRequired":true,"valueName":"search_term_string"}}],"inLanguage":"de"},{"@type":"Organization","@id":"https:\/\/nortvi.com\/de\/#organization","name":"NORTVI","url":"https:\/\/nortvi.com\/de\/","logo":{"@type":"ImageObject","inLanguage":"de","@id":"https:\/\/nortvi.com\/de\/#\/schema\/logo\/image\/","url":"https:\/\/nortvi.com\/wp-content\/uploads\/2023\/09\/cropped-logo-footer.png","contentUrl":"https:\/\/nortvi.com\/wp-content\/uploads\/2023\/09\/cropped-logo-footer.png","width":300,"height":46,"caption":"NORTVI"},"image":{"@id":"https:\/\/nortvi.com\/de\/#\/schema\/logo\/image\/"},"sameAs":["https:\/\/www.instagram.com\/nortvi\/"]}]},"product_price_amount":"499.00","product_price_currency":"EUR","og_availability":"instock","product_availability":"instock","product_retailer_item_id":"8720618379986","product_condition":"new"},"_links":{"self":[{"href":"https:\/\/nortvi.com\/de\/wp-json\/wp\/v2\/product\/364802","targetHints":{"allow":["GET"]}}],"collection":[{"href":"https:\/\/nortvi.com\/de\/wp-json\/wp\/v2\/product"}],"about":[{"href":"https:\/\/nortvi.com\/de\/wp-json\/wp\/v2\/types\/product"}],"version-history":[{"count":0,"href":"https:\/\/nortvi.com\/de\/wp-json\/wp\/v2\/product\/364802\/revisions"}],"wp:featuredmedia":[{"embeddable":true,"href":"https:\/\/nortvi.com\/de\/wp-json\/wp\/v2\/media\/367644"}],"wp:attachment":[{"href":"https:\/\/nortvi.com\/de\/wp-json\/wp\/v2\/media?parent=364802"}],"wp:term":[{"taxonomy":"product_brand","embeddable":true,"href":"https:\/\/nortvi.com\/de\/wp-json\/wp\/v2\/product_brand?post=364802"},{"taxonomy":"product_cat","embeddable":true,"href":"https:\/\/nortvi.com\/de\/wp-json\/wp\/v2\/product_cat?post=364802"},{"taxonomy":"product_tag","embeddable":true,"href":"https:\/\/nortvi.com\/de\/wp-json\/wp\/v2\/product_tag?post=364802"}],"curies":[{"name":"wp","href":"https:\/\/api.w.org\/{rel}","templated":true}]}}