{"id":357206,"date":"2025-12-03T15:17:41","date_gmt":"2025-12-03T14:23:51","guid":{"rendered":"https:\/\/nortvi.com\/?post_type=product&#038;p=357206"},"modified":"2026-03-16T14:32:46","modified_gmt":"2026-03-16T13:32:46","slug":"elite-midnight-black","status":"publish","type":"product","link":"https:\/\/nortvi.com\/de\/produkt\/elite-midnight-black\/","title":{"rendered":"Elite Midnight Black"},"content":{"rendered":"\n<p>Erleben Sie den Elite-Koffer. Als Premium-Version des ikonischen Front Pocket-Modells verk\u00f6rpert dieser Handgep\u00e4ckkoffer modernen Reisekomfort. Gefertigt aus hochwertigem Polycarbonat mit unserer charakteristischen, kratzfesten NORTVI-Oberfl\u00e4che, ist er leicht und gleichzeitig extrem robust. Unsere erstklassigen Silent Wheels mit Kugellager sorgen f\u00fcr ein besonders sanftes Rollgef\u00fchl und reduzieren Ger\u00e4usche um \u00fcber 20%, w\u00e4hrend obere und seitliche Griffe aus veganem Leder optimalen Tragekomfort garantieren. F\u00fcr zus\u00e4tzliche Sicherheit ist der Elite mit einem verbesserten, integrierten TSA-Schloss ausgestattet, das ein einfaches Abschlie\u00dfen und eine schnelle Sicherheitskontrolle am Flughafen erm\u00f6glicht. Innen optimieren ein elegantes schwarzes Futter und ein integriertes Kompressionsmodul die Packeffizienz und sorgen f\u00fcr perfekte Organisation Ihrer Reiseutensilien.<\/p>\n\n\n\n<p><\/p>\n","protected":false},"excerpt":{"rendered":"<p>Erleben Sie den Elite-Koffer. Als Premium-Version des ikonischen Front Pocket-Modells verk\u00f6rpert dieser Handgep\u00e4ckkoffer modernen Reisekomfort. Gefertigt aus hochwertigem Polycarbonat mit unserer charakteristischen, kratzfesten NORTVI-Oberfl\u00e4che, ist er leicht und gleichzeitig extrem robust. Unsere erstklassigen Silent Wheels mit Kugellager sorgen f\u00fcr ein besonders sanftes Rollgef\u00fchl und reduzieren Ger\u00e4usche um \u00fcber 20%, w\u00e4hrend obere und seitliche Griffe aus veganem Leder optimalen Tragekomfort garantieren. F\u00fcr zus\u00e4tzliche Sicherheit ist der Elite mit einem verbesserten, integrierten TSA-Schloss ausgestattet, das ein einfaches Abschlie\u00dfen und eine schnelle Sicherheitskontrolle am Flughafen erm\u00f6glicht. Innen optimieren ein elegantes schwarzes Futter und ein integriertes Kompressionsmodul die Packeffizienz und sorgen f\u00fcr perfekte Organisation Ihrer Reiseutensilien.<\/p>\n","protected":false},"featured_media":357319,"template":"","meta":{"_acf_changed":false,"footnotes":""},"product_brand":[],"product_cat":[415],"product_tag":[],"class_list":{"0":"post-357206","1":"product","2":"type-product","3":"status-publish","4":"has-post-thumbnail","6":"product_cat-elite-de","8":"first","9":"instock","10":"taxable","11":"shipping-taxable","12":"purchasable","13":"product-type-simple"},"composite_virtual":false,"composite_layout":"","composite_add_to_cart_form_location":"","composite_editable_in_cart":false,"composite_sold_individually_context":"","composite_shop_price_calc":"","composite_components":[],"composite_scenarios":[],"acf":[],"yoast_head":"<!-- This site is optimized with the Yoast SEO Premium plugin v27.1 (Yoast SEO v27.3) - https:\/\/yoast.com\/product\/yoast-seo-premium-wordpress\/ -->\n<title>Elite Kabinenkoffer | mit Fronttasche | Schwarz | Langlebig &amp; Hochwertig<\/title>\n<meta name=\"description\" content=\"Der Elite kombiniert hochwertiges, kratzfestes Polycarbonat mit au\u00dfergew\u00f6hnlicher Langlebigkeit und geringem Gewicht. Ein hochwertiger Handgep\u00e4ckkoffer f\u00fcr Reisende, die Wert auf Zuverl\u00e4ssigkeit und Design legen.\" \/>\n<meta name=\"robots\" content=\"index, follow, max-snippet:-1, max-image-preview:large, max-video-preview:-1\" \/>\n<link rel=\"canonical\" href=\"https:\/\/nortvi.com\/de\/produkt\/elite-midnight-black\/\" \/>\n<meta property=\"og:locale\" content=\"de_DE\" \/>\n<meta property=\"og:type\" content=\"article\" \/>\n<meta property=\"og:title\" content=\"Elite Midnight Black\" \/>\n<meta property=\"og:description\" content=\"Der Elite kombiniert hochwertiges, kratzfestes Polycarbonat mit au\u00dfergew\u00f6hnlicher Langlebigkeit und geringem Gewicht. Ein hochwertiger Handgep\u00e4ckkoffer f\u00fcr Reisende, die Wert auf Zuverl\u00e4ssigkeit und Design legen.\" \/>\n<meta property=\"og:url\" content=\"https:\/\/nortvi.com\/de\/produkt\/elite-midnight-black\/\" \/>\n<meta property=\"og:site_name\" content=\"NORTVI\" \/>\n<meta property=\"article:modified_time\" content=\"2026-03-16T13:32:46+00:00\" \/>\n<meta property=\"og:image\" content=\"https:\/\/nortvi.com\/wp-content\/uploads\/2025\/12\/front_pocket_leather_midnight_black_45-copy-scaled.jpg\" \/>\n\t<meta property=\"og:image:width\" content=\"3840\" \/>\n\t<meta property=\"og:image:height\" content=\"3840\" \/>\n\t<meta property=\"og:image:type\" content=\"image\/jpeg\" \/>\n<meta name=\"twitter:card\" content=\"summary_large_image\" \/>\n<meta name=\"twitter:label1\" content=\"Preis\" \/>\n\t<meta name=\"twitter:data1\" content=\"&euro;289.00\" \/>\n\t<meta name=\"twitter:label2\" content=\"Verf\u00fcgbarkeit\" \/>\n\t<meta name=\"twitter:data2\" content=\"Auf Lager\" \/>\n<script type=\"application\/ld+json\" class=\"yoast-schema-graph\">{\"@context\":\"https:\\\/\\\/schema.org\",\"@graph\":[{\"@type\":\"WebPage\",\"@id\":\"https:\\\/\\\/nortvi.com\\\/de\\\/produkt\\\/elite-midnight-black\\\/\",\"url\":\"https:\\\/\\\/nortvi.com\\\/de\\\/produkt\\\/elite-midnight-black\\\/\",\"name\":\"Elite Kabinenkoffer | mit Fronttasche | Schwarz | Langlebig & Hochwertig\",\"isPartOf\":{\"@id\":\"https:\\\/\\\/nortvi.com\\\/de\\\/#website\"},\"primaryImageOfPage\":{\"@id\":\"https:\\\/\\\/nortvi.com\\\/de\\\/produkt\\\/elite-midnight-black\\\/#primaryimage\"},\"image\":{\"@id\":\"https:\\\/\\\/nortvi.com\\\/de\\\/produkt\\\/elite-midnight-black\\\/#primaryimage\"},\"thumbnailUrl\":\"https:\\\/\\\/nortvi.com\\\/wp-content\\\/uploads\\\/2025\\\/12\\\/front_pocket_leather_midnight_black_45-copy-scaled.jpg\",\"datePublished\":\"2025-12-03T14:23:51+00:00\",\"dateModified\":\"2026-03-16T13:32:46+00:00\",\"description\":\"Der Elite kombiniert hochwertiges, kratzfestes Polycarbonat mit au\u00dfergew\u00f6hnlicher Langlebigkeit und geringem Gewicht. Ein hochwertiger Handgep\u00e4ckkoffer f\u00fcr Reisende, die Wert auf Zuverl\u00e4ssigkeit und Design legen.\",\"breadcrumb\":{\"@id\":\"https:\\\/\\\/nortvi.com\\\/de\\\/produkt\\\/elite-midnight-black\\\/#breadcrumb\"},\"inLanguage\":\"de\",\"potentialAction\":[{\"@type\":\"ReadAction\",\"target\":[\"https:\\\/\\\/nortvi.com\\\/de\\\/produkt\\\/elite-midnight-black\\\/\"]}]},{\"@type\":\"ImageObject\",\"inLanguage\":\"de\",\"@id\":\"https:\\\/\\\/nortvi.com\\\/de\\\/produkt\\\/elite-midnight-black\\\/#primaryimage\",\"url\":\"https:\\\/\\\/nortvi.com\\\/wp-content\\\/uploads\\\/2025\\\/12\\\/front_pocket_leather_midnight_black_45-copy-scaled.jpg\",\"contentUrl\":\"https:\\\/\\\/nortvi.com\\\/wp-content\\\/uploads\\\/2025\\\/12\\\/front_pocket_leather_midnight_black_45-copy-scaled.jpg\",\"width\":3840,\"height\":3840},{\"@type\":\"BreadcrumbList\",\"@id\":\"https:\\\/\\\/nortvi.com\\\/de\\\/produkt\\\/elite-midnight-black\\\/#breadcrumb\",\"itemListElement\":[{\"@type\":\"ListItem\",\"position\":1,\"name\":\"Home\",\"item\":\"https:\\\/\\\/nortvi.com\\\/de\\\/\"},{\"@type\":\"ListItem\",\"position\":2,\"name\":\"Shop\",\"item\":\"https:\\\/\\\/nortvi.com\\\/de\\\/shop\\\/\"},{\"@type\":\"ListItem\",\"position\":3,\"name\":\"Handgep\u00e4ckkoffer\",\"item\":\"https:\\\/\\\/nortvi.com\\\/de\\\/cabin-luggage-de\\\/\"},{\"@type\":\"ListItem\",\"position\":4,\"name\":\"Elite\",\"item\":\"https:\\\/\\\/nortvi.com\\\/de\\\/cabin-luggage-de\\\/elite-de\\\/\"},{\"@type\":\"ListItem\",\"position\":5,\"name\":\"Elite Midnight Black\"}]},{\"@type\":\"WebSite\",\"@id\":\"https:\\\/\\\/nortvi.com\\\/de\\\/#website\",\"url\":\"https:\\\/\\\/nortvi.com\\\/de\\\/\",\"name\":\"NORTVI\",\"description\":\"Sustainable travel gear\",\"publisher\":{\"@id\":\"https:\\\/\\\/nortvi.com\\\/de\\\/#organization\"},\"potentialAction\":[{\"@type\":\"SearchAction\",\"target\":{\"@type\":\"EntryPoint\",\"urlTemplate\":\"https:\\\/\\\/nortvi.com\\\/de\\\/?s={search_term_string}\"},\"query-input\":{\"@type\":\"PropertyValueSpecification\",\"valueRequired\":true,\"valueName\":\"search_term_string\"}}],\"inLanguage\":\"de\"},{\"@type\":\"Organization\",\"@id\":\"https:\\\/\\\/nortvi.com\\\/de\\\/#organization\",\"name\":\"NORTVI\",\"url\":\"https:\\\/\\\/nortvi.com\\\/de\\\/\",\"logo\":{\"@type\":\"ImageObject\",\"inLanguage\":\"de\",\"@id\":\"https:\\\/\\\/nortvi.com\\\/de\\\/#\\\/schema\\\/logo\\\/image\\\/\",\"url\":\"https:\\\/\\\/nortvi.com\\\/wp-content\\\/uploads\\\/2023\\\/09\\\/cropped-logo-footer.png\",\"contentUrl\":\"https:\\\/\\\/nortvi.com\\\/wp-content\\\/uploads\\\/2023\\\/09\\\/cropped-logo-footer.png\",\"width\":300,\"height\":46,\"caption\":\"NORTVI\"},\"image\":{\"@id\":\"https:\\\/\\\/nortvi.com\\\/de\\\/#\\\/schema\\\/logo\\\/image\\\/\"},\"sameAs\":[\"https:\\\/\\\/www.instagram.com\\\/nortvi\\\/\"]}]}<\/script>\n<meta property=\"product:price:amount\" content=\"289.00\" \/>\n<meta property=\"product:price:currency\" content=\"EUR\" \/>\n<meta property=\"og:availability\" content=\"instock\" \/>\n<meta property=\"product:availability\" content=\"instock\" \/>\n<meta property=\"product:retailer_item_id\" content=\"8720618379962\" \/>\n<meta property=\"product:condition\" content=\"new\" \/>\n<!-- \/ Yoast SEO Premium plugin. -->","yoast_head_json":{"title":"Elite Kabinenkoffer | mit Fronttasche | Schwarz | Langlebig & Hochwertig","description":"Der Elite kombiniert hochwertiges, kratzfestes Polycarbonat mit au\u00dfergew\u00f6hnlicher Langlebigkeit und geringem Gewicht. Ein hochwertiger Handgep\u00e4ckkoffer f\u00fcr Reisende, die Wert auf Zuverl\u00e4ssigkeit und Design legen.","robots":{"index":"index","follow":"follow","max-snippet":"max-snippet:-1","max-image-preview":"max-image-preview:large","max-video-preview":"max-video-preview:-1"},"canonical":"https:\/\/nortvi.com\/de\/produkt\/elite-midnight-black\/","og_locale":"de_DE","og_type":"article","og_title":"Elite Midnight Black","og_description":"Der Elite kombiniert hochwertiges, kratzfestes Polycarbonat mit au\u00dfergew\u00f6hnlicher Langlebigkeit und geringem Gewicht. Ein hochwertiger Handgep\u00e4ckkoffer f\u00fcr Reisende, die Wert auf Zuverl\u00e4ssigkeit und Design legen.","og_url":"https:\/\/nortvi.com\/de\/produkt\/elite-midnight-black\/","og_site_name":"NORTVI","article_modified_time":"2026-03-16T13:32:46+00:00","og_image":[{"width":3840,"height":3840,"url":"https:\/\/nortvi.com\/wp-content\/uploads\/2025\/12\/front_pocket_leather_midnight_black_45-copy-scaled.jpg","type":"image\/jpeg"}],"twitter_card":"summary_large_image","twitter_misc":{"Preis":"&euro;289.00","Verf\u00fcgbarkeit":"Auf Lager"},"schema":{"@context":"https:\/\/schema.org","@graph":[{"@type":"WebPage","@id":"https:\/\/nortvi.com\/de\/produkt\/elite-midnight-black\/","url":"https:\/\/nortvi.com\/de\/produkt\/elite-midnight-black\/","name":"Elite Kabinenkoffer | mit Fronttasche | Schwarz | Langlebig & Hochwertig","isPartOf":{"@id":"https:\/\/nortvi.com\/de\/#website"},"primaryImageOfPage":{"@id":"https:\/\/nortvi.com\/de\/produkt\/elite-midnight-black\/#primaryimage"},"image":{"@id":"https:\/\/nortvi.com\/de\/produkt\/elite-midnight-black\/#primaryimage"},"thumbnailUrl":"https:\/\/nortvi.com\/wp-content\/uploads\/2025\/12\/front_pocket_leather_midnight_black_45-copy-scaled.jpg","datePublished":"2025-12-03T14:23:51+00:00","dateModified":"2026-03-16T13:32:46+00:00","description":"Der Elite kombiniert hochwertiges, kratzfestes Polycarbonat mit au\u00dfergew\u00f6hnlicher Langlebigkeit und geringem Gewicht. Ein hochwertiger Handgep\u00e4ckkoffer f\u00fcr Reisende, die Wert auf Zuverl\u00e4ssigkeit und Design legen.","breadcrumb":{"@id":"https:\/\/nortvi.com\/de\/produkt\/elite-midnight-black\/#breadcrumb"},"inLanguage":"de","potentialAction":[{"@type":"ReadAction","target":["https:\/\/nortvi.com\/de\/produkt\/elite-midnight-black\/"]}]},{"@type":"ImageObject","inLanguage":"de","@id":"https:\/\/nortvi.com\/de\/produkt\/elite-midnight-black\/#primaryimage","url":"https:\/\/nortvi.com\/wp-content\/uploads\/2025\/12\/front_pocket_leather_midnight_black_45-copy-scaled.jpg","contentUrl":"https:\/\/nortvi.com\/wp-content\/uploads\/2025\/12\/front_pocket_leather_midnight_black_45-copy-scaled.jpg","width":3840,"height":3840},{"@type":"BreadcrumbList","@id":"https:\/\/nortvi.com\/de\/produkt\/elite-midnight-black\/#breadcrumb","itemListElement":[{"@type":"ListItem","position":1,"name":"Home","item":"https:\/\/nortvi.com\/de\/"},{"@type":"ListItem","position":2,"name":"Shop","item":"https:\/\/nortvi.com\/de\/shop\/"},{"@type":"ListItem","position":3,"name":"Handgep\u00e4ckkoffer","item":"https:\/\/nortvi.com\/de\/cabin-luggage-de\/"},{"@type":"ListItem","position":4,"name":"Elite","item":"https:\/\/nortvi.com\/de\/cabin-luggage-de\/elite-de\/"},{"@type":"ListItem","position":5,"name":"Elite Midnight Black"}]},{"@type":"WebSite","@id":"https:\/\/nortvi.com\/de\/#website","url":"https:\/\/nortvi.com\/de\/","name":"NORTVI","description":"Sustainable travel gear","publisher":{"@id":"https:\/\/nortvi.com\/de\/#organization"},"potentialAction":[{"@type":"SearchAction","target":{"@type":"EntryPoint","urlTemplate":"https:\/\/nortvi.com\/de\/?s={search_term_string}"},"query-input":{"@type":"PropertyValueSpecification","valueRequired":true,"valueName":"search_term_string"}}],"inLanguage":"de"},{"@type":"Organization","@id":"https:\/\/nortvi.com\/de\/#organization","name":"NORTVI","url":"https:\/\/nortvi.com\/de\/","logo":{"@type":"ImageObject","inLanguage":"de","@id":"https:\/\/nortvi.com\/de\/#\/schema\/logo\/image\/","url":"https:\/\/nortvi.com\/wp-content\/uploads\/2023\/09\/cropped-logo-footer.png","contentUrl":"https:\/\/nortvi.com\/wp-content\/uploads\/2023\/09\/cropped-logo-footer.png","width":300,"height":46,"caption":"NORTVI"},"image":{"@id":"https:\/\/nortvi.com\/de\/#\/schema\/logo\/image\/"},"sameAs":["https:\/\/www.instagram.com\/nortvi\/"]}]},"product_price_amount":"289.00","product_price_currency":"EUR","og_availability":"instock","product_availability":"instock","product_retailer_item_id":"8720618379962","product_condition":"new"},"_links":{"self":[{"href":"https:\/\/nortvi.com\/de\/wp-json\/wp\/v2\/product\/357206","targetHints":{"allow":["GET"]}}],"collection":[{"href":"https:\/\/nortvi.com\/de\/wp-json\/wp\/v2\/product"}],"about":[{"href":"https:\/\/nortvi.com\/de\/wp-json\/wp\/v2\/types\/product"}],"version-history":[{"count":0,"href":"https:\/\/nortvi.com\/de\/wp-json\/wp\/v2\/product\/357206\/revisions"}],"wp:featuredmedia":[{"embeddable":true,"href":"https:\/\/nortvi.com\/de\/wp-json\/wp\/v2\/media\/357319"}],"wp:attachment":[{"href":"https:\/\/nortvi.com\/de\/wp-json\/wp\/v2\/media?parent=357206"}],"wp:term":[{"taxonomy":"product_brand","embeddable":true,"href":"https:\/\/nortvi.com\/de\/wp-json\/wp\/v2\/product_brand?post=357206"},{"taxonomy":"product_cat","embeddable":true,"href":"https:\/\/nortvi.com\/de\/wp-json\/wp\/v2\/product_cat?post=357206"},{"taxonomy":"product_tag","embeddable":true,"href":"https:\/\/nortvi.com\/de\/wp-json\/wp\/v2\/product_tag?post=357206"}],"curies":[{"name":"wp","href":"https:\/\/api.w.org\/{rel}","templated":true}]}}