{"id":351731,"date":"2025-10-17T12:33:55","date_gmt":"2025-11-13T15:43:17","guid":{"rendered":"https:\/\/nortvi.com\/?post_type=product&#038;p=351731"},"modified":"2025-11-13T16:43:18","modified_gmt":"2025-11-13T15:43:18","slug":"iphone-17-pro-max-case-rainforest-green","status":"publish","type":"product","link":"https:\/\/nortvi.com\/de\/produkt\/iphone-17-pro-max-case-rainforest-green\/","title":{"rendered":"iPhone 17 Pro Max Case Rainforest Green"},"content":{"rendered":"<p>Die einzigartige NORTVI iPhone 17 Pro Max H\u00fclle. Nachhaltig und vollst\u00e4ndig biologisch abbaubar. Erforschen Sie das Unbekannte und sch\u00fctzen Sie Ihr Telefon. Mit seiner speziellen Farbgestaltung passt diese Schutzh\u00fclle immer zu Ihrem Koffer. F\u00fcr unvergessliche Erinnerungen.<\/p>\n\n\n<p><\/p>\n","protected":false},"excerpt":{"rendered":"<p>Die einzigartige NORTVI iPhone 17 Pro Max H\u00fclle. Nachhaltig und vollst\u00e4ndig biologisch abbaubar. Erforschen Sie das Unbekannte und sch\u00fctzen Sie Ihr Telefon. Mit seiner speziellen Farbgestaltung passt diese Schutzh\u00fclle immer zu Ihrem Koffer. F\u00fcr unvergessliche Erinnerungen.<\/p>\n","protected":false},"featured_media":354129,"template":"","meta":{"_acf_changed":false,"footnotes":""},"product_brand":[],"product_cat":[411],"product_tag":[],"class_list":{"0":"post-351731","1":"product","2":"type-product","3":"status-publish","4":"has-post-thumbnail","6":"product_cat-iphone-17-pro-max-de","8":"first","9":"instock","10":"taxable","11":"shipping-taxable","12":"purchasable","13":"product-type-simple"},"composite_virtual":false,"composite_layout":"","composite_add_to_cart_form_location":"","composite_editable_in_cart":false,"composite_sold_individually_context":"","composite_shop_price_calc":"","composite_components":[],"composite_scenarios":[],"acf":[],"yoast_head":"<!-- This site is optimized with the Yoast SEO Premium plugin v27.1 (Yoast SEO v27.3) - https:\/\/yoast.com\/product\/yoast-seo-premium-wordpress\/ -->\n<title>iPhone 17 Pro Max H\u00fclle | Dunkelgr\u00fcn | Nachhaltig &amp; Premium<\/title>\n<meta name=\"description\" content=\"Die Premium iPhone 17 Pro Max-H\u00fclle in Rainforest Green. Nachhaltig und vollst\u00e4ndig biologisch abbaubar. Sch\u00fctzt Ihr Telefon und ist \u00e4u\u00dferst robust.\" \/>\n<meta name=\"robots\" content=\"index, follow, max-snippet:-1, max-image-preview:large, max-video-preview:-1\" \/>\n<link rel=\"canonical\" href=\"https:\/\/nortvi.com\/de\/produkt\/iphone-17-pro-max-case-rainforest-green\/\" \/>\n<meta property=\"og:locale\" content=\"de_DE\" \/>\n<meta property=\"og:type\" content=\"article\" \/>\n<meta property=\"og:title\" content=\"iPhone 17 Pro Max Case Rainforest Green\" \/>\n<meta property=\"og:description\" content=\"Die Premium iPhone 17 Pro Max-H\u00fclle in Rainforest Green. Nachhaltig und vollst\u00e4ndig biologisch abbaubar. Sch\u00fctzt Ihr Telefon und ist \u00e4u\u00dferst robust.\" \/>\n<meta property=\"og:url\" content=\"https:\/\/nortvi.com\/de\/produkt\/iphone-17-pro-max-case-rainforest-green\/\" \/>\n<meta property=\"og:site_name\" content=\"NORTVI\" \/>\n<meta property=\"article:modified_time\" content=\"2025-11-13T15:43:18+00:00\" \/>\n<meta property=\"og:image\" content=\"https:\/\/nortvi.com\/wp-content\/uploads\/2025\/10\/iPhone-17-ProMax-RainforestGreen4096px-1-scaled.jpg\" \/>\n\t<meta property=\"og:image:width\" content=\"3840\" \/>\n\t<meta property=\"og:image:height\" content=\"3840\" \/>\n\t<meta property=\"og:image:type\" content=\"image\/jpeg\" \/>\n<meta name=\"twitter:card\" content=\"summary_large_image\" \/>\n<meta name=\"twitter:label1\" content=\"Preis\" \/>\n\t<meta name=\"twitter:data1\" content=\"&euro;25.00\" \/>\n\t<meta name=\"twitter:label2\" content=\"Verf\u00fcgbarkeit\" \/>\n\t<meta name=\"twitter:data2\" content=\"Auf Lager\" \/>\n<script type=\"application\/ld+json\" class=\"yoast-schema-graph\">{\"@context\":\"https:\\\/\\\/schema.org\",\"@graph\":[{\"@type\":\"WebPage\",\"@id\":\"https:\\\/\\\/nortvi.com\\\/de\\\/produkt\\\/iphone-17-pro-max-case-rainforest-green\\\/\",\"url\":\"https:\\\/\\\/nortvi.com\\\/de\\\/produkt\\\/iphone-17-pro-max-case-rainforest-green\\\/\",\"name\":\"iPhone 17 Pro Max H\u00fclle | Dunkelgr\u00fcn | Nachhaltig & Premium\",\"isPartOf\":{\"@id\":\"https:\\\/\\\/nortvi.com\\\/de\\\/#website\"},\"primaryImageOfPage\":{\"@id\":\"https:\\\/\\\/nortvi.com\\\/de\\\/produkt\\\/iphone-17-pro-max-case-rainforest-green\\\/#primaryimage\"},\"image\":{\"@id\":\"https:\\\/\\\/nortvi.com\\\/de\\\/produkt\\\/iphone-17-pro-max-case-rainforest-green\\\/#primaryimage\"},\"thumbnailUrl\":\"https:\\\/\\\/nortvi.com\\\/wp-content\\\/uploads\\\/2025\\\/10\\\/iPhone-17-ProMax-RainforestGreen4096px-1-scaled.jpg\",\"datePublished\":\"2025-11-13T15:43:17+00:00\",\"dateModified\":\"2025-11-13T15:43:18+00:00\",\"description\":\"Die Premium iPhone 17 Pro Max-H\u00fclle in Rainforest Green. Nachhaltig und vollst\u00e4ndig biologisch abbaubar. Sch\u00fctzt Ihr Telefon und ist \u00e4u\u00dferst robust.\",\"breadcrumb\":{\"@id\":\"https:\\\/\\\/nortvi.com\\\/de\\\/produkt\\\/iphone-17-pro-max-case-rainforest-green\\\/#breadcrumb\"},\"inLanguage\":\"de\",\"potentialAction\":[{\"@type\":\"ReadAction\",\"target\":[\"https:\\\/\\\/nortvi.com\\\/de\\\/produkt\\\/iphone-17-pro-max-case-rainforest-green\\\/\"]}]},{\"@type\":\"ImageObject\",\"inLanguage\":\"de\",\"@id\":\"https:\\\/\\\/nortvi.com\\\/de\\\/produkt\\\/iphone-17-pro-max-case-rainforest-green\\\/#primaryimage\",\"url\":\"https:\\\/\\\/nortvi.com\\\/wp-content\\\/uploads\\\/2025\\\/10\\\/iPhone-17-ProMax-RainforestGreen4096px-1-scaled.jpg\",\"contentUrl\":\"https:\\\/\\\/nortvi.com\\\/wp-content\\\/uploads\\\/2025\\\/10\\\/iPhone-17-ProMax-RainforestGreen4096px-1-scaled.jpg\",\"width\":3840,\"height\":3840},{\"@type\":\"BreadcrumbList\",\"@id\":\"https:\\\/\\\/nortvi.com\\\/de\\\/produkt\\\/iphone-17-pro-max-case-rainforest-green\\\/#breadcrumb\",\"itemListElement\":[{\"@type\":\"ListItem\",\"position\":1,\"name\":\"Home\",\"item\":\"https:\\\/\\\/nortvi.com\\\/de\\\/\"},{\"@type\":\"ListItem\",\"position\":2,\"name\":\"Shop\",\"item\":\"https:\\\/\\\/nortvi.com\\\/de\\\/shop\\\/\"},{\"@type\":\"ListItem\",\"position\":3,\"name\":\"iPhone H\u00fcllen\",\"item\":\"https:\\\/\\\/nortvi.com\\\/de\\\/iphone-huellen\\\/\"},{\"@type\":\"ListItem\",\"position\":4,\"name\":\"iPhone 17 Pro Max\",\"item\":\"https:\\\/\\\/nortvi.com\\\/de\\\/iphone-huellen\\\/iphone-17-pro-max-de\\\/\"},{\"@type\":\"ListItem\",\"position\":5,\"name\":\"iPhone 17 Pro Max Case Rainforest Green\"}]},{\"@type\":\"WebSite\",\"@id\":\"https:\\\/\\\/nortvi.com\\\/de\\\/#website\",\"url\":\"https:\\\/\\\/nortvi.com\\\/de\\\/\",\"name\":\"NORTVI\",\"description\":\"Sustainable travel gear\",\"publisher\":{\"@id\":\"https:\\\/\\\/nortvi.com\\\/de\\\/#organization\"},\"potentialAction\":[{\"@type\":\"SearchAction\",\"target\":{\"@type\":\"EntryPoint\",\"urlTemplate\":\"https:\\\/\\\/nortvi.com\\\/de\\\/?s={search_term_string}\"},\"query-input\":{\"@type\":\"PropertyValueSpecification\",\"valueRequired\":true,\"valueName\":\"search_term_string\"}}],\"inLanguage\":\"de\"},{\"@type\":\"Organization\",\"@id\":\"https:\\\/\\\/nortvi.com\\\/de\\\/#organization\",\"name\":\"NORTVI\",\"url\":\"https:\\\/\\\/nortvi.com\\\/de\\\/\",\"logo\":{\"@type\":\"ImageObject\",\"inLanguage\":\"de\",\"@id\":\"https:\\\/\\\/nortvi.com\\\/de\\\/#\\\/schema\\\/logo\\\/image\\\/\",\"url\":\"https:\\\/\\\/nortvi.com\\\/wp-content\\\/uploads\\\/2023\\\/09\\\/cropped-logo-footer.png\",\"contentUrl\":\"https:\\\/\\\/nortvi.com\\\/wp-content\\\/uploads\\\/2023\\\/09\\\/cropped-logo-footer.png\",\"width\":300,\"height\":46,\"caption\":\"NORTVI\"},\"image\":{\"@id\":\"https:\\\/\\\/nortvi.com\\\/de\\\/#\\\/schema\\\/logo\\\/image\\\/\"},\"sameAs\":[\"https:\\\/\\\/www.instagram.com\\\/nortvi\\\/\"]}]}<\/script>\n<meta property=\"product:price:amount\" content=\"25.00\" \/>\n<meta property=\"product:price:currency\" content=\"EUR\" \/>\n<meta property=\"og:availability\" content=\"instock\" \/>\n<meta property=\"product:availability\" content=\"instock\" \/>\n<meta property=\"product:retailer_item_id\" content=\"8720865800110\" \/>\n<meta property=\"product:condition\" content=\"new\" \/>\n<!-- \/ Yoast SEO Premium plugin. -->","yoast_head_json":{"title":"iPhone 17 Pro Max H\u00fclle | Dunkelgr\u00fcn | Nachhaltig & Premium","description":"Die Premium iPhone 17 Pro Max-H\u00fclle in Rainforest Green. Nachhaltig und vollst\u00e4ndig biologisch abbaubar. Sch\u00fctzt Ihr Telefon und ist \u00e4u\u00dferst robust.","robots":{"index":"index","follow":"follow","max-snippet":"max-snippet:-1","max-image-preview":"max-image-preview:large","max-video-preview":"max-video-preview:-1"},"canonical":"https:\/\/nortvi.com\/de\/produkt\/iphone-17-pro-max-case-rainforest-green\/","og_locale":"de_DE","og_type":"article","og_title":"iPhone 17 Pro Max Case Rainforest Green","og_description":"Die Premium iPhone 17 Pro Max-H\u00fclle in Rainforest Green. Nachhaltig und vollst\u00e4ndig biologisch abbaubar. Sch\u00fctzt Ihr Telefon und ist \u00e4u\u00dferst robust.","og_url":"https:\/\/nortvi.com\/de\/produkt\/iphone-17-pro-max-case-rainforest-green\/","og_site_name":"NORTVI","article_modified_time":"2025-11-13T15:43:18+00:00","og_image":[{"width":3840,"height":3840,"url":"https:\/\/nortvi.com\/wp-content\/uploads\/2025\/10\/iPhone-17-ProMax-RainforestGreen4096px-1-scaled.jpg","type":"image\/jpeg"}],"twitter_card":"summary_large_image","twitter_misc":{"Preis":"&euro;25.00","Verf\u00fcgbarkeit":"Auf Lager"},"schema":{"@context":"https:\/\/schema.org","@graph":[{"@type":"WebPage","@id":"https:\/\/nortvi.com\/de\/produkt\/iphone-17-pro-max-case-rainforest-green\/","url":"https:\/\/nortvi.com\/de\/produkt\/iphone-17-pro-max-case-rainforest-green\/","name":"iPhone 17 Pro Max H\u00fclle | Dunkelgr\u00fcn | Nachhaltig & Premium","isPartOf":{"@id":"https:\/\/nortvi.com\/de\/#website"},"primaryImageOfPage":{"@id":"https:\/\/nortvi.com\/de\/produkt\/iphone-17-pro-max-case-rainforest-green\/#primaryimage"},"image":{"@id":"https:\/\/nortvi.com\/de\/produkt\/iphone-17-pro-max-case-rainforest-green\/#primaryimage"},"thumbnailUrl":"https:\/\/nortvi.com\/wp-content\/uploads\/2025\/10\/iPhone-17-ProMax-RainforestGreen4096px-1-scaled.jpg","datePublished":"2025-11-13T15:43:17+00:00","dateModified":"2025-11-13T15:43:18+00:00","description":"Die Premium iPhone 17 Pro Max-H\u00fclle in Rainforest Green. Nachhaltig und vollst\u00e4ndig biologisch abbaubar. Sch\u00fctzt Ihr Telefon und ist \u00e4u\u00dferst robust.","breadcrumb":{"@id":"https:\/\/nortvi.com\/de\/produkt\/iphone-17-pro-max-case-rainforest-green\/#breadcrumb"},"inLanguage":"de","potentialAction":[{"@type":"ReadAction","target":["https:\/\/nortvi.com\/de\/produkt\/iphone-17-pro-max-case-rainforest-green\/"]}]},{"@type":"ImageObject","inLanguage":"de","@id":"https:\/\/nortvi.com\/de\/produkt\/iphone-17-pro-max-case-rainforest-green\/#primaryimage","url":"https:\/\/nortvi.com\/wp-content\/uploads\/2025\/10\/iPhone-17-ProMax-RainforestGreen4096px-1-scaled.jpg","contentUrl":"https:\/\/nortvi.com\/wp-content\/uploads\/2025\/10\/iPhone-17-ProMax-RainforestGreen4096px-1-scaled.jpg","width":3840,"height":3840},{"@type":"BreadcrumbList","@id":"https:\/\/nortvi.com\/de\/produkt\/iphone-17-pro-max-case-rainforest-green\/#breadcrumb","itemListElement":[{"@type":"ListItem","position":1,"name":"Home","item":"https:\/\/nortvi.com\/de\/"},{"@type":"ListItem","position":2,"name":"Shop","item":"https:\/\/nortvi.com\/de\/shop\/"},{"@type":"ListItem","position":3,"name":"iPhone H\u00fcllen","item":"https:\/\/nortvi.com\/de\/iphone-huellen\/"},{"@type":"ListItem","position":4,"name":"iPhone 17 Pro Max","item":"https:\/\/nortvi.com\/de\/iphone-huellen\/iphone-17-pro-max-de\/"},{"@type":"ListItem","position":5,"name":"iPhone 17 Pro Max Case Rainforest Green"}]},{"@type":"WebSite","@id":"https:\/\/nortvi.com\/de\/#website","url":"https:\/\/nortvi.com\/de\/","name":"NORTVI","description":"Sustainable travel gear","publisher":{"@id":"https:\/\/nortvi.com\/de\/#organization"},"potentialAction":[{"@type":"SearchAction","target":{"@type":"EntryPoint","urlTemplate":"https:\/\/nortvi.com\/de\/?s={search_term_string}"},"query-input":{"@type":"PropertyValueSpecification","valueRequired":true,"valueName":"search_term_string"}}],"inLanguage":"de"},{"@type":"Organization","@id":"https:\/\/nortvi.com\/de\/#organization","name":"NORTVI","url":"https:\/\/nortvi.com\/de\/","logo":{"@type":"ImageObject","inLanguage":"de","@id":"https:\/\/nortvi.com\/de\/#\/schema\/logo\/image\/","url":"https:\/\/nortvi.com\/wp-content\/uploads\/2023\/09\/cropped-logo-footer.png","contentUrl":"https:\/\/nortvi.com\/wp-content\/uploads\/2023\/09\/cropped-logo-footer.png","width":300,"height":46,"caption":"NORTVI"},"image":{"@id":"https:\/\/nortvi.com\/de\/#\/schema\/logo\/image\/"},"sameAs":["https:\/\/www.instagram.com\/nortvi\/"]}]},"product_price_amount":"25.00","product_price_currency":"EUR","og_availability":"instock","product_availability":"instock","product_retailer_item_id":"8720865800110","product_condition":"new"},"_links":{"self":[{"href":"https:\/\/nortvi.com\/de\/wp-json\/wp\/v2\/product\/351731","targetHints":{"allow":["GET"]}}],"collection":[{"href":"https:\/\/nortvi.com\/de\/wp-json\/wp\/v2\/product"}],"about":[{"href":"https:\/\/nortvi.com\/de\/wp-json\/wp\/v2\/types\/product"}],"version-history":[{"count":0,"href":"https:\/\/nortvi.com\/de\/wp-json\/wp\/v2\/product\/351731\/revisions"}],"wp:featuredmedia":[{"embeddable":true,"href":"https:\/\/nortvi.com\/de\/wp-json\/wp\/v2\/media\/354129"}],"wp:attachment":[{"href":"https:\/\/nortvi.com\/de\/wp-json\/wp\/v2\/media?parent=351731"}],"wp:term":[{"taxonomy":"product_brand","embeddable":true,"href":"https:\/\/nortvi.com\/de\/wp-json\/wp\/v2\/product_brand?post=351731"},{"taxonomy":"product_cat","embeddable":true,"href":"https:\/\/nortvi.com\/de\/wp-json\/wp\/v2\/product_cat?post=351731"},{"taxonomy":"product_tag","embeddable":true,"href":"https:\/\/nortvi.com\/de\/wp-json\/wp\/v2\/product_tag?post=351731"}],"curies":[{"name":"wp","href":"https:\/\/api.w.org\/{rel}","templated":true}]}}