{"id":327146,"date":"2025-02-05T09:22:07","date_gmt":"2025-02-05T08:22:07","guid":{"rendered":"https:\/\/nortvi.com\/?post_type=product&#038;p=327146"},"modified":"2025-04-16T15:26:28","modified_gmt":"2025-04-16T13:26:28","slug":"weekender-reisetasche-blau","status":"publish","type":"product","link":"https:\/\/nortvi.com\/de\/produkt\/weekender-reisetasche-blau\/","title":{"rendered":"Large Weekender Ocean Blue"},"content":{"rendered":"\n<p>Der perfekte Reisebegleiter. Der Large Weekender ist ein einzigartiges, von Hand entworfenes Modell, das zu 100% aus umweltfreundlichen Materialien besteht. Er ist sorgf\u00e4ltig verarbeitet und verst\u00e4rkt, so dass er extrem strapazierf\u00e4hig und f\u00fcr jede Reise geeignet ist. Die Tasche ist wasserdicht und eignet sich mit seinem ger\u00e4umigen Inneren ideal f\u00fcr eine&nbsp;l\u00e4ngere Reise oder als Tasche f\u00fcr jeden Tag.<\/p>\n\n\n\n<p><\/p>\n","protected":false},"excerpt":{"rendered":"<p>Der perfekte Reisebegleiter. Der Large Weekender ist ein einzigartiges, von Hand entworfenes Modell, das zu 100% aus umweltfreundlichen Materialien besteht. Er ist sorgf\u00e4ltig verarbeitet und verst\u00e4rkt, so dass er extrem strapazierf\u00e4hig und f\u00fcr jede Reise geeignet ist. Die Tasche ist wasserdicht und eignet sich mit seinem ger\u00e4umigen Inneren ideal f\u00fcr eine\u00a0l\u00e4ngere Reise oder als Tasche f\u00fcr jeden Tag.<\/p>\n","protected":false},"featured_media":345608,"template":"","meta":{"_acf_changed":false,"footnotes":""},"product_brand":[],"product_cat":[215],"product_tag":[],"class_list":{"0":"post-327146","1":"product","2":"type-product","3":"status-publish","4":"has-post-thumbnail","6":"product_cat-large-weekender-de","8":"first","9":"instock","10":"taxable","11":"shipping-taxable","12":"purchasable","13":"product-type-simple"},"composite_virtual":false,"composite_layout":"","composite_add_to_cart_form_location":"","composite_editable_in_cart":false,"composite_sold_individually_context":"","composite_shop_price_calc":"","composite_components":[],"composite_scenarios":[],"acf":[],"yoast_head":"<!-- This site is optimized with the Yoast SEO Premium plugin v27.1 (Yoast SEO v27.3) - https:\/\/yoast.com\/product\/yoast-seo-premium-wordpress\/ -->\n<title>Large Weekender | NORTVI | Schwarz | Nachhaltig &amp; Hochwertig<\/title>\n<meta name=\"description\" content=\"Die Premium Large Weekender von NORTVI. Langlebig, wasserfest und extrem robust. Die ideale Tasche f\u00fcr einen langen Urlaub.\" \/>\n<meta name=\"robots\" content=\"index, follow, max-snippet:-1, max-image-preview:large, max-video-preview:-1\" \/>\n<link rel=\"canonical\" href=\"https:\/\/nortvi.com\/de\/produkt\/weekender-reisetasche-blau\/\" \/>\n<meta property=\"og:locale\" content=\"de_DE\" \/>\n<meta property=\"og:type\" content=\"article\" \/>\n<meta property=\"og:title\" content=\"Large Weekender Ocean Blue\" \/>\n<meta property=\"og:description\" content=\"Die Premium Large Weekender von NORTVI. Langlebig, wasserfest und extrem robust. Die ideale Tasche f\u00fcr einen langen Urlaub.\" \/>\n<meta property=\"og:url\" content=\"https:\/\/nortvi.com\/de\/produkt\/weekender-reisetasche-blau\/\" \/>\n<meta property=\"og:site_name\" content=\"NORTVI\" \/>\n<meta property=\"article:modified_time\" content=\"2025-04-16T13:26:28+00:00\" \/>\n<meta property=\"og:image\" content=\"https:\/\/nortvi.com\/wp-content\/uploads\/2025\/02\/large-weekender-ocean-blue-voorkant-2blur-scaled.jpg\" \/>\n\t<meta property=\"og:image:width\" content=\"3840\" \/>\n\t<meta property=\"og:image:height\" content=\"3840\" \/>\n\t<meta property=\"og:image:type\" content=\"image\/jpeg\" \/>\n<meta name=\"twitter:card\" content=\"summary_large_image\" \/>\n<meta name=\"twitter:label1\" content=\"Preis\" \/>\n\t<meta name=\"twitter:data1\" content=\"&euro;169.00\" \/>\n\t<meta name=\"twitter:label2\" content=\"Verf\u00fcgbarkeit\" \/>\n\t<meta name=\"twitter:data2\" content=\"Auf Lager\" \/>\n<script type=\"application\/ld+json\" class=\"yoast-schema-graph\">{\"@context\":\"https:\\\/\\\/schema.org\",\"@graph\":[{\"@type\":\"WebPage\",\"@id\":\"https:\\\/\\\/nortvi.com\\\/de\\\/produkt\\\/weekender-reisetasche-blau\\\/\",\"url\":\"https:\\\/\\\/nortvi.com\\\/de\\\/produkt\\\/weekender-reisetasche-blau\\\/\",\"name\":\"Large Weekender | NORTVI | Schwarz | Nachhaltig & Hochwertig\",\"isPartOf\":{\"@id\":\"https:\\\/\\\/nortvi.com\\\/de\\\/#website\"},\"primaryImageOfPage\":{\"@id\":\"https:\\\/\\\/nortvi.com\\\/de\\\/produkt\\\/weekender-reisetasche-blau\\\/#primaryimage\"},\"image\":{\"@id\":\"https:\\\/\\\/nortvi.com\\\/de\\\/produkt\\\/weekender-reisetasche-blau\\\/#primaryimage\"},\"thumbnailUrl\":\"https:\\\/\\\/nortvi.com\\\/wp-content\\\/uploads\\\/2025\\\/02\\\/large-weekender-ocean-blue-voorkant-2blur-scaled.jpg\",\"datePublished\":\"2025-02-05T08:22:07+00:00\",\"dateModified\":\"2025-04-16T13:26:28+00:00\",\"description\":\"Die Premium Large Weekender von NORTVI. Langlebig, wasserfest und extrem robust. Die ideale Tasche f\u00fcr einen langen Urlaub.\",\"breadcrumb\":{\"@id\":\"https:\\\/\\\/nortvi.com\\\/de\\\/produkt\\\/weekender-reisetasche-blau\\\/#breadcrumb\"},\"inLanguage\":\"de\",\"potentialAction\":[{\"@type\":\"ReadAction\",\"target\":[\"https:\\\/\\\/nortvi.com\\\/de\\\/produkt\\\/weekender-reisetasche-blau\\\/\"]}]},{\"@type\":\"ImageObject\",\"inLanguage\":\"de\",\"@id\":\"https:\\\/\\\/nortvi.com\\\/de\\\/produkt\\\/weekender-reisetasche-blau\\\/#primaryimage\",\"url\":\"https:\\\/\\\/nortvi.com\\\/wp-content\\\/uploads\\\/2025\\\/02\\\/large-weekender-ocean-blue-voorkant-2blur-scaled.jpg\",\"contentUrl\":\"https:\\\/\\\/nortvi.com\\\/wp-content\\\/uploads\\\/2025\\\/02\\\/large-weekender-ocean-blue-voorkant-2blur-scaled.jpg\",\"width\":3840,\"height\":3840},{\"@type\":\"BreadcrumbList\",\"@id\":\"https:\\\/\\\/nortvi.com\\\/de\\\/produkt\\\/weekender-reisetasche-blau\\\/#breadcrumb\",\"itemListElement\":[{\"@type\":\"ListItem\",\"position\":1,\"name\":\"Home\",\"item\":\"https:\\\/\\\/nortvi.com\\\/de\\\/\"},{\"@type\":\"ListItem\",\"position\":2,\"name\":\"Shop\",\"item\":\"https:\\\/\\\/nortvi.com\\\/de\\\/shop\\\/\"},{\"@type\":\"ListItem\",\"position\":3,\"name\":\"Taschen\",\"item\":\"https:\\\/\\\/nortvi.com\\\/de\\\/taschen\\\/\"},{\"@type\":\"ListItem\",\"position\":4,\"name\":\"Large Weekender\",\"item\":\"https:\\\/\\\/nortvi.com\\\/de\\\/taschen\\\/large-weekender-de\\\/\"},{\"@type\":\"ListItem\",\"position\":5,\"name\":\"Large Weekender Ocean Blue\"}]},{\"@type\":\"WebSite\",\"@id\":\"https:\\\/\\\/nortvi.com\\\/de\\\/#website\",\"url\":\"https:\\\/\\\/nortvi.com\\\/de\\\/\",\"name\":\"NORTVI\",\"description\":\"Sustainable travel gear\",\"publisher\":{\"@id\":\"https:\\\/\\\/nortvi.com\\\/de\\\/#organization\"},\"potentialAction\":[{\"@type\":\"SearchAction\",\"target\":{\"@type\":\"EntryPoint\",\"urlTemplate\":\"https:\\\/\\\/nortvi.com\\\/de\\\/?s={search_term_string}\"},\"query-input\":{\"@type\":\"PropertyValueSpecification\",\"valueRequired\":true,\"valueName\":\"search_term_string\"}}],\"inLanguage\":\"de\"},{\"@type\":\"Organization\",\"@id\":\"https:\\\/\\\/nortvi.com\\\/de\\\/#organization\",\"name\":\"NORTVI\",\"url\":\"https:\\\/\\\/nortvi.com\\\/de\\\/\",\"logo\":{\"@type\":\"ImageObject\",\"inLanguage\":\"de\",\"@id\":\"https:\\\/\\\/nortvi.com\\\/de\\\/#\\\/schema\\\/logo\\\/image\\\/\",\"url\":\"https:\\\/\\\/nortvi.com\\\/wp-content\\\/uploads\\\/2023\\\/09\\\/cropped-logo-footer.png\",\"contentUrl\":\"https:\\\/\\\/nortvi.com\\\/wp-content\\\/uploads\\\/2023\\\/09\\\/cropped-logo-footer.png\",\"width\":300,\"height\":46,\"caption\":\"NORTVI\"},\"image\":{\"@id\":\"https:\\\/\\\/nortvi.com\\\/de\\\/#\\\/schema\\\/logo\\\/image\\\/\"},\"sameAs\":[\"https:\\\/\\\/www.instagram.com\\\/nortvi\\\/\"]}]}<\/script>\n<meta property=\"product:price:amount\" content=\"169.00\" \/>\n<meta property=\"product:price:currency\" content=\"EUR\" \/>\n<meta property=\"og:availability\" content=\"instock\" \/>\n<meta property=\"product:availability\" content=\"instock\" \/>\n<meta property=\"product:retailer_item_id\" content=\"8720618379894\" \/>\n<meta property=\"product:condition\" content=\"new\" \/>\n<!-- \/ Yoast SEO Premium plugin. -->","yoast_head_json":{"title":"Large Weekender | NORTVI | Schwarz | Nachhaltig & Hochwertig","description":"Die Premium Large Weekender von NORTVI. Langlebig, wasserfest und extrem robust. Die ideale Tasche f\u00fcr einen langen Urlaub.","robots":{"index":"index","follow":"follow","max-snippet":"max-snippet:-1","max-image-preview":"max-image-preview:large","max-video-preview":"max-video-preview:-1"},"canonical":"https:\/\/nortvi.com\/de\/produkt\/weekender-reisetasche-blau\/","og_locale":"de_DE","og_type":"article","og_title":"Large Weekender Ocean Blue","og_description":"Die Premium Large Weekender von NORTVI. Langlebig, wasserfest und extrem robust. Die ideale Tasche f\u00fcr einen langen Urlaub.","og_url":"https:\/\/nortvi.com\/de\/produkt\/weekender-reisetasche-blau\/","og_site_name":"NORTVI","article_modified_time":"2025-04-16T13:26:28+00:00","og_image":[{"width":3840,"height":3840,"url":"https:\/\/nortvi.com\/wp-content\/uploads\/2025\/02\/large-weekender-ocean-blue-voorkant-2blur-scaled.jpg","type":"image\/jpeg"}],"twitter_card":"summary_large_image","twitter_misc":{"Preis":"&euro;169.00","Verf\u00fcgbarkeit":"Auf Lager"},"schema":{"@context":"https:\/\/schema.org","@graph":[{"@type":"WebPage","@id":"https:\/\/nortvi.com\/de\/produkt\/weekender-reisetasche-blau\/","url":"https:\/\/nortvi.com\/de\/produkt\/weekender-reisetasche-blau\/","name":"Large Weekender | NORTVI | Schwarz | Nachhaltig & Hochwertig","isPartOf":{"@id":"https:\/\/nortvi.com\/de\/#website"},"primaryImageOfPage":{"@id":"https:\/\/nortvi.com\/de\/produkt\/weekender-reisetasche-blau\/#primaryimage"},"image":{"@id":"https:\/\/nortvi.com\/de\/produkt\/weekender-reisetasche-blau\/#primaryimage"},"thumbnailUrl":"https:\/\/nortvi.com\/wp-content\/uploads\/2025\/02\/large-weekender-ocean-blue-voorkant-2blur-scaled.jpg","datePublished":"2025-02-05T08:22:07+00:00","dateModified":"2025-04-16T13:26:28+00:00","description":"Die Premium Large Weekender von NORTVI. Langlebig, wasserfest und extrem robust. Die ideale Tasche f\u00fcr einen langen Urlaub.","breadcrumb":{"@id":"https:\/\/nortvi.com\/de\/produkt\/weekender-reisetasche-blau\/#breadcrumb"},"inLanguage":"de","potentialAction":[{"@type":"ReadAction","target":["https:\/\/nortvi.com\/de\/produkt\/weekender-reisetasche-blau\/"]}]},{"@type":"ImageObject","inLanguage":"de","@id":"https:\/\/nortvi.com\/de\/produkt\/weekender-reisetasche-blau\/#primaryimage","url":"https:\/\/nortvi.com\/wp-content\/uploads\/2025\/02\/large-weekender-ocean-blue-voorkant-2blur-scaled.jpg","contentUrl":"https:\/\/nortvi.com\/wp-content\/uploads\/2025\/02\/large-weekender-ocean-blue-voorkant-2blur-scaled.jpg","width":3840,"height":3840},{"@type":"BreadcrumbList","@id":"https:\/\/nortvi.com\/de\/produkt\/weekender-reisetasche-blau\/#breadcrumb","itemListElement":[{"@type":"ListItem","position":1,"name":"Home","item":"https:\/\/nortvi.com\/de\/"},{"@type":"ListItem","position":2,"name":"Shop","item":"https:\/\/nortvi.com\/de\/shop\/"},{"@type":"ListItem","position":3,"name":"Taschen","item":"https:\/\/nortvi.com\/de\/taschen\/"},{"@type":"ListItem","position":4,"name":"Large Weekender","item":"https:\/\/nortvi.com\/de\/taschen\/large-weekender-de\/"},{"@type":"ListItem","position":5,"name":"Large Weekender Ocean Blue"}]},{"@type":"WebSite","@id":"https:\/\/nortvi.com\/de\/#website","url":"https:\/\/nortvi.com\/de\/","name":"NORTVI","description":"Sustainable travel gear","publisher":{"@id":"https:\/\/nortvi.com\/de\/#organization"},"potentialAction":[{"@type":"SearchAction","target":{"@type":"EntryPoint","urlTemplate":"https:\/\/nortvi.com\/de\/?s={search_term_string}"},"query-input":{"@type":"PropertyValueSpecification","valueRequired":true,"valueName":"search_term_string"}}],"inLanguage":"de"},{"@type":"Organization","@id":"https:\/\/nortvi.com\/de\/#organization","name":"NORTVI","url":"https:\/\/nortvi.com\/de\/","logo":{"@type":"ImageObject","inLanguage":"de","@id":"https:\/\/nortvi.com\/de\/#\/schema\/logo\/image\/","url":"https:\/\/nortvi.com\/wp-content\/uploads\/2023\/09\/cropped-logo-footer.png","contentUrl":"https:\/\/nortvi.com\/wp-content\/uploads\/2023\/09\/cropped-logo-footer.png","width":300,"height":46,"caption":"NORTVI"},"image":{"@id":"https:\/\/nortvi.com\/de\/#\/schema\/logo\/image\/"},"sameAs":["https:\/\/www.instagram.com\/nortvi\/"]}]},"product_price_amount":"169.00","product_price_currency":"EUR","og_availability":"instock","product_availability":"instock","product_retailer_item_id":"8720618379894","product_condition":"new"},"_links":{"self":[{"href":"https:\/\/nortvi.com\/de\/wp-json\/wp\/v2\/product\/327146","targetHints":{"allow":["GET"]}}],"collection":[{"href":"https:\/\/nortvi.com\/de\/wp-json\/wp\/v2\/product"}],"about":[{"href":"https:\/\/nortvi.com\/de\/wp-json\/wp\/v2\/types\/product"}],"version-history":[{"count":0,"href":"https:\/\/nortvi.com\/de\/wp-json\/wp\/v2\/product\/327146\/revisions"}],"wp:featuredmedia":[{"embeddable":true,"href":"https:\/\/nortvi.com\/de\/wp-json\/wp\/v2\/media\/345608"}],"wp:attachment":[{"href":"https:\/\/nortvi.com\/de\/wp-json\/wp\/v2\/media?parent=327146"}],"wp:term":[{"taxonomy":"product_brand","embeddable":true,"href":"https:\/\/nortvi.com\/de\/wp-json\/wp\/v2\/product_brand?post=327146"},{"taxonomy":"product_cat","embeddable":true,"href":"https:\/\/nortvi.com\/de\/wp-json\/wp\/v2\/product_cat?post=327146"},{"taxonomy":"product_tag","embeddable":true,"href":"https:\/\/nortvi.com\/de\/wp-json\/wp\/v2\/product_tag?post=327146"}],"curies":[{"name":"wp","href":"https:\/\/api.w.org\/{rel}","templated":true}]}}