{"id":325934,"date":"2025-01-23T08:44:01","date_gmt":"2025-01-23T07:43:20","guid":{"rendered":"https:\/\/nortvi.com\/?post_type=product&#038;p=325934"},"modified":"2026-04-01T07:04:26","modified_gmt":"2026-04-01T05:04:26","slug":"puffer-tasche-klein-schwarz","status":"publish","type":"product","link":"https:\/\/nortvi.com\/de\/produkt\/puffer-tasche-klein-schwarz\/","title":{"rendered":"Puffer Midnight Black"},"content":{"rendered":"\n<p>Eine kompakte Version unserer bekannten Puffer Bag. Diese stilvolle Tasche wurde von Hand entworfen und aus 100 % umweltfreundlichen Materialien gefertigt. Sie ist sorgf\u00e4ltig verarbeitet und wasserabweisend \u2013 die perfekte Tasche f\u00fcr jeden Anlass. Die Puffer Bag verf\u00fcgt \u00fcber separate Innenf\u00e4cher und ist der ideale Begleiter f\u00fcr Ihre t\u00e4glichen Ausfl\u00fcge.<\/p>\n\n\n\n<p><\/p>\n","protected":false},"excerpt":{"rendered":"<p><span data-sheets-root=\"1\">Eine kompakte Version unserer bekannten Puffer Bag. Diese stilvolle Tasche wurde von Hand entworfen und aus 100 % umweltfreundlichen Materialien gefertigt. Sie ist sorgf\u00e4ltig verarbeitet und wasserabweisend \u2013 die perfekte Tasche f\u00fcr jeden Anlass. Die Puffer Bag verf\u00fcgt \u00fcber separate Innenf\u00e4cher und ist der ideale Begleiter f\u00fcr Ihre t\u00e4glichen Ausfl\u00fcge. <\/span><\/p>\n","protected":false},"featured_media":345770,"template":"","meta":{"_acf_changed":false,"footnotes":""},"product_brand":[],"product_cat":[369],"product_tag":[],"class_list":{"0":"post-325934","1":"product","2":"type-product","3":"status-publish","4":"has-post-thumbnail","6":"product_cat-puffer-tasche-small","8":"first","9":"instock","10":"taxable","11":"shipping-taxable","12":"purchasable","13":"product-type-simple"},"composite_virtual":false,"composite_layout":"","composite_add_to_cart_form_location":"","composite_editable_in_cart":false,"composite_sold_individually_context":"","composite_shop_price_calc":"","composite_components":[],"composite_scenarios":[],"acf":[],"yoast_head":"<!-- This site is optimized with the Yoast SEO Premium plugin v27.1 (Yoast SEO v27.3) - https:\/\/yoast.com\/product\/yoast-seo-premium-wordpress\/ -->\n<title>Puffertasche Schwarz kaufen? Stilvoll und nachhaltig<\/title>\n<meta name=\"description\" content=\"Die stilvolle schwarze Puffertasche: modisch, nachhaltig und wasserabweisend. Ein zeitloses Design, ideal f\u00fcr den Alltag und jede Gelegenheit.\" \/>\n<meta name=\"robots\" content=\"index, follow, max-snippet:-1, max-image-preview:large, max-video-preview:-1\" \/>\n<link rel=\"canonical\" href=\"https:\/\/nortvi.com\/de\/produkt\/puffer-tasche-klein-schwarz\/\" \/>\n<meta property=\"og:locale\" content=\"de_DE\" \/>\n<meta property=\"og:type\" content=\"article\" \/>\n<meta property=\"og:title\" content=\"Puffer Midnight Black\" \/>\n<meta property=\"og:description\" content=\"Die stilvolle schwarze Puffertasche: modisch, nachhaltig und wasserabweisend. Ein zeitloses Design, ideal f\u00fcr den Alltag und jede Gelegenheit.\" \/>\n<meta property=\"og:url\" content=\"https:\/\/nortvi.com\/de\/produkt\/puffer-tasche-klein-schwarz\/\" \/>\n<meta property=\"og:site_name\" content=\"NORTVI\" \/>\n<meta property=\"article:modified_time\" content=\"2026-04-01T05:04:26+00:00\" \/>\n<meta property=\"og:image\" content=\"https:\/\/nortvi.com\/wp-content\/uploads\/2025\/01\/puffer-midnight-black-voorkant-2-scaled.jpg\" \/>\n\t<meta property=\"og:image:width\" content=\"3840\" \/>\n\t<meta property=\"og:image:height\" content=\"3840\" \/>\n\t<meta property=\"og:image:type\" content=\"image\/jpeg\" \/>\n<meta name=\"twitter:card\" content=\"summary_large_image\" \/>\n<meta name=\"twitter:label1\" content=\"Preis\" \/>\n\t<meta name=\"twitter:data1\" content=\"&euro;119.00\" \/>\n\t<meta name=\"twitter:label2\" content=\"Verf\u00fcgbarkeit\" \/>\n\t<meta name=\"twitter:data2\" content=\"Auf Lager\" \/>\n<script type=\"application\/ld+json\" class=\"yoast-schema-graph\">{\"@context\":\"https:\\\/\\\/schema.org\",\"@graph\":[{\"@type\":\"WebPage\",\"@id\":\"https:\\\/\\\/nortvi.com\\\/de\\\/produkt\\\/puffer-tasche-klein-schwarz\\\/\",\"url\":\"https:\\\/\\\/nortvi.com\\\/de\\\/produkt\\\/puffer-tasche-klein-schwarz\\\/\",\"name\":\"Puffertasche Schwarz kaufen? Stilvoll und nachhaltig\",\"isPartOf\":{\"@id\":\"https:\\\/\\\/nortvi.com\\\/de\\\/#website\"},\"primaryImageOfPage\":{\"@id\":\"https:\\\/\\\/nortvi.com\\\/de\\\/produkt\\\/puffer-tasche-klein-schwarz\\\/#primaryimage\"},\"image\":{\"@id\":\"https:\\\/\\\/nortvi.com\\\/de\\\/produkt\\\/puffer-tasche-klein-schwarz\\\/#primaryimage\"},\"thumbnailUrl\":\"https:\\\/\\\/nortvi.com\\\/wp-content\\\/uploads\\\/2025\\\/01\\\/puffer-midnight-black-voorkant-2-scaled.jpg\",\"datePublished\":\"2025-01-23T07:43:20+00:00\",\"dateModified\":\"2026-04-01T05:04:26+00:00\",\"description\":\"Die stilvolle schwarze Puffertasche: modisch, nachhaltig und wasserabweisend. Ein zeitloses Design, ideal f\u00fcr den Alltag und jede Gelegenheit.\",\"breadcrumb\":{\"@id\":\"https:\\\/\\\/nortvi.com\\\/de\\\/produkt\\\/puffer-tasche-klein-schwarz\\\/#breadcrumb\"},\"inLanguage\":\"de\",\"potentialAction\":[{\"@type\":\"ReadAction\",\"target\":[\"https:\\\/\\\/nortvi.com\\\/de\\\/produkt\\\/puffer-tasche-klein-schwarz\\\/\"]}]},{\"@type\":\"ImageObject\",\"inLanguage\":\"de\",\"@id\":\"https:\\\/\\\/nortvi.com\\\/de\\\/produkt\\\/puffer-tasche-klein-schwarz\\\/#primaryimage\",\"url\":\"https:\\\/\\\/nortvi.com\\\/wp-content\\\/uploads\\\/2025\\\/01\\\/puffer-midnight-black-voorkant-2-scaled.jpg\",\"contentUrl\":\"https:\\\/\\\/nortvi.com\\\/wp-content\\\/uploads\\\/2025\\\/01\\\/puffer-midnight-black-voorkant-2-scaled.jpg\",\"width\":3840,\"height\":3840},{\"@type\":\"BreadcrumbList\",\"@id\":\"https:\\\/\\\/nortvi.com\\\/de\\\/produkt\\\/puffer-tasche-klein-schwarz\\\/#breadcrumb\",\"itemListElement\":[{\"@type\":\"ListItem\",\"position\":1,\"name\":\"Home\",\"item\":\"https:\\\/\\\/nortvi.com\\\/de\\\/\"},{\"@type\":\"ListItem\",\"position\":2,\"name\":\"Shop\",\"item\":\"https:\\\/\\\/nortvi.com\\\/de\\\/shop\\\/\"},{\"@type\":\"ListItem\",\"position\":3,\"name\":\"Taschen\",\"item\":\"https:\\\/\\\/nortvi.com\\\/de\\\/taschen\\\/\"},{\"@type\":\"ListItem\",\"position\":4,\"name\":\"Puffer\",\"item\":\"https:\\\/\\\/nortvi.com\\\/de\\\/taschen\\\/puffer-tasche-small\\\/\"},{\"@type\":\"ListItem\",\"position\":5,\"name\":\"Puffer Midnight Black\"}]},{\"@type\":\"WebSite\",\"@id\":\"https:\\\/\\\/nortvi.com\\\/de\\\/#website\",\"url\":\"https:\\\/\\\/nortvi.com\\\/de\\\/\",\"name\":\"NORTVI\",\"description\":\"Sustainable travel gear\",\"publisher\":{\"@id\":\"https:\\\/\\\/nortvi.com\\\/de\\\/#organization\"},\"potentialAction\":[{\"@type\":\"SearchAction\",\"target\":{\"@type\":\"EntryPoint\",\"urlTemplate\":\"https:\\\/\\\/nortvi.com\\\/de\\\/?s={search_term_string}\"},\"query-input\":{\"@type\":\"PropertyValueSpecification\",\"valueRequired\":true,\"valueName\":\"search_term_string\"}}],\"inLanguage\":\"de\"},{\"@type\":\"Organization\",\"@id\":\"https:\\\/\\\/nortvi.com\\\/de\\\/#organization\",\"name\":\"NORTVI\",\"url\":\"https:\\\/\\\/nortvi.com\\\/de\\\/\",\"logo\":{\"@type\":\"ImageObject\",\"inLanguage\":\"de\",\"@id\":\"https:\\\/\\\/nortvi.com\\\/de\\\/#\\\/schema\\\/logo\\\/image\\\/\",\"url\":\"https:\\\/\\\/nortvi.com\\\/wp-content\\\/uploads\\\/2023\\\/09\\\/cropped-logo-footer.png\",\"contentUrl\":\"https:\\\/\\\/nortvi.com\\\/wp-content\\\/uploads\\\/2023\\\/09\\\/cropped-logo-footer.png\",\"width\":300,\"height\":46,\"caption\":\"NORTVI\"},\"image\":{\"@id\":\"https:\\\/\\\/nortvi.com\\\/de\\\/#\\\/schema\\\/logo\\\/image\\\/\"},\"sameAs\":[\"https:\\\/\\\/www.instagram.com\\\/nortvi\\\/\"]}]}<\/script>\n<meta property=\"product:price:amount\" content=\"119.00\" \/>\n<meta property=\"product:price:currency\" content=\"EUR\" \/>\n<meta property=\"og:availability\" content=\"instock\" \/>\n<meta property=\"product:availability\" content=\"instock\" \/>\n<meta property=\"product:retailer_item_id\" content=\"8720618379740\" \/>\n<meta property=\"product:condition\" content=\"new\" \/>\n<!-- \/ Yoast SEO Premium plugin. -->","yoast_head_json":{"title":"Puffertasche Schwarz kaufen? Stilvoll und nachhaltig","description":"Die stilvolle schwarze Puffertasche: modisch, nachhaltig und wasserabweisend. Ein zeitloses Design, ideal f\u00fcr den Alltag und jede Gelegenheit.","robots":{"index":"index","follow":"follow","max-snippet":"max-snippet:-1","max-image-preview":"max-image-preview:large","max-video-preview":"max-video-preview:-1"},"canonical":"https:\/\/nortvi.com\/de\/produkt\/puffer-tasche-klein-schwarz\/","og_locale":"de_DE","og_type":"article","og_title":"Puffer Midnight Black","og_description":"Die stilvolle schwarze Puffertasche: modisch, nachhaltig und wasserabweisend. Ein zeitloses Design, ideal f\u00fcr den Alltag und jede Gelegenheit.","og_url":"https:\/\/nortvi.com\/de\/produkt\/puffer-tasche-klein-schwarz\/","og_site_name":"NORTVI","article_modified_time":"2026-04-01T05:04:26+00:00","og_image":[{"width":3840,"height":3840,"url":"https:\/\/nortvi.com\/wp-content\/uploads\/2025\/01\/puffer-midnight-black-voorkant-2-scaled.jpg","type":"image\/jpeg"}],"twitter_card":"summary_large_image","twitter_misc":{"Preis":"&euro;119.00","Verf\u00fcgbarkeit":"Auf Lager"},"schema":{"@context":"https:\/\/schema.org","@graph":[{"@type":"WebPage","@id":"https:\/\/nortvi.com\/de\/produkt\/puffer-tasche-klein-schwarz\/","url":"https:\/\/nortvi.com\/de\/produkt\/puffer-tasche-klein-schwarz\/","name":"Puffertasche Schwarz kaufen? Stilvoll und nachhaltig","isPartOf":{"@id":"https:\/\/nortvi.com\/de\/#website"},"primaryImageOfPage":{"@id":"https:\/\/nortvi.com\/de\/produkt\/puffer-tasche-klein-schwarz\/#primaryimage"},"image":{"@id":"https:\/\/nortvi.com\/de\/produkt\/puffer-tasche-klein-schwarz\/#primaryimage"},"thumbnailUrl":"https:\/\/nortvi.com\/wp-content\/uploads\/2025\/01\/puffer-midnight-black-voorkant-2-scaled.jpg","datePublished":"2025-01-23T07:43:20+00:00","dateModified":"2026-04-01T05:04:26+00:00","description":"Die stilvolle schwarze Puffertasche: modisch, nachhaltig und wasserabweisend. Ein zeitloses Design, ideal f\u00fcr den Alltag und jede Gelegenheit.","breadcrumb":{"@id":"https:\/\/nortvi.com\/de\/produkt\/puffer-tasche-klein-schwarz\/#breadcrumb"},"inLanguage":"de","potentialAction":[{"@type":"ReadAction","target":["https:\/\/nortvi.com\/de\/produkt\/puffer-tasche-klein-schwarz\/"]}]},{"@type":"ImageObject","inLanguage":"de","@id":"https:\/\/nortvi.com\/de\/produkt\/puffer-tasche-klein-schwarz\/#primaryimage","url":"https:\/\/nortvi.com\/wp-content\/uploads\/2025\/01\/puffer-midnight-black-voorkant-2-scaled.jpg","contentUrl":"https:\/\/nortvi.com\/wp-content\/uploads\/2025\/01\/puffer-midnight-black-voorkant-2-scaled.jpg","width":3840,"height":3840},{"@type":"BreadcrumbList","@id":"https:\/\/nortvi.com\/de\/produkt\/puffer-tasche-klein-schwarz\/#breadcrumb","itemListElement":[{"@type":"ListItem","position":1,"name":"Home","item":"https:\/\/nortvi.com\/de\/"},{"@type":"ListItem","position":2,"name":"Shop","item":"https:\/\/nortvi.com\/de\/shop\/"},{"@type":"ListItem","position":3,"name":"Taschen","item":"https:\/\/nortvi.com\/de\/taschen\/"},{"@type":"ListItem","position":4,"name":"Puffer","item":"https:\/\/nortvi.com\/de\/taschen\/puffer-tasche-small\/"},{"@type":"ListItem","position":5,"name":"Puffer Midnight Black"}]},{"@type":"WebSite","@id":"https:\/\/nortvi.com\/de\/#website","url":"https:\/\/nortvi.com\/de\/","name":"NORTVI","description":"Sustainable travel gear","publisher":{"@id":"https:\/\/nortvi.com\/de\/#organization"},"potentialAction":[{"@type":"SearchAction","target":{"@type":"EntryPoint","urlTemplate":"https:\/\/nortvi.com\/de\/?s={search_term_string}"},"query-input":{"@type":"PropertyValueSpecification","valueRequired":true,"valueName":"search_term_string"}}],"inLanguage":"de"},{"@type":"Organization","@id":"https:\/\/nortvi.com\/de\/#organization","name":"NORTVI","url":"https:\/\/nortvi.com\/de\/","logo":{"@type":"ImageObject","inLanguage":"de","@id":"https:\/\/nortvi.com\/de\/#\/schema\/logo\/image\/","url":"https:\/\/nortvi.com\/wp-content\/uploads\/2023\/09\/cropped-logo-footer.png","contentUrl":"https:\/\/nortvi.com\/wp-content\/uploads\/2023\/09\/cropped-logo-footer.png","width":300,"height":46,"caption":"NORTVI"},"image":{"@id":"https:\/\/nortvi.com\/de\/#\/schema\/logo\/image\/"},"sameAs":["https:\/\/www.instagram.com\/nortvi\/"]}]},"product_price_amount":"119.00","product_price_currency":"EUR","og_availability":"instock","product_availability":"instock","product_retailer_item_id":"8720618379740","product_condition":"new"},"_links":{"self":[{"href":"https:\/\/nortvi.com\/de\/wp-json\/wp\/v2\/product\/325934","targetHints":{"allow":["GET"]}}],"collection":[{"href":"https:\/\/nortvi.com\/de\/wp-json\/wp\/v2\/product"}],"about":[{"href":"https:\/\/nortvi.com\/de\/wp-json\/wp\/v2\/types\/product"}],"version-history":[{"count":0,"href":"https:\/\/nortvi.com\/de\/wp-json\/wp\/v2\/product\/325934\/revisions"}],"wp:featuredmedia":[{"embeddable":true,"href":"https:\/\/nortvi.com\/de\/wp-json\/wp\/v2\/media\/345770"}],"wp:attachment":[{"href":"https:\/\/nortvi.com\/de\/wp-json\/wp\/v2\/media?parent=325934"}],"wp:term":[{"taxonomy":"product_brand","embeddable":true,"href":"https:\/\/nortvi.com\/de\/wp-json\/wp\/v2\/product_brand?post=325934"},{"taxonomy":"product_cat","embeddable":true,"href":"https:\/\/nortvi.com\/de\/wp-json\/wp\/v2\/product_cat?post=325934"},{"taxonomy":"product_tag","embeddable":true,"href":"https:\/\/nortvi.com\/de\/wp-json\/wp\/v2\/product_tag?post=325934"}],"curies":[{"name":"wp","href":"https:\/\/api.w.org\/{rel}","templated":true}]}}