{"id":325225,"date":"2025-01-16T09:18:50","date_gmt":"2025-01-16T08:42:11","guid":{"rendered":"https:\/\/nortvi.com\/?post_type=product&#038;p=325225"},"modified":"2026-04-01T16:16:38","modified_gmt":"2026-04-01T14:16:38","slug":"aktentasche-schwarz","status":"publish","type":"product","link":"https:\/\/nortvi.com\/de\/produkt\/aktentasche-schwarz\/","title":{"rendered":"Briefcase Midnight Black"},"content":{"rendered":"\n<p>Unsere stilvolle und funktionale Aktentasche ist perfekt f\u00fcr jede Gesch\u00e4ftsreise. Das elegante Design ist aus unserem exklusiven umweltfreundlichen Leder gefertigt und verleiht jedem Outfit einen Hauch von Luxus. Im Inneren befindet sich ein ger\u00e4umiges Fach mit verst\u00e4rktem Bereich f\u00fcr Laptops bis 16 Zoll, ein Stifthalter und ein integrierter Kartenhalter. F\u00fcr zus\u00e4tzlichen Komfort l\u00e4sst sich einfach ein abnehmbarer Schultergurt anbringen, sodass die Aktentasche bequem zu tragen ist.<\/p>\n\n\n\n<p><\/p>\n","protected":false},"excerpt":{"rendered":"<p><span data-sheets-root=\"1\">Unsere stilvolle und funktionale Aktentasche ist perfekt f\u00fcr jede Gesch\u00e4ftsreise. Das elegante Design ist aus unserem exklusiven umweltfreundlichen Leder gefertigt und verleiht jedem Outfit einen Hauch von Luxus. Im Inneren befindet sich ein ger\u00e4umiges Fach mit verst\u00e4rktem Bereich f\u00fcr Laptops bis 16 Zoll, ein Stifthalter und ein integrierter Kartenhalter. F\u00fcr zus\u00e4tzlichen Komfort l\u00e4sst sich einfach ein abnehmbarer Schultergurt anbringen, sodass die Aktentasche bequem zu tragen ist.<\/span><\/p>\n","protected":false},"featured_media":345750,"template":"","meta":{"_acf_changed":false,"footnotes":""},"product_brand":[],"product_cat":[365],"product_tag":[],"class_list":{"0":"post-325225","1":"product","2":"type-product","3":"status-publish","4":"has-post-thumbnail","6":"product_cat-aktentasche","8":"first","9":"instock","10":"taxable","11":"shipping-taxable","12":"purchasable","13":"product-type-simple"},"composite_virtual":false,"composite_layout":"","composite_add_to_cart_form_location":"","composite_editable_in_cart":false,"composite_sold_individually_context":"","composite_shop_price_calc":"","composite_components":[],"composite_scenarios":[],"acf":[],"yoast_head":"<!-- This site is optimized with the Yoast SEO Premium plugin v27.1 (Yoast SEO v27.3) - https:\/\/yoast.com\/product\/yoast-seo-premium-wordpress\/ -->\n<title>Aktentasche oder arbeitstache kaufen? | Schwarz<\/title>\n<meta name=\"description\" content=\"Entdecken Sie die schwarze Aktentasche von NORTVI \u2013 perfekt kombinierbar und ideal als Arbeitstasche. Genie\u00dfen Sie eine lebenslange Garantie.\" \/>\n<meta name=\"robots\" content=\"index, follow, max-snippet:-1, max-image-preview:large, max-video-preview:-1\" \/>\n<link rel=\"canonical\" href=\"https:\/\/nortvi.com\/de\/produkt\/aktentasche-schwarz\/\" \/>\n<meta property=\"og:locale\" content=\"de_DE\" \/>\n<meta property=\"og:type\" content=\"article\" \/>\n<meta property=\"og:title\" content=\"Briefcase Midnight Black\" \/>\n<meta property=\"og:description\" content=\"Entdecken Sie die schwarze Aktentasche von NORTVI \u2013 perfekt kombinierbar und ideal als Arbeitstasche. Genie\u00dfen Sie eine lebenslange Garantie.\" \/>\n<meta property=\"og:url\" content=\"https:\/\/nortvi.com\/de\/produkt\/aktentasche-schwarz\/\" \/>\n<meta property=\"og:site_name\" content=\"NORTVI\" \/>\n<meta property=\"article:modified_time\" content=\"2026-04-01T14:16:38+00:00\" \/>\n<meta property=\"og:image\" content=\"https:\/\/nortvi.com\/wp-content\/uploads\/2025\/01\/briefcase-midnight-black-voorkant-1-scaled.jpg\" \/>\n\t<meta property=\"og:image:width\" content=\"3840\" \/>\n\t<meta property=\"og:image:height\" content=\"3840\" \/>\n\t<meta property=\"og:image:type\" content=\"image\/jpeg\" \/>\n<meta name=\"twitter:card\" content=\"summary_large_image\" \/>\n<meta name=\"twitter:label1\" content=\"Preis\" \/>\n\t<meta name=\"twitter:data1\" content=\"&euro;229.00\" \/>\n\t<meta name=\"twitter:label2\" content=\"Verf\u00fcgbarkeit\" \/>\n\t<meta name=\"twitter:data2\" content=\"Auf Lager\" \/>\n<script type=\"application\/ld+json\" class=\"yoast-schema-graph\">{\"@context\":\"https:\\\/\\\/schema.org\",\"@graph\":[{\"@type\":\"WebPage\",\"@id\":\"https:\\\/\\\/nortvi.com\\\/de\\\/produkt\\\/aktentasche-schwarz\\\/\",\"url\":\"https:\\\/\\\/nortvi.com\\\/de\\\/produkt\\\/aktentasche-schwarz\\\/\",\"name\":\"Aktentasche oder arbeitstache kaufen? | Schwarz\",\"isPartOf\":{\"@id\":\"https:\\\/\\\/nortvi.com\\\/de\\\/#website\"},\"primaryImageOfPage\":{\"@id\":\"https:\\\/\\\/nortvi.com\\\/de\\\/produkt\\\/aktentasche-schwarz\\\/#primaryimage\"},\"image\":{\"@id\":\"https:\\\/\\\/nortvi.com\\\/de\\\/produkt\\\/aktentasche-schwarz\\\/#primaryimage\"},\"thumbnailUrl\":\"https:\\\/\\\/nortvi.com\\\/wp-content\\\/uploads\\\/2025\\\/01\\\/briefcase-midnight-black-voorkant-1-scaled.jpg\",\"datePublished\":\"2025-01-16T08:42:11+00:00\",\"dateModified\":\"2026-04-01T14:16:38+00:00\",\"description\":\"Entdecken Sie die schwarze Aktentasche von NORTVI \u2013 perfekt kombinierbar und ideal als Arbeitstasche. Genie\u00dfen Sie eine lebenslange Garantie.\",\"breadcrumb\":{\"@id\":\"https:\\\/\\\/nortvi.com\\\/de\\\/produkt\\\/aktentasche-schwarz\\\/#breadcrumb\"},\"inLanguage\":\"de\",\"potentialAction\":[{\"@type\":\"ReadAction\",\"target\":[\"https:\\\/\\\/nortvi.com\\\/de\\\/produkt\\\/aktentasche-schwarz\\\/\"]}]},{\"@type\":\"ImageObject\",\"inLanguage\":\"de\",\"@id\":\"https:\\\/\\\/nortvi.com\\\/de\\\/produkt\\\/aktentasche-schwarz\\\/#primaryimage\",\"url\":\"https:\\\/\\\/nortvi.com\\\/wp-content\\\/uploads\\\/2025\\\/01\\\/briefcase-midnight-black-voorkant-1-scaled.jpg\",\"contentUrl\":\"https:\\\/\\\/nortvi.com\\\/wp-content\\\/uploads\\\/2025\\\/01\\\/briefcase-midnight-black-voorkant-1-scaled.jpg\",\"width\":3840,\"height\":3840},{\"@type\":\"BreadcrumbList\",\"@id\":\"https:\\\/\\\/nortvi.com\\\/de\\\/produkt\\\/aktentasche-schwarz\\\/#breadcrumb\",\"itemListElement\":[{\"@type\":\"ListItem\",\"position\":1,\"name\":\"Home\",\"item\":\"https:\\\/\\\/nortvi.com\\\/de\\\/\"},{\"@type\":\"ListItem\",\"position\":2,\"name\":\"Shop\",\"item\":\"https:\\\/\\\/nortvi.com\\\/de\\\/shop\\\/\"},{\"@type\":\"ListItem\",\"position\":3,\"name\":\"Taschen\",\"item\":\"https:\\\/\\\/nortvi.com\\\/de\\\/taschen\\\/\"},{\"@type\":\"ListItem\",\"position\":4,\"name\":\"Briefcase\",\"item\":\"https:\\\/\\\/nortvi.com\\\/de\\\/taschen\\\/aktentasche\\\/\"},{\"@type\":\"ListItem\",\"position\":5,\"name\":\"Briefcase Midnight Black\"}]},{\"@type\":\"WebSite\",\"@id\":\"https:\\\/\\\/nortvi.com\\\/de\\\/#website\",\"url\":\"https:\\\/\\\/nortvi.com\\\/de\\\/\",\"name\":\"NORTVI\",\"description\":\"Sustainable travel gear\",\"publisher\":{\"@id\":\"https:\\\/\\\/nortvi.com\\\/de\\\/#organization\"},\"potentialAction\":[{\"@type\":\"SearchAction\",\"target\":{\"@type\":\"EntryPoint\",\"urlTemplate\":\"https:\\\/\\\/nortvi.com\\\/de\\\/?s={search_term_string}\"},\"query-input\":{\"@type\":\"PropertyValueSpecification\",\"valueRequired\":true,\"valueName\":\"search_term_string\"}}],\"inLanguage\":\"de\"},{\"@type\":\"Organization\",\"@id\":\"https:\\\/\\\/nortvi.com\\\/de\\\/#organization\",\"name\":\"NORTVI\",\"url\":\"https:\\\/\\\/nortvi.com\\\/de\\\/\",\"logo\":{\"@type\":\"ImageObject\",\"inLanguage\":\"de\",\"@id\":\"https:\\\/\\\/nortvi.com\\\/de\\\/#\\\/schema\\\/logo\\\/image\\\/\",\"url\":\"https:\\\/\\\/nortvi.com\\\/wp-content\\\/uploads\\\/2023\\\/09\\\/cropped-logo-footer.png\",\"contentUrl\":\"https:\\\/\\\/nortvi.com\\\/wp-content\\\/uploads\\\/2023\\\/09\\\/cropped-logo-footer.png\",\"width\":300,\"height\":46,\"caption\":\"NORTVI\"},\"image\":{\"@id\":\"https:\\\/\\\/nortvi.com\\\/de\\\/#\\\/schema\\\/logo\\\/image\\\/\"},\"sameAs\":[\"https:\\\/\\\/www.instagram.com\\\/nortvi\\\/\"]}]}<\/script>\n<meta property=\"product:price:amount\" content=\"229.00\" \/>\n<meta property=\"product:price:currency\" content=\"EUR\" \/>\n<meta property=\"og:availability\" content=\"instock\" \/>\n<meta property=\"product:availability\" content=\"instock\" \/>\n<meta property=\"product:retailer_item_id\" content=\"8720618379757\" \/>\n<meta property=\"product:condition\" content=\"new\" \/>\n<!-- \/ Yoast SEO Premium plugin. -->","yoast_head_json":{"title":"Aktentasche oder arbeitstache kaufen? | Schwarz","description":"Entdecken Sie die schwarze Aktentasche von NORTVI \u2013 perfekt kombinierbar und ideal als Arbeitstasche. Genie\u00dfen Sie eine lebenslange Garantie.","robots":{"index":"index","follow":"follow","max-snippet":"max-snippet:-1","max-image-preview":"max-image-preview:large","max-video-preview":"max-video-preview:-1"},"canonical":"https:\/\/nortvi.com\/de\/produkt\/aktentasche-schwarz\/","og_locale":"de_DE","og_type":"article","og_title":"Briefcase Midnight Black","og_description":"Entdecken Sie die schwarze Aktentasche von NORTVI \u2013 perfekt kombinierbar und ideal als Arbeitstasche. Genie\u00dfen Sie eine lebenslange Garantie.","og_url":"https:\/\/nortvi.com\/de\/produkt\/aktentasche-schwarz\/","og_site_name":"NORTVI","article_modified_time":"2026-04-01T14:16:38+00:00","og_image":[{"width":3840,"height":3840,"url":"https:\/\/nortvi.com\/wp-content\/uploads\/2025\/01\/briefcase-midnight-black-voorkant-1-scaled.jpg","type":"image\/jpeg"}],"twitter_card":"summary_large_image","twitter_misc":{"Preis":"&euro;229.00","Verf\u00fcgbarkeit":"Auf Lager"},"schema":{"@context":"https:\/\/schema.org","@graph":[{"@type":"WebPage","@id":"https:\/\/nortvi.com\/de\/produkt\/aktentasche-schwarz\/","url":"https:\/\/nortvi.com\/de\/produkt\/aktentasche-schwarz\/","name":"Aktentasche oder arbeitstache kaufen? | Schwarz","isPartOf":{"@id":"https:\/\/nortvi.com\/de\/#website"},"primaryImageOfPage":{"@id":"https:\/\/nortvi.com\/de\/produkt\/aktentasche-schwarz\/#primaryimage"},"image":{"@id":"https:\/\/nortvi.com\/de\/produkt\/aktentasche-schwarz\/#primaryimage"},"thumbnailUrl":"https:\/\/nortvi.com\/wp-content\/uploads\/2025\/01\/briefcase-midnight-black-voorkant-1-scaled.jpg","datePublished":"2025-01-16T08:42:11+00:00","dateModified":"2026-04-01T14:16:38+00:00","description":"Entdecken Sie die schwarze Aktentasche von NORTVI \u2013 perfekt kombinierbar und ideal als Arbeitstasche. Genie\u00dfen Sie eine lebenslange Garantie.","breadcrumb":{"@id":"https:\/\/nortvi.com\/de\/produkt\/aktentasche-schwarz\/#breadcrumb"},"inLanguage":"de","potentialAction":[{"@type":"ReadAction","target":["https:\/\/nortvi.com\/de\/produkt\/aktentasche-schwarz\/"]}]},{"@type":"ImageObject","inLanguage":"de","@id":"https:\/\/nortvi.com\/de\/produkt\/aktentasche-schwarz\/#primaryimage","url":"https:\/\/nortvi.com\/wp-content\/uploads\/2025\/01\/briefcase-midnight-black-voorkant-1-scaled.jpg","contentUrl":"https:\/\/nortvi.com\/wp-content\/uploads\/2025\/01\/briefcase-midnight-black-voorkant-1-scaled.jpg","width":3840,"height":3840},{"@type":"BreadcrumbList","@id":"https:\/\/nortvi.com\/de\/produkt\/aktentasche-schwarz\/#breadcrumb","itemListElement":[{"@type":"ListItem","position":1,"name":"Home","item":"https:\/\/nortvi.com\/de\/"},{"@type":"ListItem","position":2,"name":"Shop","item":"https:\/\/nortvi.com\/de\/shop\/"},{"@type":"ListItem","position":3,"name":"Taschen","item":"https:\/\/nortvi.com\/de\/taschen\/"},{"@type":"ListItem","position":4,"name":"Briefcase","item":"https:\/\/nortvi.com\/de\/taschen\/aktentasche\/"},{"@type":"ListItem","position":5,"name":"Briefcase Midnight Black"}]},{"@type":"WebSite","@id":"https:\/\/nortvi.com\/de\/#website","url":"https:\/\/nortvi.com\/de\/","name":"NORTVI","description":"Sustainable travel gear","publisher":{"@id":"https:\/\/nortvi.com\/de\/#organization"},"potentialAction":[{"@type":"SearchAction","target":{"@type":"EntryPoint","urlTemplate":"https:\/\/nortvi.com\/de\/?s={search_term_string}"},"query-input":{"@type":"PropertyValueSpecification","valueRequired":true,"valueName":"search_term_string"}}],"inLanguage":"de"},{"@type":"Organization","@id":"https:\/\/nortvi.com\/de\/#organization","name":"NORTVI","url":"https:\/\/nortvi.com\/de\/","logo":{"@type":"ImageObject","inLanguage":"de","@id":"https:\/\/nortvi.com\/de\/#\/schema\/logo\/image\/","url":"https:\/\/nortvi.com\/wp-content\/uploads\/2023\/09\/cropped-logo-footer.png","contentUrl":"https:\/\/nortvi.com\/wp-content\/uploads\/2023\/09\/cropped-logo-footer.png","width":300,"height":46,"caption":"NORTVI"},"image":{"@id":"https:\/\/nortvi.com\/de\/#\/schema\/logo\/image\/"},"sameAs":["https:\/\/www.instagram.com\/nortvi\/"]}]},"product_price_amount":"229.00","product_price_currency":"EUR","og_availability":"instock","product_availability":"instock","product_retailer_item_id":"8720618379757","product_condition":"new"},"_links":{"self":[{"href":"https:\/\/nortvi.com\/de\/wp-json\/wp\/v2\/product\/325225","targetHints":{"allow":["GET"]}}],"collection":[{"href":"https:\/\/nortvi.com\/de\/wp-json\/wp\/v2\/product"}],"about":[{"href":"https:\/\/nortvi.com\/de\/wp-json\/wp\/v2\/types\/product"}],"version-history":[{"count":0,"href":"https:\/\/nortvi.com\/de\/wp-json\/wp\/v2\/product\/325225\/revisions"}],"wp:featuredmedia":[{"embeddable":true,"href":"https:\/\/nortvi.com\/de\/wp-json\/wp\/v2\/media\/345750"}],"wp:attachment":[{"href":"https:\/\/nortvi.com\/de\/wp-json\/wp\/v2\/media?parent=325225"}],"wp:term":[{"taxonomy":"product_brand","embeddable":true,"href":"https:\/\/nortvi.com\/de\/wp-json\/wp\/v2\/product_brand?post=325225"},{"taxonomy":"product_cat","embeddable":true,"href":"https:\/\/nortvi.com\/de\/wp-json\/wp\/v2\/product_cat?post=325225"},{"taxonomy":"product_tag","embeddable":true,"href":"https:\/\/nortvi.com\/de\/wp-json\/wp\/v2\/product_tag?post=325225"}],"curies":[{"name":"wp","href":"https:\/\/api.w.org\/{rel}","templated":true}]}}