{"id":322349,"date":"2024-12-19T09:30:07","date_gmt":"2024-12-19T08:30:09","guid":{"rendered":"https:\/\/nortvi.com\/?post_type=product&#038;p=322349"},"modified":"2026-04-01T16:19:06","modified_gmt":"2026-04-01T14:19:06","slug":"active-backpack-midnight-black","status":"publish","type":"product","link":"https:\/\/nortvi.com\/de\/produkt\/active-backpack-midnight-black\/","title":{"rendered":"Active Backpack Midnight Black"},"content":{"rendered":"\n<p>Lernen Sie den perfekten Rucksack f\u00fcr jedes Wetter kennen. Der Active sorgt dank seines wasserabweisenden Designs daf\u00fcr, dass Ihre Sachen vollst\u00e4ndig gesch\u00fctzt sind. Der Rucksack ist aus unseren hochwertigen, umweltfreundlichen Materialien perfekt gestaltet. Der Active ist luxuri\u00f6s und f\u00fcr alle Umst\u00e4nde geeignet. Im Inneren finden Sie ger\u00e4umige F\u00e4cher mit zus\u00e4tzlichen Aufbewahrungsm\u00f6glichkeiten, sodass Ihre wichtigsten Gegenst\u00e4nde immer organisiert sind. Zudem verf\u00fcgt die Tasche \u00fcber ein spezielles Laptopfach f\u00fcr Laptops bis 16 Zoll und eine Manschette, mit der sich der Rucksack sicher auf all unseren Koffern befestigen l\u00e4sst.<\/p>\n\n\n\n<p><\/p>\n","protected":false},"excerpt":{"rendered":"<p><span data-sheets-root=\"1\">Lernen Sie den perfekten Rucksack f\u00fcr jedes Wetter kennen. Der Active sorgt dank seines wasserabweisenden Designs daf\u00fcr, dass Ihre Sachen vollst\u00e4ndig gesch\u00fctzt sind. Der Rucksack ist aus unseren hochwertigen, umweltfreundlichen Materialien perfekt gestaltet. Der Active ist luxuri\u00f6s und f\u00fcr alle Umst\u00e4nde geeignet. Im Inneren finden Sie ger\u00e4umige F\u00e4cher mit zus\u00e4tzlichen Aufbewahrungsm\u00f6glichkeiten, sodass Ihre wichtigsten Gegenst\u00e4nde immer organisiert sind. Die Tasche verf\u00fcgt au\u00dferdem \u00fcber ein spezielles Laptopfach f\u00fcr jeden Laptop bis 16 Zoll und eine Manschette, die daf\u00fcr sorgt, dass die Tasche auf alle unsere Koffer passt.<\/span><\/p>\n","protected":false},"featured_media":345719,"template":"","meta":{"_acf_changed":false,"footnotes":""},"product_brand":[],"product_cat":[357],"product_tag":[],"class_list":{"0":"post-322349","1":"product","2":"type-product","3":"status-publish","4":"has-post-thumbnail","6":"product_cat-rucksack-active","8":"first","9":"instock","10":"taxable","11":"shipping-taxable","12":"purchasable","13":"product-type-simple"},"composite_virtual":false,"composite_layout":"","composite_add_to_cart_form_location":"","composite_editable_in_cart":false,"composite_sold_individually_context":"","composite_shop_price_calc":"","composite_components":[],"composite_scenarios":[],"acf":[],"yoast_head":"<!-- This site is optimized with the Yoast SEO Premium plugin v27.1 (Yoast SEO v27.3) - https:\/\/yoast.com\/product\/yoast-seo-premium-wordpress\/ -->\n<title>Rucksack Schwarz kaufen? Rucksack f\u00fcr Damen und Herren<\/title>\n<meta name=\"description\" content=\"Entdecken Sie den schwarzen Rucksack von NORTVI \u2013 ein nachhaltiger Rucksack, der Stil und Funktionalit\u00e4t f\u00fcr den Alltag vereint.\" \/>\n<meta name=\"robots\" content=\"index, follow, max-snippet:-1, max-image-preview:large, max-video-preview:-1\" \/>\n<link rel=\"canonical\" href=\"https:\/\/nortvi.com\/de\/produkt\/active-backpack-midnight-black\/\" \/>\n<meta property=\"og:locale\" content=\"de_DE\" \/>\n<meta property=\"og:type\" content=\"article\" \/>\n<meta property=\"og:title\" content=\"Active Backpack Midnight Black\" \/>\n<meta property=\"og:description\" content=\"Entdecken Sie den schwarzen Rucksack von NORTVI \u2013 ein nachhaltiger Rucksack, der Stil und Funktionalit\u00e4t f\u00fcr den Alltag vereint.\" \/>\n<meta property=\"og:url\" content=\"https:\/\/nortvi.com\/de\/produkt\/active-backpack-midnight-black\/\" \/>\n<meta property=\"og:site_name\" content=\"NORTVI\" \/>\n<meta property=\"article:modified_time\" content=\"2026-04-01T14:19:06+00:00\" \/>\n<meta property=\"og:image\" content=\"https:\/\/nortvi.com\/wp-content\/uploads\/2024\/12\/rugzak-active-midnight-black-voorkant-2-scaled.jpg\" \/>\n\t<meta property=\"og:image:width\" content=\"3840\" \/>\n\t<meta property=\"og:image:height\" content=\"3840\" \/>\n\t<meta property=\"og:image:type\" content=\"image\/jpeg\" \/>\n<meta name=\"twitter:card\" content=\"summary_large_image\" \/>\n<meta name=\"twitter:label1\" content=\"Preis\" \/>\n\t<meta name=\"twitter:data1\" content=\"&euro;159.00\" \/>\n\t<meta name=\"twitter:label2\" content=\"Verf\u00fcgbarkeit\" \/>\n\t<meta name=\"twitter:data2\" content=\"Auf Lager\" \/>\n<script type=\"application\/ld+json\" class=\"yoast-schema-graph\">{\"@context\":\"https:\\\/\\\/schema.org\",\"@graph\":[{\"@type\":\"WebPage\",\"@id\":\"https:\\\/\\\/nortvi.com\\\/de\\\/produkt\\\/active-backpack-midnight-black\\\/\",\"url\":\"https:\\\/\\\/nortvi.com\\\/de\\\/produkt\\\/active-backpack-midnight-black\\\/\",\"name\":\"Rucksack Schwarz kaufen? Rucksack f\u00fcr Damen und Herren\",\"isPartOf\":{\"@id\":\"https:\\\/\\\/nortvi.com\\\/de\\\/#website\"},\"primaryImageOfPage\":{\"@id\":\"https:\\\/\\\/nortvi.com\\\/de\\\/produkt\\\/active-backpack-midnight-black\\\/#primaryimage\"},\"image\":{\"@id\":\"https:\\\/\\\/nortvi.com\\\/de\\\/produkt\\\/active-backpack-midnight-black\\\/#primaryimage\"},\"thumbnailUrl\":\"https:\\\/\\\/nortvi.com\\\/wp-content\\\/uploads\\\/2024\\\/12\\\/rugzak-active-midnight-black-voorkant-2-scaled.jpg\",\"datePublished\":\"2024-12-19T08:30:09+00:00\",\"dateModified\":\"2026-04-01T14:19:06+00:00\",\"description\":\"Entdecken Sie den schwarzen Rucksack von NORTVI \u2013 ein nachhaltiger Rucksack, der Stil und Funktionalit\u00e4t f\u00fcr den Alltag vereint.\",\"breadcrumb\":{\"@id\":\"https:\\\/\\\/nortvi.com\\\/de\\\/produkt\\\/active-backpack-midnight-black\\\/#breadcrumb\"},\"inLanguage\":\"de\",\"potentialAction\":[{\"@type\":\"ReadAction\",\"target\":[\"https:\\\/\\\/nortvi.com\\\/de\\\/produkt\\\/active-backpack-midnight-black\\\/\"]}]},{\"@type\":\"ImageObject\",\"inLanguage\":\"de\",\"@id\":\"https:\\\/\\\/nortvi.com\\\/de\\\/produkt\\\/active-backpack-midnight-black\\\/#primaryimage\",\"url\":\"https:\\\/\\\/nortvi.com\\\/wp-content\\\/uploads\\\/2024\\\/12\\\/rugzak-active-midnight-black-voorkant-2-scaled.jpg\",\"contentUrl\":\"https:\\\/\\\/nortvi.com\\\/wp-content\\\/uploads\\\/2024\\\/12\\\/rugzak-active-midnight-black-voorkant-2-scaled.jpg\",\"width\":3840,\"height\":3840},{\"@type\":\"BreadcrumbList\",\"@id\":\"https:\\\/\\\/nortvi.com\\\/de\\\/produkt\\\/active-backpack-midnight-black\\\/#breadcrumb\",\"itemListElement\":[{\"@type\":\"ListItem\",\"position\":1,\"name\":\"Home\",\"item\":\"https:\\\/\\\/nortvi.com\\\/de\\\/\"},{\"@type\":\"ListItem\",\"position\":2,\"name\":\"Shop\",\"item\":\"https:\\\/\\\/nortvi.com\\\/de\\\/shop\\\/\"},{\"@type\":\"ListItem\",\"position\":3,\"name\":\"Taschen\",\"item\":\"https:\\\/\\\/nortvi.com\\\/de\\\/taschen\\\/\"},{\"@type\":\"ListItem\",\"position\":4,\"name\":\"Rucksack Active\",\"item\":\"https:\\\/\\\/nortvi.com\\\/de\\\/taschen\\\/rucksack-active\\\/\"},{\"@type\":\"ListItem\",\"position\":5,\"name\":\"Active Backpack Midnight Black\"}]},{\"@type\":\"WebSite\",\"@id\":\"https:\\\/\\\/nortvi.com\\\/de\\\/#website\",\"url\":\"https:\\\/\\\/nortvi.com\\\/de\\\/\",\"name\":\"NORTVI\",\"description\":\"Sustainable travel gear\",\"publisher\":{\"@id\":\"https:\\\/\\\/nortvi.com\\\/de\\\/#organization\"},\"potentialAction\":[{\"@type\":\"SearchAction\",\"target\":{\"@type\":\"EntryPoint\",\"urlTemplate\":\"https:\\\/\\\/nortvi.com\\\/de\\\/?s={search_term_string}\"},\"query-input\":{\"@type\":\"PropertyValueSpecification\",\"valueRequired\":true,\"valueName\":\"search_term_string\"}}],\"inLanguage\":\"de\"},{\"@type\":\"Organization\",\"@id\":\"https:\\\/\\\/nortvi.com\\\/de\\\/#organization\",\"name\":\"NORTVI\",\"url\":\"https:\\\/\\\/nortvi.com\\\/de\\\/\",\"logo\":{\"@type\":\"ImageObject\",\"inLanguage\":\"de\",\"@id\":\"https:\\\/\\\/nortvi.com\\\/de\\\/#\\\/schema\\\/logo\\\/image\\\/\",\"url\":\"https:\\\/\\\/nortvi.com\\\/wp-content\\\/uploads\\\/2023\\\/09\\\/cropped-logo-footer.png\",\"contentUrl\":\"https:\\\/\\\/nortvi.com\\\/wp-content\\\/uploads\\\/2023\\\/09\\\/cropped-logo-footer.png\",\"width\":300,\"height\":46,\"caption\":\"NORTVI\"},\"image\":{\"@id\":\"https:\\\/\\\/nortvi.com\\\/de\\\/#\\\/schema\\\/logo\\\/image\\\/\"},\"sameAs\":[\"https:\\\/\\\/www.instagram.com\\\/nortvi\\\/\"]}]}<\/script>\n<meta property=\"product:price:amount\" content=\"159.00\" \/>\n<meta property=\"product:price:currency\" content=\"EUR\" \/>\n<meta property=\"og:availability\" content=\"instock\" \/>\n<meta property=\"product:availability\" content=\"instock\" \/>\n<meta property=\"product:retailer_item_id\" content=\"8720618379771\" \/>\n<meta property=\"product:condition\" content=\"new\" \/>\n<!-- \/ Yoast SEO Premium plugin. -->","yoast_head_json":{"title":"Rucksack Schwarz kaufen? Rucksack f\u00fcr Damen und Herren","description":"Entdecken Sie den schwarzen Rucksack von NORTVI \u2013 ein nachhaltiger Rucksack, der Stil und Funktionalit\u00e4t f\u00fcr den Alltag vereint.","robots":{"index":"index","follow":"follow","max-snippet":"max-snippet:-1","max-image-preview":"max-image-preview:large","max-video-preview":"max-video-preview:-1"},"canonical":"https:\/\/nortvi.com\/de\/produkt\/active-backpack-midnight-black\/","og_locale":"de_DE","og_type":"article","og_title":"Active Backpack Midnight Black","og_description":"Entdecken Sie den schwarzen Rucksack von NORTVI \u2013 ein nachhaltiger Rucksack, der Stil und Funktionalit\u00e4t f\u00fcr den Alltag vereint.","og_url":"https:\/\/nortvi.com\/de\/produkt\/active-backpack-midnight-black\/","og_site_name":"NORTVI","article_modified_time":"2026-04-01T14:19:06+00:00","og_image":[{"width":3840,"height":3840,"url":"https:\/\/nortvi.com\/wp-content\/uploads\/2024\/12\/rugzak-active-midnight-black-voorkant-2-scaled.jpg","type":"image\/jpeg"}],"twitter_card":"summary_large_image","twitter_misc":{"Preis":"&euro;159.00","Verf\u00fcgbarkeit":"Auf Lager"},"schema":{"@context":"https:\/\/schema.org","@graph":[{"@type":"WebPage","@id":"https:\/\/nortvi.com\/de\/produkt\/active-backpack-midnight-black\/","url":"https:\/\/nortvi.com\/de\/produkt\/active-backpack-midnight-black\/","name":"Rucksack Schwarz kaufen? Rucksack f\u00fcr Damen und Herren","isPartOf":{"@id":"https:\/\/nortvi.com\/de\/#website"},"primaryImageOfPage":{"@id":"https:\/\/nortvi.com\/de\/produkt\/active-backpack-midnight-black\/#primaryimage"},"image":{"@id":"https:\/\/nortvi.com\/de\/produkt\/active-backpack-midnight-black\/#primaryimage"},"thumbnailUrl":"https:\/\/nortvi.com\/wp-content\/uploads\/2024\/12\/rugzak-active-midnight-black-voorkant-2-scaled.jpg","datePublished":"2024-12-19T08:30:09+00:00","dateModified":"2026-04-01T14:19:06+00:00","description":"Entdecken Sie den schwarzen Rucksack von NORTVI \u2013 ein nachhaltiger Rucksack, der Stil und Funktionalit\u00e4t f\u00fcr den Alltag vereint.","breadcrumb":{"@id":"https:\/\/nortvi.com\/de\/produkt\/active-backpack-midnight-black\/#breadcrumb"},"inLanguage":"de","potentialAction":[{"@type":"ReadAction","target":["https:\/\/nortvi.com\/de\/produkt\/active-backpack-midnight-black\/"]}]},{"@type":"ImageObject","inLanguage":"de","@id":"https:\/\/nortvi.com\/de\/produkt\/active-backpack-midnight-black\/#primaryimage","url":"https:\/\/nortvi.com\/wp-content\/uploads\/2024\/12\/rugzak-active-midnight-black-voorkant-2-scaled.jpg","contentUrl":"https:\/\/nortvi.com\/wp-content\/uploads\/2024\/12\/rugzak-active-midnight-black-voorkant-2-scaled.jpg","width":3840,"height":3840},{"@type":"BreadcrumbList","@id":"https:\/\/nortvi.com\/de\/produkt\/active-backpack-midnight-black\/#breadcrumb","itemListElement":[{"@type":"ListItem","position":1,"name":"Home","item":"https:\/\/nortvi.com\/de\/"},{"@type":"ListItem","position":2,"name":"Shop","item":"https:\/\/nortvi.com\/de\/shop\/"},{"@type":"ListItem","position":3,"name":"Taschen","item":"https:\/\/nortvi.com\/de\/taschen\/"},{"@type":"ListItem","position":4,"name":"Rucksack Active","item":"https:\/\/nortvi.com\/de\/taschen\/rucksack-active\/"},{"@type":"ListItem","position":5,"name":"Active Backpack Midnight Black"}]},{"@type":"WebSite","@id":"https:\/\/nortvi.com\/de\/#website","url":"https:\/\/nortvi.com\/de\/","name":"NORTVI","description":"Sustainable travel gear","publisher":{"@id":"https:\/\/nortvi.com\/de\/#organization"},"potentialAction":[{"@type":"SearchAction","target":{"@type":"EntryPoint","urlTemplate":"https:\/\/nortvi.com\/de\/?s={search_term_string}"},"query-input":{"@type":"PropertyValueSpecification","valueRequired":true,"valueName":"search_term_string"}}],"inLanguage":"de"},{"@type":"Organization","@id":"https:\/\/nortvi.com\/de\/#organization","name":"NORTVI","url":"https:\/\/nortvi.com\/de\/","logo":{"@type":"ImageObject","inLanguage":"de","@id":"https:\/\/nortvi.com\/de\/#\/schema\/logo\/image\/","url":"https:\/\/nortvi.com\/wp-content\/uploads\/2023\/09\/cropped-logo-footer.png","contentUrl":"https:\/\/nortvi.com\/wp-content\/uploads\/2023\/09\/cropped-logo-footer.png","width":300,"height":46,"caption":"NORTVI"},"image":{"@id":"https:\/\/nortvi.com\/de\/#\/schema\/logo\/image\/"},"sameAs":["https:\/\/www.instagram.com\/nortvi\/"]}]},"product_price_amount":"159.00","product_price_currency":"EUR","og_availability":"instock","product_availability":"instock","product_retailer_item_id":"8720618379771","product_condition":"new"},"_links":{"self":[{"href":"https:\/\/nortvi.com\/de\/wp-json\/wp\/v2\/product\/322349","targetHints":{"allow":["GET"]}}],"collection":[{"href":"https:\/\/nortvi.com\/de\/wp-json\/wp\/v2\/product"}],"about":[{"href":"https:\/\/nortvi.com\/de\/wp-json\/wp\/v2\/types\/product"}],"version-history":[{"count":0,"href":"https:\/\/nortvi.com\/de\/wp-json\/wp\/v2\/product\/322349\/revisions"}],"wp:featuredmedia":[{"embeddable":true,"href":"https:\/\/nortvi.com\/de\/wp-json\/wp\/v2\/media\/345719"}],"wp:attachment":[{"href":"https:\/\/nortvi.com\/de\/wp-json\/wp\/v2\/media?parent=322349"}],"wp:term":[{"taxonomy":"product_brand","embeddable":true,"href":"https:\/\/nortvi.com\/de\/wp-json\/wp\/v2\/product_brand?post=322349"},{"taxonomy":"product_cat","embeddable":true,"href":"https:\/\/nortvi.com\/de\/wp-json\/wp\/v2\/product_cat?post=322349"},{"taxonomy":"product_tag","embeddable":true,"href":"https:\/\/nortvi.com\/de\/wp-json\/wp\/v2\/product_tag?post=322349"}],"curies":[{"name":"wp","href":"https:\/\/api.w.org\/{rel}","templated":true}]}}