{"id":321044,"date":"2024-12-11T13:11:37","date_gmt":"2024-12-11T12:11:38","guid":{"rendered":"https:\/\/nortvi.com\/?post_type=product&#038;p=321044"},"modified":"2025-02-07T12:24:09","modified_gmt":"2025-02-07T11:24:09","slug":"explorer-backpack-midnight-black","status":"publish","type":"product","link":"https:\/\/nortvi.com\/de\/produkt\/explorer-backpack-midnight-black\/","title":{"rendered":"Explorer Backpack Midnight Black"},"content":{"rendered":"\n<p>Reisen Sie luxuri\u00f6s und entspannt mit unserem Explorer-Rucksack. Der perfekte Allrounder f\u00fcr jedes Abenteuer. Dieser aus hochwertigen Materialien und Zubeh\u00f6r gefertigte Rucksack ist wasserabweisend und verf\u00fcgt \u00fcber zwei Vordertaschen, sodass Sie auf Ihre wichtigsten Sachen zugreifen k\u00f6nnen, ohne die gesamte Tasche \u00f6ffnen zu m\u00fcssen. Im Inneren finden Sie zwei gro\u00dfe F\u00e4cher mit mehreren Aufbewahrungsm\u00f6glichkeiten f\u00fcr eine einfache Organisation sowie ein sch\u00fctzendes Laptopfach, das bequem Platz f\u00fcr jeden Laptop bis zu 17 Zoll bietet.<\/p>\n\n\n\n<p><\/p>\n","protected":false},"excerpt":{"rendered":"<p><span data-sheets-root=\"1\">Reisen Sie luxuri\u00f6s und entspannt mit unserem Explorer-Rucksack. Der perfekte Allrounder f\u00fcr jedes Abenteuer. Dieser aus hochwertigen Materialien und Zubeh\u00f6r gefertigte Rucksack ist wasserabweisend und verf\u00fcgt \u00fcber zwei Vordertaschen, sodass Sie auf Ihre wichtigsten Sachen zugreifen k\u00f6nnen, ohne die gesamte Tasche \u00f6ffnen zu m\u00fcssen. Im Inneren finden Sie zwei gro\u00dfe F\u00e4cher mit mehreren Aufbewahrungsm\u00f6glichkeiten f\u00fcr eine einfache Organisation sowie ein sch\u00fctzendes Laptopfach, das bequem Platz f\u00fcr jeden Laptop bis zu 17 Zoll bietet.<\/span><\/p>\n","protected":false},"featured_media":345729,"template":"","meta":{"_acf_changed":false,"footnotes":""},"product_brand":[],"product_cat":[352],"product_tag":[],"class_list":{"0":"post-321044","1":"product","2":"type-product","3":"status-publish","4":"has-post-thumbnail","6":"product_cat-rucksack-explorer","8":"first","9":"instock","10":"taxable","11":"shipping-taxable","12":"purchasable","13":"product-type-simple"},"composite_virtual":false,"composite_layout":"","composite_add_to_cart_form_location":"","composite_editable_in_cart":false,"composite_sold_individually_context":"","composite_shop_price_calc":"","composite_components":[],"composite_scenarios":[],"acf":[],"yoast_head":"<!-- This site is optimized with the Yoast SEO Premium plugin v27.1 (Yoast SEO v27.3) - https:\/\/yoast.com\/product\/yoast-seo-premium-wordpress\/ -->\n<title>Reiserucksack Schwarz kaufen? Rucksack f\u00fcr Damen und Herren<\/title>\n<meta name=\"description\" content=\"Entdecken Sie den schwarzen Reiserucksack von NORTVI \u2013 nachhaltig, stilvoll und funktional f\u00fcr Alltag und Reise. Der beste Rucksack f\u00fcr Damen und Herren.\" \/>\n<meta name=\"robots\" content=\"index, follow, max-snippet:-1, max-image-preview:large, max-video-preview:-1\" \/>\n<link rel=\"canonical\" href=\"https:\/\/nortvi.com\/de\/produkt\/explorer-backpack-midnight-black\/\" \/>\n<meta property=\"og:locale\" content=\"de_DE\" \/>\n<meta property=\"og:type\" content=\"article\" \/>\n<meta property=\"og:title\" content=\"Explorer Backpack Midnight Black\" \/>\n<meta property=\"og:description\" content=\"Entdecken Sie den schwarzen Reiserucksack von NORTVI \u2013 nachhaltig, stilvoll und funktional f\u00fcr Alltag und Reise. Der beste Rucksack f\u00fcr Damen und Herren.\" \/>\n<meta property=\"og:url\" content=\"https:\/\/nortvi.com\/de\/produkt\/explorer-backpack-midnight-black\/\" \/>\n<meta property=\"og:site_name\" content=\"NORTVI\" \/>\n<meta property=\"article:modified_time\" content=\"2025-02-07T11:24:09+00:00\" \/>\n<meta property=\"og:image\" content=\"https:\/\/nortvi.com\/wp-content\/uploads\/2024\/12\/Explorer-NORTVI-black-front-1024x1024.png\" \/>\n\t<meta property=\"og:image:width\" content=\"1024\" \/>\n\t<meta property=\"og:image:height\" content=\"1024\" \/>\n\t<meta property=\"og:image:type\" content=\"image\/png\" \/>\n<meta name=\"twitter:card\" content=\"summary_large_image\" \/>\n<meta name=\"twitter:label1\" content=\"Preis\" \/>\n\t<meta name=\"twitter:data1\" content=\"&euro;199.00\" \/>\n\t<meta name=\"twitter:label2\" content=\"Verf\u00fcgbarkeit\" \/>\n\t<meta name=\"twitter:data2\" content=\"Auf Lager\" \/>\n<script type=\"application\/ld+json\" class=\"yoast-schema-graph\">{\"@context\":\"https:\\\/\\\/schema.org\",\"@graph\":[{\"@type\":\"WebPage\",\"@id\":\"https:\\\/\\\/nortvi.com\\\/de\\\/produkt\\\/explorer-backpack-midnight-black\\\/\",\"url\":\"https:\\\/\\\/nortvi.com\\\/de\\\/produkt\\\/explorer-backpack-midnight-black\\\/\",\"name\":\"Reiserucksack Schwarz kaufen? Rucksack f\u00fcr Damen und Herren\",\"isPartOf\":{\"@id\":\"https:\\\/\\\/nortvi.com\\\/de\\\/#website\"},\"primaryImageOfPage\":{\"@id\":\"https:\\\/\\\/nortvi.com\\\/de\\\/produkt\\\/explorer-backpack-midnight-black\\\/#primaryimage\"},\"image\":{\"@id\":\"https:\\\/\\\/nortvi.com\\\/de\\\/produkt\\\/explorer-backpack-midnight-black\\\/#primaryimage\"},\"thumbnailUrl\":\"https:\\\/\\\/nortvi.com\\\/wp-content\\\/uploads\\\/2024\\\/12\\\/rugzak-explorer-midnight-black-voorkant-2-scaled.jpg\",\"datePublished\":\"2024-12-11T12:11:38+00:00\",\"dateModified\":\"2025-02-07T11:24:09+00:00\",\"description\":\"Entdecken Sie den schwarzen Reiserucksack von NORTVI \u2013 nachhaltig, stilvoll und funktional f\u00fcr Alltag und Reise. Der beste Rucksack f\u00fcr Damen und Herren.\",\"breadcrumb\":{\"@id\":\"https:\\\/\\\/nortvi.com\\\/de\\\/produkt\\\/explorer-backpack-midnight-black\\\/#breadcrumb\"},\"inLanguage\":\"de\",\"potentialAction\":[{\"@type\":\"ReadAction\",\"target\":[\"https:\\\/\\\/nortvi.com\\\/de\\\/produkt\\\/explorer-backpack-midnight-black\\\/\"]}]},{\"@type\":\"ImageObject\",\"inLanguage\":\"de\",\"@id\":\"https:\\\/\\\/nortvi.com\\\/de\\\/produkt\\\/explorer-backpack-midnight-black\\\/#primaryimage\",\"url\":\"https:\\\/\\\/nortvi.com\\\/wp-content\\\/uploads\\\/2024\\\/12\\\/rugzak-explorer-midnight-black-voorkant-2-scaled.jpg\",\"contentUrl\":\"https:\\\/\\\/nortvi.com\\\/wp-content\\\/uploads\\\/2024\\\/12\\\/rugzak-explorer-midnight-black-voorkant-2-scaled.jpg\",\"width\":3840,\"height\":3840},{\"@type\":\"BreadcrumbList\",\"@id\":\"https:\\\/\\\/nortvi.com\\\/de\\\/produkt\\\/explorer-backpack-midnight-black\\\/#breadcrumb\",\"itemListElement\":[{\"@type\":\"ListItem\",\"position\":1,\"name\":\"Home\",\"item\":\"https:\\\/\\\/nortvi.com\\\/de\\\/\"},{\"@type\":\"ListItem\",\"position\":2,\"name\":\"Shop\",\"item\":\"https:\\\/\\\/nortvi.com\\\/de\\\/shop\\\/\"},{\"@type\":\"ListItem\",\"position\":3,\"name\":\"Taschen\",\"item\":\"https:\\\/\\\/nortvi.com\\\/de\\\/taschen\\\/\"},{\"@type\":\"ListItem\",\"position\":4,\"name\":\"Rucksack Explorer\",\"item\":\"https:\\\/\\\/nortvi.com\\\/de\\\/taschen\\\/rucksack-explorer\\\/\"},{\"@type\":\"ListItem\",\"position\":5,\"name\":\"Explorer Backpack Midnight Black\"}]},{\"@type\":\"WebSite\",\"@id\":\"https:\\\/\\\/nortvi.com\\\/de\\\/#website\",\"url\":\"https:\\\/\\\/nortvi.com\\\/de\\\/\",\"name\":\"NORTVI\",\"description\":\"Sustainable travel gear\",\"publisher\":{\"@id\":\"https:\\\/\\\/nortvi.com\\\/de\\\/#organization\"},\"potentialAction\":[{\"@type\":\"SearchAction\",\"target\":{\"@type\":\"EntryPoint\",\"urlTemplate\":\"https:\\\/\\\/nortvi.com\\\/de\\\/?s={search_term_string}\"},\"query-input\":{\"@type\":\"PropertyValueSpecification\",\"valueRequired\":true,\"valueName\":\"search_term_string\"}}],\"inLanguage\":\"de\"},{\"@type\":\"Organization\",\"@id\":\"https:\\\/\\\/nortvi.com\\\/de\\\/#organization\",\"name\":\"NORTVI\",\"url\":\"https:\\\/\\\/nortvi.com\\\/de\\\/\",\"logo\":{\"@type\":\"ImageObject\",\"inLanguage\":\"de\",\"@id\":\"https:\\\/\\\/nortvi.com\\\/de\\\/#\\\/schema\\\/logo\\\/image\\\/\",\"url\":\"https:\\\/\\\/nortvi.com\\\/wp-content\\\/uploads\\\/2023\\\/09\\\/cropped-logo-footer.png\",\"contentUrl\":\"https:\\\/\\\/nortvi.com\\\/wp-content\\\/uploads\\\/2023\\\/09\\\/cropped-logo-footer.png\",\"width\":300,\"height\":46,\"caption\":\"NORTVI\"},\"image\":{\"@id\":\"https:\\\/\\\/nortvi.com\\\/de\\\/#\\\/schema\\\/logo\\\/image\\\/\"},\"sameAs\":[\"https:\\\/\\\/www.instagram.com\\\/nortvi\\\/\"]}]}<\/script>\n<meta property=\"product:price:amount\" content=\"199.00\" \/>\n<meta property=\"product:price:currency\" content=\"EUR\" \/>\n<meta property=\"og:availability\" content=\"instock\" \/>\n<meta property=\"product:availability\" content=\"instock\" \/>\n<meta property=\"product:retailer_item_id\" content=\"8720618379795\" \/>\n<meta property=\"product:condition\" content=\"new\" \/>\n<!-- \/ Yoast SEO Premium plugin. -->","yoast_head_json":{"title":"Reiserucksack Schwarz kaufen? Rucksack f\u00fcr Damen und Herren","description":"Entdecken Sie den schwarzen Reiserucksack von NORTVI \u2013 nachhaltig, stilvoll und funktional f\u00fcr Alltag und Reise. Der beste Rucksack f\u00fcr Damen und Herren.","robots":{"index":"index","follow":"follow","max-snippet":"max-snippet:-1","max-image-preview":"max-image-preview:large","max-video-preview":"max-video-preview:-1"},"canonical":"https:\/\/nortvi.com\/de\/produkt\/explorer-backpack-midnight-black\/","og_locale":"de_DE","og_type":"article","og_title":"Explorer Backpack Midnight Black","og_description":"Entdecken Sie den schwarzen Reiserucksack von NORTVI \u2013 nachhaltig, stilvoll und funktional f\u00fcr Alltag und Reise. Der beste Rucksack f\u00fcr Damen und Herren.","og_url":"https:\/\/nortvi.com\/de\/produkt\/explorer-backpack-midnight-black\/","og_site_name":"NORTVI","article_modified_time":"2025-02-07T11:24:09+00:00","og_image":[{"width":1024,"height":1024,"url":"https:\/\/nortvi.com\/wp-content\/uploads\/2024\/12\/Explorer-NORTVI-black-front-1024x1024.png","type":"image\/png"}],"twitter_card":"summary_large_image","twitter_misc":{"Preis":"&euro;199.00","Verf\u00fcgbarkeit":"Auf Lager"},"schema":{"@context":"https:\/\/schema.org","@graph":[{"@type":"WebPage","@id":"https:\/\/nortvi.com\/de\/produkt\/explorer-backpack-midnight-black\/","url":"https:\/\/nortvi.com\/de\/produkt\/explorer-backpack-midnight-black\/","name":"Reiserucksack Schwarz kaufen? Rucksack f\u00fcr Damen und Herren","isPartOf":{"@id":"https:\/\/nortvi.com\/de\/#website"},"primaryImageOfPage":{"@id":"https:\/\/nortvi.com\/de\/produkt\/explorer-backpack-midnight-black\/#primaryimage"},"image":{"@id":"https:\/\/nortvi.com\/de\/produkt\/explorer-backpack-midnight-black\/#primaryimage"},"thumbnailUrl":"https:\/\/nortvi.com\/wp-content\/uploads\/2024\/12\/rugzak-explorer-midnight-black-voorkant-2-scaled.jpg","datePublished":"2024-12-11T12:11:38+00:00","dateModified":"2025-02-07T11:24:09+00:00","description":"Entdecken Sie den schwarzen Reiserucksack von NORTVI \u2013 nachhaltig, stilvoll und funktional f\u00fcr Alltag und Reise. Der beste Rucksack f\u00fcr Damen und Herren.","breadcrumb":{"@id":"https:\/\/nortvi.com\/de\/produkt\/explorer-backpack-midnight-black\/#breadcrumb"},"inLanguage":"de","potentialAction":[{"@type":"ReadAction","target":["https:\/\/nortvi.com\/de\/produkt\/explorer-backpack-midnight-black\/"]}]},{"@type":"ImageObject","inLanguage":"de","@id":"https:\/\/nortvi.com\/de\/produkt\/explorer-backpack-midnight-black\/#primaryimage","url":"https:\/\/nortvi.com\/wp-content\/uploads\/2024\/12\/rugzak-explorer-midnight-black-voorkant-2-scaled.jpg","contentUrl":"https:\/\/nortvi.com\/wp-content\/uploads\/2024\/12\/rugzak-explorer-midnight-black-voorkant-2-scaled.jpg","width":3840,"height":3840},{"@type":"BreadcrumbList","@id":"https:\/\/nortvi.com\/de\/produkt\/explorer-backpack-midnight-black\/#breadcrumb","itemListElement":[{"@type":"ListItem","position":1,"name":"Home","item":"https:\/\/nortvi.com\/de\/"},{"@type":"ListItem","position":2,"name":"Shop","item":"https:\/\/nortvi.com\/de\/shop\/"},{"@type":"ListItem","position":3,"name":"Taschen","item":"https:\/\/nortvi.com\/de\/taschen\/"},{"@type":"ListItem","position":4,"name":"Rucksack Explorer","item":"https:\/\/nortvi.com\/de\/taschen\/rucksack-explorer\/"},{"@type":"ListItem","position":5,"name":"Explorer Backpack Midnight Black"}]},{"@type":"WebSite","@id":"https:\/\/nortvi.com\/de\/#website","url":"https:\/\/nortvi.com\/de\/","name":"NORTVI","description":"Sustainable travel gear","publisher":{"@id":"https:\/\/nortvi.com\/de\/#organization"},"potentialAction":[{"@type":"SearchAction","target":{"@type":"EntryPoint","urlTemplate":"https:\/\/nortvi.com\/de\/?s={search_term_string}"},"query-input":{"@type":"PropertyValueSpecification","valueRequired":true,"valueName":"search_term_string"}}],"inLanguage":"de"},{"@type":"Organization","@id":"https:\/\/nortvi.com\/de\/#organization","name":"NORTVI","url":"https:\/\/nortvi.com\/de\/","logo":{"@type":"ImageObject","inLanguage":"de","@id":"https:\/\/nortvi.com\/de\/#\/schema\/logo\/image\/","url":"https:\/\/nortvi.com\/wp-content\/uploads\/2023\/09\/cropped-logo-footer.png","contentUrl":"https:\/\/nortvi.com\/wp-content\/uploads\/2023\/09\/cropped-logo-footer.png","width":300,"height":46,"caption":"NORTVI"},"image":{"@id":"https:\/\/nortvi.com\/de\/#\/schema\/logo\/image\/"},"sameAs":["https:\/\/www.instagram.com\/nortvi\/"]}]},"product_price_amount":"199.00","product_price_currency":"EUR","og_availability":"instock","product_availability":"instock","product_retailer_item_id":"8720618379795","product_condition":"new"},"_links":{"self":[{"href":"https:\/\/nortvi.com\/de\/wp-json\/wp\/v2\/product\/321044","targetHints":{"allow":["GET"]}}],"collection":[{"href":"https:\/\/nortvi.com\/de\/wp-json\/wp\/v2\/product"}],"about":[{"href":"https:\/\/nortvi.com\/de\/wp-json\/wp\/v2\/types\/product"}],"version-history":[{"count":0,"href":"https:\/\/nortvi.com\/de\/wp-json\/wp\/v2\/product\/321044\/revisions"}],"wp:featuredmedia":[{"embeddable":true,"href":"https:\/\/nortvi.com\/de\/wp-json\/wp\/v2\/media\/345729"}],"wp:attachment":[{"href":"https:\/\/nortvi.com\/de\/wp-json\/wp\/v2\/media?parent=321044"}],"wp:term":[{"taxonomy":"product_brand","embeddable":true,"href":"https:\/\/nortvi.com\/de\/wp-json\/wp\/v2\/product_brand?post=321044"},{"taxonomy":"product_cat","embeddable":true,"href":"https:\/\/nortvi.com\/de\/wp-json\/wp\/v2\/product_cat?post=321044"},{"taxonomy":"product_tag","embeddable":true,"href":"https:\/\/nortvi.com\/de\/wp-json\/wp\/v2\/product_tag?post=321044"}],"curies":[{"name":"wp","href":"https:\/\/api.w.org\/{rel}","templated":true}]}}